{"id":5850,"date":"2022-09-26T16:27:41","date_gmt":"2022-09-26T09:27:41","guid":{"rendered":"https:\/\/quatang5sao.com\/?post_type=product&#038;p=5850"},"modified":"2022-09-26T16:27:42","modified_gmt":"2022-09-26T09:27:42","slug":"but-bi-go","status":"publish","type":"product","link":"https:\/\/quatang5sao.com\/en\/but-bi-go\/","title":{"rendered":"B\u00fat bi g\u1ed7"},"content":{"rendered":"<h2>B\u00fat bi g\u1ed7 in logo theo y\u00eau c\u1ea7u<\/h2>\n<table class=\"table table-hover table-striped\">\n<tbody>\n<tr>\n<th width=\"160\"><strong>T\u00ean d\u1ecbch v\u1ee5:<\/strong><\/th>\n<td width=\"479\"><em>S\u1ea3n xu\u1ea5t, B\u00fat bi g\u1ed7 in logo theo y\u00eau c\u1ea7u<\/em><\/td>\n<\/tr>\n<tr>\n<th width=\"160\"><strong>B\u00fat bi g\u1ed7 b\u1eb1ng ti\u1ebfng Anh:<\/strong><\/th>\n<td width=\"479\"><em>wooden pen<\/em><\/td>\n<\/tr>\n<tr>\n<th width=\"160\"><strong>Ch\u1ea5t li\u1ec7u:<\/strong><\/th>\n<td width=\"479\"><em>Th\u00e2n g\u1ed7; M\u1ef1c xanh<\/em><\/td>\n<\/tr>\n<tr>\n<th width=\"160\"><strong>K\u00edch th\u01b0\u1edbc b\u00fat:<\/strong><\/th>\n<td width=\"479\"><em>D\u00e0i 14.3cm<\/em><\/td>\n<\/tr>\n<tr>\n<th width=\"160\"><strong>K\u00edch th\u01b0\u1edbc bi:<\/strong><\/th>\n<td width=\"479\"><em>\u0110\u1ea7u bi 1.0mm<\/em><\/td>\n<\/tr>\n<tr>\n<th width=\"160\"><strong>M\u00e0u s\u1eafc:<\/strong><\/th>\n<td width=\"479\"><em>M\u1ef1c xanh; In n\u1ed9i dung v\u00e0 logo theo y\u00eau c\u1ea7u \u2026<\/em><\/td>\n<\/tr>\n<tr>\n<th width=\"160\"><strong>Ph\u01b0\u01a1ng th\u1ee9c gia c\u00f4ng:<\/strong><\/th>\n<td width=\"479\"><em>In l\u01b0\u1edbi, in pad, in UV, kh\u1eafc laser&#8230;<\/em><\/td>\n<\/tr>\n<tr>\n<th width=\"160\"><strong>Ch\u1ee9c n\u0103ng:<\/strong><\/th>\n<td width=\"479\"><em>B\u00fat bi g\u1ed7 qu\u00e0 t\u1eb7ng, trung t\u00e2m ti\u1ebfng anh&#8230;<\/em><\/td>\n<\/tr>\n<tr>\n<th width=\"160\"><strong>\u0110\u01a1n gi\u00e1:<\/strong><\/th>\n<td width=\"479\"><em>Theo s\u1ed1 l\u01b0\u1ee3ng<\/em><\/td>\n<\/tr>\n<tr>\n<th width=\"160\"><strong>In logo theo y\u00eau c\u1ea7u:<\/strong><\/th>\n<td width=\"479\"><em>C\u00f3 th\u1ec3<\/em><\/td>\n<\/tr>\n<tr>\n<th width=\"160\"><strong>In m\u1eabu:<\/strong><\/th>\n<td width=\"479\"><em>C\u00f3 th\u1ec3 (\u0111\u01b0\u1ee3c tr\u1eeb ph\u00ed in m\u1eabu n\u1ebfu \u0111\u1eb7t h\u00e0ng gi\u1ed1ng m\u1eabu)<\/em><\/td>\n<\/tr>\n<tr>\n<th width=\"160\"><strong>Ph\u00ed thi\u1ebft k\u1ebf m\u1eabu:<\/strong><\/th>\n<td width=\"479\"><em>Mi\u1ec5n ph\u00ed<\/em><\/td>\n<\/tr>\n<tr>\n<th width=\"160\"><strong>Ph\u00ed giao h\u00e0ng:<\/strong><\/th>\n<td width=\"479\"><em>Mi\u1ec5n ph\u00ed to\u00e0n qu\u1ed1c<\/em><\/td>\n<\/tr>\n<tr>\n<th width=\"160\"><strong>Album \u1ea3nh s\u1ea3n ph\u1ea9m \u0111\u00e3 th\u1ef1c hi\u1ec7n:<\/strong><\/th>\n<td width=\"479\"><em><a href=\"https:\/\/photos.app.goo.gl\/KphaeixFcg5HsP6j9\" target=\"_blank\" rel=\"noopener\">https:\/\/photos.app.goo.gl\/KphaeixFcg5HsP6j9<\/a><\/em><\/td>\n<\/tr>\n<\/tbody>\n<\/table>\n<h2>2 &#8211; Video s\u1ea3n xu\u1ea5t<\/h2>\n<h2>3 &#8211; H\u00ecnh \u1ea3nh<\/h2>\n<figure id=\"attachment_5857\" aria-describedby=\"caption-attachment-5857\" style=\"width: 400px\" class=\"wp-caption aligncenter\"><img loading=\"lazy\" decoding=\"async\" class=\"size-medium wp-image-5857\" src=\"https:\/\/quatang5sao.com\/wp-content\/uploads\/2022\/09\/wooden-pen-logo-6_2_result-400x400.webp\" alt=\"\" width=\"400\" height=\"400\" title=\"\" srcset=\"https:\/\/quatang5sao.com\/wp-content\/uploads\/2022\/09\/wooden-pen-logo-6_2_result-400x400.webp 400w, https:\/\/quatang5sao.com\/wp-content\/uploads\/2022\/09\/wooden-pen-logo-6_2_result-800x800.webp 800w, https:\/\/quatang5sao.com\/wp-content\/uploads\/2022\/09\/wooden-pen-logo-6_2_result-280x280.webp 280w, https:\/\/quatang5sao.com\/wp-content\/uploads\/2022\/09\/wooden-pen-logo-6_2_result-768x768.webp 768w, https:\/\/quatang5sao.com\/wp-content\/uploads\/2022\/09\/wooden-pen-logo-6_2_result-12x12.webp 12w, https:\/\/quatang5sao.com\/wp-content\/uploads\/2022\/09\/wooden-pen-logo-6_2_result-247x247.webp 247w, https:\/\/quatang5sao.com\/wp-content\/uploads\/2022\/09\/wooden-pen-logo-6_2_result-510x510.webp 510w, https:\/\/quatang5sao.com\/wp-content\/uploads\/2022\/09\/wooden-pen-logo-6_2_result-100x100.webp 100w, https:\/\/quatang5sao.com\/wp-content\/uploads\/2022\/09\/wooden-pen-logo-6_2_result.webp 1000w\" sizes=\"auto, (max-width: 400px) 100vw, 400px\" \/><figcaption id=\"caption-attachment-5857\" class=\"wp-caption-text\">B\u00fat bi g\u1ed7 in logo theo y\u00eau c\u1ea7u<\/figcaption><\/figure>\n<figure id=\"attachment_5851\" aria-describedby=\"caption-attachment-5851\" style=\"width: 400px\" class=\"wp-caption aligncenter\"><img loading=\"lazy\" decoding=\"async\" class=\"size-medium wp-image-5851\" src=\"https:\/\/quatang5sao.com\/wp-content\/uploads\/2022\/09\/wooden_2_result-400x400.webp\" alt=\"B\u00fat bi g\u1ed7 in kh\u1eafc logo theo y\u00eau c\u1ea7u\" width=\"400\" height=\"400\" title=\"\" srcset=\"https:\/\/quatang5sao.com\/wp-content\/uploads\/2022\/09\/wooden_2_result-400x400.webp 400w, https:\/\/quatang5sao.com\/wp-content\/uploads\/2022\/09\/wooden_2_result-800x800.webp 800w, https:\/\/quatang5sao.com\/wp-content\/uploads\/2022\/09\/wooden_2_result-280x280.webp 280w, https:\/\/quatang5sao.com\/wp-content\/uploads\/2022\/09\/wooden_2_result-768x768.webp 768w, https:\/\/quatang5sao.com\/wp-content\/uploads\/2022\/09\/wooden_2_result-12x12.webp 12w, https:\/\/quatang5sao.com\/wp-content\/uploads\/2022\/09\/wooden_2_result-247x247.webp 247w, https:\/\/quatang5sao.com\/wp-content\/uploads\/2022\/09\/wooden_2_result-510x510.webp 510w, https:\/\/quatang5sao.com\/wp-content\/uploads\/2022\/09\/wooden_2_result-100x100.webp 100w, https:\/\/quatang5sao.com\/wp-content\/uploads\/2022\/09\/wooden_2_result.webp 1000w\" sizes=\"auto, (max-width: 400px) 100vw, 400px\" \/><figcaption id=\"caption-attachment-5851\" class=\"wp-caption-text\">B\u00fat bi g\u1ed7 in kh\u1eafc logo theo y\u00eau c\u1ea7u<\/figcaption><\/figure>\n<figure id=\"attachment_5854\" aria-describedby=\"caption-attachment-5854\" style=\"width: 400px\" class=\"wp-caption aligncenter\"><img loading=\"lazy\" decoding=\"async\" class=\"size-medium wp-image-5854\" src=\"https:\/\/quatang5sao.com\/wp-content\/uploads\/2022\/09\/wooden_logo-1_result-400x400.webp\" alt=\"B\u00fat bi g\u1ed7 kh\u1eafc logo theo y\u00eau c\u1ea7u\" width=\"400\" height=\"400\" title=\"\" srcset=\"https:\/\/quatang5sao.com\/wp-content\/uploads\/2022\/09\/wooden_logo-1_result-400x400.webp 400w, https:\/\/quatang5sao.com\/wp-content\/uploads\/2022\/09\/wooden_logo-1_result-800x800.webp 800w, https:\/\/quatang5sao.com\/wp-content\/uploads\/2022\/09\/wooden_logo-1_result-280x280.webp 280w, https:\/\/quatang5sao.com\/wp-content\/uploads\/2022\/09\/wooden_logo-1_result-768x768.webp 768w, https:\/\/quatang5sao.com\/wp-content\/uploads\/2022\/09\/wooden_logo-1_result-12x12.webp 12w, https:\/\/quatang5sao.com\/wp-content\/uploads\/2022\/09\/wooden_logo-1_result-247x247.webp 247w, https:\/\/quatang5sao.com\/wp-content\/uploads\/2022\/09\/wooden_logo-1_result-510x510.webp 510w, https:\/\/quatang5sao.com\/wp-content\/uploads\/2022\/09\/wooden_logo-1_result-100x100.webp 100w, https:\/\/quatang5sao.com\/wp-content\/uploads\/2022\/09\/wooden_logo-1_result.webp 1000w\" sizes=\"auto, (max-width: 400px) 100vw, 400px\" \/><figcaption id=\"caption-attachment-5854\" class=\"wp-caption-text\">B\u00fat bi g\u1ed7 kh\u1eafc logo theo y\u00eau c\u1ea7u<\/figcaption><\/figure>\n<figure id=\"attachment_5853\" aria-describedby=\"caption-attachment-5853\" style=\"width: 400px\" class=\"wp-caption aligncenter\"><img loading=\"lazy\" decoding=\"async\" class=\"size-medium wp-image-5853\" src=\"https:\/\/quatang5sao.com\/wp-content\/uploads\/2022\/09\/wooden_45_result-400x400.webp\" alt=\"In logo b\u00fat bi g\u1ed7 theo y\u00eau c\u1ea7u\" width=\"400\" height=\"400\" title=\"\" srcset=\"https:\/\/quatang5sao.com\/wp-content\/uploads\/2022\/09\/wooden_45_result-400x400.webp 400w, https:\/\/quatang5sao.com\/wp-content\/uploads\/2022\/09\/wooden_45_result-800x800.webp 800w, https:\/\/quatang5sao.com\/wp-content\/uploads\/2022\/09\/wooden_45_result-280x280.webp 280w, https:\/\/quatang5sao.com\/wp-content\/uploads\/2022\/09\/wooden_45_result-768x768.webp 768w, https:\/\/quatang5sao.com\/wp-content\/uploads\/2022\/09\/wooden_45_result-12x12.webp 12w, https:\/\/quatang5sao.com\/wp-content\/uploads\/2022\/09\/wooden_45_result-247x247.webp 247w, https:\/\/quatang5sao.com\/wp-content\/uploads\/2022\/09\/wooden_45_result-510x510.webp 510w, https:\/\/quatang5sao.com\/wp-content\/uploads\/2022\/09\/wooden_45_result-100x100.webp 100w, https:\/\/quatang5sao.com\/wp-content\/uploads\/2022\/09\/wooden_45_result.webp 1000w\" sizes=\"auto, (max-width: 400px) 100vw, 400px\" \/><figcaption id=\"caption-attachment-5853\" class=\"wp-caption-text\">In logo b\u00fat bi g\u1ed7 theo y\u00eau c\u1ea7u<\/figcaption><\/figure>\n<h2>4 &#8211; \u0110\u1ecba ch\u1ec9 \u0111\u1eb7t h\u00e0ng<\/h2>\n<p><span style=\"color: #993300;\"><strong>==&gt; FREESHIP to\u00e0n qu\u1ed1c!<\/strong><\/span><\/p>\n<ul>\n<li>C\u01a1 s\u1edf 1:\n<ul>\n<li>S\u1ed1 1 &#8211; L\u0129nh Nam &#8211; Ho\u00e0ng Mai &#8211; H\u00e0 N\u1ed9i<\/li>\n<li>Hotline &amp; Zalo: 0917.322.230<\/li>\n<\/ul>\n<\/li>\n<li>C\u01a1 s\u1edf 2:\n<ul>\n<li>S\u1ed1 214 &#8211; V\u00f5 V\u0103n Ng\u00e2n &#8211; B\u00ecnh Th\u1ecd &#8211; Th\u1ee7 \u0110\u1ee9c &#8211; TP H\u1ed3 Ch\u00ed Minh<\/li>\n<li>Hotline &amp; Zalo: 0988902220<\/li>\n<\/ul>\n<\/li>\n<li>Email: <a href=\"mailto:quatang236@gmail.com\">quatang236@gmail.com<\/a><\/li>\n<li>Website:<\/li>\n<li><a href=\"https:\/\/quatang5sao.com\/en\/but-bi\/\">https:\/\/quatang5sao.com\/but-bi\/<\/a><\/li>\n<\/ul>\n<p>#butbi #b\u00fatbiinlogo #inlogob\u00fatbi #b\u00fatbig\u1ed7 #b\u00fatbiinlogo<\/p>","protected":false},"excerpt":{"rendered":"<table class=\"table table-hover table-striped\">\n<tbody>\n<tr>\n<th width=\"160\"><strong>T\u00ean d\u1ecbch v\u1ee5:<\/strong><\/th>\n<td width=\"479\"><em>S\u1ea3n xu\u1ea5t, B\u00fat bi g\u1ed7 in logo theo y\u00eau c\u1ea7u<\/em><\/td>\n<\/tr>\n<tr>\n<th width=\"160\"><strong>B\u00fat bi g\u1ed7 b\u1eb1ng ti\u1ebfng Anh:<\/strong><\/th>\n<td width=\"479\"><em>wooden pen<\/em><\/td>\n<\/tr>\n<tr>\n<th width=\"160\"><strong>Ch\u1ea5t li\u1ec7u:<\/strong><\/th>\n<td width=\"479\"><em>Th\u00e2n g\u1ed7; M\u1ef1c xanh<\/em><\/td>\n<\/tr>\n<tr>\n<th width=\"160\"><strong>K\u00edch th\u01b0\u1edbc b\u00fat:<\/strong><\/th>\n<td width=\"479\"><em>D\u00e0i 14.3cm<\/em><\/td>\n<\/tr>\n<tr>\n<th width=\"160\"><strong>K\u00edch th\u01b0\u1edbc bi:<\/strong><\/th>\n<td width=\"479\"><em>\u0110\u1ea7u bi 1.0mm<\/em><\/td>\n<\/tr>\n<tr>\n<th width=\"160\"><strong>M\u00e0u s\u1eafc:<\/strong><\/th>\n<td width=\"479\"><em>M\u1ef1c xanh; In n\u1ed9i dung v\u00e0 logo theo y\u00eau c\u1ea7u \u2026<\/em><\/td>\n<\/tr>\n<tr>\n<th width=\"160\"><strong>Ph\u01b0\u01a1ng th\u1ee9c gia c\u00f4ng:<\/strong><\/th>\n<td width=\"479\"><em>In l\u01b0\u1edbi, in pad, in UV, kh\u1eafc laser&#8230;<\/em><\/td>\n<\/tr>\n<tr>\n<th width=\"160\"><strong>Ch\u1ee9c n\u0103ng:<\/strong><\/th>\n<td width=\"479\"><em>B\u00fat bi g\u1ed7 qu\u00e0 t\u1eb7ng, trung t\u00e2m ti\u1ebfng anh&#8230;<\/em><\/td>\n<\/tr>\n<tr>\n<th width=\"160\"><strong>\u0110\u01a1n gi\u00e1:<\/strong><\/th>\n<td width=\"479\"><em>Theo s\u1ed1 l\u01b0\u1ee3ng<\/em><\/td>\n<\/tr>\n<tr>\n<th width=\"160\"><strong>In logo theo y\u00eau c\u1ea7u:<\/strong><\/th>\n<td width=\"479\"><em>C\u00f3 th\u1ec3<\/em><\/td>\n<\/tr>\n<tr>\n<th width=\"160\"><strong>In m\u1eabu:<\/strong><\/th>\n<td width=\"479\"><em>C\u00f3 th\u1ec3 (\u0111\u01b0\u1ee3c tr\u1eeb ph\u00ed in m\u1eabu n\u1ebfu \u0111\u1eb7t h\u00e0ng gi\u1ed1ng m\u1eabu)<\/em><\/td>\n<\/tr>\n<tr>\n<th width=\"160\"><strong>Ph\u00ed thi\u1ebft k\u1ebf m\u1eabu:<\/strong><\/th>\n<td width=\"479\"><em>Mi\u1ec5n ph\u00ed<\/em><\/td>\n<\/tr>\n<tr>\n<th width=\"160\"><strong>Ph\u00ed giao h\u00e0ng:<\/strong><\/th>\n<td width=\"479\"><em>Mi\u1ec5n ph\u00ed to\u00e0n qu\u1ed1c<\/em><\/td>\n<\/tr>\n<tr>\n<th width=\"160\"><strong>Album \u1ea3nh s\u1ea3n ph\u1ea9m \u0111\u00e3 th\u1ef1c hi\u1ec7n:<\/strong><\/th>\n<td width=\"479\"><em><a href=\"https:\/\/photos.app.goo.gl\/KphaeixFcg5HsP6j9\">https:\/\/photos.app.goo.gl\/KphaeixFcg5HsP6j9<\/a><\/em><\/td>\n<\/tr>\n<\/tbody>\n<\/table>","protected":false},"featured_media":5857,"comment_status":"closed","ping_status":"closed","template":"","meta":[],"product_brand":[],"product_cat":[241],"product_tag":[783,784,785,787,374,786,776],"class_list":{"0":"post-5850","1":"product","2":"type-product","3":"status-publish","4":"has-post-thumbnail","6":"product_cat-but-bi","7":"product_tag-but-bi","8":"product_tag-but-bi-go","9":"product_tag-but-bi-in-logo","10":"product_tag-but-bi-vo-go","11":"product_tag-but-qua-tang","12":"product_tag-in-logo-len-but-bi","13":"product_tag-in-logo-theo-yeu-cau","15":"first","16":"instock","17":"shipping-taxable","18":"product-type-simple"},"amp_enabled":true,"_links":{"self":[{"href":"https:\/\/quatang5sao.com\/en\/wp-json\/wp\/v2\/product\/5850","targetHints":{"allow":["GET"]}}],"collection":[{"href":"https:\/\/quatang5sao.com\/en\/wp-json\/wp\/v2\/product"}],"about":[{"href":"https:\/\/quatang5sao.com\/en\/wp-json\/wp\/v2\/types\/product"}],"replies":[{"embeddable":true,"href":"https:\/\/quatang5sao.com\/en\/wp-json\/wp\/v2\/comments?post=5850"}],"wp:featuredmedia":[{"embeddable":true,"href":"https:\/\/quatang5sao.com\/en\/wp-json\/wp\/v2\/media\/5857"}],"wp:attachment":[{"href":"https:\/\/quatang5sao.com\/en\/wp-json\/wp\/v2\/media?parent=5850"}],"wp:term":[{"taxonomy":"product_brand","embeddable":true,"href":"https:\/\/quatang5sao.com\/en\/wp-json\/wp\/v2\/product_brand?post=5850"},{"taxonomy":"product_cat","embeddable":true,"href":"https:\/\/quatang5sao.com\/en\/wp-json\/wp\/v2\/product_cat?post=5850"},{"taxonomy":"product_tag","embeddable":true,"href":"https:\/\/quatang5sao.com\/en\/wp-json\/wp\/v2\/product_tag?post=5850"}],"curies":[{"name":"wp","href":"https:\/\/api.w.org\/{rel}","templated":true}]}}