{"id":5320,"date":"2020-12-22T23:37:17","date_gmt":"2020-12-22T16:37:17","guid":{"rendered":"https:\/\/quatang5sao.com\/?post_type=product&#038;p=5320"},"modified":"2020-12-22T23:37:18","modified_gmt":"2020-12-22T16:37:18","slug":"cup-pha-le","status":"publish","type":"product","link":"https:\/\/quatang5sao.com\/en\/cup-pha-le\/","title":{"rendered":"Crystal Cup - Glass Cup"},"content":{"rendered":"<h2>C\u00daP PHA L\u00ca<\/h2>\n<table>\n<tbody>\n<tr>\n<td width=\"132\">Product<\/td>\n<td width=\"24\">:<\/td>\n<td width=\"482\"><a href=\"https:\/\/quatang5sao.com\/en\/cup-pha-le-gia-re\/\">Crystal Cup<\/a>, <a href=\"https:\/\/quatang5sao.com\/en\/cup-thuy-tinh\/\">Glass Cup<\/a><\/td>\n<\/tr>\n<tr>\n<td width=\"132\">Ch\u1ea5t li\u1ec7u<\/td>\n<td width=\"24\">:<\/td>\n<td width=\"482\">Pha l\u00ea<\/td>\n<\/tr>\n<tr>\n<td width=\"132\">\u0110\u01a1n gi\u00e1<\/td>\n<td width=\"24\">:<\/td>\n<td width=\"482\">B\u00e1o gi\u00e1 theo s\u1ed1 l\u01b0\u1ee3ng, \u0111\u1eb7t c\u00e0ng nhi\u1ec1u gi\u00e1 c\u00e0ng r\u1ebb<\/td>\n<\/tr>\n<tr>\n<td width=\"132\">Gia c\u00f4ng<\/td>\n<td width=\"24\">:<\/td>\n<td width=\"482\">In l\u01b0\u1edbi, in \u1ea3nh UV, in chuy\u1ec3n nhi\u1ec7t, kh\u1eafc laser 2D, 3D, kh\u1eafc ch\u00ecm \u0111\u1ed5 m\u00e0u\u2026<\/td>\n<\/tr>\n<tr>\n<td width=\"132\">Th\u1eddi gian<\/td>\n<td width=\"24\">:<\/td>\n<td width=\"482\">3 \u2013 7 ng\u00e0y tu\u1ef3 theo s\u1ed1 l\u01b0\u1ee3ng<\/td>\n<\/tr>\n<tr>\n<td width=\"132\">Mi\u1ec5n ph\u00ed<\/td>\n<td width=\"24\">:<\/td>\n<td width=\"482\">&#8211;\u00a0\u00a0\u00a0\u00a0\u00a0\u00a0\u00a0\u00a0\u00a0 Ship h\u00e0ng t\u1eadn n\u01a1i<\/p>\n<p>&#8211;\u00a0\u00a0\u00a0\u00a0\u00a0\u00a0\u00a0\u00a0\u00a0 Thi\u1ebft k\u1ebf maket s\u1ea3n ph\u1ea9m<\/td>\n<\/tr>\n<tr>\n<td width=\"132\">M\u1ee5c \u0111\u00edch s\u1eed d\u1ee5ng<\/td>\n<td width=\"24\">:<\/td>\n<td width=\"482\">&#8211;\u00a0\u00a0\u00a0\u00a0\u00a0\u00a0\u00a0\u00a0\u00a0 T\u1eb7ng trong c\u00e1c gi\u1ea3i th\u1ec3 thao<\/p>\n<p>&#8211;\u00a0\u00a0\u00a0\u00a0\u00a0\u00a0\u00a0\u00a0\u00a0 V\u00e0 nhi\u1ec1u s\u1ef1 ki\u1ec7n kh\u00e1c<\/td>\n<\/tr>\n<tr>\n<td width=\"132\">Link album \u1ea3nh<\/td>\n<td width=\"24\">:<\/td>\n<td width=\"482\"><a href=\"https:\/\/photos.app.goo.gl\/VWAtyxYAw2w68UuE9\" target=\"_blank\" rel=\"noopener\"><strong>https:\/\/photos.app.goo.gl\/VWAtyxYAw2w68UuE9<\/strong><\/a><\/td>\n<\/tr>\n<\/tbody>\n<\/table>\n<h2>H\u00ccNH \u1ea2NH S\u1ea2N PH\u1ea8M C\u00daP THU\u1ef6 TINH V\u00c0 PHA L\u00ca<\/h2>\n<figure id=\"attachment_5326\" aria-describedby=\"caption-attachment-5326\" style=\"width: 900px\" class=\"wp-caption aligncenter\"><img loading=\"lazy\" decoding=\"async\" class=\"wp-image-5326 size-full\" src=\"https:\/\/quatang5sao.com\/wp-content\/uploads\/2020\/12\/Bieu-trung-pha-le-051-1.jpg\" alt=\"C\u00fap pha l\u00ea gi\u00e1 r\u1ebb, in \u1ea5n c\u00fap pha l\u00ea theo y\u00eau c\u1ea7u\" width=\"900\" height=\"909\" title=\"\" srcset=\"https:\/\/quatang5sao.com\/wp-content\/uploads\/2020\/12\/Bieu-trung-pha-le-051-1.jpg 900w, https:\/\/quatang5sao.com\/wp-content\/uploads\/2020\/12\/Bieu-trung-pha-le-051-1-100x100.jpg 100w, https:\/\/quatang5sao.com\/wp-content\/uploads\/2020\/12\/Bieu-trung-pha-le-051-1-510x515.jpg 510w, https:\/\/quatang5sao.com\/wp-content\/uploads\/2020\/12\/Bieu-trung-pha-le-051-1-396x400.jpg 396w, https:\/\/quatang5sao.com\/wp-content\/uploads\/2020\/12\/Bieu-trung-pha-le-051-1-792x800.jpg 792w, https:\/\/quatang5sao.com\/wp-content\/uploads\/2020\/12\/Bieu-trung-pha-le-051-1-768x776.jpg 768w\" sizes=\"auto, (max-width: 900px) 100vw, 900px\" \/><figcaption id=\"caption-attachment-5326\" class=\"wp-caption-text\">C\u00fap pha l\u00ea gi\u00e1 r\u1ebb, in \u1ea5n c\u00fap pha l\u00ea theo y\u00eau c\u1ea7u<\/figcaption><\/figure>\n<figure id=\"attachment_5325\" aria-describedby=\"caption-attachment-5325\" style=\"width: 900px\" class=\"wp-caption aligncenter\"><img loading=\"lazy\" decoding=\"async\" class=\"wp-image-5325 size-full\" src=\"https:\/\/quatang5sao.com\/wp-content\/uploads\/2020\/12\/Bieu-trung-pha-le-050.jpg\" alt=\"C\u00fap ng\u00f4i sao gi\u00e1 r\u1ebb, in logo theo y\u00eau c\u1ea7u c\u1ee7a kh\u00e1ch h\u00e0ng\" width=\"900\" height=\"898\" title=\"\" srcset=\"https:\/\/quatang5sao.com\/wp-content\/uploads\/2020\/12\/Bieu-trung-pha-le-050.jpg 900w, https:\/\/quatang5sao.com\/wp-content\/uploads\/2020\/12\/Bieu-trung-pha-le-050-247x247.jpg 247w, https:\/\/quatang5sao.com\/wp-content\/uploads\/2020\/12\/Bieu-trung-pha-le-050-100x100.jpg 100w, https:\/\/quatang5sao.com\/wp-content\/uploads\/2020\/12\/Bieu-trung-pha-le-050-510x509.jpg 510w, https:\/\/quatang5sao.com\/wp-content\/uploads\/2020\/12\/Bieu-trung-pha-le-050-401x400.jpg 401w, https:\/\/quatang5sao.com\/wp-content\/uploads\/2020\/12\/Bieu-trung-pha-le-050-802x800.jpg 802w, https:\/\/quatang5sao.com\/wp-content\/uploads\/2020\/12\/Bieu-trung-pha-le-050-280x280.jpg 280w, https:\/\/quatang5sao.com\/wp-content\/uploads\/2020\/12\/Bieu-trung-pha-le-050-768x766.jpg 768w\" sizes=\"auto, (max-width: 900px) 100vw, 900px\" \/><figcaption id=\"caption-attachment-5325\" class=\"wp-caption-text\">C\u00fap ng\u00f4i sao gi\u00e1 r\u1ebb, in logo theo y\u00eau c\u1ea7u c\u1ee7a kh\u00e1ch h\u00e0ng<\/figcaption><\/figure>\n<figure id=\"attachment_5324\" aria-describedby=\"caption-attachment-5324\" style=\"width: 900px\" class=\"wp-caption aligncenter\"><img loading=\"lazy\" decoding=\"async\" class=\"wp-image-5324 size-full\" src=\"https:\/\/quatang5sao.com\/wp-content\/uploads\/2020\/12\/Bieu-trung-pha-le-049.jpg\" alt=\"C\u00fap gi\u1ea3i golf b\u1eb1ng pha l\u00ea, m\u1ea1 v\u00e0ng, in \u1ea5n theo y\u00eau c\u1ea7u\" width=\"900\" height=\"814\" title=\"\" srcset=\"https:\/\/quatang5sao.com\/wp-content\/uploads\/2020\/12\/Bieu-trung-pha-le-049.jpg 900w, https:\/\/quatang5sao.com\/wp-content\/uploads\/2020\/12\/Bieu-trung-pha-le-049-510x461.jpg 510w, https:\/\/quatang5sao.com\/wp-content\/uploads\/2020\/12\/Bieu-trung-pha-le-049-442x400.jpg 442w, https:\/\/quatang5sao.com\/wp-content\/uploads\/2020\/12\/Bieu-trung-pha-le-049-885x800.jpg 885w, https:\/\/quatang5sao.com\/wp-content\/uploads\/2020\/12\/Bieu-trung-pha-le-049-768x695.jpg 768w\" sizes=\"auto, (max-width: 900px) 100vw, 900px\" \/><figcaption id=\"caption-attachment-5324\" class=\"wp-caption-text\">C\u00fap gi\u1ea3i golf b\u1eb1ng pha l\u00ea, m\u1ea1 v\u00e0ng, in \u1ea5n theo y\u00eau c\u1ea7u<\/figcaption><\/figure>\n<figure id=\"attachment_5323\" aria-describedby=\"caption-attachment-5323\" style=\"width: 900px\" class=\"wp-caption aligncenter\"><img loading=\"lazy\" decoding=\"async\" class=\"wp-image-5323 size-full\" src=\"https:\/\/quatang5sao.com\/wp-content\/uploads\/2020\/12\/Bieu-trung-pha-le-048.jpg\" alt=\"C\u00fap b\u00f3ng \u0111\u00e1 b\u1eb1ng pha l\u00ea, gi\u00e1 r\u1ebb, in \u1ea5n c\u00fap pha l\u00ea theo y\u00eau c\u1ea7u\" width=\"900\" height=\"851\" title=\"\" srcset=\"https:\/\/quatang5sao.com\/wp-content\/uploads\/2020\/12\/Bieu-trung-pha-le-048.jpg 900w, https:\/\/quatang5sao.com\/wp-content\/uploads\/2020\/12\/Bieu-trung-pha-le-048-510x482.jpg 510w, https:\/\/quatang5sao.com\/wp-content\/uploads\/2020\/12\/Bieu-trung-pha-le-048-423x400.jpg 423w, https:\/\/quatang5sao.com\/wp-content\/uploads\/2020\/12\/Bieu-trung-pha-le-048-846x800.jpg 846w, https:\/\/quatang5sao.com\/wp-content\/uploads\/2020\/12\/Bieu-trung-pha-le-048-768x726.jpg 768w\" sizes=\"auto, (max-width: 900px) 100vw, 900px\" \/><figcaption id=\"caption-attachment-5323\" class=\"wp-caption-text\">C\u00fap b\u00f3ng \u0111\u00e1 b\u1eb1ng pha l\u00ea, gi\u00e1 r\u1ebb, in \u1ea5n c\u00fap pha l\u00ea theo y\u00eau c\u1ea7u<\/figcaption><\/figure>\n<figure id=\"attachment_5322\" aria-describedby=\"caption-attachment-5322\" style=\"width: 900px\" class=\"wp-caption aligncenter\"><img loading=\"lazy\" decoding=\"async\" class=\"wp-image-5322 size-full\" src=\"https:\/\/quatang5sao.com\/wp-content\/uploads\/2020\/12\/Bieu-trung-pha-le-047.jpg\" alt=\"Bi\u1ec3u tr\u01b0ng pha l\u00ea h\u00ecnh kim c\u01b0\u01a1ng, in \u1ea5n n\u1ed9i dung theo y\u00eau c\u1ea7u c\u1ee7a kh\u00e1ch h\u00e0ng\" width=\"900\" height=\"869\" title=\"\" srcset=\"https:\/\/quatang5sao.com\/wp-content\/uploads\/2020\/12\/Bieu-trung-pha-le-047.jpg 900w, https:\/\/quatang5sao.com\/wp-content\/uploads\/2020\/12\/Bieu-trung-pha-le-047-510x492.jpg 510w, https:\/\/quatang5sao.com\/wp-content\/uploads\/2020\/12\/Bieu-trung-pha-le-047-414x400.jpg 414w, https:\/\/quatang5sao.com\/wp-content\/uploads\/2020\/12\/Bieu-trung-pha-le-047-829x800.jpg 829w, https:\/\/quatang5sao.com\/wp-content\/uploads\/2020\/12\/Bieu-trung-pha-le-047-768x742.jpg 768w\" sizes=\"auto, (max-width: 900px) 100vw, 900px\" \/><figcaption id=\"caption-attachment-5322\" class=\"wp-caption-text\">Bi\u1ec3u tr\u01b0ng pha l\u00ea h\u00ecnh kim c\u01b0\u01a1ng, in \u1ea5n n\u1ed9i dung theo y\u00eau c\u1ea7u c\u1ee7a kh\u00e1ch h\u00e0ng<\/figcaption><\/figure>\n<figure id=\"attachment_5321\" aria-describedby=\"caption-attachment-5321\" style=\"width: 900px\" class=\"wp-caption aligncenter\"><img loading=\"lazy\" decoding=\"async\" class=\"wp-image-5321 size-full\" src=\"https:\/\/quatang5sao.com\/wp-content\/uploads\/2020\/12\/Bieu-trung-pha-le-046-1.jpg\" alt=\"C\u00fap pha l\u00ea ng\u00f4i sao, \u0111\u1eb9p, gi\u00e1 r\u1ebb, in n\u1ed9i dung theo y\u00eau c\u1ea7u\" width=\"900\" height=\"869\" title=\"\" srcset=\"https:\/\/quatang5sao.com\/wp-content\/uploads\/2020\/12\/Bieu-trung-pha-le-046-1.jpg 900w, https:\/\/quatang5sao.com\/wp-content\/uploads\/2020\/12\/Bieu-trung-pha-le-046-1-510x492.jpg 510w, https:\/\/quatang5sao.com\/wp-content\/uploads\/2020\/12\/Bieu-trung-pha-le-046-1-414x400.jpg 414w, https:\/\/quatang5sao.com\/wp-content\/uploads\/2020\/12\/Bieu-trung-pha-le-046-1-829x800.jpg 829w, https:\/\/quatang5sao.com\/wp-content\/uploads\/2020\/12\/Bieu-trung-pha-le-046-1-768x742.jpg 768w\" sizes=\"auto, (max-width: 900px) 100vw, 900px\" \/><figcaption id=\"caption-attachment-5321\" class=\"wp-caption-text\">C\u00fap pha l\u00ea ng\u00f4i sao, \u0111\u1eb9p, gi\u00e1 r\u1ebb, in n\u1ed9i dung theo y\u00eau c\u1ea7u<\/figcaption><\/figure>\n<h2>\u0110\u1ecaA CH\u1ec8 \u0110\u1eb6T IN C\u00daP PHA L\u00ca<\/h2>\n<p><strong>Hotline &amp; Zalo:<\/strong><br \/>\n<strong>Ha Noi: 0917.322.230<\/strong><br \/>\n<strong>S\u1ed1 1 L\u0129nh Nam \u2013 Ho\u00e0ng Mai \u2013 H\u00e0 N\u1ed9i<\/strong><\/p>\n<p><strong>H\u1ed3 Ch\u00ed Minh: 0988902220<\/strong><br \/>\n<strong>S\u1ed1 214 V\u00f5 V\u0103n Ng\u00e2n \u2013 B\u00ecnh Th\u1ecd \u2013 Th\u1ee7 \u0110\u1ee9c \u2013 TP H\u1ed3 Ch\u00ed Minh<\/strong><br \/>\n<strong>Website:\u00a0<a href=\"https:\/\/quatang5sao.com\/en\/\">https:\/\/quatang5sao.com\/<\/a><\/strong><br \/>\n#bi\u1ec3utr\u01b0ngphal\u00ea #qu\u00e0t\u1eb7ngphal\u00ea #c\u00fapphal\u00ea #c\u00fapthu\u1ef7tinh #inbi\u1ec3utr\u01b0ngphal\u00ea<\/p>","protected":false},"excerpt":{"rendered":"<ul>\n<li>Crystal Cup<\/li>\n<li>Glass Cup<\/li>\n<li>Print, engrave according to customer's request<\/li>\n<li>Free shipping in Vietnam<\/li>\n<li>Free designing<\/li>\n<\/ul>","protected":false},"featured_media":5297,"comment_status":"open","ping_status":"closed","template":"","meta":[],"product_brand":[],"product_cat":[698,696,697],"product_tag":[704,705,707,703,699,700,702,701,706],"class_list":{"0":"post-5320","1":"product","2":"type-product","3":"status-publish","4":"has-post-thumbnail","6":"product_cat-bieu-trung-pha-le","7":"product_cat-cup-pha-le-gia-re","8":"product_cat-cup-thuy-tinh","9":"product_tag-bieu-trung-pha-le","10":"product_tag-bieu-trung-phale","11":"product_tag-cup-golf-pha-le","12":"product_tag-cup-pha-le","13":"product_tag-cup-pha-le-gia-re","14":"product_tag-cup-pha-le-luu-niem","15":"product_tag-cup-tennis-pha-le","16":"product_tag-cup-thuy-tinh","17":"product_tag-san-xuat-cup-pha-le","19":"first","20":"instock","21":"shipping-taxable","22":"product-type-simple"},"amp_enabled":true,"_links":{"self":[{"href":"https:\/\/quatang5sao.com\/en\/wp-json\/wp\/v2\/product\/5320","targetHints":{"allow":["GET"]}}],"collection":[{"href":"https:\/\/quatang5sao.com\/en\/wp-json\/wp\/v2\/product"}],"about":[{"href":"https:\/\/quatang5sao.com\/en\/wp-json\/wp\/v2\/types\/product"}],"replies":[{"embeddable":true,"href":"https:\/\/quatang5sao.com\/en\/wp-json\/wp\/v2\/comments?post=5320"}],"wp:featuredmedia":[{"embeddable":true,"href":"https:\/\/quatang5sao.com\/en\/wp-json\/wp\/v2\/media\/5297"}],"wp:attachment":[{"href":"https:\/\/quatang5sao.com\/en\/wp-json\/wp\/v2\/media?parent=5320"}],"wp:term":[{"taxonomy":"product_brand","embeddable":true,"href":"https:\/\/quatang5sao.com\/en\/wp-json\/wp\/v2\/product_brand?post=5320"},{"taxonomy":"product_cat","embeddable":true,"href":"https:\/\/quatang5sao.com\/en\/wp-json\/wp\/v2\/product_cat?post=5320"},{"taxonomy":"product_tag","embeddable":true,"href":"https:\/\/quatang5sao.com\/en\/wp-json\/wp\/v2\/product_tag?post=5320"}],"curies":[{"name":"wp","href":"https:\/\/api.w.org\/{rel}","templated":true}]}}