{"id":5318,"date":"2020-12-22T16:26:33","date_gmt":"2020-12-22T09:26:33","guid":{"rendered":"https:\/\/quatang5sao.com\/?post_type=product&#038;p=5318"},"modified":"2020-12-22T16:30:09","modified_gmt":"2020-12-22T09:30:09","slug":"bieu-trung-pha-le-ma-vang","status":"publish","type":"product","link":"https:\/\/quatang5sao.com\/en\/bieu-trung-pha-le-ma-vang\/","title":{"rendered":"Gilding Trophy"},"content":{"rendered":"<h2>BI\u1ec2U TR\u01afNG PHA L\u00ca M\u1ea0 V\u00c0NG<\/h2>\n<table width=\"1050\">\n<tbody>\n<tr>\n<td width=\"132\">Product<\/td>\n<td width=\"24\">:<\/td>\n<td width=\"482\"><a href=\"https:\/\/quatang5sao.com\/en\/bieu-trung-pha-le\/\">Gilding Trophy<\/a><\/td>\n<\/tr>\n<tr>\n<td width=\"132\">Ch\u1ea5t li\u1ec7u<\/td>\n<td width=\"24\">:<\/td>\n<td width=\"482\">Pha l\u00ea<\/td>\n<\/tr>\n<tr>\n<td width=\"132\">\u0110\u01a1n gi\u00e1<\/td>\n<td width=\"24\">:<\/td>\n<td width=\"482\">B\u00e1o gi\u00e1 theo s\u1ed1 l\u01b0\u1ee3ng<\/td>\n<\/tr>\n<tr>\n<td width=\"132\">Gia c\u00f4ng<\/td>\n<td width=\"24\">:<\/td>\n<td width=\"482\">In l\u01b0\u1edbi, in \u1ea3nh UV, in chuy\u1ec3n nhi\u1ec7t, kh\u1eafc laser 2D, 3D, kh\u1eafc ch\u00ecm \u0111\u1ed5 m\u00e0u\u2026<\/td>\n<\/tr>\n<tr>\n<td width=\"132\">Th\u1eddi gian<\/td>\n<td width=\"24\">:<\/td>\n<td width=\"482\">3 \u2013 7 ng\u00e0y tu\u1ef3 theo s\u1ed1 l\u01b0\u1ee3ng<\/td>\n<\/tr>\n<tr>\n<td width=\"132\">Mi\u1ec5n ph\u00ed<\/td>\n<td width=\"24\">:<\/td>\n<td width=\"482\">\u2013\u00a0\u00a0\u00a0\u00a0\u00a0\u00a0\u00a0\u00a0\u00a0 Ship h\u00e0ng t\u1eadn n\u01a1i<\/p>\n<p>\u2013\u00a0\u00a0\u00a0\u00a0\u00a0\u00a0\u00a0\u00a0\u00a0 Thi\u1ebft k\u1ebf maket s\u1ea3n ph\u1ea9m<\/td>\n<\/tr>\n<tr>\n<td width=\"132\">M\u1ee5c \u0111\u00edch s\u1eed d\u1ee5ng<\/td>\n<td width=\"24\">:<\/td>\n<td width=\"482\">\u2013\u00a0\u00a0\u00a0\u00a0\u00a0\u00a0\u00a0\u00a0\u00a0 T\u1eb7ng th\u1ea7y c\u00f4<\/p>\n<p>\u2013\u00a0\u00a0\u00a0\u00a0\u00a0\u00a0\u00a0\u00a0\u00a0 T\u1eb7ng gi\u00e1o vi\u00ean nh\u00e2n k\u1ef7 ni\u1ec7m h\u1ed9i kho\u00e1<\/p>\n<p>\u2013\u00a0\u00a0\u00a0\u00a0\u00a0\u00a0\u00a0\u00a0\u00a0 V\u00e0 nhi\u1ec1u s\u1ef1 ki\u1ec7n kh\u00e1c<\/td>\n<\/tr>\n<tr>\n<td width=\"132\">Link album \u1ea3nh<\/td>\n<td width=\"24\">:<\/td>\n<td width=\"482\"><strong><a href=\"https:\/\/photos.app.goo.gl\/VWAtyxYAw2w68UuE9\" target=\"_blank\" rel=\"noopener\">https:\/\/photos.app.goo.gl\/VWAtyxYAw2w68UuE9<\/a><\/strong><\/td>\n<\/tr>\n<\/tbody>\n<\/table>\n<h2>H\u00ccNH \u1ea2NH S\u1ea2N PH\u1ea8M BI\u1ec2U TR\u01afNG PHA L\u00ca CAO C\u1ea4P<\/h2>\n<figure id=\"attachment_5314\" aria-describedby=\"caption-attachment-5314\" style=\"width: 900px\" class=\"wp-caption aligncenter\"><img loading=\"lazy\" decoding=\"async\" class=\"wp-image-5314 size-full\" src=\"https:\/\/quatang5sao.com\/wp-content\/uploads\/2020\/12\/Bieu-trung-pha-le-042.jpg\" alt=\"Bi\u1ec3u tr\u01b0ng pha l\u00ea cao c\u1ea5p,\" width=\"900\" height=\"934\" title=\"\" srcset=\"https:\/\/quatang5sao.com\/wp-content\/uploads\/2020\/12\/Bieu-trung-pha-le-042.jpg 900w, https:\/\/quatang5sao.com\/wp-content\/uploads\/2020\/12\/Bieu-trung-pha-le-042-510x529.jpg 510w, https:\/\/quatang5sao.com\/wp-content\/uploads\/2020\/12\/Bieu-trung-pha-le-042-385x400.jpg 385w, https:\/\/quatang5sao.com\/wp-content\/uploads\/2020\/12\/Bieu-trung-pha-le-042-771x800.jpg 771w, https:\/\/quatang5sao.com\/wp-content\/uploads\/2020\/12\/Bieu-trung-pha-le-042-768x797.jpg 768w\" sizes=\"auto, (max-width: 900px) 100vw, 900px\" \/><figcaption id=\"caption-attachment-5314\" class=\"wp-caption-text\">Bi\u1ec3u tr\u01b0ng pha l\u00ea cao c\u1ea5p,<\/figcaption><\/figure>\n<figure id=\"attachment_5313\" aria-describedby=\"caption-attachment-5313\" style=\"width: 900px\" class=\"wp-caption aligncenter\"><img loading=\"lazy\" decoding=\"async\" class=\"wp-image-5313 size-full\" src=\"https:\/\/quatang5sao.com\/wp-content\/uploads\/2020\/12\/Bieu-trung-pha-le-041.jpg\" alt=\"Bi\u1ec3u tr\u01b0ng pha l\u00ea m\u1eabu cao c\u1ea5p, m\u1ea1 v\u00e0ng\" width=\"900\" height=\"1007\" title=\"\" srcset=\"https:\/\/quatang5sao.com\/wp-content\/uploads\/2020\/12\/Bieu-trung-pha-le-041.jpg 900w, https:\/\/quatang5sao.com\/wp-content\/uploads\/2020\/12\/Bieu-trung-pha-le-041-510x571.jpg 510w, https:\/\/quatang5sao.com\/wp-content\/uploads\/2020\/12\/Bieu-trung-pha-le-041-357x400.jpg 357w, https:\/\/quatang5sao.com\/wp-content\/uploads\/2020\/12\/Bieu-trung-pha-le-041-715x800.jpg 715w, https:\/\/quatang5sao.com\/wp-content\/uploads\/2020\/12\/Bieu-trung-pha-le-041-768x859.jpg 768w\" sizes=\"auto, (max-width: 900px) 100vw, 900px\" \/><figcaption id=\"caption-attachment-5313\" class=\"wp-caption-text\">Bi\u1ec3u tr\u01b0ng pha l\u00ea m\u1eabu cao c\u1ea5p, m\u1ea1 v\u00e0ng<\/figcaption><\/figure>\n<figure id=\"attachment_5312\" aria-describedby=\"caption-attachment-5312\" style=\"width: 900px\" class=\"wp-caption aligncenter\"><img loading=\"lazy\" decoding=\"async\" class=\"wp-image-5312 size-full\" src=\"https:\/\/quatang5sao.com\/wp-content\/uploads\/2020\/12\/Bieu-trung-pha-le-040.jpg\" alt=\"Bi\u1ec3u tr\u01b0ng pha l\u00ea m\u1eabu \u0111\u1eb7c bi\u1ec7t\" width=\"900\" height=\"900\" title=\"\" srcset=\"https:\/\/quatang5sao.com\/wp-content\/uploads\/2020\/12\/Bieu-trung-pha-le-040.jpg 900w, https:\/\/quatang5sao.com\/wp-content\/uploads\/2020\/12\/Bieu-trung-pha-le-040-247x247.jpg 247w, https:\/\/quatang5sao.com\/wp-content\/uploads\/2020\/12\/Bieu-trung-pha-le-040-100x100.jpg 100w, https:\/\/quatang5sao.com\/wp-content\/uploads\/2020\/12\/Bieu-trung-pha-le-040-510x510.jpg 510w, https:\/\/quatang5sao.com\/wp-content\/uploads\/2020\/12\/Bieu-trung-pha-le-040-400x400.jpg 400w, https:\/\/quatang5sao.com\/wp-content\/uploads\/2020\/12\/Bieu-trung-pha-le-040-800x800.jpg 800w, https:\/\/quatang5sao.com\/wp-content\/uploads\/2020\/12\/Bieu-trung-pha-le-040-280x280.jpg 280w, https:\/\/quatang5sao.com\/wp-content\/uploads\/2020\/12\/Bieu-trung-pha-le-040-768x768.jpg 768w\" sizes=\"auto, (max-width: 900px) 100vw, 900px\" \/><figcaption id=\"caption-attachment-5312\" class=\"wp-caption-text\">Bi\u1ec3u tr\u01b0ng pha l\u00ea m\u1eabu \u0111\u1eb7c bi\u1ec7t<\/figcaption><\/figure>\n<h2>LI\u00caN H\u1ec6 \u0110\u1eb6T H\u00c0NG BI\u1ec2U TR\u01afNG PHA L\u00ca<\/h2>\n<p><strong>Hotline &amp; Zalo:<\/strong><br \/>\n<strong>Ha Noi: 0917.322.230<\/strong><br \/>\n<strong>S\u1ed1 1 L\u0129nh Nam \u2013 Ho\u00e0ng Mai \u2013 H\u00e0 N\u1ed9i<\/strong><\/p>\n<p><strong>H\u1ed3 Ch\u00ed Minh: 0988902220<\/strong><br \/>\n<strong>S\u1ed1 214 V\u00f5 V\u0103n Ng\u00e2n \u2013 B\u00ecnh Th\u1ecd \u2013 Th\u1ee7 \u0110\u1ee9c \u2013 TP H\u1ed3 Ch\u00ed Minh<\/strong><br \/>\n<strong>Website:\u00a0<a href=\"https:\/\/quatang5sao.com\/en\/\">https:\/\/quatang5sao.com\/<\/a><\/strong><br \/>\n#bi\u1ec3utr\u01b0ngphal\u00ea #qu\u00e0t\u1eb7ngphal\u00ea #c\u00fapphal\u00ea #c\u00fapthu\u1ef7tinh #inbi\u1ec3utr\u01b0ngphal\u00ea<\/p>","protected":false},"excerpt":{"rendered":"<ul>\n<li>Gilding Trophy<\/li>\n<li>Luxury Gilding Trophy<\/li>\n<li>Print according to customer's request<\/li>\n<li>Free designing<\/li>\n<\/ul>","protected":false},"featured_media":5313,"comment_status":"open","ping_status":"closed","template":"","meta":[],"product_brand":[],"product_cat":[698,696,697],"product_tag":[704,705,707,703,699,700,702,701,706],"class_list":{"0":"post-5318","1":"product","2":"type-product","3":"status-publish","4":"has-post-thumbnail","6":"product_cat-bieu-trung-pha-le","7":"product_cat-cup-pha-le-gia-re","8":"product_cat-cup-thuy-tinh","9":"product_tag-bieu-trung-pha-le","10":"product_tag-bieu-trung-phale","11":"product_tag-cup-golf-pha-le","12":"product_tag-cup-pha-le","13":"product_tag-cup-pha-le-gia-re","14":"product_tag-cup-pha-le-luu-niem","15":"product_tag-cup-tennis-pha-le","16":"product_tag-cup-thuy-tinh","17":"product_tag-san-xuat-cup-pha-le","19":"first","20":"instock","21":"shipping-taxable","22":"product-type-simple"},"amp_enabled":true,"_links":{"self":[{"href":"https:\/\/quatang5sao.com\/en\/wp-json\/wp\/v2\/product\/5318","targetHints":{"allow":["GET"]}}],"collection":[{"href":"https:\/\/quatang5sao.com\/en\/wp-json\/wp\/v2\/product"}],"about":[{"href":"https:\/\/quatang5sao.com\/en\/wp-json\/wp\/v2\/types\/product"}],"replies":[{"embeddable":true,"href":"https:\/\/quatang5sao.com\/en\/wp-json\/wp\/v2\/comments?post=5318"}],"wp:featuredmedia":[{"embeddable":true,"href":"https:\/\/quatang5sao.com\/en\/wp-json\/wp\/v2\/media\/5313"}],"wp:attachment":[{"href":"https:\/\/quatang5sao.com\/en\/wp-json\/wp\/v2\/media?parent=5318"}],"wp:term":[{"taxonomy":"product_brand","embeddable":true,"href":"https:\/\/quatang5sao.com\/en\/wp-json\/wp\/v2\/product_brand?post=5318"},{"taxonomy":"product_cat","embeddable":true,"href":"https:\/\/quatang5sao.com\/en\/wp-json\/wp\/v2\/product_cat?post=5318"},{"taxonomy":"product_tag","embeddable":true,"href":"https:\/\/quatang5sao.com\/en\/wp-json\/wp\/v2\/product_tag?post=5318"}],"curies":[{"name":"wp","href":"https:\/\/api.w.org\/{rel}","templated":true}]}}