{"id":5298,"date":"2020-12-20T23:27:27","date_gmt":"2020-12-20T16:27:27","guid":{"rendered":"https:\/\/quatang5sao.com\/?post_type=product&#038;p=5298"},"modified":"2020-12-20T23:27:28","modified_gmt":"2020-12-20T16:27:28","slug":"bieu-trung-pha-le-ngoi-sao","status":"publish","type":"product","link":"https:\/\/quatang5sao.com\/en\/bieu-trung-pha-le-ngoi-sao\/","title":{"rendered":"Crystal Trophy"},"content":{"rendered":"<h2>BI\u1ec2U TR\u01afNG PHA L\u00ca NG\u00d4I SAO<\/h2>\n<table>\n<tbody>\n<tr>\n<td width=\"132\">Product<\/td>\n<td width=\"24\">:<\/td>\n<td width=\"482\"><a href=\"https:\/\/quatang5sao.com\/en\/bieu-trung-pha-le\/\">Crystal Trophy<\/a><\/td>\n<\/tr>\n<tr>\n<td width=\"132\">Ch\u1ea5t li\u1ec7u<\/td>\n<td width=\"24\">:<\/td>\n<td width=\"482\">Pha l\u00ea<\/td>\n<\/tr>\n<tr>\n<td width=\"132\">\u0110\u01a1n gi\u00e1<\/td>\n<td width=\"24\">:<\/td>\n<td width=\"482\">B\u00e1o gi\u00e1 theo s\u1ed1 l\u01b0\u1ee3ng<\/td>\n<\/tr>\n<tr>\n<td width=\"132\">Gia c\u00f4ng<\/td>\n<td width=\"24\">:<\/td>\n<td width=\"482\">In l\u01b0\u1edbi, in \u1ea3nh UV, in chuy\u1ec3n nhi\u1ec7t, kh\u1eafc laser 2D, 3D, kh\u1eafc ch\u00ecm \u0111\u1ed5 m\u00e0u\u2026<\/td>\n<\/tr>\n<tr>\n<td width=\"132\">Th\u1eddi gian<\/td>\n<td width=\"24\">:<\/td>\n<td width=\"482\">3 \u2013 7 ng\u00e0y tu\u1ef3 theo s\u1ed1 l\u01b0\u1ee3ng<\/td>\n<\/tr>\n<tr>\n<td width=\"132\">Mi\u1ec5n ph\u00ed<\/td>\n<td width=\"24\">:<\/td>\n<td width=\"482\">&#8211;\u00a0\u00a0\u00a0\u00a0\u00a0\u00a0\u00a0\u00a0\u00a0 Ship h\u00e0ng t\u1eadn n\u01a1i<\/p>\n<p>&#8211;\u00a0\u00a0\u00a0\u00a0\u00a0\u00a0\u00a0\u00a0\u00a0 Thi\u1ebft k\u1ebf maket s\u1ea3n ph\u1ea9m<\/td>\n<\/tr>\n<tr>\n<td width=\"132\">M\u1ee5c \u0111\u00edch s\u1eed d\u1ee5ng<\/td>\n<td width=\"24\">:<\/td>\n<td width=\"482\">&#8211;\u00a0\u00a0\u00a0\u00a0\u00a0\u00a0\u00a0\u00a0\u00a0 T\u1eb7ng th\u1ea7y c\u00f4<\/p>\n<p>&#8211;\u00a0\u00a0\u00a0\u00a0\u00a0\u00a0\u00a0\u00a0\u00a0 T\u1eb7ng gi\u00e1o vi\u00ean nh\u00e2n k\u1ef7 ni\u1ec7m h\u1ed9i kho\u00e1<\/p>\n<p>&#8211;\u00a0\u00a0\u00a0\u00a0\u00a0\u00a0\u00a0\u00a0\u00a0 V\u00e0 nhi\u1ec1u s\u1ef1 ki\u1ec7n kh\u00e1c<\/td>\n<\/tr>\n<tr>\n<td width=\"132\">Link album \u1ea3nh<\/td>\n<td width=\"24\">:<\/td>\n<td width=\"482\"><a href=\"https:\/\/photos.app.goo.gl\/VWAtyxYAw2w68UuE9\" target=\"_blank\" rel=\"noopener\"><strong>https:\/\/photos.app.goo.gl\/VWAtyxYAw2w68UuE9<\/strong><\/a><\/td>\n<\/tr>\n<\/tbody>\n<\/table>\n<h2>H\u00ccNH \u1ea2NH BI\u1ec2U TR\u01afNG PHA L\u00ca C\u00d3 H\u00ccNH NG\u00d4I SAO<\/h2>\n<figure id=\"attachment_5308\" aria-describedby=\"caption-attachment-5308\" style=\"width: 900px\" class=\"wp-caption aligncenter\"><img loading=\"lazy\" decoding=\"async\" class=\"wp-image-5308 size-full\" src=\"https:\/\/quatang5sao.com\/wp-content\/uploads\/2020\/12\/Bieu-trung-pha-le-052.jpg\" alt=\"C\u00fap pha l\u00ea ng\u00f4i sao, gi\u00e1 r\u1ebb, in \u1ea5n theo y\u00eau c\u1ea7u c\u1ee7a kh\u00e1ch h\u00e0ng\" width=\"900\" height=\"1200\" title=\"\" srcset=\"https:\/\/quatang5sao.com\/wp-content\/uploads\/2020\/12\/Bieu-trung-pha-le-052.jpg 900w, https:\/\/quatang5sao.com\/wp-content\/uploads\/2020\/12\/Bieu-trung-pha-le-052-510x680.jpg 510w, https:\/\/quatang5sao.com\/wp-content\/uploads\/2020\/12\/Bieu-trung-pha-le-052-300x400.jpg 300w, https:\/\/quatang5sao.com\/wp-content\/uploads\/2020\/12\/Bieu-trung-pha-le-052-600x800.jpg 600w, https:\/\/quatang5sao.com\/wp-content\/uploads\/2020\/12\/Bieu-trung-pha-le-052-768x1024.jpg 768w\" sizes=\"auto, (max-width: 900px) 100vw, 900px\" \/><figcaption id=\"caption-attachment-5308\" class=\"wp-caption-text\">C\u00fap pha l\u00ea ng\u00f4i sao, gi\u00e1 r\u1ebb, in \u1ea5n theo y\u00eau c\u1ea7u c\u1ee7a kh\u00e1ch h\u00e0ng<\/figcaption><\/figure>\n<figure id=\"attachment_5307\" aria-describedby=\"caption-attachment-5307\" style=\"width: 900px\" class=\"wp-caption aligncenter\"><img loading=\"lazy\" decoding=\"async\" class=\"wp-image-5307 size-full\" src=\"https:\/\/quatang5sao.com\/wp-content\/uploads\/2020\/12\/Bieu-trung-pha-le-051.jpg\" alt=\"C\u00fap thu\u1ef7 tinh ng\u00f4i sao, gi\u00e1 r\u1ebb, in nhanh, in logo theo y\u00eau c\u1ea7u c\u1ee7a kh\u00e1ch h\u00e0ng\" width=\"900\" height=\"909\" title=\"\" srcset=\"https:\/\/quatang5sao.com\/wp-content\/uploads\/2020\/12\/Bieu-trung-pha-le-051.jpg 900w, https:\/\/quatang5sao.com\/wp-content\/uploads\/2020\/12\/Bieu-trung-pha-le-051-100x100.jpg 100w, https:\/\/quatang5sao.com\/wp-content\/uploads\/2020\/12\/Bieu-trung-pha-le-051-510x515.jpg 510w, https:\/\/quatang5sao.com\/wp-content\/uploads\/2020\/12\/Bieu-trung-pha-le-051-396x400.jpg 396w, https:\/\/quatang5sao.com\/wp-content\/uploads\/2020\/12\/Bieu-trung-pha-le-051-792x800.jpg 792w, https:\/\/quatang5sao.com\/wp-content\/uploads\/2020\/12\/Bieu-trung-pha-le-051-768x776.jpg 768w\" sizes=\"auto, (max-width: 900px) 100vw, 900px\" \/><figcaption id=\"caption-attachment-5307\" class=\"wp-caption-text\">C\u00fap thu\u1ef7 tinh ng\u00f4i sao, gi\u00e1 r\u1ebb, in nhanh, in logo theo y\u00eau c\u1ea7u c\u1ee7a kh\u00e1ch h\u00e0ng<\/figcaption><\/figure>\n<figure id=\"attachment_5306\" aria-describedby=\"caption-attachment-5306\" style=\"width: 900px\" class=\"wp-caption aligncenter\"><img loading=\"lazy\" decoding=\"async\" class=\"wp-image-5306 size-full\" src=\"https:\/\/quatang5sao.com\/wp-content\/uploads\/2020\/12\/Bieu-trung-pha-le-046.jpg\" alt=\"C\u00fap pha l\u00ea c\u00f3 h\u00ecnh ng\u00f4i sao v\u00e0ng, \u0111\u1eb9p v\u00e0 \u00fd ngh\u0129a\" width=\"900\" height=\"869\" title=\"\" srcset=\"https:\/\/quatang5sao.com\/wp-content\/uploads\/2020\/12\/Bieu-trung-pha-le-046.jpg 900w, https:\/\/quatang5sao.com\/wp-content\/uploads\/2020\/12\/Bieu-trung-pha-le-046-510x492.jpg 510w, https:\/\/quatang5sao.com\/wp-content\/uploads\/2020\/12\/Bieu-trung-pha-le-046-414x400.jpg 414w, https:\/\/quatang5sao.com\/wp-content\/uploads\/2020\/12\/Bieu-trung-pha-le-046-829x800.jpg 829w, https:\/\/quatang5sao.com\/wp-content\/uploads\/2020\/12\/Bieu-trung-pha-le-046-768x742.jpg 768w\" sizes=\"auto, (max-width: 900px) 100vw, 900px\" \/><figcaption id=\"caption-attachment-5306\" class=\"wp-caption-text\">C\u00fap pha l\u00ea c\u00f3 h\u00ecnh ng\u00f4i sao v\u00e0ng, \u0111\u1eb9p v\u00e0 \u00fd ngh\u0129a<\/figcaption><\/figure>\n<figure id=\"attachment_5305\" aria-describedby=\"caption-attachment-5305\" style=\"width: 900px\" class=\"wp-caption aligncenter\"><img loading=\"lazy\" decoding=\"async\" class=\"wp-image-5305 size-full\" src=\"https:\/\/quatang5sao.com\/wp-content\/uploads\/2020\/12\/Bieu-trung-pha-le-039.jpg\" alt=\"Bi\u1ec3u tr\u01b0ng pha l\u00ea ng\u00f4i sao, m\u1eabu \u0111\u1eb7c bi\u1ec7t, \u0111\u1eb9p v\u00e0 \u00fd ngh\u0129a\" width=\"900\" height=\"900\" title=\"\" srcset=\"https:\/\/quatang5sao.com\/wp-content\/uploads\/2020\/12\/Bieu-trung-pha-le-039.jpg 900w, https:\/\/quatang5sao.com\/wp-content\/uploads\/2020\/12\/Bieu-trung-pha-le-039-247x247.jpg 247w, https:\/\/quatang5sao.com\/wp-content\/uploads\/2020\/12\/Bieu-trung-pha-le-039-100x100.jpg 100w, https:\/\/quatang5sao.com\/wp-content\/uploads\/2020\/12\/Bieu-trung-pha-le-039-510x510.jpg 510w, https:\/\/quatang5sao.com\/wp-content\/uploads\/2020\/12\/Bieu-trung-pha-le-039-400x400.jpg 400w, https:\/\/quatang5sao.com\/wp-content\/uploads\/2020\/12\/Bieu-trung-pha-le-039-800x800.jpg 800w, https:\/\/quatang5sao.com\/wp-content\/uploads\/2020\/12\/Bieu-trung-pha-le-039-280x280.jpg 280w, https:\/\/quatang5sao.com\/wp-content\/uploads\/2020\/12\/Bieu-trung-pha-le-039-768x768.jpg 768w\" sizes=\"auto, (max-width: 900px) 100vw, 900px\" \/><figcaption id=\"caption-attachment-5305\" class=\"wp-caption-text\">Bi\u1ec3u tr\u01b0ng pha l\u00ea ng\u00f4i sao, m\u1eabu \u0111\u1eb7c bi\u1ec7t, \u0111\u1eb9p v\u00e0 \u00fd ngh\u0129a<\/figcaption><\/figure>\n<figure id=\"attachment_5304\" aria-describedby=\"caption-attachment-5304\" style=\"width: 900px\" class=\"wp-caption aligncenter\"><img loading=\"lazy\" decoding=\"async\" class=\"wp-image-5304 size-full\" src=\"https:\/\/quatang5sao.com\/wp-content\/uploads\/2020\/12\/Bieu-trung-pha-le-038.jpg\" alt=\"C\u00fap thu\u1ef7 tinh ng\u00f4i sao, in \u1ea5n theo y\u00eau c\u1ea7u c\u1ee7a kh\u00e1ch h\u00e0ng\" width=\"900\" height=\"900\" title=\"\" srcset=\"https:\/\/quatang5sao.com\/wp-content\/uploads\/2020\/12\/Bieu-trung-pha-le-038.jpg 900w, https:\/\/quatang5sao.com\/wp-content\/uploads\/2020\/12\/Bieu-trung-pha-le-038-247x247.jpg 247w, https:\/\/quatang5sao.com\/wp-content\/uploads\/2020\/12\/Bieu-trung-pha-le-038-100x100.jpg 100w, https:\/\/quatang5sao.com\/wp-content\/uploads\/2020\/12\/Bieu-trung-pha-le-038-510x510.jpg 510w, https:\/\/quatang5sao.com\/wp-content\/uploads\/2020\/12\/Bieu-trung-pha-le-038-400x400.jpg 400w, https:\/\/quatang5sao.com\/wp-content\/uploads\/2020\/12\/Bieu-trung-pha-le-038-800x800.jpg 800w, https:\/\/quatang5sao.com\/wp-content\/uploads\/2020\/12\/Bieu-trung-pha-le-038-280x280.jpg 280w, https:\/\/quatang5sao.com\/wp-content\/uploads\/2020\/12\/Bieu-trung-pha-le-038-768x768.jpg 768w\" sizes=\"auto, (max-width: 900px) 100vw, 900px\" \/><figcaption id=\"caption-attachment-5304\" class=\"wp-caption-text\">C\u00fap thu\u1ef7 tinh ng\u00f4i sao, in \u1ea5n theo y\u00eau c\u1ea7u c\u1ee7a kh\u00e1ch h\u00e0ng<\/figcaption><\/figure>\n<figure id=\"attachment_5303\" aria-describedby=\"caption-attachment-5303\" style=\"width: 900px\" class=\"wp-caption aligncenter\"><img loading=\"lazy\" decoding=\"async\" class=\"wp-image-5303 size-full\" src=\"https:\/\/quatang5sao.com\/wp-content\/uploads\/2020\/12\/Bieu-trung-pha-le-037.jpg\" alt=\"C\u00fap ng\u00f4i sao, \u0111\u1ebf m\u00e0u \u0111en,in \u1ea5n theo y\u00eau c\u1ea7u c\u1ee7a kh\u00e1ch h\u00e0ng\" width=\"900\" height=\"900\" title=\"\" srcset=\"https:\/\/quatang5sao.com\/wp-content\/uploads\/2020\/12\/Bieu-trung-pha-le-037.jpg 900w, https:\/\/quatang5sao.com\/wp-content\/uploads\/2020\/12\/Bieu-trung-pha-le-037-247x247.jpg 247w, https:\/\/quatang5sao.com\/wp-content\/uploads\/2020\/12\/Bieu-trung-pha-le-037-100x100.jpg 100w, https:\/\/quatang5sao.com\/wp-content\/uploads\/2020\/12\/Bieu-trung-pha-le-037-510x510.jpg 510w, https:\/\/quatang5sao.com\/wp-content\/uploads\/2020\/12\/Bieu-trung-pha-le-037-400x400.jpg 400w, https:\/\/quatang5sao.com\/wp-content\/uploads\/2020\/12\/Bieu-trung-pha-le-037-800x800.jpg 800w, https:\/\/quatang5sao.com\/wp-content\/uploads\/2020\/12\/Bieu-trung-pha-le-037-280x280.jpg 280w, https:\/\/quatang5sao.com\/wp-content\/uploads\/2020\/12\/Bieu-trung-pha-le-037-768x768.jpg 768w\" sizes=\"auto, (max-width: 900px) 100vw, 900px\" \/><figcaption id=\"caption-attachment-5303\" class=\"wp-caption-text\">C\u00fap ng\u00f4i sao, \u0111\u1ebf m\u00e0u \u0111en,in \u1ea5n theo y\u00eau c\u1ea7u c\u1ee7a kh\u00e1ch h\u00e0ng<\/figcaption><\/figure>\n<figure id=\"attachment_5302\" aria-describedby=\"caption-attachment-5302\" style=\"width: 900px\" class=\"wp-caption aligncenter\"><img loading=\"lazy\" decoding=\"async\" class=\"wp-image-5302 size-full\" src=\"https:\/\/quatang5sao.com\/wp-content\/uploads\/2020\/12\/Bieu-trung-pha-le-036.jpg\" alt=\"Bi\u1ec3u tr\u01b0ng pha l\u00ea ng\u00f4i sao, in th\u00f4ng tin theo y\u00eau c\u1ea7u, in nhanh gi\u00e1 r\u1ebb\" width=\"900\" height=\"843\" title=\"\" srcset=\"https:\/\/quatang5sao.com\/wp-content\/uploads\/2020\/12\/Bieu-trung-pha-le-036.jpg 900w, https:\/\/quatang5sao.com\/wp-content\/uploads\/2020\/12\/Bieu-trung-pha-le-036-510x478.jpg 510w, https:\/\/quatang5sao.com\/wp-content\/uploads\/2020\/12\/Bieu-trung-pha-le-036-427x400.jpg 427w, https:\/\/quatang5sao.com\/wp-content\/uploads\/2020\/12\/Bieu-trung-pha-le-036-854x800.jpg 854w, https:\/\/quatang5sao.com\/wp-content\/uploads\/2020\/12\/Bieu-trung-pha-le-036-768x719.jpg 768w\" sizes=\"auto, (max-width: 900px) 100vw, 900px\" \/><figcaption id=\"caption-attachment-5302\" class=\"wp-caption-text\">Bi\u1ec3u tr\u01b0ng pha l\u00ea ng\u00f4i sao, in th\u00f4ng tin theo y\u00eau c\u1ea7u, in nhanh gi\u00e1 r\u1ebb<\/figcaption><\/figure>\n<figure id=\"attachment_5301\" aria-describedby=\"caption-attachment-5301\" style=\"width: 900px\" class=\"wp-caption aligncenter\"><img loading=\"lazy\" decoding=\"async\" class=\"wp-image-5301 size-full\" src=\"https:\/\/quatang5sao.com\/wp-content\/uploads\/2020\/12\/Bieu-trung-pha-le-035.jpg\" alt=\"Bi\u1ec3u tr\u01b0ng pha l\u00ea ng\u00f4i sao, kh\u00f4ng \u0111\u1ebf, \u0111\u1eb9p v\u00e0 \u00fd ngh\u0129a, in \u1ea5n theo y\u00eau c\u1ea7u\" width=\"900\" height=\"900\" title=\"\" srcset=\"https:\/\/quatang5sao.com\/wp-content\/uploads\/2020\/12\/Bieu-trung-pha-le-035.jpg 900w, https:\/\/quatang5sao.com\/wp-content\/uploads\/2020\/12\/Bieu-trung-pha-le-035-247x247.jpg 247w, https:\/\/quatang5sao.com\/wp-content\/uploads\/2020\/12\/Bieu-trung-pha-le-035-100x100.jpg 100w, https:\/\/quatang5sao.com\/wp-content\/uploads\/2020\/12\/Bieu-trung-pha-le-035-510x510.jpg 510w, https:\/\/quatang5sao.com\/wp-content\/uploads\/2020\/12\/Bieu-trung-pha-le-035-400x400.jpg 400w, https:\/\/quatang5sao.com\/wp-content\/uploads\/2020\/12\/Bieu-trung-pha-le-035-800x800.jpg 800w, https:\/\/quatang5sao.com\/wp-content\/uploads\/2020\/12\/Bieu-trung-pha-le-035-280x280.jpg 280w, https:\/\/quatang5sao.com\/wp-content\/uploads\/2020\/12\/Bieu-trung-pha-le-035-768x768.jpg 768w\" sizes=\"auto, (max-width: 900px) 100vw, 900px\" \/><figcaption id=\"caption-attachment-5301\" class=\"wp-caption-text\">Bi\u1ec3u tr\u01b0ng pha l\u00ea ng\u00f4i sao, kh\u00f4ng \u0111\u1ebf, \u0111\u1eb9p v\u00e0 \u00fd ngh\u0129a, in \u1ea5n theo y\u00eau c\u1ea7u<\/figcaption><\/figure>\n<figure id=\"attachment_5300\" aria-describedby=\"caption-attachment-5300\" style=\"width: 900px\" class=\"wp-caption aligncenter\"><img loading=\"lazy\" decoding=\"async\" class=\"wp-image-5300 size-full\" src=\"https:\/\/quatang5sao.com\/wp-content\/uploads\/2020\/12\/Bieu-trung-pha-le-034.jpg\" alt=\"Bi\u1ec3u tr\u01b0ng pha l\u00ea c\u00f3 h\u00ecnh ng\u00f4i sao, s\u1eed d\u1ee5ng l\u00e0m qu\u00e0 t\u1eb7ng pha l\u00ea\" width=\"900\" height=\"1100\" title=\"\" srcset=\"https:\/\/quatang5sao.com\/wp-content\/uploads\/2020\/12\/Bieu-trung-pha-le-034.jpg 900w, https:\/\/quatang5sao.com\/wp-content\/uploads\/2020\/12\/Bieu-trung-pha-le-034-510x623.jpg 510w, https:\/\/quatang5sao.com\/wp-content\/uploads\/2020\/12\/Bieu-trung-pha-le-034-327x400.jpg 327w, https:\/\/quatang5sao.com\/wp-content\/uploads\/2020\/12\/Bieu-trung-pha-le-034-655x800.jpg 655w, https:\/\/quatang5sao.com\/wp-content\/uploads\/2020\/12\/Bieu-trung-pha-le-034-768x939.jpg 768w\" sizes=\"auto, (max-width: 900px) 100vw, 900px\" \/><figcaption id=\"caption-attachment-5300\" class=\"wp-caption-text\">Bi\u1ec3u tr\u01b0ng pha l\u00ea c\u00f3 h\u00ecnh ng\u00f4i sao, s\u1eed d\u1ee5ng l\u00e0m qu\u00e0 t\u1eb7ng pha l\u00ea<\/figcaption><\/figure>\n<figure id=\"attachment_5299\" aria-describedby=\"caption-attachment-5299\" style=\"width: 900px\" class=\"wp-caption aligncenter\"><img loading=\"lazy\" decoding=\"async\" class=\"wp-image-5299 size-full\" src=\"https:\/\/quatang5sao.com\/wp-content\/uploads\/2020\/12\/Bieu-trung-pha-le-033.jpg\" alt=\"Bi\u1ec3u tr\u01b0ng pha l\u00ea ng\u00f4i sao, in \u1ea5n logo theo y\u00eau c\u1ea7u c\u1ee7a kh\u00e1ch h\u00e0ng\" width=\"900\" height=\"917\" title=\"\" srcset=\"https:\/\/quatang5sao.com\/wp-content\/uploads\/2020\/12\/Bieu-trung-pha-le-033.jpg 900w, https:\/\/quatang5sao.com\/wp-content\/uploads\/2020\/12\/Bieu-trung-pha-le-033-510x520.jpg 510w, https:\/\/quatang5sao.com\/wp-content\/uploads\/2020\/12\/Bieu-trung-pha-le-033-393x400.jpg 393w, https:\/\/quatang5sao.com\/wp-content\/uploads\/2020\/12\/Bieu-trung-pha-le-033-785x800.jpg 785w, https:\/\/quatang5sao.com\/wp-content\/uploads\/2020\/12\/Bieu-trung-pha-le-033-768x783.jpg 768w\" sizes=\"auto, (max-width: 900px) 100vw, 900px\" \/><figcaption id=\"caption-attachment-5299\" class=\"wp-caption-text\">Bi\u1ec3u tr\u01b0ng pha l\u00ea ng\u00f4i sao, in \u1ea5n logo theo y\u00eau c\u1ea7u c\u1ee7a kh\u00e1ch h\u00e0ng<\/figcaption><\/figure>\n<h2>LI\u00caN H\u1ec6 \u0110\u1eb6T H\u00c0NG BI\u1ec2U TR\u01afNG PHA L\u00ca<\/h2>\n<p><strong>\u2665\u2665\u2665\u00a0\u00a0 Website:\u00a0<a href=\"https:\/\/quatang5sao.com\/en\/\">quatang5sao.com<\/a><\/strong><strong>\u00a0\u2665\u2665\u2665 Email:\u00a0<a href=\"mailto:quatang236@gmail.com\">quatang236@gmail.com<\/a><\/strong><strong>\u00a0\u2665\u2665\u2665<\/strong><\/p>\n<p><strong>K\u00eanh ch\u00e1t Online t\u1ea1i website;\u00a0<\/strong><strong>Or direct at 2 address:<\/strong><\/p>\n<p><strong>S\u1ed1 1, L\u0129nh Nam, Ho\u00e0ng Mai, H\u00e0 N\u1ed9i \u2013 Hotline, Zalo: 0917.322.230<\/strong><\/p>\n<p><strong>S\u1ed1 214 V\u00f5 V\u0103n Ng\u00e2n, B\u00ecnh Th\u1ecd, Th\u1ee7 \u0110\u1ee9c, TP H\u1ed3 Ch\u00ed Minh \u2013 Hotline, Zalo: 0988902220<\/strong><\/p>","protected":false},"excerpt":{"rendered":"<ul>\n<li>Crystal Trophy<\/li>\n<li>Print according to the customer's request<\/li>\n<li>Many models<\/li>\n<li>Good Quality &amp; Fast<\/li>\n<li>Free designing<\/li>\n<\/ul>","protected":false},"featured_media":5301,"comment_status":"open","ping_status":"closed","template":"","meta":[],"product_brand":[],"product_cat":[698,696,697],"product_tag":[704,705,707,703,699,700,702,701,706],"class_list":{"0":"post-5298","1":"product","2":"type-product","3":"status-publish","4":"has-post-thumbnail","6":"product_cat-bieu-trung-pha-le","7":"product_cat-cup-pha-le-gia-re","8":"product_cat-cup-thuy-tinh","9":"product_tag-bieu-trung-pha-le","10":"product_tag-bieu-trung-phale","11":"product_tag-cup-golf-pha-le","12":"product_tag-cup-pha-le","13":"product_tag-cup-pha-le-gia-re","14":"product_tag-cup-pha-le-luu-niem","15":"product_tag-cup-tennis-pha-le","16":"product_tag-cup-thuy-tinh","17":"product_tag-san-xuat-cup-pha-le","19":"first","20":"instock","21":"shipping-taxable","22":"product-type-simple"},"amp_enabled":true,"_links":{"self":[{"href":"https:\/\/quatang5sao.com\/en\/wp-json\/wp\/v2\/product\/5298","targetHints":{"allow":["GET"]}}],"collection":[{"href":"https:\/\/quatang5sao.com\/en\/wp-json\/wp\/v2\/product"}],"about":[{"href":"https:\/\/quatang5sao.com\/en\/wp-json\/wp\/v2\/types\/product"}],"replies":[{"embeddable":true,"href":"https:\/\/quatang5sao.com\/en\/wp-json\/wp\/v2\/comments?post=5298"}],"wp:featuredmedia":[{"embeddable":true,"href":"https:\/\/quatang5sao.com\/en\/wp-json\/wp\/v2\/media\/5301"}],"wp:attachment":[{"href":"https:\/\/quatang5sao.com\/en\/wp-json\/wp\/v2\/media?parent=5298"}],"wp:term":[{"taxonomy":"product_brand","embeddable":true,"href":"https:\/\/quatang5sao.com\/en\/wp-json\/wp\/v2\/product_brand?post=5298"},{"taxonomy":"product_cat","embeddable":true,"href":"https:\/\/quatang5sao.com\/en\/wp-json\/wp\/v2\/product_cat?post=5298"},{"taxonomy":"product_tag","embeddable":true,"href":"https:\/\/quatang5sao.com\/en\/wp-json\/wp\/v2\/product_tag?post=5298"}],"curies":[{"name":"wp","href":"https:\/\/api.w.org\/{rel}","templated":true}]}}