{"id":5281,"date":"2020-12-20T16:20:57","date_gmt":"2020-12-20T09:20:57","guid":{"rendered":"https:\/\/quatang5sao.com\/?post_type=product&#038;p=5281"},"modified":"2020-12-20T23:09:14","modified_gmt":"2020-12-20T16:09:14","slug":"bieu-trung-pha-le-hinh-giot-nuoc","status":"publish","type":"product","link":"https:\/\/quatang5sao.com\/en\/bieu-trung-pha-le-hinh-giot-nuoc\/","title":{"rendered":"Bi\u1ec3u tr\u01b0ng pha l\u00ea h\u00ecnh gi\u1ecdt n\u01b0\u1edbc"},"content":{"rendered":"<h2>BI\u1ec2U TR\u01afNG PHA L\u00ca H\u00ccNH GI\u1eccT N\u01af\u1edaC<\/h2>\n<table>\n<tbody>\n<tr>\n<td width=\"132\">Product<\/td>\n<td width=\"24\">:<\/td>\n<td width=\"482\"><a href=\"https:\/\/quatang5sao.com\/en\/bieu-trung-pha-le\/\">Bi\u1ec3u tr\u01b0ng pha l\u00ea h\u00ecnh gi\u1ecdt n\u01b0\u1edbc<\/a><\/td>\n<\/tr>\n<tr>\n<td width=\"132\">Ch\u1ea5t li\u1ec7u<\/td>\n<td width=\"24\">:<\/td>\n<td width=\"482\">Pha l\u00ea<\/td>\n<\/tr>\n<tr>\n<td width=\"132\">\u0110\u01a1n gi\u00e1<\/td>\n<td width=\"24\">:<\/td>\n<td width=\"482\">B\u00e1o gi\u00e1 theo s\u1ed1 l\u01b0\u1ee3ng<\/td>\n<\/tr>\n<tr>\n<td width=\"132\">Gia c\u00f4ng<\/td>\n<td width=\"24\">:<\/td>\n<td width=\"482\">In l\u01b0\u1edbi, in \u1ea3nh UV, in chuy\u1ec3n nhi\u1ec7t, kh\u1eafc laser 2D, 3D, kh\u1eafc ch\u00ecm \u0111\u1ed5 m\u00e0u\u2026<\/td>\n<\/tr>\n<tr>\n<td width=\"132\">Th\u1eddi gian<\/td>\n<td width=\"24\">:<\/td>\n<td width=\"482\">3 \u2013 7 ng\u00e0y tu\u1ef3 theo s\u1ed1 l\u01b0\u1ee3ng<\/td>\n<\/tr>\n<tr>\n<td width=\"132\">Mi\u1ec5n ph\u00ed<\/td>\n<td width=\"24\">:<\/td>\n<td width=\"482\">&#8211;\u00a0\u00a0\u00a0\u00a0\u00a0\u00a0\u00a0\u00a0\u00a0 Ship h\u00e0ng t\u1eadn n\u01a1i<\/p>\n<p>&#8211;\u00a0\u00a0\u00a0\u00a0\u00a0\u00a0\u00a0\u00a0\u00a0 Thi\u1ebft k\u1ebf maket s\u1ea3n ph\u1ea9m<\/td>\n<\/tr>\n<tr>\n<td width=\"132\">M\u1ee5c \u0111\u00edch s\u1eed d\u1ee5ng<\/td>\n<td width=\"24\">:<\/td>\n<td width=\"482\">&#8211;\u00a0\u00a0\u00a0\u00a0\u00a0\u00a0\u00a0\u00a0\u00a0 T\u1eb7ng th\u1ea7y c\u00f4<\/p>\n<p>&#8211;\u00a0\u00a0\u00a0\u00a0\u00a0\u00a0\u00a0\u00a0\u00a0 T\u1eb7ng gi\u00e1o vi\u00ean nh\u00e2n k\u1ef7 ni\u1ec7m h\u1ed9i kho\u00e1<\/p>\n<p>&#8211;\u00a0\u00a0\u00a0\u00a0\u00a0\u00a0\u00a0\u00a0\u00a0 V\u00e0 nhi\u1ec1u s\u1ef1 ki\u1ec7n kh\u00e1c<\/td>\n<\/tr>\n<tr>\n<td width=\"132\">Link album \u1ea3nh<\/td>\n<td width=\"24\">:<\/td>\n<td width=\"482\"><a href=\"https:\/\/photos.app.goo.gl\/VWAtyxYAw2w68UuE9\" target=\"_blank\" rel=\"noopener\"><strong>https:\/\/photos.app.goo.gl\/VWAtyxYAw2w68UuE9<\/strong><\/a><\/td>\n<\/tr>\n<\/tbody>\n<\/table>\n<h2>H\u00ccNH \u1ea2NH BI\u1ec2U TR\u01afNG PHA L\u00ca<\/h2>\n<figure id=\"attachment_5278\" aria-describedby=\"caption-attachment-5278\" style=\"width: 900px\" class=\"wp-caption aligncenter\"><img loading=\"lazy\" decoding=\"async\" class=\"wp-image-5278 size-full\" src=\"https:\/\/quatang5sao.com\/wp-content\/uploads\/2020\/12\/Bieu-trung-pha-le-012-1.jpg\" alt=\"Bi\u1ec3u tr\u01b0ng pha l\u00ea h\u00ecnh c\u00e1nh sen d\u00e0nh cho s\u1ef1 ki\u1ec7n trao gi\u1ea3i \u00e2m nh\u1ea1c t\u00ecm gi\u1ecdng h\u00e1t v\u00e0ng\" width=\"900\" height=\"1200\" title=\"\" srcset=\"https:\/\/quatang5sao.com\/wp-content\/uploads\/2020\/12\/Bieu-trung-pha-le-012-1.jpg 900w, https:\/\/quatang5sao.com\/wp-content\/uploads\/2020\/12\/Bieu-trung-pha-le-012-1-510x680.jpg 510w, https:\/\/quatang5sao.com\/wp-content\/uploads\/2020\/12\/Bieu-trung-pha-le-012-1-300x400.jpg 300w, https:\/\/quatang5sao.com\/wp-content\/uploads\/2020\/12\/Bieu-trung-pha-le-012-1-600x800.jpg 600w, https:\/\/quatang5sao.com\/wp-content\/uploads\/2020\/12\/Bieu-trung-pha-le-012-1-768x1024.jpg 768w\" sizes=\"auto, (max-width: 900px) 100vw, 900px\" \/><figcaption id=\"caption-attachment-5278\" class=\"wp-caption-text\">Bi\u1ec3u tr\u01b0ng pha l\u00ea h\u00ecnh c\u00e1nh sen d\u00e0nh cho s\u1ef1 ki\u1ec7n trao gi\u1ea3i \u00e2m nh\u1ea1c t\u00ecm gi\u1ecdng h\u00e1t v\u00e0ng<\/figcaption><\/figure>\n<figure id=\"attachment_5277\" aria-describedby=\"caption-attachment-5277\" style=\"width: 900px\" class=\"wp-caption aligncenter\"><img loading=\"lazy\" decoding=\"async\" class=\"wp-image-5277 size-full\" src=\"https:\/\/quatang5sao.com\/wp-content\/uploads\/2020\/12\/Bieu-trung-pha-le-003.jpg\" alt=\"Bi\u1ec3u tr\u01b0ng pha l\u00ea h\u00ecnh c\u00e1nh sen d\u00e0nh t\u1eb7ng gi\u00e1o vi\u00ean nh\u00e2n ng\u00e0y nh\u00e0 gi\u00e1o Vi\u1ec7t Nam\" width=\"900\" height=\"1200\" title=\"\" srcset=\"https:\/\/quatang5sao.com\/wp-content\/uploads\/2020\/12\/Bieu-trung-pha-le-003.jpg 900w, https:\/\/quatang5sao.com\/wp-content\/uploads\/2020\/12\/Bieu-trung-pha-le-003-510x680.jpg 510w, https:\/\/quatang5sao.com\/wp-content\/uploads\/2020\/12\/Bieu-trung-pha-le-003-300x400.jpg 300w, https:\/\/quatang5sao.com\/wp-content\/uploads\/2020\/12\/Bieu-trung-pha-le-003-600x800.jpg 600w, https:\/\/quatang5sao.com\/wp-content\/uploads\/2020\/12\/Bieu-trung-pha-le-003-768x1024.jpg 768w\" sizes=\"auto, (max-width: 900px) 100vw, 900px\" \/><figcaption id=\"caption-attachment-5277\" class=\"wp-caption-text\">Bi\u1ec3u tr\u01b0ng pha l\u00ea h\u00ecnh c\u00e1nh sen d\u00e0nh t\u1eb7ng gi\u00e1o vi\u00ean nh\u00e2n ng\u00e0y nh\u00e0 gi\u00e1o Vi\u1ec7t Nam<\/figcaption><\/figure>\n<figure id=\"attachment_5275\" aria-describedby=\"caption-attachment-5275\" style=\"width: 900px\" class=\"wp-caption aligncenter\"><img loading=\"lazy\" decoding=\"async\" class=\"wp-image-5275 size-full\" src=\"https:\/\/quatang5sao.com\/wp-content\/uploads\/2020\/12\/Bieu-trung-pha-le-020.jpg\" alt=\"Bi\u1ec3u tr\u01b0ng pha l\u00ea h\u00ecnh c\u00e1nh sen, nh\u1eadn in bi\u1ec3u tr\u01b0ng pha l\u00ea theo y\u00eau c\u1ea7u\" width=\"900\" height=\"1172\" title=\"\" srcset=\"https:\/\/quatang5sao.com\/wp-content\/uploads\/2020\/12\/Bieu-trung-pha-le-020.jpg 900w, https:\/\/quatang5sao.com\/wp-content\/uploads\/2020\/12\/Bieu-trung-pha-le-020-510x664.jpg 510w, https:\/\/quatang5sao.com\/wp-content\/uploads\/2020\/12\/Bieu-trung-pha-le-020-307x400.jpg 307w, https:\/\/quatang5sao.com\/wp-content\/uploads\/2020\/12\/Bieu-trung-pha-le-020-614x800.jpg 614w, https:\/\/quatang5sao.com\/wp-content\/uploads\/2020\/12\/Bieu-trung-pha-le-020-768x1000.jpg 768w\" sizes=\"auto, (max-width: 900px) 100vw, 900px\" \/><figcaption id=\"caption-attachment-5275\" class=\"wp-caption-text\">Bi\u1ec3u tr\u01b0ng pha l\u00ea h\u00ecnh c\u00e1nh sen, nh\u1eadn in bi\u1ec3u tr\u01b0ng pha l\u00ea theo y\u00eau c\u1ea7u<\/figcaption><\/figure>\n<figure id=\"attachment_5274\" aria-describedby=\"caption-attachment-5274\" style=\"width: 900px\" class=\"wp-caption aligncenter\"><img loading=\"lazy\" decoding=\"async\" class=\"wp-image-5274 size-full\" src=\"https:\/\/quatang5sao.com\/wp-content\/uploads\/2020\/12\/Bieu-trung-pha-le-018.jpg\" alt=\"Bi\u1ec3u tr\u01b0ng pha l\u00ea h\u00ecnh c\u00e1nh sen mang \u00fd ngh\u0129a t\u00f4n vinh v\u00e0 tri \u00e2n\" width=\"900\" height=\"1132\" title=\"\" srcset=\"https:\/\/quatang5sao.com\/wp-content\/uploads\/2020\/12\/Bieu-trung-pha-le-018.jpg 900w, https:\/\/quatang5sao.com\/wp-content\/uploads\/2020\/12\/Bieu-trung-pha-le-018-510x641.jpg 510w, https:\/\/quatang5sao.com\/wp-content\/uploads\/2020\/12\/Bieu-trung-pha-le-018-318x400.jpg 318w, https:\/\/quatang5sao.com\/wp-content\/uploads\/2020\/12\/Bieu-trung-pha-le-018-636x800.jpg 636w, https:\/\/quatang5sao.com\/wp-content\/uploads\/2020\/12\/Bieu-trung-pha-le-018-768x966.jpg 768w\" sizes=\"auto, (max-width: 900px) 100vw, 900px\" \/><figcaption id=\"caption-attachment-5274\" class=\"wp-caption-text\">Bi\u1ec3u tr\u01b0ng pha l\u00ea h\u00ecnh c\u00e1nh sen mang \u00fd ngh\u0129a t\u00f4n vinh v\u00e0 tri \u00e2n<\/figcaption><\/figure>\n<figure id=\"attachment_5273\" aria-describedby=\"caption-attachment-5273\" style=\"width: 900px\" class=\"wp-caption aligncenter\"><img loading=\"lazy\" decoding=\"async\" class=\"wp-image-5273 size-full\" src=\"https:\/\/quatang5sao.com\/wp-content\/uploads\/2020\/12\/Bieu-trung-pha-le-017.jpg\" alt=\"Bi\u1ec3u tr\u01b0ng pha l\u00ea h\u00ecnh gi\u1ecdt n\u01b0\u1edbc gi\u00e1 r\u1ebb, \u0111\u1eb9p m\u00e0 \u00fd ngh\u0129a\" width=\"900\" height=\"1187\" title=\"\" srcset=\"https:\/\/quatang5sao.com\/wp-content\/uploads\/2020\/12\/Bieu-trung-pha-le-017.jpg 900w, https:\/\/quatang5sao.com\/wp-content\/uploads\/2020\/12\/Bieu-trung-pha-le-017-510x673.jpg 510w, https:\/\/quatang5sao.com\/wp-content\/uploads\/2020\/12\/Bieu-trung-pha-le-017-303x400.jpg 303w, https:\/\/quatang5sao.com\/wp-content\/uploads\/2020\/12\/Bieu-trung-pha-le-017-607x800.jpg 607w, https:\/\/quatang5sao.com\/wp-content\/uploads\/2020\/12\/Bieu-trung-pha-le-017-768x1013.jpg 768w\" sizes=\"auto, (max-width: 900px) 100vw, 900px\" \/><figcaption id=\"caption-attachment-5273\" class=\"wp-caption-text\">Bi\u1ec3u tr\u01b0ng pha l\u00ea h\u00ecnh gi\u1ecdt n\u01b0\u1edbc gi\u00e1 r\u1ebb, \u0111\u1eb9p m\u00e0 \u00fd ngh\u0129a<\/figcaption><\/figure>\n<figure id=\"attachment_5272\" aria-describedby=\"caption-attachment-5272\" style=\"width: 900px\" class=\"wp-caption aligncenter\"><img loading=\"lazy\" decoding=\"async\" class=\"wp-image-5272 size-full\" src=\"https:\/\/quatang5sao.com\/wp-content\/uploads\/2020\/12\/Bieu-trung-pha-le-016.jpg\" alt=\"Bi\u1ec3u tr\u01b0ng pha l\u00ea h\u00ecnh gi\u1ecdt n\u01b0\u1edbc in \u1ea5n theo y\u00eau c\u1ea7u\" width=\"900\" height=\"900\" title=\"\" srcset=\"https:\/\/quatang5sao.com\/wp-content\/uploads\/2020\/12\/Bieu-trung-pha-le-016.jpg 900w, https:\/\/quatang5sao.com\/wp-content\/uploads\/2020\/12\/Bieu-trung-pha-le-016-247x247.jpg 247w, https:\/\/quatang5sao.com\/wp-content\/uploads\/2020\/12\/Bieu-trung-pha-le-016-100x100.jpg 100w, https:\/\/quatang5sao.com\/wp-content\/uploads\/2020\/12\/Bieu-trung-pha-le-016-510x510.jpg 510w, https:\/\/quatang5sao.com\/wp-content\/uploads\/2020\/12\/Bieu-trung-pha-le-016-400x400.jpg 400w, https:\/\/quatang5sao.com\/wp-content\/uploads\/2020\/12\/Bieu-trung-pha-le-016-800x800.jpg 800w, https:\/\/quatang5sao.com\/wp-content\/uploads\/2020\/12\/Bieu-trung-pha-le-016-280x280.jpg 280w, https:\/\/quatang5sao.com\/wp-content\/uploads\/2020\/12\/Bieu-trung-pha-le-016-768x768.jpg 768w\" sizes=\"auto, (max-width: 900px) 100vw, 900px\" \/><figcaption id=\"caption-attachment-5272\" class=\"wp-caption-text\">Bi\u1ec3u tr\u01b0ng pha l\u00ea h\u00ecnh gi\u1ecdt n\u01b0\u1edbc in \u1ea5n theo y\u00eau c\u1ea7u<\/figcaption><\/figure>\n<figure id=\"attachment_5271\" aria-describedby=\"caption-attachment-5271\" style=\"width: 900px\" class=\"wp-caption aligncenter\"><img loading=\"lazy\" decoding=\"async\" class=\"wp-image-5271 size-full\" src=\"https:\/\/quatang5sao.com\/wp-content\/uploads\/2020\/12\/Bieu-trung-pha-le-015-1.jpg\" alt=\"Bi\u1ec3u tr\u01b0ng pha l\u00ea h\u00ecnh gi\u1ecdt n\u01b0\u1edbc m\u00e0i b\u00f3ng c\u1ea1nh, s\u1eed d\u1ee5ng l\u00e0m qu\u00e0 t\u1eb7ng bi\u1ec3u tr\u01b0ng pha l\u00ea\" width=\"900\" height=\"900\" title=\"\" srcset=\"https:\/\/quatang5sao.com\/wp-content\/uploads\/2020\/12\/Bieu-trung-pha-le-015-1.jpg 900w, https:\/\/quatang5sao.com\/wp-content\/uploads\/2020\/12\/Bieu-trung-pha-le-015-1-247x247.jpg 247w, https:\/\/quatang5sao.com\/wp-content\/uploads\/2020\/12\/Bieu-trung-pha-le-015-1-100x100.jpg 100w, https:\/\/quatang5sao.com\/wp-content\/uploads\/2020\/12\/Bieu-trung-pha-le-015-1-510x510.jpg 510w, https:\/\/quatang5sao.com\/wp-content\/uploads\/2020\/12\/Bieu-trung-pha-le-015-1-400x400.jpg 400w, https:\/\/quatang5sao.com\/wp-content\/uploads\/2020\/12\/Bieu-trung-pha-le-015-1-800x800.jpg 800w, https:\/\/quatang5sao.com\/wp-content\/uploads\/2020\/12\/Bieu-trung-pha-le-015-1-280x280.jpg 280w, https:\/\/quatang5sao.com\/wp-content\/uploads\/2020\/12\/Bieu-trung-pha-le-015-1-768x768.jpg 768w\" sizes=\"auto, (max-width: 900px) 100vw, 900px\" \/><figcaption id=\"caption-attachment-5271\" class=\"wp-caption-text\">Bi\u1ec3u tr\u01b0ng pha l\u00ea h\u00ecnh gi\u1ecdt n\u01b0\u1edbc m\u00e0i b\u00f3ng c\u1ea1nh, s\u1eed d\u1ee5ng l\u00e0m qu\u00e0 t\u1eb7ng bi\u1ec3u tr\u01b0ng pha l\u00ea<\/figcaption><\/figure>\n<figure id=\"attachment_5270\" aria-describedby=\"caption-attachment-5270\" style=\"width: 900px\" class=\"wp-caption aligncenter\"><img loading=\"lazy\" decoding=\"async\" class=\"wp-image-5270 size-full\" src=\"https:\/\/quatang5sao.com\/wp-content\/uploads\/2020\/12\/Bieu-trung-pha-le-014.jpg\" alt=\"Bi\u1ec3u tr\u01b0ng pha l\u00ea h\u00ecnh c\u00e1nh sen, gi\u00e1 r\u1ebb, \u0111\u1eb9p\" width=\"900\" height=\"900\" title=\"\" srcset=\"https:\/\/quatang5sao.com\/wp-content\/uploads\/2020\/12\/Bieu-trung-pha-le-014.jpg 900w, https:\/\/quatang5sao.com\/wp-content\/uploads\/2020\/12\/Bieu-trung-pha-le-014-247x247.jpg 247w, https:\/\/quatang5sao.com\/wp-content\/uploads\/2020\/12\/Bieu-trung-pha-le-014-100x100.jpg 100w, https:\/\/quatang5sao.com\/wp-content\/uploads\/2020\/12\/Bieu-trung-pha-le-014-510x510.jpg 510w, https:\/\/quatang5sao.com\/wp-content\/uploads\/2020\/12\/Bieu-trung-pha-le-014-400x400.jpg 400w, https:\/\/quatang5sao.com\/wp-content\/uploads\/2020\/12\/Bieu-trung-pha-le-014-800x800.jpg 800w, https:\/\/quatang5sao.com\/wp-content\/uploads\/2020\/12\/Bieu-trung-pha-le-014-280x280.jpg 280w, https:\/\/quatang5sao.com\/wp-content\/uploads\/2020\/12\/Bieu-trung-pha-le-014-768x768.jpg 768w\" sizes=\"auto, (max-width: 900px) 100vw, 900px\" \/><figcaption id=\"caption-attachment-5270\" class=\"wp-caption-text\">Bi\u1ec3u tr\u01b0ng pha l\u00ea h\u00ecnh c\u00e1nh sen, gi\u00e1 r\u1ebb, \u0111\u1eb9p<\/figcaption><\/figure>\n<h2>LI\u00caN H\u1ec6 \u0110\u1eb6T H\u00c0NG BI\u1ec2U TR\u01afNG PHA L\u00ca<\/h2>\n<p><strong>Hotline &amp; Zalo:<\/strong><br \/>\n<strong>Ha Noi: 0917.322.230<\/strong><br \/>\n<strong>S\u1ed1 1 L\u0129nh Nam \u2013 Ho\u00e0ng Mai \u2013 H\u00e0 N\u1ed9i<\/strong><\/p>\n<p><strong>H\u1ed3 Ch\u00ed Minh: 0988902220<\/strong><br \/>\n<strong>S\u1ed1 214 V\u00f5 V\u0103n Ng\u00e2n \u2013 B\u00ecnh Th\u1ecd \u2013 Th\u1ee7 \u0110\u1ee9c \u2013 TP H\u1ed3 Ch\u00ed Minh<\/strong><br \/>\n<strong>Website:\u00a0<a href=\"https:\/\/quatang5sao.com\/en\/\">https:\/\/quatang5sao.com\/<\/a><\/strong><br \/>\n#bi\u1ec3utr\u01b0ngphal\u00ea #qu\u00e0t\u1eb7ngphal\u00ea #c\u00fapphal\u00ea #c\u00fapthu\u1ef7tinh #inbi\u1ec3utr\u01b0ngphal\u00ea<\/p>","protected":false},"excerpt":{"rendered":"<ul>\n<li>Bi\u1ec3u tr\u01b0ng pha l\u00ea h\u00ecnh gi\u1ecdt n\u01b0\u1edbc<\/li>\n<li>M\u00e0i v\u00e1t ho\u1eb7c m\u00e0i th\u1eb3ng, m\u00e0i b\u00f3ng<\/li>\n<li>Print according to customer's request<\/li>\n<li>Free designing<\/li>\n<li>Free shipping in Vietnam<\/li>\n<\/ul>","protected":false},"featured_media":5273,"comment_status":"open","ping_status":"closed","template":"","meta":[],"product_brand":[],"product_cat":[698,696,697],"product_tag":[704,705,707,703,699,700,702,701,706],"class_list":{"0":"post-5281","1":"product","2":"type-product","3":"status-publish","4":"has-post-thumbnail","6":"product_cat-bieu-trung-pha-le","7":"product_cat-cup-pha-le-gia-re","8":"product_cat-cup-thuy-tinh","9":"product_tag-bieu-trung-pha-le","10":"product_tag-bieu-trung-phale","11":"product_tag-cup-golf-pha-le","12":"product_tag-cup-pha-le","13":"product_tag-cup-pha-le-gia-re","14":"product_tag-cup-pha-le-luu-niem","15":"product_tag-cup-tennis-pha-le","16":"product_tag-cup-thuy-tinh","17":"product_tag-san-xuat-cup-pha-le","19":"first","20":"instock","21":"shipping-taxable","22":"product-type-simple"},"amp_enabled":true,"_links":{"self":[{"href":"https:\/\/quatang5sao.com\/en\/wp-json\/wp\/v2\/product\/5281","targetHints":{"allow":["GET"]}}],"collection":[{"href":"https:\/\/quatang5sao.com\/en\/wp-json\/wp\/v2\/product"}],"about":[{"href":"https:\/\/quatang5sao.com\/en\/wp-json\/wp\/v2\/types\/product"}],"replies":[{"embeddable":true,"href":"https:\/\/quatang5sao.com\/en\/wp-json\/wp\/v2\/comments?post=5281"}],"wp:featuredmedia":[{"embeddable":true,"href":"https:\/\/quatang5sao.com\/en\/wp-json\/wp\/v2\/media\/5273"}],"wp:attachment":[{"href":"https:\/\/quatang5sao.com\/en\/wp-json\/wp\/v2\/media?parent=5281"}],"wp:term":[{"taxonomy":"product_brand","embeddable":true,"href":"https:\/\/quatang5sao.com\/en\/wp-json\/wp\/v2\/product_brand?post=5281"},{"taxonomy":"product_cat","embeddable":true,"href":"https:\/\/quatang5sao.com\/en\/wp-json\/wp\/v2\/product_cat?post=5281"},{"taxonomy":"product_tag","embeddable":true,"href":"https:\/\/quatang5sao.com\/en\/wp-json\/wp\/v2\/product_tag?post=5281"}],"curies":[{"name":"wp","href":"https:\/\/api.w.org\/{rel}","templated":true}]}}