{"id":5257,"date":"2020-12-19T01:03:45","date_gmt":"2020-12-18T18:03:45","guid":{"rendered":"https:\/\/quatang5sao.com\/?post_type=product&#038;p=5257"},"modified":"2020-12-20T23:08:46","modified_gmt":"2020-12-20T16:08:46","slug":"bieu-trung-pha-le-hinh-ngon-lua","status":"publish","type":"product","link":"https:\/\/quatang5sao.com\/en\/bieu-trung-pha-le-hinh-ngon-lua\/","title":{"rendered":"Bi\u1ec3u tr\u01b0ng pha l\u00ea h\u00ecnh ng\u1ecdn l\u1eeda"},"content":{"rendered":"<h2>BI\u1ec2U TR\u01afNG PHA L\u00ca H\u00ccNH NG\u1eccN L\u1eecA<\/h2>\n<table>\n<tbody>\n<tr>\n<td width=\"132\">Product<\/td>\n<td width=\"24\">:<\/td>\n<td width=\"482\"><a href=\"https:\/\/quatang5sao.com\/en\/bieu-trung-pha-le\/\">Bi\u1ec3u tr\u01b0ng pha l\u00ea h\u00ecnh ng\u1ecdn l\u1eeda<\/a><\/td>\n<\/tr>\n<tr>\n<td width=\"132\">Ch\u1ea5t li\u1ec7u<\/td>\n<td width=\"24\">:<\/td>\n<td width=\"482\">Pha l\u00ea<\/td>\n<\/tr>\n<tr>\n<td width=\"132\">\u0110\u01a1n gi\u00e1<\/td>\n<td width=\"24\">:<\/td>\n<td width=\"482\">B\u00e1o gi\u00e1 theo s\u1ed1 l\u01b0\u1ee3ng<\/td>\n<\/tr>\n<tr>\n<td width=\"132\">Gia c\u00f4ng<\/td>\n<td width=\"24\">:<\/td>\n<td width=\"482\">In l\u01b0\u1edbi, in \u1ea3nh UV, in chuy\u1ec3n nhi\u1ec7t, kh\u1eafc laser 2D, 3D, kh\u1eafc ch\u00ecm \u0111\u1ed5 m\u00e0u\u2026<\/td>\n<\/tr>\n<tr>\n<td width=\"132\">Th\u1eddi gian<\/td>\n<td width=\"24\">:<\/td>\n<td width=\"482\">3 \u2013 7 ng\u00e0y tu\u1ef3 theo s\u1ed1 l\u01b0\u1ee3ng<\/td>\n<\/tr>\n<tr>\n<td width=\"132\">Mi\u1ec5n ph\u00ed<\/td>\n<td width=\"24\">:<\/td>\n<td width=\"482\">&#8211;\u00a0\u00a0\u00a0\u00a0\u00a0\u00a0\u00a0\u00a0\u00a0 Ship h\u00e0ng t\u1eadn n\u01a1i<\/p>\n<p>&#8211;\u00a0\u00a0\u00a0\u00a0\u00a0\u00a0\u00a0\u00a0\u00a0 Thi\u1ebft k\u1ebf maket s\u1ea3n ph\u1ea9m<\/td>\n<\/tr>\n<tr>\n<td width=\"132\">M\u1ee5c \u0111\u00edch s\u1eed d\u1ee5ng<\/td>\n<td width=\"24\">:<\/td>\n<td width=\"482\">&#8211;\u00a0\u00a0\u00a0\u00a0\u00a0\u00a0\u00a0\u00a0\u00a0 T\u1eb7ng th\u1ea7y c\u00f4<\/p>\n<p>&#8211;\u00a0\u00a0\u00a0\u00a0\u00a0\u00a0\u00a0\u00a0\u00a0 T\u1eb7ng gi\u00e1o vi\u00ean nh\u00e2n k\u1ef7 ni\u1ec7m h\u1ed9i kho\u00e1<\/p>\n<p>&#8211;\u00a0\u00a0\u00a0\u00a0\u00a0\u00a0\u00a0\u00a0\u00a0 V\u00e0 nhi\u1ec1u s\u1ef1 ki\u1ec7n kh\u00e1c<\/td>\n<\/tr>\n<tr>\n<td width=\"132\">Link album \u1ea3nh<\/td>\n<td width=\"24\">:<\/td>\n<td width=\"482\"><a href=\"https:\/\/photos.app.goo.gl\/VWAtyxYAw2w68UuE9\" target=\"_blank\" rel=\"noopener\"><strong>https:\/\/photos.app.goo.gl\/VWAtyxYAw2w68UuE9<\/strong><\/a><\/td>\n<\/tr>\n<\/tbody>\n<\/table>\n<h2>H\u00ccNH \u1ea2NH S\u1ea2N PH\u1ea8M BI\u1ec2U TR\u01afNG PHA L\u00ca H\u00ccNH NG\u1eccN L\u1eecA<\/h2>\n<figure id=\"attachment_5258\" aria-describedby=\"caption-attachment-5258\" style=\"width: 900px\" class=\"wp-caption aligncenter\"><img loading=\"lazy\" decoding=\"async\" class=\"wp-image-5258 size-full\" src=\"https:\/\/quatang5sao.com\/wp-content\/uploads\/2020\/12\/Bieu-trung-pha-le-029.jpg\" alt=\"Bi\u1ec3u tr\u01b0ng pha l\u00ea h\u00ecnh ng\u1ecdn l\u1eeda, in \u1ea5n qu\u00e0 t\u1eb7ng pha l\u00ea theo y\u00eau c\u1ea7u\" width=\"900\" height=\"600\" title=\"\" srcset=\"https:\/\/quatang5sao.com\/wp-content\/uploads\/2020\/12\/Bieu-trung-pha-le-029.jpg 900w, https:\/\/quatang5sao.com\/wp-content\/uploads\/2020\/12\/Bieu-trung-pha-le-029-510x340.jpg 510w, https:\/\/quatang5sao.com\/wp-content\/uploads\/2020\/12\/Bieu-trung-pha-le-029-600x400.jpg 600w, https:\/\/quatang5sao.com\/wp-content\/uploads\/2020\/12\/Bieu-trung-pha-le-029-768x512.jpg 768w, https:\/\/quatang5sao.com\/wp-content\/uploads\/2020\/12\/Bieu-trung-pha-le-029-272x182.jpg 272w\" sizes=\"auto, (max-width: 900px) 100vw, 900px\" \/><figcaption id=\"caption-attachment-5258\" class=\"wp-caption-text\">Bi\u1ec3u tr\u01b0ng pha l\u00ea h\u00ecnh ng\u1ecdn l\u1eeda, in \u1ea5n qu\u00e0 t\u1eb7ng pha l\u00ea theo y\u00eau c\u1ea7u<\/figcaption><\/figure>\n<figure id=\"attachment_5266\" aria-describedby=\"caption-attachment-5266\" style=\"width: 900px\" class=\"wp-caption aligncenter\"><img loading=\"lazy\" decoding=\"async\" class=\"wp-image-5266 size-full\" src=\"https:\/\/quatang5sao.com\/wp-content\/uploads\/2020\/12\/Bieu-trung-pha-le-013-1.jpg\" alt=\"Bi\u1ec3u tr\u01b0ng pha l\u00ea h\u00ecnh ng\u1ecdn l\u1eeda, in \u1ea5n theo y\u00eau c\u1ea7u, gi\u00e1 r\u1ebb, c\u00f3 h\u1ed9p \u0111\u1ef1ng\" width=\"900\" height=\"900\" title=\"\" srcset=\"https:\/\/quatang5sao.com\/wp-content\/uploads\/2020\/12\/Bieu-trung-pha-le-013-1.jpg 900w, https:\/\/quatang5sao.com\/wp-content\/uploads\/2020\/12\/Bieu-trung-pha-le-013-1-247x247.jpg 247w, https:\/\/quatang5sao.com\/wp-content\/uploads\/2020\/12\/Bieu-trung-pha-le-013-1-100x100.jpg 100w, https:\/\/quatang5sao.com\/wp-content\/uploads\/2020\/12\/Bieu-trung-pha-le-013-1-510x510.jpg 510w, https:\/\/quatang5sao.com\/wp-content\/uploads\/2020\/12\/Bieu-trung-pha-le-013-1-400x400.jpg 400w, https:\/\/quatang5sao.com\/wp-content\/uploads\/2020\/12\/Bieu-trung-pha-le-013-1-800x800.jpg 800w, https:\/\/quatang5sao.com\/wp-content\/uploads\/2020\/12\/Bieu-trung-pha-le-013-1-280x280.jpg 280w, https:\/\/quatang5sao.com\/wp-content\/uploads\/2020\/12\/Bieu-trung-pha-le-013-1-768x768.jpg 768w\" sizes=\"auto, (max-width: 900px) 100vw, 900px\" \/><figcaption id=\"caption-attachment-5266\" class=\"wp-caption-text\">Bi\u1ec3u tr\u01b0ng pha l\u00ea h\u00ecnh ng\u1ecdn l\u1eeda, in \u1ea5n theo y\u00eau c\u1ea7u, gi\u00e1 r\u1ebb, c\u00f3 h\u1ed9p \u0111\u1ef1ng<\/figcaption><\/figure>\n<figure id=\"attachment_5263\" aria-describedby=\"caption-attachment-5263\" style=\"width: 900px\" class=\"wp-caption aligncenter\"><img loading=\"lazy\" decoding=\"async\" class=\"wp-image-5263 size-full\" src=\"https:\/\/quatang5sao.com\/wp-content\/uploads\/2020\/12\/Bieu-trung-pha-le-015.jpg\" alt=\"Bi\u1ec3u tr\u01b0ng pha l\u00ea h\u00ecnh ng\u1ecdn \u0111u\u1ed1c l\u1eeda ch\u00e1y, ph\u00f9 h\u1ecdp s\u1eed d\u1ee5ng h\u1ecdp h\u1ed9i kho\u00e1\" width=\"900\" height=\"1200\" title=\"\" srcset=\"https:\/\/quatang5sao.com\/wp-content\/uploads\/2020\/12\/Bieu-trung-pha-le-015.jpg 900w, https:\/\/quatang5sao.com\/wp-content\/uploads\/2020\/12\/Bieu-trung-pha-le-015-510x680.jpg 510w, https:\/\/quatang5sao.com\/wp-content\/uploads\/2020\/12\/Bieu-trung-pha-le-015-300x400.jpg 300w, https:\/\/quatang5sao.com\/wp-content\/uploads\/2020\/12\/Bieu-trung-pha-le-015-600x800.jpg 600w, https:\/\/quatang5sao.com\/wp-content\/uploads\/2020\/12\/Bieu-trung-pha-le-015-768x1024.jpg 768w\" sizes=\"auto, (max-width: 900px) 100vw, 900px\" \/><figcaption id=\"caption-attachment-5263\" class=\"wp-caption-text\">Bi\u1ec3u tr\u01b0ng pha l\u00ea h\u00ecnh ng\u1ecdn \u0111u\u1ed1c l\u1eeda ch\u00e1y, ph\u00f9 h\u1ecdp s\u1eed d\u1ee5ng h\u1ecdp h\u1ed9i kho\u00e1<\/figcaption><\/figure>\n<figure id=\"attachment_5262\" aria-describedby=\"caption-attachment-5262\" style=\"width: 900px\" class=\"wp-caption aligncenter\"><img loading=\"lazy\" decoding=\"async\" class=\"wp-image-5262 size-full\" src=\"https:\/\/quatang5sao.com\/wp-content\/uploads\/2020\/12\/Bieu-trung-pha-le-011-1.jpg\" alt=\"Bi\u1ec3u tr\u01b0ng pha l\u00ea h\u00ecnh ng\u1ecdn l\u1eeda \u0111\u1eb9p v\u00e0 nhi\u1ec1u \u00fd ngh\u0129a\" width=\"900\" height=\"1200\" title=\"\" srcset=\"https:\/\/quatang5sao.com\/wp-content\/uploads\/2020\/12\/Bieu-trung-pha-le-011-1.jpg 900w, https:\/\/quatang5sao.com\/wp-content\/uploads\/2020\/12\/Bieu-trung-pha-le-011-1-510x680.jpg 510w, https:\/\/quatang5sao.com\/wp-content\/uploads\/2020\/12\/Bieu-trung-pha-le-011-1-300x400.jpg 300w, https:\/\/quatang5sao.com\/wp-content\/uploads\/2020\/12\/Bieu-trung-pha-le-011-1-600x800.jpg 600w, https:\/\/quatang5sao.com\/wp-content\/uploads\/2020\/12\/Bieu-trung-pha-le-011-1-768x1024.jpg 768w\" sizes=\"auto, (max-width: 900px) 100vw, 900px\" \/><figcaption id=\"caption-attachment-5262\" class=\"wp-caption-text\">Bi\u1ec3u tr\u01b0ng pha l\u00ea h\u00ecnh ng\u1ecdn l\u1eeda \u0111\u1eb9p v\u00e0 nhi\u1ec1u \u00fd ngh\u0129a<\/figcaption><\/figure>\n<figure id=\"attachment_5261\" aria-describedby=\"caption-attachment-5261\" style=\"width: 900px\" class=\"wp-caption aligncenter\"><img loading=\"lazy\" decoding=\"async\" class=\"wp-image-5261 size-full\" src=\"https:\/\/quatang5sao.com\/wp-content\/uploads\/2020\/12\/Bieu-trung-pha-le-010.jpg\" alt=\"Bi\u1ec3u tr\u01b0ng pha l\u00ea h\u00ecnh ng\u1ecdn l\u1eeda s\u1eed d\u1ee5ng l\u00e0m qu\u00e0 t\u1eb7ng h\u1ed9i kho\u00e1 20 n\u0103m\" width=\"900\" height=\"1200\" title=\"\" srcset=\"https:\/\/quatang5sao.com\/wp-content\/uploads\/2020\/12\/Bieu-trung-pha-le-010.jpg 900w, https:\/\/quatang5sao.com\/wp-content\/uploads\/2020\/12\/Bieu-trung-pha-le-010-510x680.jpg 510w, https:\/\/quatang5sao.com\/wp-content\/uploads\/2020\/12\/Bieu-trung-pha-le-010-300x400.jpg 300w, https:\/\/quatang5sao.com\/wp-content\/uploads\/2020\/12\/Bieu-trung-pha-le-010-600x800.jpg 600w, https:\/\/quatang5sao.com\/wp-content\/uploads\/2020\/12\/Bieu-trung-pha-le-010-768x1024.jpg 768w\" sizes=\"auto, (max-width: 900px) 100vw, 900px\" \/><figcaption id=\"caption-attachment-5261\" class=\"wp-caption-text\">Bi\u1ec3u tr\u01b0ng pha l\u00ea h\u00ecnh ng\u1ecdn l\u1eeda s\u1eed d\u1ee5ng l\u00e0m qu\u00e0 t\u1eb7ng h\u1ed9i kho\u00e1 20 n\u0103m<\/figcaption><\/figure>\n<h2>LI\u00caN H\u1ec6 \u0110\u1eb6T H\u00c0NG BI\u1ec2U TR\u01afNG PHA L\u00ca<\/h2>\n<p><strong>Hotline &amp; Zalo:<\/strong><br \/>\n<strong>Ha Noi: 0917.322.230<\/strong><br \/>\n<strong>S\u1ed1 1 L\u0129nh Nam \u2013 Ho\u00e0ng Mai \u2013 H\u00e0 N\u1ed9i<\/strong><\/p>\n<p><strong>H\u1ed3 Ch\u00ed Minh: 0988902220<\/strong><br \/>\n<strong>S\u1ed1 214 V\u00f5 V\u0103n Ng\u00e2n \u2013 B\u00ecnh Th\u1ecd \u2013 Th\u1ee7 \u0110\u1ee9c \u2013 TP H\u1ed3 Ch\u00ed Minh<\/strong><br \/>\n<strong>Website:\u00a0<a href=\"https:\/\/quatang5sao.com\/en\/\">https:\/\/quatang5sao.com\/<\/a><\/strong><br \/>\n#bi\u1ec3utr\u01b0ngphal\u00ea #qu\u00e0t\u1eb7ngphal\u00ea #c\u00fapphal\u00ea #c\u00fapthu\u1ef7tinh #inbi\u1ec3utr\u01b0ngphal\u00ea<\/p>","protected":false},"excerpt":{"rendered":"<ul>\n<li>T\u00ean s\u1ea3n ph\u1ea9m: Bi\u1ec3u tr\u01b0ng pha l\u00ea h\u00ecnh ng\u1ecdn l\u1eeda<\/li>\n<li>In \u1ea5n s\u1ea3n ph\u1ea9m theo y\u00eau c\u1ea7u<\/li>\n<li>Th\u1eddi gian in nhanh, gi\u00e1 r\u1ebb<\/li>\n<li>B\u00e1o gi\u00e1 t\u1eeb x\u01b0\u1edfng<\/li>\n<li>C\u00f3 cung c\u1ea5p ho\u00e1 \u0111\u01a1n, b\u00e1o gi\u00e1 c\u1ea1nh tranh \u0111\u1ea7y \u0111\u1ee7 theo y\u00eau c\u1ea7u<\/li>\n<\/ul>","protected":false},"featured_media":5258,"comment_status":"open","ping_status":"closed","template":"","meta":[],"product_brand":[],"product_cat":[698,696,697],"product_tag":[704,705,707,703,699,700,702,701,706],"class_list":{"0":"post-5257","1":"product","2":"type-product","3":"status-publish","4":"has-post-thumbnail","6":"product_cat-bieu-trung-pha-le","7":"product_cat-cup-pha-le-gia-re","8":"product_cat-cup-thuy-tinh","9":"product_tag-bieu-trung-pha-le","10":"product_tag-bieu-trung-phale","11":"product_tag-cup-golf-pha-le","12":"product_tag-cup-pha-le","13":"product_tag-cup-pha-le-gia-re","14":"product_tag-cup-pha-le-luu-niem","15":"product_tag-cup-tennis-pha-le","16":"product_tag-cup-thuy-tinh","17":"product_tag-san-xuat-cup-pha-le","19":"first","20":"instock","21":"shipping-taxable","22":"product-type-simple"},"amp_enabled":true,"_links":{"self":[{"href":"https:\/\/quatang5sao.com\/en\/wp-json\/wp\/v2\/product\/5257","targetHints":{"allow":["GET"]}}],"collection":[{"href":"https:\/\/quatang5sao.com\/en\/wp-json\/wp\/v2\/product"}],"about":[{"href":"https:\/\/quatang5sao.com\/en\/wp-json\/wp\/v2\/types\/product"}],"replies":[{"embeddable":true,"href":"https:\/\/quatang5sao.com\/en\/wp-json\/wp\/v2\/comments?post=5257"}],"wp:featuredmedia":[{"embeddable":true,"href":"https:\/\/quatang5sao.com\/en\/wp-json\/wp\/v2\/media\/5258"}],"wp:attachment":[{"href":"https:\/\/quatang5sao.com\/en\/wp-json\/wp\/v2\/media?parent=5257"}],"wp:term":[{"taxonomy":"product_brand","embeddable":true,"href":"https:\/\/quatang5sao.com\/en\/wp-json\/wp\/v2\/product_brand?post=5257"},{"taxonomy":"product_cat","embeddable":true,"href":"https:\/\/quatang5sao.com\/en\/wp-json\/wp\/v2\/product_cat?post=5257"},{"taxonomy":"product_tag","embeddable":true,"href":"https:\/\/quatang5sao.com\/en\/wp-json\/wp\/v2\/product_tag?post=5257"}],"curies":[{"name":"wp","href":"https:\/\/api.w.org\/{rel}","templated":true}]}}