{"id":5234,"date":"2020-12-18T16:45:02","date_gmt":"2020-12-18T09:45:02","guid":{"rendered":"https:\/\/quatang5sao.com\/?post_type=product&#038;p=5234"},"modified":"2020-12-20T23:08:02","modified_gmt":"2020-12-20T16:08:02","slug":"bieu-trung-pha-le-hinh-tron","status":"publish","type":"product","link":"https:\/\/quatang5sao.com\/en\/bieu-trung-pha-le-hinh-tron\/","title":{"rendered":"Bi\u1ec3u tr\u01b0ng pha l\u00ea h\u00ecnh tr\u00f2n"},"content":{"rendered":"<h2>BI\u1ec2U TR\u01afNG PHA L\u00ca H\u00ccNH TR\u00d2N<\/h2>\n<table>\n<tbody>\n<tr>\n<td width=\"132\">Product<\/td>\n<td width=\"24\">:<\/td>\n<td width=\"482\"><a href=\"https:\/\/quatang5sao.com\/en\/bieu-trung-pha-le\/\">Bi\u1ec3u tr\u01b0ng pha l\u00ea h\u00ecnh tr\u00f2n<\/a><\/td>\n<\/tr>\n<tr>\n<td width=\"132\">Ch\u1ea5t li\u1ec7u<\/td>\n<td width=\"24\">:<\/td>\n<td width=\"482\">Pha l\u00ea<\/td>\n<\/tr>\n<tr>\n<td width=\"132\">\u0110\u01a1n gi\u00e1<\/td>\n<td width=\"24\">:<\/td>\n<td width=\"482\">B\u00e1o gi\u00e1 theo s\u1ed1 l\u01b0\u1ee3ng<\/td>\n<\/tr>\n<tr>\n<td width=\"132\">Gia c\u00f4ng<\/td>\n<td width=\"24\">:<\/td>\n<td width=\"482\">In l\u01b0\u1edbi, in \u1ea3nh UV, in chuy\u1ec3n nhi\u1ec7t, kh\u1eafc laser 2D, 3D, kh\u1eafc ch\u00ecm \u0111\u1ed5 m\u00e0u\u2026<\/td>\n<\/tr>\n<tr>\n<td width=\"132\">Th\u1eddi gian<\/td>\n<td width=\"24\">:<\/td>\n<td width=\"482\">3 \u2013 7 ng\u00e0y tu\u1ef3 theo s\u1ed1 l\u01b0\u1ee3ng<\/td>\n<\/tr>\n<tr>\n<td width=\"132\">Mi\u1ec5n ph\u00ed<\/td>\n<td width=\"24\">:<\/td>\n<td width=\"482\">&#8211;\u00a0\u00a0\u00a0\u00a0\u00a0\u00a0\u00a0\u00a0\u00a0 Ship h\u00e0ng t\u1eadn n\u01a1i<\/p>\n<p>&#8211;\u00a0\u00a0\u00a0\u00a0\u00a0\u00a0\u00a0\u00a0\u00a0 Thi\u1ebft k\u1ebf maket s\u1ea3n ph\u1ea9m<\/td>\n<\/tr>\n<tr>\n<td width=\"132\">Link album \u1ea3nh<\/td>\n<td width=\"24\"><\/td>\n<td width=\"482\"><a href=\"https:\/\/photos.app.goo.gl\/VWAtyxYAw2w68UuE9\" target=\"_blank\" rel=\"noopener\"><strong>https:\/\/photos.app.goo.gl\/VWAtyxYAw2w68UuE9<\/strong><\/a><\/td>\n<\/tr>\n<\/tbody>\n<\/table>\n<h2>H\u00ccNH \u1ea2NH S\u1ea2N PH\u1ea8M PH\u00d4I C\u00d3 S\u1eb4N<\/h2>\n<figure id=\"attachment_5239\" aria-describedby=\"caption-attachment-5239\" style=\"width: 900px\" class=\"wp-caption aligncenter\"><img loading=\"lazy\" decoding=\"async\" class=\"wp-image-5239 size-full\" src=\"https:\/\/quatang5sao.com\/wp-content\/uploads\/2020\/12\/Bieu-trung-pha-le-012.jpg\" alt=\"Bi\u1ec3u tr\u01b0ng pha l\u00ea h\u00ecnh tr\u00f2n \u0111\u01b0\u1ee3c m\u00e0i b\u00f3ng c\u1ea1nh\" width=\"900\" height=\"891\" title=\"\" srcset=\"https:\/\/quatang5sao.com\/wp-content\/uploads\/2020\/12\/Bieu-trung-pha-le-012.jpg 900w, https:\/\/quatang5sao.com\/wp-content\/uploads\/2020\/12\/Bieu-trung-pha-le-012-100x100.jpg 100w, https:\/\/quatang5sao.com\/wp-content\/uploads\/2020\/12\/Bieu-trung-pha-le-012-510x505.jpg 510w, https:\/\/quatang5sao.com\/wp-content\/uploads\/2020\/12\/Bieu-trung-pha-le-012-404x400.jpg 404w, https:\/\/quatang5sao.com\/wp-content\/uploads\/2020\/12\/Bieu-trung-pha-le-012-808x800.jpg 808w, https:\/\/quatang5sao.com\/wp-content\/uploads\/2020\/12\/Bieu-trung-pha-le-012-768x760.jpg 768w\" sizes=\"auto, (max-width: 900px) 100vw, 900px\" \/><figcaption id=\"caption-attachment-5239\" class=\"wp-caption-text\">Bi\u1ec3u tr\u01b0ng pha l\u00ea h\u00ecnh tr\u00f2n \u0111\u01b0\u1ee3c m\u00e0i b\u00f3ng c\u1ea1nh<\/figcaption><\/figure>\n<figure id=\"attachment_5238\" aria-describedby=\"caption-attachment-5238\" style=\"width: 900px\" class=\"wp-caption aligncenter\"><img loading=\"lazy\" decoding=\"async\" class=\"wp-image-5238 size-full\" src=\"https:\/\/quatang5sao.com\/wp-content\/uploads\/2020\/12\/Bieu-trung-pha-le-011.jpg\" alt=\"Bi\u1ec3u tr\u01b0ng pha l\u00ea h\u00ecnh hoa h\u01b0\u1edbng d\u01b0\u01a1ng\" width=\"900\" height=\"849\" title=\"\" srcset=\"https:\/\/quatang5sao.com\/wp-content\/uploads\/2020\/12\/Bieu-trung-pha-le-011.jpg 900w, https:\/\/quatang5sao.com\/wp-content\/uploads\/2020\/12\/Bieu-trung-pha-le-011-510x481.jpg 510w, https:\/\/quatang5sao.com\/wp-content\/uploads\/2020\/12\/Bieu-trung-pha-le-011-424x400.jpg 424w, https:\/\/quatang5sao.com\/wp-content\/uploads\/2020\/12\/Bieu-trung-pha-le-011-848x800.jpg 848w, https:\/\/quatang5sao.com\/wp-content\/uploads\/2020\/12\/Bieu-trung-pha-le-011-768x724.jpg 768w\" sizes=\"auto, (max-width: 900px) 100vw, 900px\" \/><figcaption id=\"caption-attachment-5238\" class=\"wp-caption-text\">Bi\u1ec3u tr\u01b0ng pha l\u00ea h\u00ecnh hoa h\u01b0\u1edbng d\u01b0\u01a1ng<\/figcaption><\/figure>\n<figure id=\"attachment_5237\" aria-describedby=\"caption-attachment-5237\" style=\"width: 900px\" class=\"wp-caption aligncenter\"><img loading=\"lazy\" decoding=\"async\" class=\"wp-image-5237 size-full\" src=\"https:\/\/quatang5sao.com\/wp-content\/uploads\/2020\/12\/Bieu-trung-pha-le-009.jpg\" alt=\"Bi\u1ec3u tr\u01b0ng pha l\u00ea h\u00ecnh tr\u00f2n m\u00e0i v\u00e1t c\u1ea1nh bi\u1ec3u t\u01b0\u1ee3ng m\u1eb7t tr\u1eddi\" width=\"900\" height=\"900\" title=\"\" srcset=\"https:\/\/quatang5sao.com\/wp-content\/uploads\/2020\/12\/Bieu-trung-pha-le-009.jpg 900w, https:\/\/quatang5sao.com\/wp-content\/uploads\/2020\/12\/Bieu-trung-pha-le-009-247x247.jpg 247w, https:\/\/quatang5sao.com\/wp-content\/uploads\/2020\/12\/Bieu-trung-pha-le-009-100x100.jpg 100w, https:\/\/quatang5sao.com\/wp-content\/uploads\/2020\/12\/Bieu-trung-pha-le-009-510x510.jpg 510w, https:\/\/quatang5sao.com\/wp-content\/uploads\/2020\/12\/Bieu-trung-pha-le-009-400x400.jpg 400w, https:\/\/quatang5sao.com\/wp-content\/uploads\/2020\/12\/Bieu-trung-pha-le-009-800x800.jpg 800w, https:\/\/quatang5sao.com\/wp-content\/uploads\/2020\/12\/Bieu-trung-pha-le-009-280x280.jpg 280w, https:\/\/quatang5sao.com\/wp-content\/uploads\/2020\/12\/Bieu-trung-pha-le-009-768x768.jpg 768w\" sizes=\"auto, (max-width: 900px) 100vw, 900px\" \/><figcaption id=\"caption-attachment-5237\" class=\"wp-caption-text\">Bi\u1ec3u tr\u01b0ng pha l\u00ea h\u00ecnh tr\u00f2n m\u00e0i v\u00e1t c\u1ea1nh bi\u1ec3u t\u01b0\u1ee3ng m\u1eb7t tr\u1eddi<\/figcaption><\/figure>\n<figure id=\"attachment_5236\" aria-describedby=\"caption-attachment-5236\" style=\"width: 900px\" class=\"wp-caption aligncenter\"><img loading=\"lazy\" decoding=\"async\" class=\"wp-image-5236 size-full\" src=\"https:\/\/quatang5sao.com\/wp-content\/uploads\/2020\/12\/Bieu-trung-pha-le-008.jpg\" alt=\"Bi\u1ec3u tr\u01b0ng pha l\u00ea m\u1eb7t tr\u1eddi, gi\u00e1 r\u1ebb, in logo theo y\u00eau c\u1ea7u\" width=\"900\" height=\"900\" title=\"\" srcset=\"https:\/\/quatang5sao.com\/wp-content\/uploads\/2020\/12\/Bieu-trung-pha-le-008.jpg 900w, https:\/\/quatang5sao.com\/wp-content\/uploads\/2020\/12\/Bieu-trung-pha-le-008-247x247.jpg 247w, https:\/\/quatang5sao.com\/wp-content\/uploads\/2020\/12\/Bieu-trung-pha-le-008-100x100.jpg 100w, https:\/\/quatang5sao.com\/wp-content\/uploads\/2020\/12\/Bieu-trung-pha-le-008-510x510.jpg 510w, https:\/\/quatang5sao.com\/wp-content\/uploads\/2020\/12\/Bieu-trung-pha-le-008-400x400.jpg 400w, https:\/\/quatang5sao.com\/wp-content\/uploads\/2020\/12\/Bieu-trung-pha-le-008-800x800.jpg 800w, https:\/\/quatang5sao.com\/wp-content\/uploads\/2020\/12\/Bieu-trung-pha-le-008-280x280.jpg 280w, https:\/\/quatang5sao.com\/wp-content\/uploads\/2020\/12\/Bieu-trung-pha-le-008-768x768.jpg 768w\" sizes=\"auto, (max-width: 900px) 100vw, 900px\" \/><figcaption id=\"caption-attachment-5236\" class=\"wp-caption-text\">Bi\u1ec3u tr\u01b0ng pha l\u00ea m\u1eb7t tr\u1eddi, gi\u00e1 r\u1ebb, in logo theo y\u00eau c\u1ea7u<\/figcaption><\/figure>\n<figure id=\"attachment_5235\" aria-describedby=\"caption-attachment-5235\" style=\"width: 900px\" class=\"wp-caption aligncenter\"><img loading=\"lazy\" decoding=\"async\" class=\"wp-image-5235 size-full\" src=\"https:\/\/quatang5sao.com\/wp-content\/uploads\/2020\/12\/Bieu-trung-pha-le-007.jpg\" alt=\"Bi\u1ec3u tr\u01b0ng pha l\u00ea h\u00ecnh m\u1eb7t tr\u1eddi, in bi\u1ec3u tr\u01b0ng pha l\u00ea theo y\u00eau c\u1ea7u\" width=\"900\" height=\"900\" title=\"\" srcset=\"https:\/\/quatang5sao.com\/wp-content\/uploads\/2020\/12\/Bieu-trung-pha-le-007.jpg 900w, https:\/\/quatang5sao.com\/wp-content\/uploads\/2020\/12\/Bieu-trung-pha-le-007-247x247.jpg 247w, https:\/\/quatang5sao.com\/wp-content\/uploads\/2020\/12\/Bieu-trung-pha-le-007-100x100.jpg 100w, https:\/\/quatang5sao.com\/wp-content\/uploads\/2020\/12\/Bieu-trung-pha-le-007-510x510.jpg 510w, https:\/\/quatang5sao.com\/wp-content\/uploads\/2020\/12\/Bieu-trung-pha-le-007-400x400.jpg 400w, https:\/\/quatang5sao.com\/wp-content\/uploads\/2020\/12\/Bieu-trung-pha-le-007-800x800.jpg 800w, https:\/\/quatang5sao.com\/wp-content\/uploads\/2020\/12\/Bieu-trung-pha-le-007-280x280.jpg 280w, https:\/\/quatang5sao.com\/wp-content\/uploads\/2020\/12\/Bieu-trung-pha-le-007-768x768.jpg 768w\" sizes=\"auto, (max-width: 900px) 100vw, 900px\" \/><figcaption id=\"caption-attachment-5235\" class=\"wp-caption-text\">Bi\u1ec3u tr\u01b0ng pha l\u00ea h\u00ecnh m\u1eb7t tr\u1eddi, in bi\u1ec3u tr\u01b0ng pha l\u00ea theo y\u00eau c\u1ea7u<\/figcaption><\/figure>\n<figure id=\"attachment_5241\" aria-describedby=\"caption-attachment-5241\" style=\"width: 900px\" class=\"wp-caption aligncenter\"><img loading=\"lazy\" decoding=\"async\" class=\"wp-image-5241 size-full\" src=\"https:\/\/quatang5sao.com\/wp-content\/uploads\/2020\/12\/Bieu-trung-pha-le-025.jpg\" alt=\"Bi\u1ec3u tr\u01b0ng pha l\u00ea hai h\u00ecnh tr\u00f2n l\u1ed3ng v\u00e0o nhau\" width=\"900\" height=\"900\" title=\"\" srcset=\"https:\/\/quatang5sao.com\/wp-content\/uploads\/2020\/12\/Bieu-trung-pha-le-025.jpg 900w, https:\/\/quatang5sao.com\/wp-content\/uploads\/2020\/12\/Bieu-trung-pha-le-025-247x247.jpg 247w, https:\/\/quatang5sao.com\/wp-content\/uploads\/2020\/12\/Bieu-trung-pha-le-025-100x100.jpg 100w, https:\/\/quatang5sao.com\/wp-content\/uploads\/2020\/12\/Bieu-trung-pha-le-025-510x510.jpg 510w, https:\/\/quatang5sao.com\/wp-content\/uploads\/2020\/12\/Bieu-trung-pha-le-025-400x400.jpg 400w, https:\/\/quatang5sao.com\/wp-content\/uploads\/2020\/12\/Bieu-trung-pha-le-025-800x800.jpg 800w, https:\/\/quatang5sao.com\/wp-content\/uploads\/2020\/12\/Bieu-trung-pha-le-025-280x280.jpg 280w, https:\/\/quatang5sao.com\/wp-content\/uploads\/2020\/12\/Bieu-trung-pha-le-025-768x768.jpg 768w\" sizes=\"auto, (max-width: 900px) 100vw, 900px\" \/><figcaption id=\"caption-attachment-5241\" class=\"wp-caption-text\">Bi\u1ec3u tr\u01b0ng pha l\u00ea hai h\u00ecnh tr\u00f2n l\u1ed3ng v\u00e0o nhau<\/figcaption><\/figure>\n<figure id=\"attachment_5240\" aria-describedby=\"caption-attachment-5240\" style=\"width: 900px\" class=\"wp-caption aligncenter\"><img loading=\"lazy\" decoding=\"async\" class=\"wp-image-5240 size-full\" src=\"https:\/\/quatang5sao.com\/wp-content\/uploads\/2020\/12\/Bieu-trung-pha-le-013.jpg\" alt=\"Bi\u1ec3u tr\u01b0ng pha l\u00ea h\u00ecnh tr\u00f2n tr\u00ean qu\u1ea3 b\u00f3ng kim c\u01b0\u01a1ng\" width=\"900\" height=\"900\" title=\"\" srcset=\"https:\/\/quatang5sao.com\/wp-content\/uploads\/2020\/12\/Bieu-trung-pha-le-013.jpg 900w, https:\/\/quatang5sao.com\/wp-content\/uploads\/2020\/12\/Bieu-trung-pha-le-013-247x247.jpg 247w, https:\/\/quatang5sao.com\/wp-content\/uploads\/2020\/12\/Bieu-trung-pha-le-013-100x100.jpg 100w, https:\/\/quatang5sao.com\/wp-content\/uploads\/2020\/12\/Bieu-trung-pha-le-013-510x510.jpg 510w, https:\/\/quatang5sao.com\/wp-content\/uploads\/2020\/12\/Bieu-trung-pha-le-013-400x400.jpg 400w, https:\/\/quatang5sao.com\/wp-content\/uploads\/2020\/12\/Bieu-trung-pha-le-013-800x800.jpg 800w, https:\/\/quatang5sao.com\/wp-content\/uploads\/2020\/12\/Bieu-trung-pha-le-013-280x280.jpg 280w, https:\/\/quatang5sao.com\/wp-content\/uploads\/2020\/12\/Bieu-trung-pha-le-013-768x768.jpg 768w\" sizes=\"auto, (max-width: 900px) 100vw, 900px\" \/><figcaption id=\"caption-attachment-5240\" class=\"wp-caption-text\">Bi\u1ec3u tr\u01b0ng pha l\u00ea h\u00ecnh tr\u00f2n tr\u00ean qu\u1ea3 b\u00f3ng kim c\u01b0\u01a1ng<\/figcaption><\/figure>\n<h2>LI\u00caN H\u1ec6 \u0110\u1eb6T IN BI\u1ec2U TR\u01afNG PHA L\u00ca<\/h2>\n<p><strong>Hotline &amp; Zalo:<\/strong><br \/>\n<span style=\"color: #008000;\"><strong>Ha Noi: 0917.322.230<\/strong><\/span><br \/>\n<span style=\"color: #008000;\"><strong>S\u1ed1 1 L\u0129nh Nam &#8211; Ho\u00e0ng Mai &#8211; H\u00e0 N\u1ed9i<\/strong><\/span><\/p>\n<p><span style=\"color: #993300;\"><strong>H\u1ed3 Ch\u00ed Minh: 0988902220<\/strong><\/span><br \/>\n<span style=\"color: #993300;\"><strong>S\u1ed1 214 V\u00f5 V\u0103n Ng\u00e2n &#8211; B\u00ecnh Th\u1ecd &#8211; Th\u1ee7 \u0110\u1ee9c &#8211; TP H\u1ed3 Ch\u00ed Minh<\/strong><\/span><br \/>\n<strong>Website: <a href=\"https:\/\/quatang5sao.com\/en\/\">https:\/\/quatang5sao.com\/<\/a><\/strong><br \/>\n#bi\u1ec3utr\u01b0ngphal\u00ea #qu\u00e0t\u1eb7ngphal\u00ea #c\u00fapphal\u00ea #c\u00fapthu\u1ef7tinh #inbi\u1ec3utr\u01b0ngphal\u00ea<\/p>","protected":false},"excerpt":{"rendered":"<ul>\n<li>H\u00ecnh d\u1ea1ng: tr\u00f2n, m\u1eb7t tr\u1eddi, oval, h\u01b0\u1edbng d\u01b0\u01a1ng<\/li>\n<li>Quy c\u00e1ch: m\u00e0i b\u00f3ng, m\u00e0i m\u1edd, m\u00e0i v\u00e1t c\u1ea1nh<\/li>\n<li>Gia c\u00f4ng: in l\u01b0\u1edbi, kh\u1eafc laser 2D, 3D, kh\u1eafc ch\u00ecm \u0111\u1ed5 m\u00e0u, in \u1ea3nh<\/li>\n<li>Th\u1eddi gian: 3 &#8211; 7 ng\u00e0y<\/li>\n<li>Free shipping in Vietnam<\/li>\n<li>Gi\u00e1: r\u1ebb, b\u00e1o gi\u00e1 theo s\u1ed1 l\u01b0\u1ee3ng<\/li>\n<\/ul>","protected":false},"featured_media":5235,"comment_status":"open","ping_status":"closed","template":"","meta":[],"product_brand":[],"product_cat":[698,696,697],"product_tag":[704,705,707,703,699,700,702,701,706],"class_list":{"0":"post-5234","1":"product","2":"type-product","3":"status-publish","4":"has-post-thumbnail","6":"product_cat-bieu-trung-pha-le","7":"product_cat-cup-pha-le-gia-re","8":"product_cat-cup-thuy-tinh","9":"product_tag-bieu-trung-pha-le","10":"product_tag-bieu-trung-phale","11":"product_tag-cup-golf-pha-le","12":"product_tag-cup-pha-le","13":"product_tag-cup-pha-le-gia-re","14":"product_tag-cup-pha-le-luu-niem","15":"product_tag-cup-tennis-pha-le","16":"product_tag-cup-thuy-tinh","17":"product_tag-san-xuat-cup-pha-le","19":"first","20":"instock","21":"shipping-taxable","22":"product-type-simple"},"amp_enabled":true,"_links":{"self":[{"href":"https:\/\/quatang5sao.com\/en\/wp-json\/wp\/v2\/product\/5234","targetHints":{"allow":["GET"]}}],"collection":[{"href":"https:\/\/quatang5sao.com\/en\/wp-json\/wp\/v2\/product"}],"about":[{"href":"https:\/\/quatang5sao.com\/en\/wp-json\/wp\/v2\/types\/product"}],"replies":[{"embeddable":true,"href":"https:\/\/quatang5sao.com\/en\/wp-json\/wp\/v2\/comments?post=5234"}],"wp:featuredmedia":[{"embeddable":true,"href":"https:\/\/quatang5sao.com\/en\/wp-json\/wp\/v2\/media\/5235"}],"wp:attachment":[{"href":"https:\/\/quatang5sao.com\/en\/wp-json\/wp\/v2\/media?parent=5234"}],"wp:term":[{"taxonomy":"product_brand","embeddable":true,"href":"https:\/\/quatang5sao.com\/en\/wp-json\/wp\/v2\/product_brand?post=5234"},{"taxonomy":"product_cat","embeddable":true,"href":"https:\/\/quatang5sao.com\/en\/wp-json\/wp\/v2\/product_cat?post=5234"},{"taxonomy":"product_tag","embeddable":true,"href":"https:\/\/quatang5sao.com\/en\/wp-json\/wp\/v2\/product_tag?post=5234"}],"curies":[{"name":"wp","href":"https:\/\/api.w.org\/{rel}","templated":true}]}}