{"id":5136,"date":"2020-11-29T23:41:42","date_gmt":"2020-11-29T16:41:42","guid":{"rendered":"https:\/\/quatang5sao.com\/?post_type=product&#038;p=5136"},"modified":"2020-11-29T23:41:43","modified_gmt":"2020-11-29T16:41:43","slug":"in-cay-dua-mong-theo-yeu-cau-xuong-san-xuat-dua-mong-gia-re","status":"publish","type":"product","link":"https:\/\/quatang5sao.com\/en\/in-cay-dua-mong-theo-yeu-cau-xuong-san-xuat-dua-mong-gia-re\/","title":{"rendered":"In c\u00e2y d\u0169a m\u00f3ng theo y\u00eau c\u1ea7u &#8211; X\u01b0\u1edfng s\u1ea3n xu\u1ea5t d\u0169a m\u00f3ng gi\u00e1 r\u1ebb"},"content":{"rendered":"<figure id=\"attachment_5100\" aria-describedby=\"caption-attachment-5100\" style=\"width: 960px\" class=\"wp-caption aligncenter\"><img loading=\"lazy\" decoding=\"async\" class=\"wp-image-5100 size-full\" src=\"https:\/\/quatang5sao.com\/wp-content\/uploads\/2020\/11\/icon.jpg\" alt=\"D\u0169a m\u00f3ng tay in logo theo y\u00eau c\u1ea7u\" width=\"960\" height=\"960\" title=\"\" srcset=\"https:\/\/quatang5sao.com\/wp-content\/uploads\/2020\/11\/icon.jpg 960w, https:\/\/quatang5sao.com\/wp-content\/uploads\/2020\/11\/icon-247x247.jpg 247w, https:\/\/quatang5sao.com\/wp-content\/uploads\/2020\/11\/icon-100x100.jpg 100w, https:\/\/quatang5sao.com\/wp-content\/uploads\/2020\/11\/icon-510x510.jpg 510w, https:\/\/quatang5sao.com\/wp-content\/uploads\/2020\/11\/icon-400x400.jpg 400w, https:\/\/quatang5sao.com\/wp-content\/uploads\/2020\/11\/icon-800x800.jpg 800w, https:\/\/quatang5sao.com\/wp-content\/uploads\/2020\/11\/icon-280x280.jpg 280w, https:\/\/quatang5sao.com\/wp-content\/uploads\/2020\/11\/icon-768x768.jpg 768w\" sizes=\"auto, (max-width: 960px) 100vw, 960px\" \/><figcaption id=\"caption-attachment-5100\" class=\"wp-caption-text\">D\u0169a m\u00f3ng tay in logo theo y\u00eau c\u1ea7u<\/figcaption><\/figure>\n<figure id=\"attachment_5142\" aria-describedby=\"caption-attachment-5142\" style=\"width: 960px\" class=\"wp-caption aligncenter\"><img loading=\"lazy\" decoding=\"async\" class=\"wp-image-5142 size-full\" src=\"https:\/\/quatang5sao.com\/wp-content\/uploads\/2020\/11\/Dua-mong-tay-mau-05-012.jpg\" alt=\"C\u00e2y d\u0169a m\u00f3ng gi\u00e1 r\u1ebb m\u00e0 c\u00f3 v\u00f5\" width=\"960\" height=\"710\" title=\"\" srcset=\"https:\/\/quatang5sao.com\/wp-content\/uploads\/2020\/11\/Dua-mong-tay-mau-05-012.jpg 960w, https:\/\/quatang5sao.com\/wp-content\/uploads\/2020\/11\/Dua-mong-tay-mau-05-012-510x377.jpg 510w, https:\/\/quatang5sao.com\/wp-content\/uploads\/2020\/11\/Dua-mong-tay-mau-05-012-541x400.jpg 541w, https:\/\/quatang5sao.com\/wp-content\/uploads\/2020\/11\/Dua-mong-tay-mau-05-012-768x568.jpg 768w\" sizes=\"auto, (max-width: 960px) 100vw, 960px\" \/><figcaption id=\"caption-attachment-5142\" class=\"wp-caption-text\">C\u00e2y d\u0169a m\u00f3ng gi\u00e1 r\u1ebb m\u00e0 c\u00f3 v\u00f5<\/figcaption><\/figure>\n<figure id=\"attachment_5108\" aria-describedby=\"caption-attachment-5108\" style=\"width: 960px\" class=\"wp-caption aligncenter\"><img loading=\"lazy\" decoding=\"async\" class=\"wp-image-5108 size-full\" src=\"https:\/\/quatang5sao.com\/wp-content\/uploads\/2020\/11\/Dua-mong-tay-mau-02-001.jpg\" alt=\"H\u00ecnh d\u1ea1ng v\u00e0 k\u00edch th\u01b0\u1edbc c\u00e2y d\u0169a m\u00f3ng tay\" width=\"960\" height=\"1221\" title=\"\" srcset=\"https:\/\/quatang5sao.com\/wp-content\/uploads\/2020\/11\/Dua-mong-tay-mau-02-001.jpg 960w, https:\/\/quatang5sao.com\/wp-content\/uploads\/2020\/11\/Dua-mong-tay-mau-02-001-510x649.jpg 510w, https:\/\/quatang5sao.com\/wp-content\/uploads\/2020\/11\/Dua-mong-tay-mau-02-001-314x400.jpg 314w, https:\/\/quatang5sao.com\/wp-content\/uploads\/2020\/11\/Dua-mong-tay-mau-02-001-629x800.jpg 629w, https:\/\/quatang5sao.com\/wp-content\/uploads\/2020\/11\/Dua-mong-tay-mau-02-001-768x977.jpg 768w\" sizes=\"auto, (max-width: 960px) 100vw, 960px\" \/><figcaption id=\"caption-attachment-5108\" class=\"wp-caption-text\">H\u00ecnh d\u1ea1ng v\u00e0 k\u00edch th\u01b0\u1edbc c\u00e2y d\u0169a m\u00f3ng tay<\/figcaption><\/figure>\n<figure id=\"attachment_5143\" aria-describedby=\"caption-attachment-5143\" style=\"width: 960px\" class=\"wp-caption aligncenter\"><img loading=\"lazy\" decoding=\"async\" class=\"wp-image-5143 size-full\" src=\"https:\/\/quatang5sao.com\/wp-content\/uploads\/2020\/11\/Dua-mong-tay-mau-05-018.jpg\" alt=\"C\u1ea5u t\u1ea1o c\u1ee7a c\u1ea5y d\u0169a m\u00f3ng tay\" width=\"960\" height=\"911\" title=\"\" srcset=\"https:\/\/quatang5sao.com\/wp-content\/uploads\/2020\/11\/Dua-mong-tay-mau-05-018.jpg 960w, https:\/\/quatang5sao.com\/wp-content\/uploads\/2020\/11\/Dua-mong-tay-mau-05-018-510x484.jpg 510w, https:\/\/quatang5sao.com\/wp-content\/uploads\/2020\/11\/Dua-mong-tay-mau-05-018-422x400.jpg 422w, https:\/\/quatang5sao.com\/wp-content\/uploads\/2020\/11\/Dua-mong-tay-mau-05-018-843x800.jpg 843w, https:\/\/quatang5sao.com\/wp-content\/uploads\/2020\/11\/Dua-mong-tay-mau-05-018-768x729.jpg 768w\" sizes=\"auto, (max-width: 960px) 100vw, 960px\" \/><figcaption id=\"caption-attachment-5143\" class=\"wp-caption-text\">C\u1ea5u t\u1ea1o c\u1ee7a c\u1ea5y d\u0169a m\u00f3ng tay<\/figcaption><\/figure>\n<figure id=\"attachment_5141\" aria-describedby=\"caption-attachment-5141\" style=\"width: 960px\" class=\"wp-caption aligncenter\"><img loading=\"lazy\" decoding=\"async\" class=\"wp-image-5141 size-full\" src=\"https:\/\/quatang5sao.com\/wp-content\/uploads\/2020\/11\/Dua-mong-tay-mau-05-009-1.jpg\" alt=\"K\u00edch th\u01b0\u1edbc c\u1ee7a c\u00e1c lo\u1ea1i d\u0169a m\u00f3ng tay\" width=\"960\" height=\"1105\" title=\"\" srcset=\"https:\/\/quatang5sao.com\/wp-content\/uploads\/2020\/11\/Dua-mong-tay-mau-05-009-1.jpg 960w, https:\/\/quatang5sao.com\/wp-content\/uploads\/2020\/11\/Dua-mong-tay-mau-05-009-1-510x587.jpg 510w, https:\/\/quatang5sao.com\/wp-content\/uploads\/2020\/11\/Dua-mong-tay-mau-05-009-1-348x400.jpg 348w, https:\/\/quatang5sao.com\/wp-content\/uploads\/2020\/11\/Dua-mong-tay-mau-05-009-1-695x800.jpg 695w, https:\/\/quatang5sao.com\/wp-content\/uploads\/2020\/11\/Dua-mong-tay-mau-05-009-1-768x884.jpg 768w\" sizes=\"auto, (max-width: 960px) 100vw, 960px\" \/><figcaption id=\"caption-attachment-5141\" class=\"wp-caption-text\">K\u00edch th\u01b0\u1edbc c\u1ee7a c\u00e1c lo\u1ea1i d\u0169a m\u00f3ng tay<\/figcaption><\/figure>\n<figure id=\"attachment_5140\" aria-describedby=\"caption-attachment-5140\" style=\"width: 960px\" class=\"wp-caption aligncenter\"><img loading=\"lazy\" decoding=\"async\" class=\"wp-image-5140 size-full\" src=\"https:\/\/quatang5sao.com\/wp-content\/uploads\/2020\/11\/Dua-mong-tay-mau-05-006.jpg\" alt=\"S\u1ea3n xu\u1ea5t v\u00e0 in logo d\u0169a m\u00f3ng tay theo y\u00eau c\u1ea7u\" width=\"960\" height=\"649\" title=\"\" srcset=\"https:\/\/quatang5sao.com\/wp-content\/uploads\/2020\/11\/Dua-mong-tay-mau-05-006.jpg 960w, https:\/\/quatang5sao.com\/wp-content\/uploads\/2020\/11\/Dua-mong-tay-mau-05-006-510x345.jpg 510w, https:\/\/quatang5sao.com\/wp-content\/uploads\/2020\/11\/Dua-mong-tay-mau-05-006-592x400.jpg 592w, https:\/\/quatang5sao.com\/wp-content\/uploads\/2020\/11\/Dua-mong-tay-mau-05-006-768x519.jpg 768w\" sizes=\"auto, (max-width: 960px) 100vw, 960px\" \/><figcaption id=\"caption-attachment-5140\" class=\"wp-caption-text\">S\u1ea3n xu\u1ea5t v\u00e0 in logo d\u0169a m\u00f3ng tay theo y\u00eau c\u1ea7u<\/figcaption><\/figure>\n<figure id=\"attachment_5139\" aria-describedby=\"caption-attachment-5139\" style=\"width: 960px\" class=\"wp-caption aligncenter\"><img loading=\"lazy\" decoding=\"async\" class=\"wp-image-5139 size-full\" src=\"https:\/\/quatang5sao.com\/wp-content\/uploads\/2020\/11\/Dua-mong-tay-mau-05-004.jpg\" alt=\"D\u0169a m\u00f3ng tay ch\u1ea5t l\u01b0\u1ee3ng t\u1ed1t\" width=\"960\" height=\"1197\" title=\"\" srcset=\"https:\/\/quatang5sao.com\/wp-content\/uploads\/2020\/11\/Dua-mong-tay-mau-05-004.jpg 960w, https:\/\/quatang5sao.com\/wp-content\/uploads\/2020\/11\/Dua-mong-tay-mau-05-004-510x636.jpg 510w, https:\/\/quatang5sao.com\/wp-content\/uploads\/2020\/11\/Dua-mong-tay-mau-05-004-321x400.jpg 321w, https:\/\/quatang5sao.com\/wp-content\/uploads\/2020\/11\/Dua-mong-tay-mau-05-004-642x800.jpg 642w, https:\/\/quatang5sao.com\/wp-content\/uploads\/2020\/11\/Dua-mong-tay-mau-05-004-768x958.jpg 768w\" sizes=\"auto, (max-width: 960px) 100vw, 960px\" \/><figcaption id=\"caption-attachment-5139\" class=\"wp-caption-text\">D\u0169a m\u00f3ng tay ch\u1ea5t l\u01b0\u1ee3ng t\u1ed1t<\/figcaption><\/figure>","protected":false},"excerpt":{"rendered":"<ul>\n<li>In \u1ea5n logo, s\u1ea3n xu\u1ea5t theo y\u00eau c\u1ea7u<\/li>\n<li>Gi\u00e1 r\u1ebb<\/li>\n<li>Free designing<\/li>\n<li>Mi\u1ec5n ph\u00ed giao h\u00e0ng to\u00e0n qu\u1ed1c<\/li>\n<li>S\u1eed d\u1ee5ng cho c\u00e1 nh\u00e2n, nh\u1eefng ng\u01b0\u1eddi l\u00e0m nail chuy\u00ean nghi\u1ec7p<\/li>\n<\/ul>","protected":false},"featured_media":5100,"comment_status":"open","ping_status":"closed","template":"","meta":[],"product_brand":[],"product_cat":[689],"product_tag":[],"class_list":{"0":"post-5136","1":"product","2":"type-product","3":"status-publish","4":"has-post-thumbnail","6":"product_cat-dua-mong-tay","8":"first","9":"instock","10":"shipping-taxable","11":"product-type-simple"},"amp_enabled":true,"_links":{"self":[{"href":"https:\/\/quatang5sao.com\/en\/wp-json\/wp\/v2\/product\/5136","targetHints":{"allow":["GET"]}}],"collection":[{"href":"https:\/\/quatang5sao.com\/en\/wp-json\/wp\/v2\/product"}],"about":[{"href":"https:\/\/quatang5sao.com\/en\/wp-json\/wp\/v2\/types\/product"}],"replies":[{"embeddable":true,"href":"https:\/\/quatang5sao.com\/en\/wp-json\/wp\/v2\/comments?post=5136"}],"wp:featuredmedia":[{"embeddable":true,"href":"https:\/\/quatang5sao.com\/en\/wp-json\/wp\/v2\/media\/5100"}],"wp:attachment":[{"href":"https:\/\/quatang5sao.com\/en\/wp-json\/wp\/v2\/media?parent=5136"}],"wp:term":[{"taxonomy":"product_brand","embeddable":true,"href":"https:\/\/quatang5sao.com\/en\/wp-json\/wp\/v2\/product_brand?post=5136"},{"taxonomy":"product_cat","embeddable":true,"href":"https:\/\/quatang5sao.com\/en\/wp-json\/wp\/v2\/product_cat?post=5136"},{"taxonomy":"product_tag","embeddable":true,"href":"https:\/\/quatang5sao.com\/en\/wp-json\/wp\/v2\/product_tag?post=5136"}],"curies":[{"name":"wp","href":"https:\/\/api.w.org\/{rel}","templated":true}]}}