{"id":4445,"date":"2020-01-10T11:21:02","date_gmt":"2020-01-10T04:21:02","guid":{"rendered":"https:\/\/quatang5sao.com\/?post_type=product&#038;p=4445"},"modified":"2020-01-10T16:19:45","modified_gmt":"2020-01-10T09:19:45","slug":"xuong-in-tui-vai-theo-yeu-cau-xuong-may-tui-vai-gia-re-mau-19","status":"publish","type":"product","link":"https:\/\/quatang5sao.com\/en\/xuong-in-tui-vai-theo-yeu-cau-xuong-may-tui-vai-gia-re-mau-19\/","title":{"rendered":"X\u01b0\u1edfng in t\u00fai v\u1ea3i theo y\u00eau c\u1ea7u &#8211; X\u01b0\u1edfng may t\u00fai v\u1ea3i gi\u00e1 r\u1ebb &#8211; M\u1eabu 19"},"content":{"rendered":"<h2><strong>X\u01b0\u1edfng in t\u00fai v\u1ea3i theo y\u00eau c\u1ea7u<\/strong><\/h2>\n<p>&nbsp;<\/p>\n<h2><strong>X\u00e2m nh\u1eadp x\u01b0\u1edfng s\u1ea3n xu\u1ea5t t\u00fai v\u1ea3i<\/strong><\/h2>\n<p><iframe loading=\"lazy\" title=\"X\u01b0\u1edfng in t\u00fai canvas - S\u1ea3n xu\u1ea5t t\u00fai v\u1ea3i c\u00e1c lo\u1ea1i theo y\u00eau c\u1ea7u\" width=\"1020\" height=\"574\" src=\"https:\/\/www.youtube.com\/embed\/y54Truc4J-A?feature=oembed\" frameborder=\"0\" allow=\"accelerometer; autoplay; encrypted-media; gyroscope; picture-in-picture\" allowfullscreen><\/iframe><\/p>\n<h2>H\u00ecnh \u1ea3nh s\u1ea3n ph\u1ea9m in t\u00fai v\u1ea3i<\/h2>\n<figure id=\"attachment_4453\" aria-describedby=\"caption-attachment-4453\" style=\"width: 960px\" class=\"wp-caption aligncenter\"><img loading=\"lazy\" decoding=\"async\" class=\"wp-image-4453 size-full\" src=\"https:\/\/quatang5sao.com\/wp-content\/uploads\/2020\/01\/TuiCanvas-001-3.jpg\" alt=\"M\u1eabu t\u00fai v\u1ea3i th\u00f4ng d\u1ee5ng\" width=\"960\" height=\"613\" title=\"\" srcset=\"https:\/\/quatang5sao.com\/wp-content\/uploads\/2020\/01\/TuiCanvas-001-3.jpg 960w, https:\/\/quatang5sao.com\/wp-content\/uploads\/2020\/01\/TuiCanvas-001-3-510x326.jpg 510w, https:\/\/quatang5sao.com\/wp-content\/uploads\/2020\/01\/TuiCanvas-001-3-626x400.jpg 626w, https:\/\/quatang5sao.com\/wp-content\/uploads\/2020\/01\/TuiCanvas-001-3-768x490.jpg 768w\" sizes=\"auto, (max-width: 960px) 100vw, 960px\" \/><figcaption id=\"caption-attachment-4453\" class=\"wp-caption-text\">M\u1eabu t\u00fai v\u1ea3i th\u00f4ng d\u1ee5ng<\/figcaption><\/figure>\n<figure id=\"attachment_4454\" aria-describedby=\"caption-attachment-4454\" style=\"width: 960px\" class=\"wp-caption aligncenter\"><img loading=\"lazy\" decoding=\"async\" class=\"wp-image-4454 size-full\" src=\"https:\/\/quatang5sao.com\/wp-content\/uploads\/2020\/01\/TuiCanvas-002-3.jpg\" alt=\"M\u1eabu t\u00fai v\u1ea3i th\u00f4ng d\u1ee5ng\" width=\"960\" height=\"617\" title=\"\" srcset=\"https:\/\/quatang5sao.com\/wp-content\/uploads\/2020\/01\/TuiCanvas-002-3.jpg 960w, https:\/\/quatang5sao.com\/wp-content\/uploads\/2020\/01\/TuiCanvas-002-3-510x328.jpg 510w, https:\/\/quatang5sao.com\/wp-content\/uploads\/2020\/01\/TuiCanvas-002-3-622x400.jpg 622w, https:\/\/quatang5sao.com\/wp-content\/uploads\/2020\/01\/TuiCanvas-002-3-768x494.jpg 768w\" sizes=\"auto, (max-width: 960px) 100vw, 960px\" \/><figcaption id=\"caption-attachment-4454\" class=\"wp-caption-text\">M\u1eabu t\u00fai v\u1ea3i th\u00f4ng d\u1ee5ng<\/figcaption><\/figure>\n<figure id=\"attachment_4455\" aria-describedby=\"caption-attachment-4455\" style=\"width: 960px\" class=\"wp-caption aligncenter\"><img loading=\"lazy\" decoding=\"async\" class=\"wp-image-4455 size-full\" src=\"https:\/\/quatang5sao.com\/wp-content\/uploads\/2020\/01\/TuiCanvas-003-3.jpg\" alt=\"M\u1eabu t\u00fai v\u1ea3i th\u00f4ng d\u1ee5ng\" width=\"960\" height=\"553\" title=\"\" srcset=\"https:\/\/quatang5sao.com\/wp-content\/uploads\/2020\/01\/TuiCanvas-003-3.jpg 960w, https:\/\/quatang5sao.com\/wp-content\/uploads\/2020\/01\/TuiCanvas-003-3-510x294.jpg 510w, https:\/\/quatang5sao.com\/wp-content\/uploads\/2020\/01\/TuiCanvas-003-3-694x400.jpg 694w, https:\/\/quatang5sao.com\/wp-content\/uploads\/2020\/01\/TuiCanvas-003-3-768x442.jpg 768w\" sizes=\"auto, (max-width: 960px) 100vw, 960px\" \/><figcaption id=\"caption-attachment-4455\" class=\"wp-caption-text\">M\u1eabu t\u00fai v\u1ea3i th\u00f4ng d\u1ee5ng<\/figcaption><\/figure>\n<figure id=\"attachment_4456\" aria-describedby=\"caption-attachment-4456\" style=\"width: 960px\" class=\"wp-caption aligncenter\"><img loading=\"lazy\" decoding=\"async\" class=\"wp-image-4456 size-full\" src=\"https:\/\/quatang5sao.com\/wp-content\/uploads\/2020\/01\/TuiCanvas-004-3.jpg\" alt=\"M\u1eabu t\u00fai v\u1ea3i th\u00f4ng d\u1ee5ng\" width=\"960\" height=\"689\" title=\"\" srcset=\"https:\/\/quatang5sao.com\/wp-content\/uploads\/2020\/01\/TuiCanvas-004-3.jpg 960w, https:\/\/quatang5sao.com\/wp-content\/uploads\/2020\/01\/TuiCanvas-004-3-510x366.jpg 510w, https:\/\/quatang5sao.com\/wp-content\/uploads\/2020\/01\/TuiCanvas-004-3-557x400.jpg 557w, https:\/\/quatang5sao.com\/wp-content\/uploads\/2020\/01\/TuiCanvas-004-3-768x551.jpg 768w\" sizes=\"auto, (max-width: 960px) 100vw, 960px\" \/><figcaption id=\"caption-attachment-4456\" class=\"wp-caption-text\">M\u1eabu t\u00fai v\u1ea3i th\u00f4ng d\u1ee5ng<\/figcaption><\/figure>\n<figure id=\"attachment_4457\" aria-describedby=\"caption-attachment-4457\" style=\"width: 960px\" class=\"wp-caption aligncenter\"><img loading=\"lazy\" decoding=\"async\" class=\"wp-image-4457 size-full\" src=\"https:\/\/quatang5sao.com\/wp-content\/uploads\/2020\/01\/TuiCanvas-005-3.jpg\" alt=\"M\u1eabu t\u00fai v\u1ea3i th\u00f4ng d\u1ee5ng\" width=\"960\" height=\"796\" title=\"\" srcset=\"https:\/\/quatang5sao.com\/wp-content\/uploads\/2020\/01\/TuiCanvas-005-3.jpg 960w, https:\/\/quatang5sao.com\/wp-content\/uploads\/2020\/01\/TuiCanvas-005-3-510x423.jpg 510w, https:\/\/quatang5sao.com\/wp-content\/uploads\/2020\/01\/TuiCanvas-005-3-482x400.jpg 482w, https:\/\/quatang5sao.com\/wp-content\/uploads\/2020\/01\/TuiCanvas-005-3-768x637.jpg 768w\" sizes=\"auto, (max-width: 960px) 100vw, 960px\" \/><figcaption id=\"caption-attachment-4457\" class=\"wp-caption-text\">M\u1eabu t\u00fai v\u1ea3i th\u00f4ng d\u1ee5ng<\/figcaption><\/figure>\n<figure id=\"attachment_4458\" aria-describedby=\"caption-attachment-4458\" style=\"width: 960px\" class=\"wp-caption aligncenter\"><img loading=\"lazy\" decoding=\"async\" class=\"wp-image-4458 size-full\" src=\"https:\/\/quatang5sao.com\/wp-content\/uploads\/2020\/01\/TuiCanvas-006-3.jpg\" alt=\"K\u00edch th\u01b0\u1edbc t\u00fai canvas th\u00f4ng d\u1ee5ng\" width=\"960\" height=\"1015\" title=\"\" srcset=\"https:\/\/quatang5sao.com\/wp-content\/uploads\/2020\/01\/TuiCanvas-006-3.jpg 960w, https:\/\/quatang5sao.com\/wp-content\/uploads\/2020\/01\/TuiCanvas-006-3-510x539.jpg 510w, https:\/\/quatang5sao.com\/wp-content\/uploads\/2020\/01\/TuiCanvas-006-3-378x400.jpg 378w, https:\/\/quatang5sao.com\/wp-content\/uploads\/2020\/01\/TuiCanvas-006-3-757x800.jpg 757w, https:\/\/quatang5sao.com\/wp-content\/uploads\/2020\/01\/TuiCanvas-006-3-768x812.jpg 768w\" sizes=\"auto, (max-width: 960px) 100vw, 960px\" \/><figcaption id=\"caption-attachment-4458\" class=\"wp-caption-text\">K\u00edch th\u01b0\u1edbc t\u00fai canvas th\u00f4ng d\u1ee5ng<\/figcaption><\/figure>\n<figure id=\"attachment_4451\" aria-describedby=\"caption-attachment-4451\" style=\"width: 960px\" class=\"wp-caption aligncenter\"><img loading=\"lazy\" decoding=\"async\" class=\"wp-image-4451 size-full\" src=\"https:\/\/quatang5sao.com\/wp-content\/uploads\/2020\/01\/TuiCanvas-006-2.jpg\" alt=\"In t\u00fai v\u1ea3i theo y\u00eau c\u1ea7u gi\u00e1 r\u1ebb\" width=\"960\" height=\"1445\" title=\"\" srcset=\"https:\/\/quatang5sao.com\/wp-content\/uploads\/2020\/01\/TuiCanvas-006-2.jpg 960w, https:\/\/quatang5sao.com\/wp-content\/uploads\/2020\/01\/TuiCanvas-006-2-510x768.jpg 510w, https:\/\/quatang5sao.com\/wp-content\/uploads\/2020\/01\/TuiCanvas-006-2-266x400.jpg 266w, https:\/\/quatang5sao.com\/wp-content\/uploads\/2020\/01\/TuiCanvas-006-2-531x800.jpg 531w, https:\/\/quatang5sao.com\/wp-content\/uploads\/2020\/01\/TuiCanvas-006-2-768x1156.jpg 768w\" sizes=\"auto, (max-width: 960px) 100vw, 960px\" \/><figcaption id=\"caption-attachment-4451\" class=\"wp-caption-text\">In t\u00fai v\u1ea3i theo y\u00eau c\u1ea7u gi\u00e1 r\u1ebb<\/figcaption><\/figure>\n<figure id=\"attachment_4450\" aria-describedby=\"caption-attachment-4450\" style=\"width: 960px\" class=\"wp-caption aligncenter\"><img loading=\"lazy\" decoding=\"async\" class=\"wp-image-4450 size-full\" src=\"https:\/\/quatang5sao.com\/wp-content\/uploads\/2020\/01\/TuiCanvas-005-2.jpg\" alt=\"M\u1eabu t\u00fai \u0111\u1ebf b\u1eb1ng\" width=\"960\" height=\"790\" title=\"\" srcset=\"https:\/\/quatang5sao.com\/wp-content\/uploads\/2020\/01\/TuiCanvas-005-2.jpg 960w, https:\/\/quatang5sao.com\/wp-content\/uploads\/2020\/01\/TuiCanvas-005-2-510x420.jpg 510w, https:\/\/quatang5sao.com\/wp-content\/uploads\/2020\/01\/TuiCanvas-005-2-486x400.jpg 486w, https:\/\/quatang5sao.com\/wp-content\/uploads\/2020\/01\/TuiCanvas-005-2-768x632.jpg 768w\" sizes=\"auto, (max-width: 960px) 100vw, 960px\" \/><figcaption id=\"caption-attachment-4450\" class=\"wp-caption-text\">M\u1eabu t\u00fai \u0111\u1ebf b\u1eb1ng<\/figcaption><\/figure>\n<figure id=\"attachment_4449\" aria-describedby=\"caption-attachment-4449\" style=\"width: 960px\" class=\"wp-caption aligncenter\"><img loading=\"lazy\" decoding=\"async\" class=\"wp-image-4449 size-full\" src=\"https:\/\/quatang5sao.com\/wp-content\/uploads\/2020\/01\/TuiCanvas-004-2.jpg\" alt=\"X\u01b0\u1edfng s\u1ea3n xu\u1ea5t t\u00fai v\u1ea3i\" width=\"960\" height=\"968\" title=\"\" srcset=\"https:\/\/quatang5sao.com\/wp-content\/uploads\/2020\/01\/TuiCanvas-004-2.jpg 960w, https:\/\/quatang5sao.com\/wp-content\/uploads\/2020\/01\/TuiCanvas-004-2-100x100.jpg 100w, https:\/\/quatang5sao.com\/wp-content\/uploads\/2020\/01\/TuiCanvas-004-2-510x514.jpg 510w, https:\/\/quatang5sao.com\/wp-content\/uploads\/2020\/01\/TuiCanvas-004-2-397x400.jpg 397w, https:\/\/quatang5sao.com\/wp-content\/uploads\/2020\/01\/TuiCanvas-004-2-793x800.jpg 793w, https:\/\/quatang5sao.com\/wp-content\/uploads\/2020\/01\/TuiCanvas-004-2-768x774.jpg 768w\" sizes=\"auto, (max-width: 960px) 100vw, 960px\" \/><figcaption id=\"caption-attachment-4449\" class=\"wp-caption-text\">X\u01b0\u1edfng s\u1ea3n xu\u1ea5t t\u00fai v\u1ea3i<\/figcaption><\/figure>\n<figure id=\"attachment_4448\" aria-describedby=\"caption-attachment-4448\" style=\"width: 960px\" class=\"wp-caption aligncenter\"><img loading=\"lazy\" decoding=\"async\" class=\"wp-image-4448 size-full\" src=\"https:\/\/quatang5sao.com\/wp-content\/uploads\/2020\/01\/TuiCanvas-003-2.jpg\" alt=\"May t\u00fai v\u1ea3i \u0111\u1ebf b\u1eb1ng\" width=\"960\" height=\"1259\" title=\"\" srcset=\"https:\/\/quatang5sao.com\/wp-content\/uploads\/2020\/01\/TuiCanvas-003-2.jpg 960w, https:\/\/quatang5sao.com\/wp-content\/uploads\/2020\/01\/TuiCanvas-003-2-510x669.jpg 510w, https:\/\/quatang5sao.com\/wp-content\/uploads\/2020\/01\/TuiCanvas-003-2-305x400.jpg 305w, https:\/\/quatang5sao.com\/wp-content\/uploads\/2020\/01\/TuiCanvas-003-2-610x800.jpg 610w, https:\/\/quatang5sao.com\/wp-content\/uploads\/2020\/01\/TuiCanvas-003-2-768x1007.jpg 768w\" sizes=\"auto, (max-width: 960px) 100vw, 960px\" \/><figcaption id=\"caption-attachment-4448\" class=\"wp-caption-text\">May t\u00fai v\u1ea3i \u0111\u1ebf b\u1eb1ng<\/figcaption><\/figure>\n<figure id=\"attachment_4447\" aria-describedby=\"caption-attachment-4447\" style=\"width: 960px\" class=\"wp-caption aligncenter\"><img loading=\"lazy\" decoding=\"async\" class=\"wp-image-4447 size-full\" src=\"https:\/\/quatang5sao.com\/wp-content\/uploads\/2020\/01\/TuiCanvas-002-2.jpg\" alt=\"M\u1eabu t\u00fai \u0111\u1ebf b\u1eb1ng\" width=\"960\" height=\"1145\" title=\"\" srcset=\"https:\/\/quatang5sao.com\/wp-content\/uploads\/2020\/01\/TuiCanvas-002-2.jpg 960w, https:\/\/quatang5sao.com\/wp-content\/uploads\/2020\/01\/TuiCanvas-002-2-510x608.jpg 510w, https:\/\/quatang5sao.com\/wp-content\/uploads\/2020\/01\/TuiCanvas-002-2-335x400.jpg 335w, https:\/\/quatang5sao.com\/wp-content\/uploads\/2020\/01\/TuiCanvas-002-2-671x800.jpg 671w, https:\/\/quatang5sao.com\/wp-content\/uploads\/2020\/01\/TuiCanvas-002-2-768x916.jpg 768w, https:\/\/quatang5sao.com\/wp-content\/uploads\/2020\/01\/TuiCanvas-002-2-247x296.jpg 247w\" sizes=\"auto, (max-width: 960px) 100vw, 960px\" \/><figcaption id=\"caption-attachment-4447\" class=\"wp-caption-text\">M\u1eabu t\u00fai \u0111\u1ebf b\u1eb1ng<\/figcaption><\/figure>\n<h2><strong>\u0110\u1ecba ch\u1ec9 \u0111\u1eb7t h\u00e0ng t\u00fai v\u1ea3i canvas<\/strong><\/h2>\n<p><span style=\"font-size: 115%;\">Qu\u00fd kh\u00e1ch h\u00e0ng c\u00f3 nhu c\u1ea7u \u0111\u1eb7t h\u00e0ng vui l\u00f2ng li\u00ean h\u1ec7:<\/span><br \/>\n<span style=\"font-size: 115%;\">Hotline &amp; Zalo:<\/span><\/p>\n<p><span style=\"color: #ff0000;\"><strong><span style=\"font-size: 115%;\">Ha Noi: 0917.322.230<\/span><\/strong><\/span><br \/>\n<span style=\"color: #ff0000;\"><strong><span style=\"font-size: 115%;\">S\u1ed1 1 \u2013 L\u0129nh Nam \u2013 Ho\u00e0ng Mai \u2013 H\u00e0 N\u1ed9i<\/span><\/strong><\/span><\/p>\n<p><span style=\"color: #339966;\"><strong><span style=\"font-size: 115%;\">H\u1ed3 Ch\u00ed Minh: 0988.902.220<\/span><\/strong><\/span><br \/>\n<span style=\"color: #339966;\"><strong><span style=\"font-size: 115%;\">S\u1ed1 214 \u2013 V\u00f5 V\u0103n Ng\u00e2n \u2013 B\u00ecnh Th\u1ecd \u2013 Th\u1ee7 \u0110\u1ee9c \u2013 H\u1ed3 Ch\u00ed Minh<\/span><\/strong><\/span><\/p>\n<p><span style=\"font-size: 115%;\">Website: https:\/\/quatang5sao.com\/<\/span><br \/>\n<span style=\"font-size: 115%;\">#tuivai #tuicanvas #tuitote #xuongmaytuicanvas #tuidayrut<\/span><\/p>","protected":false},"excerpt":{"rendered":"<ul>\n<li>X\u01b0\u1edfng in t\u00fai v\u1ea3i theo y\u00eau c\u1ea7u<\/li>\n<li>Gi\u00e1 r\u1ebb, nhi\u1ec1u m\u1eabu m\u00e3 \u0111\u1eb9p<\/li>\n<li>S\u1ea3n xu\u1ea5t nhanh, kh\u00f4ng gi\u1edbi h\u1ea1n s\u1ed1 l\u01b0\u1ee3ng<\/li>\n<li>Mi\u1ec5n ph\u00ed thi\u1ebft k\u1ebf maket<\/li>\n<li>Mi\u1ec5n ph\u00ed ship h\u00e0ng to\u00e0n qu\u1ed1c<\/li>\n<\/ul>","protected":false},"featured_media":4452,"comment_status":"open","ping_status":"closed","template":"","meta":[],"product_brand":[],"product_cat":[638],"product_tag":[645,657,643,642,644,658,659,640],"class_list":{"0":"post-4445","1":"product","2":"type-product","3":"status-publish","4":"has-post-thumbnail","6":"product_cat-tui-canvas","7":"product_tag-in-tui-vai","8":"product_tag-may-tui-vai","9":"product_tag-tui-canvas","10":"product_tag-tui-vai","11":"product_tag-tui-vai-canvas","12":"product_tag-tui-vai-dep","13":"product_tag-tui-vai-nu","14":"product_tag-xuong-may-tui-vai-canvas","16":"first","17":"instock","18":"shipping-taxable","19":"product-type-simple"},"amp_enabled":true,"_links":{"self":[{"href":"https:\/\/quatang5sao.com\/en\/wp-json\/wp\/v2\/product\/4445","targetHints":{"allow":["GET"]}}],"collection":[{"href":"https:\/\/quatang5sao.com\/en\/wp-json\/wp\/v2\/product"}],"about":[{"href":"https:\/\/quatang5sao.com\/en\/wp-json\/wp\/v2\/types\/product"}],"replies":[{"embeddable":true,"href":"https:\/\/quatang5sao.com\/en\/wp-json\/wp\/v2\/comments?post=4445"}],"wp:featuredmedia":[{"embeddable":true,"href":"https:\/\/quatang5sao.com\/en\/wp-json\/wp\/v2\/media\/4452"}],"wp:attachment":[{"href":"https:\/\/quatang5sao.com\/en\/wp-json\/wp\/v2\/media?parent=4445"}],"wp:term":[{"taxonomy":"product_brand","embeddable":true,"href":"https:\/\/quatang5sao.com\/en\/wp-json\/wp\/v2\/product_brand?post=4445"},{"taxonomy":"product_cat","embeddable":true,"href":"https:\/\/quatang5sao.com\/en\/wp-json\/wp\/v2\/product_cat?post=4445"},{"taxonomy":"product_tag","embeddable":true,"href":"https:\/\/quatang5sao.com\/en\/wp-json\/wp\/v2\/product_tag?post=4445"}],"curies":[{"name":"wp","href":"https:\/\/api.w.org\/{rel}","templated":true}]}}