{"id":4434,"date":"2020-01-10T10:18:29","date_gmt":"2020-01-10T03:18:29","guid":{"rendered":"https:\/\/quatang5sao.com\/?post_type=product&#038;p=4434"},"modified":"2020-01-10T10:37:39","modified_gmt":"2020-01-10T03:37:39","slug":"tui-vai-canvas-gia-re-in-tui-vai-theo-yeu-cau-gia-re-mau-20","status":"publish","type":"product","link":"https:\/\/quatang5sao.com\/en\/tui-vai-canvas-gia-re-in-tui-vai-theo-yeu-cau-gia-re-mau-20\/","title":{"rendered":"T\u00fai v\u1ea3i canvas gi\u00e1 r\u1ebb &#8211; In t\u00fai v\u1ea3i theo y\u00eau c\u1ea7u gi\u00e1 r\u1ebb &#8211; M\u1eabu 20"},"content":{"rendered":"<h2><strong>T\u00fai v\u1ea3i canvas gi\u00e1 r\u1ebb<\/strong><\/h2>\n<p><a href=\"https:\/\/quatang5sao.com\/en\/danh-muc\/tui-vai\/tui-canvas\/\"><strong>T\u00fai v\u1ea3i canvas<\/strong><\/a> l\u00e0 s\u1ea3n ph\u1ea9m ph\u00f9 h\u1ee3p nh\u1ea5t v\u1edbi c\u00e1c b\u1ea1n tr\u1ebb hi\u1ec7n nay. V\u1eeba gi\u00fap b\u1ea3o v\u1ec7 m\u00f4i tr\u01b0\u1eddng s\u1ed1ng, l\u1ea1i d\u1ec5 gia c\u00f4ng th\u00e0nh nhi\u1ec1u m\u1eabu m\u00e3 \u0111\u1eb9p m\u1eaft, ph\u00f9 h\u1ee3p v\u1edbi h\u1ea7u h\u1ebft c\u00e1c lo\u1ea1i trang ph\u1ee5c. S\u1eed d\u1ee5ng <a href=\"https:\/\/medium.com\/@MinhTm63091092\/x%C6%B0%E1%BB%9Fng-may-t%C3%BAi-v%E1%BA%A3i-canvas-gi%C3%A1-r%E1%BA%BB-%E1%BB%9F-%C4%91%C3%A2u-1409a34bf378?sk=d40117f7f557a45c5ab642d784891b75\" target=\"_blank\" rel=\"noopener\"><strong>t\u00fai v\u1ea3i<\/strong><\/a> c\u00f2n l\u00e0 xu th\u1ebf chung c\u1ee7a th\u1ebf k\u1ef7 21 n\u1eefa.<\/p>\n<p>Qu\u00fd kh\u00e1ch \u0111\u1ebfn v\u1edbi Qu\u00e0 T\u1eb7ng 5 Sao s\u1ebd \u0111\u01b0\u1ee3c t\u01b0 v\u1ea5n \u0111\u1ea7y \u0111\u1ee7 v\u1ec1 b\u00e1o gi\u00e1, thi\u1ebft k\u1ebf s\u1ea3n ph\u1ea9m&#8230; Sao cho \u0111\u1eb9p, h\u1ee3p m\u1ed1t, v\u1edbi gi\u00e1 c\u1ea3 ph\u1ea3i ch\u0103ng. Ch\u1ea5t l\u01b0\u1ee3ng c\u1ee7a s\u1ea3n ph\u1ea9m c\u0169ng \u0111\u01b0\u1ee3c nhi\u1ec1u kh\u00e1ch h\u00e0ng \u0111\u00e1nh gi\u00e1 cao. Do \u0111\u00f3, qu\u00fd kh\u00e1ch h\u00e0ng s\u1ebd ho\u00e0n to\u00e0n y\u00ean t\u00e2m khi \u0111\u1ebfn v\u1edbi d\u1ecbch v\u1ee5 c\u1ee7a ch\u00fang t\u00f4i.<\/p>\n<p>V\u1edbi s\u1ed1 l\u01b0\u1ee3ng s\u1ea3n ph\u1ea9m kh\u00f4ng gi\u1edbi h\u1ea1n, th\u1eddi gian s\u1ea3n xu\u1ea5t nhanh, mi\u1ec5n ph\u00ed ship tr\u00ean to\u00e0n qu\u1ed1c. V\u00e0 quy tr\u00ecnh s\u1ea3n xu\u1ea5t s\u1ea3n ph\u1ea9m hi\u1ec7n \u0111\u1ea1i, ch\u1ea5t l\u01b0\u1ee3ng <a href=\"https:\/\/tuicanvas.net\" target=\"_blank\" rel=\"noopener\"><strong>in t\u00fai v\u1ea3i<\/strong><\/a> cao, kh\u00f4ng b\u1ecb bong tr\u00f3c khi gi\u1eb7t gi\u0169. Ch\u00fang t\u00f4i t\u1ef1 tin s\u1ebd l\u00e0m h\u00e0i l\u00f2ng c\u1ea3 nh\u1eefng kh\u00e1ch h\u00e0ng kh\u00f3 t\u00ednh nh\u1ea5t.<\/p>\n<h2><strong>X\u01b0\u1edfng s\u1ea3n xu\u1ea5t t\u00fai v\u1ea3i canvas<\/strong><\/h2>\n<p><iframe loading=\"lazy\" title=\"X\u01b0\u1edfng in t\u00fai canvas - S\u1ea3n xu\u1ea5t t\u00fai v\u1ea3i c\u00e1c lo\u1ea1i theo y\u00eau c\u1ea7u\" width=\"1020\" height=\"574\" src=\"https:\/\/www.youtube.com\/embed\/y54Truc4J-A?feature=oembed\" frameborder=\"0\" allow=\"accelerometer; autoplay; encrypted-media; gyroscope; picture-in-picture\" allowfullscreen><\/iframe><\/p>\n<h2><strong>\u1ea2nh m\u1eabu t\u00fai v\u1ea3i<\/strong><\/h2>\n<figure id=\"attachment_4442\" aria-describedby=\"caption-attachment-4442\" style=\"width: 960px\" class=\"wp-caption aligncenter\"><img loading=\"lazy\" decoding=\"async\" class=\"wp-image-4442 size-full\" src=\"https:\/\/quatang5sao.com\/wp-content\/uploads\/2020\/01\/TuiCanvas-008-1.jpg\" alt=\"M\u1ed9t s\u1ed1 m\u1eabu t\u00fai v\u1ea3i th\u01b0\u1eddng d\u00f9ng\" width=\"960\" height=\"1872\" title=\"\" srcset=\"https:\/\/quatang5sao.com\/wp-content\/uploads\/2020\/01\/TuiCanvas-008-1.jpg 960w, https:\/\/quatang5sao.com\/wp-content\/uploads\/2020\/01\/TuiCanvas-008-1-510x995.jpg 510w, https:\/\/quatang5sao.com\/wp-content\/uploads\/2020\/01\/TuiCanvas-008-1-205x400.jpg 205w, https:\/\/quatang5sao.com\/wp-content\/uploads\/2020\/01\/TuiCanvas-008-1-410x800.jpg 410w, https:\/\/quatang5sao.com\/wp-content\/uploads\/2020\/01\/TuiCanvas-008-1-768x1498.jpg 768w, https:\/\/quatang5sao.com\/wp-content\/uploads\/2020\/01\/TuiCanvas-008-1-788x1536.jpg 788w\" sizes=\"auto, (max-width: 960px) 100vw, 960px\" \/><figcaption id=\"caption-attachment-4442\" class=\"wp-caption-text\">M\u1ed9t s\u1ed1 m\u1eabu t\u00fai v\u1ea3i th\u01b0\u1eddng d\u00f9ng<\/figcaption><\/figure>\n<figure id=\"attachment_4441\" aria-describedby=\"caption-attachment-4441\" style=\"width: 960px\" class=\"wp-caption aligncenter\"><img loading=\"lazy\" decoding=\"async\" class=\"wp-image-4441 size-full\" src=\"https:\/\/quatang5sao.com\/wp-content\/uploads\/2020\/01\/TuiCanvas-007-1.jpg\" alt=\"M\u1eabu t\u00fai v\u1ea3i m\u1edbi ra m\u1eaft\" width=\"960\" height=\"945\" title=\"\" srcset=\"https:\/\/quatang5sao.com\/wp-content\/uploads\/2020\/01\/TuiCanvas-007-1.jpg 960w, https:\/\/quatang5sao.com\/wp-content\/uploads\/2020\/01\/TuiCanvas-007-1-510x502.jpg 510w, https:\/\/quatang5sao.com\/wp-content\/uploads\/2020\/01\/TuiCanvas-007-1-406x400.jpg 406w, https:\/\/quatang5sao.com\/wp-content\/uploads\/2020\/01\/TuiCanvas-007-1-813x800.jpg 813w, https:\/\/quatang5sao.com\/wp-content\/uploads\/2020\/01\/TuiCanvas-007-1-768x756.jpg 768w\" sizes=\"auto, (max-width: 960px) 100vw, 960px\" \/><figcaption id=\"caption-attachment-4441\" class=\"wp-caption-text\">M\u1eabu t\u00fai v\u1ea3i m\u1edbi ra m\u1eaft<\/figcaption><\/figure>\n<figure id=\"attachment_4440\" aria-describedby=\"caption-attachment-4440\" style=\"width: 960px\" class=\"wp-caption aligncenter\"><img loading=\"lazy\" decoding=\"async\" class=\"wp-image-4440 size-full\" src=\"https:\/\/quatang5sao.com\/wp-content\/uploads\/2020\/01\/TuiCanvas-006-1.jpg\" alt=\"T\u00fai v\u1ea3i h\u1ee3p m\u1ed1t m\u1edbi v\u1edbi c\u00e1c c\u00f4 g\u00e1i tr\u1ebb\" width=\"960\" height=\"1487\" title=\"\" srcset=\"https:\/\/quatang5sao.com\/wp-content\/uploads\/2020\/01\/TuiCanvas-006-1.jpg 960w, https:\/\/quatang5sao.com\/wp-content\/uploads\/2020\/01\/TuiCanvas-006-1-510x790.jpg 510w, https:\/\/quatang5sao.com\/wp-content\/uploads\/2020\/01\/TuiCanvas-006-1-258x400.jpg 258w, https:\/\/quatang5sao.com\/wp-content\/uploads\/2020\/01\/TuiCanvas-006-1-516x800.jpg 516w, https:\/\/quatang5sao.com\/wp-content\/uploads\/2020\/01\/TuiCanvas-006-1-768x1190.jpg 768w\" sizes=\"auto, (max-width: 960px) 100vw, 960px\" \/><figcaption id=\"caption-attachment-4440\" class=\"wp-caption-text\">T\u00fai v\u1ea3i h\u1ee3p m\u1ed1t m\u1edbi v\u1edbi c\u00e1c c\u00f4 g\u00e1i tr\u1ebb<\/figcaption><\/figure>\n<figure id=\"attachment_4439\" aria-describedby=\"caption-attachment-4439\" style=\"width: 689px\" class=\"wp-caption aligncenter\"><img loading=\"lazy\" decoding=\"async\" class=\"wp-image-4439 size-full\" src=\"https:\/\/quatang5sao.com\/wp-content\/uploads\/2020\/01\/TuiCanvas-005-1-scaled.jpg\" alt=\"T\u00fai \u0111eo vai b\u1eb1ng v\u1ea3i in \u1ea5n theo y\u00eau c\u1ea7u\" width=\"689\" height=\"2560\" title=\"\" srcset=\"https:\/\/quatang5sao.com\/wp-content\/uploads\/2020\/01\/TuiCanvas-005-1-scaled.jpg 689w, https:\/\/quatang5sao.com\/wp-content\/uploads\/2020\/01\/TuiCanvas-005-1-scaled-510x1895.jpg 510w, https:\/\/quatang5sao.com\/wp-content\/uploads\/2020\/01\/TuiCanvas-005-1-108x400.jpg 108w, https:\/\/quatang5sao.com\/wp-content\/uploads\/2020\/01\/TuiCanvas-005-1-215x800.jpg 215w, https:\/\/quatang5sao.com\/wp-content\/uploads\/2020\/01\/TuiCanvas-005-1-551x2048.jpg 551w\" sizes=\"auto, (max-width: 689px) 100vw, 689px\" \/><figcaption id=\"caption-attachment-4439\" class=\"wp-caption-text\">T\u00fai \u0111eo vai b\u1eb1ng v\u1ea3i in \u1ea5n theo y\u00eau c\u1ea7u<\/figcaption><\/figure>\n<figure id=\"attachment_4438\" aria-describedby=\"caption-attachment-4438\" style=\"width: 960px\" class=\"wp-caption aligncenter\"><img loading=\"lazy\" decoding=\"async\" class=\"wp-image-4438 size-full\" src=\"https:\/\/quatang5sao.com\/wp-content\/uploads\/2020\/01\/TuiCanvas-004-1.jpg\" alt=\"M\u1eabu t\u00fai \u0111\u01b0\u1ee3c nhi\u1ec1u kh\u00e1ch \u0111\u1eb7t h\u00e0ng\" width=\"960\" height=\"1162\" title=\"\" srcset=\"https:\/\/quatang5sao.com\/wp-content\/uploads\/2020\/01\/TuiCanvas-004-1.jpg 960w, https:\/\/quatang5sao.com\/wp-content\/uploads\/2020\/01\/TuiCanvas-004-1-510x617.jpg 510w, https:\/\/quatang5sao.com\/wp-content\/uploads\/2020\/01\/TuiCanvas-004-1-330x400.jpg 330w, https:\/\/quatang5sao.com\/wp-content\/uploads\/2020\/01\/TuiCanvas-004-1-661x800.jpg 661w, https:\/\/quatang5sao.com\/wp-content\/uploads\/2020\/01\/TuiCanvas-004-1-768x930.jpg 768w\" sizes=\"auto, (max-width: 960px) 100vw, 960px\" \/><figcaption id=\"caption-attachment-4438\" class=\"wp-caption-text\">M\u1eabu t\u00fai v\u1ea3i \u0111\u01b0\u1ee3c nhi\u1ec1u kh\u00e1ch \u0111\u1eb7t h\u00e0ng<\/figcaption><\/figure>\n<figure id=\"attachment_4437\" aria-describedby=\"caption-attachment-4437\" style=\"width: 960px\" class=\"wp-caption aligncenter\"><img loading=\"lazy\" decoding=\"async\" class=\"wp-image-4437 size-full\" src=\"https:\/\/quatang5sao.com\/wp-content\/uploads\/2020\/01\/TuiCanvas-003-1.jpg\" alt=\"Chi ti\u1ebft ch\u1ea5t l\u01b0\u1ee3ng gia c\u00f4ng\" width=\"960\" height=\"1746\" title=\"\" srcset=\"https:\/\/quatang5sao.com\/wp-content\/uploads\/2020\/01\/TuiCanvas-003-1.jpg 960w, https:\/\/quatang5sao.com\/wp-content\/uploads\/2020\/01\/TuiCanvas-003-1-510x928.jpg 510w, https:\/\/quatang5sao.com\/wp-content\/uploads\/2020\/01\/TuiCanvas-003-1-220x400.jpg 220w, https:\/\/quatang5sao.com\/wp-content\/uploads\/2020\/01\/TuiCanvas-003-1-440x800.jpg 440w, https:\/\/quatang5sao.com\/wp-content\/uploads\/2020\/01\/TuiCanvas-003-1-768x1397.jpg 768w, https:\/\/quatang5sao.com\/wp-content\/uploads\/2020\/01\/TuiCanvas-003-1-845x1536.jpg 845w\" sizes=\"auto, (max-width: 960px) 100vw, 960px\" \/><figcaption id=\"caption-attachment-4437\" class=\"wp-caption-text\">Chi ti\u1ebft ch\u1ea5t l\u01b0\u1ee3ng \u0111\u01b0\u1eddng may t\u00fai v\u1ea3i<\/figcaption><\/figure>\n<figure id=\"attachment_4436\" aria-describedby=\"caption-attachment-4436\" style=\"width: 960px\" class=\"wp-caption aligncenter\"><img loading=\"lazy\" decoding=\"async\" class=\"wp-image-4436 size-full\" src=\"https:\/\/quatang5sao.com\/wp-content\/uploads\/2020\/01\/TuiCanvas-002-1.jpg\" alt=\"C\u00e1c m\u00e0u v\u1ea3i th\u01b0\u1eddng d\u00f9ng\" width=\"960\" height=\"960\" title=\"\" srcset=\"https:\/\/quatang5sao.com\/wp-content\/uploads\/2020\/01\/TuiCanvas-002-1.jpg 960w, https:\/\/quatang5sao.com\/wp-content\/uploads\/2020\/01\/TuiCanvas-002-1-247x247.jpg 247w, https:\/\/quatang5sao.com\/wp-content\/uploads\/2020\/01\/TuiCanvas-002-1-100x100.jpg 100w, https:\/\/quatang5sao.com\/wp-content\/uploads\/2020\/01\/TuiCanvas-002-1-510x510.jpg 510w, https:\/\/quatang5sao.com\/wp-content\/uploads\/2020\/01\/TuiCanvas-002-1-400x400.jpg 400w, https:\/\/quatang5sao.com\/wp-content\/uploads\/2020\/01\/TuiCanvas-002-1-800x800.jpg 800w, https:\/\/quatang5sao.com\/wp-content\/uploads\/2020\/01\/TuiCanvas-002-1-280x280.jpg 280w, https:\/\/quatang5sao.com\/wp-content\/uploads\/2020\/01\/TuiCanvas-002-1-768x768.jpg 768w\" sizes=\"auto, (max-width: 960px) 100vw, 960px\" \/><figcaption id=\"caption-attachment-4436\" class=\"wp-caption-text\">C\u00e1c m\u00e0u v\u1ea3i canvas th\u01b0\u1eddng d\u00f9ng<\/figcaption><\/figure>\n<figure id=\"attachment_4435\" aria-describedby=\"caption-attachment-4435\" style=\"width: 831px\" class=\"wp-caption aligncenter\"><img loading=\"lazy\" decoding=\"async\" class=\"wp-image-4435 size-full\" src=\"https:\/\/quatang5sao.com\/wp-content\/uploads\/2020\/01\/TuiCanvas-001-1-scaled.jpg\" alt=\"Ch\u1ea5t l\u01b0\u1ee3ng gia c\u00f4ng t\u1ed1t\" width=\"831\" height=\"2560\" title=\"\" srcset=\"https:\/\/quatang5sao.com\/wp-content\/uploads\/2020\/01\/TuiCanvas-001-1-scaled.jpg 831w, https:\/\/quatang5sao.com\/wp-content\/uploads\/2020\/01\/TuiCanvas-001-1-scaled-510x1571.jpg 510w, https:\/\/quatang5sao.com\/wp-content\/uploads\/2020\/01\/TuiCanvas-001-1-130x400.jpg 130w, https:\/\/quatang5sao.com\/wp-content\/uploads\/2020\/01\/TuiCanvas-001-1-260x800.jpg 260w, https:\/\/quatang5sao.com\/wp-content\/uploads\/2020\/01\/TuiCanvas-001-1-768x2366.jpg 768w, https:\/\/quatang5sao.com\/wp-content\/uploads\/2020\/01\/TuiCanvas-001-1-499x1536.jpg 499w, https:\/\/quatang5sao.com\/wp-content\/uploads\/2020\/01\/TuiCanvas-001-1-665x2048.jpg 665w\" sizes=\"auto, (max-width: 831px) 100vw, 831px\" \/><figcaption id=\"caption-attachment-4435\" class=\"wp-caption-text\">Chi ti\u1ebft tr\u00ean t\u00fai v\u1ea3i gia c\u00f4ng ch\u1ea5t l\u01b0\u1ee3ng t\u1ed1t<\/figcaption><\/figure>\n<h2><strong>Li\u00ean h\u1ec7 \u0111\u1eb7t h\u00e0ng<\/strong><\/h2>\n<p><span style=\"font-size: 120%;\">Qu\u00fd kh\u00e1ch h\u00e0ng c\u00f3 nhu c\u1ea7u \u0111\u1eb7t h\u00e0ng vui l\u00f2ng li\u00ean h\u1ec7:<\/span><br \/>\n<span style=\"font-size: 120%;\">Hotline &amp; Zalo:<\/span><\/p>\n<p><span style=\"color: #ff0000;\"><strong><span style=\"font-size: 120%;\">Ha Noi: 0917.322.230<\/span><\/strong><\/span><br \/>\n<span style=\"color: #ff0000;\"><strong><span style=\"font-size: 120%;\">S\u1ed1 1 \u2013 L\u0129nh Nam \u2013 Ho\u00e0ng Mai \u2013 H\u00e0 N\u1ed9i<\/span><\/strong><\/span><\/p>\n<p><span style=\"color: #339966;\"><strong><span style=\"font-size: 120%;\">H\u1ed3 Ch\u00ed Minh: 0988.902.220<\/span><\/strong><\/span><br \/>\n<span style=\"color: #339966;\"><strong><span style=\"font-size: 120%;\">S\u1ed1 214 \u2013 V\u00f5 V\u0103n Ng\u00e2n \u2013 B\u00ecnh Th\u1ecd \u2013 Th\u1ee7 \u0110\u1ee9c \u2013 H\u1ed3 Ch\u00ed Minh<\/span><\/strong><\/span><\/p>\n<p><span style=\"font-size: 120%;\">Website: https:\/\/quatang5sao.com\/<\/span><br \/>\n<span style=\"font-size: 120%;\">#tuivai #tuicanvas #tuitote #xuongmaytuicanvas #tuidayrut<\/span><\/p>","protected":false},"excerpt":{"rendered":"<ul>\n<li>T\u00fai v\u1ea3i canvas<\/li>\n<li>Gi\u00e1 r\u1ebb, s\u1ed1 l\u01b0\u1ee3ng kh\u00f4ng h\u1ea1n ch\u1ebf<\/li>\n<li>Th\u1eddi gian s\u1ea3n xu\u1ea5t nhanh<\/li>\n<li>Mi\u1ec5n ph\u00ed thi\u1ebft k\u1ebf maket<\/li>\n<li>Freeship In Vietnam<\/li>\n<\/ul>","protected":false},"featured_media":4443,"comment_status":"open","ping_status":"closed","template":"","meta":[],"product_brand":[],"product_cat":[638],"product_tag":[645,657,643,642,644,658,659,640],"class_list":{"0":"post-4434","1":"product","2":"type-product","3":"status-publish","4":"has-post-thumbnail","6":"product_cat-tui-canvas","7":"product_tag-in-tui-vai","8":"product_tag-may-tui-vai","9":"product_tag-tui-canvas","10":"product_tag-tui-vai","11":"product_tag-tui-vai-canvas","12":"product_tag-tui-vai-dep","13":"product_tag-tui-vai-nu","14":"product_tag-xuong-may-tui-vai-canvas","16":"first","17":"instock","18":"shipping-taxable","19":"product-type-simple"},"amp_enabled":true,"_links":{"self":[{"href":"https:\/\/quatang5sao.com\/en\/wp-json\/wp\/v2\/product\/4434","targetHints":{"allow":["GET"]}}],"collection":[{"href":"https:\/\/quatang5sao.com\/en\/wp-json\/wp\/v2\/product"}],"about":[{"href":"https:\/\/quatang5sao.com\/en\/wp-json\/wp\/v2\/types\/product"}],"replies":[{"embeddable":true,"href":"https:\/\/quatang5sao.com\/en\/wp-json\/wp\/v2\/comments?post=4434"}],"wp:featuredmedia":[{"embeddable":true,"href":"https:\/\/quatang5sao.com\/en\/wp-json\/wp\/v2\/media\/4443"}],"wp:attachment":[{"href":"https:\/\/quatang5sao.com\/en\/wp-json\/wp\/v2\/media?parent=4434"}],"wp:term":[{"taxonomy":"product_brand","embeddable":true,"href":"https:\/\/quatang5sao.com\/en\/wp-json\/wp\/v2\/product_brand?post=4434"},{"taxonomy":"product_cat","embeddable":true,"href":"https:\/\/quatang5sao.com\/en\/wp-json\/wp\/v2\/product_cat?post=4434"},{"taxonomy":"product_tag","embeddable":true,"href":"https:\/\/quatang5sao.com\/en\/wp-json\/wp\/v2\/product_tag?post=4434"}],"curies":[{"name":"wp","href":"https:\/\/api.w.org\/{rel}","templated":true}]}}