{"id":4412,"date":"2020-01-09T16:20:45","date_gmt":"2020-01-09T09:20:45","guid":{"rendered":"https:\/\/quatang5sao.com\/?post_type=product&#038;p=4412"},"modified":"2020-01-10T09:06:44","modified_gmt":"2020-01-10T02:06:44","slug":"xuong-may-tui-vai-canvas-gia-re-tui-canvas-mau-21","status":"publish","type":"product","link":"https:\/\/quatang5sao.com\/en\/xuong-may-tui-vai-canvas-gia-re-tui-canvas-mau-21\/","title":{"rendered":"X\u01b0\u1edfng may t\u00fai v\u1ea3i canvas gi\u00e1 r\u1ebb &#8211; T\u00fai canvas m\u1eabu 21"},"content":{"rendered":"<h2><strong>X\u01b0\u1edfng may t\u00fai v\u1ea3i canvas gi\u00e1 r\u1ebb<\/strong><\/h2>\n<p><strong>X\u01b0\u1edfng may t\u00fai v\u1ea3i<\/strong> ng\u00e0y nay m\u1edf ra r\u1ea5t nhi\u1ec1u, nh\u01b0ng vi\u1ec7c t\u00ecm \u0111\u01b0\u1ee3c m\u1ed9t c\u01a1 s\u1edf l\u00e0m \u0103n uy t\u00edn, l\u00e2u d\u00e0i v\u00e0 c\u00f3 kinh nghi\u1ec7m th\u00ec c\u0169ng kh\u00f4ng d\u1ec5. V\u00ec ngo\u00e0i s\u1ea3n ph\u1ea9m, qu\u00fd kh\u00e1ch h\u00e0ng c\u00f2n c\u1ea7n \u0111\u01b0\u1ee3c t\u01b0 v\u1ea5n v\u1ec1 m\u1eabu m\u00e3, ch\u1ea5t l\u01b0\u1ee3ng m\u1ed7i m\u1eabu, thi\u1ebft k\u1ebf in sao cho \u0111\u1eb9p v\u00e0 d\u1ec5 s\u1ea3n xu\u1ea5t. \u0110\u1ed3ng th\u1eddi ph\u1ea3i c\u00f3 gi\u00e1 th\u00e0nh h\u1ee3p l\u00fd n\u1eefa.<\/p>\n<p>V\u00ec v\u1eady, trong nhi\u1ec1u n\u0103m kinh doanh l\u0129nh v\u1ef1c <a href=\"https:\/\/quatang5sao.com\/en\/\"><strong>qu\u00e0 t\u1eb7ng s\u1ef1 ki\u1ec7n<\/strong><\/a> v\u00e0 <a href=\"https:\/\/quatang5sao.com\/en\/\"><strong>qu\u00e0 t\u1eb7ng doanh nghi\u1ec7p<\/strong><\/a>. Ch\u00fang t\u00f4i \u0111\u00e3 c\u00f3 r\u1ea5t nhi\u1ec1u kinh nghi\u1ec7m \u0111\u1ec3 t\u01b0 v\u1ea5n cho kh\u00e1ch h\u00e0ng l\u1ef1a ch\u1ecdn s\u1ea3n ph\u1ea9m, m\u1eabu m\u00e3 ph\u00f9 h\u1ee3p. Qu\u00fd kh\u00e1ch \u0111\u1ebfn v\u1edbi Qu\u00e0 T\u1eb7ng 5 Sao s\u1ebd kh\u00f4ng c\u1ea7n ph\u1ea3i t\u00ecm hi\u1ec3u th\u00eam \u0111\u01a1n v\u1ecb kh\u00e1c n\u1eefa \u0111\u00e2u nh\u00e9!<\/p>\n<p>S\u1ea3n ph\u1ea9m <a href=\"https:\/\/quatang5sao.com\/en\/danh-muc\/tui-vai\/tui-canvas\/\"><strong>t\u00fai canvas<\/strong><\/a> c\u1ee7a ch\u00fang t\u00f4i \u0111\u01b0\u1ee3c may b\u1edfi c\u00e1c c\u00f4ng nh\u00e2n l\u00e0nh ngh\u1ec1, chuy\u00ean v\u1ec1 <strong><a href=\"https:\/\/medium.com\/@MinhTm63091092\/x%C6%B0%E1%BB%9Fng-may-t%C3%BAi-v%E1%BA%A3i-canvas-gi%C3%A1-r%E1%BA%BB-%E1%BB%9F-%C4%91%C3%A2u-1409a34bf378?sk=d40117f7f557a45c5ab642d784891b75\" target=\"_blank\" rel=\"noopener\">may c\u00e1c lo\u1ea1i t\u00fai v\u1ea3i<\/a><\/strong>. \u0110\u1ed3ng th\u1eddi, d\u00e2y chuy\u1ec1n <a href=\"https:\/\/tuicanvas.net\" target=\"_blank\" rel=\"noopener\"><strong>in t\u00fai v\u1ea3i<\/strong><\/a> t\u1ef1 \u0111\u1ed9ng, \u0111\u00e1p \u1ee9ng \u0111\u01b0\u1ee3c m\u1ecdi y\u00eau c\u1ea7u c\u1ee7a kh\u00e1ch h\u00e0ng: in l\u01b0\u1edbi, in chuy\u1ec3n nhi\u1ec7t, th\u00eau, d\u1ec7t&#8230;. Kh\u00f4ng \u1edf \u0111\u00e2u l\u1ea1i c\u00f3 th\u1ec3 \u0111\u00e1p \u1ee9ng \u0111\u01b0\u1ee3c nhi\u1ec1u ph\u01b0\u01a1ng th\u1ee9c in \u1ea5n, ho\u00e0n thi\u1ec7n s\u1ea3n ph\u1ea9m nh\u01b0 v\u1eady.<\/p>\n<p>Qu\u00fd kh\u00e1ch h\u00e3y li\u00ean h\u1ec7 ngay v\u1edbi ch\u00fang t\u00f4i \u0111\u1ec3 \u0111\u01b0\u1ee3c b\u00e1o gi\u00e1 s\u1ea3n ph\u1ea9m t\u1ed1t nh\u1ea5t nh\u00e9!<\/p>\n<h2><strong>Video c\u00f4ng x\u01b0\u1edfng may s\u1ea3n ph\u1ea9m<\/strong><\/h2>\n<p><iframe loading=\"lazy\" title=\"X\u01b0\u1edfng in t\u00fai canvas - S\u1ea3n xu\u1ea5t t\u00fai v\u1ea3i c\u00e1c lo\u1ea1i theo y\u00eau c\u1ea7u\" width=\"1020\" height=\"574\" src=\"https:\/\/www.youtube.com\/embed\/y54Truc4J-A?feature=oembed\" frameborder=\"0\" allow=\"accelerometer; autoplay; encrypted-media; gyroscope; picture-in-picture\" allowfullscreen><\/iframe><\/p>\n<h2><strong>H\u00ecnh \u1ea3nh s\u1ea3n ph\u1ea9m<\/strong><\/h2>\n<figure id=\"attachment_4432\" aria-describedby=\"caption-attachment-4432\" style=\"width: 960px\" class=\"wp-caption aligncenter\"><img loading=\"lazy\" decoding=\"async\" class=\"wp-image-4432 size-full\" src=\"https:\/\/quatang5sao.com\/wp-content\/uploads\/2020\/01\/TuiCanvas-019.jpg\" alt=\"T\u00fai v\u1ea3i canvas s\u1ed1 l\u01b0\u1ee3ng nhi\u1ec1u gi\u00e1 r\u1ebb\" width=\"960\" height=\"960\" title=\"\" srcset=\"https:\/\/quatang5sao.com\/wp-content\/uploads\/2020\/01\/TuiCanvas-019.jpg 960w, https:\/\/quatang5sao.com\/wp-content\/uploads\/2020\/01\/TuiCanvas-019-247x247.jpg 247w, https:\/\/quatang5sao.com\/wp-content\/uploads\/2020\/01\/TuiCanvas-019-100x100.jpg 100w, https:\/\/quatang5sao.com\/wp-content\/uploads\/2020\/01\/TuiCanvas-019-510x510.jpg 510w, https:\/\/quatang5sao.com\/wp-content\/uploads\/2020\/01\/TuiCanvas-019-400x400.jpg 400w, https:\/\/quatang5sao.com\/wp-content\/uploads\/2020\/01\/TuiCanvas-019-800x800.jpg 800w, https:\/\/quatang5sao.com\/wp-content\/uploads\/2020\/01\/TuiCanvas-019-280x280.jpg 280w, https:\/\/quatang5sao.com\/wp-content\/uploads\/2020\/01\/TuiCanvas-019-768x768.jpg 768w\" sizes=\"auto, (max-width: 960px) 100vw, 960px\" \/><figcaption id=\"caption-attachment-4432\" class=\"wp-caption-text\">T\u00fai v\u1ea3i canvas s\u1ed1 l\u01b0\u1ee3ng nhi\u1ec1u gi\u00e1 r\u1ebb<\/figcaption><\/figure>\n<figure id=\"attachment_4431\" aria-describedby=\"caption-attachment-4431\" style=\"width: 960px\" class=\"wp-caption aligncenter\"><img loading=\"lazy\" decoding=\"async\" class=\"wp-image-4431 size-full\" src=\"https:\/\/quatang5sao.com\/wp-content\/uploads\/2020\/01\/TuiCanvas-018.jpg\" alt=\"T\u00fai canvas h\u00ecnh Onepeace\" width=\"960\" height=\"891\" title=\"\" srcset=\"https:\/\/quatang5sao.com\/wp-content\/uploads\/2020\/01\/TuiCanvas-018.jpg 960w, https:\/\/quatang5sao.com\/wp-content\/uploads\/2020\/01\/TuiCanvas-018-510x473.jpg 510w, https:\/\/quatang5sao.com\/wp-content\/uploads\/2020\/01\/TuiCanvas-018-431x400.jpg 431w, https:\/\/quatang5sao.com\/wp-content\/uploads\/2020\/01\/TuiCanvas-018-862x800.jpg 862w, https:\/\/quatang5sao.com\/wp-content\/uploads\/2020\/01\/TuiCanvas-018-768x713.jpg 768w\" sizes=\"auto, (max-width: 960px) 100vw, 960px\" \/><figcaption id=\"caption-attachment-4431\" class=\"wp-caption-text\">T\u00fai canvas h\u00ecnh Onepeace<\/figcaption><\/figure>\n<p>&nbsp;<\/p>\n<figure id=\"attachment_4429\" aria-describedby=\"caption-attachment-4429\" style=\"width: 960px\" class=\"wp-caption aligncenter\"><img loading=\"lazy\" decoding=\"async\" class=\"wp-image-4429 size-full\" src=\"https:\/\/quatang5sao.com\/wp-content\/uploads\/2020\/01\/TuiCanvas-016.jpg\" alt=\"Ch\u1ea5t l\u01b0\u1ee3ng \u0111\u01b0\u1eddng may t\u00fai canvas\" width=\"960\" height=\"638\" title=\"\" srcset=\"https:\/\/quatang5sao.com\/wp-content\/uploads\/2020\/01\/TuiCanvas-016.jpg 960w, https:\/\/quatang5sao.com\/wp-content\/uploads\/2020\/01\/TuiCanvas-016-510x339.jpg 510w, https:\/\/quatang5sao.com\/wp-content\/uploads\/2020\/01\/TuiCanvas-016-602x400.jpg 602w, https:\/\/quatang5sao.com\/wp-content\/uploads\/2020\/01\/TuiCanvas-016-768x510.jpg 768w, https:\/\/quatang5sao.com\/wp-content\/uploads\/2020\/01\/TuiCanvas-016-272x182.jpg 272w\" sizes=\"auto, (max-width: 960px) 100vw, 960px\" \/><figcaption id=\"caption-attachment-4429\" class=\"wp-caption-text\">Ch\u1ea5t l\u01b0\u1ee3ng \u0111\u01b0\u1eddng may t\u00fai canvas<\/figcaption><\/figure>\n<figure id=\"attachment_4428\" aria-describedby=\"caption-attachment-4428\" style=\"width: 960px\" class=\"wp-caption aligncenter\"><img loading=\"lazy\" decoding=\"async\" class=\"wp-image-4428 size-full\" src=\"https:\/\/quatang5sao.com\/wp-content\/uploads\/2020\/01\/TuiCanvas-015.jpg\" alt=\"X\u01b0\u1edfng in t\u00fai canvas r\u1ebb v\u00e0 \u0111\u1eb9p\" width=\"960\" height=\"2031\" title=\"\" srcset=\"https:\/\/quatang5sao.com\/wp-content\/uploads\/2020\/01\/TuiCanvas-015.jpg 960w, https:\/\/quatang5sao.com\/wp-content\/uploads\/2020\/01\/TuiCanvas-015-510x1079.jpg 510w, https:\/\/quatang5sao.com\/wp-content\/uploads\/2020\/01\/TuiCanvas-015-189x400.jpg 189w, https:\/\/quatang5sao.com\/wp-content\/uploads\/2020\/01\/TuiCanvas-015-378x800.jpg 378w, https:\/\/quatang5sao.com\/wp-content\/uploads\/2020\/01\/TuiCanvas-015-768x1625.jpg 768w, https:\/\/quatang5sao.com\/wp-content\/uploads\/2020\/01\/TuiCanvas-015-726x1536.jpg 726w\" sizes=\"auto, (max-width: 960px) 100vw, 960px\" \/><figcaption id=\"caption-attachment-4428\" class=\"wp-caption-text\">X\u01b0\u1edfng in t\u00fai canvas r\u1ebb v\u00e0 \u0111\u1eb9p<\/figcaption><\/figure>\n<figure id=\"attachment_4427\" aria-describedby=\"caption-attachment-4427\" style=\"width: 869px\" class=\"wp-caption aligncenter\"><img loading=\"lazy\" decoding=\"async\" class=\"wp-image-4427 size-full\" src=\"https:\/\/quatang5sao.com\/wp-content\/uploads\/2020\/01\/TuiCanvas-014-scaled.jpg\" alt=\"T\u00fai v\u1ea3i c\u00f3 th\u1ec3 \u0111\u1ef1ng \u0111\u01b0\u1ee3c nh\u1eefng g\u00ec\" width=\"869\" height=\"2560\" title=\"\" srcset=\"https:\/\/quatang5sao.com\/wp-content\/uploads\/2020\/01\/TuiCanvas-014-scaled.jpg 869w, https:\/\/quatang5sao.com\/wp-content\/uploads\/2020\/01\/TuiCanvas-014-scaled-510x1502.jpg 510w, https:\/\/quatang5sao.com\/wp-content\/uploads\/2020\/01\/TuiCanvas-014-136x400.jpg 136w, https:\/\/quatang5sao.com\/wp-content\/uploads\/2020\/01\/TuiCanvas-014-521x1536.jpg 521w, https:\/\/quatang5sao.com\/wp-content\/uploads\/2020\/01\/TuiCanvas-014-695x2048.jpg 695w\" sizes=\"auto, (max-width: 869px) 100vw, 869px\" \/><figcaption id=\"caption-attachment-4427\" class=\"wp-caption-text\">T\u00fai v\u1ea3i c\u00f3 th\u1ec3 \u0111\u1ef1ng \u0111\u01b0\u1ee3c nh\u1eefng g\u00ec<\/figcaption><\/figure>\n<figure id=\"attachment_4425\" aria-describedby=\"caption-attachment-4425\" style=\"width: 960px\" class=\"wp-caption aligncenter\"><img loading=\"lazy\" decoding=\"async\" class=\"wp-image-4425 size-full\" src=\"https:\/\/quatang5sao.com\/wp-content\/uploads\/2020\/01\/TuiCanvas-012.jpg\" alt=\"B\u1ed1n m\u1eabu t\u00fai canvas \u0111\u1eb9p\" width=\"960\" height=\"945\" title=\"\" srcset=\"https:\/\/quatang5sao.com\/wp-content\/uploads\/2020\/01\/TuiCanvas-012.jpg 960w, https:\/\/quatang5sao.com\/wp-content\/uploads\/2020\/01\/TuiCanvas-012-510x502.jpg 510w, https:\/\/quatang5sao.com\/wp-content\/uploads\/2020\/01\/TuiCanvas-012-406x400.jpg 406w, https:\/\/quatang5sao.com\/wp-content\/uploads\/2020\/01\/TuiCanvas-012-813x800.jpg 813w, https:\/\/quatang5sao.com\/wp-content\/uploads\/2020\/01\/TuiCanvas-012-768x756.jpg 768w\" sizes=\"auto, (max-width: 960px) 100vw, 960px\" \/><figcaption id=\"caption-attachment-4425\" class=\"wp-caption-text\">B\u1ed1n m\u1eabu t\u00fai canvas \u0111\u1eb9p<\/figcaption><\/figure>\n<figure id=\"attachment_4424\" aria-describedby=\"caption-attachment-4424\" style=\"width: 960px\" class=\"wp-caption aligncenter\"><img loading=\"lazy\" decoding=\"async\" class=\"wp-image-4424 size-full\" src=\"https:\/\/quatang5sao.com\/wp-content\/uploads\/2020\/01\/TuiCanvas-011.jpg\" alt=\"M\u1ed9t s\u1ed1 m\u1eabu t\u00fai canvas\" width=\"960\" height=\"1487\" title=\"\" srcset=\"https:\/\/quatang5sao.com\/wp-content\/uploads\/2020\/01\/TuiCanvas-011.jpg 960w, https:\/\/quatang5sao.com\/wp-content\/uploads\/2020\/01\/TuiCanvas-011-510x790.jpg 510w, https:\/\/quatang5sao.com\/wp-content\/uploads\/2020\/01\/TuiCanvas-011-258x400.jpg 258w, https:\/\/quatang5sao.com\/wp-content\/uploads\/2020\/01\/TuiCanvas-011-516x800.jpg 516w, https:\/\/quatang5sao.com\/wp-content\/uploads\/2020\/01\/TuiCanvas-011-768x1190.jpg 768w\" sizes=\"auto, (max-width: 960px) 100vw, 960px\" \/><figcaption id=\"caption-attachment-4424\" class=\"wp-caption-text\">M\u1ed9t s\u1ed1 m\u1eabu t\u00fai canvas<\/figcaption><\/figure>\n<figure id=\"attachment_4423\" aria-describedby=\"caption-attachment-4423\" style=\"width: 960px\" class=\"wp-caption aligncenter\"><img loading=\"lazy\" decoding=\"async\" class=\"wp-image-4423 size-full\" src=\"https:\/\/quatang5sao.com\/wp-content\/uploads\/2020\/01\/TuiCanvas-010.jpg\" alt=\"B\u00ean trong t\u00fai v\u1ea3i canvas\" width=\"960\" height=\"735\" title=\"\" srcset=\"https:\/\/quatang5sao.com\/wp-content\/uploads\/2020\/01\/TuiCanvas-010.jpg 960w, https:\/\/quatang5sao.com\/wp-content\/uploads\/2020\/01\/TuiCanvas-010-510x390.jpg 510w, https:\/\/quatang5sao.com\/wp-content\/uploads\/2020\/01\/TuiCanvas-010-522x400.jpg 522w, https:\/\/quatang5sao.com\/wp-content\/uploads\/2020\/01\/TuiCanvas-010-768x588.jpg 768w\" sizes=\"auto, (max-width: 960px) 100vw, 960px\" \/><figcaption id=\"caption-attachment-4423\" class=\"wp-caption-text\">B\u00ean trong t\u00fai v\u1ea3i canvas<\/figcaption><\/figure>\n<figure id=\"attachment_4422\" aria-describedby=\"caption-attachment-4422\" style=\"width: 960px\" class=\"wp-caption aligncenter\"><img loading=\"lazy\" decoding=\"async\" class=\"wp-image-4422 size-full\" src=\"https:\/\/quatang5sao.com\/wp-content\/uploads\/2020\/01\/TuiCanvas-009.jpg\" alt=\"C\u00e1c lo\u1ea1i t\u00fai v\u1ea3i c\u01a1 b\u1ea3n\" width=\"960\" height=\"1162\" title=\"\" srcset=\"https:\/\/quatang5sao.com\/wp-content\/uploads\/2020\/01\/TuiCanvas-009.jpg 960w, https:\/\/quatang5sao.com\/wp-content\/uploads\/2020\/01\/TuiCanvas-009-510x617.jpg 510w, https:\/\/quatang5sao.com\/wp-content\/uploads\/2020\/01\/TuiCanvas-009-330x400.jpg 330w, https:\/\/quatang5sao.com\/wp-content\/uploads\/2020\/01\/TuiCanvas-009-661x800.jpg 661w, https:\/\/quatang5sao.com\/wp-content\/uploads\/2020\/01\/TuiCanvas-009-768x930.jpg 768w\" sizes=\"auto, (max-width: 960px) 100vw, 960px\" \/><figcaption id=\"caption-attachment-4422\" class=\"wp-caption-text\">C\u00e1c lo\u1ea1i t\u00fai v\u1ea3i c\u01a1 b\u1ea3n<\/figcaption><\/figure>\n<figure id=\"attachment_4421\" aria-describedby=\"caption-attachment-4421\" style=\"width: 960px\" class=\"wp-caption aligncenter\"><img loading=\"lazy\" decoding=\"async\" class=\"wp-image-4421 size-full\" src=\"https:\/\/quatang5sao.com\/wp-content\/uploads\/2020\/01\/TuiCanvas-008.jpg\" alt=\"T\u00fai canvas c\u00f3 kh\u00f3a zipper\" width=\"960\" height=\"960\" title=\"\" srcset=\"https:\/\/quatang5sao.com\/wp-content\/uploads\/2020\/01\/TuiCanvas-008.jpg 960w, https:\/\/quatang5sao.com\/wp-content\/uploads\/2020\/01\/TuiCanvas-008-247x247.jpg 247w, https:\/\/quatang5sao.com\/wp-content\/uploads\/2020\/01\/TuiCanvas-008-100x100.jpg 100w, https:\/\/quatang5sao.com\/wp-content\/uploads\/2020\/01\/TuiCanvas-008-510x510.jpg 510w, https:\/\/quatang5sao.com\/wp-content\/uploads\/2020\/01\/TuiCanvas-008-400x400.jpg 400w, https:\/\/quatang5sao.com\/wp-content\/uploads\/2020\/01\/TuiCanvas-008-800x800.jpg 800w, https:\/\/quatang5sao.com\/wp-content\/uploads\/2020\/01\/TuiCanvas-008-280x280.jpg 280w, https:\/\/quatang5sao.com\/wp-content\/uploads\/2020\/01\/TuiCanvas-008-768x768.jpg 768w\" sizes=\"auto, (max-width: 960px) 100vw, 960px\" \/><figcaption id=\"caption-attachment-4421\" class=\"wp-caption-text\">T\u00fai canvas c\u00f3 kh\u00f3a zipper<\/figcaption><\/figure>\n<figure id=\"attachment_4420\" aria-describedby=\"caption-attachment-4420\" style=\"width: 960px\" class=\"wp-caption aligncenter\"><img loading=\"lazy\" decoding=\"async\" class=\"wp-image-4420 size-full\" src=\"https:\/\/quatang5sao.com\/wp-content\/uploads\/2020\/01\/TuiCanvas-007.jpg\" alt=\"C\u00e1c m\u1eabu t\u00fai canvas m\u1edbi\" width=\"960\" height=\"1027\" title=\"\" srcset=\"https:\/\/quatang5sao.com\/wp-content\/uploads\/2020\/01\/TuiCanvas-007.jpg 960w, https:\/\/quatang5sao.com\/wp-content\/uploads\/2020\/01\/TuiCanvas-007-510x546.jpg 510w, https:\/\/quatang5sao.com\/wp-content\/uploads\/2020\/01\/TuiCanvas-007-374x400.jpg 374w, https:\/\/quatang5sao.com\/wp-content\/uploads\/2020\/01\/TuiCanvas-007-748x800.jpg 748w, https:\/\/quatang5sao.com\/wp-content\/uploads\/2020\/01\/TuiCanvas-007-768x822.jpg 768w\" sizes=\"auto, (max-width: 960px) 100vw, 960px\" \/><figcaption id=\"caption-attachment-4420\" class=\"wp-caption-text\">C\u00e1c m\u1eabu t\u00fai canvas m\u1edbi<\/figcaption><\/figure>\n<figure id=\"attachment_4419\" aria-describedby=\"caption-attachment-4419\" style=\"width: 960px\" class=\"wp-caption aligncenter\"><img loading=\"lazy\" decoding=\"async\" class=\"wp-image-4419 size-full\" src=\"https:\/\/quatang5sao.com\/wp-content\/uploads\/2020\/01\/TuiCanvas-006.jpg\" alt=\"C\u00e1c m\u1eabu t\u00fai v\u1ea3i \u0111\u1eb9p\" width=\"960\" height=\"1989\" title=\"\" srcset=\"https:\/\/quatang5sao.com\/wp-content\/uploads\/2020\/01\/TuiCanvas-006.jpg 960w, https:\/\/quatang5sao.com\/wp-content\/uploads\/2020\/01\/TuiCanvas-006-510x1057.jpg 510w, https:\/\/quatang5sao.com\/wp-content\/uploads\/2020\/01\/TuiCanvas-006-193x400.jpg 193w, https:\/\/quatang5sao.com\/wp-content\/uploads\/2020\/01\/TuiCanvas-006-386x800.jpg 386w, https:\/\/quatang5sao.com\/wp-content\/uploads\/2020\/01\/TuiCanvas-006-768x1591.jpg 768w, https:\/\/quatang5sao.com\/wp-content\/uploads\/2020\/01\/TuiCanvas-006-741x1536.jpg 741w\" sizes=\"auto, (max-width: 960px) 100vw, 960px\" \/><figcaption id=\"caption-attachment-4419\" class=\"wp-caption-text\">C\u00e1c m\u1eabu t\u00fai v\u1ea3i \u0111\u1eb9p<\/figcaption><\/figure>\n<figure id=\"attachment_4418\" aria-describedby=\"caption-attachment-4418\" style=\"width: 960px\" class=\"wp-caption aligncenter\"><img loading=\"lazy\" decoding=\"async\" class=\"wp-image-4418 size-full\" src=\"https:\/\/quatang5sao.com\/wp-content\/uploads\/2020\/01\/TuiCanvas-005.jpg\" alt=\"M\u1eb7t trong t\u00fai canvas\" width=\"960\" height=\"883\" title=\"\" srcset=\"https:\/\/quatang5sao.com\/wp-content\/uploads\/2020\/01\/TuiCanvas-005.jpg 960w, https:\/\/quatang5sao.com\/wp-content\/uploads\/2020\/01\/TuiCanvas-005-510x469.jpg 510w, https:\/\/quatang5sao.com\/wp-content\/uploads\/2020\/01\/TuiCanvas-005-435x400.jpg 435w, https:\/\/quatang5sao.com\/wp-content\/uploads\/2020\/01\/TuiCanvas-005-870x800.jpg 870w, https:\/\/quatang5sao.com\/wp-content\/uploads\/2020\/01\/TuiCanvas-005-768x706.jpg 768w\" sizes=\"auto, (max-width: 960px) 100vw, 960px\" \/><figcaption id=\"caption-attachment-4418\" class=\"wp-caption-text\">M\u1eb7t trong t\u00fai canvas<\/figcaption><\/figure>\n<figure id=\"attachment_4417\" aria-describedby=\"caption-attachment-4417\" style=\"width: 960px\" class=\"wp-caption aligncenter\"><img loading=\"lazy\" decoding=\"async\" class=\"wp-image-4417 size-full\" src=\"https:\/\/quatang5sao.com\/wp-content\/uploads\/2020\/01\/TuiCanvas-004.jpg\" alt=\"Thi\u1ebft k\u1ebf t\u00fai v\u1ea3i\" width=\"960\" height=\"496\" title=\"\" srcset=\"https:\/\/quatang5sao.com\/wp-content\/uploads\/2020\/01\/TuiCanvas-004.jpg 960w, https:\/\/quatang5sao.com\/wp-content\/uploads\/2020\/01\/TuiCanvas-004-510x264.jpg 510w, https:\/\/quatang5sao.com\/wp-content\/uploads\/2020\/01\/TuiCanvas-004-774x400.jpg 774w, https:\/\/quatang5sao.com\/wp-content\/uploads\/2020\/01\/TuiCanvas-004-768x397.jpg 768w\" sizes=\"auto, (max-width: 960px) 100vw, 960px\" \/><figcaption id=\"caption-attachment-4417\" class=\"wp-caption-text\">Thi\u1ebft k\u1ebf t\u00fai v\u1ea3i<\/figcaption><\/figure>\n<figure id=\"attachment_4416\" aria-describedby=\"caption-attachment-4416\" style=\"width: 960px\" class=\"wp-caption aligncenter\"><img loading=\"lazy\" decoding=\"async\" class=\"wp-image-4416 size-full\" src=\"https:\/\/quatang5sao.com\/wp-content\/uploads\/2020\/01\/TuiCanvas-003.jpg\" alt=\"X\u01b0\u1edfng in t\u00fai canvas gi\u00e1 r\u1ebb\" width=\"960\" height=\"644\" title=\"\" srcset=\"https:\/\/quatang5sao.com\/wp-content\/uploads\/2020\/01\/TuiCanvas-003.jpg 960w, https:\/\/quatang5sao.com\/wp-content\/uploads\/2020\/01\/TuiCanvas-003-510x342.jpg 510w, https:\/\/quatang5sao.com\/wp-content\/uploads\/2020\/01\/TuiCanvas-003-596x400.jpg 596w, https:\/\/quatang5sao.com\/wp-content\/uploads\/2020\/01\/TuiCanvas-003-768x515.jpg 768w, https:\/\/quatang5sao.com\/wp-content\/uploads\/2020\/01\/TuiCanvas-003-272x182.jpg 272w\" sizes=\"auto, (max-width: 960px) 100vw, 960px\" \/><figcaption id=\"caption-attachment-4416\" class=\"wp-caption-text\">X\u01b0\u1edfng in t\u00fai canvas gi\u00e1 r\u1ebb<\/figcaption><\/figure>\n<figure id=\"attachment_4415\" aria-describedby=\"caption-attachment-4415\" style=\"width: 960px\" class=\"wp-caption aligncenter\"><img loading=\"lazy\" decoding=\"async\" class=\"wp-image-4415 size-full\" src=\"https:\/\/quatang5sao.com\/wp-content\/uploads\/2020\/01\/TuiCanvas-002.jpg\" alt=\"M\u00e0u v\u1ea3i \u0111\u1eb9p \u0111\u1ec3 may t\u00fai canvas\" width=\"960\" height=\"960\" title=\"\" srcset=\"https:\/\/quatang5sao.com\/wp-content\/uploads\/2020\/01\/TuiCanvas-002.jpg 960w, https:\/\/quatang5sao.com\/wp-content\/uploads\/2020\/01\/TuiCanvas-002-247x247.jpg 247w, https:\/\/quatang5sao.com\/wp-content\/uploads\/2020\/01\/TuiCanvas-002-100x100.jpg 100w, https:\/\/quatang5sao.com\/wp-content\/uploads\/2020\/01\/TuiCanvas-002-510x510.jpg 510w, https:\/\/quatang5sao.com\/wp-content\/uploads\/2020\/01\/TuiCanvas-002-400x400.jpg 400w, https:\/\/quatang5sao.com\/wp-content\/uploads\/2020\/01\/TuiCanvas-002-800x800.jpg 800w, https:\/\/quatang5sao.com\/wp-content\/uploads\/2020\/01\/TuiCanvas-002-280x280.jpg 280w, https:\/\/quatang5sao.com\/wp-content\/uploads\/2020\/01\/TuiCanvas-002-768x768.jpg 768w\" sizes=\"auto, (max-width: 960px) 100vw, 960px\" \/><figcaption id=\"caption-attachment-4415\" class=\"wp-caption-text\">M\u00e0u v\u1ea3i \u0111\u1eb9p \u0111\u1ec3 may t\u00fai canvas<\/figcaption><\/figure>\n<figure id=\"attachment_4414\" aria-describedby=\"caption-attachment-4414\" style=\"width: 960px\" class=\"wp-caption aligncenter\"><img loading=\"lazy\" decoding=\"async\" class=\"wp-image-4414 size-full\" src=\"https:\/\/quatang5sao.com\/wp-content\/uploads\/2020\/01\/TuiCanvas-001.jpg\" alt=\"K\u00edch th\u01b0\u1edbc ti\u00eau chu\u1ea9n t\u00fai v\u1ea3i canvas\" width=\"960\" height=\"901\" title=\"\" srcset=\"https:\/\/quatang5sao.com\/wp-content\/uploads\/2020\/01\/TuiCanvas-001.jpg 960w, https:\/\/quatang5sao.com\/wp-content\/uploads\/2020\/01\/TuiCanvas-001-510x479.jpg 510w, https:\/\/quatang5sao.com\/wp-content\/uploads\/2020\/01\/TuiCanvas-001-426x400.jpg 426w, https:\/\/quatang5sao.com\/wp-content\/uploads\/2020\/01\/TuiCanvas-001-852x800.jpg 852w, https:\/\/quatang5sao.com\/wp-content\/uploads\/2020\/01\/TuiCanvas-001-768x721.jpg 768w\" sizes=\"auto, (max-width: 960px) 100vw, 960px\" \/><figcaption id=\"caption-attachment-4414\" class=\"wp-caption-text\">K\u00edch th\u01b0\u1edbc ti\u00eau chu\u1ea9n t\u00fai v\u1ea3i canvas<\/figcaption><\/figure>\n<figure id=\"attachment_4413\" aria-describedby=\"caption-attachment-4413\" style=\"width: 960px\" class=\"wp-caption aligncenter\"><img loading=\"lazy\" decoding=\"async\" class=\"wp-image-4413 size-full\" src=\"https:\/\/quatang5sao.com\/wp-content\/uploads\/2020\/01\/TuiCanvas-020.jpg\" alt=\"X\u01b0\u1edfng may t\u00fai v\u1ea3i canvas gi\u00e1 r\u1ebb\" width=\"960\" height=\"960\" title=\"\" srcset=\"https:\/\/quatang5sao.com\/wp-content\/uploads\/2020\/01\/TuiCanvas-020.jpg 960w, https:\/\/quatang5sao.com\/wp-content\/uploads\/2020\/01\/TuiCanvas-020-247x247.jpg 247w, https:\/\/quatang5sao.com\/wp-content\/uploads\/2020\/01\/TuiCanvas-020-100x100.jpg 100w, https:\/\/quatang5sao.com\/wp-content\/uploads\/2020\/01\/TuiCanvas-020-510x510.jpg 510w, https:\/\/quatang5sao.com\/wp-content\/uploads\/2020\/01\/TuiCanvas-020-400x400.jpg 400w, https:\/\/quatang5sao.com\/wp-content\/uploads\/2020\/01\/TuiCanvas-020-800x800.jpg 800w, https:\/\/quatang5sao.com\/wp-content\/uploads\/2020\/01\/TuiCanvas-020-280x280.jpg 280w, https:\/\/quatang5sao.com\/wp-content\/uploads\/2020\/01\/TuiCanvas-020-768x768.jpg 768w\" sizes=\"auto, (max-width: 960px) 100vw, 960px\" \/><figcaption id=\"caption-attachment-4413\" class=\"wp-caption-text\">X\u01b0\u1edfng may t\u00fai v\u1ea3i canvas gi\u00e1 r\u1ebb<\/figcaption><\/figure>\n<h2><strong>Li\u00ean h\u1ec7 \u0111\u1eb7t h\u00e0ng t\u00fai v\u1ea3i canvas<\/strong><\/h2>\n<p><span style=\"font-size: 115%;\">Qu\u00fd kh\u00e1ch h\u00e0ng c\u00f3 nhu c\u1ea7u \u0111\u1eb7t h\u00e0ng vui l\u00f2ng li\u00ean h\u1ec7:<\/span><br \/>\n<span style=\"font-size: 115%;\">Hotline &amp; Zalo:<\/span><\/p>\n<p><span style=\"color: #ff0000;\"><strong><span style=\"font-size: 115%;\">Ha Noi: 0917.322.230<\/span><\/strong><\/span><br \/>\n<span style=\"color: #ff0000;\"><strong><span style=\"font-size: 115%;\">S\u1ed1 1 \u2013 L\u0129nh Nam \u2013 Ho\u00e0ng Mai \u2013 H\u00e0 N\u1ed9i<\/span><\/strong><\/span><\/p>\n<p><span style=\"color: #339966;\"><strong><span style=\"font-size: 115%;\">H\u1ed3 Ch\u00ed Minh: 0988.902.220<\/span><\/strong><\/span><br \/>\n<span style=\"color: #339966;\"><strong><span style=\"font-size: 115%;\">S\u1ed1 214 \u2013 V\u00f5 V\u0103n Ng\u00e2n \u2013 B\u00ecnh Th\u1ecd \u2013 Th\u1ee7 \u0110\u1ee9c \u2013 H\u1ed3 Ch\u00ed Minh<\/span><\/strong><\/span><\/p>\n<p><span style=\"font-size: 115%;\">Website: https:\/\/quatang5sao.com\/<\/span><br \/>\n<span style=\"font-size: 115%;\">#tuivai #tuicanvas #tuitote #xuongmaytuicanvas #tuidayrut<\/span><\/p>","protected":false},"excerpt":{"rendered":"<ul>\n<li>T\u00fai canvas gi\u00e1 r\u1ebb, \u0111a d\u1ea1ng m\u1eabu m\u00e3, ch\u1ee7ng lo\u1ea1i<\/li>\n<li>S\u1ea3n xu\u1ea5t nhanh<\/li>\n<li>In \u1ea5n theo y\u00eau c\u1ea7u, gi\u00e1 r\u1ebb<\/li>\n<li>Free designing<\/li>\n<li>B\u00e1o gi\u00e1 c\u1ea1nh tranh, d\u1ecbch v\u1ee5 b\u00e1n h\u00e0ng chuy\u00ean nghi\u1ec7p<\/li>\n<li>Freeship In Vietnam<\/li>\n<li>Th\u00e2n thi\u1ec7n v\u1edbi m\u00f4i tr\u01b0\u1eddng<\/li>\n<\/ul>","protected":false},"featured_media":4413,"comment_status":"open","ping_status":"closed","template":"","meta":[],"product_brand":[],"product_cat":[638],"product_tag":[645,657,643,642,644,658,659,640],"class_list":{"0":"post-4412","1":"product","2":"type-product","3":"status-publish","4":"has-post-thumbnail","6":"product_cat-tui-canvas","7":"product_tag-in-tui-vai","8":"product_tag-may-tui-vai","9":"product_tag-tui-canvas","10":"product_tag-tui-vai","11":"product_tag-tui-vai-canvas","12":"product_tag-tui-vai-dep","13":"product_tag-tui-vai-nu","14":"product_tag-xuong-may-tui-vai-canvas","16":"first","17":"instock","18":"shipping-taxable","19":"product-type-simple"},"amp_enabled":true,"_links":{"self":[{"href":"https:\/\/quatang5sao.com\/en\/wp-json\/wp\/v2\/product\/4412","targetHints":{"allow":["GET"]}}],"collection":[{"href":"https:\/\/quatang5sao.com\/en\/wp-json\/wp\/v2\/product"}],"about":[{"href":"https:\/\/quatang5sao.com\/en\/wp-json\/wp\/v2\/types\/product"}],"replies":[{"embeddable":true,"href":"https:\/\/quatang5sao.com\/en\/wp-json\/wp\/v2\/comments?post=4412"}],"wp:featuredmedia":[{"embeddable":true,"href":"https:\/\/quatang5sao.com\/en\/wp-json\/wp\/v2\/media\/4413"}],"wp:attachment":[{"href":"https:\/\/quatang5sao.com\/en\/wp-json\/wp\/v2\/media?parent=4412"}],"wp:term":[{"taxonomy":"product_brand","embeddable":true,"href":"https:\/\/quatang5sao.com\/en\/wp-json\/wp\/v2\/product_brand?post=4412"},{"taxonomy":"product_cat","embeddable":true,"href":"https:\/\/quatang5sao.com\/en\/wp-json\/wp\/v2\/product_cat?post=4412"},{"taxonomy":"product_tag","embeddable":true,"href":"https:\/\/quatang5sao.com\/en\/wp-json\/wp\/v2\/product_tag?post=4412"}],"curies":[{"name":"wp","href":"https:\/\/api.w.org\/{rel}","templated":true}]}}