{"id":4378,"date":"2019-12-13T11:29:54","date_gmt":"2019-12-13T04:29:54","guid":{"rendered":"https:\/\/quatang5sao.com\/?post_type=product&#038;p=4378"},"modified":"2020-04-29T14:44:23","modified_gmt":"2020-04-29T07:44:23","slug":"tui-vai-day-rut-may-va-in-tui-vai-theo-yeu-cau-mau-03","status":"publish","type":"product","link":"https:\/\/quatang5sao.com\/en\/tui-vai-day-rut-may-va-in-tui-vai-theo-yeu-cau-mau-03\/","title":{"rendered":"T\u00fai v\u1ea3i d\u00e2y r\u00fat &#8211; May v\u00e0 in t\u00fai v\u1ea3i theo y\u00eau c\u1ea7u &#8211; M\u1eabu 03"},"content":{"rendered":"<h2>T\u00fai v\u1ea3i d\u00e2y r\u00fat ch\u1ea5t l\u01b0\u1ee3ng t\u1ed1t, gi\u00e1 r\u1ebb<\/h2>\n<p>&nbsp;<\/p>\n<h2>X\u01b0\u1edfng may t\u00fai v\u1ea3i<\/h2>\n<p><iframe loading=\"lazy\" title=\"X\u01b0\u1edfng in t\u00fai canvas - S\u1ea3n xu\u1ea5t t\u00fai v\u1ea3i c\u00e1c lo\u1ea1i theo y\u00eau c\u1ea7u\" width=\"1020\" height=\"574\" src=\"https:\/\/www.youtube.com\/embed\/y54Truc4J-A?feature=oembed\" frameborder=\"0\" allow=\"accelerometer; autoplay; encrypted-media; gyroscope; picture-in-picture\" allowfullscreen><\/iframe><\/p>\n<h2>H\u00ecnh \u1ea3nh s\u1ea3n ph\u1ea9m<\/h2>\n<figure id=\"attachment_4394\" aria-describedby=\"caption-attachment-4394\" style=\"width: 960px\" class=\"wp-caption aligncenter\"><img loading=\"lazy\" decoding=\"async\" class=\"wp-image-4394 size-full\" src=\"https:\/\/quatang5sao.com\/wp-content\/uploads\/2019\/12\/TuiDayRut-020_compressed.jpg\" alt=\"S\u1ea3n xu\u1ea5t theo y\u00eau c\u1ea7u v\u1edbi s\u1ed1 l\u01b0\u1ee3ng l\u1edbn\" width=\"960\" height=\"1073\" title=\"\" srcset=\"https:\/\/quatang5sao.com\/wp-content\/uploads\/2019\/12\/TuiDayRut-020_compressed.jpg 960w, https:\/\/quatang5sao.com\/wp-content\/uploads\/2019\/12\/TuiDayRut-020_compressed-510x570.jpg 510w, https:\/\/quatang5sao.com\/wp-content\/uploads\/2019\/12\/TuiDayRut-020_compressed-358x400.jpg 358w, https:\/\/quatang5sao.com\/wp-content\/uploads\/2019\/12\/TuiDayRut-020_compressed-716x800.jpg 716w, https:\/\/quatang5sao.com\/wp-content\/uploads\/2019\/12\/TuiDayRut-020_compressed-768x858.jpg 768w\" sizes=\"auto, (max-width: 960px) 100vw, 960px\" \/><figcaption id=\"caption-attachment-4394\" class=\"wp-caption-text\">S\u1ea3n xu\u1ea5t theo y\u00eau c\u1ea7u v\u1edbi s\u1ed1 l\u01b0\u1ee3ng l\u1edbn<\/figcaption><\/figure>\n<figure id=\"attachment_4393\" aria-describedby=\"caption-attachment-4393\" style=\"width: 960px\" class=\"wp-caption aligncenter\"><img loading=\"lazy\" decoding=\"async\" class=\"wp-image-4393 size-full\" src=\"https:\/\/quatang5sao.com\/wp-content\/uploads\/2019\/12\/TuiDayRut-019_compressed.jpg\" alt=\"Nhi\u1ec1u k\u00edch th\u01b0\u1edbc ph\u00f9 h\u1ee3p v\u1edbi nhu c\u1ea7u c\u1ee7a kh\u00e1ch h\u00e0ng\" width=\"960\" height=\"571\" title=\"\" srcset=\"https:\/\/quatang5sao.com\/wp-content\/uploads\/2019\/12\/TuiDayRut-019_compressed.jpg 960w, https:\/\/quatang5sao.com\/wp-content\/uploads\/2019\/12\/TuiDayRut-019_compressed-510x303.jpg 510w, https:\/\/quatang5sao.com\/wp-content\/uploads\/2019\/12\/TuiDayRut-019_compressed-673x400.jpg 673w, https:\/\/quatang5sao.com\/wp-content\/uploads\/2019\/12\/TuiDayRut-019_compressed-768x457.jpg 768w\" sizes=\"auto, (max-width: 960px) 100vw, 960px\" \/><figcaption id=\"caption-attachment-4393\" class=\"wp-caption-text\">Nhi\u1ec1u k\u00edch th\u01b0\u1edbc ph\u00f9 h\u1ee3p v\u1edbi nhu c\u1ea7u c\u1ee7a kh\u00e1ch h\u00e0ng<\/figcaption><\/figure>\n<figure id=\"attachment_4392\" aria-describedby=\"caption-attachment-4392\" style=\"width: 960px\" class=\"wp-caption aligncenter\"><img loading=\"lazy\" decoding=\"async\" class=\"wp-image-4392 size-full\" src=\"https:\/\/quatang5sao.com\/wp-content\/uploads\/2019\/12\/TuiDayRut-018_compressed.jpg\" alt=\"In l\u01b0\u1edbi (in l\u1ee5a) l\u00ean t\u00fai theo y\u00eau c\u1ea7u c\u1ee7a kh\u00e1ch h\u00e0ng\" width=\"960\" height=\"483\" title=\"\" srcset=\"https:\/\/quatang5sao.com\/wp-content\/uploads\/2019\/12\/TuiDayRut-018_compressed.jpg 960w, https:\/\/quatang5sao.com\/wp-content\/uploads\/2019\/12\/TuiDayRut-018_compressed-510x257.jpg 510w, https:\/\/quatang5sao.com\/wp-content\/uploads\/2019\/12\/TuiDayRut-018_compressed-795x400.jpg 795w, https:\/\/quatang5sao.com\/wp-content\/uploads\/2019\/12\/TuiDayRut-018_compressed-768x386.jpg 768w\" sizes=\"auto, (max-width: 960px) 100vw, 960px\" \/><figcaption id=\"caption-attachment-4392\" class=\"wp-caption-text\">In l\u01b0\u1edbi (in l\u1ee5a) l\u00ean t\u00fai theo y\u00eau c\u1ea7u c\u1ee7a kh\u00e1ch h\u00e0ng<\/figcaption><\/figure>\n<figure id=\"attachment_4391\" aria-describedby=\"caption-attachment-4391\" style=\"width: 960px\" class=\"wp-caption aligncenter\"><img loading=\"lazy\" decoding=\"async\" class=\"wp-image-4391 size-full\" src=\"https:\/\/quatang5sao.com\/wp-content\/uploads\/2019\/12\/TuiDayRut-017_compressed.jpg\" alt=\"Ch\u1ea5t l\u01b0\u1ee3ng v\u1ea3i r\u1ea5t t\u1ed1t\" width=\"960\" height=\"346\" title=\"\" srcset=\"https:\/\/quatang5sao.com\/wp-content\/uploads\/2019\/12\/TuiDayRut-017_compressed.jpg 960w, https:\/\/quatang5sao.com\/wp-content\/uploads\/2019\/12\/TuiDayRut-017_compressed-510x184.jpg 510w, https:\/\/quatang5sao.com\/wp-content\/uploads\/2019\/12\/TuiDayRut-017_compressed-800x288.jpg 800w, https:\/\/quatang5sao.com\/wp-content\/uploads\/2019\/12\/TuiDayRut-017_compressed-768x277.jpg 768w\" sizes=\"auto, (max-width: 960px) 100vw, 960px\" \/><figcaption id=\"caption-attachment-4391\" class=\"wp-caption-text\">Ch\u1ea5t l\u01b0\u1ee3ng v\u1ea3i r\u1ea5t t\u1ed1t<\/figcaption><\/figure>\n<figure id=\"attachment_4390\" aria-describedby=\"caption-attachment-4390\" style=\"width: 960px\" class=\"wp-caption aligncenter\"><img loading=\"lazy\" decoding=\"async\" class=\"wp-image-4390 size-full\" src=\"https:\/\/quatang5sao.com\/wp-content\/uploads\/2019\/12\/TuiDayRut-016_compressed.jpg\" alt=\"H\u00ecnh \u1ea3nh th\u1ef1c t\u1ebf\" width=\"960\" height=\"640\" title=\"\" srcset=\"https:\/\/quatang5sao.com\/wp-content\/uploads\/2019\/12\/TuiDayRut-016_compressed.jpg 960w, https:\/\/quatang5sao.com\/wp-content\/uploads\/2019\/12\/TuiDayRut-016_compressed-510x340.jpg 510w, https:\/\/quatang5sao.com\/wp-content\/uploads\/2019\/12\/TuiDayRut-016_compressed-600x400.jpg 600w, https:\/\/quatang5sao.com\/wp-content\/uploads\/2019\/12\/TuiDayRut-016_compressed-768x512.jpg 768w, https:\/\/quatang5sao.com\/wp-content\/uploads\/2019\/12\/TuiDayRut-016_compressed-272x182.jpg 272w\" sizes=\"auto, (max-width: 960px) 100vw, 960px\" \/><figcaption id=\"caption-attachment-4390\" class=\"wp-caption-text\">H\u00ecnh \u1ea3nh th\u1ef1c t\u1ebf<\/figcaption><\/figure>\n<figure id=\"attachment_4389\" aria-describedby=\"caption-attachment-4389\" style=\"width: 960px\" class=\"wp-caption aligncenter\"><img loading=\"lazy\" decoding=\"async\" class=\"wp-image-4389 size-full\" src=\"https:\/\/quatang5sao.com\/wp-content\/uploads\/2019\/12\/TuiDayRut-015_compressed.jpg\" alt=\"D\u00e2y r\u00fat \u0111\u1eb9p, tinh t\u1ebf\" width=\"960\" height=\"572\" title=\"\" srcset=\"https:\/\/quatang5sao.com\/wp-content\/uploads\/2019\/12\/TuiDayRut-015_compressed.jpg 960w, https:\/\/quatang5sao.com\/wp-content\/uploads\/2019\/12\/TuiDayRut-015_compressed-510x304.jpg 510w, https:\/\/quatang5sao.com\/wp-content\/uploads\/2019\/12\/TuiDayRut-015_compressed-671x400.jpg 671w, https:\/\/quatang5sao.com\/wp-content\/uploads\/2019\/12\/TuiDayRut-015_compressed-768x458.jpg 768w\" sizes=\"auto, (max-width: 960px) 100vw, 960px\" \/><figcaption id=\"caption-attachment-4389\" class=\"wp-caption-text\">D\u00e2y r\u00fat \u0111\u1eb9p, tinh t\u1ebf<\/figcaption><\/figure>\n<figure id=\"attachment_4388\" aria-describedby=\"caption-attachment-4388\" style=\"width: 960px\" class=\"wp-caption aligncenter\"><img loading=\"lazy\" decoding=\"async\" class=\"wp-image-4388 size-full\" src=\"https:\/\/quatang5sao.com\/wp-content\/uploads\/2019\/12\/TuiDayRut-014_compressed.jpg\" alt=\"V\u1ea3i canvas d\u00f9ng \u0111\u1ec3 may t\u00fai r\u00fat\" width=\"960\" height=\"576\" title=\"\" srcset=\"https:\/\/quatang5sao.com\/wp-content\/uploads\/2019\/12\/TuiDayRut-014_compressed.jpg 960w, https:\/\/quatang5sao.com\/wp-content\/uploads\/2019\/12\/TuiDayRut-014_compressed-510x306.jpg 510w, https:\/\/quatang5sao.com\/wp-content\/uploads\/2019\/12\/TuiDayRut-014_compressed-667x400.jpg 667w, https:\/\/quatang5sao.com\/wp-content\/uploads\/2019\/12\/TuiDayRut-014_compressed-768x461.jpg 768w\" sizes=\"auto, (max-width: 960px) 100vw, 960px\" \/><figcaption id=\"caption-attachment-4388\" class=\"wp-caption-text\">V\u1ea3i canvas d\u00f9ng \u0111\u1ec3 may t\u00fai r\u00fat<\/figcaption><\/figure>\n<figure id=\"attachment_4387\" aria-describedby=\"caption-attachment-4387\" style=\"width: 960px\" class=\"wp-caption aligncenter\"><img loading=\"lazy\" decoding=\"async\" class=\"wp-image-4387 size-full\" src=\"https:\/\/quatang5sao.com\/wp-content\/uploads\/2019\/12\/TuiDayRut-012_compressed.jpg\" alt=\"H\u00ecnh \u1ea3nh t\u00fai d\u00e2y r\u00fat\" width=\"960\" height=\"540\" title=\"\" srcset=\"https:\/\/quatang5sao.com\/wp-content\/uploads\/2019\/12\/TuiDayRut-012_compressed.jpg 960w, https:\/\/quatang5sao.com\/wp-content\/uploads\/2019\/12\/TuiDayRut-012_compressed-510x287.jpg 510w, https:\/\/quatang5sao.com\/wp-content\/uploads\/2019\/12\/TuiDayRut-012_compressed-711x400.jpg 711w, https:\/\/quatang5sao.com\/wp-content\/uploads\/2019\/12\/TuiDayRut-012_compressed-768x432.jpg 768w\" sizes=\"auto, (max-width: 960px) 100vw, 960px\" \/><figcaption id=\"caption-attachment-4387\" class=\"wp-caption-text\">H\u00ecnh \u1ea3nh t\u00fai d\u00e2y r\u00fat<\/figcaption><\/figure>\n<figure id=\"attachment_4386\" aria-describedby=\"caption-attachment-4386\" style=\"width: 960px\" class=\"wp-caption aligncenter\"><img loading=\"lazy\" decoding=\"async\" class=\"wp-image-4386 size-full\" src=\"https:\/\/quatang5sao.com\/wp-content\/uploads\/2019\/12\/TuiDayRut-011_compressed.jpg\" alt=\"H\u00ecnh \u1ea3nh t\u00fai v\u1ea3i\" width=\"960\" height=\"1088\" title=\"\" srcset=\"https:\/\/quatang5sao.com\/wp-content\/uploads\/2019\/12\/TuiDayRut-011_compressed.jpg 960w, https:\/\/quatang5sao.com\/wp-content\/uploads\/2019\/12\/TuiDayRut-011_compressed-510x578.jpg 510w, https:\/\/quatang5sao.com\/wp-content\/uploads\/2019\/12\/TuiDayRut-011_compressed-353x400.jpg 353w, https:\/\/quatang5sao.com\/wp-content\/uploads\/2019\/12\/TuiDayRut-011_compressed-706x800.jpg 706w, https:\/\/quatang5sao.com\/wp-content\/uploads\/2019\/12\/TuiDayRut-011_compressed-768x870.jpg 768w\" sizes=\"auto, (max-width: 960px) 100vw, 960px\" \/><figcaption id=\"caption-attachment-4386\" class=\"wp-caption-text\">H\u00ecnh \u1ea3nh t\u00fai v\u1ea3i<\/figcaption><\/figure>\n<figure id=\"attachment_4385\" aria-describedby=\"caption-attachment-4385\" style=\"width: 960px\" class=\"wp-caption aligncenter\"><img loading=\"lazy\" decoding=\"async\" class=\"wp-image-4385 size-full\" src=\"https:\/\/quatang5sao.com\/wp-content\/uploads\/2019\/12\/TuiDayRut-010_compressed.jpg\" alt=\"H\u00ecnh \u1ea3nh t\u00fai v\u1ea3i\" width=\"960\" height=\"594\" title=\"\" srcset=\"https:\/\/quatang5sao.com\/wp-content\/uploads\/2019\/12\/TuiDayRut-010_compressed.jpg 960w, https:\/\/quatang5sao.com\/wp-content\/uploads\/2019\/12\/TuiDayRut-010_compressed-510x316.jpg 510w, https:\/\/quatang5sao.com\/wp-content\/uploads\/2019\/12\/TuiDayRut-010_compressed-646x400.jpg 646w, https:\/\/quatang5sao.com\/wp-content\/uploads\/2019\/12\/TuiDayRut-010_compressed-768x475.jpg 768w\" sizes=\"auto, (max-width: 960px) 100vw, 960px\" \/><figcaption id=\"caption-attachment-4385\" class=\"wp-caption-text\">H\u00ecnh \u1ea3nh t\u00fai v\u1ea3i<\/figcaption><\/figure>\n<figure id=\"attachment_4384\" aria-describedby=\"caption-attachment-4384\" style=\"width: 960px\" class=\"wp-caption aligncenter\"><img loading=\"lazy\" decoding=\"async\" class=\"wp-image-4384 size-full\" src=\"https:\/\/quatang5sao.com\/wp-content\/uploads\/2019\/12\/TuiDayRut-009_compressed-2.jpg\" alt=\"H\u00ecnh \u1ea3nh t\u00fai v\u1ea3i\" width=\"960\" height=\"564\" title=\"\" srcset=\"https:\/\/quatang5sao.com\/wp-content\/uploads\/2019\/12\/TuiDayRut-009_compressed-2.jpg 960w, https:\/\/quatang5sao.com\/wp-content\/uploads\/2019\/12\/TuiDayRut-009_compressed-2-510x300.jpg 510w, https:\/\/quatang5sao.com\/wp-content\/uploads\/2019\/12\/TuiDayRut-009_compressed-2-681x400.jpg 681w, https:\/\/quatang5sao.com\/wp-content\/uploads\/2019\/12\/TuiDayRut-009_compressed-2-768x451.jpg 768w\" sizes=\"auto, (max-width: 960px) 100vw, 960px\" \/><figcaption id=\"caption-attachment-4384\" class=\"wp-caption-text\">H\u00ecnh \u1ea3nh t\u00fai v\u1ea3i<\/figcaption><\/figure>\n<figure id=\"attachment_4383\" aria-describedby=\"caption-attachment-4383\" style=\"width: 960px\" class=\"wp-caption aligncenter\"><img loading=\"lazy\" decoding=\"async\" class=\"wp-image-4383 size-full\" src=\"https:\/\/quatang5sao.com\/wp-content\/uploads\/2019\/12\/TuiDayRut-008_compressed-2.jpg\" alt=\"H\u00ecnh \u1ea3nh t\u00fai v\u1ea3i\" width=\"960\" height=\"517\" title=\"\" srcset=\"https:\/\/quatang5sao.com\/wp-content\/uploads\/2019\/12\/TuiDayRut-008_compressed-2.jpg 960w, https:\/\/quatang5sao.com\/wp-content\/uploads\/2019\/12\/TuiDayRut-008_compressed-2-510x275.jpg 510w, https:\/\/quatang5sao.com\/wp-content\/uploads\/2019\/12\/TuiDayRut-008_compressed-2-743x400.jpg 743w, https:\/\/quatang5sao.com\/wp-content\/uploads\/2019\/12\/TuiDayRut-008_compressed-2-768x414.jpg 768w\" sizes=\"auto, (max-width: 960px) 100vw, 960px\" \/><figcaption id=\"caption-attachment-4383\" class=\"wp-caption-text\">H\u00ecnh \u1ea3nh t\u00fai v\u1ea3i<\/figcaption><\/figure>\n<figure id=\"attachment_4382\" aria-describedby=\"caption-attachment-4382\" style=\"width: 960px\" class=\"wp-caption aligncenter\"><img loading=\"lazy\" decoding=\"async\" class=\"wp-image-4382 size-full\" src=\"https:\/\/quatang5sao.com\/wp-content\/uploads\/2019\/12\/TuiDayRut-007_compressed-3.jpg\" alt=\"M\u00e0u v\u1ea3i \u0111a d\u1ea1ng gi\u00fap kh\u00e1ch h\u00e0ng l\u1ef1a ch\u1ecdn tho\u1ea3i m\u00e1i\" width=\"960\" height=\"696\" title=\"\" srcset=\"https:\/\/quatang5sao.com\/wp-content\/uploads\/2019\/12\/TuiDayRut-007_compressed-3.jpg 960w, https:\/\/quatang5sao.com\/wp-content\/uploads\/2019\/12\/TuiDayRut-007_compressed-3-510x370.jpg 510w, https:\/\/quatang5sao.com\/wp-content\/uploads\/2019\/12\/TuiDayRut-007_compressed-3-552x400.jpg 552w, https:\/\/quatang5sao.com\/wp-content\/uploads\/2019\/12\/TuiDayRut-007_compressed-3-768x557.jpg 768w\" sizes=\"auto, (max-width: 960px) 100vw, 960px\" \/><figcaption id=\"caption-attachment-4382\" class=\"wp-caption-text\">M\u00e0u v\u1ea3i \u0111a d\u1ea1ng gi\u00fap kh\u00e1ch h\u00e0ng l\u1ef1a ch\u1ecdn tho\u1ea3i m\u00e1i<\/figcaption><\/figure>\n<h2>Li\u00ean h\u1ec7 \u0111\u1eb7t h\u00e0ng t\u00fai v\u1ea3i<\/h2>\n<p><span style=\"font-size: 120%;\">Qu\u00fd kh\u00e1ch h\u00e0ng c\u00f3 nhu c\u1ea7u \u0111\u1eb7t h\u00e0ng vui l\u00f2ng li\u00ean h\u1ec7:<\/span><br \/>\n<span style=\"font-size: 120%;\">Hotline &amp; Zalo:<\/span><\/p>\n<p><span style=\"color: #800000;\"><strong><span style=\"font-size: 120%;\">Ha Noi: 0917.322.230<\/span><\/strong><\/span><br \/>\n<span style=\"color: #800000;\"><strong><span style=\"font-size: 120%;\">S\u1ed1 1 \u2013 L\u0129nh Nam \u2013 Ho\u00e0ng Mai \u2013 H\u00e0 N\u1ed9i<\/span><\/strong><\/span><\/p>\n<p><span style=\"color: #008000;\"><strong><span style=\"font-size: 120%;\">H\u1ed3 Ch\u00ed Minh: 0988.902.220<\/span><\/strong><\/span><br \/>\n<span style=\"color: #008000;\"><strong><span style=\"font-size: 120%;\">S\u1ed1 214 \u2013 V\u00f5 V\u0103n Ng\u00e2n \u2013 B\u00ecnh Th\u1ecd \u2013 Th\u1ee7 \u0110\u1ee9c \u2013 H\u1ed3 Ch\u00ed Minh<\/span><\/strong><\/span><\/p>\n<p><span style=\"font-size: 120%;\">Website: https:\/\/quatang5sao.com\/<\/span><br \/>\n<span style=\"font-size: 120%;\">#tuivai #tuicanvas #tuitote #xuongmaytuicanvas #tuidayrut<\/span><\/p>","protected":false},"excerpt":{"rendered":"<ul>\n<li>Ch\u1ea5t l\u01b0\u1ee3ng in s\u1eafc n\u00e9t, b\u1ec1n m\u00e0u, gi\u1eb7t kh\u00f4ng bong<\/li>\n<li>Ch\u1ea5t l\u01b0\u1ee3ng v\u1ea3i t\u1ed1t, kh\u00f4ng b\u1ecb \u1ed1<\/li>\n<li>M\u1eabu m\u00e3 \u0111a d\u1ea1ng, nhi\u1ec1u k\u00edch th\u01b0\u1edbc<\/li>\n<li>Gi\u00e1 r\u1ebb, s\u1ea3n xu\u1ea5t nhanh<\/li>\n<li>Freeship In Vietnam<\/li>\n<\/ul>","protected":false},"featured_media":4395,"comment_status":"open","ping_status":"closed","template":"","meta":[],"product_brand":[],"product_cat":[639],"product_tag":[649,648,647,646],"class_list":{"0":"post-4378","1":"product","2":"type-product","3":"status-publish","4":"has-post-thumbnail","6":"product_cat-tui-day-rut","7":"product_tag-in-tui-day-rut","8":"product_tag-san-xuat-tui-day-rut","9":"product_tag-tui-day-rut-gia-re","10":"product_tag-xuong-may-tui-day-rut","12":"first","13":"instock","14":"shipping-taxable","15":"product-type-simple"},"amp_enabled":true,"_links":{"self":[{"href":"https:\/\/quatang5sao.com\/en\/wp-json\/wp\/v2\/product\/4378","targetHints":{"allow":["GET"]}}],"collection":[{"href":"https:\/\/quatang5sao.com\/en\/wp-json\/wp\/v2\/product"}],"about":[{"href":"https:\/\/quatang5sao.com\/en\/wp-json\/wp\/v2\/types\/product"}],"replies":[{"embeddable":true,"href":"https:\/\/quatang5sao.com\/en\/wp-json\/wp\/v2\/comments?post=4378"}],"wp:featuredmedia":[{"embeddable":true,"href":"https:\/\/quatang5sao.com\/en\/wp-json\/wp\/v2\/media\/4395"}],"wp:attachment":[{"href":"https:\/\/quatang5sao.com\/en\/wp-json\/wp\/v2\/media?parent=4378"}],"wp:term":[{"taxonomy":"product_brand","embeddable":true,"href":"https:\/\/quatang5sao.com\/en\/wp-json\/wp\/v2\/product_brand?post=4378"},{"taxonomy":"product_cat","embeddable":true,"href":"https:\/\/quatang5sao.com\/en\/wp-json\/wp\/v2\/product_cat?post=4378"},{"taxonomy":"product_tag","embeddable":true,"href":"https:\/\/quatang5sao.com\/en\/wp-json\/wp\/v2\/product_tag?post=4378"}],"curies":[{"name":"wp","href":"https:\/\/api.w.org\/{rel}","templated":true}]}}