{"id":4365,"date":"2019-12-12T15:56:18","date_gmt":"2019-12-12T08:56:18","guid":{"rendered":"https:\/\/quatang5sao.com\/?post_type=product&#038;p=4365"},"modified":"2019-12-13T11:10:09","modified_gmt":"2019-12-13T04:10:09","slug":"tui-rut-bang-vai-gia-re-may-va-in-gia-cong-theo-yeu-cau-mau-04","status":"publish","type":"product","link":"https:\/\/quatang5sao.com\/en\/tui-rut-bang-vai-gia-re-may-va-in-gia-cong-theo-yeu-cau-mau-04\/","title":{"rendered":"T\u00fai r\u00fat b\u1eb1ng v\u1ea3i gi\u00e1 r\u1ebb &#8211; May v\u00e0 in gia c\u00f4ng theo y\u00eau c\u1ea7u &#8211; M\u1eabu 04"},"content":{"rendered":"<h2>T\u00fai r\u00fat<\/h2>\n<p><a href=\"https:\/\/quatang5sao.com\/en\/danh-muc\/tui-vai\/tui-day-rut\/\"><strong>T\u00fai r\u00fat<\/strong><\/a> l\u00e0 s\u1ea3n ph\u1ea9m \u0111\u01b0\u1ee3c nhi\u1ec1u c\u00f4 n\u00e0ng c\u00e1 t\u00ednh, n\u0103ng \u0111\u1ed9ng l\u1ef1a ch\u1ecdn l\u00e0m ph\u1ee5 ki\u1ec7n th\u1eddi trang cho m\u00ecnh. V\u1edbi \u0111\u1eb7c \u0111i\u1ec3m g\u1ecdn nh\u1eb9, k\u00edn \u0111\u00e1o, ti\u1ec7n l\u1ee3i, ch\u1ea5t li\u1ec7u l\u1ea1i b\u1eb1ng v\u1ea3i gi\u00fap b\u1ea3o v\u1ec7 m\u00f4i tr\u01b0\u1eddng. N\u00ean <strong><a href=\"https:\/\/quatang5sao.com\/en\/danh-muc\/tui-vai\/\">t\u00fai d\u00e2y r\u00fat<\/a><\/strong> c\u00e0ng ng\u00e0y c\u00e0ng c\u00f3 nhi\u1ec1u b\u1ea1n s\u1eed d\u1ee5ng h\u01a1n. \u0110\u00e2y c\u0169ng l\u00e0 l\u00fd do ch\u00ednh \u0111\u1ec3 nhi\u1ec1u c\u1eeda h\u00e0ng, shop th\u1eddi trang hay c\u00e1c c\u00f4ng ty l\u1ef1a ch\u1ecdn l\u00e0m qu\u00e0 t\u1eb7ng s\u1ef1 ki\u1ec7n c\u1ee7a m\u00ecnh.<\/p>\n<p>Ch\u00fang t\u00f4i v\u1edbi \u01b0u th\u1ebf l\u00e0 \u0111\u01a1n v\u1ecb l\u00e2u n\u0103m trong ng\u00e0nh, c\u00f3 nhi\u1ec1u kinh nghi\u1ec7m v\u1ec1 s\u1ea3n xu\u1ea5t s\u1ea3n ph\u1ea9m. N\u00ean s\u1ea3n ph\u1ea9m <a href=\"https:\/\/tuicanvas.net\" target=\"_blank\" rel=\"noopener\"><strong>t\u00fai v\u1ea3i<\/strong><\/a> c\u1ee7a ch\u00fang t\u00f4i \u0111\u01b0\u1ee3c nhi\u1ec1u \u0111\u1ed1i t\u00e1c tin t\u01b0\u1edfng \u0111\u1eb7t h\u00e0ng. Qu\u00fd kh\u00e1ch h\u00e0ng khi li\u00ean h\u1ec7 s\u1ebd \u0111\u01b0\u1ee3c t\u01b0 v\u1ea5n r\u1ea5t c\u1ee5 th\u1ec3 v\u1ec1 m\u1eabu m\u00e3, ch\u1ea5t li\u1ec7u v\u1ea3i, ph\u01b0\u01a1ng th\u1ee9c in \u1ea5n, thi\u1ebft k\u1ebf&#8230; \u0110\u1ec3 l\u1ef1a ch\u1ecdn ra \u0111\u01b0\u1ee3c s\u1ea3n ph\u1ea9m c\u00f3 gi\u00e1 th\u00e0nh h\u1ee3p l\u00fd nh\u1ea5t, ch\u1ea5t l\u01b0\u1ee3ng nh\u1ea5t cho \u0111\u01a1n v\u1ecb m\u00ecnh. R\u1ea5t mong \u0111\u01b0\u1ee3c h\u1ee3p t\u00e1c c\u00f9ng qu\u00fd kh\u00e1ch h\u00e0ng.<\/p>\n<h2>X\u01b0\u1edfng may v\u00e0 in t\u00fai b\u1eb1ng v\u1ea3i<\/h2>\n<p><iframe loading=\"lazy\" title=\"X\u01b0\u1edfng in t\u00fai canvas - S\u1ea3n xu\u1ea5t t\u00fai v\u1ea3i c\u00e1c lo\u1ea1i theo y\u00eau c\u1ea7u\" width=\"1020\" height=\"574\" src=\"https:\/\/www.youtube.com\/embed\/y54Truc4J-A?feature=oembed\" frameborder=\"0\" allow=\"accelerometer; autoplay; encrypted-media; gyroscope; picture-in-picture\" allowfullscreen><\/iframe><\/p>\n<h2>H\u00ecnh \u1ea3nh s\u1ea3n ph\u1ea9m<\/h2>\n<figure id=\"attachment_4374\" aria-describedby=\"caption-attachment-4374\" style=\"width: 486px\" class=\"wp-caption aligncenter\"><img loading=\"lazy\" decoding=\"async\" class=\"wp-image-4374 size-full\" src=\"https:\/\/quatang5sao.com\/wp-content\/uploads\/2019\/12\/Tui-day-rut-Mau-04_compressed.jpg\" alt=\"May t\u00fai r\u00fat gi\u00e1 r\u1ebb theo y\u00eau c\u1ea7u\" width=\"486\" height=\"486\" title=\"\" srcset=\"https:\/\/quatang5sao.com\/wp-content\/uploads\/2019\/12\/Tui-day-rut-Mau-04_compressed.jpg 486w, https:\/\/quatang5sao.com\/wp-content\/uploads\/2019\/12\/Tui-day-rut-Mau-04_compressed-247x247.jpg 247w, https:\/\/quatang5sao.com\/wp-content\/uploads\/2019\/12\/Tui-day-rut-Mau-04_compressed-100x100.jpg 100w, https:\/\/quatang5sao.com\/wp-content\/uploads\/2019\/12\/Tui-day-rut-Mau-04_compressed-400x400.jpg 400w, https:\/\/quatang5sao.com\/wp-content\/uploads\/2019\/12\/Tui-day-rut-Mau-04_compressed-280x280.jpg 280w\" sizes=\"auto, (max-width: 486px) 100vw, 486px\" \/><figcaption id=\"caption-attachment-4374\" class=\"wp-caption-text\">May t\u00fai v\u1ea3i gi\u00e1 r\u1ebb theo y\u00eau c\u1ea7u<\/figcaption><\/figure>\n<figure id=\"attachment_4373\" aria-describedby=\"caption-attachment-4373\" style=\"width: 497px\" class=\"wp-caption aligncenter\"><img loading=\"lazy\" decoding=\"async\" class=\"wp-image-4373 size-full\" src=\"https:\/\/quatang5sao.com\/wp-content\/uploads\/2019\/12\/Tui-day-rut-Mau-04-02_compressed.jpg\" alt=\"In t\u00fai r\u00fat gi\u00e1 r\u1ebb theo y\u00eau c\u1ea7u\" width=\"497\" height=\"496\" title=\"\" srcset=\"https:\/\/quatang5sao.com\/wp-content\/uploads\/2019\/12\/Tui-day-rut-Mau-04-02_compressed.jpg 497w, https:\/\/quatang5sao.com\/wp-content\/uploads\/2019\/12\/Tui-day-rut-Mau-04-02_compressed-247x247.jpg 247w, https:\/\/quatang5sao.com\/wp-content\/uploads\/2019\/12\/Tui-day-rut-Mau-04-02_compressed-100x100.jpg 100w, https:\/\/quatang5sao.com\/wp-content\/uploads\/2019\/12\/Tui-day-rut-Mau-04-02_compressed-401x400.jpg 401w, https:\/\/quatang5sao.com\/wp-content\/uploads\/2019\/12\/Tui-day-rut-Mau-04-02_compressed-280x280.jpg 280w\" sizes=\"auto, (max-width: 497px) 100vw, 497px\" \/><figcaption id=\"caption-attachment-4373\" class=\"wp-caption-text\">In t\u00fai v\u1ea3i gi\u00e1 r\u1ebb theo y\u00eau c\u1ea7u<\/figcaption><\/figure>\n<figure id=\"attachment_4372\" aria-describedby=\"caption-attachment-4372\" style=\"width: 960px\" class=\"wp-caption aligncenter\"><img loading=\"lazy\" decoding=\"async\" class=\"wp-image-4372 size-full\" src=\"https:\/\/quatang5sao.com\/wp-content\/uploads\/2019\/12\/TuiDayRut-003_compressed-4.jpg\" alt=\"X\u01b0\u1edfng may t\u00fai v\u1ea3i s\u1ed1 l\u01b0\u1ee3ng l\u1edbn\" width=\"960\" height=\"890\" title=\"\" srcset=\"https:\/\/quatang5sao.com\/wp-content\/uploads\/2019\/12\/TuiDayRut-003_compressed-4.jpg 960w, https:\/\/quatang5sao.com\/wp-content\/uploads\/2019\/12\/TuiDayRut-003_compressed-4-510x473.jpg 510w, https:\/\/quatang5sao.com\/wp-content\/uploads\/2019\/12\/TuiDayRut-003_compressed-4-431x400.jpg 431w, https:\/\/quatang5sao.com\/wp-content\/uploads\/2019\/12\/TuiDayRut-003_compressed-4-863x800.jpg 863w, https:\/\/quatang5sao.com\/wp-content\/uploads\/2019\/12\/TuiDayRut-003_compressed-4-768x712.jpg 768w\" sizes=\"auto, (max-width: 960px) 100vw, 960px\" \/><figcaption id=\"caption-attachment-4372\" class=\"wp-caption-text\">X\u01b0\u1edfng may t\u00fai v\u1ea3i s\u1ed1 l\u01b0\u1ee3ng l\u1edbn<\/figcaption><\/figure>\n<figure id=\"attachment_4371\" aria-describedby=\"caption-attachment-4371\" style=\"width: 960px\" class=\"wp-caption aligncenter\"><img loading=\"lazy\" decoding=\"async\" class=\"wp-image-4371 size-full\" src=\"https:\/\/quatang5sao.com\/wp-content\/uploads\/2019\/12\/TuiDayRut-002_compressed-4.jpg\" alt=\"X\u01b0\u1edfng in gia c\u00f4ng t\u00fai v\u1ea3i\" width=\"960\" height=\"960\" title=\"\" srcset=\"https:\/\/quatang5sao.com\/wp-content\/uploads\/2019\/12\/TuiDayRut-002_compressed-4.jpg 960w, https:\/\/quatang5sao.com\/wp-content\/uploads\/2019\/12\/TuiDayRut-002_compressed-4-247x247.jpg 247w, https:\/\/quatang5sao.com\/wp-content\/uploads\/2019\/12\/TuiDayRut-002_compressed-4-100x100.jpg 100w, https:\/\/quatang5sao.com\/wp-content\/uploads\/2019\/12\/TuiDayRut-002_compressed-4-510x510.jpg 510w, https:\/\/quatang5sao.com\/wp-content\/uploads\/2019\/12\/TuiDayRut-002_compressed-4-400x400.jpg 400w, https:\/\/quatang5sao.com\/wp-content\/uploads\/2019\/12\/TuiDayRut-002_compressed-4-800x800.jpg 800w, https:\/\/quatang5sao.com\/wp-content\/uploads\/2019\/12\/TuiDayRut-002_compressed-4-280x280.jpg 280w, https:\/\/quatang5sao.com\/wp-content\/uploads\/2019\/12\/TuiDayRut-002_compressed-4-768x768.jpg 768w\" sizes=\"auto, (max-width: 960px) 100vw, 960px\" \/><figcaption id=\"caption-attachment-4371\" class=\"wp-caption-text\">X\u01b0\u1edfng in gia c\u00f4ng t\u00fai v\u1ea3i<\/figcaption><\/figure>\n<figure id=\"attachment_4370\" aria-describedby=\"caption-attachment-4370\" style=\"width: 960px\" class=\"wp-caption aligncenter\"><img loading=\"lazy\" decoding=\"async\" class=\"wp-image-4370 size-full\" src=\"https:\/\/quatang5sao.com\/wp-content\/uploads\/2019\/12\/TuiDayRut-001_compressed-4.jpg\" alt=\"K\u00edch th\u01b0\u1edbc t\u00fai d\u00e2y r\u00fat\" width=\"960\" height=\"567\" title=\"\" srcset=\"https:\/\/quatang5sao.com\/wp-content\/uploads\/2019\/12\/TuiDayRut-001_compressed-4.jpg 960w, https:\/\/quatang5sao.com\/wp-content\/uploads\/2019\/12\/TuiDayRut-001_compressed-4-510x301.jpg 510w, https:\/\/quatang5sao.com\/wp-content\/uploads\/2019\/12\/TuiDayRut-001_compressed-4-677x400.jpg 677w, https:\/\/quatang5sao.com\/wp-content\/uploads\/2019\/12\/TuiDayRut-001_compressed-4-768x454.jpg 768w\" sizes=\"auto, (max-width: 960px) 100vw, 960px\" \/><figcaption id=\"caption-attachment-4370\" class=\"wp-caption-text\">K\u00edch th\u01b0\u1edbc t\u00fai d\u00e2y r\u00fat<\/figcaption><\/figure>\n<figure id=\"attachment_4369\" aria-describedby=\"caption-attachment-4369\" style=\"width: 960px\" class=\"wp-caption aligncenter\"><img loading=\"lazy\" decoding=\"async\" class=\"wp-image-4369 size-full\" src=\"https:\/\/quatang5sao.com\/wp-content\/uploads\/2019\/12\/TuiDayRut-006_compressed-3.jpg\" alt=\"May t\u00fai v\u1ea3i s\u1ed1 l\u01b0\u1ee3ng l\u1edbn\" width=\"960\" height=\"960\" title=\"\" srcset=\"https:\/\/quatang5sao.com\/wp-content\/uploads\/2019\/12\/TuiDayRut-006_compressed-3.jpg 960w, https:\/\/quatang5sao.com\/wp-content\/uploads\/2019\/12\/TuiDayRut-006_compressed-3-247x247.jpg 247w, https:\/\/quatang5sao.com\/wp-content\/uploads\/2019\/12\/TuiDayRut-006_compressed-3-100x100.jpg 100w, https:\/\/quatang5sao.com\/wp-content\/uploads\/2019\/12\/TuiDayRut-006_compressed-3-510x510.jpg 510w, https:\/\/quatang5sao.com\/wp-content\/uploads\/2019\/12\/TuiDayRut-006_compressed-3-400x400.jpg 400w, https:\/\/quatang5sao.com\/wp-content\/uploads\/2019\/12\/TuiDayRut-006_compressed-3-800x800.jpg 800w, https:\/\/quatang5sao.com\/wp-content\/uploads\/2019\/12\/TuiDayRut-006_compressed-3-280x280.jpg 280w, https:\/\/quatang5sao.com\/wp-content\/uploads\/2019\/12\/TuiDayRut-006_compressed-3-768x768.jpg 768w\" sizes=\"auto, (max-width: 960px) 100vw, 960px\" \/><figcaption id=\"caption-attachment-4369\" class=\"wp-caption-text\">May t\u00fai v\u1ea3i s\u1ed1 l\u01b0\u1ee3ng l\u1edbn<\/figcaption><\/figure>\n<figure id=\"attachment_4368\" aria-describedby=\"caption-attachment-4368\" style=\"width: 960px\" class=\"wp-caption aligncenter\"><img loading=\"lazy\" decoding=\"async\" class=\"wp-image-4368 size-full\" src=\"https:\/\/quatang5sao.com\/wp-content\/uploads\/2019\/12\/TuiDayRut-005_compressed-4.jpg\" alt=\"T\u00fai r\u00fat v\u1ea3i gi\u00e1 r\u1ebb\" width=\"960\" height=\"640\" title=\"\" srcset=\"https:\/\/quatang5sao.com\/wp-content\/uploads\/2019\/12\/TuiDayRut-005_compressed-4.jpg 960w, https:\/\/quatang5sao.com\/wp-content\/uploads\/2019\/12\/TuiDayRut-005_compressed-4-510x340.jpg 510w, https:\/\/quatang5sao.com\/wp-content\/uploads\/2019\/12\/TuiDayRut-005_compressed-4-600x400.jpg 600w, https:\/\/quatang5sao.com\/wp-content\/uploads\/2019\/12\/TuiDayRut-005_compressed-4-768x512.jpg 768w, https:\/\/quatang5sao.com\/wp-content\/uploads\/2019\/12\/TuiDayRut-005_compressed-4-272x182.jpg 272w\" sizes=\"auto, (max-width: 960px) 100vw, 960px\" \/><figcaption id=\"caption-attachment-4368\" class=\"wp-caption-text\">T\u00fai r\u00fat v\u1ea3i gi\u00e1 r\u1ebb<\/figcaption><\/figure>\n<figure id=\"attachment_4367\" aria-describedby=\"caption-attachment-4367\" style=\"width: 960px\" class=\"wp-caption aligncenter\"><img loading=\"lazy\" decoding=\"async\" class=\"wp-image-4367 size-full\" src=\"https:\/\/quatang5sao.com\/wp-content\/uploads\/2019\/12\/TuiDayRut-004_compressed-4.jpg\" alt=\"T\u00fai \u0111\u1ef1ng h\u1ea1t c\u00e0 ph\u00ea gi\u00e1 r\u1ebb\" width=\"960\" height=\"1149\" title=\"\" srcset=\"https:\/\/quatang5sao.com\/wp-content\/uploads\/2019\/12\/TuiDayRut-004_compressed-4.jpg 960w, https:\/\/quatang5sao.com\/wp-content\/uploads\/2019\/12\/TuiDayRut-004_compressed-4-510x610.jpg 510w, https:\/\/quatang5sao.com\/wp-content\/uploads\/2019\/12\/TuiDayRut-004_compressed-4-334x400.jpg 334w, https:\/\/quatang5sao.com\/wp-content\/uploads\/2019\/12\/TuiDayRut-004_compressed-4-668x800.jpg 668w, https:\/\/quatang5sao.com\/wp-content\/uploads\/2019\/12\/TuiDayRut-004_compressed-4-768x919.jpg 768w, https:\/\/quatang5sao.com\/wp-content\/uploads\/2019\/12\/TuiDayRut-004_compressed-4-247x296.jpg 247w\" sizes=\"auto, (max-width: 960px) 100vw, 960px\" \/><figcaption id=\"caption-attachment-4367\" class=\"wp-caption-text\">T\u00fai \u0111\u1ef1ng h\u1ea1t c\u00e0 ph\u00ea gi\u00e1 r\u1ebb<\/figcaption><\/figure>\n<h2>\u0110\u1eb7t h\u00e0ng t\u00fai v\u1ea3i \u1edf \u0111\u00e2u?<\/h2>\n<p><span style=\"font-size: 120%;\">Qu\u00fd kh\u00e1ch h\u00e0ng c\u00f3 nhu c\u1ea7u \u0111\u1eb7t h\u00e0ng vui l\u00f2ng li\u00ean h\u1ec7:<\/span><br \/>\n<span style=\"font-size: 120%;\">Hotline &amp; Zalo:<\/span><\/p>\n<p><span style=\"color: #800000;\"><strong><span style=\"font-size: 120%;\">Ha Noi: 0917.322.230<\/span><\/strong><\/span><br \/>\n<span style=\"color: #800000;\"><strong><span style=\"font-size: 120%;\">S\u1ed1 1 \u2013 L\u0129nh Nam \u2013 Ho\u00e0ng Mai \u2013 H\u00e0 N\u1ed9i<\/span><\/strong><\/span><\/p>\n<p><span style=\"color: #008000;\"><strong><span style=\"font-size: 120%;\">H\u1ed3 Ch\u00ed Minh: 0988.902.220<\/span><\/strong><\/span><br \/>\n<span style=\"color: #008000;\"><strong><span style=\"font-size: 120%;\">S\u1ed1 214 \u2013 V\u00f5 V\u0103n Ng\u00e2n \u2013 B\u00ecnh Th\u1ecd \u2013 Th\u1ee7 \u0110\u1ee9c \u2013 H\u1ed3 Ch\u00ed Minh<\/span><\/strong><\/span><\/p>\n<p><span style=\"font-size: 120%;\">Website: https:\/\/quatang5sao.com\/<\/span><br \/>\n<span style=\"font-size: 120%;\">#tuivai #tuicanvas #tuitote #xuongmaytuicanvas #tuidayrut<\/span><\/p>","protected":false},"excerpt":{"rendered":"<p>T\u00fai r\u00fat T\u00fai r\u00fat l\u00e0 s\u1ea3n ph\u1ea9m \u0111\u01b0\u1ee3c nhi\u1ec1u c\u00f4 n\u00e0ng c\u00e1 t\u00ednh, n\u0103ng \u0111\u1ed9ng l\u1ef1a ch\u1ecdn l\u00e0m ph\u1ee5 ki\u1ec7n th\u1eddi trang cho m\u00ecnh. V\u1edbi \u0111\u1eb7c \u0111i\u1ec3m g\u1ecdn nh\u1eb9, k\u00edn \u0111\u00e1o, ti\u1ec7n l\u1ee3i, ch\u1ea5t li\u1ec7u l\u1ea1i b\u1eb1ng v\u1ea3i gi\u00fap b\u1ea3o v\u1ec7 m\u00f4i tr\u01b0\u1eddng. N\u00ean t\u00fai d\u00e2y r\u00fat c\u00e0ng ng\u00e0y c\u00e0ng c\u00f3 nhi\u1ec1u b\u1ea1n s\u1eed d\u1ee5ng [&#8230;]\n","protected":false},"featured_media":4374,"comment_status":"open","ping_status":"closed","template":"","meta":[],"product_brand":[],"product_cat":[639],"product_tag":[649,648,647,646],"class_list":{"0":"post-4365","1":"product","2":"type-product","3":"status-publish","4":"has-post-thumbnail","6":"product_cat-tui-day-rut","7":"product_tag-in-tui-day-rut","8":"product_tag-san-xuat-tui-day-rut","9":"product_tag-tui-day-rut-gia-re","10":"product_tag-xuong-may-tui-day-rut","12":"first","13":"instock","14":"shipping-taxable","15":"product-type-simple"},"amp_enabled":true,"_links":{"self":[{"href":"https:\/\/quatang5sao.com\/en\/wp-json\/wp\/v2\/product\/4365","targetHints":{"allow":["GET"]}}],"collection":[{"href":"https:\/\/quatang5sao.com\/en\/wp-json\/wp\/v2\/product"}],"about":[{"href":"https:\/\/quatang5sao.com\/en\/wp-json\/wp\/v2\/types\/product"}],"replies":[{"embeddable":true,"href":"https:\/\/quatang5sao.com\/en\/wp-json\/wp\/v2\/comments?post=4365"}],"wp:featuredmedia":[{"embeddable":true,"href":"https:\/\/quatang5sao.com\/en\/wp-json\/wp\/v2\/media\/4374"}],"wp:attachment":[{"href":"https:\/\/quatang5sao.com\/en\/wp-json\/wp\/v2\/media?parent=4365"}],"wp:term":[{"taxonomy":"product_brand","embeddable":true,"href":"https:\/\/quatang5sao.com\/en\/wp-json\/wp\/v2\/product_brand?post=4365"},{"taxonomy":"product_cat","embeddable":true,"href":"https:\/\/quatang5sao.com\/en\/wp-json\/wp\/v2\/product_cat?post=4365"},{"taxonomy":"product_tag","embeddable":true,"href":"https:\/\/quatang5sao.com\/en\/wp-json\/wp\/v2\/product_tag?post=4365"}],"curies":[{"name":"wp","href":"https:\/\/api.w.org\/{rel}","templated":true}]}}