{"id":4357,"date":"2019-12-12T14:56:03","date_gmt":"2019-12-12T07:56:03","guid":{"rendered":"https:\/\/quatang5sao.com\/?post_type=product&#038;p=4357"},"modified":"2019-12-12T14:56:03","modified_gmt":"2019-12-12T07:56:03","slug":"tui-rut-vai-gia-re-may-in-tui-vai-theo-yeu-cau-mau-05","status":"publish","type":"product","link":"https:\/\/quatang5sao.com\/en\/tui-rut-vai-gia-re-may-in-tui-vai-theo-yeu-cau-mau-05\/","title":{"rendered":"T\u00fai r\u00fat v\u1ea3i gi\u00e1 r\u1ebb &#8211; May in t\u00fai v\u1ea3i theo y\u00eau c\u1ea7u &#8211; M\u1eabu 05"},"content":{"rendered":"<h2>T\u00fai r\u00fat v\u1ea3i<\/h2>\n<p><strong><a href=\"https:\/\/medium.com\/@MinhTm63091092\/x%C6%B0%E1%BB%9Fng-may-t%C3%BAi-v%E1%BA%A3i-canvas-gi%C3%A1-r%E1%BA%BB-%E1%BB%9F-%C4%91%C3%A2u-1409a34bf378?sk=d40117f7f557a45c5ab642d784891b75\" target=\"_blank\" rel=\"noopener\">Fabric Bags<\/a><\/strong> l\u00e0 s\u1ea3n ph\u1ea9m HOT TREND c\u1ee7a n\u0103m 2019, v\u00e0 d\u1ef1 \u0111o\u00e1n nhu c\u1ea7u s\u1ebd t\u0103ng cao h\u01a1n v\u00e0o n\u0103m 2020 v\u00e0 c\u00e1c n\u0103m sau n\u1eefa. Ch\u1eafc ch\u1eafn r\u1eb1ng, b\u1ea1n \u0111ang xem c\u00e1c lo\u1ea1i <a href=\"https:\/\/quatang5sao.com\/en\/danh-muc\/tui-vai\/tui-day-rut\/\"><strong>t\u00fai r\u00fat v\u1ea3i<\/strong><\/a> c\u0169ng \u0111ang c\u00f3 nhu c\u1ea7u \u0111\u1eb7t h\u00e0ng \u0111\u00fang kh\u00f4ng n\u00e0o.<\/p>\n<p>V\u1eady, b\u1ea1n \u0111ang c\u1ea7n check gi\u00e1 s\u1ea3n ph\u1ea9m <a href=\"https:\/\/quatang5sao.com\/en\/danh-muc\/tui-vai\/\"><strong>t\u00fai d\u00e2y r\u00fat<\/strong><\/a> ho\u1eb7c <a href=\"https:\/\/tuicanvas.net\" target=\"_blank\" rel=\"noopener\"><strong>t\u00fai v\u1ea3i canvas<\/strong><\/a> c\u00e1c lo\u1ea1i? C\u1ea7n thi\u1ebft k\u1ebf s\u1ea3n ph\u1ea9m? Hay c\u1ea7n th\u00eam th\u00f4ng tin t\u01b0 v\u1ea5n kh\u00e1c?<\/p>\n<p>Ch\u00fang t\u00f4i ho\u00e0n to\u00e0n mi\u1ec5n ph\u00ed thi\u1ebft k\u1ebf s\u1ea3n ph\u1ea9m, l\u00ean maket s\u1ea3n ph\u1ea9m. \u0110\u1ed3ng th\u1eddi c\u00f3 x\u01b0\u1edfng may, x\u01b0\u1edfng in v\u1edbi thi\u1ebft b\u1ecb hi\u1ec7n \u0111\u1ea1i n\u00ean \u0111\u00e1p \u1ee9ng \u0111\u01b0\u1ee3c h\u1ea7u h\u1ebft c\u00e1c y\u00eau c\u1ea7u c\u1ee7a kh\u00e1ch h\u00e0ng. \u0110\u00e1p \u1ee9ng \u0111\u01b0\u1ee3c v\u1edbi c\u1ea3 s\u1ed1 l\u01b0\u1ee3ng l\u1edbn v\u00e0 c\u1ef1c l\u1edbn. Do \u0111\u00f3 b\u1ea1n c\u00f3 th\u1ec3 ho\u00e0n to\u00e0n y\u00ean t\u00e2m khi \u0111\u1eb7t h\u00e0ng t\u1ea1i ch\u00fang t\u00f4i.<\/p>\n<p>H\u00e3y k\u1ebft n\u1ed1i v\u1edbi ch\u00fang t\u00f4i ngay b\u1eb1ng \u0110T &#8211; Zalo ho\u1eb7c Facebook \u0111\u1ec3 ch\u00fang t\u00f4i ph\u1ee5c v\u1ee5 b\u1ea1n nh\u00e9.<\/p>\n<h2>X\u01b0\u1edfng s\u1ea3n xu\u1ea5t t\u00fai v\u1ea3i<\/h2>\n<p><iframe loading=\"lazy\" title=\"X\u01b0\u1edfng in t\u00fai canvas - S\u1ea3n xu\u1ea5t t\u00fai v\u1ea3i c\u00e1c lo\u1ea1i theo y\u00eau c\u1ea7u\" width=\"1020\" height=\"574\" src=\"https:\/\/www.youtube.com\/embed\/y54Truc4J-A?feature=oembed\" frameborder=\"0\" allow=\"accelerometer; autoplay; encrypted-media; gyroscope; picture-in-picture\" allowfullscreen><\/iframe><\/p>\n<h2>H\u00ecnh \u1ea3nh t\u00fai d\u00e2y r\u00fat<\/h2>\n<figure id=\"attachment_4363\" aria-describedby=\"caption-attachment-4363\" style=\"width: 960px\" class=\"wp-caption aligncenter\"><img loading=\"lazy\" decoding=\"async\" class=\"wp-image-4363 size-full\" src=\"https:\/\/quatang5sao.com\/wp-content\/uploads\/2019\/12\/TuiDayRut-003_compressed-3.jpg\" alt=\"May t\u00fai d\u00e2y r\u00fat theo y\u00eau c\u1ea7u gi\u00e1 r\u1ebb\" width=\"960\" height=\"1701\" title=\"\" srcset=\"https:\/\/quatang5sao.com\/wp-content\/uploads\/2019\/12\/TuiDayRut-003_compressed-3.jpg 960w, https:\/\/quatang5sao.com\/wp-content\/uploads\/2019\/12\/TuiDayRut-003_compressed-3-510x904.jpg 510w, https:\/\/quatang5sao.com\/wp-content\/uploads\/2019\/12\/TuiDayRut-003_compressed-3-226x400.jpg 226w, https:\/\/quatang5sao.com\/wp-content\/uploads\/2019\/12\/TuiDayRut-003_compressed-3-451x800.jpg 451w, https:\/\/quatang5sao.com\/wp-content\/uploads\/2019\/12\/TuiDayRut-003_compressed-3-768x1361.jpg 768w, https:\/\/quatang5sao.com\/wp-content\/uploads\/2019\/12\/TuiDayRut-003_compressed-3-867x1536.jpg 867w\" sizes=\"auto, (max-width: 960px) 100vw, 960px\" \/><figcaption id=\"caption-attachment-4363\" class=\"wp-caption-text\">May t\u00fai d\u00e2y r\u00fat theo y\u00eau c\u1ea7u gi\u00e1 r\u1ebb<\/figcaption><\/figure>\n<figure id=\"attachment_4362\" aria-describedby=\"caption-attachment-4362\" style=\"width: 939px\" class=\"wp-caption aligncenter\"><img loading=\"lazy\" decoding=\"async\" class=\"wp-image-4362 size-full\" src=\"https:\/\/quatang5sao.com\/wp-content\/uploads\/2019\/12\/TuiDayRut-002_compressed-3-scaled.jpg\" alt=\"In t\u00fai d\u00e2y r\u00fat theo y\u00eau c\u1ea7u gi\u00e1 r\u1ebb\" width=\"939\" height=\"2560\" title=\"\" srcset=\"https:\/\/quatang5sao.com\/wp-content\/uploads\/2019\/12\/TuiDayRut-002_compressed-3-scaled.jpg 939w, https:\/\/quatang5sao.com\/wp-content\/uploads\/2019\/12\/TuiDayRut-002_compressed-3-scaled-510x1390.jpg 510w, https:\/\/quatang5sao.com\/wp-content\/uploads\/2019\/12\/TuiDayRut-002_compressed-3-147x400.jpg 147w, https:\/\/quatang5sao.com\/wp-content\/uploads\/2019\/12\/TuiDayRut-002_compressed-3-293x800.jpg 293w, https:\/\/quatang5sao.com\/wp-content\/uploads\/2019\/12\/TuiDayRut-002_compressed-3-768x2094.jpg 768w, https:\/\/quatang5sao.com\/wp-content\/uploads\/2019\/12\/TuiDayRut-002_compressed-3-563x1536.jpg 563w, https:\/\/quatang5sao.com\/wp-content\/uploads\/2019\/12\/TuiDayRut-002_compressed-3-751x2048.jpg 751w\" sizes=\"auto, (max-width: 939px) 100vw, 939px\" \/><figcaption id=\"caption-attachment-4362\" class=\"wp-caption-text\">In t\u00fai d\u00e2y r\u00fat theo y\u00eau c\u1ea7u gi\u00e1 r\u1ebb<\/figcaption><\/figure>\n<figure id=\"attachment_4361\" aria-describedby=\"caption-attachment-4361\" style=\"width: 960px\" class=\"wp-caption aligncenter\"><img loading=\"lazy\" decoding=\"async\" class=\"wp-image-4361 size-full\" src=\"https:\/\/quatang5sao.com\/wp-content\/uploads\/2019\/12\/TuiDayRut-001_compressed-3.jpg\" alt=\"C\u00e1c m\u00e0u v\u1ea3i s\u1eed d\u1ee5ng \u0111\u1ec3 may t\u00fai d\u00e2y r\u00fat\" width=\"960\" height=\"1187\" title=\"\" srcset=\"https:\/\/quatang5sao.com\/wp-content\/uploads\/2019\/12\/TuiDayRut-001_compressed-3.jpg 960w, https:\/\/quatang5sao.com\/wp-content\/uploads\/2019\/12\/TuiDayRut-001_compressed-3-510x631.jpg 510w, https:\/\/quatang5sao.com\/wp-content\/uploads\/2019\/12\/TuiDayRut-001_compressed-3-324x400.jpg 324w, https:\/\/quatang5sao.com\/wp-content\/uploads\/2019\/12\/TuiDayRut-001_compressed-3-647x800.jpg 647w, https:\/\/quatang5sao.com\/wp-content\/uploads\/2019\/12\/TuiDayRut-001_compressed-3-768x950.jpg 768w\" sizes=\"auto, (max-width: 960px) 100vw, 960px\" \/><figcaption id=\"caption-attachment-4361\" class=\"wp-caption-text\">C\u00e1c m\u00e0u v\u1ea3i s\u1eed d\u1ee5ng \u0111\u1ec3 may t\u00fai d\u00e2y r\u00fat<\/figcaption><\/figure>\n<figure id=\"attachment_4360\" aria-describedby=\"caption-attachment-4360\" style=\"width: 960px\" class=\"wp-caption aligncenter\"><img loading=\"lazy\" decoding=\"async\" class=\"wp-image-4360 size-full\" src=\"https:\/\/quatang5sao.com\/wp-content\/uploads\/2019\/12\/TuiDayRut-005_compressed-3.jpg\" alt=\"T\u00fai v\u1ea3i d\u00e2y r\u00fat gi\u00e1 r\u1ebb\" width=\"960\" height=\"1633\" title=\"\" srcset=\"https:\/\/quatang5sao.com\/wp-content\/uploads\/2019\/12\/TuiDayRut-005_compressed-3.jpg 960w, https:\/\/quatang5sao.com\/wp-content\/uploads\/2019\/12\/TuiDayRut-005_compressed-3-510x868.jpg 510w, https:\/\/quatang5sao.com\/wp-content\/uploads\/2019\/12\/TuiDayRut-005_compressed-3-235x400.jpg 235w, https:\/\/quatang5sao.com\/wp-content\/uploads\/2019\/12\/TuiDayRut-005_compressed-3-470x800.jpg 470w, https:\/\/quatang5sao.com\/wp-content\/uploads\/2019\/12\/TuiDayRut-005_compressed-3-768x1306.jpg 768w, https:\/\/quatang5sao.com\/wp-content\/uploads\/2019\/12\/TuiDayRut-005_compressed-3-903x1536.jpg 903w\" sizes=\"auto, (max-width: 960px) 100vw, 960px\" \/><figcaption id=\"caption-attachment-4360\" class=\"wp-caption-text\">T\u00fai v\u1ea3i d\u00e2y r\u00fat gi\u00e1 r\u1ebb<\/figcaption><\/figure>\n<figure id=\"attachment_4359\" aria-describedby=\"caption-attachment-4359\" style=\"width: 960px\" class=\"wp-caption aligncenter\"><img loading=\"lazy\" decoding=\"async\" class=\"wp-image-4359 size-full\" src=\"https:\/\/quatang5sao.com\/wp-content\/uploads\/2019\/12\/TuiDayRut-004_compressed-3.jpg\" alt=\"T\u00fai v\u1ea3i gi\u00e1 r\u1ebb\" width=\"960\" height=\"1789\" title=\"\" srcset=\"https:\/\/quatang5sao.com\/wp-content\/uploads\/2019\/12\/TuiDayRut-004_compressed-3.jpg 960w, https:\/\/quatang5sao.com\/wp-content\/uploads\/2019\/12\/TuiDayRut-004_compressed-3-510x950.jpg 510w, https:\/\/quatang5sao.com\/wp-content\/uploads\/2019\/12\/TuiDayRut-004_compressed-3-215x400.jpg 215w, https:\/\/quatang5sao.com\/wp-content\/uploads\/2019\/12\/TuiDayRut-004_compressed-3-429x800.jpg 429w, https:\/\/quatang5sao.com\/wp-content\/uploads\/2019\/12\/TuiDayRut-004_compressed-3-768x1431.jpg 768w, https:\/\/quatang5sao.com\/wp-content\/uploads\/2019\/12\/TuiDayRut-004_compressed-3-824x1536.jpg 824w\" sizes=\"auto, (max-width: 960px) 100vw, 960px\" \/><figcaption id=\"caption-attachment-4359\" class=\"wp-caption-text\">T\u00fai v\u1ea3i gi\u00e1 r\u1ebb<\/figcaption><\/figure>\n<h2>\u0110\u1ecba ch\u1ec9 \u0111\u1eb7t in v\u00e0 may t\u00fai d\u00e2y r\u00fat<\/h2>\n<p>Qu\u00fd kh\u00e1ch h\u00e0ng c\u00f3 nhu c\u1ea7u \u0111\u1eb7t h\u00e0ng vui l\u00f2ng li\u00ean h\u1ec7:<br \/>\nHotline &amp; Zalo:<\/p>\n<p>Ha Noi: 0917.322.230<br \/>\nS\u1ed1 1 \u2013 L\u0129nh Nam \u2013 Ho\u00e0ng Mai \u2013 H\u00e0 N\u1ed9i<\/p>\n<p>H\u1ed3 Ch\u00ed Minh: 0988.902.220<br \/>\nS\u1ed1 214 \u2013 V\u00f5 V\u0103n Ng\u00e2n \u2013 B\u00ecnh Th\u1ecd \u2013 Th\u1ee7 \u0110\u1ee9c \u2013 H\u1ed3 Ch\u00ed Minh<\/p>\n<p>Website: https:\/\/quatang5sao.com\/<br \/>\n#tuivai #tuicanvas #tuitote #xuongmaytuicanvas #tuidayrut<\/p>","protected":false},"excerpt":{"rendered":"<ul>\n<li>May v\u00e0 in gia c\u00f4ng theo y\u00eau c\u1ea7u<\/li>\n<li>Gi\u00e1 r\u1ebb<\/li>\n<li>Kh\u00f4ng gi\u1edbi h\u1ea1n s\u1ed1 l\u01b0\u1ee3ng<\/li>\n<li>Free shipping<\/li>\n<li>S\u1ea3n xu\u1ea5t nhanh<\/li>\n<li>S\u1ea3n ph\u1ea9m ch\u1ea5t l\u01b0\u1ee3ng cao<\/li>\n<\/ul>","protected":false},"featured_media":4358,"comment_status":"open","ping_status":"closed","template":"","meta":[],"product_brand":[],"product_cat":[639],"product_tag":[649,648,647,646],"class_list":{"0":"post-4357","1":"product","2":"type-product","3":"status-publish","4":"has-post-thumbnail","6":"product_cat-tui-day-rut","7":"product_tag-in-tui-day-rut","8":"product_tag-san-xuat-tui-day-rut","9":"product_tag-tui-day-rut-gia-re","10":"product_tag-xuong-may-tui-day-rut","12":"first","13":"instock","14":"shipping-taxable","15":"product-type-simple"},"amp_enabled":true,"_links":{"self":[{"href":"https:\/\/quatang5sao.com\/en\/wp-json\/wp\/v2\/product\/4357","targetHints":{"allow":["GET"]}}],"collection":[{"href":"https:\/\/quatang5sao.com\/en\/wp-json\/wp\/v2\/product"}],"about":[{"href":"https:\/\/quatang5sao.com\/en\/wp-json\/wp\/v2\/types\/product"}],"replies":[{"embeddable":true,"href":"https:\/\/quatang5sao.com\/en\/wp-json\/wp\/v2\/comments?post=4357"}],"wp:featuredmedia":[{"embeddable":true,"href":"https:\/\/quatang5sao.com\/en\/wp-json\/wp\/v2\/media\/4358"}],"wp:attachment":[{"href":"https:\/\/quatang5sao.com\/en\/wp-json\/wp\/v2\/media?parent=4357"}],"wp:term":[{"taxonomy":"product_brand","embeddable":true,"href":"https:\/\/quatang5sao.com\/en\/wp-json\/wp\/v2\/product_brand?post=4357"},{"taxonomy":"product_cat","embeddable":true,"href":"https:\/\/quatang5sao.com\/en\/wp-json\/wp\/v2\/product_cat?post=4357"},{"taxonomy":"product_tag","embeddable":true,"href":"https:\/\/quatang5sao.com\/en\/wp-json\/wp\/v2\/product_tag?post=4357"}],"curies":[{"name":"wp","href":"https:\/\/api.w.org\/{rel}","templated":true}]}}