{"id":4346,"date":"2019-12-12T11:30:13","date_gmt":"2019-12-12T04:30:13","guid":{"rendered":"https:\/\/quatang5sao.com\/?post_type=product&#038;p=4346"},"modified":"2019-12-12T11:30:14","modified_gmt":"2019-12-12T04:30:14","slug":"tui-day-rut-gia-re-in-tui-day-rut-theo-yeu-cau-mau-06","status":"publish","type":"product","link":"https:\/\/quatang5sao.com\/en\/tui-day-rut-gia-re-in-tui-day-rut-theo-yeu-cau-mau-06\/","title":{"rendered":"T\u00fai d\u00e2y r\u00fat gi\u00e1 r\u1ebb &#8211; In t\u00fai d\u00e2y r\u00fat theo y\u00eau c\u1ea7u &#8211; M\u1eabu 06"},"content":{"rendered":"<h2>T\u00fai d\u00e2y r\u00fat \u0111\u1ef1ng h\u1ea1t cafe, ng\u0169 c\u1ed1c<\/h2>\n<p>Qu\u00fd kh\u00e1ch \u0111ang c\u00f3 nhu c\u1ea7u mua <a href=\"https:\/\/tuicanvas.net\" target=\"_blank\" rel=\"noopener\"><strong>t\u00fai v\u1ea3i<\/strong><\/a> \u0111\u1ef1ng cafe hay c\u00e1c lo\u1ea1i h\u1ea1t ng\u0169 c\u1ed1c s\u1ed1 l\u01b0\u1ee3ng l\u1edbn? Hay c\u1ea7n in th\u00f4ng tin c\u1ee7a m\u00ecnh l\u00ean c\u00e1c lo\u1ea1i <strong>t\u00fai v\u1ea3i<\/strong> \u0111\u1ec3 mang th\u01b0\u01a1ng hi\u1ec7u c\u1ee7a m\u00ecnh \u0111\u1ebfn v\u1edbi kh\u00e1ch h\u00e0ng? Ho\u1eb7c c\u1ea7n t\u00ecm \u0111\u01a1n v\u1ecb in may c\u00e1c lo\u1ea1i <a href=\"https:\/\/quatang5sao.com\/en\/danh-muc\/tui-vai\/tui-day-rut\/\"><strong>t\u00fai d\u00e2y r\u00fat<\/strong><\/a> v\u1edbi gi\u00e1 r\u1ebb v\u00e0 ch\u1ea5t l\u01b0\u1ee3ng?<\/p>\n<p>Ch\u00fang t\u00f4i v\u1edbi x\u01b0\u1edfng s\u1ea3n xu\u1ea5t t\u1eadp trung, d\u00e2y chuy\u1ec1n in \u1ea5n hi\u1ec7n \u0111\u1ea1i, ch\u1eafc ch\u1eafn s\u1ebd \u0111\u1ea3m b\u1ea3o \u0111\u01b0\u1ee3c m\u1ecdi y\u00eau c\u1ea7u c\u1ee7a qu\u00fd kh\u00e1ch. T\u1eeb ch\u1ea5t li\u1ec7u may t\u00fai, m\u00e0u s\u1eafc in \u1ea5n, thi\u1ebft k\u1ebf, th\u1eddi gian s\u1ea3n xu\u1ea5t&#8230;<\/p>\n<p>Ch\u1ea5t li\u1ec7u: <a href=\"https:\/\/quatang5sao.com\/en\/danh-muc\/tui-vai\/tui-canvas\/\">v\u1ea3i canvas<\/a>, v\u1ea3i b\u1ed1, n\u1ec9, nhung &#8230;<\/p>\n<p>M\u00e0u s\u1eafc t\u00fai: r\u1ea5t \u0111a d\u1ea1ng \u0111\u1ec3 kh\u00e1ch h\u00e0ng l\u1ef1a ch\u1ecdn.<\/p>\n<p>M\u00e0u s\u1eafc c\u1ea7n in: pha m\u00e0u, ph\u1ed1i m\u00e0u theo thi\u1ebft k\u1ebf, y\u00eau c\u1ea7u c\u1ee7a kh\u00e1ch h\u00e0ng.<\/p>\n<p>Thi\u1ebft k\u1ebf: l\u00ean maket ho\u00e0n to\u00e0n mi\u1ec5n ph\u00ed, nhanh ch\u00f3ng&#8230;<\/p>\n<p>Ch\u00fang t\u00f4i lu\u00f4n t\u1ef1 tin v\u1ec1 n\u0103ng l\u1ef1c s\u1ea3n xu\u1ea5t v\u00e0 s\u1ea3n ph\u1ea9m c\u1ee7a m\u00ecnh c\u00f3 th\u1ec3 \u0111\u00e1p \u1ee9ng m\u1ecdi y\u00eau c\u1ea7u c\u1ee7a kh\u00e1ch h\u00e0ng.<\/p>\n<p>R\u1ea5t mong \u0111\u01b0\u1ee3c h\u1ee3p t\u00e1c v\u1edbi qu\u00fd kh\u00e1ch.<\/p>\n<h2>Video <a href=\"https:\/\/tuicanvas.net\" target=\"_blank\" rel=\"noopener\">x\u01b0\u1edfng may t\u00fai v\u1ea3i<\/a><\/h2>\n<p><iframe loading=\"lazy\" title=\"X\u01b0\u1edfng in t\u00fai canvas - S\u1ea3n xu\u1ea5t t\u00fai v\u1ea3i c\u00e1c lo\u1ea1i theo y\u00eau c\u1ea7u\" width=\"1020\" height=\"574\" src=\"https:\/\/www.youtube.com\/embed\/y54Truc4J-A?feature=oembed\" frameborder=\"0\" allow=\"accelerometer; autoplay; encrypted-media; gyroscope; picture-in-picture\" allowfullscreen><\/iframe><\/p>\n<h2>H\u00ecnh \u1ea3nh s\u1ea3n ph\u1ea9m<\/h2>\n<figure id=\"attachment_4352\" aria-describedby=\"caption-attachment-4352\" style=\"width: 960px\" class=\"wp-caption aligncenter\"><img loading=\"lazy\" decoding=\"async\" class=\"wp-image-4352 size-full\" src=\"https:\/\/quatang5sao.com\/wp-content\/uploads\/2019\/12\/TuiDayRut-001_compressed-2.jpg\" alt=\"In t\u00fai v\u1ea3i theo y\u00eau c\u1ea7u\" width=\"960\" height=\"481\" title=\"\" srcset=\"https:\/\/quatang5sao.com\/wp-content\/uploads\/2019\/12\/TuiDayRut-001_compressed-2.jpg 960w, https:\/\/quatang5sao.com\/wp-content\/uploads\/2019\/12\/TuiDayRut-001_compressed-2-510x256.jpg 510w, https:\/\/quatang5sao.com\/wp-content\/uploads\/2019\/12\/TuiDayRut-001_compressed-2-798x400.jpg 798w, https:\/\/quatang5sao.com\/wp-content\/uploads\/2019\/12\/TuiDayRut-001_compressed-2-768x385.jpg 768w\" sizes=\"auto, (max-width: 960px) 100vw, 960px\" \/><figcaption id=\"caption-attachment-4352\" class=\"wp-caption-text\">In t\u00fai v\u1ea3i theo y\u00eau c\u1ea7u<\/figcaption><\/figure>\n<figure id=\"attachment_4353\" aria-describedby=\"caption-attachment-4353\" style=\"width: 960px\" class=\"wp-caption aligncenter\"><img loading=\"lazy\" decoding=\"async\" class=\"wp-image-4353 size-full\" src=\"https:\/\/quatang5sao.com\/wp-content\/uploads\/2019\/12\/TuiDayRut-002_compressed-2.jpg\" alt=\"C\u00e1c m\u1eabu t\u00fai v\u1ea3i c\u1ee7a kh\u00e1ch h\u00e0ng\" width=\"960\" height=\"782\" title=\"\" srcset=\"https:\/\/quatang5sao.com\/wp-content\/uploads\/2019\/12\/TuiDayRut-002_compressed-2.jpg 960w, https:\/\/quatang5sao.com\/wp-content\/uploads\/2019\/12\/TuiDayRut-002_compressed-2-510x415.jpg 510w, https:\/\/quatang5sao.com\/wp-content\/uploads\/2019\/12\/TuiDayRut-002_compressed-2-491x400.jpg 491w, https:\/\/quatang5sao.com\/wp-content\/uploads\/2019\/12\/TuiDayRut-002_compressed-2-768x626.jpg 768w\" sizes=\"auto, (max-width: 960px) 100vw, 960px\" \/><figcaption id=\"caption-attachment-4353\" class=\"wp-caption-text\">C\u00e1c m\u1eabu t\u00fai v\u1ea3i c\u1ee7a kh\u00e1ch h\u00e0ng<\/figcaption><\/figure>\n<figure id=\"attachment_4354\" aria-describedby=\"caption-attachment-4354\" style=\"width: 960px\" class=\"wp-caption aligncenter\"><img loading=\"lazy\" decoding=\"async\" class=\"wp-image-4354 size-full\" src=\"https:\/\/quatang5sao.com\/wp-content\/uploads\/2019\/12\/TuiDayRut-004_compressed-2.jpg\" alt=\"T\u00fai v\u1ea3i \u0111\u1ef1ng ng\u0169 c\u1ed1c, h\u1ea1t cafe\" width=\"960\" height=\"1129\" title=\"\" srcset=\"https:\/\/quatang5sao.com\/wp-content\/uploads\/2019\/12\/TuiDayRut-004_compressed-2.jpg 960w, https:\/\/quatang5sao.com\/wp-content\/uploads\/2019\/12\/TuiDayRut-004_compressed-2-510x600.jpg 510w, https:\/\/quatang5sao.com\/wp-content\/uploads\/2019\/12\/TuiDayRut-004_compressed-2-340x400.jpg 340w, https:\/\/quatang5sao.com\/wp-content\/uploads\/2019\/12\/TuiDayRut-004_compressed-2-680x800.jpg 680w, https:\/\/quatang5sao.com\/wp-content\/uploads\/2019\/12\/TuiDayRut-004_compressed-2-768x903.jpg 768w\" sizes=\"auto, (max-width: 960px) 100vw, 960px\" \/><figcaption id=\"caption-attachment-4354\" class=\"wp-caption-text\">T\u00fai v\u1ea3i \u0111\u1ef1ng ng\u0169 c\u1ed1c, h\u1ea1t cafe<\/figcaption><\/figure>\n<figure id=\"attachment_4355\" aria-describedby=\"caption-attachment-4355\" style=\"width: 960px\" class=\"wp-caption aligncenter\"><img loading=\"lazy\" decoding=\"async\" class=\"wp-image-4355 size-full\" src=\"https:\/\/quatang5sao.com\/wp-content\/uploads\/2019\/12\/TuiDayRut-005_compressed-2.jpg\" alt=\"C\u00e1c m\u00e0u v\u1ea3i \u0111\u1ec3 may t\u00fai\" width=\"960\" height=\"1304\" title=\"\" srcset=\"https:\/\/quatang5sao.com\/wp-content\/uploads\/2019\/12\/TuiDayRut-005_compressed-2.jpg 960w, https:\/\/quatang5sao.com\/wp-content\/uploads\/2019\/12\/TuiDayRut-005_compressed-2-510x693.jpg 510w, https:\/\/quatang5sao.com\/wp-content\/uploads\/2019\/12\/TuiDayRut-005_compressed-2-294x400.jpg 294w, https:\/\/quatang5sao.com\/wp-content\/uploads\/2019\/12\/TuiDayRut-005_compressed-2-589x800.jpg 589w, https:\/\/quatang5sao.com\/wp-content\/uploads\/2019\/12\/TuiDayRut-005_compressed-2-768x1043.jpg 768w\" sizes=\"auto, (max-width: 960px) 100vw, 960px\" \/><figcaption id=\"caption-attachment-4355\" class=\"wp-caption-text\">C\u00e1c m\u00e0u v\u1ea3i \u0111\u1ec3 may t\u00fai<\/figcaption><\/figure>\n<figure id=\"attachment_4356\" aria-describedby=\"caption-attachment-4356\" style=\"width: 960px\" class=\"wp-caption aligncenter\"><img loading=\"lazy\" decoding=\"async\" class=\"wp-image-4356 size-full\" src=\"https:\/\/quatang5sao.com\/wp-content\/uploads\/2019\/12\/TuiDayRut-006_compressed-2.jpg\" alt=\"D\u00e2y r\u00fat b\u1eb1ng d\u00e2y d\u00f9\" width=\"960\" height=\"960\" title=\"\" srcset=\"https:\/\/quatang5sao.com\/wp-content\/uploads\/2019\/12\/TuiDayRut-006_compressed-2.jpg 960w, https:\/\/quatang5sao.com\/wp-content\/uploads\/2019\/12\/TuiDayRut-006_compressed-2-247x247.jpg 247w, https:\/\/quatang5sao.com\/wp-content\/uploads\/2019\/12\/TuiDayRut-006_compressed-2-100x100.jpg 100w, https:\/\/quatang5sao.com\/wp-content\/uploads\/2019\/12\/TuiDayRut-006_compressed-2-510x510.jpg 510w, https:\/\/quatang5sao.com\/wp-content\/uploads\/2019\/12\/TuiDayRut-006_compressed-2-400x400.jpg 400w, https:\/\/quatang5sao.com\/wp-content\/uploads\/2019\/12\/TuiDayRut-006_compressed-2-800x800.jpg 800w, https:\/\/quatang5sao.com\/wp-content\/uploads\/2019\/12\/TuiDayRut-006_compressed-2-280x280.jpg 280w, https:\/\/quatang5sao.com\/wp-content\/uploads\/2019\/12\/TuiDayRut-006_compressed-2-768x768.jpg 768w\" sizes=\"auto, (max-width: 960px) 100vw, 960px\" \/><figcaption id=\"caption-attachment-4356\" class=\"wp-caption-text\">D\u00e2y r\u00fat b\u1eb1ng d\u00e2y d\u00f9<\/figcaption><\/figure>\n<figure id=\"attachment_4351\" aria-describedby=\"caption-attachment-4351\" style=\"width: 960px\" class=\"wp-caption aligncenter\"><img loading=\"lazy\" decoding=\"async\" class=\"wp-image-4351 size-full\" src=\"https:\/\/quatang5sao.com\/wp-content\/uploads\/2019\/12\/TuiDayRut-003_compressed-2.jpg\" alt=\"T\u00fai d\u00e2y r\u00fat \u0111\u1ef1ng cafe, ng\u0169 c\u1ed1c\" width=\"960\" height=\"960\" title=\"\" srcset=\"https:\/\/quatang5sao.com\/wp-content\/uploads\/2019\/12\/TuiDayRut-003_compressed-2.jpg 960w, https:\/\/quatang5sao.com\/wp-content\/uploads\/2019\/12\/TuiDayRut-003_compressed-2-247x247.jpg 247w, https:\/\/quatang5sao.com\/wp-content\/uploads\/2019\/12\/TuiDayRut-003_compressed-2-100x100.jpg 100w, https:\/\/quatang5sao.com\/wp-content\/uploads\/2019\/12\/TuiDayRut-003_compressed-2-510x510.jpg 510w, https:\/\/quatang5sao.com\/wp-content\/uploads\/2019\/12\/TuiDayRut-003_compressed-2-400x400.jpg 400w, https:\/\/quatang5sao.com\/wp-content\/uploads\/2019\/12\/TuiDayRut-003_compressed-2-800x800.jpg 800w, https:\/\/quatang5sao.com\/wp-content\/uploads\/2019\/12\/TuiDayRut-003_compressed-2-280x280.jpg 280w, https:\/\/quatang5sao.com\/wp-content\/uploads\/2019\/12\/TuiDayRut-003_compressed-2-768x768.jpg 768w\" sizes=\"auto, (max-width: 960px) 100vw, 960px\" \/><figcaption id=\"caption-attachment-4351\" class=\"wp-caption-text\">T\u00fai d\u00e2y r\u00fat \u0111\u1ef1ng cafe, ng\u0169 c\u1ed1c<\/figcaption><\/figure>\n<h2>Li\u00ean h\u1ec7 \u0111\u1eb7t in t\u00fai v\u1ea3i<\/h2>\n<p><span style=\"font-size: 120%;\">Qu\u00fd kh\u00e1ch h\u00e0ng c\u00f3 nhu c\u1ea7u \u0111\u1eb7t h\u00e0ng vui l\u00f2ng li\u00ean h\u1ec7:<\/span><br \/>\n<span style=\"font-size: 120%;\">Hotline &amp; Zalo:<\/span><\/p>\n<p><span style=\"color: #800000;\"><strong><span style=\"font-size: 120%;\">Ha Noi: 0917.322.230<\/span><\/strong><\/span><br \/>\n<span style=\"color: #800000;\"><strong><span style=\"font-size: 120%;\">S\u1ed1 1 \u2013 L\u0129nh Nam \u2013 Ho\u00e0ng Mai \u2013 H\u00e0 N\u1ed9i<\/span><\/strong><\/span><\/p>\n<p><strong><span style=\"font-size: 120%; color: #008000;\">H\u1ed3 Ch\u00ed Minh: 0988.902.220<\/span><\/strong><br \/>\n<strong><span style=\"font-size: 120%; color: #008000;\">S\u1ed1 214 \u2013 V\u00f5 V\u0103n Ng\u00e2n \u2013 B\u00ecnh Th\u1ecd \u2013 Th\u1ee7 \u0110\u1ee9c \u2013 H\u1ed3 Ch\u00ed Minh<\/span><\/strong><\/p>\n<p><span style=\"font-size: 120%;\">Website: https:\/\/quatang5sao.com\/<\/span><br \/>\n<span style=\"font-size: 120%;\">#tuivai #tuicanvas #tuitote #xuongmaytuicanvas #tuidayrut<\/span><\/p>","protected":false},"excerpt":{"rendered":"<ul>\n<li>T\u00fai d\u00e2y r\u00fat \u0111\u1ef1ng h\u1ea1t ng\u0169 c\u1ed1c, h\u1ea1t cafe<\/li>\n<li>S\u1ea3n xu\u1ea5t s\u1ed1 l\u01b0\u1ee3ng l\u1edbn gi\u00e1 r\u1ebb<\/li>\n<li>In \u1ea5n th\u00f4ng tin l\u00ean t\u00fai theo y\u00eau c\u1ea7u<\/li>\n<li>May k\u00edch th\u01b0\u1edbc\u00a0 t\u00fai theo y\u00eau c\u1ea7u<\/li>\n<li>Free shipping<\/li>\n<\/ul>","protected":false},"featured_media":4351,"comment_status":"open","ping_status":"closed","template":"","meta":[],"product_brand":[],"product_cat":[639],"product_tag":[649,648,647,646],"class_list":{"0":"post-4346","1":"product","2":"type-product","3":"status-publish","4":"has-post-thumbnail","6":"product_cat-tui-day-rut","7":"product_tag-in-tui-day-rut","8":"product_tag-san-xuat-tui-day-rut","9":"product_tag-tui-day-rut-gia-re","10":"product_tag-xuong-may-tui-day-rut","12":"first","13":"instock","14":"shipping-taxable","15":"product-type-simple"},"amp_enabled":true,"_links":{"self":[{"href":"https:\/\/quatang5sao.com\/en\/wp-json\/wp\/v2\/product\/4346","targetHints":{"allow":["GET"]}}],"collection":[{"href":"https:\/\/quatang5sao.com\/en\/wp-json\/wp\/v2\/product"}],"about":[{"href":"https:\/\/quatang5sao.com\/en\/wp-json\/wp\/v2\/types\/product"}],"replies":[{"embeddable":true,"href":"https:\/\/quatang5sao.com\/en\/wp-json\/wp\/v2\/comments?post=4346"}],"wp:featuredmedia":[{"embeddable":true,"href":"https:\/\/quatang5sao.com\/en\/wp-json\/wp\/v2\/media\/4351"}],"wp:attachment":[{"href":"https:\/\/quatang5sao.com\/en\/wp-json\/wp\/v2\/media?parent=4346"}],"wp:term":[{"taxonomy":"product_brand","embeddable":true,"href":"https:\/\/quatang5sao.com\/en\/wp-json\/wp\/v2\/product_brand?post=4346"},{"taxonomy":"product_cat","embeddable":true,"href":"https:\/\/quatang5sao.com\/en\/wp-json\/wp\/v2\/product_cat?post=4346"},{"taxonomy":"product_tag","embeddable":true,"href":"https:\/\/quatang5sao.com\/en\/wp-json\/wp\/v2\/product_tag?post=4346"}],"curies":[{"name":"wp","href":"https:\/\/api.w.org\/{rel}","templated":true}]}}