{"id":4246,"date":"2019-12-05T16:15:54","date_gmt":"2019-12-05T09:15:54","guid":{"rendered":"https:\/\/quatang5sao.com\/?post_type=product&#038;p=4246"},"modified":"2019-12-05T16:32:01","modified_gmt":"2019-12-05T09:32:01","slug":"tui-day-rut-xuong-may-tui-day-rut-gia-re-mau-07","status":"publish","type":"product","link":"https:\/\/quatang5sao.com\/en\/tui-day-rut-xuong-may-tui-day-rut-gia-re-mau-07\/","title":{"rendered":"T\u00fai d\u00e2y r\u00fat &#8211; X\u01b0\u1edfng may t\u00fai d\u00e2y r\u00fat &#8211; Gi\u00e1 r\u1ebb &#8211; M\u1eabu 07"},"content":{"rendered":"<h2>Drawstring bag<\/h2>\n<p>B\u1ea1n \u0111ang c\u1ea7n t\u00ecm \u0111\u1ecba ch\u1ec9 \u0111\u1eb7t h\u00e0ng <strong>t\u00fai r\u00fat<\/strong>? B\u1ea1n th\u1eafc m\u1eafc t\u00ecm m\u1eabu t\u00fai r\u00fat \u1edf \u0111\u00e2u? Hay b\u1ea1n \u0111ang th\u1eafc m\u1eafc <a href=\"https:\/\/tuicanvas.net\" target=\"_blank\" rel=\"noopener\"><strong>in t\u00fai v\u1ea3i<\/strong><\/a> \u1edf \u0111\u00e2u ch\u1ea5t l\u01b0\u1ee3ng?<\/p>\n<p>Ch\u00fang t\u00f4i ch\u00ednh l\u00e0 \u0111\u1ecba ch\u1ec9 b\u1ea1n c\u1ea7n. V\u1edbi <a href=\"https:\/\/medium.com\/@MinhTm63091092\/x%C6%B0%E1%BB%9Fng-may-t%C3%BAi-v%E1%BA%A3i-canvas-gi%C3%A1-r%E1%BA%BB-%E1%BB%9F-%C4%91%C3%A2u-1409a34bf378?sk=d40117f7f557a45c5ab642d784891b75\" target=\"_blank\" rel=\"noopener\"><strong>x\u01b0\u1edfng may t\u00fai v\u1ea3i<\/strong><\/a> \u0111\u00e1p \u1ee9ng \u0111\u01b0\u1ee3c m\u1ecdi s\u1ed1 l\u01b0\u1ee3ng \u0111\u01a1n h\u00e0ng, v\u0103n ph\u00f2ng \u1edf c\u1ea3 H\u00e0 N\u1ed9i v\u00e0 TP H\u1ed3 Ch\u00ed Minh, ch\u00fang t\u00f4i t\u1ef1 tin ph\u1ee5c v\u1ee5 h\u1ebft m\u1ecdi y\u00eau c\u1ea7u c\u1ee7a kh\u00e1ch h\u00e0ng. \u0110\u1ebfn v\u1edbi ch\u00fang t\u00f4i, b\u1ea1n \u0111\u01b0\u1ee3c t\u01b0 v\u1ea5n \u0111\u1ea7y \u0111\u1ee7 t\u1eeb m\u1eabu v\u1ea3i, m\u1eabu t\u00fai, mi\u1ec5n ph\u00ed thi\u1ebft k\u1ebf, l\u00ean maket, b\u00e1o gi\u00e1 c\u1ea1nh tranh&#8230;<\/p>\n<p>R\u1ea5t mong \u0111\u01b0\u1ee3c h\u1ee3p t\u00e1c c\u00f9ng qu\u00fd kh\u00e1ch h\u00e0ng:<\/p>\n<h2>X\u01b0\u1edfng may t\u00fai r\u00fat<\/h2>\n<p><iframe loading=\"lazy\" title=\"X\u01b0\u1edfng in t\u00fai canvas - S\u1ea3n xu\u1ea5t t\u00fai v\u1ea3i c\u00e1c lo\u1ea1i theo y\u00eau c\u1ea7u\" width=\"1020\" height=\"574\" src=\"https:\/\/www.youtube.com\/embed\/y54Truc4J-A?feature=oembed\" frameborder=\"0\" allow=\"accelerometer; autoplay; encrypted-media; gyroscope; picture-in-picture\" allowfullscreen><\/iframe><\/p>\n<h2>H\u00ecnh \u1ea3nh s\u1ea3n ph\u1ea9m<\/h2>\n<figure id=\"attachment_4255\" aria-describedby=\"caption-attachment-4255\" style=\"width: 960px\" class=\"wp-caption aligncenter\"><img loading=\"lazy\" decoding=\"async\" class=\"wp-image-4255 size-full\" src=\"https:\/\/quatang5sao.com\/wp-content\/uploads\/2019\/12\/TuiDayRut-001_compressed-1.jpg\" alt=\"X\u01b0\u1edfng s\u1ea3n xu\u1ea5t t\u00fai r\u00fat b\u1eb1ng v\u1ea3i b\u1eb1ng d\u00e2y d\u00f9 b\u1ec1n v\u00e0 ch\u1eafc\" width=\"960\" height=\"908\" title=\"\" srcset=\"https:\/\/quatang5sao.com\/wp-content\/uploads\/2019\/12\/TuiDayRut-001_compressed-1.jpg 960w, https:\/\/quatang5sao.com\/wp-content\/uploads\/2019\/12\/TuiDayRut-001_compressed-1-510x482.jpg 510w, https:\/\/quatang5sao.com\/wp-content\/uploads\/2019\/12\/TuiDayRut-001_compressed-1-423x400.jpg 423w, https:\/\/quatang5sao.com\/wp-content\/uploads\/2019\/12\/TuiDayRut-001_compressed-1-768x726.jpg 768w, https:\/\/quatang5sao.com\/wp-content\/uploads\/2019\/12\/TuiDayRut-001_compressed-1-846x800.jpg 846w\" sizes=\"auto, (max-width: 960px) 100vw, 960px\" \/><figcaption id=\"caption-attachment-4255\" class=\"wp-caption-text\">X\u01b0\u1edfng s\u1ea3n xu\u1ea5t t\u00fai r\u00fat b\u1eb1ng v\u1ea3i b\u1eb1ng d\u00e2y d\u00f9 b\u1ec1n v\u00e0 ch\u1eafc<\/figcaption><\/figure>\n<figure id=\"attachment_4254\" aria-describedby=\"caption-attachment-4254\" style=\"width: 960px\" class=\"wp-caption aligncenter\"><img loading=\"lazy\" decoding=\"async\" class=\"wp-image-4254 size-full\" src=\"https:\/\/quatang5sao.com\/wp-content\/uploads\/2019\/12\/TuiDayRut-005_compressed-1.jpg\" alt=\"D\u00e2y r\u00fat t\u00fai v\u1ea3i b\u1eb1ng d\u00e2y d\u00f9 b\u1ec1n v\u00e0 ch\u1eafc\" width=\"960\" height=\"902\" title=\"\" srcset=\"https:\/\/quatang5sao.com\/wp-content\/uploads\/2019\/12\/TuiDayRut-005_compressed-1.jpg 960w, https:\/\/quatang5sao.com\/wp-content\/uploads\/2019\/12\/TuiDayRut-005_compressed-1-510x479.jpg 510w, https:\/\/quatang5sao.com\/wp-content\/uploads\/2019\/12\/TuiDayRut-005_compressed-1-426x400.jpg 426w, https:\/\/quatang5sao.com\/wp-content\/uploads\/2019\/12\/TuiDayRut-005_compressed-1-768x722.jpg 768w, https:\/\/quatang5sao.com\/wp-content\/uploads\/2019\/12\/TuiDayRut-005_compressed-1-851x800.jpg 851w\" sizes=\"auto, (max-width: 960px) 100vw, 960px\" \/><figcaption id=\"caption-attachment-4254\" class=\"wp-caption-text\">D\u00e2y r\u00fat t\u00fai v\u1ea3i b\u1eb1ng d\u00e2y d\u00f9 b\u1ec1n v\u00e0 ch\u1eafc<\/figcaption><\/figure>\n<figure id=\"attachment_4253\" aria-describedby=\"caption-attachment-4253\" style=\"width: 960px\" class=\"wp-caption aligncenter\"><img loading=\"lazy\" decoding=\"async\" class=\"wp-image-4253 size-full\" src=\"https:\/\/quatang5sao.com\/wp-content\/uploads\/2019\/12\/TuiDayRut-004_compressed-1.jpg\" alt=\"T\u00fai v\u1ea3i b\u1ec1n v\u00e0 \u0111\u1eb9p gi\u00e1 r\u1ebb\" width=\"960\" height=\"900\" title=\"\" srcset=\"https:\/\/quatang5sao.com\/wp-content\/uploads\/2019\/12\/TuiDayRut-004_compressed-1.jpg 960w, https:\/\/quatang5sao.com\/wp-content\/uploads\/2019\/12\/TuiDayRut-004_compressed-1-510x478.jpg 510w, https:\/\/quatang5sao.com\/wp-content\/uploads\/2019\/12\/TuiDayRut-004_compressed-1-427x400.jpg 427w, https:\/\/quatang5sao.com\/wp-content\/uploads\/2019\/12\/TuiDayRut-004_compressed-1-768x720.jpg 768w, https:\/\/quatang5sao.com\/wp-content\/uploads\/2019\/12\/TuiDayRut-004_compressed-1-853x800.jpg 853w\" sizes=\"auto, (max-width: 960px) 100vw, 960px\" \/><figcaption id=\"caption-attachment-4253\" class=\"wp-caption-text\">T\u00fai v\u1ea3i b\u1ec1n v\u00e0 \u0111\u1eb9p gi\u00e1 r\u1ebb<\/figcaption><\/figure>\n<figure id=\"attachment_4252\" aria-describedby=\"caption-attachment-4252\" style=\"width: 960px\" class=\"wp-caption aligncenter\"><img loading=\"lazy\" decoding=\"async\" class=\"wp-image-4252 size-full\" src=\"https:\/\/quatang5sao.com\/wp-content\/uploads\/2019\/12\/TuiDayRut-003_compressed-1.jpg\" alt=\"Chi ti\u1ebft t\u00fai d\u00e2y r\u00fat b\u1eb1ng v\u1ea3i\" width=\"960\" height=\"899\" title=\"\" srcset=\"https:\/\/quatang5sao.com\/wp-content\/uploads\/2019\/12\/TuiDayRut-003_compressed-1.jpg 960w, https:\/\/quatang5sao.com\/wp-content\/uploads\/2019\/12\/TuiDayRut-003_compressed-1-510x478.jpg 510w, https:\/\/quatang5sao.com\/wp-content\/uploads\/2019\/12\/TuiDayRut-003_compressed-1-427x400.jpg 427w, https:\/\/quatang5sao.com\/wp-content\/uploads\/2019\/12\/TuiDayRut-003_compressed-1-768x719.jpg 768w, https:\/\/quatang5sao.com\/wp-content\/uploads\/2019\/12\/TuiDayRut-003_compressed-1-854x800.jpg 854w\" sizes=\"auto, (max-width: 960px) 100vw, 960px\" \/><figcaption id=\"caption-attachment-4252\" class=\"wp-caption-text\">Chi ti\u1ebft d\u00e2y r\u00fat b\u1eb1ng v\u1ea3i<\/figcaption><\/figure>\n<figure id=\"attachment_4251\" aria-describedby=\"caption-attachment-4251\" style=\"width: 960px\" class=\"wp-caption aligncenter\"><img loading=\"lazy\" decoding=\"async\" class=\"wp-image-4251 size-full\" src=\"https:\/\/quatang5sao.com\/wp-content\/uploads\/2019\/12\/TuiDayRut-002_compressed-1.jpg\" alt=\"May t\u00fai d\u00e2y r\u00fat s\u1ed1 l\u01b0\u1ee3ng l\u1edbn\" width=\"960\" height=\"908\" title=\"\" srcset=\"https:\/\/quatang5sao.com\/wp-content\/uploads\/2019\/12\/TuiDayRut-002_compressed-1.jpg 960w, https:\/\/quatang5sao.com\/wp-content\/uploads\/2019\/12\/TuiDayRut-002_compressed-1-510x482.jpg 510w, https:\/\/quatang5sao.com\/wp-content\/uploads\/2019\/12\/TuiDayRut-002_compressed-1-423x400.jpg 423w, https:\/\/quatang5sao.com\/wp-content\/uploads\/2019\/12\/TuiDayRut-002_compressed-1-768x726.jpg 768w, https:\/\/quatang5sao.com\/wp-content\/uploads\/2019\/12\/TuiDayRut-002_compressed-1-846x800.jpg 846w\" sizes=\"auto, (max-width: 960px) 100vw, 960px\" \/><figcaption id=\"caption-attachment-4251\" class=\"wp-caption-text\">May t\u00fai r\u00fat s\u1ed1 l\u01b0\u1ee3ng l\u1edbn<\/figcaption><\/figure>\n<figure id=\"attachment_4250\" aria-describedby=\"caption-attachment-4250\" style=\"width: 960px\" class=\"wp-caption aligncenter\"><img loading=\"lazy\" decoding=\"async\" class=\"wp-image-4250 size-full\" src=\"https:\/\/quatang5sao.com\/wp-content\/uploads\/2019\/12\/TuiDayRut-009_compressed-1.jpg\" alt=\"T\u00fai d\u00e2y r\u00fat \u0111\u1eb9p\" width=\"960\" height=\"647\" title=\"\" srcset=\"https:\/\/quatang5sao.com\/wp-content\/uploads\/2019\/12\/TuiDayRut-009_compressed-1.jpg 960w, https:\/\/quatang5sao.com\/wp-content\/uploads\/2019\/12\/TuiDayRut-009_compressed-1-510x344.jpg 510w, https:\/\/quatang5sao.com\/wp-content\/uploads\/2019\/12\/TuiDayRut-009_compressed-1-594x400.jpg 594w, https:\/\/quatang5sao.com\/wp-content\/uploads\/2019\/12\/TuiDayRut-009_compressed-1-768x518.jpg 768w, https:\/\/quatang5sao.com\/wp-content\/uploads\/2019\/12\/TuiDayRut-009_compressed-1-272x182.jpg 272w\" sizes=\"auto, (max-width: 960px) 100vw, 960px\" \/><figcaption id=\"caption-attachment-4250\" class=\"wp-caption-text\">T\u00fai d\u00e2y r\u00fat \u0111\u1eb9p<\/figcaption><\/figure>\n<figure id=\"attachment_4249\" aria-describedby=\"caption-attachment-4249\" style=\"width: 960px\" class=\"wp-caption aligncenter\"><img loading=\"lazy\" decoding=\"async\" class=\"wp-image-4249 size-full\" src=\"https:\/\/quatang5sao.com\/wp-content\/uploads\/2019\/12\/TuiDayRut-008_compressed-1.jpg\" alt=\"M\u1eabu t\u00fai v\u1ea3i hot 2019\" width=\"960\" height=\"910\" title=\"\" srcset=\"https:\/\/quatang5sao.com\/wp-content\/uploads\/2019\/12\/TuiDayRut-008_compressed-1.jpg 960w, https:\/\/quatang5sao.com\/wp-content\/uploads\/2019\/12\/TuiDayRut-008_compressed-1-510x483.jpg 510w, https:\/\/quatang5sao.com\/wp-content\/uploads\/2019\/12\/TuiDayRut-008_compressed-1-422x400.jpg 422w, https:\/\/quatang5sao.com\/wp-content\/uploads\/2019\/12\/TuiDayRut-008_compressed-1-768x728.jpg 768w, https:\/\/quatang5sao.com\/wp-content\/uploads\/2019\/12\/TuiDayRut-008_compressed-1-844x800.jpg 844w\" sizes=\"auto, (max-width: 960px) 100vw, 960px\" \/><figcaption id=\"caption-attachment-4249\" class=\"wp-caption-text\">M\u1eabu t\u00fai v\u1ea3i hot 2019<\/figcaption><\/figure>\n<figure id=\"attachment_4248\" aria-describedby=\"caption-attachment-4248\" style=\"width: 960px\" class=\"wp-caption aligncenter\"><img loading=\"lazy\" decoding=\"async\" class=\"wp-image-4248 size-full\" src=\"https:\/\/quatang5sao.com\/wp-content\/uploads\/2019\/12\/TuiDayRut-007_compressed-1.jpg\" alt=\"C\u00e1c m\u1eabu m\u00e0u v\u1ea3i canvas\" width=\"960\" height=\"895\" title=\"\" srcset=\"https:\/\/quatang5sao.com\/wp-content\/uploads\/2019\/12\/TuiDayRut-007_compressed-1.jpg 960w, https:\/\/quatang5sao.com\/wp-content\/uploads\/2019\/12\/TuiDayRut-007_compressed-1-510x475.jpg 510w, https:\/\/quatang5sao.com\/wp-content\/uploads\/2019\/12\/TuiDayRut-007_compressed-1-429x400.jpg 429w, https:\/\/quatang5sao.com\/wp-content\/uploads\/2019\/12\/TuiDayRut-007_compressed-1-768x716.jpg 768w, https:\/\/quatang5sao.com\/wp-content\/uploads\/2019\/12\/TuiDayRut-007_compressed-1-858x800.jpg 858w\" sizes=\"auto, (max-width: 960px) 100vw, 960px\" \/><figcaption id=\"caption-attachment-4248\" class=\"wp-caption-text\">C\u00e1c m\u1eabu m\u00e0u v\u1ea3i canvas<\/figcaption><\/figure>\n<figure id=\"attachment_4247\" aria-describedby=\"caption-attachment-4247\" style=\"width: 960px\" class=\"wp-caption aligncenter\"><img loading=\"lazy\" decoding=\"async\" class=\"wp-image-4247 size-full\" src=\"https:\/\/quatang5sao.com\/wp-content\/uploads\/2019\/12\/TuiDayRut-006_compressed-1.jpg\" alt=\"M\u1eabu khuy t\u00fai v\u1ea3i\" width=\"960\" height=\"891\" title=\"\" srcset=\"https:\/\/quatang5sao.com\/wp-content\/uploads\/2019\/12\/TuiDayRut-006_compressed-1.jpg 960w, https:\/\/quatang5sao.com\/wp-content\/uploads\/2019\/12\/TuiDayRut-006_compressed-1-510x473.jpg 510w, https:\/\/quatang5sao.com\/wp-content\/uploads\/2019\/12\/TuiDayRut-006_compressed-1-431x400.jpg 431w, https:\/\/quatang5sao.com\/wp-content\/uploads\/2019\/12\/TuiDayRut-006_compressed-1-768x713.jpg 768w, https:\/\/quatang5sao.com\/wp-content\/uploads\/2019\/12\/TuiDayRut-006_compressed-1-862x800.jpg 862w\" sizes=\"auto, (max-width: 960px) 100vw, 960px\" \/><figcaption id=\"caption-attachment-4247\" class=\"wp-caption-text\">M\u1eabu khuy t\u00fai v\u1ea3i<\/figcaption><\/figure>\n<h2>Li\u00ean h\u1ec7 \u0111\u1eb7t h\u00e0ng<\/h2>\n<p>Qu\u00fd kh\u00e1ch h\u00e0ng c\u00f3 nhu c\u1ea7u \u0111\u1eb7t h\u00e0ng vui l\u00f2ng li\u00ean h\u1ec7:<br \/>\nHotline &amp; Zalo:<\/p>\n<p><strong><span style=\"font-size: 120%; color: #ed1c24;\">Ha Noi: 0917.322.230<\/span><\/strong><br \/>\n<strong><span style=\"font-size: 120%; color: #ed1c24;\">S\u1ed1 1 \u2013 L\u0129nh Nam \u2013 Ho\u00e0ng Mai \u2013 H\u00e0 N\u1ed9i<\/span><\/strong><\/p>\n<p><strong><span style=\"font-size: 120%; color: #008000;\">H\u1ed3 Ch\u00ed Minh: 0988.902.220<\/span><\/strong><br \/>\n<strong><span style=\"font-size: 120%; color: #008000;\">S\u1ed1 214 \u2013 V\u00f5 V\u0103n Ng\u00e2n \u2013 B\u00ecnh Th\u1ecd \u2013 Th\u1ee7 \u0110\u1ee9c \u2013 H\u1ed3 Ch\u00ed Minh<\/span><\/strong><\/p>\n<p>Website: https:\/\/quatang5sao.com\/<br \/>\n#tuivai #tuicanvas #tuitote #xuongmaytuicanvas #tuidayrut<\/p>","protected":false},"excerpt":{"rendered":"<ul>\n<li>Lu\u00f4n c\u1eadp nh\u1eadt m\u1eabu m\u1edbi hot 2019<\/li>\n<li>Gi\u00e1 r\u1ebb<\/li>\n<li>Ch\u1ea5t l\u01b0\u1ee3ng<\/li>\n<li>In b\u1ec1n \u0111\u1eb9p, kh\u00f4ng bay m\u00e0u<\/li>\n<li>S\u1ea3n xu\u1ea5t nhanh<\/li>\n<li>Mi\u1ec5n ph\u00ed giao h\u00e0ng to\u00e0n qu\u1ed1c<\/li>\n<\/ul>","protected":false},"featured_media":4249,"comment_status":"open","ping_status":"closed","template":"","meta":[],"product_brand":[],"product_cat":[639],"product_tag":[649,648,647,646],"class_list":{"0":"post-4246","1":"product","2":"type-product","3":"status-publish","4":"has-post-thumbnail","6":"product_cat-tui-day-rut","7":"product_tag-in-tui-day-rut","8":"product_tag-san-xuat-tui-day-rut","9":"product_tag-tui-day-rut-gia-re","10":"product_tag-xuong-may-tui-day-rut","12":"first","13":"instock","14":"shipping-taxable","15":"product-type-simple"},"amp_enabled":true,"_links":{"self":[{"href":"https:\/\/quatang5sao.com\/en\/wp-json\/wp\/v2\/product\/4246","targetHints":{"allow":["GET"]}}],"collection":[{"href":"https:\/\/quatang5sao.com\/en\/wp-json\/wp\/v2\/product"}],"about":[{"href":"https:\/\/quatang5sao.com\/en\/wp-json\/wp\/v2\/types\/product"}],"replies":[{"embeddable":true,"href":"https:\/\/quatang5sao.com\/en\/wp-json\/wp\/v2\/comments?post=4246"}],"wp:featuredmedia":[{"embeddable":true,"href":"https:\/\/quatang5sao.com\/en\/wp-json\/wp\/v2\/media\/4249"}],"wp:attachment":[{"href":"https:\/\/quatang5sao.com\/en\/wp-json\/wp\/v2\/media?parent=4246"}],"wp:term":[{"taxonomy":"product_brand","embeddable":true,"href":"https:\/\/quatang5sao.com\/en\/wp-json\/wp\/v2\/product_brand?post=4246"},{"taxonomy":"product_cat","embeddable":true,"href":"https:\/\/quatang5sao.com\/en\/wp-json\/wp\/v2\/product_cat?post=4246"},{"taxonomy":"product_tag","embeddable":true,"href":"https:\/\/quatang5sao.com\/en\/wp-json\/wp\/v2\/product_tag?post=4246"}],"curies":[{"name":"wp","href":"https:\/\/api.w.org\/{rel}","templated":true}]}}