{"id":4233,"date":"2019-12-04T09:40:05","date_gmt":"2019-12-04T02:40:05","guid":{"rendered":"https:\/\/quatang5sao.com\/?post_type=product&#038;p=4233"},"modified":"2019-12-04T10:10:47","modified_gmt":"2019-12-04T03:10:47","slug":"tui-day-rut-xuong-san-xuat-tui-day-rut-gia-re-mau-08","status":"publish","type":"product","link":"https:\/\/quatang5sao.com\/en\/tui-day-rut-xuong-san-xuat-tui-day-rut-gia-re-mau-08\/","title":{"rendered":"T\u00fai d\u00e2y r\u00fat &#8211; X\u01b0\u1edfng s\u1ea3n xu\u1ea5t t\u00fai d\u00e2y r\u00fat gi\u00e1 r\u1ebb &#8211; M\u1eabu 08"},"content":{"rendered":"<h2>Drawstring bag<\/h2>\n<p>B\u00ean c\u1ea1nh <a href=\"https:\/\/tuicanvas.net\" target=\"_blank\" rel=\"noopener\"><strong>t\u00fai canvas<\/strong><\/a> l\u00e0 m\u1eb7t h\u00e0ng \u0111ang tr\u1edf th\u00e0nh xu h\u01b0\u1edbng m\u1edbi n\u1ed5i, th\u00ec c\u00e1c lo\u1ea1i <a href=\"https:\/\/quatang5sao.com\/en\/danh-muc\/tui-vai\/\">t\u00fai v\u1ea3i<\/a> kh\u00e1c c\u0169ng tr\u1edf n\u00ean hot kh\u00f4ng k\u00e9m. Do \u0111\u00f3 s\u1ea3n ph\u1ea9m <a href=\"https:\/\/tuicanvas.net\/danh-muc-san-pham\/tui-vai-day-rut\/\" target=\"_blank\" rel=\"noopener\"><strong>t\u00fai d\u00e2y r\u00fat<\/strong><\/a> c\u0169ng b\u1eaft \u0111\u1ea7u c\u00f3 ch\u1ed7 \u0111\u1ee9ng cho ri\u00eang m\u00ecnh.<\/p>\n<p>V\u1edbi \u0111\u1eb7c \u0111i\u1ec3m ti\u1ec7n d\u1ee5ng, <strong>nh\u1ecf g\u1ecdn<\/strong> n\u00ean s\u1ea3n ph\u1ea9m ph\u00f9 h\u1ee3p v\u1edbi nh\u1eefng c\u00f4 n\u00e0ng c\u00e1 t\u00ednh, \u01b0a di chuy\u1ec3n m\u00e0 kh\u00f4ng c\u1ea7n mang qu\u00e1 nhi\u1ec1u v\u1eadt d\u1ee5ng trong t\u00fai. Do \u0111\u00f3 nhi\u1ec1u doanh nghi\u1ec7p c\u00f3 nhu c\u1ea7u \u0111\u1eb7t h\u00e0ng <strong>t\u00fai v\u1ea3i<\/strong> lo\u1ea1i n\u00e0y.<\/p>\n<p>Do c\u00f3 nhi\u1ec1u kinh nghi\u1ec7m v\u1ec1 qu\u1ea3n l\u00fd, s\u1ea3n xu\u1ea5t s\u1ea3n ph\u1ea9m n\u00ean \u0111\u01b0\u1ee3c nhi\u1ec1u \u0111\u1ed1i t\u00e1c l\u1edbn tin t\u01b0\u1edfng \u0111\u1eb7t h\u00e0ng. Ch\u00fang t\u00f4i l\u00e0 m\u1ed9t trong nh\u1eefng \u0111\u01a1n v\u1ecb l\u1edbn nh\u1ea5t, cung c\u1ea5p lo\u1ea1i s\u1ea3n ph\u1ea9m n\u00e0y \u0111\u1ebfn v\u1edbi kh\u00e1ch h\u00e0ng. M\u1eddi b\u1ea1n xem qua v\u00e0i h\u00ecnh \u1ea3nh x\u01b0\u1edfng s\u1ea3n xu\u1ea5t nh\u00e9!<\/p>\n<h2>X\u01b0\u1edfng s\u1ea3n xu\u1ea5t t\u00fai v\u1ea3i<\/h2>\n<p><iframe loading=\"lazy\" title=\"X\u01b0\u1edfng in t\u00fai canvas - S\u1ea3n xu\u1ea5t t\u00fai v\u1ea3i c\u00e1c lo\u1ea1i theo y\u00eau c\u1ea7u\" width=\"1020\" height=\"574\" src=\"https:\/\/www.youtube.com\/embed\/y54Truc4J-A?feature=oembed\" frameborder=\"0\" allow=\"accelerometer; autoplay; encrypted-media; gyroscope; picture-in-picture\" allowfullscreen><\/iframe><\/p>\n<h2>H\u00ecnh \u1ea3nh s\u1ea3n ph\u1ea9m<\/h2>\n<p><img loading=\"lazy\" decoding=\"async\" class=\"alignnone wp-image-4242 size-full\" src=\"https:\/\/quatang5sao.com\/wp-content\/uploads\/2019\/12\/TuiDayRut-002_compressed.jpg\" alt=\"S\u1ea3n xu\u1ea5t t\u00fai d\u00e2y r\u00fat gi\u00e1 r\u1ebb theo y\u00eau c\u1ea7u\" width=\"960\" height=\"960\" title=\"\" srcset=\"https:\/\/quatang5sao.com\/wp-content\/uploads\/2019\/12\/TuiDayRut-002_compressed.jpg 960w, https:\/\/quatang5sao.com\/wp-content\/uploads\/2019\/12\/TuiDayRut-002_compressed-247x247.jpg 247w, https:\/\/quatang5sao.com\/wp-content\/uploads\/2019\/12\/TuiDayRut-002_compressed-100x100.jpg 100w, https:\/\/quatang5sao.com\/wp-content\/uploads\/2019\/12\/TuiDayRut-002_compressed-510x510.jpg 510w, https:\/\/quatang5sao.com\/wp-content\/uploads\/2019\/12\/TuiDayRut-002_compressed-280x280.jpg 280w, https:\/\/quatang5sao.com\/wp-content\/uploads\/2019\/12\/TuiDayRut-002_compressed-400x400.jpg 400w, https:\/\/quatang5sao.com\/wp-content\/uploads\/2019\/12\/TuiDayRut-002_compressed-768x768.jpg 768w, https:\/\/quatang5sao.com\/wp-content\/uploads\/2019\/12\/TuiDayRut-002_compressed-800x800.jpg 800w\" sizes=\"auto, (max-width: 960px) 100vw, 960px\" \/><\/p>\n<p>S\u1ea3n xu\u1ea5t t\u00fai d\u00e2y r\u00fat gi\u00e1 r\u1ebb theo y\u00eau c\u1ea7u<\/p>\n<figure id=\"attachment_4241\" aria-describedby=\"caption-attachment-4241\" style=\"width: 960px\" class=\"wp-caption alignnone\"><img loading=\"lazy\" decoding=\"async\" class=\"wp-image-4241 size-full\" src=\"https:\/\/quatang5sao.com\/wp-content\/uploads\/2019\/12\/TuiDayRut-001_compressed.jpg\" alt=\"S\u1ea3n xu\u1ea5t t\u00fai v\u1ea3i m\u1eabu 08 gi\u00e1 r\u1ebb theo y\u00eau c\u1ea7u\" width=\"960\" height=\"960\" title=\"\" srcset=\"https:\/\/quatang5sao.com\/wp-content\/uploads\/2019\/12\/TuiDayRut-001_compressed.jpg 960w, https:\/\/quatang5sao.com\/wp-content\/uploads\/2019\/12\/TuiDayRut-001_compressed-247x247.jpg 247w, https:\/\/quatang5sao.com\/wp-content\/uploads\/2019\/12\/TuiDayRut-001_compressed-100x100.jpg 100w, https:\/\/quatang5sao.com\/wp-content\/uploads\/2019\/12\/TuiDayRut-001_compressed-510x510.jpg 510w, https:\/\/quatang5sao.com\/wp-content\/uploads\/2019\/12\/TuiDayRut-001_compressed-280x280.jpg 280w, https:\/\/quatang5sao.com\/wp-content\/uploads\/2019\/12\/TuiDayRut-001_compressed-400x400.jpg 400w, https:\/\/quatang5sao.com\/wp-content\/uploads\/2019\/12\/TuiDayRut-001_compressed-768x768.jpg 768w, https:\/\/quatang5sao.com\/wp-content\/uploads\/2019\/12\/TuiDayRut-001_compressed-800x800.jpg 800w\" sizes=\"auto, (max-width: 960px) 100vw, 960px\" \/><figcaption id=\"caption-attachment-4241\" class=\"wp-caption-text\">S\u1ea3n xu\u1ea5t t\u00fai v\u1ea3i m\u1eabu 08 gi\u00e1 r\u1ebb theo y\u00eau c\u1ea7u<\/figcaption><\/figure>\n<figure id=\"attachment_4240\" aria-describedby=\"caption-attachment-4240\" style=\"width: 960px\" class=\"wp-caption alignnone\"><img loading=\"lazy\" decoding=\"async\" class=\"wp-image-4240 size-full\" src=\"https:\/\/quatang5sao.com\/wp-content\/uploads\/2019\/12\/TuiDayRut-006_compressed.jpg\" alt=\"In t\u00fai v\u1ea3i gi\u00e1 r\u1ebb theo y\u00eau c\u1ea7u - M\u1eabu 08\" width=\"960\" height=\"960\" title=\"\" srcset=\"https:\/\/quatang5sao.com\/wp-content\/uploads\/2019\/12\/TuiDayRut-006_compressed.jpg 960w, https:\/\/quatang5sao.com\/wp-content\/uploads\/2019\/12\/TuiDayRut-006_compressed-247x247.jpg 247w, https:\/\/quatang5sao.com\/wp-content\/uploads\/2019\/12\/TuiDayRut-006_compressed-100x100.jpg 100w, https:\/\/quatang5sao.com\/wp-content\/uploads\/2019\/12\/TuiDayRut-006_compressed-510x510.jpg 510w, https:\/\/quatang5sao.com\/wp-content\/uploads\/2019\/12\/TuiDayRut-006_compressed-280x280.jpg 280w, https:\/\/quatang5sao.com\/wp-content\/uploads\/2019\/12\/TuiDayRut-006_compressed-400x400.jpg 400w, https:\/\/quatang5sao.com\/wp-content\/uploads\/2019\/12\/TuiDayRut-006_compressed-768x768.jpg 768w, https:\/\/quatang5sao.com\/wp-content\/uploads\/2019\/12\/TuiDayRut-006_compressed-800x800.jpg 800w\" sizes=\"auto, (max-width: 960px) 100vw, 960px\" \/><figcaption id=\"caption-attachment-4240\" class=\"wp-caption-text\">In t\u00fai v\u1ea3i gi\u00e1 r\u1ebb theo y\u00eau c\u1ea7u &#8211; M\u1eabu 08<\/figcaption><\/figure>\n<figure id=\"attachment_4239\" aria-describedby=\"caption-attachment-4239\" style=\"width: 960px\" class=\"wp-caption alignnone\"><img loading=\"lazy\" decoding=\"async\" class=\"wp-image-4239 size-full\" src=\"https:\/\/quatang5sao.com\/wp-content\/uploads\/2019\/12\/TuiDayRut-005_compressed.jpg\" alt=\"In t\u00fai v\u1ea3i s\u1ed1 l\u01b0\u1ee3ng l\u1edbn theo y\u00eau c\u1ea7u - M\u1eabu 08\" width=\"960\" height=\"960\" title=\"\" srcset=\"https:\/\/quatang5sao.com\/wp-content\/uploads\/2019\/12\/TuiDayRut-005_compressed.jpg 960w, https:\/\/quatang5sao.com\/wp-content\/uploads\/2019\/12\/TuiDayRut-005_compressed-247x247.jpg 247w, https:\/\/quatang5sao.com\/wp-content\/uploads\/2019\/12\/TuiDayRut-005_compressed-100x100.jpg 100w, https:\/\/quatang5sao.com\/wp-content\/uploads\/2019\/12\/TuiDayRut-005_compressed-510x510.jpg 510w, https:\/\/quatang5sao.com\/wp-content\/uploads\/2019\/12\/TuiDayRut-005_compressed-280x280.jpg 280w, https:\/\/quatang5sao.com\/wp-content\/uploads\/2019\/12\/TuiDayRut-005_compressed-400x400.jpg 400w, https:\/\/quatang5sao.com\/wp-content\/uploads\/2019\/12\/TuiDayRut-005_compressed-768x768.jpg 768w, https:\/\/quatang5sao.com\/wp-content\/uploads\/2019\/12\/TuiDayRut-005_compressed-800x800.jpg 800w\" sizes=\"auto, (max-width: 960px) 100vw, 960px\" \/><figcaption id=\"caption-attachment-4239\" class=\"wp-caption-text\">In t\u00fai v\u1ea3i s\u1ed1 l\u01b0\u1ee3ng l\u1edbn theo y\u00eau c\u1ea7u &#8211; M\u1eabu 08<\/figcaption><\/figure>\n<figure id=\"attachment_4238\" aria-describedby=\"caption-attachment-4238\" style=\"width: 960px\" class=\"wp-caption alignnone\"><img loading=\"lazy\" decoding=\"async\" class=\"wp-image-4238 size-full\" src=\"https:\/\/quatang5sao.com\/wp-content\/uploads\/2019\/12\/TuiDayRut-004_compressed.jpg\" alt=\"\u0110\u1eb7t h\u00e0ng t\u00fai v\u1ea3i l\u00e0m qu\u00e0 t\u1eb7ng theo y\u00eau c\u1ea7u - M\u1eabu 08\" width=\"960\" height=\"960\" title=\"\" srcset=\"https:\/\/quatang5sao.com\/wp-content\/uploads\/2019\/12\/TuiDayRut-004_compressed.jpg 960w, https:\/\/quatang5sao.com\/wp-content\/uploads\/2019\/12\/TuiDayRut-004_compressed-247x247.jpg 247w, https:\/\/quatang5sao.com\/wp-content\/uploads\/2019\/12\/TuiDayRut-004_compressed-100x100.jpg 100w, https:\/\/quatang5sao.com\/wp-content\/uploads\/2019\/12\/TuiDayRut-004_compressed-510x510.jpg 510w, https:\/\/quatang5sao.com\/wp-content\/uploads\/2019\/12\/TuiDayRut-004_compressed-280x280.jpg 280w, https:\/\/quatang5sao.com\/wp-content\/uploads\/2019\/12\/TuiDayRut-004_compressed-400x400.jpg 400w, https:\/\/quatang5sao.com\/wp-content\/uploads\/2019\/12\/TuiDayRut-004_compressed-768x768.jpg 768w, https:\/\/quatang5sao.com\/wp-content\/uploads\/2019\/12\/TuiDayRut-004_compressed-800x800.jpg 800w\" sizes=\"auto, (max-width: 960px) 100vw, 960px\" \/><figcaption id=\"caption-attachment-4238\" class=\"wp-caption-text\">\u0110\u1eb7t h\u00e0ng t\u00fai v\u1ea3i l\u00e0m qu\u00e0 t\u1eb7ng theo y\u00eau c\u1ea7u &#8211; M\u1eabu 08<\/figcaption><\/figure>\n<figure id=\"attachment_4237\" aria-describedby=\"caption-attachment-4237\" style=\"width: 960px\" class=\"wp-caption alignnone\"><img loading=\"lazy\" decoding=\"async\" class=\"wp-image-4237 size-full\" src=\"https:\/\/quatang5sao.com\/wp-content\/uploads\/2019\/12\/TuiDayRut-003_compressed.jpg\" alt=\"\u0110\u1eb7t h\u00e0ng t\u00fai v\u1ea3i \u0111\u1eb9p v\u00e0 ch\u1ea5t l\u01b0\u1ee3ng - M\u1eabu 08\" width=\"960\" height=\"960\" title=\"\" srcset=\"https:\/\/quatang5sao.com\/wp-content\/uploads\/2019\/12\/TuiDayRut-003_compressed.jpg 960w, https:\/\/quatang5sao.com\/wp-content\/uploads\/2019\/12\/TuiDayRut-003_compressed-247x247.jpg 247w, https:\/\/quatang5sao.com\/wp-content\/uploads\/2019\/12\/TuiDayRut-003_compressed-100x100.jpg 100w, https:\/\/quatang5sao.com\/wp-content\/uploads\/2019\/12\/TuiDayRut-003_compressed-510x510.jpg 510w, https:\/\/quatang5sao.com\/wp-content\/uploads\/2019\/12\/TuiDayRut-003_compressed-280x280.jpg 280w, https:\/\/quatang5sao.com\/wp-content\/uploads\/2019\/12\/TuiDayRut-003_compressed-400x400.jpg 400w, https:\/\/quatang5sao.com\/wp-content\/uploads\/2019\/12\/TuiDayRut-003_compressed-768x768.jpg 768w, https:\/\/quatang5sao.com\/wp-content\/uploads\/2019\/12\/TuiDayRut-003_compressed-800x800.jpg 800w\" sizes=\"auto, (max-width: 960px) 100vw, 960px\" \/><figcaption id=\"caption-attachment-4237\" class=\"wp-caption-text\">\u0110\u1eb7t h\u00e0ng t\u00fai v\u1ea3i \u0111\u1eb9p v\u00e0 ch\u1ea5t l\u01b0\u1ee3ng &#8211; M\u1eabu 08<\/figcaption><\/figure>\n<figure id=\"attachment_4236\" aria-describedby=\"caption-attachment-4236\" style=\"width: 960px\" class=\"wp-caption alignnone\"><img loading=\"lazy\" decoding=\"async\" class=\"wp-image-4236 size-full\" src=\"https:\/\/quatang5sao.com\/wp-content\/uploads\/2019\/12\/TuiDayRut-009_compressed.jpg\" alt=\"Ch\u1ecdn m\u1eabu t\u00fai v\u1ea3i \u0111\u1eb9p v\u00e0 ch\u1ea5t l\u01b0\u1ee3ng - M\u1eabu 08\" width=\"960\" height=\"960\" title=\"\" srcset=\"https:\/\/quatang5sao.com\/wp-content\/uploads\/2019\/12\/TuiDayRut-009_compressed.jpg 960w, https:\/\/quatang5sao.com\/wp-content\/uploads\/2019\/12\/TuiDayRut-009_compressed-247x247.jpg 247w, https:\/\/quatang5sao.com\/wp-content\/uploads\/2019\/12\/TuiDayRut-009_compressed-100x100.jpg 100w, https:\/\/quatang5sao.com\/wp-content\/uploads\/2019\/12\/TuiDayRut-009_compressed-510x510.jpg 510w, https:\/\/quatang5sao.com\/wp-content\/uploads\/2019\/12\/TuiDayRut-009_compressed-280x280.jpg 280w, https:\/\/quatang5sao.com\/wp-content\/uploads\/2019\/12\/TuiDayRut-009_compressed-400x400.jpg 400w, https:\/\/quatang5sao.com\/wp-content\/uploads\/2019\/12\/TuiDayRut-009_compressed-768x768.jpg 768w, https:\/\/quatang5sao.com\/wp-content\/uploads\/2019\/12\/TuiDayRut-009_compressed-800x800.jpg 800w\" sizes=\"auto, (max-width: 960px) 100vw, 960px\" \/><figcaption id=\"caption-attachment-4236\" class=\"wp-caption-text\">Ch\u1ecdn m\u1eabu t\u00fai v\u1ea3i \u0111\u1eb9p v\u00e0 ch\u1ea5t l\u01b0\u1ee3ng &#8211; M\u1eabu 08<\/figcaption><\/figure>\n<figure id=\"attachment_4235\" aria-describedby=\"caption-attachment-4235\" style=\"width: 960px\" class=\"wp-caption alignnone\"><img loading=\"lazy\" decoding=\"async\" class=\"wp-image-4235 size-full\" src=\"https:\/\/quatang5sao.com\/wp-content\/uploads\/2019\/12\/TuiDayRut-008_compressed.jpg\" alt=\"Thi\u1ebft k\u1ebf t\u00fai v\u1ea3i \u0111\u1eb9p v\u00e0 ch\u1ea5t l\u01b0\u1ee3ng - M\u1eabu 08\" width=\"960\" height=\"960\" title=\"\" srcset=\"https:\/\/quatang5sao.com\/wp-content\/uploads\/2019\/12\/TuiDayRut-008_compressed.jpg 960w, https:\/\/quatang5sao.com\/wp-content\/uploads\/2019\/12\/TuiDayRut-008_compressed-247x247.jpg 247w, https:\/\/quatang5sao.com\/wp-content\/uploads\/2019\/12\/TuiDayRut-008_compressed-100x100.jpg 100w, https:\/\/quatang5sao.com\/wp-content\/uploads\/2019\/12\/TuiDayRut-008_compressed-510x510.jpg 510w, https:\/\/quatang5sao.com\/wp-content\/uploads\/2019\/12\/TuiDayRut-008_compressed-280x280.jpg 280w, https:\/\/quatang5sao.com\/wp-content\/uploads\/2019\/12\/TuiDayRut-008_compressed-400x400.jpg 400w, https:\/\/quatang5sao.com\/wp-content\/uploads\/2019\/12\/TuiDayRut-008_compressed-768x768.jpg 768w, https:\/\/quatang5sao.com\/wp-content\/uploads\/2019\/12\/TuiDayRut-008_compressed-800x800.jpg 800w\" sizes=\"auto, (max-width: 960px) 100vw, 960px\" \/><figcaption id=\"caption-attachment-4235\" class=\"wp-caption-text\">Thi\u1ebft k\u1ebf t\u00fai v\u1ea3i \u0111\u1eb9p v\u00e0 ch\u1ea5t l\u01b0\u1ee3ng &#8211; M\u1eabu 08<\/figcaption><\/figure>\n<p><img loading=\"lazy\" decoding=\"async\" class=\"alignnone wp-image-4234 size-full\" src=\"https:\/\/quatang5sao.com\/wp-content\/uploads\/2019\/12\/TuiDayRut-007_compressed.jpg\" alt=\"\" width=\"960\" height=\"960\" title=\"\" srcset=\"https:\/\/quatang5sao.com\/wp-content\/uploads\/2019\/12\/TuiDayRut-007_compressed.jpg 960w, https:\/\/quatang5sao.com\/wp-content\/uploads\/2019\/12\/TuiDayRut-007_compressed-247x247.jpg 247w, https:\/\/quatang5sao.com\/wp-content\/uploads\/2019\/12\/TuiDayRut-007_compressed-100x100.jpg 100w, https:\/\/quatang5sao.com\/wp-content\/uploads\/2019\/12\/TuiDayRut-007_compressed-510x510.jpg 510w, https:\/\/quatang5sao.com\/wp-content\/uploads\/2019\/12\/TuiDayRut-007_compressed-280x280.jpg 280w, https:\/\/quatang5sao.com\/wp-content\/uploads\/2019\/12\/TuiDayRut-007_compressed-400x400.jpg 400w, https:\/\/quatang5sao.com\/wp-content\/uploads\/2019\/12\/TuiDayRut-007_compressed-768x768.jpg 768w, https:\/\/quatang5sao.com\/wp-content\/uploads\/2019\/12\/TuiDayRut-007_compressed-800x800.jpg 800w\" sizes=\"auto, (max-width: 960px) 100vw, 960px\" \/><\/p>\n<h2>Li\u00ean h\u1ec7 \u0111\u1eb7t h\u00e0ng qu\u00e0 t\u1eb7ng s\u1ef1 ki\u1ec7n<\/h2>\n<p>Qu\u00fd kh\u00e1ch h\u00e0ng c\u00f3 nhu c\u1ea7u \u0111\u1eb7t h\u00e0ng vui l\u00f2ng li\u00ean h\u1ec7:<br \/>\nHotline &amp; Zalo:<\/p>\n<p><span style=\"color: #ed1c24;\"><strong><span style=\"font-size: 120%;\">Ha Noi: 0917.322.230<\/span><\/strong><\/span><br \/>\n<span style=\"color: #ed1c24;\"><strong><span style=\"font-size: 120%;\">S\u1ed1 1 \u2013 L\u0129nh Nam \u2013 Ho\u00e0ng Mai \u2013 H\u00e0 N\u1ed9i<\/span><\/strong><\/span><\/p>\n<p><span style=\"color: #008000;\"><strong><span style=\"font-size: 120%;\">H\u1ed3 Ch\u00ed Minh: 0988.902.220<\/span><\/strong><\/span><br \/>\n<span style=\"color: #008000;\"><strong><span style=\"font-size: 120%;\">S\u1ed1 214 \u2013 V\u00f5 V\u0103n Ng\u00e2n \u2013 B\u00ecnh Th\u1ecd \u2013 Th\u1ee7 \u0110\u1ee9c \u2013 H\u1ed3 Ch\u00ed Minh<\/span><\/strong><\/span><\/p>\n<p>Website: <a href=\"https:\/\/quatang5sao.com\/en\/\">https:\/\/quatang5sao.com\/<\/a><br \/>\n#tuivai #tuicanvas #tuitote #xuongmaytuicanvas #tuidayrut<\/p>","protected":false},"excerpt":{"rendered":"<ul>\n<li>May theo y\u00eau c\u1ea7u<\/li>\n<li>In theo thi\u1ebft k\u1ebf c\u1ee7a kh\u00e1ch h\u00e0ng<\/li>\n<li>S\u1ed1 l\u01b0\u1ee3ng kh\u00f4ng gi\u1edbi h\u1ea1n<\/li>\n<li>Gi\u00e1 r\u1ebb, c\u1ea1nh tranh<\/li>\n<li>Ch\u1ea5t l\u01b0\u1ee3ng \u0111\u1eb9p<\/li>\n<li>Many models<\/li>\n<\/ul>","protected":false},"featured_media":4236,"comment_status":"open","ping_status":"closed","template":"","meta":[],"product_brand":[],"product_cat":[639],"product_tag":[649,648,647,646],"class_list":{"0":"post-4233","1":"product","2":"type-product","3":"status-publish","4":"has-post-thumbnail","6":"product_cat-tui-day-rut","7":"product_tag-in-tui-day-rut","8":"product_tag-san-xuat-tui-day-rut","9":"product_tag-tui-day-rut-gia-re","10":"product_tag-xuong-may-tui-day-rut","12":"first","13":"instock","14":"shipping-taxable","15":"product-type-simple"},"amp_enabled":true,"_links":{"self":[{"href":"https:\/\/quatang5sao.com\/en\/wp-json\/wp\/v2\/product\/4233","targetHints":{"allow":["GET"]}}],"collection":[{"href":"https:\/\/quatang5sao.com\/en\/wp-json\/wp\/v2\/product"}],"about":[{"href":"https:\/\/quatang5sao.com\/en\/wp-json\/wp\/v2\/types\/product"}],"replies":[{"embeddable":true,"href":"https:\/\/quatang5sao.com\/en\/wp-json\/wp\/v2\/comments?post=4233"}],"wp:featuredmedia":[{"embeddable":true,"href":"https:\/\/quatang5sao.com\/en\/wp-json\/wp\/v2\/media\/4236"}],"wp:attachment":[{"href":"https:\/\/quatang5sao.com\/en\/wp-json\/wp\/v2\/media?parent=4233"}],"wp:term":[{"taxonomy":"product_brand","embeddable":true,"href":"https:\/\/quatang5sao.com\/en\/wp-json\/wp\/v2\/product_brand?post=4233"},{"taxonomy":"product_cat","embeddable":true,"href":"https:\/\/quatang5sao.com\/en\/wp-json\/wp\/v2\/product_cat?post=4233"},{"taxonomy":"product_tag","embeddable":true,"href":"https:\/\/quatang5sao.com\/en\/wp-json\/wp\/v2\/product_tag?post=4233"}],"curies":[{"name":"wp","href":"https:\/\/api.w.org\/{rel}","templated":true}]}}