{"id":4214,"date":"2019-12-02T16:00:48","date_gmt":"2019-12-02T09:00:48","guid":{"rendered":"https:\/\/quatang5sao.com\/?post_type=product&#038;p=4214"},"modified":"2019-12-02T16:00:49","modified_gmt":"2019-12-02T09:00:49","slug":"tui-canvas-mau-01-xuong-may-tui-canvas-gia-re","status":"publish","type":"product","link":"https:\/\/quatang5sao.com\/en\/tui-canvas-mau-01-xuong-may-tui-canvas-gia-re\/","title":{"rendered":"T\u00fai canvas M\u1eabu 01 &#8211; X\u01b0\u1edfng may t\u00fai canvas gi\u00e1 r\u1ebb"},"content":{"rendered":"<h2>Canvas bag<\/h2>\n<p>L\u00e0m sao \u0111\u1ec3 ch\u1ecdn \u0111\u01b0\u1ee3c m\u1eabu <strong><a href=\"https:\/\/quatang5sao.com\/en\/danh-muc\/tui-vai\/\">t\u00fai v\u1ea3i<\/a><\/strong> hot nh\u1ea5t hi\u1ec7n nay? L\u00e0m sao \u0111\u1ec3 t\u00ecm \u0111\u01b0\u1ee3c c\u01a1 s\u1edf <a href=\"https:\/\/tuicanvas.net\" target=\"_blank\" rel=\"noopener\"><strong>may t\u00fai v\u1ea3i<\/strong><\/a> uy t\u00edn, ch\u1ea5t l\u01b0\u1ee3ng?<\/p>\n<p>\u0110\u1eebng ng\u1ea7n ng\u1ea1i, h\u00e3y li\u00ean h\u1ec7 v\u1edbi ch\u00fang t\u00f4i ngay nh\u00e9. V\u1edbi d\u00e0n nh\u00e2n c\u00f4ng chuy\u00ean nghi\u1ec7p, m\u00e1y m\u00f3c hi\u1ec7n \u0111\u1ea1i, lu\u00f4n lu\u00f4n \u0111\u1ea3m b\u1ea3o \u0111\u01b0\u1ee3c th\u1eddi gian m\u00e0 kh\u00e1ch h\u00e0ng y\u00eau c\u1ea7u. Ch\u00fang t\u00f4i t\u1ef1 tin mang \u0111\u1ebfn kh\u00e1ch h\u00e0ng nh\u1eefng s\u1ea3n ph\u1ea9m \u0111\u1eb9p nh\u1ea5t, ch\u1ea5t l\u01b0\u1ee3ng nh\u1ea5t. C\u00e1c h\u00ecnh \u1ea3nh in l\u00ean t\u00fai <strong>kh\u00f4ng b\u1ecb phai m\u00e0u<\/strong> b\u1edfi vi\u1ec7c gi\u1eb7t\u00a0 s\u1ea3n ph\u1ea9m. X\u01b0\u1edfng c\u0169ng lu\u00f4n c\u1eadp nh\u1eadt c\u00e1c m\u1eabu t\u00fai m\u1edbi \u0111\u1ec3 \u0111\u00e1p \u1ee9ng nhu c\u1ea7u th\u1eddi trang c\u1ee7a kh\u00e1ch h\u00e0ng.<\/p>\n<h2>X\u01b0\u1edfng s\u1ea3n xu\u1ea5t t\u00fai v\u1ea3i<\/h2>\n<p><iframe loading=\"lazy\" title=\"X\u01b0\u1edfng in t\u00fai canvas - S\u1ea3n xu\u1ea5t t\u00fai v\u1ea3i c\u00e1c lo\u1ea1i theo y\u00eau c\u1ea7u\" width=\"1020\" height=\"574\" src=\"https:\/\/www.youtube.com\/embed\/y54Truc4J-A?feature=oembed\" frameborder=\"0\" allow=\"accelerometer; autoplay; encrypted-media; gyroscope; picture-in-picture\" allowfullscreen><\/iframe><\/p>\n<h2>H\u00ecnh \u1ea3nh s\u1ea3n ph\u1ea9m<\/h2>\n<figure id=\"attachment_4232\" aria-describedby=\"caption-attachment-4232\" style=\"width: 800px\" class=\"wp-caption aligncenter\"><img loading=\"lazy\" decoding=\"async\" class=\"wp-image-4232 size-full\" src=\"https:\/\/quatang5sao.com\/wp-content\/uploads\/2019\/12\/TuiCanvas-005_compressed.jpg\" alt=\"T\u00fai canvas gi\u00e1 r\u1ebb M\u1eabu 01 03\" width=\"800\" height=\"775\" title=\"\" srcset=\"https:\/\/quatang5sao.com\/wp-content\/uploads\/2019\/12\/TuiCanvas-005_compressed.jpg 800w, https:\/\/quatang5sao.com\/wp-content\/uploads\/2019\/12\/TuiCanvas-005_compressed-510x494.jpg 510w, https:\/\/quatang5sao.com\/wp-content\/uploads\/2019\/12\/TuiCanvas-005_compressed-413x400.jpg 413w, https:\/\/quatang5sao.com\/wp-content\/uploads\/2019\/12\/TuiCanvas-005_compressed-768x744.jpg 768w\" sizes=\"auto, (max-width: 800px) 100vw, 800px\" \/><figcaption id=\"caption-attachment-4232\" class=\"wp-caption-text\">T\u00fai v\u1ea3i gi\u00e1 r\u1ebb M\u1eabu 01 03<\/figcaption><\/figure>\n<figure id=\"attachment_4231\" aria-describedby=\"caption-attachment-4231\" style=\"width: 800px\" class=\"wp-caption aligncenter\"><img loading=\"lazy\" decoding=\"async\" class=\"wp-image-4231 size-full\" src=\"https:\/\/quatang5sao.com\/wp-content\/uploads\/2019\/12\/TuiCanvas-004_compressed.jpg\" alt=\"T\u00fai canvas gi\u00e1 r\u1ebb M\u1eabu 01 04\" width=\"800\" height=\"410\" title=\"\" srcset=\"https:\/\/quatang5sao.com\/wp-content\/uploads\/2019\/12\/TuiCanvas-004_compressed.jpg 800w, https:\/\/quatang5sao.com\/wp-content\/uploads\/2019\/12\/TuiCanvas-004_compressed-510x261.jpg 510w, https:\/\/quatang5sao.com\/wp-content\/uploads\/2019\/12\/TuiCanvas-004_compressed-780x400.jpg 780w, https:\/\/quatang5sao.com\/wp-content\/uploads\/2019\/12\/TuiCanvas-004_compressed-768x394.jpg 768w\" sizes=\"auto, (max-width: 800px) 100vw, 800px\" \/><figcaption id=\"caption-attachment-4231\" class=\"wp-caption-text\">T\u00fai v\u1ea3i gi\u00e1 r\u1ebb M\u1eabu 01 04<\/figcaption><\/figure>\n<figure id=\"attachment_4230\" aria-describedby=\"caption-attachment-4230\" style=\"width: 800px\" class=\"wp-caption aligncenter\"><img loading=\"lazy\" decoding=\"async\" class=\"wp-image-4230 size-full\" src=\"https:\/\/quatang5sao.com\/wp-content\/uploads\/2019\/12\/TuiCanvas-003_compressed.jpg\" alt=\"T\u00fai canvas gi\u00e1 r\u1ebb M\u1eabu 01 05\" width=\"800\" height=\"773\" title=\"\" srcset=\"https:\/\/quatang5sao.com\/wp-content\/uploads\/2019\/12\/TuiCanvas-003_compressed.jpg 800w, https:\/\/quatang5sao.com\/wp-content\/uploads\/2019\/12\/TuiCanvas-003_compressed-510x493.jpg 510w, https:\/\/quatang5sao.com\/wp-content\/uploads\/2019\/12\/TuiCanvas-003_compressed-414x400.jpg 414w, https:\/\/quatang5sao.com\/wp-content\/uploads\/2019\/12\/TuiCanvas-003_compressed-768x742.jpg 768w\" sizes=\"auto, (max-width: 800px) 100vw, 800px\" \/><figcaption id=\"caption-attachment-4230\" class=\"wp-caption-text\">T\u00fai v\u1ea3i gi\u00e1 r\u1ebb M\u1eabu 01 05<\/figcaption><\/figure>\n<figure id=\"attachment_4229\" aria-describedby=\"caption-attachment-4229\" style=\"width: 800px\" class=\"wp-caption aligncenter\"><img loading=\"lazy\" decoding=\"async\" class=\"wp-image-4229 size-full\" src=\"https:\/\/quatang5sao.com\/wp-content\/uploads\/2019\/12\/TuiCanvas-002_compressed.jpg\" alt=\"T\u00fai canvas gi\u00e1 r\u1ebb M\u1eabu 01 06\" width=\"800\" height=\"789\" title=\"\" srcset=\"https:\/\/quatang5sao.com\/wp-content\/uploads\/2019\/12\/TuiCanvas-002_compressed.jpg 800w, https:\/\/quatang5sao.com\/wp-content\/uploads\/2019\/12\/TuiCanvas-002_compressed-100x100.jpg 100w, https:\/\/quatang5sao.com\/wp-content\/uploads\/2019\/12\/TuiCanvas-002_compressed-510x503.jpg 510w, https:\/\/quatang5sao.com\/wp-content\/uploads\/2019\/12\/TuiCanvas-002_compressed-406x400.jpg 406w, https:\/\/quatang5sao.com\/wp-content\/uploads\/2019\/12\/TuiCanvas-002_compressed-768x757.jpg 768w\" sizes=\"auto, (max-width: 800px) 100vw, 800px\" \/><figcaption id=\"caption-attachment-4229\" class=\"wp-caption-text\">T\u00fai v\u1ea3i gi\u00e1 r\u1ebb M\u1eabu 01 06<\/figcaption><\/figure>\n<figure id=\"attachment_4228\" aria-describedby=\"caption-attachment-4228\" style=\"width: 800px\" class=\"wp-caption aligncenter\"><img loading=\"lazy\" decoding=\"async\" class=\"wp-image-4228 size-full\" src=\"https:\/\/quatang5sao.com\/wp-content\/uploads\/2019\/12\/TuiCanvas-001_compressed.jpg\" alt=\"T\u00fai canvas gi\u00e1 r\u1ebb M\u1eabu 01 07\" width=\"800\" height=\"1004\" title=\"\" srcset=\"https:\/\/quatang5sao.com\/wp-content\/uploads\/2019\/12\/TuiCanvas-001_compressed.jpg 800w, https:\/\/quatang5sao.com\/wp-content\/uploads\/2019\/12\/TuiCanvas-001_compressed-510x640.jpg 510w, https:\/\/quatang5sao.com\/wp-content\/uploads\/2019\/12\/TuiCanvas-001_compressed-319x400.jpg 319w, https:\/\/quatang5sao.com\/wp-content\/uploads\/2019\/12\/TuiCanvas-001_compressed-768x964.jpg 768w, https:\/\/quatang5sao.com\/wp-content\/uploads\/2019\/12\/TuiCanvas-001_compressed-637x800.jpg 637w\" sizes=\"auto, (max-width: 800px) 100vw, 800px\" \/><figcaption id=\"caption-attachment-4228\" class=\"wp-caption-text\">T\u00fai v\u1ea3i gi\u00e1 r\u1ebb M\u1eabu 01 07<\/figcaption><\/figure>\n<figure id=\"attachment_4227\" aria-describedby=\"caption-attachment-4227\" style=\"width: 800px\" class=\"wp-caption aligncenter\"><img loading=\"lazy\" decoding=\"async\" class=\"wp-image-4227 size-full\" src=\"https:\/\/quatang5sao.com\/wp-content\/uploads\/2019\/12\/TuiCanvas-010_compressed.jpg\" alt=\"T\u00fai canvas gi\u00e1 r\u1ebb M\u1eabu 01 08\" width=\"800\" height=\"637\" title=\"\" srcset=\"https:\/\/quatang5sao.com\/wp-content\/uploads\/2019\/12\/TuiCanvas-010_compressed.jpg 800w, https:\/\/quatang5sao.com\/wp-content\/uploads\/2019\/12\/TuiCanvas-010_compressed-510x406.jpg 510w, https:\/\/quatang5sao.com\/wp-content\/uploads\/2019\/12\/TuiCanvas-010_compressed-502x400.jpg 502w, https:\/\/quatang5sao.com\/wp-content\/uploads\/2019\/12\/TuiCanvas-010_compressed-768x612.jpg 768w\" sizes=\"auto, (max-width: 800px) 100vw, 800px\" \/><figcaption id=\"caption-attachment-4227\" class=\"wp-caption-text\">T\u00fai v\u1ea3i gi\u00e1 r\u1ebb M\u1eabu 01 08<\/figcaption><\/figure>\n<figure id=\"attachment_4226\" aria-describedby=\"caption-attachment-4226\" style=\"width: 800px\" class=\"wp-caption aligncenter\"><img loading=\"lazy\" decoding=\"async\" class=\"wp-image-4226 size-full\" src=\"https:\/\/quatang5sao.com\/wp-content\/uploads\/2019\/12\/TuiCanvas-009_compressed.jpg\" alt=\"T\u00fai canvas gi\u00e1 r\u1ebb M\u1eabu 01 09\" width=\"800\" height=\"426\" title=\"\" srcset=\"https:\/\/quatang5sao.com\/wp-content\/uploads\/2019\/12\/TuiCanvas-009_compressed.jpg 800w, https:\/\/quatang5sao.com\/wp-content\/uploads\/2019\/12\/TuiCanvas-009_compressed-510x272.jpg 510w, https:\/\/quatang5sao.com\/wp-content\/uploads\/2019\/12\/TuiCanvas-009_compressed-751x400.jpg 751w, https:\/\/quatang5sao.com\/wp-content\/uploads\/2019\/12\/TuiCanvas-009_compressed-768x409.jpg 768w\" sizes=\"auto, (max-width: 800px) 100vw, 800px\" \/><figcaption id=\"caption-attachment-4226\" class=\"wp-caption-text\">T\u00fai canvas gi\u00e1 r\u1ebb M\u1eabu 01 09<\/figcaption><\/figure>\n<figure id=\"attachment_4225\" aria-describedby=\"caption-attachment-4225\" style=\"width: 800px\" class=\"wp-caption aligncenter\"><img loading=\"lazy\" decoding=\"async\" class=\"wp-image-4225 size-full\" src=\"https:\/\/quatang5sao.com\/wp-content\/uploads\/2019\/12\/TuiCanvas-008_compressed.jpg\" alt=\"T\u00fai canvas gi\u00e1 r\u1ebb M\u1eabu 01 10\" width=\"800\" height=\"775\" title=\"\" srcset=\"https:\/\/quatang5sao.com\/wp-content\/uploads\/2019\/12\/TuiCanvas-008_compressed.jpg 800w, https:\/\/quatang5sao.com\/wp-content\/uploads\/2019\/12\/TuiCanvas-008_compressed-510x494.jpg 510w, https:\/\/quatang5sao.com\/wp-content\/uploads\/2019\/12\/TuiCanvas-008_compressed-413x400.jpg 413w, https:\/\/quatang5sao.com\/wp-content\/uploads\/2019\/12\/TuiCanvas-008_compressed-768x744.jpg 768w\" sizes=\"auto, (max-width: 800px) 100vw, 800px\" \/><figcaption id=\"caption-attachment-4225\" class=\"wp-caption-text\">T\u00fai v\u1ea3i gi\u00e1 r\u1ebb M\u1eabu 01 10<\/figcaption><\/figure>\n<figure id=\"attachment_4224\" aria-describedby=\"caption-attachment-4224\" style=\"width: 800px\" class=\"wp-caption aligncenter\"><img loading=\"lazy\" decoding=\"async\" class=\"wp-image-4224 size-full\" src=\"https:\/\/quatang5sao.com\/wp-content\/uploads\/2019\/12\/TuiCanvas-007_compressed.jpg\" alt=\"T\u00fai canvas gi\u00e1 r\u1ebb M\u1eabu 01 11\" width=\"800\" height=\"778\" title=\"\" srcset=\"https:\/\/quatang5sao.com\/wp-content\/uploads\/2019\/12\/TuiCanvas-007_compressed.jpg 800w, https:\/\/quatang5sao.com\/wp-content\/uploads\/2019\/12\/TuiCanvas-007_compressed-510x496.jpg 510w, https:\/\/quatang5sao.com\/wp-content\/uploads\/2019\/12\/TuiCanvas-007_compressed-411x400.jpg 411w, https:\/\/quatang5sao.com\/wp-content\/uploads\/2019\/12\/TuiCanvas-007_compressed-768x747.jpg 768w\" sizes=\"auto, (max-width: 800px) 100vw, 800px\" \/><figcaption id=\"caption-attachment-4224\" class=\"wp-caption-text\">T\u00fai v\u1ea3i gi\u00e1 r\u1ebb M\u1eabu 01 11<\/figcaption><\/figure>\n<figure id=\"attachment_4223\" aria-describedby=\"caption-attachment-4223\" style=\"width: 800px\" class=\"wp-caption aligncenter\"><img loading=\"lazy\" decoding=\"async\" class=\"wp-image-4223 size-full\" src=\"https:\/\/quatang5sao.com\/wp-content\/uploads\/2019\/12\/TuiCanvas-006_compressed.jpg\" alt=\"T\u00fai canvas gi\u00e1 r\u1ebb M\u1eabu 01 12\" width=\"800\" height=\"418\" title=\"\" srcset=\"https:\/\/quatang5sao.com\/wp-content\/uploads\/2019\/12\/TuiCanvas-006_compressed.jpg 800w, https:\/\/quatang5sao.com\/wp-content\/uploads\/2019\/12\/TuiCanvas-006_compressed-510x266.jpg 510w, https:\/\/quatang5sao.com\/wp-content\/uploads\/2019\/12\/TuiCanvas-006_compressed-766x400.jpg 766w, https:\/\/quatang5sao.com\/wp-content\/uploads\/2019\/12\/TuiCanvas-006_compressed-768x401.jpg 768w\" sizes=\"auto, (max-width: 800px) 100vw, 800px\" \/><figcaption id=\"caption-attachment-4223\" class=\"wp-caption-text\">T\u00fai v\u1ea3i gi\u00e1 r\u1ebb M\u1eabu 01 12<\/figcaption><\/figure>\n<figure id=\"attachment_4222\" aria-describedby=\"caption-attachment-4222\" style=\"width: 800px\" class=\"wp-caption aligncenter\"><img loading=\"lazy\" decoding=\"async\" class=\"wp-image-4222 size-full\" src=\"https:\/\/quatang5sao.com\/wp-content\/uploads\/2019\/12\/TuiCanvas-015_compressed.jpg\" alt=\"T\u00fai canvas gi\u00e1 r\u1ebb M\u1eabu 01 13\" width=\"800\" height=\"790\" title=\"\" srcset=\"https:\/\/quatang5sao.com\/wp-content\/uploads\/2019\/12\/TuiCanvas-015_compressed.jpg 800w, https:\/\/quatang5sao.com\/wp-content\/uploads\/2019\/12\/TuiCanvas-015_compressed-100x100.jpg 100w, https:\/\/quatang5sao.com\/wp-content\/uploads\/2019\/12\/TuiCanvas-015_compressed-510x504.jpg 510w, https:\/\/quatang5sao.com\/wp-content\/uploads\/2019\/12\/TuiCanvas-015_compressed-405x400.jpg 405w, https:\/\/quatang5sao.com\/wp-content\/uploads\/2019\/12\/TuiCanvas-015_compressed-768x758.jpg 768w\" sizes=\"auto, (max-width: 800px) 100vw, 800px\" \/><figcaption id=\"caption-attachment-4222\" class=\"wp-caption-text\">T\u00fai v\u1ea3i gi\u00e1 r\u1ebb M\u1eabu 01 13<\/figcaption><\/figure>\n<figure id=\"attachment_4221\" aria-describedby=\"caption-attachment-4221\" style=\"width: 800px\" class=\"wp-caption aligncenter\"><img loading=\"lazy\" decoding=\"async\" class=\"wp-image-4221 size-full\" src=\"https:\/\/quatang5sao.com\/wp-content\/uploads\/2019\/12\/TuiCanvas-014_compressed.jpg\" alt=\"T\u00fai canvas gi\u00e1 r\u1ebb M\u1eabu 01 14\" width=\"800\" height=\"287\" title=\"\" srcset=\"https:\/\/quatang5sao.com\/wp-content\/uploads\/2019\/12\/TuiCanvas-014_compressed.jpg 800w, https:\/\/quatang5sao.com\/wp-content\/uploads\/2019\/12\/TuiCanvas-014_compressed-510x183.jpg 510w, https:\/\/quatang5sao.com\/wp-content\/uploads\/2019\/12\/TuiCanvas-014_compressed-768x276.jpg 768w\" sizes=\"auto, (max-width: 800px) 100vw, 800px\" \/><figcaption id=\"caption-attachment-4221\" class=\"wp-caption-text\">T\u00fai v\u1ea3i gi\u00e1 r\u1ebb M\u1eabu 01 14<\/figcaption><\/figure>\n<figure id=\"attachment_4220\" aria-describedby=\"caption-attachment-4220\" style=\"width: 800px\" class=\"wp-caption aligncenter\"><img loading=\"lazy\" decoding=\"async\" class=\"wp-image-4220 size-full\" src=\"https:\/\/quatang5sao.com\/wp-content\/uploads\/2019\/12\/TuiCanvas-013_compressed.jpg\" alt=\"T\u00fai canvas gi\u00e1 r\u1ebb M\u1eabu 01 15\" width=\"800\" height=\"800\" title=\"\" srcset=\"https:\/\/quatang5sao.com\/wp-content\/uploads\/2019\/12\/TuiCanvas-013_compressed.jpg 800w, https:\/\/quatang5sao.com\/wp-content\/uploads\/2019\/12\/TuiCanvas-013_compressed-247x247.jpg 247w, https:\/\/quatang5sao.com\/wp-content\/uploads\/2019\/12\/TuiCanvas-013_compressed-100x100.jpg 100w, https:\/\/quatang5sao.com\/wp-content\/uploads\/2019\/12\/TuiCanvas-013_compressed-510x510.jpg 510w, https:\/\/quatang5sao.com\/wp-content\/uploads\/2019\/12\/TuiCanvas-013_compressed-280x280.jpg 280w, https:\/\/quatang5sao.com\/wp-content\/uploads\/2019\/12\/TuiCanvas-013_compressed-400x400.jpg 400w, https:\/\/quatang5sao.com\/wp-content\/uploads\/2019\/12\/TuiCanvas-013_compressed-768x768.jpg 768w\" sizes=\"auto, (max-width: 800px) 100vw, 800px\" \/><figcaption id=\"caption-attachment-4220\" class=\"wp-caption-text\">T\u00fai v\u1ea3i gi\u00e1 r\u1ebb M\u1eabu 01 15<\/figcaption><\/figure>\n<figure id=\"attachment_4219\" aria-describedby=\"caption-attachment-4219\" style=\"width: 800px\" class=\"wp-caption aligncenter\"><img loading=\"lazy\" decoding=\"async\" class=\"wp-image-4219 size-full\" src=\"https:\/\/quatang5sao.com\/wp-content\/uploads\/2019\/12\/TuiCanvas-012_compressed.jpg\" alt=\"T\u00fai canvas gi\u00e1 r\u1ebb M\u1eabu 01 16\" width=\"800\" height=\"778\" title=\"\" srcset=\"https:\/\/quatang5sao.com\/wp-content\/uploads\/2019\/12\/TuiCanvas-012_compressed.jpg 800w, https:\/\/quatang5sao.com\/wp-content\/uploads\/2019\/12\/TuiCanvas-012_compressed-510x496.jpg 510w, https:\/\/quatang5sao.com\/wp-content\/uploads\/2019\/12\/TuiCanvas-012_compressed-411x400.jpg 411w, https:\/\/quatang5sao.com\/wp-content\/uploads\/2019\/12\/TuiCanvas-012_compressed-768x747.jpg 768w\" sizes=\"auto, (max-width: 800px) 100vw, 800px\" \/><figcaption id=\"caption-attachment-4219\" class=\"wp-caption-text\">T\u00fai v\u1ea3i gi\u00e1 r\u1ebb M\u1eabu 01 16<\/figcaption><\/figure>\n<figure id=\"attachment_4218\" aria-describedby=\"caption-attachment-4218\" style=\"width: 800px\" class=\"wp-caption aligncenter\"><img loading=\"lazy\" decoding=\"async\" class=\"wp-image-4218 size-full\" src=\"https:\/\/quatang5sao.com\/wp-content\/uploads\/2019\/12\/TuiCanvas-011_compressed.jpg\" alt=\"T\u00fai canvas gi\u00e1 r\u1ebb M\u1eabu 01 18\" width=\"800\" height=\"795\" title=\"\" srcset=\"https:\/\/quatang5sao.com\/wp-content\/uploads\/2019\/12\/TuiCanvas-011_compressed.jpg 800w, https:\/\/quatang5sao.com\/wp-content\/uploads\/2019\/12\/TuiCanvas-011_compressed-100x100.jpg 100w, https:\/\/quatang5sao.com\/wp-content\/uploads\/2019\/12\/TuiCanvas-011_compressed-510x507.jpg 510w, https:\/\/quatang5sao.com\/wp-content\/uploads\/2019\/12\/TuiCanvas-011_compressed-403x400.jpg 403w, https:\/\/quatang5sao.com\/wp-content\/uploads\/2019\/12\/TuiCanvas-011_compressed-768x763.jpg 768w\" sizes=\"auto, (max-width: 800px) 100vw, 800px\" \/><figcaption id=\"caption-attachment-4218\" class=\"wp-caption-text\">T\u00fai v\u1ea3i gi\u00e1 r\u1ebb M\u1eabu 01 18<\/figcaption><\/figure>\n<figure id=\"attachment_4217\" aria-describedby=\"caption-attachment-4217\" style=\"width: 800px\" class=\"wp-caption aligncenter\"><img loading=\"lazy\" decoding=\"async\" class=\"wp-image-4217 size-full\" src=\"https:\/\/quatang5sao.com\/wp-content\/uploads\/2019\/12\/TuiCanvas-016_compressed.jpg\" alt=\"T\u00fai canvas gi\u00e1 r\u1ebb M\u1eabu 01 19\" width=\"800\" height=\"429\" title=\"\" srcset=\"https:\/\/quatang5sao.com\/wp-content\/uploads\/2019\/12\/TuiCanvas-016_compressed.jpg 800w, https:\/\/quatang5sao.com\/wp-content\/uploads\/2019\/12\/TuiCanvas-016_compressed-510x273.jpg 510w, https:\/\/quatang5sao.com\/wp-content\/uploads\/2019\/12\/TuiCanvas-016_compressed-746x400.jpg 746w, https:\/\/quatang5sao.com\/wp-content\/uploads\/2019\/12\/TuiCanvas-016_compressed-768x412.jpg 768w\" sizes=\"auto, (max-width: 800px) 100vw, 800px\" \/><figcaption id=\"caption-attachment-4217\" class=\"wp-caption-text\">T\u00fai v\u1ea3i gi\u00e1 r\u1ebb M\u1eabu 01 19<\/figcaption><\/figure>\n<h2>In t\u00fai canvas gi\u00e1 r\u1ebb \u1edf \u0111\u00e2u?<\/h2>\n<p>Qu\u00fd kh\u00e1ch h\u00e0ng c\u00f3 nhu c\u1ea7u \u0111\u1eb7t h\u00e0ng vui l\u00f2ng li\u00ean h\u1ec7:<br \/>\nHotline &amp; Zalo:<\/p>\n<p><span style=\"color: #ff0000; font-size: 105%;\"><strong>Ha Noi: 0917.322.230<\/strong><\/span><br \/>\n<span style=\"color: #ff0000; font-size: 105%;\"><strong>S\u1ed1 1 \u2013 L\u0129nh Nam \u2013 Ho\u00e0ng Mai \u2013 H\u00e0 N\u1ed9i<\/strong><\/span><\/p>\n<p><span style=\"color: #008000; font-size: 105%;\"><strong>H\u1ed3 Ch\u00ed Minh: 0988.902.220<\/strong><\/span><br \/>\n<span style=\"color: #008000; font-size: 105%;\"><strong>S\u1ed1 214 \u2013 V\u00f5 V\u0103n Ng\u00e2n \u2013 B\u00ecnh Th\u1ecd \u2013 Th\u1ee7 \u0110\u1ee9c \u2013 H\u1ed3 Ch\u00ed Minh<\/strong><\/span><\/p>\n<p>#tuivai #tuicanvas #tuitote #xuongmaytuicanvas<\/p>","protected":false},"excerpt":{"rendered":"<ul>\n<li>Gi\u00e1 r\u1ebb t\u1ea1i x\u01b0\u1edfng s\u1ea3n xu\u1ea5t<\/li>\n<li>Ch\u1ea5t l\u01b0\u1ee3ng t\u1ed1t<\/li>\n<li>Free designing<\/li>\n<li>Print according to the customer's request<\/li>\n<li>S\u1ea3n xu\u1ea5t nhanh<\/li>\n<li>T\u01b0 v\u1ea5n 24\/7<\/li>\n<li>Kh\u00f4ng h\u1ea1n ch\u1ebf s\u1ed1 l\u01b0\u1ee3ng t\u1ed1i \u0111a<\/li>\n<\/ul>","protected":false},"featured_media":4215,"comment_status":"open","ping_status":"closed","template":"","meta":[],"product_brand":[],"product_cat":[638],"product_tag":[645,643,642,641,644,640],"class_list":{"0":"post-4214","1":"product","2":"type-product","3":"status-publish","4":"has-post-thumbnail","6":"product_cat-tui-canvas","7":"product_tag-in-tui-vai","8":"product_tag-tui-canvas","9":"product_tag-tui-vai","10":"product_tag-tui-vai-bo-gia-re","11":"product_tag-tui-vai-canvas","12":"product_tag-xuong-may-tui-vai-canvas","14":"first","15":"instock","16":"shipping-taxable","17":"product-type-simple"},"amp_enabled":true,"_links":{"self":[{"href":"https:\/\/quatang5sao.com\/en\/wp-json\/wp\/v2\/product\/4214","targetHints":{"allow":["GET"]}}],"collection":[{"href":"https:\/\/quatang5sao.com\/en\/wp-json\/wp\/v2\/product"}],"about":[{"href":"https:\/\/quatang5sao.com\/en\/wp-json\/wp\/v2\/types\/product"}],"replies":[{"embeddable":true,"href":"https:\/\/quatang5sao.com\/en\/wp-json\/wp\/v2\/comments?post=4214"}],"wp:featuredmedia":[{"embeddable":true,"href":"https:\/\/quatang5sao.com\/en\/wp-json\/wp\/v2\/media\/4215"}],"wp:attachment":[{"href":"https:\/\/quatang5sao.com\/en\/wp-json\/wp\/v2\/media?parent=4214"}],"wp:term":[{"taxonomy":"product_brand","embeddable":true,"href":"https:\/\/quatang5sao.com\/en\/wp-json\/wp\/v2\/product_brand?post=4214"},{"taxonomy":"product_cat","embeddable":true,"href":"https:\/\/quatang5sao.com\/en\/wp-json\/wp\/v2\/product_cat?post=4214"},{"taxonomy":"product_tag","embeddable":true,"href":"https:\/\/quatang5sao.com\/en\/wp-json\/wp\/v2\/product_tag?post=4214"}],"curies":[{"name":"wp","href":"https:\/\/api.w.org\/{rel}","templated":true}]}}