{"id":4159,"date":"2019-04-28T12:05:34","date_gmt":"2019-04-28T05:05:34","guid":{"rendered":"https:\/\/quatang5sao.com\/?post_type=product&#038;p=4159"},"modified":"2024-09-29T02:21:31","modified_gmt":"2024-09-28T19:21:31","slug":"tag-cao-su-tag-nhua-deo-gia-re-san-xuat-theo-yeu-cau","status":"publish","type":"product","link":"https:\/\/quatang5sao.com\/en\/tag-cao-su-tag-nhua-deo-gia-re-san-xuat-theo-yeu-cau\/","title":{"rendered":"Tag cao su &#8211; Tag nh\u1ef1a d\u1ebbo gi\u00e1 r\u1ebb &#8211; S\u1ea3n xu\u1ea5t theo y\u00eau c\u1ea7u"},"content":{"rendered":"<h2>Tag cao su<\/h2>\n<p>B\u1ea1n \u0111ang c\u00f3 nhu c\u1ea7u \u0111\u1eb7t h\u00e0ng <a href=\"https:\/\/quatang5sao.com\/en\/san-pham-qua-tang\/logo-cao-su-in-dap-noi-dap-chim-theo-yeu-cau\/\"><strong>tag nh\u1ef1a d\u1ebbo<\/strong><\/a> \u0111\u1ec3 s\u1eed d\u1ee5ng cho c\u00e1c m\u1ee5c \u0111\u00edch: may v\u00e0o qu\u1ea7n, \u00e1o, t\u00fai x\u00e1ch, ba l\u00f4&#8230;? B\u1ea1n \u0111ang mu\u1ed1n ch\u1ecdn \u0111\u01a1n v\u1ecb <strong>s\u1ea3n xu\u1ea5t nhanh<\/strong> v\u00e0 c\u00f3 <strong>gi\u00e1 th\u00e0nh th\u1ea5p<\/strong>?<\/p>\n<p>Ch\u00fang t\u00f4i ch\u00ednh l\u00e0 \u0111\u01a1n v\u1ecb s\u1ea3n xu\u1ea5t <a href=\"https:\/\/raovat.vnexpress.net\/toan-quoc\/dich-vu-tim-doi-ta-c\/logo-cao-su-logo-nhua-deo-mac-quan-ao-san-xuat-theo-yeu-cau-1957249.html\" target=\"_blank\" rel=\"noopener\"><strong>tag silicon<\/strong><\/a> theo y\u00eau c\u1ea7u m\u00e0 qu\u00fd kh\u00e1ch h\u00e0ng \u0111ang t\u00ecm ki\u1ebfm. V\u1edbi x\u01b0\u1edfng s\u1ea3n xu\u1ea5t m\u00e1y m\u00f3c hi\u1ec7n \u0111\u1ea1i, c\u00e1c s\u1ea3n ph\u1ea9m s\u1ea3n xu\u1ea5t r\u1ea5t tinh x\u1ea3o, s\u1eafc n\u00e9t. \u0110\u00e1p \u1ee9ng \u0111\u01b0\u1ee3c c\u00e1c y\u00eau c\u1ea7u cao c\u1ee7a kh\u00e1ch h\u00e0ng.<\/p>\n<p>H\u00e3y ch\u1ecdn Qu\u00e0 T\u1eb7ng 5 Sao l\u00e0 \u0111\u01a1n v\u1ecb s\u1ea3n xu\u1ea5t s\u1ea3n ph\u1ea9m <strong>Tag nh\u1ef1a d\u1ebbo<\/strong> cho b\u1ea1n b\u1edfi v\u00ec:<\/p>\n<ul>\n<li>Ch\u00fang t\u00f4i c\u00f3 <strong>x\u01b0\u1edfng <a href=\"https:\/\/medium.com\/@MinhTm63091092\/logo-cao-su-logo-nh%E1%BB%B1a-d%E1%BA%BBo-in-d%E1%BA%ADp-n%E1%BB%95i-d%E1%BA%ADp-ch%C3%ACm-theo-y%C3%AAu-c%E1%BA%A7u-cc81d77d218c\" target=\"_blank\" rel=\"noopener\">s\u1ea3n xu\u1ea5t tag cao su<\/a><\/strong> = &gt; Gi\u00e1 r\u1ebb<\/li>\n<li>D\u00e2y chuy\u1ec1n s\u1ea3n xu\u1ea5t hi\u1ec7n \u0111\u1ea1i, s\u1ea3n ph\u1ea9m <strong>ch\u1ea5t l\u01b0\u1ee3ng cao<\/strong><\/li>\n<li><strong>C\u00f3 l\u00e0m m\u1eabu<\/strong> tr\u01b0\u1edbc khi s\u1ea3n xu\u1ea5t<\/li>\n<li>S\u1ea3n xu\u1ea5t <strong>nhanh ch\u00f3ng<\/strong><\/li>\n<li><strong>Free designing<\/strong> theo y\u00eau c\u1ea7u c\u1ee7a kh\u00e1ch h\u00e0ng<\/li>\n<li><strong>T\u01b0 v\u1ea5n nhi\u1ec7t t\u00ecnh 24\/7<\/strong> bao g\u1ed3m c\u1ea3 ng\u00e0y ngh\u1ec9 l\u1ec5<\/li>\n<li>Thi\u1ebft k\u1ebf v\u00e0 b\u00e1o gi\u00e1 nhanh ch\u00f3ng ngay khi nh\u1eadn \u0111\u01b0\u1ee3c y\u00eau c\u1ea7u c\u1ee7a kh\u00e1ch h\u00e0ng<\/li>\n<\/ul>\n<p>Ch\u00fang t\u00f4i lu\u00f4n hi v\u1ecdng c\u00f3 th\u1ec3 ph\u1ee5c v\u1ee5 kh\u00e1ch h\u00e0ng chu \u0111\u00e1o nh\u1ea5t c\u00f3 th\u1ec3. R\u1ea5t mong nh\u1eadn \u0111\u01b0\u1ee3c s\u1ef1 h\u1ee3p t\u00e1c l\u00e2u d\u00e0i v\u1edbi qu\u00fd kh\u00e1ch h\u00e0ng.<\/p>\n<h2>S\u1ea3n xu\u1ea5t tag nh\u1ef1a d\u1ebbo<\/h2>\n<p><iframe loading=\"lazy\" title=\"Logo cao su - Logo nh\u1ef1a d\u1ebbo - D\u00e2y chuy\u1ec1n m\u00e1y m\u00f3c s\u1ea3n xu\u1ea5t logo cao su\" width=\"1020\" height=\"574\" src=\"https:\/\/www.youtube.com\/embed\/QbDZtds0P44?feature=oembed\" frameborder=\"0\" allow=\"accelerometer; autoplay; encrypted-media; gyroscope; picture-in-picture\" allowfullscreen><\/iframe><\/p>\n<h2>H\u00ecnh \u1ea3nh s\u1ea3n ph\u1ea9m<\/h2>\n<figure style=\"width: 800px\" class=\"wp-caption aligncenter\"><img loading=\"lazy\" decoding=\"async\" class=\"size-medium\" src=\"https:\/\/lh3.googleusercontent.com\/VKYFvEUJipqhTU5LSshJWepwUpFaFYbCxC1j6cysmlydTHmbFU6qUv_VK6Atnzg04JoTNPbsrSdVCKuAjTN-Bg37PYMAQ12ycIyY8DMT4nmZmZa2S6B8wOUxqfiVxkaw44tYH4OiWKps-qRh7EhtWI5hte29dzUArsTitEBuFlDmEtHPtqqS29YWYWlGZJh6j8uDIy_nbTcrVHCsod9I7ly8h5TldAGkLT0bc4P8zKFaT0qbsKTMSc40n1jKNb9y2-bhDKu32Ldj9mphEuHO2zKdg8t_qGdO8szneyjuCr-xYgztkwsjleXTgv2v_pNIExmpAI1xVI84bB5VL0l_I0nyjKhzNEVunOZeLklsBwRt0U2rTxZa3YmVmZAC9eaZzaXgXlRN47xGxwTd1eGalhgnqiU2lmQW-StVe4QchP5r1dHkFBh3bJ-WZXQ771_qpJC78LUuJ0OMj4nSI9HDXXNmO5I9XBuLb5mjONOBKr0VLaI8u3BCQw1Mwf4Fl-Giwp4iihl6T03iP69J2wrKylOJbYfWYIK-lD-e1cMPk7tYoC_avYD8lU-ludElFO7izLpqBkRM9xGAZ9Lv2fQda0WM-SZSCHwazhiVG6jc63tIpvlFFMhMIVkS4KrtV5OgOj9ns7JNNLCj7KKMDgM6V80DLHeWj7w=w800-h674-no\" alt=\"Tag nh\u1ef1a d\u1ebbo gi\u00e1 r\u1ebb - s\u1ea3n xu\u1ea5t theo y\u00eau c\u1ea7u\" width=\"800\" height=\"674\" title=\"\"><figcaption class=\"wp-caption-text\">Tag nh\u1ef1a d\u1ebbo gi\u00e1 r\u1ebb &#8211; s\u1ea3n xu\u1ea5t theo y\u00eau c\u1ea7u<\/figcaption><\/figure>\n<figure style=\"width: 800px\" class=\"wp-caption aligncenter\"><img loading=\"lazy\" decoding=\"async\" class=\"size-medium\" src=\"https:\/\/lh3.googleusercontent.com\/w1dWUwJRiUw318ElnarH8lLtxGREU2KHAD8M85NzdaUsR8Ke3jk0dLDOowY9gEiZn9VAyGFJK21w7SgD6X1BpJpHGGMLa8tcYhhDqVdXGcaUlFkTLVy-oHecDSSRwoD8aNFuAAKQCLjp1ORydiZC5VSgEy9A8Js2-QIEtflvek7Dds_9KGLPrLmjptSDfWxQQ3tPqJRuq5pl_nhnMcJgk5EQ0sNZfw-xTuTeLh39bXyPUj9de_sjcPJIdl9cBwztQ37rLmTph7dxS-3kb5KNeMwrWWov9QadQveyaXRbWnopBHJ_EulkpHlGGd3-dGAvknkEBRBSyOVoe4luhb2V-lgyGwtFZh741y6dlq_GlkNCewMOA3XpcjPzSK9XjWdAm2kbfXAhJQ-Sl-77fK_m9hz8rD7rj7ykoNrELsVf_WfoP6sjXN28eAKETy1Y3BeHrwR9On3k10GXdE-EYRsLI2Mr8b11WdFb1cOwllRy57FPWXpcUlCDD71BI7rRwGOnsjxeUOJ1zPvm8VvEaLgvGXBEvouSzcoZ3F3rKWxOPhvm7bsP_JIQ7ihEDylebZkxKHuL-Tocw-lOgkmGEF5rewLmq4iaz3QG22-ZuZNfy91MguRlfwcNi0yj4FN_cFGKzcO_TWNIQjqCat5Hqiwwh8MJEp5uccw=w800-h646-no\" alt=\"Tag silicon m\u1ecfng 2mm s\u1eed d\u1ee5ng may v\u00e0o qu\u1ea7n \u00e1o\" width=\"800\" height=\"646\" title=\"\"><figcaption class=\"wp-caption-text\">Tag silicon m\u1ecfng 2mm s\u1eed d\u1ee5ng may v\u00e0o qu\u1ea7n \u00e1o<\/figcaption><\/figure>\n<figure id=\"attachment_4092\" aria-describedby=\"caption-attachment-4092\" style=\"width: 400px\" class=\"wp-caption aligncenter\"><img loading=\"lazy\" decoding=\"async\" class=\"size-medium wp-image-4092\" src=\"https:\/\/quatang5sao.com\/wp-content\/uploads\/2018\/11\/Logo-cao-su-Logo-nh\u1ef1a-d\u1ebbo-5-400x400.jpg\" alt=\"Logo cao su - Logo silicon - Logo nh\u1ef1a d\u1ebbo\" width=\"400\" height=\"400\" title=\"\" srcset=\"https:\/\/quatang5sao.com\/wp-content\/uploads\/2018\/11\/Logo-cao-su-Logo-nh\u1ef1a-d\u1ebbo-5-400x400.jpg 400w, https:\/\/quatang5sao.com\/wp-content\/uploads\/2018\/11\/Logo-cao-su-Logo-nh\u1ef1a-d\u1ebbo-5-247x247.jpg 247w, https:\/\/quatang5sao.com\/wp-content\/uploads\/2018\/11\/Logo-cao-su-Logo-nh\u1ef1a-d\u1ebbo-5-100x100.jpg 100w, https:\/\/quatang5sao.com\/wp-content\/uploads\/2018\/11\/Logo-cao-su-Logo-nh\u1ef1a-d\u1ebbo-5-510x510.jpg 510w, https:\/\/quatang5sao.com\/wp-content\/uploads\/2018\/11\/Logo-cao-su-Logo-nh\u1ef1a-d\u1ebbo-5-280x280.jpg 280w, https:\/\/quatang5sao.com\/wp-content\/uploads\/2018\/11\/Logo-cao-su-Logo-nh\u1ef1a-d\u1ebbo-5-120x120.jpg 120w, https:\/\/quatang5sao.com\/wp-content\/uploads\/2018\/11\/Logo-cao-su-Logo-nh\u1ef1a-d\u1ebbo-5.jpg 661w\" sizes=\"auto, (max-width: 400px) 100vw, 400px\" \/><figcaption id=\"caption-attachment-4092\" class=\"wp-caption-text\">Logo cao su &#8211; Logo silicon &#8211; Logo nh\u1ef1a d\u1ebbo<\/figcaption><\/figure>\n<figure id=\"attachment_4160\" aria-describedby=\"caption-attachment-4160\" style=\"width: 400px\" class=\"wp-caption aligncenter\"><img loading=\"lazy\" decoding=\"async\" class=\"size-medium wp-image-4160\" src=\"https:\/\/quatang5sao.com\/wp-content\/uploads\/2019\/04\/Tag-cao-su-logo-400x400.jpg\" alt=\"Tag cao su gi\u00e1 r\u1ebb\" width=\"400\" height=\"400\" title=\"\" srcset=\"https:\/\/quatang5sao.com\/wp-content\/uploads\/2019\/04\/Tag-cao-su-logo-400x400.jpg 400w, https:\/\/quatang5sao.com\/wp-content\/uploads\/2019\/04\/Tag-cao-su-logo-247x247.jpg 247w, https:\/\/quatang5sao.com\/wp-content\/uploads\/2019\/04\/Tag-cao-su-logo-100x100.jpg 100w, https:\/\/quatang5sao.com\/wp-content\/uploads\/2019\/04\/Tag-cao-su-logo-510x510.jpg 510w, https:\/\/quatang5sao.com\/wp-content\/uploads\/2019\/04\/Tag-cao-su-logo-280x280.jpg 280w, https:\/\/quatang5sao.com\/wp-content\/uploads\/2019\/04\/Tag-cao-su-logo.jpg 533w\" sizes=\"auto, (max-width: 400px) 100vw, 400px\" \/><figcaption id=\"caption-attachment-4160\" class=\"wp-caption-text\">Tag cao su gi\u00e1 r\u1ebb<\/figcaption><\/figure>","protected":false},"excerpt":{"rendered":"<ul>\n<li>Tag cao su <strong>gi\u00e1 r\u1ebb<\/strong><\/li>\n<li>Ch\u1ea5t li\u1ec7u: <strong>cao su, silicon<\/strong><\/li>\n<li>S\u1ea3n xu\u1ea5t <strong>theo y\u00eau c\u1ea7u<\/strong><\/li>\n<li>Th\u1eddi gian s\u1ea3n xu\u1ea5t <strong>nhanh<\/strong><\/li>\n<li><strong>Mi\u1ec5n ph\u00ed<\/strong> thi\u1ebft k\u1ebf<\/li>\n<\/ul>","protected":false},"featured_media":4160,"comment_status":"open","ping_status":"closed","template":"","meta":[],"product_brand":[],"product_cat":[608],"product_tag":[616,615,614,613,612,611,610,609],"class_list":{"0":"post-4159","1":"product","2":"type-product","3":"status-publish","4":"has-post-thumbnail","6":"product_cat-logo-cao-su","7":"product_tag-in-nhan-mac","8":"product_tag-in-nhan-mac-gia-re","9":"product_tag-in-tem-nhan-mac","10":"product_tag-logo-ao","11":"product_tag-logo-cao-su","12":"product_tag-logo-nhua-deo","13":"product_tag-logo-quan-ao","14":"product_tag-nhan-mac-quan-ao","16":"first","17":"instock","18":"shipping-taxable","19":"product-type-simple"},"amp_enabled":true,"_links":{"self":[{"href":"https:\/\/quatang5sao.com\/en\/wp-json\/wp\/v2\/product\/4159","targetHints":{"allow":["GET"]}}],"collection":[{"href":"https:\/\/quatang5sao.com\/en\/wp-json\/wp\/v2\/product"}],"about":[{"href":"https:\/\/quatang5sao.com\/en\/wp-json\/wp\/v2\/types\/product"}],"replies":[{"embeddable":true,"href":"https:\/\/quatang5sao.com\/en\/wp-json\/wp\/v2\/comments?post=4159"}],"wp:featuredmedia":[{"embeddable":true,"href":"https:\/\/quatang5sao.com\/en\/wp-json\/wp\/v2\/media\/4160"}],"wp:attachment":[{"href":"https:\/\/quatang5sao.com\/en\/wp-json\/wp\/v2\/media?parent=4159"}],"wp:term":[{"taxonomy":"product_brand","embeddable":true,"href":"https:\/\/quatang5sao.com\/en\/wp-json\/wp\/v2\/product_brand?post=4159"},{"taxonomy":"product_cat","embeddable":true,"href":"https:\/\/quatang5sao.com\/en\/wp-json\/wp\/v2\/product_cat?post=4159"},{"taxonomy":"product_tag","embeddable":true,"href":"https:\/\/quatang5sao.com\/en\/wp-json\/wp\/v2\/product_tag?post=4159"}],"curies":[{"name":"wp","href":"https:\/\/api.w.org\/{rel}","templated":true}]}}