{"id":4095,"date":"2018-11-21T15:58:45","date_gmt":"2018-11-21T08:58:45","guid":{"rendered":"https:\/\/quatang5sao.com\/?post_type=product&#038;p=4095"},"modified":"2024-09-05T01:44:22","modified_gmt":"2024-09-04T18:44:22","slug":"logo-nhua-deo-in-len-vai-ni-so-luong-lon-gia-re","status":"publish","type":"product","link":"https:\/\/quatang5sao.com\/en\/logo-nhua-deo-in-len-vai-ni-so-luong-lon-gia-re\/","title":{"rendered":"Logo nh\u1ef1a d\u1ebbo in l\u00ean v\u1ea3i n\u1ec9 s\u1ed1 l\u01b0\u1ee3ng l\u1edbn gi\u00e1 r\u1ebb"},"content":{"rendered":"<h1>Logo nh\u1ef1a d\u1ebbo<\/h1>\n<p>C\u00f3 hai lo\u1ea1i ch\u00ednh: <a href=\"https:\/\/quatang5sao.com\/en\/san-pham-qua-tang\/logo-cao-su-in-dap-noi-dap-chim-theo-yeu-cau\/\"><strong>logo cao su in ch\u00ecm, in n\u1ed5i<\/strong><\/a> theo y\u00eau c\u1ea7u; v\u00e0 <strong>logo cao su in l\u00ean v\u1ea3i n\u1ec9<\/strong>. Qu\u00fd kh\u00e1ch tham kh\u1ea3o link v\u1ec1 <strong>logo cao su in ch\u00ecm<\/strong> \u0111\u1ec3 hi\u1ec3u r\u00f5 v\u1ec1 lo\u1ea1i \u0111\u00f3. \u1ede b\u00e0i n\u00e0y ch\u00fang t\u00f4i ch\u1ee7 y\u1ebfu gi\u1edbi thi\u1ec7u <strong>logo in l\u00ean v\u1ea3i n\u1ec9<\/strong>.<\/p>\n<p><strong>In logo cao su<\/strong> l\u00ean v\u1ea3i n\u1ec9 c\u00f3 \u0111i\u1ec3m \u0111\u1eb7c bi\u1ec7t l\u00e0 kh\u00f4ng ph\u1ea3i d\u1eadp th\u00e0nh m\u1ed9t kh\u1ed1i li\u1ec1n nhau nh\u01b0 lo\u1ea1i <a href=\"https:\/\/quatang5sao.com\/en\/danh-muc\/logo-cao-su\/\"><strong>logo cao su<\/strong><\/a>. M\u00e0 ph\u1ea7n cao su \u0111\u01b0\u1ee3c \u0111\u1ed5 v\u00e0o khu\u00f4n r\u1ed3i d\u00e1n l\u00ean <strong>v\u1ea3i n\u1ec9<\/strong>. Do \u0111\u00f3 gi\u00e1 c\u1ea3 r\u1ebb h\u01a1n lo\u1ea1i tr\u01b0\u1edbc.<\/p>\n<p>V\u1edbi \u0111\u1eb7c \u0111i\u1ec3m s\u1eed d\u1ee5ng keo nhi\u1ec7t \u0111\u1ec3 d\u00e1n n\u00ean ph\u1ea7n cao su b\u00e1m d\u00ednh v\u1edbi ph\u1ea7n v\u1ea3i n\u1ec9 r\u1ea5t t\u1ed1t. N\u1ec1n v\u1ea3i n\u1ec9 \u0111\u01b0\u1ee3c s\u1eed d\u1ee5ng r\u1ea5t d\u1ec5 ph\u1ed1i h\u1ee3p v\u1edbi c\u00e1c t\u00f4ng m\u00e0u kh\u00e1c. L\u1ea1i c\u00f3 nhi\u1ec1u c\u00e1ch thi\u1ebft k\u1ebf d\u1ec5 th\u01b0\u01a1ng, \u0111\u00e1ng y\u00eau. Do \u0111\u00f3 \u0111\u01b0\u1ee3c s\u1eed d\u1ee5ng nhi\u1ec1u \u0111\u1ec3 l\u00e0m nh\u00e3n m\u00e1c qu\u1ea7n \u00e1o tr\u1ebb em, balo, t\u00fai x\u00e1ch, l\u00e0m qu\u00e0 t\u1eb7ng handmade&#8230;<\/p>\n<p>Kh\u00e1ch h\u00e0ng \u0111\u1ebfn v\u1edbi Qu\u00e0 T\u1eb7ng 5 Sao c\u00f2n \u0111\u01b0\u1ee3c t\u01b0 v\u1ea5n nhi\u1ec7t t\u00ecnh, c\u1ee5 th\u1ec3, \u0111\u01b0\u1ee3c h\u1ed7 tr\u1ee3 thi\u1ebft k\u1ebf logo, nh\u00e3n m\u00e1c mi\u1ec5n ph\u00ed. Ch\u00fang t\u00f4i r\u1ea5t vui l\u00f2ng \u0111\u01b0\u1ee3c ph\u1ee5c v\u1ee5 qu\u00fd kh\u00e1ch h\u00e0ng.<\/p>\n<h1>Video m\u00e1y s\u1ea3n xu\u1ea5t logo nh\u1ef1a d\u1ebbo<\/h1>\n<p><iframe loading=\"lazy\" width=\"1020\" height=\"574\" src=\"https:\/\/www.youtube.com\/embed\/QbDZtds0P44?feature=oembed\" frameborder=\"0\" allow=\"accelerometer; autoplay; encrypted-media; gyroscope; picture-in-picture\" allowfullscreen><\/iframe><\/p>\n<h1>\u1ea2nh s\u1ea3n ph\u1ea9m logo cao su in l\u00ean v\u1ea3i n\u1ec9<\/h1>\n<figure style=\"width: 935px\" class=\"wp-caption alignnone\"><img loading=\"lazy\" decoding=\"async\" class=\"size-full\" src=\"https:\/\/lh3.googleusercontent.com\/UESd2wj-BBvaI-IbLUsbPijwg7V--YRwsNvfqw1IV-SOasdIXVU0WNsO9X0GZaaGyGe70VxQtLWNRmL9eSOhzLa0YXWeS_Q1saKV5ypp47sJ28fqnEHP_w5_j4M7BcdppKKOGKOEvCjf67zegi5YKIrM-fLE7Hh3rxRXoKcmWnk8UIbj7uO7vKxABxS2H7x2d8HN2K12f25lMrvrnT3NtWkFfYaxcjs8iSpK2oHRKO2hszyO8V7qyULR1bSOPAmlBZITLITF1FhdS6Cl_l4SrSU4ze3Jy-4mZmKMeESTdu2XKkzhban7TvSrpbFlsFudqs_rlByr0aSSs1FgK7a1Bug3-RhUJdoI-JtYe6iBkfiQTy1Ma-x9U6z_JtK8TbHu2G9YHFoOw0HwNMGLASfj_qQ8cKBB8YNLXlTNP7v1mJsYFmMuLDINpqdJiQZQtMtERGchigqFirlA91uj7AgUaC8avsiDMqnOvjqyhC-uf9i0NvGKTw4rIbKbbmWlmt1SuopTG-gem7xiammSuTz9qiqNihbhLpUmNWMnx9bX6-DmtuktZuNTXVXfRiXXqAJc0iOxEOg63XuwS2abdl8G-qgScl6UuCVsKi3vVFfi1-XJ3HxDkHUwokyLYZXKz9a6my8c_bTfZ8t4bKNzKewcMBw2=w935-h654-no\" alt=\"Logo nh\u1ef1a d\u1ebbo b\u1eb1ng cao su in l\u00ean v\u1ea3i n\u1ec9 l\u00e0m nh\u00e3n m\u00e1c qu\u1ea7n \u00e1o\" width=\"935\" height=\"654\" title=\"\"><figcaption class=\"wp-caption-text\">Logo nh\u1ef1a d\u1ebbo b\u1eb1ng cao su in l\u00ean v\u1ea3i n\u1ec9 l\u00e0m nh\u00e3n m\u00e1c qu\u1ea7n \u00e1o<\/figcaption><\/figure>\n<figure style=\"width: 1167px\" class=\"wp-caption alignnone\"><img loading=\"lazy\" decoding=\"async\" class=\"size-full\" src=\"https:\/\/lh3.googleusercontent.com\/hMXHFNaTQg_xHtiKwq_2Wl6kRkU0caXmWOymB6DQkJ5BpVZHj9NYt6HW4T5y2EP6SnuiQKCoeFkzYEGfdLg7ptv5BrCbO_17DeMs2RMg0E87nPISkgkVqMXMCN0-qhJv-pgV6nG0m1kh6rNOzaOuFVBCoERq8YTAC7rFo28w0NZoGLcxVaulzZdE3j-5w4CpkdegqmICj7_Pqcj17yNMyXhJIi8NR6C6KlJkB6y8qMDB8bFMnEBPk2ALlyMZ8OTkOxILG8wnPGTzLebpeo3WUWPAcpoiXmzXCgWWIACNb7S-tqMTZNSQw8oDXK1UVjXFkdQwAIQj55iSHgdpqffxn8VkeQIfLdbATnVrRyYTSKd47EbTxJ7UteWxKLqdy8DNp9DsHyKoKeNmTqjXyZQdjTS9STRtsnpWik_UDHhzwPs2C3BKHnW92Gk6SzsuGOSkP-PksLOj5HvssVRmJy86TNPtJlkYAjhOe-2d_I6okxJN8P0tW1phcC3hiatvdzfYoYaxJj606bKfTGDmNadLXcpVgS35qX-1ATHQbEaoLu_Qb9Gw5Qe9J6NsguuNLYf9MmUO0GzgopBfANly-m0ke2Xzu7io9YN1CIADJAvBPy9fTevlx4x1BmBSb2k1OIOjN6re8qRYci2zVNbfyyhtpEVf=w1167-h654-no\" alt=\"Logo nh\u1ef1a d\u1ebbo in l\u00ean v\u1ea3i n\u1ec9 l\u00e0m nh\u00e3n m\u00e1c ho\u1eb7c trang tr\u00ed\" width=\"1167\" height=\"654\" title=\"\"><figcaption class=\"wp-caption-text\">Logo nh\u1ef1a d\u1ebbo in l\u00ean v\u1ea3i n\u1ec9 l\u00e0m nh\u00e3n m\u00e1c ho\u1eb7c trang tr\u00ed<\/figcaption><\/figure>\n<figure style=\"width: 1360px\" class=\"wp-caption alignnone\"><img loading=\"lazy\" decoding=\"async\" class=\"size-full\" src=\"https:\/\/lh3.googleusercontent.com\/B7MyzJXwcMaK3r17o7O7SdgZ8xs7A809lZMcQTIK9O1H23UAHJ4VjqGzOkFZEMjv1AfahaGE2LD_IVMD-QGvinCI75Ho4gZG5vFKTDKAv_5ENYbcFqggjFsKsDfQVq23C7gNbw5bxATZCVC6r85Z0mr_F2tEVDgGr0ep8SGYk9lPDu6NVCIcQtzroiwojczXIVGUqk3ZxlWwD_HSx68oXRP9tlAl7_-Uho3Es7bLEK0froWzJqlmOrNJ8zwvjUcQOMyKDEwv4qvek3gHiuBwvTWM7eBZdFAIed8fOHAaACZr-oNNpU4qvE5nP_oH9iVH8eiejKux1bcDh01Yoir7pva9c7kf-Htu2UhPou0WmLe3py9Pb0XurLWQRtPx7jbbxc3_OuVJGGMz21ywT04o-lzBBoNwsa70YLpV4GtsTI5i8tUawtS8SE9T74LjzQntZ1-mmFcLg1ZzxLUlVpCJqGu-OyOlIAY3vWnKKpo4giyjqxC57kfIYbA84ZALlHfsDKnT1_wp51wKimCGbSrd9tQk1LVigUSkVMACq3R7ZOzQDWLPtXFOsfw_6bU8svhpOvfmfzB5Fididu6iJ1EiG9P9IsSipMdXAUYKBgDt_PJLipyWUT94_3kbWDyUjzxzFoJrdRme2Om6I0ABzaVGNiek=w1360-h646-no\" alt=\"Logo nh\u1ef1a d\u1ebbo in l\u00ean v\u1ea3i n\u1ec9 gi\u00e1 r\u1ebb t\u1ea1i x\u01b0\u1edfng\" width=\"1360\" height=\"646\" title=\"\"><figcaption class=\"wp-caption-text\">Logo nh\u1ef1a d\u1ebbo in l\u00ean v\u1ea3i n\u1ec9 gi\u00e1 r\u1ebb t\u1ea1i x\u01b0\u1edfng<\/figcaption><\/figure>\n<figure style=\"width: 1264px\" class=\"wp-caption alignnone\"><img loading=\"lazy\" decoding=\"async\" class=\"size-full\" src=\"https:\/\/lh3.googleusercontent.com\/tQGb6yG8oREMSpwfnWdMPFUPbmYhy794oPJRylp2sORFj5fhK4S9qyKNOA-c5fW-jOXDtDb-EVxsyloMlnpwssOQosqZ0VkyD91GP9mvFRWnmdrSZyZJiuJIsQr3CjJvflbAbBr-YVF7XnfD7ZOYVBk_VK5gGsSkyg6eUWsgnmWuorjpTBa8_rJONmiHS46e8SAUd0Zoqey3ZTCmlLtxIj6UljcAoqjr5AVqk0CyRoKs1gD9fOg1evMxWESa6agH3g_AOVnYNaH7njpHLJUFb5bg1pRNk0LEtt4E_rekmKeT_OBqQQQvypp9LxKQZS0qKYREBFjLCQM0ylhBoS3XPhr_kDQ2Y_9wiNvfacAMMG4qDVrqUH1LMyXbaVjA4LuJRbi4mB7-QT0l1QYLJcxBB5TycBWg77ggc4v_9M6TCB8RJdRCzlpgZLkaJ-GolpQfyxqr6x-lkXWEbkbcWlygGpUKlX_UvpeWBZa9kST3JEtUUn9R13dFzH9PZA9tWrRgVeQ4Bb1XkSJwxruRAVsYl9OFxSmTu_TWUVjx4IQ1yA4ORr2eIEfQo-UDdh0-S34ZIYcp-Eiz9FS1SB4SastvDqF6J5cgkWFJ4hLZZ9pTIvPSSmUlG8LMevqGPRPim19Ka9VdBT4DQhaD_R6_3cOD0AMf=w1265-h654-no\" alt=\"Logo cao su nh\u1ef1a d\u1ebbo in l\u00ean v\u1ea3i n\u1ec9 gi\u00e1 r\u1ebb\" width=\"1264\" height=\"654\" title=\"\"><figcaption class=\"wp-caption-text\">Logo cao su nh\u1ef1a d\u1ebbo in l\u00ean v\u1ea3i n\u1ec9 gi\u00e1 r\u1ebb<\/figcaption><\/figure>\n<figure style=\"width: 1360px\" class=\"wp-caption alignnone\"><img loading=\"lazy\" decoding=\"async\" class=\"size-full\" src=\"https:\/\/lh3.googleusercontent.com\/KePBEXhi6NoEyN_S90OlHKC0Rbs4iKg70rLL-u7Whjix01mmrgHlWpTRzfh4rokLJ3J8Rp0Kyc4LG4c6X-hhBmS7TWkhl6cSXH-3jl3ps1C8ElUSxnC31xAi_p-FLKcuE9z5jUbGpfZbB0dMiSpFdCm-eDP6wLz_lkO_D5qB9rZ-Vc6CGJCcWMHysugMc1tz2kiWAmVy2qIeP0goK-ysJzdUvv5d-bl3zNHPVOXHBCITg_OJF7ZyiwuOTf49O2KTDN2INIb_QrV-7CIQ2yPjmNsOMMCCW-jecaEWzcc3l_i57hRPwUXhOGNA3oV6oG8NcNy6Dfp4emMed_Y9kp88n6krbEFX6BH0erBs42hcJc60j56gv4bxNlUQmaeOT9ofpKnmFcfi1tcReNdw1QNQtymjgpNQ_dbA91ThfnnMl44yGxyb4YbMp7qHmLzKbc2lgx7MMRA943fZ7Rgnill9ItdfUZg10XfKwTwSngryKfD5e36PmNCq1eetltpT-_3Wtij989lx4p8t6Fhq_ijlPHyaoUfCkVrEre0RacgmtiL7dtcc3iQUzpdqQgkrHjokkYXsn69b7h1s5gYTsTZYexYPwRKx9gDaCEQHoT_fGp2mmrPGpgJXSlMKD1LwMBujMannHlOG16aXPixgM8sO2b0g=w1360-h561-no\" alt=\"In logo cao su l\u00ean v\u1ea3i n\u1ec9 gi\u00e1 r\u1ebb\" width=\"1360\" height=\"561\" title=\"\"><figcaption class=\"wp-caption-text\">In logo cao su l\u00ean v\u1ea3i n\u1ec9 gi\u00e1 r\u1ebb<\/figcaption><\/figure>\n<figure style=\"width: 1360px\" class=\"wp-caption alignnone\"><img loading=\"lazy\" decoding=\"async\" class=\"size-full\" src=\"https:\/\/lh3.googleusercontent.com\/KONaUcF_M1p2K3ygSp1kxnow7B05yKgoVvCxkVfQpg6fERkHAG3HU6m93LAWfy1NG7hBtGHJ0fE6-rAfGUlzK7Q56RdS2NOuYwSv_ErcDvaRT-V7ZfaV5_XnudtH-ieScgHl07wDoc96KTpRWgg57IA2ceTr14xVY7s2SEL6l7RjNeX68HfaQf7737FCZ0w0BSpp9irhgEcajzBbmQJ7t4DPsd9wAPknqEgJ6hK4IKAA9kjh6kwnWOZnU7RmUJmRyS-1os0ZXC8YVIuVqDkyKdUMC2HQXPssvc7-Nk4hKpRllydtjUKKGVwjrlLL8wckFadq0qrpgAEawcqHqd0pvL_nBhqSR0XUOwuE-QrWzbHLcBUXva2oi7E0qmn6F6uSjjqafiOfNiWMToWD3kG_P4musyarhJCiaZOs19dSIzd2BpcGq3rdmHdywlgltPC8KkDZCrsGM9vibF9PXKW9SiO6-eSV6YmEDUXmCchwJ3kmvvBEToWaawbhu49EbeTVLUu4w550MUMme6zSwsl4S2tGjVO7pQyoeGgHb0oENXDbtLUcnoPPSfwYeWPzskMcSBSdW-LGqgNm5kedSqINoGeamSbZuomQnJaHugRIX70Lf6AxlMLvV_PoGG5bjvAzQsSuk6QHisqFQLGr1q4kvHz0=w1360-h550-no\" alt=\"In Logo nh\u1ef1a d\u1ebbo l\u00ean v\u1ea3i n\u1ec9 gi\u00e1 r\u1ebb\" width=\"1360\" height=\"550\" title=\"\"><figcaption class=\"wp-caption-text\">In Logo nh\u1ef1a d\u1ebbo l\u00ean v\u1ea3i n\u1ec9 gi\u00e1 r\u1ebb<\/figcaption><\/figure>\n<figure style=\"width: 1360px\" class=\"wp-caption alignnone\"><img loading=\"lazy\" decoding=\"async\" class=\"size-full\" src=\"https:\/\/lh3.googleusercontent.com\/O8T3e4It7b2IwOqRjZrXLx2xFsEllNpv5Qy800-i-6Ddd_82sulEzk6LjfiCuWwfyHGKx5Bb6_QIZa8wHKNBQUWBZLOKpb3EiF95FEQonNieQXt44woKzK6r39VmTdLFG14_f_00JGspB7RnjvX4QLQdzkcAZXmJ2c7bIu5k-1EISm7rpSIQIyeEyts9hB5o_u8G4-4vOJazKE_fAupsrSEsG6XZglp-wW7ok6iR4utnxa5frBO9Y3NHrFm9KrEZtuXkey_G5OEJsWnK7IWyH3Sw25DHbdwssKJUAl5z3SyCQgE6KT09dTu60pveWBMuIdyRKJhB6IsUYMC7qH5A8_bjvgwNd1Lcc7u36nmHV9-al3ldlTW4Jn9XsodTXxdhIzWM5TQwALhn-Rksjlod2QpqQadql9KNu5gS6_UVUFGoEa80DJnVyHINxb2DYBgAMktHKfiCjg6yYKvGL7J8xP4TsLu6MXq16HAEfvKUayBwMxaTBKc2VxO82bABSA9YI_szyrUYNMiFnQRirSrudX4Z8WWcvfA-2YwtYe6pgVs1cHYQRW7OWasaYXnR8WWwoEUlIEeKeWmZYlseqb8Z1FeRIo463KKVHwoYQtXBcRuqQArW1zaaMUTC9i2u7-_GtzkG-5X3AW5HJY9X7U7ycUBz=w1360-h643-no\" alt=\"Logo nh\u1ef1a d\u1ebbo in theo y\u00eau c\u1ea7u l\u00ean v\u1ea3i n\u1ec9, gi\u00e1 r\u1ebb\" width=\"1360\" height=\"642\" title=\"\"><figcaption class=\"wp-caption-text\">Logo nh\u1ef1a d\u1ebbo in theo y\u00eau c\u1ea7u l\u00ean v\u1ea3i n\u1ec9, gi\u00e1 r\u1ebb<\/figcaption><\/figure>\n<figure style=\"width: 569px\" class=\"wp-caption alignnone\"><img loading=\"lazy\" decoding=\"async\" class=\"size-full\" src=\"https:\/\/lh3.googleusercontent.com\/HZ9tt8C2lhrWRvgo8jDGn-wKfebK3HmfvHXy6SGsh7XneAPw2EL4hDK2ccRVrHLircVrZTnkClYXgKhSaclfmwZgs66uYJUDp8CtTeaJeGn3dM6R4dz97YX1Cw1lI_NoHQQtVcgzC2i4oh1QKGFOK6cg8IzUssQwufCELXvN1ZkFbu2251JhT6PFjlxqPSPGzIzpTDlelzUmnkxyf-xM9zomDa2nZTVJU3aUUNIYJ31BBpz_RwNH7VKC8cVEPtNRkU1o0ouELZOJ_GbJ9yhx2F1HBhJo5B_vYVc6Q4-cQt3v08juPGeFlT_BA-Ylg0TG_XYN6aOMfhu_FvifaHbKAPG5zkm885HOZUJMXs1LgT_i0kGkhvQYUxvvGMULyA0JnYyqi2wCldDHTFk1PBd5WrzWs326ji73UXG5gM-hZEzF14NSS2yEN_iyOg6Bn_6kLj47tsH0ocxmbhRepPqGoWdfOTS3IiDeNw6AI1NOn03Ps-JX041v8ah6a67BLTPE4bMLewWHguAVlZpvBnrdVcu88V5JEmwaPgRXn0aH8l48J-6tV-u7FQT57P_J1gYGgJX4d4g8bEH76-FshHhKBR03GCVrmdD7W-TCUelqUel2WXtbZ7nwx_66JGrTi4jmDFBa63zfO2STb4Ckd58lZaf_=s569-no\" alt=\"Logo nh\u1ef1a d\u1ebbo l\u00e0m nh\u00e3n m\u00e1c qu\u1ea7n \u00e1o\" width=\"569\" height=\"569\" title=\"\"><figcaption class=\"wp-caption-text\">Logo nh\u1ef1a d\u1ebbo l\u00e0m nh\u00e3n m\u00e1c qu\u1ea7n \u00e1o<\/figcaption><\/figure>\n<figure id=\"attachment_4096\" aria-describedby=\"caption-attachment-4096\" style=\"width: 754px\" class=\"wp-caption alignnone\"><img loading=\"lazy\" decoding=\"async\" class=\"size-full wp-image-4096\" src=\"https:\/\/quatang5sao.com\/wp-content\/uploads\/2018\/11\/Logo-cao-su-Logo-nhua-deo-9.jpg\" alt=\"Logo cao su nh\u1ef1a d\u1ebbo in l\u00ean v\u1ea3i n\u1ec9\" width=\"754\" height=\"754\" title=\"\" srcset=\"https:\/\/quatang5sao.com\/wp-content\/uploads\/2018\/11\/Logo-cao-su-Logo-nhua-deo-9.jpg 754w, https:\/\/quatang5sao.com\/wp-content\/uploads\/2018\/11\/Logo-cao-su-Logo-nhua-deo-9-247x247.jpg 247w, https:\/\/quatang5sao.com\/wp-content\/uploads\/2018\/11\/Logo-cao-su-Logo-nhua-deo-9-100x100.jpg 100w, https:\/\/quatang5sao.com\/wp-content\/uploads\/2018\/11\/Logo-cao-su-Logo-nhua-deo-9-510x510.jpg 510w, https:\/\/quatang5sao.com\/wp-content\/uploads\/2018\/11\/Logo-cao-su-Logo-nhua-deo-9-280x280.jpg 280w, https:\/\/quatang5sao.com\/wp-content\/uploads\/2018\/11\/Logo-cao-su-Logo-nhua-deo-9-400x400.jpg 400w, https:\/\/quatang5sao.com\/wp-content\/uploads\/2018\/11\/Logo-cao-su-Logo-nhua-deo-9-120x120.jpg 120w\" sizes=\"auto, (max-width: 754px) 100vw, 754px\" \/><figcaption id=\"caption-attachment-4096\" class=\"wp-caption-text\">Logo cao su nh\u1ef1a d\u1ebbo in l\u00ean v\u1ea3i n\u1ec9<\/figcaption><\/figure>\n<h1>Li\u00ean h\u1ec7 \u0111\u1eb7t h\u00e0ng in logo<\/h1>\n<p>Hotline &amp; Zalo:<\/p>\n<p>Ha Noi: 0917.322.230<\/p>\n<p>S\u1ed1 1 \u2013 L\u0129nh Nam \u2013 Ho\u00e0ng Mai \u2013 H\u00e0 N\u1ed9i<\/p>\n<p>H\u1ed3 Ch\u00ed Minh: 0988.902.220<\/p>\n<p>S\u1ed1 214 \u2013 V\u00f5 V\u0103n Ng\u00e2n \u2013 B\u00ecnh Th\u1ecd \u2013 Th\u1ee7 \u0110\u1ee9c \u2013 H\u1ed3 Ch\u00ed Minh<\/p>","protected":false},"excerpt":{"rendered":"<p>Logo nh\u1ef1a d\u1ebbo C\u00f3 hai lo\u1ea1i ch\u00ednh: logo cao su in ch\u00ecm, in n\u1ed5i theo y\u00eau c\u1ea7u; v\u00e0 logo cao su in l\u00ean v\u1ea3i n\u1ec9. Qu\u00fd kh\u00e1ch tham kh\u1ea3o link v\u1ec1 logo cao su in ch\u00ecm \u0111\u1ec3 hi\u1ec3u r\u00f5 v\u1ec1 lo\u1ea1i \u0111\u00f3. \u1ede b\u00e0i n\u00e0y ch\u00fang t\u00f4i ch\u1ee7 y\u1ebfu gi\u1edbi thi\u1ec7u logo in l\u00ean v\u1ea3i [&#8230;]\n","protected":false},"featured_media":4096,"comment_status":"open","ping_status":"closed","template":"","meta":[],"product_brand":[],"product_cat":[608],"product_tag":[616,615,614,613,612,611,610,609],"class_list":{"0":"post-4095","1":"product","2":"type-product","3":"status-publish","4":"has-post-thumbnail","6":"product_cat-logo-cao-su","7":"product_tag-in-nhan-mac","8":"product_tag-in-nhan-mac-gia-re","9":"product_tag-in-tem-nhan-mac","10":"product_tag-logo-ao","11":"product_tag-logo-cao-su","12":"product_tag-logo-nhua-deo","13":"product_tag-logo-quan-ao","14":"product_tag-nhan-mac-quan-ao","16":"first","17":"instock","18":"shipping-taxable","19":"product-type-simple"},"amp_enabled":true,"_links":{"self":[{"href":"https:\/\/quatang5sao.com\/en\/wp-json\/wp\/v2\/product\/4095","targetHints":{"allow":["GET"]}}],"collection":[{"href":"https:\/\/quatang5sao.com\/en\/wp-json\/wp\/v2\/product"}],"about":[{"href":"https:\/\/quatang5sao.com\/en\/wp-json\/wp\/v2\/types\/product"}],"replies":[{"embeddable":true,"href":"https:\/\/quatang5sao.com\/en\/wp-json\/wp\/v2\/comments?post=4095"}],"wp:featuredmedia":[{"embeddable":true,"href":"https:\/\/quatang5sao.com\/en\/wp-json\/wp\/v2\/media\/4096"}],"wp:attachment":[{"href":"https:\/\/quatang5sao.com\/en\/wp-json\/wp\/v2\/media?parent=4095"}],"wp:term":[{"taxonomy":"product_brand","embeddable":true,"href":"https:\/\/quatang5sao.com\/en\/wp-json\/wp\/v2\/product_brand?post=4095"},{"taxonomy":"product_cat","embeddable":true,"href":"https:\/\/quatang5sao.com\/en\/wp-json\/wp\/v2\/product_cat?post=4095"},{"taxonomy":"product_tag","embeddable":true,"href":"https:\/\/quatang5sao.com\/en\/wp-json\/wp\/v2\/product_tag?post=4095"}],"curies":[{"name":"wp","href":"https:\/\/api.w.org\/{rel}","templated":true}]}}