{"id":4093,"date":"2018-11-13T15:59:50","date_gmt":"2018-11-13T08:59:50","guid":{"rendered":"https:\/\/quatang5sao.com\/?post_type=product&#038;p=4093"},"modified":"2024-09-16T14:48:10","modified_gmt":"2024-09-16T07:48:10","slug":"logo-cao-su-in-dap-noi-dap-chim-theo-yeu-cau","status":"publish","type":"product","link":"https:\/\/quatang5sao.com\/en\/logo-cao-su-in-dap-noi-dap-chim-theo-yeu-cau\/","title":{"rendered":"Logo cao su in d\u1eadp n\u1ed5i d\u1eadp ch\u00ecm theo y\u00eau c\u1ea7u"},"content":{"rendered":"<h1>Rubber Tag<\/h1>\n<p><strong>Logo b\u1eb1ng cao su<\/strong> \u0111\u01b0\u1ee3c in d\u1eadp n\u1ed5i, d\u1eadp ch\u00ecm theo y\u00eau c\u1ea7u \u0111\u1eb7t h\u00e0ng. T\u1ea5t c\u1ea3 s\u1ea3n ph\u1ea9m <strong>logo b\u1eb1ng cao su<\/strong> \u0111\u01b0\u1ee3c s\u1ea3n xu\u1ea5t b\u1eb1ng m\u00e1y m\u00f3c hi\u1ec7n \u0111\u1ea1i.<\/p>\n<p>M\u00e1y CNC d\u00f9ng \u0111\u1ec3 t\u1ea1o khu\u00f4n d\u1eadp b\u1eb1ng kim lo\u1ea1i c\u00f3 \u0111\u1ed9 ch\u00ednh x\u00e1c cao, tinh x\u1ea3o, gi\u00fap s\u1ea3n ph\u1ea9m in ra s\u1ebd s\u1eafc n\u00e9t. Ngo\u00e0i ra m\u00e1y s\u01a1n <a href=\"https:\/\/shopvongtaycaosu.com\/vong-tay-cao-su\/\" target=\"_blank\" rel=\"noopener\"><strong>m\u1ef1c cao su<\/strong><\/a> ch\u1ea5t l\u01b0\u1ee3ng cao gi\u00fap pha m\u00e0u \u0111\u00e1p \u1ee9ng theo y\u00eau c\u1ea7u c\u1ee7a kh\u00e1ch h\u00e0ng. Sau khi d\u1eadp qua khu\u00f4n, s\u1ea3n ph\u1ea9m <strong>logo<\/strong> \u0111\u01b0\u1ee3c \u0111\u01b0a qua m\u00e1y s\u01a1n m\u00e0u theo thi\u1ebft k\u1ebf. Cu\u1ed1i c\u00f9ng s\u1ebd \u0111\u01b0a v\u00e0o m\u00e1y h\u1ea5p s\u1ea5y \u0111\u1ec3 \u0111\u1ea3m b\u1ea3o m\u1ef1c d\u00ednh ch\u1eafc, b\u1ec1n, r\u1ea5t kh\u00f3 phai.<\/p>\n<p>B\u00ean c\u1ea1nh d\u00e0n m\u00e1y m\u00f3c hi\u1ec7n \u0111\u1ea1i, ch\u00fang t\u00f4i c\u0169ng c\u00f3 \u0111\u1ed9i ng\u0169 thi\u1ebft k\u1ebf s\u1ea3n ph\u1ea9m chuy\u00ean nghi\u1ec7p. C\u00e1c <strong>logo<\/strong> kh\u00e1ch h\u00e0ng g\u1eedi \u0111\u1ebfn ch\u00fang t\u00f4i \u0111\u1ec1u c\u00f3 th\u1ec3 thi\u1ebft k\u1ebf l\u1ea1i d\u1ea1ng vector \u0111\u1ec3 ph\u00f9 h\u1ee3p cho d\u00e2y chuy\u1ec1n s\u1ea3n xu\u1ea5t. Ho\u1eb7c kh\u00e1ch h\u00e0ng ch\u1ec9 c\u1ea7n n\u00eau \u00fd t\u01b0\u1edfng, ch\u00fang t\u00f4i s\u1ebd <a href=\"https:\/\/shopvongtaycaosu.com\/vong-tay-cao-su\/huong-dan-thiet-ke-vong-tay-cao-su\/\" target=\"_blank\" rel=\"noopener\"><strong>thi\u1ebft k\u1ebf logo<\/strong><\/a> h\u1ed9 kh\u00e1ch h\u00e0ng.<\/p>\n<p><strong>Rubber Tag<\/strong> ph\u00f9 h\u1ee3p s\u1eed d\u1ee5ng l\u00e0m <strong>nh\u00e3n m\u00e1c qu\u1ea7n \u00e1o<\/strong>, <strong>\u0111\u1ebf l\u00f3t c\u1ed1c<\/strong>, <strong>mi\u1ebfng l\u00f3t ly<\/strong>, <strong>nh\u00e3n balo<\/strong>, <strong>t\u00fai x\u00e1ch<\/strong>&#8230; T\u00f9y theo m\u1ee5c \u0111\u00edch s\u1eed d\u1ee5ng c\u1ee7a kh\u00e1ch h\u00e0ng&#8230;<\/p>\n<h1>H\u00ecnh \u1ea3nh s\u1ea3n ph\u1ea9m logo nh\u1ef1a d\u1ebbo<\/h1>\n<figure style=\"width: 712px\" class=\"wp-caption alignnone\"><img loading=\"lazy\" decoding=\"async\" class=\"size-full\" src=\"https:\/\/lh3.googleusercontent.com\/UBK4jUB_0Pc2k8zP6XJMsZbp8jqiXWBGNHfvXSvyINyCDrhbePMvIYC0om9OweUBRqXFBVdSo3RxgJlO7Y_uhDuW32HCtUbXi_bDTEdyApmVqgDwmX95m4VJAVyCWcGYu1KS10MOcnjtgM2ktWQC0VehXGZavLNctyElkrUiJYVB9dhn9mB9Fe1267wwfKpl-6tIGFa_YYe6X2Ypk1HWos49jQXToXYm48ZU40c-SCdrzxRWuar0dQxVVyD5JH24vu8vxYMMqy4Zw9oal_QRUjnm9PLNF6ceH9DHn8_vXv_f6UckbeJIOveGqU3naXq5YxYtIBs_ptPj8E5NlCp3P6bQIOM9JYDOBMBgjBFhGL-5QFjjZjGXmB7RdqJ9AGpvwKggNZwkKD6Nr0NOo8ll0xUXTX3meYcH0EELobmonoaAJgOyrzR3OyzKpGhJWyVkvViVZKKsZq0091F2l-cuS0KYft8VHF5cHZR6x6jtLgPuglBzXjX3LfqfAYhCrCE57d4E5plCL6hAFUKhruEdffwBF1NKzxuixRZK1mWiout1kA80G97CvRcNA4bbGEoy-aIqSRdoA-Zq80iOZKp6SVcrt43CXHcma0tyFuPKgxy3Iaxn89HXsLIDsNQZvvwBbZ84YatxVzHs63vV2VRyWs1nOF1NcOKI-uB89fHiuldP=w712-h654-no\" alt=\"Logo cao su gi\u00e1 r\u1ebb - x\u01b0\u1edfng s\u1ea3n xu\u1ea5t logo cao su\" width=\"712\" height=\"654\" title=\"\"><figcaption class=\"wp-caption-text\">Logo cao su gi\u00e1 r\u1ebb &#8211; x\u01b0\u1edfng s\u1ea3n xu\u1ea5t logo cao su<\/figcaption><\/figure>\n<figure style=\"width: 750px\" class=\"wp-caption alignnone\"><img loading=\"lazy\" decoding=\"async\" class=\"size-full\" src=\"https:\/\/lh3.googleusercontent.com\/97TNksqdrNvplIfm1FzhEk3hrRXNNQrBY4X0hSfE_lc-4bCxXlzY2iF6SKlsw5qpBpY6ZrNEyRDrwMUbgqM5OF7BAHi0VmpNxYgJwfoTrqZOCqXrlMldtZb99GVVCRP0am5scAV0fNBLUramdCdAbYiNVTe7dAibX9Y8fCWrzaw0CuqJjx3JnB3zqrWENGjiXBmD5Y_Deut4T0nGiG4B4Xf4fhUEYGpWzucQAXw2EeUepq9sCiAw5z-6t6D19lbGlpUldIMBJDBbTVHeHnAI847LAsW3CyhNBNHjKwzxVd6FfQZ1iK5usHb-Y9k3UGf0KVMw8NYma3SHxUGL-js9e2pwRQbNokXoJRXfYcF-sEL5g0HJ5_fe62pi08vBIVby8iL3QKj8f17Hr-RqUM9IHcZ1fhdKaU1fw74O2XyHu2x936dl1RiiVpTV15KxirW-8qTpzB61sWpAiDa0qU5GkjK_Fj5A4J4nnTLrtwJrhTLRC7duzxXN4EzkOLly1mIIxS0hFw_ZQTWoUZNy4nLCyMaOrbX31wJHrNkENLTcDHq9Kq--sQ2cOLa6mfAQlvFW24fSI20GGZntowvHCt2YWgKuPCCUr3Cv_sLlbJ9p6IqlMhyXImqI9HTV0zHsArVC8IqXujbdUzOhTL3E7RKzgJkBVAk9k6lyQ3JBUMmXh0vT=w750-h471-no\" alt=\"Logo cao su - x\u01b0\u1edfng s\u1ea3n xu\u1ea5t logo cao su gi\u00e1 r\u1ebb\" width=\"750\" height=\"471\" title=\"\"><figcaption class=\"wp-caption-text\">Logo cao su &#8211; x\u01b0\u1edfng s\u1ea3n xu\u1ea5t logo cao su gi\u00e1 r\u1ebb<\/figcaption><\/figure>\n<figure style=\"width: 398px\" class=\"wp-caption alignnone\"><img loading=\"lazy\" decoding=\"async\" class=\"size-full\" src=\"https:\/\/lh3.googleusercontent.com\/eGNmgTu7ICAJhpZQeLRYaUnth2vEmLeHNEty_w0Yk-ZjRhWxPRKs8XjIZai1eCqY42OkW_unD6FUTcK2iLdtA5VX-PWwHJxBajYH7tPQbCSXDN380ItI2YJ_APdheXn56K19OXHlWrm0ahdAW-Vjz2cc3Zg_gbxfxjpp5DDkIbpnC57WD_S_4OeVC7vcNSV0l0ur1I0V5WvYpSl4qcLkJ-JRWYDbBIpTiTBKQ3OSHO0r2uaE3hrCRphtzm4ECu39SY4T0jYeC8kNkj6kbii4c9Sy9ieWDkcpvNNOfLPKhvDMPxvfYTjPVuS7ybp51VPA_fygr8pdkdN9pQoxlRZmleuqAFK3vd0-zHlKQYQlN3_JA2bTTSB-nsTPhrsstkVaxULOgCJDsAdsiFHYLC4R3C99n3F-8tn77So3Gzb7CnWyG-q-BjCxclXx-dn_bZHChT0ym1SdTVIChpPcCRLg2Jw2eQMLNzqfekKJpg-7YqPxPN4LM5ZSP7saVxpDtdBLw5KnNMY2l28SDH4NDPGnOilou_YcIRy4fmsQtWMQ0LWoU4b-oqP7zEIOFMd-lqJtrK6BCqraF9kkRpqHXYQ3X2VFx0ennE3csFqlUpR0-VLTpdWQxM53ioVbsJVEQRDYNsAO5HxFyZJcVN7FLvFhwYKyTm5Jj1LJ9P_qVXTy2EMx=w398-h654-no\" alt=\"Logo cao su in n\u1ed5i - nh\u00e3n cao su in n\u1ed5i\" width=\"398\" height=\"654\" title=\"\"><figcaption class=\"wp-caption-text\">Logo cao su in n\u1ed5i &#8211; nh\u00e3n cao su in n\u1ed5i<\/figcaption><\/figure>\n<figure style=\"width: 750px\" class=\"wp-caption alignnone\"><img loading=\"lazy\" decoding=\"async\" class=\"size-full\" src=\"https:\/\/lh3.googleusercontent.com\/7FDMgSzV89Jnj1lEx9uqdcYyd0XiZwnDtvZ_15qXKiHyCWGXiGaQz5f6DgPY_mQYAbHNRX0CwN82iIzwHRZgYIN2DrNAr58uDSEnK_-yTwCyDWSHOCZuxGu_Aawl5Uc29OC8O56COQl0r29ybO3T2yUk2qBqdCmohM-HDoiEH7K-fKb0EyzKRA9F0m8K0LUUf1KNuyKPaXQzli9WcYKFH2DJ5pLazR0eK3O86geyW3bmGNS3oHcIMSw-Wny1F_jsDqacFjQC5brSN5gO5Ad1b0KpP1_Dv5Y5xFU0kmbdoyEM6yFQ7a99CUEOl39FqG8_T_FmRiDJMfI6sFX5tjzYGgQ4Fil_DtRtkUW_Tbk8jjU7Dof8Z8oDbFg1KY5pIo5zDhsyBLJGPjq1DD1mXxQeqHI6wEISXfZ0gGbfAx5J-z4xM5iNkd1mcgiUgpJ6LN2T84WGDfUTa0s211X78w_MuwyEi4dLDr6uVv14Wo5O3f2F_NsJSSZPbkRReE7IzCULwhmbBcTywZPfNquS5gsG7TfUfPnRnZ-vUe17PMFW1tT4a6ldSU99OmXMC7-gmaqXBzSMPeWbU8BubbeHoOW7C9NRtnuyJnqJJj-sSMyIn3VqE5ZP-DZi3JZN-0eyujIMEL9w_cyvxthu-n1AaP64WLiFWzOAOiURHBrNvd6s6K4p=w750-h564-no\" alt=\"Logo cao su - Logo nh\u1ef1a d\u1ebbo gi\u00e1 r\u1ebb\" width=\"750\" height=\"564\" title=\"\"><figcaption class=\"wp-caption-text\">Logo cao su &#8211; Logo nh\u1ef1a d\u1ebbo gi\u00e1 r\u1ebb<\/figcaption><\/figure>\n<figure style=\"width: 654px\" class=\"wp-caption alignnone\"><img loading=\"lazy\" decoding=\"async\" class=\"size-full\" src=\"https:\/\/lh3.googleusercontent.com\/WTO1jIm2OZJoQSnCXEGGdtTtwoiEpBiReMPyX_R7Sdw1Es_PqyV5-ZqURM5tlMu6h8TkK25UEVFhKa-ACoFnnF_xTBOmUZgClHXvz8AR-4zmAlKw-q8ta6FL24mPH-uSDqz2lBU55z7T8hOzSWWu1dyrURW9sFHH3JtiGPu925cp174g9v55Gcn3adfwDGD3zGwtKZpDTcdyR0FypJvXbWUvaN9WDdnS7SE6B04vnB25873V_tAN-8fFcSUOrKJ5qfba3KXP3kkS_YEWSBhbINEyBUqsSboNrRE5jv-dg1fb0zAMBWgtAIdjQ6nypxsZg7JelQkjTFoUO9-hf3kVLJ-z6A9tijz5ipG5acrfshgfwUsdfcyEBKTTDQuUys_R0QfnKUspp7rlXVgBgq3u0R4b52qdWqJuqDpfMQoLpqDQFyv6W8ST1oPUIJTKm0EbC-NFAxvwE6oJLnsfyS0sINdCYoUtSXpwIgc77PyYftbOoKHzHOfK7ZHt2NiHdjt_FzN2qR5TXFG8QgbtA-4fIqjJ7iZFXgxZ6HmC-YRNMt-ldqsbknTanhieBKRH6SCAGmTI6phvoyTUGRMNLpf_vjk7LrnR2SueoCEBqqY6rgDm24iLMnKhb7wE8Cen_x14EWvop9etx15Vm0EZFn4BE9h2ORRBiqpG4TeTLpWU9tRV=s654-no\" alt=\"Logo cao su \u00e1o \u0111\u1ed3ng ph\u1ee5c gi\u00e1 r\u1ebb\" width=\"654\" height=\"654\" title=\"\"><figcaption class=\"wp-caption-text\">Logo cao su \u00e1o \u0111\u1ed3ng ph\u1ee5c gi\u00e1 r\u1ebb<\/figcaption><\/figure>\n<figure style=\"width: 654px\" class=\"wp-caption alignnone\"><img loading=\"lazy\" decoding=\"async\" class=\"size-full\" src=\"https:\/\/lh3.googleusercontent.com\/wYvUVHbmG7alybBHuxY5yezXIFIhAld_JiyHCp2QNYcUH5v-QpWCzLmwfD-gDwa4PJMckoy8mz-mm-SSW5QX4woInGDR-pMcQVBlcAR4uJjPYy04ceKSZv03PFLOojAjcMgDxjpuKdxPcgmq3iyWDvtgd6YO3HPC05dKE8RABoRUZasTI1dDDPKArLD1psvoAjjQLt3jFd1qL_i-uyU30vJpTDtfwjAA0iFxlT8SErsTx4yBhk2nWuI698S17zI6dIj7vLnT6R-yS-r53CU5T76qx0gjxg5eWgUGLZyP0M6CCqxLBvy5eg9RlKKuGVeO-IFu1m-wyYin4lQYjBdDu9PD1j_ZgrlzwL_rlLAYC8R6XkeHFKNuX2mbEMXRiL7lrKO3_6K78oL26hn2GS8dm4OGeDMt3N958hidqoK_6Vr0_rxb_PGn3DC802bxOdHcr7r5tJSziKIRdbXuypFrirLBLSJjxC-Ib52IAE0m_VxvyNTz-KkjspkEH0dLrtvEUWgorHBAeAaoef0rOqSgfVXMmWXqC1yRMmaBh4-geMh8llqQ8WJwtMnZpXuhiso8Z9wqPPhcXKupg46_rAp46RdmvLWu465xT_19oUTaLzp0a1P9Xs-hTaSZH5tW2jIIT1gzHxnS9HsyXFu3ewOcYSkjS3JDrHU6RNWgSgFjy3dg=s654-no\" alt=\"Logo cao su - x\u01b0\u1edfng s\u1ea3n xu\u1ea5t logo \u00e1o \u0111\u1ed3ng ph\u1ee5c b\u1eb1ng cao su\" width=\"654\" height=\"654\" title=\"\"><figcaption class=\"wp-caption-text\">Logo cao su &#8211; x\u01b0\u1edfng s\u1ea3n xu\u1ea5t logo \u00e1o \u0111\u1ed3ng ph\u1ee5c b\u1eb1ng cao su<\/figcaption><\/figure>\n<figure style=\"width: 654px\" class=\"wp-caption alignnone\"><img loading=\"lazy\" decoding=\"async\" class=\"size-full\" src=\"https:\/\/lh3.googleusercontent.com\/TIKJz-Gp_gQ65acZfkIgMf8EzjPIJyxWNBV33Xq57t3EM2mVGizTru0N4FQDHaA0Wwb7wo4LSx5DrmJs0Me5I5X_afq4iQYetWQApjuMWCAYVD4QV0QZnvoMy-3RpuH-UEqz4o5_r0cjiO23ZYFhH6ANiG_MhsM7pAdpwbc4CR2u6B1Kv6vCWJAMCGscjPGA69-kwkHs9PwBg2lbBN7rxdWgYLXiNMmHvmvoJ5EgEMu2LbhmQyp1M3A3bV08l87hDh7AwGs3W1UgZT2ZYtpgzM7wXXoxcMtTYDXXjDiorxVkdD-OYNcowoevEYeOMnNT8HnXz6xbLNwCzbFnj7NyAcc1-Ce35xBH_xSNJCzSZ9M4V9FpBemKMlh40KSNDi3ArChxJGHPI5r7Xz8xO4F5xm4BP3-WWEITkpG32S2GYOl3ht3_V1mlcX7oM4l7BRr8Ka-5GX51GnrHz0u7Lk8-CiMQe9AzAavVjXJZRRc4UmJrztKMow-6f40xzk-41Wmt982bzmdxHt2ShwGCB_1zwm8JGgqashrrCLDZy3aKJMvY4x0IpU3uYTSekuTGyQqU5Z8GFj91zJLu3JIl-N9nmDZ4hkUHAV9IkH7r3KIvgx5JiyryYHuubkmiONdbDXgeaED7oMnjkotv4MKqKk-21KNcNSWwZg7PY4D2bD3boF8n=s654-no\" alt=\"Logo cao su - x\u01b0\u1edfng s\u1ea3n xu\u1ea5t logo \u00e1o \u0111\u1ed3ng ph\u1ee5c gi\u00e1 r\u1ebb\" width=\"654\" height=\"654\" title=\"\"><figcaption class=\"wp-caption-text\">Logo cao su &#8211; x\u01b0\u1edfng s\u1ea3n xu\u1ea5t logo \u00e1o \u0111\u1ed3ng ph\u1ee5c gi\u00e1 r\u1ebb<\/figcaption><\/figure>\n<figure style=\"width: 972px\" class=\"wp-caption alignnone\"><img loading=\"lazy\" decoding=\"async\" class=\"size-full\" src=\"https:\/\/lh3.googleusercontent.com\/USjturFX7atV-31lFkEgtwPdOT5JR6LCqejaDWvCaEMh5LObuhVrqR3wfy3aEdM8MzByQAztS2rwva-pMs-1-O0sR6EbZOVYLvmowlM-wy5SoFSCNJ4YeFBns26y6WA6yMqBejx5ElgPDqfGqwXgcFUyJVLCmes-DhU6LC2LjOXcPozWtXAIbUC030Me7pIRaZSf0_xe66Y0WHvynerY48suqH6XtIasTgzXkhyVufR2GbbMrhQNNnxjCjnaLVSi07jGIBcv3g0Wt6E7TW4h7H2diRGBMLeixXrlnHsrsNDI1ssjt1Sbr9RpYQq99Wo59LY6Fm9JNGH5Um3b4FCkJt9eKn6PIP0IlBcQljhSSRaiuCyxjfX4-gMD1_fgooliO6Hag2iCRa4P5lTnqWINEPRZW5ZupzsCcdxqk_XQLZnNhlfDmBo4qBPQSHZ7KYay62gw5WBiKtyQIubtvsqgAv65g52IgzE5ap6oJgGqMH4xqwPr0NmbyZvHu17dbt9SJmyj3U1-NnGyN5kgrSpYhWi_LJrmjpChYaxe24LhSyIjx1Trv48U0dehZFS71V80EOw8qdeOJ7qBRYuklsZL18OYGtS7U25ws8qJRNVvODr5LeNoefDNrMN6mH4AGxuLZV8YTy_JZ17eJcd6NTZ_144A2fODYoYj4LUxQRNhuWOe=w973-h654-no\" alt=\"Logo cao su g\u1eafn \u00e1o \u0111\u1ed3ng ph\u1ee5c gi\u00e1 r\u1ebb\" width=\"972\" height=\"654\" title=\"\"><figcaption class=\"wp-caption-text\">Logo cao su g\u1eafn \u00e1o \u0111\u1ed3ng ph\u1ee5c gi\u00e1 r\u1ebb<\/figcaption><\/figure>\n<figure style=\"width: 773px\" class=\"wp-caption alignnone\"><img loading=\"lazy\" decoding=\"async\" class=\"size-full\" src=\"https:\/\/lh3.googleusercontent.com\/G3hIevbUyFmAmmSla-lo37v0UjSzq2BdX4k6UsG_6kEcobw6HIOt-zgdA7-MnsvA4oF3YxS62SmIytMf-aYM49Vfrg0YQGvJzD1oUVgNz9bbZRDEsPPUp3937EaAWbu32sHWJy2ckwqitEUxTGsxx0pAkht7TYRiKCAsKDyjBD5-BXVPQT8r9WD9YIRETeV1JSVHebpaNAqZ9ODS3Zj9-8WlmHL1N_oEqMElhBf9gvp4WRTWtkxsT8waz-FfiQq7W1MgWIwd6UM08aVnadu7BSRWWMomgRURoHBmqbxKWppMwnrfIggxPhccxNbJD9_L68gCVxi7tq8IYcYt0b3DLpco1_fby05FmNLH4O5r2D6hDUkrEVstWVTCd-eyNCTyopeQ37DHvStoF6rpkMSP88HZMIhgc49EaK-qu6TPI9U_CxP4v6rrMsLQcUMpYM6IgFIat2LYt3CeIbLn9DTmVRgyomaFeHdu9nDnl1B1LomKLPsIcYYXBHsEPqiHgwaTRVURYZHJGmNl6vzew5GoQo1QZyTdPt-NeEl89A_TwX3PJl6MqWF-UfF0CfUuTLMUfA-9foYzv_2jHOXF-Fg2Q0pgBq5zCBZBhko8du22TDgP94g4lmAXINQWE5EmemJ563gvRxBkIf9lV8SZ9Re8q1hNbIumKIzvtDVwXVdXCRQX=w773-h654-no\" alt=\"X\u01b0\u1edfng s\u1ea3n xu\u1ea5t logo cao su \u00e1o \u0111\u1ed3ng ph\u1ee5c\" width=\"773\" height=\"654\" title=\"\"><figcaption class=\"wp-caption-text\">X\u01b0\u1edfng s\u1ea3n xu\u1ea5t logo cao su \u00e1o \u0111\u1ed3ng ph\u1ee5c<\/figcaption><\/figure>\n<h1>Video x\u01b0\u1edfng s\u1ea3n xu\u1ea5t logo b\u1eb1ng cao su<\/h1>\n<p><iframe loading=\"lazy\" width=\"1020\" height=\"574\" src=\"https:\/\/www.youtube.com\/embed\/QbDZtds0P44?feature=oembed\" frameborder=\"0\" allow=\"accelerometer; autoplay; encrypted-media; gyroscope; picture-in-picture\" allowfullscreen><\/iframe><\/p>\n<h1>Li\u00ean h\u1ec7 \u0111\u1eb7t h\u00e0ng logo b\u1eb1ng nh\u1ef1a d\u1ebbo<\/h1>\n<p><span style=\"font-size: 120%;\"><strong>Hotline &amp; Zalo:<\/strong><\/span><\/p>\n<p><span style=\"font-size: 120%; color: #ff0000;\"><strong>Ha Noi: 0917.322.230<\/strong><\/span><\/p>\n<p><span style=\"font-size: 120%; color: #ff0000;\"><strong>S\u1ed1 1 \u2013 L\u0129nh Nam \u2013 Ho\u00e0ng Mai \u2013 H\u00e0 N\u1ed9i<\/strong><\/span><\/p>\n<p><span style=\"font-size: 120%; color: #008000;\"><strong>H\u1ed3 Ch\u00ed Minh: 0988.902.220<\/strong><\/span><\/p>\n<p><span style=\"font-size: 120%; color: #008000;\"><strong>S\u1ed1 214 \u2013 V\u00f5 V\u0103n Ng\u00e2n \u2013 B\u00ecnh Th\u1ecd \u2013 Th\u1ee7 \u0110\u1ee9c \u2013 H\u1ed3 Ch\u00ed Minh<\/strong><\/span><\/p>","protected":false},"excerpt":{"rendered":"<p>Logo cao su Logo b\u1eb1ng cao su \u0111\u01b0\u1ee3c in d\u1eadp n\u1ed5i, d\u1eadp ch\u00ecm theo y\u00eau c\u1ea7u \u0111\u1eb7t h\u00e0ng. T\u1ea5t c\u1ea3 s\u1ea3n ph\u1ea9m logo b\u1eb1ng cao su \u0111\u01b0\u1ee3c s\u1ea3n xu\u1ea5t b\u1eb1ng m\u00e1y m\u00f3c hi\u1ec7n \u0111\u1ea1i. M\u00e1y CNC d\u00f9ng \u0111\u1ec3 t\u1ea1o khu\u00f4n d\u1eadp b\u1eb1ng kim lo\u1ea1i c\u00f3 \u0111\u1ed9 ch\u00ednh x\u00e1c cao, tinh x\u1ea3o, gi\u00fap s\u1ea3n ph\u1ea9m in [&#8230;]\n","protected":false},"featured_media":4092,"comment_status":"open","ping_status":"closed","template":"","meta":[],"product_brand":[],"product_cat":[608],"product_tag":[616,615,614,613,612,611,610,609],"class_list":{"0":"post-4093","1":"product","2":"type-product","3":"status-publish","4":"has-post-thumbnail","6":"product_cat-logo-cao-su","7":"product_tag-in-nhan-mac","8":"product_tag-in-nhan-mac-gia-re","9":"product_tag-in-tem-nhan-mac","10":"product_tag-logo-ao","11":"product_tag-logo-cao-su","12":"product_tag-logo-nhua-deo","13":"product_tag-logo-quan-ao","14":"product_tag-nhan-mac-quan-ao","16":"first","17":"instock","18":"shipping-taxable","19":"product-type-simple"},"amp_enabled":true,"_links":{"self":[{"href":"https:\/\/quatang5sao.com\/en\/wp-json\/wp\/v2\/product\/4093","targetHints":{"allow":["GET"]}}],"collection":[{"href":"https:\/\/quatang5sao.com\/en\/wp-json\/wp\/v2\/product"}],"about":[{"href":"https:\/\/quatang5sao.com\/en\/wp-json\/wp\/v2\/types\/product"}],"replies":[{"embeddable":true,"href":"https:\/\/quatang5sao.com\/en\/wp-json\/wp\/v2\/comments?post=4093"}],"wp:featuredmedia":[{"embeddable":true,"href":"https:\/\/quatang5sao.com\/en\/wp-json\/wp\/v2\/media\/4092"}],"wp:attachment":[{"href":"https:\/\/quatang5sao.com\/en\/wp-json\/wp\/v2\/media?parent=4093"}],"wp:term":[{"taxonomy":"product_brand","embeddable":true,"href":"https:\/\/quatang5sao.com\/en\/wp-json\/wp\/v2\/product_brand?post=4093"},{"taxonomy":"product_cat","embeddable":true,"href":"https:\/\/quatang5sao.com\/en\/wp-json\/wp\/v2\/product_cat?post=4093"},{"taxonomy":"product_tag","embeddable":true,"href":"https:\/\/quatang5sao.com\/en\/wp-json\/wp\/v2\/product_tag?post=4093"}],"curies":[{"name":"wp","href":"https:\/\/api.w.org\/{rel}","templated":true}]}}