{"id":3960,"date":"2018-09-27T00:14:19","date_gmt":"2018-09-26T17:14:19","guid":{"rendered":"https:\/\/quatang5sao.com\/?post_type=product&#038;p=3960"},"modified":"2022-05-08T17:47:35","modified_gmt":"2022-05-08T10:47:35","slug":"qua-tet-dep-set-qua-tang-chat-luong-cao","status":"publish","type":"product","link":"https:\/\/quatang5sao.com\/en\/qua-tet-dep-set-qua-tang-chat-luong-cao\/","title":{"rendered":"Qu\u00e0 t\u1ebft \u0111\u1eb9p \u00fd ngh\u0129a &#8211; Set qu\u00e0 t\u1eb7ng ch\u1ea5t l\u01b0\u1ee3ng cao"},"content":{"rendered":"<h1><span style=\"color: #808080;\">Qu\u00e0 t\u1ebft<\/span><\/h1>\n<p><span style=\"color: #808080; font-size: 110%;\">\u0110\u1ec1 t\u00ecm v\u00e0 l\u1ef1a ch\u1ecdn nh\u1eefng b\u1ed9 <a href=\"https:\/\/quatang5sao.com\/en\/san-pham-qua-tang\/bo-qua-tang-y-nghia-giftset-set-qua-tang-mau-05\/\"><strong>qu\u00e0 t\u1eb7ng bi\u1ebfu \u0111\u1ed1i t\u00e1c<\/strong><\/a>, kh\u00e1ch h\u00e0ng trong d\u1ecbp l\u1ec5 t\u1ebft l\u00e0 m\u1ed9t \u0111i\u1ec1u kh\u00e1 \u0111au \u0111\u1ea7u. Ch\u1ee7 y\u1ebfu v\u00ec nh\u1eefng b\u1ed9 s\u1ea3n ph\u1ea9m nh\u00e2n d\u1ecbp n\u00e0y c\u00f3 ch\u1ea5t l\u01b0\u1ee3ng kh\u00f4ng t\u01b0\u01a1ng x\u1ee9ng v\u1edbi gi\u00e1 c\u1ea3. Ch\u00ednh v\u00ec v\u1eady, Qu\u00e0 t\u1eb7ng 5 Sao \u0111\u01b0a ra m\u1ed9t s\u1ed1 b\u1ed9 <a href=\"https:\/\/quatang5sao.com\/en\/\"><strong>qu\u00e0 t\u1eb7ng ch\u1ea5t l\u01b0\u1ee3ng cao<\/strong><\/a>. Nh\u01b0ng do nh\u1eadp t\u1eeb nh\u00e0 s\u1ea3n xu\u1ea5t, kh\u00f4ng qua trung gian kh\u00e1c t\u1ea1i Vi\u1ec7t Nam. N\u00ean <strong>gi\u00e1 c\u1ea3 ph\u1ea3i ch\u0103ng<\/strong> v\u00e0 <strong>ch\u1ea5t l\u01b0\u1ee3ng \u0111\u1ea3m b\u1ea3o<\/strong>.<\/span><\/p>\n<p><span style=\"color: #808080; font-size: 110%;\">Ngo\u00e0i ra, qu\u00fd kh\u00e1ch h\u00e0ng khi \u0111\u1eb7t h\u00e0ng c\u00f3 th\u1ec3 y\u00eau c\u1ea7u <a href=\"https:\/\/shopvongtaycaosu.com\/\" target=\"_blank\" rel=\"noopener\"><strong>in logo<\/strong><\/a> c\u00f4ng ty, th\u00f4ng tin ng\u01b0\u1eddi t\u1eb7ng l\u00ean s\u1ea3n ph\u1ea9m. Nh\u1edd v\u1eady b\u1ed9 qu\u00e0 t\u1eb7ng giftset n\u00e0y mang \u0111\u1eadm d\u1ea5u \u1ea5n c\u1ee7a c\u00f4ng ty, c\u00e1 nh\u00e2n. Gi\u00fap ng\u01b0\u1eddi \u0111\u01b0\u1ee3c <strong>t\u1eb7ng qu\u00e0<\/strong> lu\u00f4n ghi nh\u1edb th\u00f4ng tin ng\u01b0\u1eddi t\u1eb7ng qu\u00e0 r\u1ea5t d\u1ec5 d\u00e0ng.<\/span><\/p>\n<p><span style=\"color: #808080; font-size: 110%;\">H\u01a1n n\u1eefa, nh\u1eefng s\u1ea3n ph\u1ea9m c\u00f3 trong <a href=\"https:\/\/quatang5sao.com\/en\/danh-muc\/bo-qua-tang\/\"><strong>giftset<\/strong><\/a> \u0111\u1ec1u l\u00e0 nh\u1eefng s\u1ea3n ph\u1ea9m ch\u1ea5t l\u01b0\u1ee3ng cao. C\u00f3 th\u1ec3 \u0111\u01b0\u1ee3c s\u1eed d\u1ee5ng nhi\u1ec1u trong sinh ho\u1ea1t, l\u00e0m vi\u1ec7c h\u00e0ng ng\u00e0y. Do \u0111\u00f3, b\u1ed9 qu\u00e0 mang t\u00ednh h\u1eefu d\u1ee5ng cao \u0111\u1ed1i v\u1edbi ng\u01b0\u1eddi \u0111\u01b0\u1ee3c t\u1eb7ng. \u0110i\u1ec1u \u0111\u00f3 c\u00e0ng l\u00e0m cho m\u00f3n qu\u00e0 th\u00eam \u00fd ngh\u0129a.<\/span><\/p>\n<p><span style=\"color: #808080; font-size: 110%;\">Qu\u00fd kh\u00e1ch c\u00f3 nhu c\u1ea7u, vui l\u00f2ng li\u00ean h\u1ec7 tr\u1ef1c ti\u1ebfp \u0111\u1ec3 \u0111\u01b0\u1ee3c t\u01b0 v\u1ea5n c\u1ee5 th\u1ec3.\u00a0<\/span><\/p>\n<h3><strong><span style=\"color: #808080; font-size: 110%;\">Hotline \u0110T &amp; Zalo:<\/span><\/strong><\/h3>\n<p><span style=\"color: #808080; font-size: 115%;\"><strong>Ha Noi<\/strong>: <span style=\"color: #008080;\">0917.322.230<\/span><\/span><\/p>\n<p><span style=\"color: #808080; font-size: 115%;\"><strong>H\u1ed3 Ch\u00ed Minh<\/strong>: <span style=\"color: #993366;\">0988902220<\/span><\/span><\/p>\n<p><span style=\"color: #808080; font-size: 110%;\">Ho\u1eb7c qua k\u00eanh chat online t\u1ea1i website.<\/span><\/p>\n<h1><span style=\"color: #808080;\">Set qu\u00e0 t\u1eb7ng sang tr\u1ecdng<\/span><\/h1>\n<figure style=\"width: 750px\" class=\"wp-caption alignnone\"><img loading=\"lazy\" decoding=\"async\" class=\"size-full\" src=\"https:\/\/lh3.googleusercontent.com\/fZojpQwK4ooErX7Mo3xQKEQW2RiucU2R3g0T0kNYe_6TlJ7jPCy_FUnqD--7BMAFodkPqQHDIsPMf5PEKxwQif6f45y-9qGkDileYJLeFmI_M6IfHNzfrN2oNW0Ts5Gmvxww_-_fQvnMbQ7-fxuORcfzENR2Ozucmj8KRG5z-p1a8r1mf7jGjJrQGSyUyjV8qPFGBK8XH-tQnX_xGtPzoKI-ZHy-i56e2zwbxkDSNjHcwYqSJfYptqanXWoEtIyS65HJJkkB8pK0FFcIIYYZiVACtKnasTKPCp0YwQAM_12gRc308_tFQiOXzKIvv0tntDYtxtjEF06foxoT8esBd5uy4Bgz1Ti-HWjTgJKz89AG9rv2LMUDf6IebR7kqBaCKEn76beS38waTjO0Z37hGVdKOtVgacM7Zn49ihzy4WRoBSij5pXXra5c_w9PWBrkYY0qUgqBIpVPaKgIm0avTkFlhPZvdvH2MMBk68LxBbExS1RI05rdjE4HsZFRBLHyH5rPNucXKFKCBKCAWMjxTSoqFROgGPtDUvICmlxrL_Qy0mEw-itdLOi8nSyRC33BtGq4LSZbdVVXsJ4LIF0gbKgG25997rwilucsUBlixLe8EhzklxDSxbS6bimPwCg=w750-h487-no\" alt=\"H\u1ed9p qu\u00e0 t\u1ebft \u0111\u1eb9p v\u00e0 sang tr\u1ecdng\" width=\"750\" height=\"487\" title=\"\"><figcaption class=\"wp-caption-text\">H\u1ed9p qu\u00e0 t\u1ebft \u0111\u1eb9p v\u00e0 sang tr\u1ecdng<\/figcaption><\/figure>\n<figure style=\"width: 750px\" class=\"wp-caption alignnone\"><img loading=\"lazy\" decoding=\"async\" class=\"size-full\" src=\"https:\/\/lh3.googleusercontent.com\/hUaopNyYjg-RjbFUdI32G4DoOz3hn0IP98UpvVvMEwHLVq-OqGv3TIkHi_NbkDId9SNQ5rjcnRDCgShYKUQAFpNfWPRsayTBlpxzA_7sNaQetrwHQw3J-tjs0p_pqKzWy6Z3CiX6qRYMEkyMCgDqaZ__nZY9OY40vIO1dB8TQNEMfeJc7EWRp9KBS-DlmsokJ76nz6EztxaXQklF5Cdn9qB1vgl_0efQye426VdRGUpEFdGEzk-HAWA-XD5gHCZK2WkRAvIdp0Ke1k1Z9upDqTZJUwuYxMuD_Bhdy0Lbqwz8vSHp4ZVhFuTFHz04npRu1Z3NofXgBAvgxFvg1wXedOQZltsrW5M0B-B-cILqkjCW1ObPYpkascM8_5OwmdFwmQkpfDIqcImd6A_fkpIzeRQaI1msVlC9ku-zo7SsWiLolIAufYA5WDjfGRJUsWcKasZmbY4IdXGC-DToptBpQneO7lB-9YgHWuBx_4LBM8mHVyZR7g0VfcyAFEY7D9Uko1y7l18Glif-3QvetMcolsiwoa2_ULrWCSYb79yXHE2WK6lVKC2q6PQLxFrbfef1tOC5Av4aOGYSEPICMOD2QalTK9mW6TlosOVsuqNgKj3mPEh7GpTNKZoRmYETv8A=w750-h597-no\" alt=\"Qu\u00e0 t\u1ebft - giftset \u0111\u1eb9p, ch\u1ea5t l\u01b0\u1ee3ng cao\" width=\"750\" height=\"597\" title=\"\"><figcaption class=\"wp-caption-text\">Qu\u00e0 t\u1ebft &#8211; giftset \u0111\u1eb9p, ch\u1ea5t l\u01b0\u1ee3ng cao<\/figcaption><\/figure>\n<figure style=\"width: 750px\" class=\"wp-caption alignnone\"><img loading=\"lazy\" decoding=\"async\" class=\"size-full\" src=\"https:\/\/lh3.googleusercontent.com\/0VeGV60NJ-Cedq3ozJSgGpZtL-cOQVpiqhBF9TYAw5grfpLugo0I5LEWMYkZV14YGNlDWErt5YdB_bRRv5BHQ2Xd-q7_s8bF-fTreFsRgTQebl6zsVD-Wx7xhrelcGmcvAn2uIUXNhQeOKNxk_6GPezzBX2Cx5BwU0SCZXs3TqI_-VOW4TvotbDEQVTq1tnJzFlfEHfx6FY7lnxPimpqFEGcpAMo5eSg2TuShCro-Suy_LL2Nzq6Eisj-HTv1OKvuZ-S-nsqZEUshEuslRWi72sIjqHo6zyxtOyUDRJFaAI-H9g8v1oz8FPZDAGgAT6YDVIXpOSJDb5pcDhVo2rPFma_naI7ejH4hWdHwWf3F5VCUghpBx2c8C8S6uaUPVKzlmiRUbz1ZaIsu3JGQgROXdW8m0ocx-OZG91g3jdSc1N4CW99r1pX_sY92PzYnvPPLDNvHXeQI7nQXztsIb6aQT5GrVRtU801zWsYmQ2QUa2hcdAs5ZrnyYwVriFbbtisLEwXG_W27HEriM_5RMQCDlXN8TqaRdt2LrwEPnbQNjWNrQ9aTug37xfrIZVe6rjKBdfdiSmKF94Xgci2ppS0laTFE6agiAGYF8WJ90Q5Uug-NQLJtkjknqnK6seqBFA=w750-h594-no\" alt=\"Qu\u00e0 t\u1ebft g\u1ed3m b\u1ed9 giftset m\u1ea1 v\u00e0ng\" width=\"750\" height=\"594\" title=\"\"><figcaption class=\"wp-caption-text\">Qu\u00e0 t\u1ebft g\u1ed3m b\u1ed9 giftset m\u1ea1 v\u00e0ng<\/figcaption><\/figure>\n<figure style=\"width: 750px\" class=\"wp-caption alignnone\"><img loading=\"lazy\" decoding=\"async\" class=\"size-full\" src=\"https:\/\/lh3.googleusercontent.com\/uutvMMowzbYt4CwdmesuWz7g1Tl4OrrVjpsL7nBDVUtb6dcCSK0wSrCLE7wXtG0SR5hIJd2gT3Z6bLTofCPWxHabplEyzuhBA5lzmUaGuHaRe1utyov6ojTpADyCPfbEuvhHL0VlolLksQSM-_EODCP6COzGckN6BCaNY6sXfaVfNKbuhlLw-Q_M5a8DN-pvdMmJ66q1-FLgluH_Zkw_aU8tB2TUye1zgTKMk32jUZiImpf-q4e5_yrntkbBJ-4ldTBek_pZDm-Yz6mB_J9dj0nW6GycayWJNo-324jAzXYD-67tlHegrwtR2_53QlL3FNFVwGI-hYs697RawBeIWDoCYbsUCtnDEofOAfsCPBGJcTFLeBxwta8W1SGj0x4tF4e2AY7ut-pFLnpXu7X_vsa9EGgdQs_6Q1lYeufhJ3Z4xuJHTD_HQ4LnCTwf_06dMrmBp7osLRtMIeoV4pOicxVveRzvwpZNyndpxi90iQDhPQY0b4icJkxp34D4PzgOYE9IvneqrVXds5ynrCji0QCP95xaqCcMDlk84OgPIpPr8BINcvz4mKhYHx9w6ULjCUu8Qm0jRUxmRu6t-4aJemxjXoXEUqfX8SJHLbpftsUqgXOpANdu6ihf91pUD0c=w750-h581-no\" alt=\"Qu\u00e0 t\u1ebft, b\u1ed9 qu\u00e0 t\u1ebft m\u00e0u \u0111\u1ecf may m\u1eafn\" width=\"750\" height=\"581\" title=\"\"><figcaption class=\"wp-caption-text\">Qu\u00e0 t\u1ebft, b\u1ed9 qu\u00e0 t\u1ebft m\u00e0u \u0111\u1ecf may m\u1eafn<\/figcaption><\/figure>\n<figure style=\"width: 750px\" class=\"wp-caption alignnone\"><img loading=\"lazy\" decoding=\"async\" class=\"size-full\" src=\"https:\/\/lh3.googleusercontent.com\/LJ-TMxb_z2DhNv-7WdThs5isVUjUtP60a91PHuvjsXsr7fKK3HFOu_pv3Xv3z9z3QY3AE1rtGJc287xKhmYU4tb13LgIJJa49_xBOWlTn9TGdZrtx24HChSlAtvgi8qabXUT4SyrDg86A6kNZ7akDaeCx_eVBaOAs_ffmP-HBVj5-t7eZSQKT-QEv8MZ0nq3t-YmiJoyGXePTMUXlmrrE0eYaKDjF6DuMktZ469NCubp0vDHx3KAgDQvwWpG_BBeAxmLcdtsgEOBH9j0OaNUcL2fU8aMGZ2pXiXjO52jijdgUeheQHpvFwa9yZEOKPLRH5S6YRKO3_ZVtKxCoya4vrOWBBxEzCDlLJiU8QWHcAx7bZ8P7dnPJZS_CdKtqiyTVUxLxQXxSh5WwXHytUfotA_X2FUGFi7C6v0LQxtd1PM9AGoCSha6HE_fDeKkJHgYBj-zyph9MU_Q5nMyVh3rkLTvVJkyDITX1axBqBVQLk9SWZ1dtGXy0UH_ZAGR1Ft3XL6RVrkS_ZB0RUNUt8OqMICy3pbxtUWfMyCX6HMErWc0n1FkiFFxDS7MWKc8oV3bzPfreTFg-hU1lajQTJaOz6Rk6NbkjN-omloniE8uxxDNgJ3Lk74FJnkFbGuC2dY=w750-h645-no\" alt=\"qu\u00e0 bi\u1ebfu ng\u00e0y t\u1ebft \u0111\u1eb9p, ch\u1ea5t l\u01b0\u1ee3ng cao\" width=\"750\" height=\"645\" title=\"\"><figcaption class=\"wp-caption-text\">Qu\u00e0 t\u1ebft ch\u1ea5t l\u01b0\u1ee3ng cao<\/figcaption><\/figure>\n<figure style=\"width: 750px\" class=\"wp-caption alignnone\"><img loading=\"lazy\" decoding=\"async\" class=\"size-full\" src=\"https:\/\/lh3.googleusercontent.com\/NKGvFp-NIRBC1RDZaIdYld3TxgZygVkLE1cfX-1pSFStQjVUMrf3MmVf2GzufgLVRyaaKMvTaepv4pJA7gJVH1hDozLkq_kGn9LDSYJlzxvH9nfVnv9RcswPtQHqc4gSgLqweiAHdBymWbRavf6AStKwd4YLZe9TCZu-742swbh38xzJLmVCWU1EPwfpDN_iV-S9ZNwUnGPM2IXARjn7RQlSR1VQI0-bnsP6GK5eCRBoaYOVQBC8qPUNa_3ePKu3OeRDyiLs1CK9mBz7sudtHzkIp55UBjSKS1um6jyjiOA9QbrByrXY0r2v-x4XHRR5MlfWfCMsso7tO3Ncw9yTwWiGYxg6K8mYbkeSI4y6axovLJQZ1zQNFf3qMH2i3Krn4CReyXwVMCdSE0_Mo_sqyqZK6kh23JangU1wGh1WsQSnOu76eh0MzgnaA5qTuSK7hbwwvZ2hImkKWB6tGu71b3rdPfQG2Ipyoim-_xc-lje1rYReUmORYiIQqLc__J-NcCvsUzjZq5hc0s5SSTSzzwAOhn1zEHJKZOBngXrljXFXJPZ1Zzl73itc25CpDYbbvju4xbri8fHqVuHKSZnNrApF5z-KdGYDO3GnUz3-5Rw4_quhYNzs1P_DoAGq3Ng=w750-h569-no\" alt=\"Qu\u00e0 t\u1ebft bao g\u1ed3m giftset ch\u1ee9a b\u00fat, b\u00ecnh gi\u1eef nhi\u1ec7t, s\u1ed5\" width=\"750\" height=\"569\" title=\"\"><figcaption class=\"wp-caption-text\">Qu\u00e0 t\u1ebft bao g\u1ed3m giftset ch\u1ee9a b\u00fat, b\u00ecnh gi\u1eef nhi\u1ec7t, s\u1ed5<\/figcaption><\/figure>\n<figure style=\"width: 575px\" class=\"wp-caption alignnone\"><img loading=\"lazy\" decoding=\"async\" class=\"size-full\" src=\"https:\/\/lh3.googleusercontent.com\/16bOsxQ60frockvhN75qxWSGZnoCLLplaf-VqTWTF3aBoIxVdAFvEsJ1Ao7aRWpwWjJaKSkKiYKVaNmYg4aM6MirSh2nD2Qx-uFP0za5JfUVQzVLY24KRW62c_Sj6D_ZYFjw_39FJYZgLVa55rErK70F1GY2mv4iV06KWG50TBDVUyTOQaTForuvRtwqN9KkuVeJLrTRSRFrZKTeDIKumcJ7QiVsF8jIhf5kiBT4mbSksoUb2zPK8e-MsAGZjYYeUyHb07WnfO77WqgeNKhjjttvPzEru0ECsAe1TFRCPJFBf43j0qw1r0Pt1POPJZ7taDq75E7okbHskr7p3OYnVg_9_G_WYbCuWJUinrFaybnkg0xiciY7kownA1owhgCatn1kkJoAFoPOyEfUwU93k_ECEZ98YBrqdaFAYJ9dnroBqlEiL7lcd7utHhWl6iG2kQvj5tNGBNMMdy9mh-UnEw5af6q0acd0cZ0ei0igDJnvjcAmSKRHRkUoTblbLFE8Y5zbuEeOO491a6MdJ1cBjmufJrmsMm1qq1CdL2FA6kCmbvzh229E8r1l7yodcz3gbSYDdlGfyW_1tlHSvy7M3dBEw5Hnsz_2upE_Wm0DzgOhzsz5y0xbEtB5qy8I5IQ=w575-h920-no\" alt=\"Qu\u00e0 t\u1ebft c\u1ef1c \u0111\u1eb9p v\u00e0 sang tr\u1ecdng\" width=\"575\" height=\"920\" title=\"\"><figcaption class=\"wp-caption-text\">Qu\u00e0 t\u1ebft c\u1ef1c \u0111\u1eb9p v\u00e0 sang tr\u1ecdng<\/figcaption><\/figure>\n<figure style=\"width: 575px\" class=\"wp-caption alignnone\"><img loading=\"lazy\" decoding=\"async\" class=\"size-full\" src=\"https:\/\/lh3.googleusercontent.com\/GC35fLbjnUk9AEqRHFgCq-whToHsW83LftHAAqHujD3NTICRduzM1-SdVltS_Ws_iSi3-vFErtLC0P6O_VD-9PLf2HyxzImHe4YF0fZHWQic3hjUI__cTWuIjB-QkzXq4I6YV0hCL3oAlF4qTO-cxXP8dqauaACq8wvyS7HRkHUPrhW5C0k-Rk_iyML90rLyxWOggUKCnLIsK3PNiW7iox7GvkbEYrsQDYA7rqZEBM3Kiyy_a8rD7O-zHxKYNkUQ2EZwl-VlKv2bvwLiB3Utf7f_Ly67DSmNLQckPm_0K9ckeVT2YBZ9xs41j3BDiox16Fyq_cqtkACR4LbzXBY25VwrWFAcl96WdWxdcm1kzqa2_KeGCgXkuXOPNkdfkL7PZvWHqWdl6y_Zj1Mw67fe-dmCzxlp0gfnUZsZNiihWxOhFakzva6Qshi_8brTlQhqf9T1pfWjXzKkmUxj3gwSMmZ3r0i6t5-yas7LIAnFVfwxaUoGsWkGZNHUUQ7dcBW8usE-8W7lf6RqKNVBZ-z49zWUaMuOr_QLtx2zG7Z85F4YSiCxtf4sI1dFexaayja2dUiZ0b4ZGIrds52sIkyBSOzpjwN3OnjWr4sgIGx5wxUkwhb7cHWEK_qHYVFLO0k=w576-h920-no\" alt=\"Qu\u00e0 t\u1ebft, qu\u00e0 t\u1eb7ng cao c\u1ea5p\" width=\"575\" height=\"920\" title=\"\"><figcaption class=\"wp-caption-text\">Qu\u00e0 t\u1ebft, qu\u00e0 t\u1eb7ng cao c\u1ea5p<\/figcaption><\/figure>\n<figure style=\"width: 750px\" class=\"wp-caption alignnone\"><img loading=\"lazy\" decoding=\"async\" class=\"size-full\" src=\"https:\/\/lh3.googleusercontent.com\/IQ4J_rvG2KTE5yryaas7rsFw8Jr1-8fohkMYlfzRNcCvByog3RrR0tpuRHopDpE4fo0gu6z-ncalNgnvCwOpX1EcTMtkXamNwt7gsRn_9GbK-zFFa2_AKwTDRKWg1s5X-JfCfuylP2qAYO4VcW6xNJjd4ZqbCxtdBChydS75p5afrNJgAtg-hEsQHF5DDw3IkSEjYAbOmWJmQm6_wuj8WEInR3RTJyfLcZm4YGuz0OFBEVJvtlumnuAUh-yJuDcVatNhZnzrclI8XR0JEIQNVsqROvulsTcb_f71GLjcrFteDtTCRxhE9ySydUWwMHxFNuJ1chTqFkZnw_FI5oo_63KxZoytkXCyPZX26t5LMzAJEcd-B34XP82QxiOCUznOPwiC3dQeuaobaZBOAOkkZrnzrQ88vXMPDG21jUQ8ReoZeAdmPBG6yjSbIPvl87r3K1RGhoUroc_kGWq5JfAVFmkJe9nDglsgqQI7n8EVk9KXTKSWdeWYNlpW6SfqsLMUnHjFIz8AVxNydpk0KBCfJeIoI7A9u3V3J2Lbt-HDOlfRXIf0KL7Eu21rZNfgYnUrRwwjh1NV3x2MPKU5Go7ypmuhOgy52J56_d-vapL-Gg4D6QouY_pxBV6qhmR78LQ=w750-h549-no\" alt=\"Qu\u00e0 t\u1ebft d\u00e0nh \u0111i bi\u1ebfu c\u1ea5p tr\u00ean\" width=\"750\" height=\"549\" title=\"\"><figcaption class=\"wp-caption-text\">Qu\u00e0 t\u1ebft d\u00e0nh \u0111i bi\u1ebfu c\u1ea5p tr\u00ean<\/figcaption><\/figure>\n<figure style=\"width: 750px\" class=\"wp-caption alignnone\"><img loading=\"lazy\" decoding=\"async\" class=\"size-full\" src=\"https:\/\/lh3.googleusercontent.com\/U_HdSk2EOZw6v-mrZ8ehyDalwDxOJ9YXJ4fiCkdNHlYNR9Anlol65E6SiW5XlBFTIi5GYM5LJIqDn_O7cf3Y_Eq3BNToxV8ySP--qEvvuRQz09fyUbWtwGSLeC_sCh_nrwkii6wZSbkJwla2EPC58fJBelbDipPl0SPd5GAwAcJ3ln5A7E7Vdg0Tn2k1pfHWqil314E7VhDRkpR6ysy1CBfDyTAQUIG0T2JdeBA6NtOS3mF-qjaclFyjpB0ovSC6-mq9RSYJWvlJRwZgr_8Z8ROwdY4neFpPTqlDIN-ncrR918yCD2rAeYsxVsEDSBZTndd6nh9_XWyEmnpi1yW24ZQqJ29Rx_VdgLnVjtccrGkD_SY-mIMCvqqNLVFd4ACYCGDp4NBzoYkrgwMF2UbjzWqjaz9ODH7zd45PZCRof9A3yNZOLo_GHLAG-5lo-sGj_CEMZgNKBzRIRtsxdgz30KYsEyhhmrEF80x1cxOoGVxxyN0Nl2pBlY-EtnEUtVfZr_9F7oagoNc05-n5L9EIDt6eb5ApWgPUbvNLZIIaHcg8cu4LFS0CyqGZ_AisGEs0ezctq4ijhwqG1Ugg1SJlJfNZoyXNhmfOiS6AcNNllGzv-p2EPGBKVP9Ya2ujXfs=w750-h709-no\" alt=\"Qu\u00e0 t\u1ebft ch\u1ea5t l\u01b0\u1ee3ng cao\" width=\"750\" height=\"709\" title=\"\"><figcaption class=\"wp-caption-text\">Qu\u00e0 t\u1ebft ch\u1ea5t l\u01b0\u1ee3ng cao<\/figcaption><\/figure>\n<figure style=\"width: 750px\" class=\"wp-caption alignnone\"><img loading=\"lazy\" decoding=\"async\" class=\"size-full\" src=\"https:\/\/lh3.googleusercontent.com\/3jZxoaCtf0h-xsDf0hPzRos9C2ofwDMwb9vWjTxvBBgmZRcaFURkzkJCd2yBMRwwK-3Us9FvrMHBfZt_McKHU0RzuI8PtgsTqgex1jYTc6-DlG5Ges2T8pAnzoKTHRexdvl1aFdUF0KwKj8EFX509yWgFMoAbdEwqcNsw2o9iP98Mu0AgsNMYMKkeG4zb3L1ZMhTBvfF6CF00cGcnHijCh9VQKa4neOi43soC0wQCEc_1jp6hg_ZxC6zgVa7jArwcCEBJ7x04ltmjlLLgJdy8bICd6WsasoBfjYnjmUD0qxEKG9zZtmRv-6ZHoJV_hu0h1Ycv5pa1jaEscguKoifQX5tRtRexg6LNYx-olbosukroEF732HrCrBUYHtBf68GGNzTar27bj9lMdX_Km5hQaVaGffQVDfKAOrAnV7arZMmYCvoIeA3aIWl2-QeDgi3wUrfnmTYeivcpCNUsnZLSW4cSmaIpvXyiizOiM_sORZ3LnGehxkF2w-oNHmwAIYVnzudOWOiWzJoNa9cnde7bNdr9flAaryBRgE9tgGTNxqOT9nIaxNgWleKqKIoUCHe8JNiCKdx9IWbL8La5DcLClm5cpo-xYfUryW0uWF_-17f69s-mX-QglLpaYFOQHQ=w750-h708-no\" alt=\"B\u00ecnh gi\u1eef nhi\u1ec7t ch\u1ea5t l\u01b0\u1ee3ng cao\" width=\"750\" height=\"708\" title=\"\"><figcaption class=\"wp-caption-text\">Qu\u00e0 t\u1ebft bi\u1ebfu kh\u00e1ch h\u00e0ng<\/figcaption><\/figure>\n<figure style=\"width: 720px\" class=\"wp-caption alignnone\"><img loading=\"lazy\" decoding=\"async\" class=\"size-full\" src=\"https:\/\/lh3.googleusercontent.com\/tNQaBGBL9MUgw3im2GKNKq-fZkPzyiUIYnf0R0sNWEXtkGSa5terqsEIxXSGaT3pNpLk8DTRZqxhbCy6UO6c54_aS_Hh_vy77BFe1e-yt16xn3sf1GFUOM1zzkode0T0qaKmLeaXyljU4RrYvw5YUTIV92ZNyKkU9NEcPWH2BeRftgLCp7Meuyu_pz1YJcEMGIUX0vFpPhmgKosjCEOrvJxsojfC2c_OpKaXLHk7mIN-DCmjF_nayDQLm69eSGVYVwMH8h6p-vjv6k-mfLKK1XWjvQk1fbdUk4W3_qePiY5DBpwG6FHXInE_Xw_Ng1rsBi2liUqY3fBpDjElWyea2EyAc3XxiQpqXIosULKjteZ4wS_Qk2UdQryAOinP8way_mnAi1Jq6E3DaCXo3mhq6JVn7ODwWeuolUVwMfA3w_e_5TfnSR9ua_jINI7qLyhaz6FTcwA7qOVaieGmk6qtebytbMK9xZCdUk3oG-XUOzGVZQFJTaTpoUukyDELXTUEMG4gz4tiGFRB6hCxW2jc-gKh7fng1XHNtrPLu6CqBpo9LA6eKfE6kuFVruDKPsX-JQvcR2N0CTO3ts5mcUYikjeL2R6dNzElUXXtsUZHzzkS_nQwphMPI7RhuZ0FFHA=w721-h920-no\" alt=\"Qu\u00e0 t\u1ebft b\u00fat bi ch\u1ea5t l\u01b0\u1ee3ng cao\" width=\"720\" height=\"920\" title=\"\"><figcaption class=\"wp-caption-text\">Qu\u00e0 t\u1ebft b\u00fat bi ch\u1ea5t l\u01b0\u1ee3ng cao<\/figcaption><\/figure>\n<figure style=\"width: 750px\" class=\"wp-caption alignnone\"><img loading=\"lazy\" decoding=\"async\" class=\"size-full\" src=\"https:\/\/lh3.googleusercontent.com\/yMmSNqBbr47Owx0yYnZb8LWSnjolFvlfcewUxWD92AVvppnl_ENoXTEvzV_5S_cLUfVwoCadiwPGnIbFGiYouOspdmpsdTSch13IC1_FfddQhODYpeVH0UpAltzWaev7Ez76gCYy8OdcSn1PC-k4TvFwDY3QwWy6VLIPI-REp5Cl-ucHONouR_zDKzfed95NXXksMxmW5Sh6OgL3JhYpDMqQB4Sf3zKAhHhN06X1v0v8ug1ZNy4z1sjDJ8-UMMI2Zgly5uIOvbUSgBTh_1fVKgmQ_0MOkqWImis6kEH-PwLvMwF7ksW2kP7k0aJfG7FPgpWkdHQllRnYFqvFk5OLJMR_Te3aqGL9pj_5cwLag-eliN5pT7AFJ9xxkKfYF77dvmvYVOhQwqcvUdqyy1JvjykJDK4c453NF_x-TrJxdXubp7wKyq7XaPr81z18je4u7VS1umFGZnorMBD5cVloKME0JnernPPwPL236MyqtYluvBsArC8wu8fleZc19nDbe4zh1_ALEJWUTdjJC8Z8V6r6gAupsEYOhqiQD4Px6SFw4Q0wIG35VFQmZfIN3IHFasVNcmoFvmvLAmetuw-S-dV1hW1aQeIHSYVhxVMYZfaR_PBzxL1eQogQWlbqFgM=w750-h344-no\" alt=\"Qu\u00e0 t\u1ebft in logo theo y\u00eau c\u1ea7u\" width=\"750\" height=\"344\" title=\"\"><figcaption class=\"wp-caption-text\">Qu\u00e0 t\u1ebft in logo theo y\u00eau c\u1ea7u<\/figcaption><\/figure>\n<figure style=\"width: 750px\" class=\"wp-caption alignnone\"><img loading=\"lazy\" decoding=\"async\" class=\"size-full\" src=\"https:\/\/lh3.googleusercontent.com\/3cZyacWoh_T1sR71kSboMvvDaVWMrg9JwnIFcy7KNwCRC8XhB1iB8FV5pIg6xFpf4YUYDbqr3EgSM1c79y_0nO5zBcLryNO1mfF5xzPzFNfE_o5OP-BgAcomQ9g49bovcvXr5TuGxYQqMo0YNZ1IdEI3LLxtih_7KvFuVyjv07OEoVUHPt84RD3Wilq9x5aTfu3CfEa0MixDJpr9_SRbyHdi68nn1HH7oYRa5LLKg_qVp002h58AjqdtebIPbCnQK5QnK_xDVVfZPgWxL47Yv-K-PwUmpqUPEqM9A1HjjCfKG1v3CkHlAxdy5zTtzzU5cBowf6s0wu0rJBb4tZSAw3wjfGbBZeLORoUrPzntU_vLz6NrQqRH3Zbyk-vMkfTAJ4JiWPRtzAd_K9df3RzWKI3t19nSys-WAipP8TuA6o-79iuDMO8JoxhqZ96GR9ihiIbfpI7fgieDOhoNsOFUt-EyIEWSm8QZh3oUzY_1o11VIb4D-RGa0Kq6j8Lp6ehtRwTBnTSy0ZdqTBoCJQ7pBdLh4FWn5Ny1eFrQkYHPz4yiVq_nSj6qj-pDk5OVlEm5t-6RharzcFTtFkU-abaUlXoVOlas5xtdAbonJrhRkEaGnPIEguoMTlirzs4FCX4=w750-h600-no\" alt=\"Qu\u00e0 t\u1ebft bi\u1ebfu s\u1ebfp \u0111\u1eb9p\" width=\"750\" height=\"600\" title=\"\"><figcaption class=\"wp-caption-text\">Qu\u00e0 t\u1ebft bi\u1ebfu s\u1ebfp \u0111\u1eb9p<\/figcaption><\/figure>","protected":false},"excerpt":{"rendered":"<p>Qu\u00e0 t\u1ebft \u0110\u1ec1 t\u00ecm v\u00e0 l\u1ef1a ch\u1ecdn nh\u1eefng b\u1ed9 qu\u00e0 t\u1eb7ng bi\u1ebfu \u0111\u1ed1i t\u00e1c, kh\u00e1ch h\u00e0ng trong d\u1ecbp l\u1ec5 t\u1ebft l\u00e0 m\u1ed9t \u0111i\u1ec1u kh\u00e1 \u0111au \u0111\u1ea7u. Ch\u1ee7 y\u1ebfu v\u00ec nh\u1eefng b\u1ed9 s\u1ea3n ph\u1ea9m nh\u00e2n d\u1ecbp n\u00e0y c\u00f3 ch\u1ea5t l\u01b0\u1ee3ng kh\u00f4ng t\u01b0\u01a1ng x\u1ee9ng v\u1edbi gi\u00e1 c\u1ea3. Ch\u00ednh v\u00ec v\u1eady, Qu\u00e0 t\u1eb7ng 5 Sao \u0111\u01b0a ra m\u1ed9t [&#8230;]\n","protected":false},"featured_media":3961,"comment_status":"open","ping_status":"closed","template":"","meta":[],"product_brand":[],"product_cat":[249],"product_tag":[441,567,568,566,442,569,565,392,564],"class_list":{"0":"post-3960","1":"product","2":"type-product","3":"status-publish","4":"has-post-thumbnail","6":"product_cat-bo-qua-tang","7":"product_tag-bo-qua-tang","8":"product_tag-bo-qua-tang-dep","9":"product_tag-bo-qua-tang-xin","10":"product_tag-bo-qua-tet","11":"product_tag-giftset","12":"product_tag-giftset-chat-luong-cao","13":"product_tag-qua-bieu-khach","14":"product_tag-qua-bieu-sep","15":"product_tag-qua-tet","17":"first","18":"instock","19":"shipping-taxable","20":"product-type-simple"},"amp_enabled":true,"_links":{"self":[{"href":"https:\/\/quatang5sao.com\/en\/wp-json\/wp\/v2\/product\/3960","targetHints":{"allow":["GET"]}}],"collection":[{"href":"https:\/\/quatang5sao.com\/en\/wp-json\/wp\/v2\/product"}],"about":[{"href":"https:\/\/quatang5sao.com\/en\/wp-json\/wp\/v2\/types\/product"}],"replies":[{"embeddable":true,"href":"https:\/\/quatang5sao.com\/en\/wp-json\/wp\/v2\/comments?post=3960"}],"wp:featuredmedia":[{"embeddable":true,"href":"https:\/\/quatang5sao.com\/en\/wp-json\/wp\/v2\/media\/3961"}],"wp:attachment":[{"href":"https:\/\/quatang5sao.com\/en\/wp-json\/wp\/v2\/media?parent=3960"}],"wp:term":[{"taxonomy":"product_brand","embeddable":true,"href":"https:\/\/quatang5sao.com\/en\/wp-json\/wp\/v2\/product_brand?post=3960"},{"taxonomy":"product_cat","embeddable":true,"href":"https:\/\/quatang5sao.com\/en\/wp-json\/wp\/v2\/product_cat?post=3960"},{"taxonomy":"product_tag","embeddable":true,"href":"https:\/\/quatang5sao.com\/en\/wp-json\/wp\/v2\/product_tag?post=3960"}],"curies":[{"name":"wp","href":"https:\/\/api.w.org\/{rel}","templated":true}]}}