{"id":3890,"date":"2018-09-17T15:54:04","date_gmt":"2018-09-17T08:54:04","guid":{"rendered":"https:\/\/quatang5sao.com\/?post_type=product&#038;p=3890"},"modified":"2018-09-17T15:54:04","modified_gmt":"2018-09-17T08:54:04","slug":"moc-khoa-bam-mong-tay-kem-khui-bia-so-luong-lon-gia-re","status":"publish","type":"product","link":"https:\/\/quatang5sao.com\/en\/moc-khoa-bam-mong-tay-kem-khui-bia-so-luong-lon-gia-re\/","title":{"rendered":"M\u00f3c kh\u00f3a b\u1ea5m m\u00f3ng tay k\u00e8m khui bia s\u1ed1 l\u01b0\u1ee3ng l\u1edbn gi\u00e1 r\u1ebb"},"content":{"rendered":"<h1><span style=\"color: #000000;\">M\u00f3c kh\u00f3a b\u1ea5m m\u00f3ng tay k\u00e8m khui bia s\u1ed1 l\u01b0\u1ee3ng l\u1edbn gi\u00e1 r\u1ebb<\/span><\/h1>\n<p><span style=\"color: #000000;\">M\u1eabu <a href=\"https:\/\/quatang5sao.com\/en\/danh-muc\/moc-khoa\/\"><strong>m\u00f3c kh\u00f3a<\/strong><\/a> c\u00f3 <strong>b\u1ea5m m\u00f3ng tay<\/strong> l\u00e0 s\u1ea3n ph\u1ea9m kh\u00e1 ti\u1ec7n \u00edch m\u00e0 r\u1ea5t nhi\u1ec1u ng\u01b0\u1eddi s\u1eed d\u1ee5ng. Tr\u00ean m\u00f3c kh\u00f3a n\u1ebfu in th\u00f4ng tin c\u1ee7a doanh nghi\u1ec7p s\u1ebd gi\u00fap doanh nghi\u1ec7p qu\u1ea3ng c\u00e1o h\u00ecnh \u1ea3nh r\u1ea5t t\u1ed1t.<\/span><\/p>\n<p><span style=\"color: #000000;\">Ngo\u00e0i t\u00edch h\u1ee3p ch\u1ee9c n\u0103ng <strong>b\u1ea5m m\u00f3ng tay<\/strong>, <strong>m\u00f3c kh\u00f3a<\/strong> c\u00f2n t\u00edch h\u1ee3p c\u1ea3 ch\u1ee9c n\u0103ng <a href=\"https:\/\/quatang5sao.com\/en\/danh-muc\/khui-bia\/\"><strong>khui bia<\/strong><\/a>. T\u00ednh n\u0103ng 3 trong 1 m\u00e0 v\u1eabn nh\u1ecf nh\u1eafn, xinh x\u1eafn, ph\u00f9 h\u1ee3p cho m\u1ecdi \u0111\u1ed1i t\u01b0\u1ee3ng s\u1eed d\u1ee5ng.<\/span><\/p>\n<p><span style=\"color: #000000;\"><strong>M\u00f3c kh\u00f3a b\u1ea5m m\u00f3ng tay<\/strong> l\u00e0m b\u1eb1ng ch\u1ea5t li\u1ec7u th\u00e9p kh\u00f4ng g\u1ec9, s\u1ea3n ph\u1ea9m ch\u1ea5t l\u01b0\u1ee3ng cao, in b\u1ec1n m\u00e0u, kh\u00f4ng b\u1ecb x\u01b0\u1edbc. S\u1ea3n ph\u1ea9m lu\u00f4n l\u00e0m h\u00e0i l\u00f2ng c\u00e1c kh\u00e1ch h\u00e0ng \u0111\u00e3 \u0111\u1eb7t h\u00e0ng.<\/span><\/p>\n<p><span style=\"color: #000000;\">Th\u00f4ng tin in l\u00ean s\u1ea3n ph\u1ea9m bao g\u1ed3m logo, th\u00f4ng tin doanh nghi\u1ec7p, theo y\u00eau c\u1ea7u v\u00e0 thi\u1ebft k\u1ebf c\u1ee7a kh\u00e1ch h\u00e0ng. N\u1ebfu kh\u00e1ch h\u00e0ng kh\u00f4ng thi\u1ebft k\u1ebf \u0111\u01b0\u1ee3c, Qu\u00e0 T\u1eb7ng 5 Sao s\u1ebd thi\u1ebft k\u1ebf mi\u1ec5n ph\u00ed, h\u1ed7 tr\u1ee3 qu\u00fd kh\u00e1ch ho\u00e0n thi\u1ec7n s\u1ea3n ph\u1ea9m.<\/span><\/p>\n<h1><span style=\"color: #000000;\">H\u00ecnh \u1ea3nh m\u00f3c kh\u00f3a b\u1ea5m m\u00f3ng tay<\/span><\/h1>\n<figure id=\"attachment_3891\" aria-describedby=\"caption-attachment-3891\" style=\"width: 644px\" class=\"wp-caption alignnone\"><img loading=\"lazy\" decoding=\"async\" class=\"size-full wp-image-3891\" src=\"https:\/\/quatang5sao.com\/wp-content\/uploads\/2018\/09\/Khui-bia-Mo-bia-gia-re-2-icon.jpg\" alt=\"M\u00f3c kh\u00f3a b\u1ea5m m\u00f3ng tay k\u00e8m khui bia s\u1ed1 l\u01b0\u1ee3ng l\u1edbn gi\u00e1 r\u1ebb\" width=\"644\" height=\"644\" title=\"\" srcset=\"https:\/\/quatang5sao.com\/wp-content\/uploads\/2018\/09\/Khui-bia-Mo-bia-gia-re-2-icon.jpg 644w, https:\/\/quatang5sao.com\/wp-content\/uploads\/2018\/09\/Khui-bia-Mo-bia-gia-re-2-icon-247x247.jpg 247w, https:\/\/quatang5sao.com\/wp-content\/uploads\/2018\/09\/Khui-bia-Mo-bia-gia-re-2-icon-100x100.jpg 100w, https:\/\/quatang5sao.com\/wp-content\/uploads\/2018\/09\/Khui-bia-Mo-bia-gia-re-2-icon-510x510.jpg 510w, https:\/\/quatang5sao.com\/wp-content\/uploads\/2018\/09\/Khui-bia-Mo-bia-gia-re-2-icon-280x280.jpg 280w, https:\/\/quatang5sao.com\/wp-content\/uploads\/2018\/09\/Khui-bia-Mo-bia-gia-re-2-icon-400x400.jpg 400w, https:\/\/quatang5sao.com\/wp-content\/uploads\/2018\/09\/Khui-bia-Mo-bia-gia-re-2-icon-120x120.jpg 120w\" sizes=\"auto, (max-width: 644px) 100vw, 644px\" \/><figcaption id=\"caption-attachment-3891\" class=\"wp-caption-text\">M\u00f3c kh\u00f3a b\u1ea5m m\u00f3ng tay k\u00e8m khui bia s\u1ed1 l\u01b0\u1ee3ng l\u1edbn gi\u00e1 r\u1ebb<\/figcaption><\/figure>\n<figure style=\"width: 654px\" class=\"wp-caption alignnone\"><img loading=\"lazy\" decoding=\"async\" class=\"size-full\" src=\"https:\/\/lh3.googleusercontent.com\/bv6xjjoKNK8i_F-u_LU-2msVMwGMws6tOACMMf2XVRF-OKClxPdJAkroTh-RmWdkg6LXryu15fiahZuoRSPNJ-AYixP056XjXykYXr3-Jp8hP-nZGfF_sV9NB_5vQVsfIoySvOo9fAPzOAsM87NF1_bVEDfCshHFDCQkwvPKlXDVHaylchWDrsd0Uvnw8xC0zdMuXOr_NqCRtLXJ4yQVRXG0XTcWqvvR8RaaBNEclY4gMxLk14RqdsuigO1nU0jKliXW7B_myCSeSprI-jjnMK5MQbU1chfPmQ1hcj6KwSh4Ub1UdD0sIqa7aFvk9TC34DRvWwpQ8mFqVxOe3Qfx0R-Y5mMrNtHilQCXx4go19pDplNsSV3-6LpKpjUv9-NQVgXm7Yith41dyemHzKPUcBajkSiN68CZz3-Gh2pyzClGfA15lKiYHVwUr_5b9z8EQawbaC6kOoCMBGYskppPt85J7QToFqxeZnm-BTP2Dc31tpzYCX7uLUWvAgYJEOfp0XnW3MaEZG-Bc32VilIZ-ZcWPZlUxswj6TI-IygSmuAxx-pWeW4_bdeumb_1oUQSHaayUcr-_rdsF3pZxWNb7LmqGyaUXH5POHq2-M1NUXzJe8ugE88Rs52N02iB8GY=s654-no\" alt=\"M\u00f3c kh\u00f3a b\u1ea5m m\u00f3ng tay k\u00e8m khui bia s\u1ed1 l\u01b0\u1ee3ng l\u1edbn gi\u00e1 r\u1ebb, in logo theo y\u00eau c\u1ea7u\" width=\"654\" height=\"654\" title=\"\"><figcaption class=\"wp-caption-text\">M\u00f3c kh\u00f3a b\u1ea5m m\u00f3ng tay k\u00e8m khui bia s\u1ed1 l\u01b0\u1ee3ng l\u1edbn gi\u00e1 r\u1ebb, in logo theo y\u00eau c\u1ea7u<\/figcaption><\/figure>","protected":false},"excerpt":{"rendered":"<p>M\u00f3c kh\u00f3a b\u1ea5m m\u00f3ng tay k\u00e8m khui bia s\u1ed1 l\u01b0\u1ee3ng l\u1edbn gi\u00e1 r\u1ebb M\u1eabu m\u00f3c kh\u00f3a c\u00f3 b\u1ea5m m\u00f3ng tay l\u00e0 s\u1ea3n ph\u1ea9m kh\u00e1 ti\u1ec7n \u00edch m\u00e0 r\u1ea5t nhi\u1ec1u ng\u01b0\u1eddi s\u1eed d\u1ee5ng. Tr\u00ean m\u00f3c kh\u00f3a n\u1ebfu in th\u00f4ng tin c\u1ee7a doanh nghi\u1ec7p s\u1ebd gi\u00fap doanh nghi\u1ec7p qu\u1ea3ng c\u00e1o h\u00ecnh \u1ea3nh r\u1ea5t t\u1ed1t. Ngo\u00e0i t\u00edch h\u1ee3p [&#8230;]\n","protected":false},"featured_media":3891,"comment_status":"open","ping_status":"closed","template":"","meta":[],"product_brand":[],"product_cat":[553,21],"product_tag":[558,554,563,560,555,559,556,561,562,196,193,557],"class_list":{"0":"post-3890","1":"product","2":"type-product","3":"status-publish","4":"has-post-thumbnail","6":"product_cat-khui-bia","7":"product_cat-moc-khoa","8":"product_tag-in-logo-len-khui-bia","9":"product_tag-khui-bia","10":"product_tag-khui-bia-bam-mong-tay","11":"product_tag-khui-bia-so-luong-lon","12":"product_tag-mo-bia","13":"product_tag-mo-bia-in-logo","14":"product_tag-mo-nap-chai","15":"product_tag-mo-nap-chai-so-luong-lon","16":"product_tag-moc-khoa-bam-mong-tay","17":"product_tag-qua-tang-doanh-nghiep","18":"product_tag-qua-tang-su-kien","19":"product_tag-so-luong-lon","21":"first","22":"instock","23":"shipping-taxable","24":"product-type-simple"},"amp_enabled":true,"_links":{"self":[{"href":"https:\/\/quatang5sao.com\/en\/wp-json\/wp\/v2\/product\/3890","targetHints":{"allow":["GET"]}}],"collection":[{"href":"https:\/\/quatang5sao.com\/en\/wp-json\/wp\/v2\/product"}],"about":[{"href":"https:\/\/quatang5sao.com\/en\/wp-json\/wp\/v2\/types\/product"}],"replies":[{"embeddable":true,"href":"https:\/\/quatang5sao.com\/en\/wp-json\/wp\/v2\/comments?post=3890"}],"wp:featuredmedia":[{"embeddable":true,"href":"https:\/\/quatang5sao.com\/en\/wp-json\/wp\/v2\/media\/3891"}],"wp:attachment":[{"href":"https:\/\/quatang5sao.com\/en\/wp-json\/wp\/v2\/media?parent=3890"}],"wp:term":[{"taxonomy":"product_brand","embeddable":true,"href":"https:\/\/quatang5sao.com\/en\/wp-json\/wp\/v2\/product_brand?post=3890"},{"taxonomy":"product_cat","embeddable":true,"href":"https:\/\/quatang5sao.com\/en\/wp-json\/wp\/v2\/product_cat?post=3890"},{"taxonomy":"product_tag","embeddable":true,"href":"https:\/\/quatang5sao.com\/en\/wp-json\/wp\/v2\/product_tag?post=3890"}],"curies":[{"name":"wp","href":"https:\/\/api.w.org\/{rel}","templated":true}]}}