{"id":3881,"date":"2018-09-17T11:10:09","date_gmt":"2018-09-17T04:10:09","guid":{"rendered":"https:\/\/quatang5sao.com\/?post_type=product&#038;p=3881"},"modified":"2018-09-17T11:10:09","modified_gmt":"2018-09-17T04:10:09","slug":"khui-bia-so-luong-lon-gia-re-in-logo-khui-bia","status":"publish","type":"product","link":"https:\/\/quatang5sao.com\/en\/khui-bia-so-luong-lon-gia-re-in-logo-khui-bia\/","title":{"rendered":"Khui bia s\u1ed1 l\u01b0\u1ee3ng l\u1edbn gi\u00e1 r\u1ebb &#8211; In logo khui bia"},"content":{"rendered":"<h1><span style=\"color: #000000;\">Khui bia s\u1ed1 l\u01b0\u1ee3ng l\u1edbn<\/span><\/h1>\n<p><span style=\"color: #000000;\">M\u1eabu <a href=\"https:\/\/quatang5sao.com\/en\/danh-muc\/khui-bia\/\"><strong>khui bia<\/strong><\/a> n\u00e0y l\u00e0 m\u1eabu c\u01a1 b\u1ea3n nh\u1ea5t, n\u00ean gi\u00e1 c\u0169ng m\u1ec1m nh\u1ea5t. Lo\u1ea1i n\u00e0y ph\u00f9 h\u1ee3p cho c\u00e1c nh\u00e0 m\u00e1y, \u0111\u1ea1i l\u00fd bia cung c\u1ea5p cho c\u00e1c nh\u00e0 h\u00e0ng, kh\u00e1ch s\u1ea1n. <\/span><\/p>\n<p><span style=\"color: #000000;\">Thi\u1ebft k\u1ebf c\u01a1 b\u1ea3n, m\u00e0u s\u1eafc \u0111a d\u1ea1ng, n\u1ed5i b\u1eadt l\u00e0 nh\u1eefng \u0111\u1eb7c \u0111i\u1ec3m c\u1ee7a lo\u1ea1i <strong>khui bia<\/strong> n\u00e0y. Ph\u1ea7n <a href=\"https:\/\/quatang5sao.com\/en\/san-pham-qua-tang\/moc-khoa-khui-bia-moc-khoa-mo-bia-dep-gia-re\/\"><strong>m\u1edf bia<\/strong><\/a> l\u00e0 th\u00e9p kh\u00f4ng g\u1ec9 n\u00ean s\u1eed d\u1ee5ng l\u00e2u d\u00e0i m\u00e0 kh\u00f4ng m\u1ea5t th\u1ea9m m\u1ef9. T\u1ea5t c\u1ea3 \u0111\u1ec1u c\u00f3 th\u1ec3 <a href=\"https:\/\/quatang5sao.com\/en\/\"><strong>in th\u00f4ng tin doanh nghi\u1ec7p<\/strong><\/a> theo y\u00eau c\u1ea7u. Kh\u00e1ch h\u00e0ng s\u1ebd cung c\u1ea5p c\u00e1c th\u00f4ng tin, ch\u00fang t\u00f4i s\u1ebd h\u1ed7 tr\u1ee3 thi\u1ebft k\u1ebf \u0111\u1ec3 <strong>in l\u00ean s\u1ea3n ph\u1ea9m<\/strong>.<\/span><\/p>\n<p><span style=\"color: #000000;\">Qu\u00e0 T\u1eb7ng 5 Sao cung c\u1ea5p <strong>khui bia s\u1ed1 l\u01b0\u1ee3ng l\u1edbn<\/strong> gi\u00e1 r\u1ebb. Kh\u00f4ng h\u1ea1n ch\u1ebf v\u1ec1 s\u1ed1 l\u01b0\u1ee3ng \u0111\u1eb7t h\u00e0ng, \u0111\u1eb7t c\u00e0ng nhi\u1ec1u gi\u00e1 c\u00e0ng r\u1ebb. Qu\u00fd kh\u00e1ch h\u00e0ng c\u00f3 nhu c\u1ea7u \u0111\u1eb7t h\u00e0ng vui l\u00f2ng li\u00ean h\u1ec7 tr\u1ef1c ti\u1ebfp \u0111\u1ec3 ch\u00fang t\u00f4i b\u00e1o gi\u00e1 v\u00e0 t\u01b0 v\u1ea5n ch\u00ednh x\u00e1c. <\/span><\/p>\n<h1><span style=\"color: #000000;\">H\u00ecnh \u1ea3nh khui bia in logo gi\u00e1 r\u1ebb<\/span><\/h1>\n<figure id=\"attachment_3880\" aria-describedby=\"caption-attachment-3880\" style=\"width: 290px\" class=\"wp-caption alignnone\"><img loading=\"lazy\" decoding=\"async\" class=\"size-full wp-image-3880\" src=\"https:\/\/quatang5sao.com\/wp-content\/uploads\/2018\/09\/Khui-bia-Mo-bia-gia-re-7-icon.jpg\" alt=\"Khui bia, m\u1edf bia in logo theo y\u00eau c\u1ea7u\" width=\"290\" height=\"290\" title=\"\" srcset=\"https:\/\/quatang5sao.com\/wp-content\/uploads\/2018\/09\/Khui-bia-Mo-bia-gia-re-7-icon.jpg 290w, https:\/\/quatang5sao.com\/wp-content\/uploads\/2018\/09\/Khui-bia-Mo-bia-gia-re-7-icon-247x247.jpg 247w, https:\/\/quatang5sao.com\/wp-content\/uploads\/2018\/09\/Khui-bia-Mo-bia-gia-re-7-icon-100x100.jpg 100w\" sizes=\"auto, (max-width: 290px) 100vw, 290px\" \/><figcaption id=\"caption-attachment-3880\" class=\"wp-caption-text\">Khui bia, m\u1edf bia in logo theo y\u00eau c\u1ea7u<\/figcaption><\/figure>\n<figure style=\"width: 654px\" class=\"wp-caption alignnone\"><img loading=\"lazy\" decoding=\"async\" class=\"size-full\" src=\"https:\/\/lh3.googleusercontent.com\/sNB-XY3A6dsCLgHDL8QZKG1DPEaHyDcOvzXRlCyHEj3fe47PGHDOXdnAV50KJVIV0Ay6M8DK6VFsQpW17BfTg3CspOMoeaCq7nX_8ODH_6NDEWLsDRR2gSMuveHv8fqimetnmvi5zHkBhKGJpFuwLg-pEC9mnT3TfmTlRE4am8Th3mG39HKQ-dAJ8FoaB53TDFOJJGM9QyQZvQy6r9-7axlRXC-X2c3a_qox0xbqEEFYtGkVukr3ahg6UY7nNuy8kdADH637IVXDeQn9C7DpSV-mqc7ame1HrOTtFfyqBfzfVBLuignNyhMfTt-6Utv8IQGBKSkyBs6MLl3YF3Qat_-SFaSvoVEL0EIFfgwWixIp6RwTTXjAwWq2MohGrWb_EGgAXtqbFRiWPsd2782r5TPDDUMUmtMA5tCGqEEGfP-wATygc3LW6CGkNeEvdRuAppSMSDY1ugD8AaAzLHF3sxNnSPArzT73PQ76oku59WHVeYjQFu6WyXOCVKY3B1wKWPku2F0ZiQt-la9ontBNeznqeldEu-AJW5dnjH1aKUlCkSi36WbD4Ui1bUgeoVpyihT32hKus97d5w0rSkVADMm4iaPmvEz1f5uzKtNeryADprPR0qHvOhZdkiYtrNE=s654-no\" alt=\"Khui bia s\u1ed1 l\u01b0\u1ee3ng l\u1edbn, in logo theo y\u00eau c\u1ea7u, gi\u00e1 r\u1ebb\" width=\"654\" height=\"654\" title=\"\"><figcaption class=\"wp-caption-text\">Khui bia s\u1ed1 l\u01b0\u1ee3ng l\u1edbn, in logo theo y\u00eau c\u1ea7u, gi\u00e1 r\u1ebb<\/figcaption><\/figure>\n<figure style=\"width: 665px\" class=\"wp-caption alignnone\"><img loading=\"lazy\" decoding=\"async\" class=\"size-full\" src=\"https:\/\/lh3.googleusercontent.com\/DQlwjCbSQx8q2kopJfYAU3d8n7WcZs8FYH9wS8R7c5dShNbyYzXzqXQ1Yr_QCPH9sExWwZYr3geUkBFsEi6T8Knn-7p9SII9h5HjM2s93CLf38jKyJ45j_xBLZ3lXY5HQMjDynHebA2y63N2aOv5ckKIwfd7kIDkuGzWuNQO3kVEiBqynkkCHAk5yCdBZbAv5dUXfbkZCjIvSBk3mon0sUzir4ky3i7gWRLVGaHI671_R7raxLgDRPDexaElHKTcRqe_1xo8_JDIWInqcZYYoxAR2AZDwGgu79aRqSJarc1RnlwIt-UrVM3ZVKSNNBcjmBpyLaaBv5-JDX6YyAfHeJuTrDgjDvDbcCZSwNkhBbrLeR6lz3mJJY7qFxj0BEXLtFnjT7x73j-zCbMFm3BS4GHBtSoCLXjwjjQylLspBA5k5Pka3FCV-pVEtMMLhWbR5zCcWFYeeiq4vBxAmABcDUXXBcv2GnKlk9tY5URE0BC41iXA-v275c5YWe_Ocu0Zsdxt6MjDYaCVMM8XUv3eRGboR0yOmuJzIdiuZSeh0tiWZjr-Jy5xHHnM8o9jawG6Ry4vmuG58blZpLmKEZ9wTE6cHoEbEhzIXXlRu_IT3lX-I9JGzbuWbaYaENljaRM=w665-h476-no\" alt=\"Khui bia s\u1ed1 l\u01b0\u1ee3ng l\u1edbn - In logo th\u00f4ng tin doanh nghi\u1ec7p theo y\u00eau c\u1ea7u\" width=\"665\" height=\"476\" title=\"\"><figcaption class=\"wp-caption-text\">Khui bia s\u1ed1 l\u01b0\u1ee3ng l\u1edbn &#8211; In logo th\u00f4ng tin doanh nghi\u1ec7p theo y\u00eau c\u1ea7u<\/figcaption><\/figure>\n<figure style=\"width: 653px\" class=\"wp-caption alignnone\"><img loading=\"lazy\" decoding=\"async\" class=\"size-full\" src=\"https:\/\/lh3.googleusercontent.com\/RV5EdI2q4eeY3exrfrvUyjfUMHmaZcOdBg_Oize5mqvpjihEdBFf7CsBFXVVtJ-0vAlWqgTNBKORzbvxZLiNHD1vUIWRcN_FMYUyok4iYsbO8dOQelvNXNf-ETrFIhB-fiDLoCglRip-uOEBGVUo4CgQLIyB3aX3m6JaFOXpBEiD88yOB_ZHu1ZEvrV4-c1vCmAcw3bWALSItYSHUMSusB6m-nsgtEmwRPHMVzHdLCPXGE-qfYlf893AItx2_yc8e9lG88jyBKGCgpYjl5-omv7xO1Ci-RobVhXAlPE5Scb4AvmsuGsKyQMj7gVHWd-nZbyg6UWBlsju_KLXpHsx22B9DiOiLDyhDdbzy3nUKaiMcdOF0YBKF7SwKQEJIhsQAqoxgN8OWVQxnhvuwinqkE-Xo45-yYb0TeeasyR8ODb_AP9povuT6reNAMoXHUCfcEMppAaXtlpf0Yf-NTV1MG_hs3bg-gL2uvPTha0j2xumVvviVx2pRYHL4K8gonohzNyTmly95-KbhEDcfmsOfZa7P4zK9LRvPB1AT4h_7izmr2UCrRFv73szT2YEM2BwmElF4gQGrLfnW1dMdNoeziuEolT_ZHRlZQCIzByh9SvYMqFSVRBUD8_WKdhZIdg=w653-h476-no\" alt=\"Khui bia s\u1ed1 l\u01b0\u1ee3ng l\u1edbn, gi\u00e1 s\u1ec9, gi\u00e1 r\u1ebb\" width=\"653\" height=\"476\" title=\"\"><figcaption class=\"wp-caption-text\">Khui bia s\u1ed1 l\u01b0\u1ee3ng l\u1edbn, gi\u00e1 s\u1ec9, gi\u00e1 r\u1ebb<\/figcaption><\/figure>\n<figure style=\"width: 750px\" class=\"wp-caption alignnone\"><img loading=\"lazy\" decoding=\"async\" class=\"size-full\" src=\"https:\/\/lh3.googleusercontent.com\/n6PvnPosxVXB6KruHYsLwAl9x42Gh5OxTv_1NWmf8DgKynFzLa_3wxsyJ4cHJJNzW59q37vCJvhNQsdRa-y8Wfn6WYWo8SfP8rd9dkrbGOYPI6KhsdSwPb_9emSQuyX2WnOU6uY2rm9QCVa75FDzvQLtBGJn39q6st0QfMAKomzd4W9U0uhZxPzYhLUYlXqWFObup4sTEcHeqovhUIInef8MdGZ9z7SRzzyeqWanCsCm4ev18cac5_bubKVOCyqGRw-4I6Q1Qyommz1Bzo7itIkZDcVcY0BsxdOhcG7PaNGqChoGZ0fu6gtmPE0OcUQHxCRyFq3m2DJCvC_cdam40fS6YXMnS42q7ri0StAx5gWd7Db3Rf8oVXHKesqQn_eGWQ979O01XH7XrCdZA5PHrGefZLZPZJKg5e3juJTGBuonlrwFT35QOCwrKfamsOGftOKirxCk4D1qDsn7DXGhjZuTI7usAR4YpKnWffSP15vIx5SP-xSMIdqdL0gSRyLfoDJO_rTYCvR4Q-7NzBIvkYlgIcoA_hSR9XF56wM07-CYZfFYBGTLS7VHjn9r4684VKgVVKl2UXxju5uFEa3ZkQ36H4broSB84UGENJVqVsHr6LwivCPxrWdBtARuRrA=w750-h504-no\" alt=\"Khui bia s\u1ed1 l\u01b0\u1ee3ng l\u1edbn, gi\u00e1 r\u1ebb, in logo theo y\u00eau c\u1ea7u\" width=\"750\" height=\"504\" title=\"\"><figcaption class=\"wp-caption-text\">Khui bia s\u1ed1 l\u01b0\u1ee3ng l\u1edbn, gi\u00e1 r\u1ebb, in logo theo y\u00eau c\u1ea7u<\/figcaption><\/figure>","protected":false},"excerpt":{"rendered":"<p>Khui bia s\u1ed1 l\u01b0\u1ee3ng l\u1edbn M\u1eabu khui bia n\u00e0y l\u00e0 m\u1eabu c\u01a1 b\u1ea3n nh\u1ea5t, n\u00ean gi\u00e1 c\u0169ng m\u1ec1m nh\u1ea5t. Lo\u1ea1i n\u00e0y ph\u00f9 h\u1ee3p cho c\u00e1c nh\u00e0 m\u00e1y, \u0111\u1ea1i l\u00fd bia cung c\u1ea5p cho c\u00e1c nh\u00e0 h\u00e0ng, kh\u00e1ch s\u1ea1n. Thi\u1ebft k\u1ebf c\u01a1 b\u1ea3n, m\u00e0u s\u1eafc \u0111a d\u1ea1ng, n\u1ed5i b\u1eadt l\u00e0 nh\u1eefng \u0111\u1eb7c \u0111i\u1ec3m c\u1ee7a lo\u1ea1i khui [&#8230;]\n","protected":false},"featured_media":3880,"comment_status":"open","ping_status":"closed","template":"","meta":[],"product_brand":[],"product_cat":[553],"product_tag":[558,554,555,559,556,557],"class_list":{"0":"post-3881","1":"product","2":"type-product","3":"status-publish","4":"has-post-thumbnail","6":"product_cat-khui-bia","7":"product_tag-in-logo-len-khui-bia","8":"product_tag-khui-bia","9":"product_tag-mo-bia","10":"product_tag-mo-bia-in-logo","11":"product_tag-mo-nap-chai","12":"product_tag-so-luong-lon","14":"first","15":"instock","16":"shipping-taxable","17":"product-type-simple"},"amp_enabled":true,"_links":{"self":[{"href":"https:\/\/quatang5sao.com\/en\/wp-json\/wp\/v2\/product\/3881","targetHints":{"allow":["GET"]}}],"collection":[{"href":"https:\/\/quatang5sao.com\/en\/wp-json\/wp\/v2\/product"}],"about":[{"href":"https:\/\/quatang5sao.com\/en\/wp-json\/wp\/v2\/types\/product"}],"replies":[{"embeddable":true,"href":"https:\/\/quatang5sao.com\/en\/wp-json\/wp\/v2\/comments?post=3881"}],"wp:featuredmedia":[{"embeddable":true,"href":"https:\/\/quatang5sao.com\/en\/wp-json\/wp\/v2\/media\/3880"}],"wp:attachment":[{"href":"https:\/\/quatang5sao.com\/en\/wp-json\/wp\/v2\/media?parent=3881"}],"wp:term":[{"taxonomy":"product_brand","embeddable":true,"href":"https:\/\/quatang5sao.com\/en\/wp-json\/wp\/v2\/product_brand?post=3881"},{"taxonomy":"product_cat","embeddable":true,"href":"https:\/\/quatang5sao.com\/en\/wp-json\/wp\/v2\/product_cat?post=3881"},{"taxonomy":"product_tag","embeddable":true,"href":"https:\/\/quatang5sao.com\/en\/wp-json\/wp\/v2\/product_tag?post=3881"}],"curies":[{"name":"wp","href":"https:\/\/api.w.org\/{rel}","templated":true}]}}