{"id":3877,"date":"2018-09-12T23:13:43","date_gmt":"2018-09-12T16:13:43","guid":{"rendered":"https:\/\/quatang5sao.com\/?post_type=product&#038;p=3877"},"modified":"2024-05-22T11:40:52","modified_gmt":"2024-05-22T04:40:52","slug":"moc-khoa-da-san-xuat-moc-khoa-da-dep-gia-re","status":"publish","type":"product","link":"https:\/\/quatang5sao.com\/en\/moc-khoa-da-san-xuat-moc-khoa-da-dep-gia-re\/","title":{"rendered":"M\u00f3c kh\u00f3a da &#8211; S\u1ea3n xu\u1ea5t m\u00f3c kh\u00f3a da \u0111\u1eb9p gi\u00e1 r\u1ebb"},"content":{"rendered":"<h1><span style=\"color: #000000;\">M\u00f3c kh\u00f3a da<\/span><\/h1>\n<p><span style=\"color: #000000;\"><strong>M\u00f3c kh\u00f3a b\u1eb1ng da<\/strong> l\u00e0 v\u1eadt li\u1ec7u t\u1ea1o n\u00ean s\u1ef1 sang tr\u1ecdng, qu\u00fd ph\u00e1i. V\u00ec v\u1eady r\u1ea5t ph\u00f9 h\u1ee3p \u0111\u1ec3 d\u00f9ng l\u00e0m <a href=\"https:\/\/quatang5sao.com\/en\/\"><strong>qu\u00e0 t\u1eb7ng<\/strong><\/a> nh\u1eefng kh\u00e1ch h\u00e0ng sang tr\u1ecdng, l\u1ecbch s\u1ef1.<\/span><\/p>\n<p><span style=\"color: #000000;\"><strong>M\u00f3c kh\u00f3a da<\/strong> c\u0169ng c\u00f3 r\u1ea5t nhi\u1ec1u m\u1eabu m\u00e3, m\u00e0u s\u1eafc, ch\u1ea5t li\u1ec7u da. Ch\u00fang t\u00f4i s\u1ebd \u0111\u01b0a l\u00ean m\u1ed9t s\u1ed1 m\u1eabu m\u00e3 kh\u00e1ch h\u00e0ng th\u01b0\u1eddng \u0111\u1eb7t h\u00e0ng. Nh\u1eefng m\u1eabu m\u00e3 kh\u00e1c qu\u00fd kh\u00e1ch c\u00f3 th\u1ec3 li\u00ean h\u1ec7 tr\u1ef1c ti\u1ebfp \u0111\u1ec3 y\u00eau c\u1ea7u. Ch\u00fang t\u00f4i s\u1ebd c\u1ed1 g\u1eafng \u0111\u00e1p \u1ee9ng \u0111\u01b0\u1ee3c to\u00e0n b\u1ed9 c\u00e1c y\u00eau c\u1ea7u c\u1ee7a kh\u00e1ch h\u00e0ng.<\/span><\/p>\n<p><span style=\"color: #000000;\">C\u00e1c n\u1ed9i dung <strong>in l\u00ean m\u00f3c kh\u00f3a b\u1eb1ng da<\/strong> c\u0169ng r\u1ea5t \u0111a d\u1ea1ng. Nh\u01b0ng v\u00ec t\u00ednh ch\u1ea5t v\u1eadt li\u1ec7u, v\u00e0 \u0111\u1ea3m b\u1ea3o c\u00e1i ch\u1ea5t c\u1ee7a da, b\u1eadt l\u00ean \u0111\u1eb3ng c\u1ea5p c\u1ee7a ng\u01b0\u1eddi s\u1eed d\u1ee5ng. Th\u00ec n\u1ed9i dung in l\u00ean th\u01b0\u1eddng ch\u1ec9 m\u1ed9t m\u00e0u, n\u1ed9i dung kh\u00f4ng qu\u00e1 ph\u1ee9c t\u1ea1p. Ngo\u00e0i ph\u01b0\u01a1ng ph\u00e1p in th\u00f4ng th\u01b0\u1eddng l\u00ean <a href=\"https:\/\/quatang5sao.com\/en\/danh-muc\/moc-khoa\/\"><strong>m\u00f3c kh\u00f3a<\/strong><\/a>, ch\u00fang t\u00f4i c\u00f2n c\u00f3 th\u1ec3 d\u1eadp ch\u00ecm n\u1ed9i dung theo y\u00eau c\u1ea7u c\u1ee7a kh\u00e1ch h\u00e0ng. Qu\u00fd kh\u00e1ch h\u00e0ng khi \u0111\u1eb7t h\u00e0ng c\u1ea7n n\u00eau r\u00f5 c\u00e1c y\u00eau c\u1ea7u \u0111\u1ec3 ch\u00fang t\u00f4i b\u00e1o gi\u00e1 h\u1ee3p l\u00fd nh\u1ea5t.<\/span><\/p>\n<p><span style=\"color: #000000;\">M\u1ecdi chi ti\u1ebft t\u01b0 v\u1ea5n, b\u00e1o gi\u00e1, qu\u00fd kh\u00e1ch vui l\u00f2ng li\u00ean h\u1ec7 qua email ho\u1eb7c s\u1ed1 \u0111i\u1ec7n tho\u1ea1i &amp; zalo c\u1ee7a website.<\/span><\/p>\n<h1><span style=\"color: #000000;\">Catalogue m\u1eabu m\u00f3c kh\u00f3a da c\u00e1c lo\u1ea1i<\/span><\/h1>\n<figure style=\"width: 1738px\" class=\"wp-caption alignnone\"><img loading=\"lazy\" decoding=\"async\" class=\"size-full\" src=\"https:\/\/lh3.googleusercontent.com\/BXN1wQkUROM9dL_ADubU83SAUUCdzwHkHYNlmlqaHkSK55kXlsdanMofAQAATihSCny7T3rDdixRGGHH5O4RoaehRglhCaaLaqqzl-bnwNFHYVZ5JH7F9-fBwZLqUJ11Z7YvH4WFyr2WWFmhls5E6rxi3Ys9k_3IjQzocgADy2fpxB0KjWsIgibGYPHkFv2V9S5tpN7lK-nyQDwQU1H1qXOpvBaN-W7M7l8JnYP2CaHPWUnEfjfIXrmW5w6SiPFdQm1T2j99JOReTlCE7Vnzfsdq2gsHOJenpvI77rTVa0RkvHVtEf7HtAacMvu51XcSMTbGqmDpa0PK0Ypg4PTafql_ejDCLF0CDaLjb-pDWkEq8cldoJOrVIXXj2BZcF9JxtV1qsKOo8QZ_gHGwWyK2UlMbT7y6Lz_BWM6MEbSYA7rZ9JBEn7JpFsHhTuvm0JEENd3KgGHsdDQATh3SKwx4rc3NF9FGp3FClCQqfhXA3mxpxtlQL4fmpB7Ui4eAtHBDCwDhTCod2qvJbIGvIAisHwOQoMl-lEqeAlWUJA31Zcpw0KTK9lkgQMvbSHeSyTO0CDpKZY_GiNiEwuSeGbfGqQ1mLe8dukszK5oJNLt9AESV4qTiejrN5EC_bZOoaE=w1738-h974-no\" alt=\"M\u00f3c kh\u00f3a da c\u00e1c lo\u1ea1i\" width=\"1738\" height=\"974\" title=\"\"><figcaption class=\"wp-caption-text\">M\u00f3c kh\u00f3a da c\u00e1c lo\u1ea1i<\/figcaption><\/figure>\n<figure style=\"width: 1711px\" class=\"wp-caption alignnone\"><img loading=\"lazy\" decoding=\"async\" class=\"size-full\" src=\"https:\/\/lh3.googleusercontent.com\/ujeHEyl4CSjn1TYrpmOb7XuwSmxQUpEdokjbOPdHTha1wwFTlNrOelBe5ceYaL2QzL5SYURKhOp3cs7gPPMuhL7f7UgUBCqhH1pu_oQRGf9qNNRdgUYWRNifg1hp2HEagZ_TKVAYl50Cin7gDo1g0pa3liVjp_17GALtIxDeBqk3_082YXafwt02fcEue_e5c3IaPmqTuQBF0vwoDVcb7DoDRLoyrE7DlmkCrT1aU2E_WZvPOlcRvwq2z8NIXVba52yU4MYTF-a4xtrvB07wZLAF7xACbcAeTVe-8ciddM3Akv-ZWaTisR7w0J-U52_KcaoMgxrIN9GLGWYNqssNizaLLQmmoZ_XScgcMaTYT1TKSYOhKhQcuCtiaU7e2NfGZnD9MmNXYmCJ04qZPNN-2apIp6ubuO2SBlicJi5maGqw63aIizJJTn5Kabp0cnOLQFQIub-F3YxR-Zxv69tFETA0RYsiR6CWidmEX075drK5sG1kBCRvMabxkSebjaHr9m1D9wkGDOqRxOMQ4ZS2-gLJcsIcfi7Sam3MRtj1iZqm4hbLYz2UWO6p70E_WHdVBZkh7b9bMzBQ5dcV7d1lwOUaN0o_wYs3PkNWYD6tkG6ZQVCgiuiqlUlAo6kudU8=w1711-h974-no\" alt=\"Catalog m\u00f3c kh\u00f3a\" width=\"1711\" height=\"974\" title=\"\"><figcaption class=\"wp-caption-text\">Catalog m\u00f3c kh\u00f3a<\/figcaption><\/figure>\n<h1>H\u00ecnh \u1ea3nh m\u00f3c kh\u00f3a b\u1eb1ng da<\/h1>\n<figure id=\"attachment_3878\" aria-describedby=\"caption-attachment-3878\" style=\"width: 750px\" class=\"wp-caption alignnone\"><img loading=\"lazy\" decoding=\"async\" class=\"size-full wp-image-3878\" src=\"https:\/\/quatang5sao.com\/wp-content\/uploads\/2018\/09\/Moc-khoa-da-Mau-08-10.jpg\" alt=\"M\u00f3c kh\u00f3a da \u0111\u1eb9p r\u1ebb x\u1ecbn\" width=\"750\" height=\"750\" title=\"\" srcset=\"https:\/\/quatang5sao.com\/wp-content\/uploads\/2018\/09\/Moc-khoa-da-Mau-08-10.jpg 750w, https:\/\/quatang5sao.com\/wp-content\/uploads\/2018\/09\/Moc-khoa-da-Mau-08-10-247x247.jpg 247w, https:\/\/quatang5sao.com\/wp-content\/uploads\/2018\/09\/Moc-khoa-da-Mau-08-10-100x100.jpg 100w, https:\/\/quatang5sao.com\/wp-content\/uploads\/2018\/09\/Moc-khoa-da-Mau-08-10-510x510.jpg 510w, https:\/\/quatang5sao.com\/wp-content\/uploads\/2018\/09\/Moc-khoa-da-Mau-08-10-280x280.jpg 280w, https:\/\/quatang5sao.com\/wp-content\/uploads\/2018\/09\/Moc-khoa-da-Mau-08-10-400x400.jpg 400w, https:\/\/quatang5sao.com\/wp-content\/uploads\/2018\/09\/Moc-khoa-da-Mau-08-10-120x120.jpg 120w\" sizes=\"auto, (max-width: 750px) 100vw, 750px\" \/><figcaption id=\"caption-attachment-3878\" class=\"wp-caption-text\">M\u00f3c kh\u00f3a da \u0111\u1eb9p r\u1ebb x\u1ecbn<\/figcaption><\/figure>\n<figure style=\"width: 750px\" class=\"wp-caption alignnone\"><img loading=\"lazy\" decoding=\"async\" class=\"size-full\" src=\"https:\/\/lh3.googleusercontent.com\/E4P0Hgh_oogy_gw-8bJ1jy_w9Q8o6uydKjk3UXg_b1V8RivbT-TZri-1FnGuiHEKGfnuvrPeTg2V8ZrGGLzbSR4Hl5CLeOMS8y228qdkGEiNqOgfm-6-bJbSHCIf5JbAyG47hH7fbBUjM3A7cZrou15C_gWPDiVRUJiAg4kF2vpcPbKO5FvbjHZsoUbjhLgLWnvqZ0xesqAtWCoic89aazWOM0RIlhjhZz5ZwPXfWS2j8UidCLdoe6vzf22uf_4x4KHnHQ0x8cSPbRLJiMFjLUnhthlA3OrByXQQ9rFMzAMC51ZsGMoeofH3-uy9m6t2wjfS06PYD8BNME_lqhj_aKJS0u1m9ZEvCZRWg0T8H8uCQyrNWzcaPaOqOQZtrFkcY9QNH96XzbODewCgmfwRnp04q70m_SwBw5qXCGbq_ZOcRBEWViid_1y4D9pUs0HuNC3LXQKaibWxkGu3r9dj-rPohHWtppVtrlvXmO3tvP_tDXnUx2E3OQFDgPHz5VGzNxOMwRZBFGu34qNhPyySKSqzBLW_gGbvhSn-getmsHP1f2GJKsCeIq7eO_3drQm_PGnI29kYb7lsRyvfQ-B9d6A4o7mheo-eGk3k_1nnU0DW2QY_Rgbfh1jK-luf9t8=s750-no\" alt=\"M\u00f3c kh\u00f3a b\u1eb1ng da - K\u00edch th\u01b0\u1edbc th\u1ef1c t\u1ebf\" width=\"750\" height=\"750\" title=\"\"><figcaption class=\"wp-caption-text\">M\u00f3c kh\u00f3a b\u1eb1ng da &#8211; K\u00edch th\u01b0\u1edbc th\u1ef1c t\u1ebf<\/figcaption><\/figure>\n<figure style=\"width: 750px\" class=\"wp-caption alignnone\"><img loading=\"lazy\" decoding=\"async\" class=\"size-full\" src=\"https:\/\/lh3.googleusercontent.com\/OgreH51vBl1xXyMRYbGdrugYqMtpbl0HAwdzmpLnDBYwARWNWZNsi1XAAsSnyS0kfcXuCZRn0nSGNdRNNeiY40JxFx_P40NEOxHe31IJ7XwPYlkhgmw7JIfaS55-cE09BfUdWhZDNrGhOaT_fTQbUr2rNGJrC8fHxstVGXxml05WUeoAYREvqVazOCATPt6lZIlV_E0sg5Zrvzv9suhPzjSTkS7Lcxj0ZVX9KlYtW-Y7qFaKCZjY2tV9xgEgo8T0VELEZWraNLD5RROL7oOb2k_1Y1TEwXdV7Gfgaf_wMvGvK2qXazMrCfPWvNDILa_kTr6RrkALgDv-tHikHKbKkXOFtbgZyVZAiy21gH3Fua_sbSqHv56rAzmTasTaB0_YJkE7L3uzDFX9rVtS3HoVcYAS7t4wICQ5Sqgwxna9fW88-GuQFI2ob_InOhOhQm1wMOdk34CRYOA9VzFm5SjxoI8XFVKKlg49KtCziL5E61hoEZTyQuU1quilOoF1Ck0bcziD5zjqax4nHaZQG9gbCyRnp4Mk4enGP2UizXhfmcg950S3a26fCm70RfMPlQOMS68KiuPBPP0hjSkaklYaHfriESQpBB7T_GcQ60DdpDN22uFSfbO_GQfvDpJHNsY=w750-h506-no\" alt=\"M\u00f3c kh\u00f3a da s\u1ed1 l\u01b0\u1ee3ng l\u1edbn gi\u00e1 r\u1ebb\" width=\"750\" height=\"506\" title=\"\"><figcaption class=\"wp-caption-text\">M\u00f3c kh\u00f3a da s\u1ed1 l\u01b0\u1ee3ng l\u1edbn gi\u00e1 r\u1ebb<\/figcaption><\/figure>\n<p>&nbsp;<\/p>","protected":false},"excerpt":{"rendered":"<p>M\u00f3c kh\u00f3a da M\u00f3c kh\u00f3a b\u1eb1ng da l\u00e0 v\u1eadt li\u1ec7u t\u1ea1o n\u00ean s\u1ef1 sang tr\u1ecdng, qu\u00fd ph\u00e1i. V\u00ec v\u1eady r\u1ea5t ph\u00f9 h\u1ee3p \u0111\u1ec3 d\u00f9ng l\u00e0m qu\u00e0 t\u1eb7ng nh\u1eefng kh\u00e1ch h\u00e0ng sang tr\u1ecdng, l\u1ecbch s\u1ef1. M\u00f3c kh\u00f3a da c\u0169ng c\u00f3 r\u1ea5t nhi\u1ec1u m\u1eabu m\u00e3, m\u00e0u s\u1eafc, ch\u1ea5t li\u1ec7u da. Ch\u00fang t\u00f4i s\u1ebd \u0111\u01b0a l\u00ean m\u1ed9t s\u1ed1 [&#8230;]\n","protected":false},"featured_media":3878,"comment_status":"open","ping_status":"closed","template":"","meta":[],"product_brand":[],"product_cat":[21],"product_tag":[543,535,541,545,537,534,551,536,539,547,548,538,546,542,552,550,544,549,540],"class_list":{"0":"post-3877","1":"product","2":"type-product","3":"status-publish","4":"has-post-thumbnail","6":"product_cat-moc-khoa","7":"product_tag-in-hinh-len-moc-khoa","8":"product_tag-in-moc-khoa","9":"product_tag-lam-moc-chia-khoa","10":"product_tag-lam-moc-khoa-theo-yeu-cau","11":"product_tag-moc-chia-khoa","12":"product_tag-moc-khoa","13":"product_tag-moc-khoa-da","14":"product_tag-moc-khoa-dep","15":"product_tag-moc-khoa-doc","16":"product_tag-moc-khoa-gia-re","17":"product_tag-moc-khoa-gia-si","18":"product_tag-moc-khoa-in-hinh","19":"product_tag-moc-khoa-inox","20":"product_tag-moc-khoa-kim-loai","21":"product_tag-moc-khoa-mica","22":"product_tag-moc-khoa-nhua-deo","23":"product_tag-moc-khoa-qua-tang","24":"product_tag-moc-khoa-vai-ni","25":"product_tag-xuong-san-xuat-moc-khoa","27":"first","28":"instock","29":"shipping-taxable","30":"product-type-simple"},"amp_enabled":true,"_links":{"self":[{"href":"https:\/\/quatang5sao.com\/en\/wp-json\/wp\/v2\/product\/3877","targetHints":{"allow":["GET"]}}],"collection":[{"href":"https:\/\/quatang5sao.com\/en\/wp-json\/wp\/v2\/product"}],"about":[{"href":"https:\/\/quatang5sao.com\/en\/wp-json\/wp\/v2\/types\/product"}],"replies":[{"embeddable":true,"href":"https:\/\/quatang5sao.com\/en\/wp-json\/wp\/v2\/comments?post=3877"}],"wp:featuredmedia":[{"embeddable":true,"href":"https:\/\/quatang5sao.com\/en\/wp-json\/wp\/v2\/media\/3878"}],"wp:attachment":[{"href":"https:\/\/quatang5sao.com\/en\/wp-json\/wp\/v2\/media?parent=3877"}],"wp:term":[{"taxonomy":"product_brand","embeddable":true,"href":"https:\/\/quatang5sao.com\/en\/wp-json\/wp\/v2\/product_brand?post=3877"},{"taxonomy":"product_cat","embeddable":true,"href":"https:\/\/quatang5sao.com\/en\/wp-json\/wp\/v2\/product_cat?post=3877"},{"taxonomy":"product_tag","embeddable":true,"href":"https:\/\/quatang5sao.com\/en\/wp-json\/wp\/v2\/product_tag?post=3877"}],"curies":[{"name":"wp","href":"https:\/\/api.w.org\/{rel}","templated":true}]}}