{"id":3864,"date":"2018-09-11T23:06:49","date_gmt":"2018-09-11T16:06:49","guid":{"rendered":"https:\/\/quatang5sao.com\/?post_type=product&#038;p=3864"},"modified":"2018-09-12T23:20:51","modified_gmt":"2018-09-12T16:20:51","slug":"moc-khoa-kim-loai-so-luong-lon-gia-re-gia-si","status":"publish","type":"product","link":"https:\/\/quatang5sao.com\/en\/moc-khoa-kim-loai-so-luong-lon-gia-re-gia-si\/","title":{"rendered":"M\u00f3c kh\u00f3a kim lo\u1ea1i s\u1ed1 l\u01b0\u1ee3ng l\u1edbn gi\u00e1 r\u1ebb gi\u00e1 s\u1ec9"},"content":{"rendered":"<h1><span style=\"color: #000000;\">M\u00f3c kh\u00f3a kim lo\u1ea1i<\/span><\/h1>\n<p><span style=\"color: #000000;\"><a href=\"https:\/\/quatang5sao.com\/en\/danh-muc\/moc-khoa\/\"><strong>Keychain<\/strong><\/a> lo\u1ea1i n\u00e0y \u0111\u01b0\u1ee3c t\u1ea1o h\u00ecnh, in logo theo y\u00eau c\u1ea7u c\u1ee7a kh\u00e1ch h\u00e0ng. T\u00f9y v\u1eadt li\u1ec7u l\u00e0m m\u00f3c kh\u00f3a v\u00e0 c\u00f4ng ngh\u1ec7 s\u1ea3n xu\u1ea5t n\u00ean c\u0169ng c\u00f3 gi\u00e1 v\u00e0 y\u00eau c\u1ea7u s\u1ed1 l\u01b0\u1ee3ng kh\u00e1c nhau.<\/span><\/p>\n<p><span style=\"color: #000000;\">Lo\u1ea1i <strong>m\u00f3c kh\u00f3a<\/strong>\u00a0c\u00f3 th\u1ec3 s\u1ea3n xu\u1ea5t b\u1eb1ng c\u00e1ch \u0103n m\u00f2n, sau \u0111\u00f3 \u0111\u00e1nh b\u00f3ng v\u00e0 s\u01a1n l\u00ean. Lo\u1ea1i n\u00e0y c\u00f3 th\u1ec3 s\u1ea3n xu\u1ea5t c\u1ea3 v\u1edbi s\u1ed1 l\u01b0\u1ee3ng nh\u1ecf. Qu\u00e0 T\u1eb7ng 5 Sao c\u00f3 ph\u01b0\u01a1ng ph\u00e1p \u0103n m\u00f2n hi\u1ec7n \u0111\u1ea1i, gi\u00fap c\u00e1c h\u00ecnh \u1ea3nh c\u1ea7n \u0103n m\u00f2n c\u00f3 \u0111\u1ed9 s\u1eafc n\u00e9t cao. S\u1ea3n ph\u1ea9m l\u00e0m ra r\u1ea5t th\u1ea9m m\u1ef9, ch\u1ea5t l\u01b0\u1ee3ng t\u1ed1t.<\/span><\/p>\n<p><span style=\"color: #000000;\">Lo\u1ea1i <a href=\"https:\/\/quatang5sao.com\/en\/san-pham-qua-tang\/moc-khoa-inox-dep-so-luong-lon-gia-re\/\"><strong>m\u00f3c kh\u00f3a kim lo\u1ea1i<\/strong><\/a> s\u1ea3n xu\u1ea5t b\u1eb1ng c\u00e1ch \u0111\u00fac ho\u1eb7c d\u1eadp. Lo\u1ea1i n\u00e0y c\u1ea7n ph\u1ea3i \u0111\u1eb7t theo s\u1ed1 l\u01b0\u1ee3ng l\u1edbn do \u0111\u00f2i h\u1ecfi v\u1ec1 khu\u00f4n d\u1eadp, \u0111\u00fac. Nh\u01b0ng lo\u1ea1i n\u00e0y th\u01b0\u1eddng s\u1eed d\u1ee5ng kim lo\u1ea1i kh\u00f4ng b\u1ecb m\u00f2n, \u0111\u1ed9 \u00e1nh kim cao. Do \u0111\u00f3 \u0111\u1ed9 b\u1ec1n s\u1ebd cao h\u01a1n, <strong>m\u00f3c kh\u00f3a<\/strong> lu\u00f4n s\u1ea1ch s\u1ebd.<\/span><\/p>\n<p><span style=\"color: #000000;\">Qu\u00e0 T\u1eb7ng 5 Sao ch\u00fang t\u00f4i nh\u1eadn s\u1ea3n xu\u1ea5t c\u1ea3 hai lo\u1ea1i tr\u00ean. Qu\u00fd kh\u00e1ch h\u00e0ng c\u00f3 nhu c\u1ea7u xin h\u00e3y li\u00ean h\u1ec7 tr\u1ef1c ti\u1ebfp \u0111\u1ec3 trao \u0111\u1ed5i nh\u00e9. R\u1ea5t mong nh\u1eefng s\u1ea3n ph\u1ea9m c\u1ee7a ch\u00fang t\u00f4i gi\u00fap cho doanh nghi\u1ec7p c\u1ee7a b\u1ea1n ph\u00e1t tri\u1ec3n r\u1ef1c r\u1ee1.<\/span><\/p>\n<h1>Catalogue c\u00e1c lo\u1ea1i m\u00f3c kh\u00f3a<\/h1>\n<figure style=\"width: 1735px\" class=\"wp-caption alignnone\"><img loading=\"lazy\" decoding=\"async\" class=\"size-full\" src=\"https:\/\/lh3.googleusercontent.com\/xw9uI0FWhQl1HiLsmdgx78qikF_SkZhCowJsRHM86TGJHFL14r15UW6g1ev8OQbhYCA1ugsexyb_-fyTdDuMbgLlwHPGN4YtmTf0IaJP8q4WZ4Aufuwfw6Z4E52FESdhvFiAyuhh01lVo6Sx1I-BM0m5-AWsZRRscVqEVE5EZ25WiZDovsxawBCQi0W02debzQQukZwICZTJMnBH2uFPCq0NMTMUSWU-9PtlTylgcFmH4InSOTg0VlSDbPxLLm7FBJE560k_s6GXWMpi8xscMUcdLY_0kikRud_pAtuBV4AyU7GopwZssSSUjCE3PgGCHhUb_6PlaycSopUKdH3E1WQEyrVFFmCWsMvLqDW0FQFVVBJTy1fAaXIeKUC7U8O6a1hWyM-iCb5idPHERozzzZLFexSw27UtBmQNdw0emkDbBYIRnF4BSUiNwos-Xp54Z0TFMoS_0pbyy_HxIEYyEeXKzmKNGlTfUF_dWNAP_K_fSA0ByTfwElhrc68vzNzNmZ0TUE0-6EPRHrZatMaoBRJNlxwLWuvjt-Siq-gyJZi9dPrmi6wRK-HjNhtCnhz3ri02wzvCnBniZMahPnihPKJsch3V0taOv3EcwMmJJXFKx6k4Qm3AdCd36SEWvYg=w1735-h974-no\" alt=\"Catalog M\u00f3c kh\u00f3a\" width=\"1735\" height=\"974\" title=\"\"><figcaption class=\"wp-caption-text\">Catalog M\u00f3c kh\u00f3a<\/figcaption><\/figure>\n<figure style=\"width: 1718px\" class=\"wp-caption alignnone\"><img loading=\"lazy\" decoding=\"async\" class=\"size-full\" src=\"https:\/\/lh3.googleusercontent.com\/qs1b1HocBj3B768Zd68xtabc1HaTI1ROUe3gtJ3xhxnTCcppEa1NeFvFe6pA2bNQ4iDZ7XuvosNqp82g1hukxgekJQA45q9jfPPBjBEMYzW-jbv067qe9Nf_Fu_Hku5wO8VCj3PrGohuYLbCSV-yFPPNY9XH3XNUOdsnVj1pZXD36I7tOXT2verajGuwKLncI31ADwJZHNte2UDXp72a0tBDyQkgilDlRKqMoLn6kiEMoX3n7Vw-3vqMnQXGMTdQRNN6M2abmd3DdsLe7hN4hWvCJU72T74HTc8o1I6SJKyA02WJsYm0iQ6PU-ul7j5TRik0pCkpwgPiA3fOKBgBhJU-cB8a4SEjv9S4h8DimC8jiCLehjOvF-FD-gjcsXlzLHZ6b8T9E3BQodfbdCBJiJA9rJuCa-zWHaklXtUlz70YJA7UQl-YiQSqpAaV4lfU2vJKv2qZlj2ZG5STuWQATZb7MWzjGJnhVIXybGavW8ASyQoGxgdJZ8TvGblIMMvQUOIbPDdZEGCwCRFlPxyOwGPJLL5ph13LLwsVgTlV5loxm2jLlGsBvc5gmzlCEbtj0O19Z1d4ZS3--kZOtB0YkxoDz-YFeeZZXxfPpeYfZokNMK9YrLQvwpwjUSw-p4g=w1718-h974-no\" alt=\"Catalog m\u00f3c kh\u00f3a\" width=\"1718\" height=\"974\" title=\"\"><figcaption class=\"wp-caption-text\">Catalog m\u00f3c kh\u00f3a<\/figcaption><\/figure>\n<figure style=\"width: 1735px\" class=\"wp-caption alignnone\"><img loading=\"lazy\" decoding=\"async\" class=\"size-full\" src=\"https:\/\/lh3.googleusercontent.com\/BzW5vw8bBxHpH_DR4yf3VMYwUo8oB0nhXaHND71FU6bzx6qa3O3jHUh91LNJalPI3LAGVS98mJqaN5z00UeLZnRu7NwrhFcGNdzNr6ZX55N5lw0UDPwkZSbDMKr6yLrKLlsGEjwdLyRZRgz0pQ91PW5ULH1j9BuG9in-iO_7GjFqpupLTPqcx8a2A2TufqjEun7cLxF1cXXP0lr3sd_DLxq-DWbjguCi-hF8GgaDS2f6aEV9FwfextmmwrWkyRk4Un35H6_8ZlkoNZwilEd-e8ZB6HC40daoliPnpAHquWJr3U0JRJFWmFIK8GBAvMpYPuOVOlk7aJnEwJfxPaoYTZxsMUhJVKvBpMuv5HYnH7mYPMkEK12Gcx9aUv8rshDdhv7SDS2Sr7ntqf7RCSPHFiM4gjDhkhgbxuoIaAEnl4eyJNqA3MUtf-orTTPUk8DxfyoYZ6gieNJWCgDevqmoXdLzy4mpek3zPh_2KwA4Bj53g6nxRBKDLsIoNHmSsjmaySOdr-ulSVhKOricd8B-DFcTxudcMvo-Nx58yg8Q5w6aLewSD2_fMMD7pDO9estVrYq43qxCSNwrYbo_ux3Vpvm4aazg4tmrlpK1HNv8dcRxh_jszcIX2doeCdSA_J4=w1735-h974-no\" alt=\"Catalog m\u00f3c kh\u00f3a\" width=\"1735\" height=\"974\" title=\"\"><figcaption class=\"wp-caption-text\">Catalog m\u00f3c kh\u00f3a<\/figcaption><\/figure>\n<figure style=\"width: 1728px\" class=\"wp-caption alignnone\"><img loading=\"lazy\" decoding=\"async\" class=\"size-full\" src=\"https:\/\/lh3.googleusercontent.com\/on_n9Zm4_F600NSIYP_OH7-HVb5GNLpNRvWqqob3Pys320672irA0MSIAnYy4oOKcLgYctHHltv34VeLQ-8TOcQv-Sl95q9VaLAGEZhj6pYh0p71UBqDGTlfybJ25sSqKj1Ia3jKH0X__vme89j_8ktenhBzzC3BUzs65pql9VZMLvkpO-Rtd6swgcb_zRJNiYiFxmn90e3MPaI3pq5-WFDhhUoRbJULXmfB8Gs_trmEEwLEgdxHQfzdcyPb0hokjOfuKC9ZigQRyZZb-Pg78uJyNrDC4xYgEqY0nu20hU1LUcxPKUjy1GADbA9xLCuNYZXlktrRmp8KeUWHjINLLNQcOWyLZJ8qPGztopQu-SdxOOAZxG8pYUb6mcQJjw7lcR-2k4ULyF58qlGX60PqJQyROTb1H3x51MlCPPFTwIUz0fGviLNfEjg7PLjcaH6DBPu8QqgGQwqUbQJAXP7zBr6Yz1-zDbqK9NeGi0pOgT0rqeLoo7CmCkYFH63aNGiKjAVGjJ_7yeLW688JmXv1WT6hUZVaXzliBVjuTqcAYPvTNUPK1TqJIQta0Vv6qkTFPYGSkeV586FQDxze8uts574Yff7ZjqSAs28kYITWohjpw7FiNf0rNIIAprTw_Bw=w1728-h974-no\" alt=\"Catalog m\u00f3c kh\u00f3a\" width=\"1728\" height=\"974\" title=\"\"><figcaption class=\"wp-caption-text\">Catalog m\u00f3c kh\u00f3a<\/figcaption><\/figure>\n<figure style=\"width: 1729px\" class=\"wp-caption alignnone\"><img loading=\"lazy\" decoding=\"async\" class=\"size-full\" src=\"https:\/\/lh3.googleusercontent.com\/VB7WYDgfJKmleICQE4P0hvkzqYfeaoioCs1a2MoE4794DAZIyLawrJLT0La9CQ1jSkDukinajmOPCvc1YFaMlhkVaH1Zuv_xhg_ep4my0zUsp-K_tlP6B0LUH-PdsG8OIMJWE6cBHhjN-TLOkrNMVK1WusIOnG66OjPEF0fM8evJcRpx2ncOaveC4YniotZAlkipqgkdN8ApJxpJ3Not9dX8WulwUbcLGQAqnYkcE7nJgYNiI7vsbHj3um0d9nxLvaKerVS4pIUua718T3kukyu50lKg8_W05Kk1ZxDownfY0nvzxGzOHF2N7K6hv9XKpo0Wl24OxOMfDsIT_ka-SAqPLVITALyzoCtbxoHRhu5tGbru2XPznS2_PUuTTjs1wpTtjZKtPimB6v_NJvkG1Rq-RyOftMnHEu7iHYLGCYSLxNLu00e2_EZrtEhBWh7WIlyFZXM33N-Y8ja623PLlSoxFYjCsCEiBqtEARLJ-SU6LqwdO5FMCDmdYxiedfg69_tAxfYjUGVfVDyKBg3UInee3ZgAKAhAB8_m5kOQGhPyiSvkYVkAaaZfLwXmNNu11ovXa-KaO4ceT9sZoDtYtGTI-nv3Bma-u8Y2suBzBcUKLLDf-Xxz6_lmH8A4NL8=w1729-h974-no\" alt=\"Catalog m\u00f3c kh\u00f3a\" width=\"1729\" height=\"974\" title=\"\"><figcaption class=\"wp-caption-text\">Catalog m\u00f3c kh\u00f3a<\/figcaption><\/figure>\n<figure style=\"width: 1711px\" class=\"wp-caption alignnone\"><img loading=\"lazy\" decoding=\"async\" class=\"size-full\" src=\"https:\/\/lh3.googleusercontent.com\/ujeHEyl4CSjn1TYrpmOb7XuwSmxQUpEdokjbOPdHTha1wwFTlNrOelBe5ceYaL2QzL5SYURKhOp3cs7gPPMuhL7f7UgUBCqhH1pu_oQRGf9qNNRdgUYWRNifg1hp2HEagZ_TKVAYl50Cin7gDo1g0pa3liVjp_17GALtIxDeBqk3_082YXafwt02fcEue_e5c3IaPmqTuQBF0vwoDVcb7DoDRLoyrE7DlmkCrT1aU2E_WZvPOlcRvwq2z8NIXVba52yU4MYTF-a4xtrvB07wZLAF7xACbcAeTVe-8ciddM3Akv-ZWaTisR7w0J-U52_KcaoMgxrIN9GLGWYNqssNizaLLQmmoZ_XScgcMaTYT1TKSYOhKhQcuCtiaU7e2NfGZnD9MmNXYmCJ04qZPNN-2apIp6ubuO2SBlicJi5maGqw63aIizJJTn5Kabp0cnOLQFQIub-F3YxR-Zxv69tFETA0RYsiR6CWidmEX075drK5sG1kBCRvMabxkSebjaHr9m1D9wkGDOqRxOMQ4ZS2-gLJcsIcfi7Sam3MRtj1iZqm4hbLYz2UWO6p70E_WHdVBZkh7b9bMzBQ5dcV7d1lwOUaN0o_wYs3PkNWYD6tkG6ZQVCgiuiqlUlAo6kudU8=w1711-h974-no\" alt=\"Catalog m\u00f3c kh\u00f3a\" width=\"1711\" height=\"974\" title=\"\"><figcaption class=\"wp-caption-text\">Catalog m\u00f3c kh\u00f3a<\/figcaption><\/figure>\n<h1><span style=\"color: #000000;\">H\u00ecnh \u1ea3nh m\u00f3c kh\u00f3a b\u1eb1ng kim lo\u1ea1i gi\u00e1 r\u1ebb<\/span><\/h1>\n<figure id=\"attachment_3865\" aria-describedby=\"caption-attachment-3865\" style=\"width: 697px\" class=\"wp-caption alignnone\"><img loading=\"lazy\" decoding=\"async\" class=\"size-full wp-image-3865\" src=\"https:\/\/quatang5sao.com\/wp-content\/uploads\/2018\/09\/Moc-khoa-kim-loai-Mau-01-3-icon.jpg\" alt=\"M\u00f3c kh\u00f3a kim lo\u1ea1i \u0103n m\u00f2n s\u1ed1 l\u01b0\u1ee3ng l\u1edbn gi\u00e1 r\u1ebb\" width=\"697\" height=\"697\" title=\"\" srcset=\"https:\/\/quatang5sao.com\/wp-content\/uploads\/2018\/09\/Moc-khoa-kim-loai-Mau-01-3-icon.jpg 697w, https:\/\/quatang5sao.com\/wp-content\/uploads\/2018\/09\/Moc-khoa-kim-loai-Mau-01-3-icon-247x247.jpg 247w, https:\/\/quatang5sao.com\/wp-content\/uploads\/2018\/09\/Moc-khoa-kim-loai-Mau-01-3-icon-100x100.jpg 100w, https:\/\/quatang5sao.com\/wp-content\/uploads\/2018\/09\/Moc-khoa-kim-loai-Mau-01-3-icon-510x510.jpg 510w, https:\/\/quatang5sao.com\/wp-content\/uploads\/2018\/09\/Moc-khoa-kim-loai-Mau-01-3-icon-280x280.jpg 280w, https:\/\/quatang5sao.com\/wp-content\/uploads\/2018\/09\/Moc-khoa-kim-loai-Mau-01-3-icon-400x400.jpg 400w, https:\/\/quatang5sao.com\/wp-content\/uploads\/2018\/09\/Moc-khoa-kim-loai-Mau-01-3-icon-120x120.jpg 120w\" sizes=\"auto, (max-width: 697px) 100vw, 697px\" \/><figcaption id=\"caption-attachment-3865\" class=\"wp-caption-text\"><span style=\"color: #000000;\">M\u00f3c kh\u00f3a kim lo\u1ea1i \u0103n m\u00f2n s\u1ed1 l\u01b0\u1ee3ng l\u1edbn gi\u00e1 r\u1ebb<\/span><\/figcaption><\/figure>\n<figure style=\"width: 750px\" class=\"wp-caption alignnone\"><img loading=\"lazy\" decoding=\"async\" class=\"size-full\" src=\"https:\/\/lh3.googleusercontent.com\/t56yLVYU-oRSPcLwGI7Q94QmhaYiLIN3i_68-Jhk3RNRGd8RyOR2vndJBw6D-0ukFLwPgCUym_Zl4na8kn9bMRKzrJfQBj2bEGhfN4c8vEB-9dXIrRwtX09xSpA1KT3JJLJHO8hmt-8IalePqkQM5ssRMlEYO_ATu8sfauDpJ-my1-1OmjkwK50W3AJ902XFzY_fR_EeN036r1cgeCcxtRNB-NpggDzWIJJv1_4BxU2njFDu42w_OalG_1fthWUmtTG21rWtA5R1euc9OZq5lIqvqxMSHw2-us37UVqqHElExvJ4x81NZDcYSvSlwQ7Np03GhNE6U01q2cVRFlYP9t9wSrhcfjD2pfdQQlzTYax_q5GFXqL1cmVEEanpt3_WMUMPHM_yIizrhLlo32RatwnKKmFZJ1Fh04y_lY5xCGMayVq89ydB767H50_FSUp3sseOYRDU9iSH7IrpN1X7P2-F43SYcko802lqtODX2cBFRcZD0UXWNKpHIFYBR7T5n87M3HyL3fngJpPUBX-RoxzDRS6iA4NtjjXoYvuczVThxuHmt6OOBmqNH_XS9Vaoat8dwkgUHPV9LH_RaUmvJ9F7o8GbCMFJ540CB8u-SOEzhJQCsxwbMzpqjayO71M=w750-h281-no\" alt=\"M\u00f3c kh\u00f3a kim lo\u1ea1i \u0103n m\u00f2n theo thi\u1ebft k\u1ebf, theo y\u00eau c\u1ea7u, gi\u00e1 r\u1ebb\" width=\"750\" height=\"281\" title=\"\"><figcaption class=\"wp-caption-text\"><span style=\"color: #000000;\">M\u00f3c kh\u00f3a kim lo\u1ea1i \u0103n m\u00f2n theo thi\u1ebft k\u1ebf, theo y\u00eau c\u1ea7u, gi\u00e1 r\u1ebb<\/span><\/figcaption><\/figure>\n<figure style=\"width: 750px\" class=\"wp-caption alignnone\"><img loading=\"lazy\" decoding=\"async\" class=\"size-full\" src=\"https:\/\/lh3.googleusercontent.com\/YOILSwzLHF_8kxHQAzHyvMDqEXanyQ58N03fCptMIhB-eUGqZ2PC_WSKjsfgN1ZgZdwzYM4cOSDEnuj0UUBh45NSk5KvBXc7CQz_GoQCPPC-BiFNXe08f8xHIKgNGYrN-NRS4ZkMb8OpTgrZvSmJfCdfazVwA4kIZ68ElTj6pqPy3bnYC3NaMqFL4HUBDSIbThqg6Ud0kEKGmlCCSIvqA_1uUa_952qHMzloohfd2fX-UpTSXeWWK9yVss60ekYVEniuXtUjVsz5ckBRLYJwSbDaxNQkHe0rQS30R5WVeutFYhsrgNu1ulHd0vGs1xpn-DmLZcSC-7dF9mVYOtq9ZuEbivnIGFO9v1kumtxTD4Y6vH_YBLxooFQj9XIfwBPmWjrtPj5fLAqTgKpO26QP8lVebDPhChWldfnOuwllMtvdxQR5vZSxLer1OYlDzrV5_Ly7sNvegXjYzas2iPNh-jYQWjSzJWSGSXgOtBemK5Bs1gdyTGra_VSTUsbL1zNbeQ6F0YjFVO-qlcUBtNuuICsHtMgoUc38DlJ45YO9OlpqHBnQX4gqQezTUvq34hfCoNd5VFOZhVz4uUfKj561QqttIQ9oIDQE5CcKK8Pxy5D0Y2pywcz4pz8ik0qg77I=w750-h446-no\" alt=\"M\u00f3c kh\u00f3a kim lo\u1ea1i in h\u00ecnh theo y\u00eau c\u1ea7u\" width=\"750\" height=\"446\" title=\"\"><figcaption class=\"wp-caption-text\"><span style=\"color: #000000;\">M\u00f3c kh\u00f3a kim lo\u1ea1i in h\u00ecnh theo y\u00eau c\u1ea7u<\/span><\/figcaption><\/figure>\n<figure style=\"width: 750px\" class=\"wp-caption alignnone\"><img loading=\"lazy\" decoding=\"async\" class=\"size-full\" src=\"https:\/\/lh3.googleusercontent.com\/px4UsS1-wOtWKR1otHJmWXEu5AoJgIWSaY6fin14pkt4Cm_rJeiuhUCk4tfOBdBvJ32xBuQoWvTxIie3weGVT9JZdYdY-CStp2xtmZ_QD0pKLoohxNd3hJBQ2BSx_XukdInO_rES4muLvcyeiAFhgINJZ51xAKXZPScXN2rnnPNVcYzDmQsKZP54OcFCm_CzGFuxiqRj9U_EnxuMt3NM3j98_c51pxBrsZWuWnRZrBh0RIobDV09bOcb-OW7AYndKIYJjtvb2bbQialfhqDW002G_UfvEpi5wOCF3K-J2E0NxlyYO5JssbEvBd8WQIh1nFjyt8zO7jxXEEFM9NiWmkcl0z6amYzrVOlDA5l1gQxOxf6Y5IhGto2V7fDowjjZOmh0CY_bLIfG6i4SADHtpD9IXA1zyGmV-3Fh40ZCsGQk43sML0tr50qt2CzI-pKjfJpbavUao-Fqd-uF03p3v8Tuyau4dsI0jAxkbTvVBayfWr4SRjiqdhW-DrcLaOwoChoJ4ss03uo5eMrM-o6DuSVaLkuXqx1gK5cvdyids1OrcaP6wIorRN2wRw1fjnw1evCmaM5Wn5RuNb6bVr4aa8kE98hu2EvO0Cf27kVugMWCqLErL-TKGWoUnABffi4=w750-h860-no\" alt=\"M\u00f3c kh\u00f3a kim lo\u1ea1i s\u1ea3n xu\u1ea5t theo y\u00eau c\u1ea7u\" width=\"750\" height=\"860\" title=\"\"><figcaption class=\"wp-caption-text\"><span style=\"color: #000000;\">M\u00f3c kh\u00f3a kim lo\u1ea1i s\u1ea3n xu\u1ea5t theo y\u00eau c\u1ea7u<\/span><\/figcaption><\/figure>","protected":false},"excerpt":{"rendered":"<p>M\u00f3c kh\u00f3a kim lo\u1ea1i M\u00f3c kh\u00f3a lo\u1ea1i n\u00e0y \u0111\u01b0\u1ee3c t\u1ea1o h\u00ecnh, in logo theo y\u00eau c\u1ea7u c\u1ee7a kh\u00e1ch h\u00e0ng. T\u00f9y v\u1eadt li\u1ec7u l\u00e0m m\u00f3c kh\u00f3a v\u00e0 c\u00f4ng ngh\u1ec7 s\u1ea3n xu\u1ea5t n\u00ean c\u0169ng c\u00f3 gi\u00e1 v\u00e0 y\u00eau c\u1ea7u s\u1ed1 l\u01b0\u1ee3ng kh\u00e1c nhau. Lo\u1ea1i m\u00f3c kh\u00f3a\u00a0c\u00f3 th\u1ec3 s\u1ea3n xu\u1ea5t b\u1eb1ng c\u00e1ch \u0103n m\u00f2n, sau \u0111\u00f3 \u0111\u00e1nh b\u00f3ng [&#8230;]\n","protected":false},"featured_media":3865,"comment_status":"open","ping_status":"closed","template":"","meta":[],"product_brand":[],"product_cat":[21],"product_tag":[543,535,541,545,537,534,536,539,547,548,538,546,542,544,540],"class_list":{"0":"post-3864","1":"product","2":"type-product","3":"status-publish","4":"has-post-thumbnail","6":"product_cat-moc-khoa","7":"product_tag-in-hinh-len-moc-khoa","8":"product_tag-in-moc-khoa","9":"product_tag-lam-moc-chia-khoa","10":"product_tag-lam-moc-khoa-theo-yeu-cau","11":"product_tag-moc-chia-khoa","12":"product_tag-moc-khoa","13":"product_tag-moc-khoa-dep","14":"product_tag-moc-khoa-doc","15":"product_tag-moc-khoa-gia-re","16":"product_tag-moc-khoa-gia-si","17":"product_tag-moc-khoa-in-hinh","18":"product_tag-moc-khoa-inox","19":"product_tag-moc-khoa-kim-loai","20":"product_tag-moc-khoa-qua-tang","21":"product_tag-xuong-san-xuat-moc-khoa","23":"first","24":"instock","25":"shipping-taxable","26":"product-type-simple"},"amp_enabled":true,"_links":{"self":[{"href":"https:\/\/quatang5sao.com\/en\/wp-json\/wp\/v2\/product\/3864","targetHints":{"allow":["GET"]}}],"collection":[{"href":"https:\/\/quatang5sao.com\/en\/wp-json\/wp\/v2\/product"}],"about":[{"href":"https:\/\/quatang5sao.com\/en\/wp-json\/wp\/v2\/types\/product"}],"replies":[{"embeddable":true,"href":"https:\/\/quatang5sao.com\/en\/wp-json\/wp\/v2\/comments?post=3864"}],"wp:featuredmedia":[{"embeddable":true,"href":"https:\/\/quatang5sao.com\/en\/wp-json\/wp\/v2\/media\/3865"}],"wp:attachment":[{"href":"https:\/\/quatang5sao.com\/en\/wp-json\/wp\/v2\/media?parent=3864"}],"wp:term":[{"taxonomy":"product_brand","embeddable":true,"href":"https:\/\/quatang5sao.com\/en\/wp-json\/wp\/v2\/product_brand?post=3864"},{"taxonomy":"product_cat","embeddable":true,"href":"https:\/\/quatang5sao.com\/en\/wp-json\/wp\/v2\/product_cat?post=3864"},{"taxonomy":"product_tag","embeddable":true,"href":"https:\/\/quatang5sao.com\/en\/wp-json\/wp\/v2\/product_tag?post=3864"}],"curies":[{"name":"wp","href":"https:\/\/api.w.org\/{rel}","templated":true}]}}