{"id":3861,"date":"2018-09-10T23:53:57","date_gmt":"2018-09-10T16:53:57","guid":{"rendered":"https:\/\/quatang5sao.com\/?post_type=product&#038;p=3861"},"modified":"2018-09-10T23:53:57","modified_gmt":"2018-09-10T16:53:57","slug":"the-ten-nhan-vien-ma-vang-gia-re","status":"publish","type":"product","link":"https:\/\/quatang5sao.com\/en\/the-ten-nhan-vien-ma-vang-gia-re\/","title":{"rendered":"Th\u1ebb t\u00ean nh\u00e2n vi\u00ean m\u1ea1 v\u00e0ng gi\u00e1 r\u1ebb"},"content":{"rendered":"<h2><span style=\"color: #000000;\">Th\u1ebb t\u00ean nh\u00e2n vi\u00ean<\/span><\/h2>\n<p><span style=\"color: #000000; font-size: 110%;\">Lo\u1ea1i <a href=\"https:\/\/quatang5sao.com\/en\/san-pham-qua-tang\/bang-ten-nhan-vien-so-luong-lon-gia-re\/\"><strong>th\u1ebb t\u00ean<\/strong><\/a> n\u00e0y \u0111\u01b0\u1ee3c s\u1ea3n xu\u1ea5t b\u1eb1ng c\u00e1ch \u0103n m\u00f2n \u0111\u1ed3ng, sau \u0111\u00f3 m\u1ea1 theo y\u00eau c\u1ea7u.\u00a0<\/span><\/p>\n<p><span style=\"color: #000000; font-size: 110%;\">Th\u1eddi gian s\u1ea3n xu\u1ea5t lo\u1ea1i bi\u1ec3n t\u00ean n\u00e0y l\u00e2u h\u01a1n c\u00e1c lo\u1ea1i kh\u00e1c. B\u1edfi v\u00ec th\u1eddi gian \u0103n m\u00f2n v\u00e0 m\u1ea1 chi\u1ebfm nhi\u1ec1u th\u1eddi gian. B\u00f9 l\u1ea1i ch\u1ea5t l\u01b0\u1ee3ng th\u1ebb t\u00ean lu\u00f4n \u0111\u1ea3m b\u1ea3o v\u00ec v\u1ebft s\u01a1n kh\u00f3 b\u1ecb x\u01b0\u1edbc v\u00e0 kh\u00f3 phai.<\/span><\/p>\n<p><span style=\"color: #000000; font-size: 110%;\">Khi qu\u00fd kh\u00e1ch l\u1ef1a ch\u1ecdn xong m\u1eabu <strong>th\u1ebb t\u00ean<\/strong> v\u00e0 cung c\u1ea5p th\u00f4ng tin c\u1ee5 th\u1ec3. Ch\u00fang t\u00f4i s\u1ebd h\u1ed7 tr\u1ee3 thi\u1ebft k\u1ebf <a href=\"https:\/\/quatang5sao.com\/en\/san-pham-qua-tang\/the-ten-khac-kim-loai-gia-re-so-luong-lon\/\"><strong>bi\u1ec3n t\u00ean<\/strong><\/a> cho qu\u00fd kh\u00e1ch. Sau khi x\u00e1c nh\u1eadn thi\u1ebft k\u1ebf v\u00e0 \u0111\u1eb7t h\u00e0ng, ch\u00fang t\u00f4i s\u1ebd giao h\u00e0ng \u0111\u00fang th\u1eddi h\u1ea1n m\u00e0 kh\u00e1ch h\u00e0ng y\u00eau c\u1ea7u.<\/span><\/p>\n<p><span style=\"color: #000000; font-size: 110%;\">T\u1ea5t c\u1ea3 th\u00f4ng tin chi ti\u1ebft l\u00e0m\u00a0<a style=\"color: #000000;\" href=\"https:\/\/quatang5sao.com\/en\/san-pham-qua-tang\/bang-ten-nhan-vien-so-luong-lon-gia-re\/\"><strong>th\u1ebb t\u00ean nh\u00e2n vi\u00ean<\/strong><\/a>, xin li\u00ean h\u1ec7 qua email\u00a0<strong><a style=\"color: #000000;\" href=\"mailto:quatang236@gmail.com\">quatang236@gmail.com<\/a><\/strong>ho\u1eb7c \u0110T &amp; Zalo\u00a0<span style=\"color: #008000;\"><strong>0917.322.230<\/strong><\/span><\/span><\/p>\n<h2><span style=\"color: #000000;\">H\u00ecnh \u1ea3nh th\u1ebb t\u00ean nh\u00e2n vi\u00ean m\u1ea1 v\u00e0ng<\/span><\/h2>\n<figure id=\"attachment_3862\" aria-describedby=\"caption-attachment-3862\" style=\"width: 490px\" class=\"wp-caption alignnone\"><img loading=\"lazy\" decoding=\"async\" class=\"size-full wp-image-3862\" src=\"https:\/\/quatang5sao.com\/wp-content\/uploads\/2018\/09\/Bang-ten-nhan-vien-gia-re-Mau-04.jpg\" alt=\"Th\u1ebb t\u00ean nh\u00e2n vi\u00ean gi\u00e1 r\u1ebb\" width=\"490\" height=\"490\" title=\"\" srcset=\"https:\/\/quatang5sao.com\/wp-content\/uploads\/2018\/09\/Bang-ten-nhan-vien-gia-re-Mau-04.jpg 490w, https:\/\/quatang5sao.com\/wp-content\/uploads\/2018\/09\/Bang-ten-nhan-vien-gia-re-Mau-04-247x247.jpg 247w, https:\/\/quatang5sao.com\/wp-content\/uploads\/2018\/09\/Bang-ten-nhan-vien-gia-re-Mau-04-100x100.jpg 100w, https:\/\/quatang5sao.com\/wp-content\/uploads\/2018\/09\/Bang-ten-nhan-vien-gia-re-Mau-04-280x280.jpg 280w, https:\/\/quatang5sao.com\/wp-content\/uploads\/2018\/09\/Bang-ten-nhan-vien-gia-re-Mau-04-400x400.jpg 400w, https:\/\/quatang5sao.com\/wp-content\/uploads\/2018\/09\/Bang-ten-nhan-vien-gia-re-Mau-04-120x120.jpg 120w\" sizes=\"auto, (max-width: 490px) 100vw, 490px\" \/><figcaption id=\"caption-attachment-3862\" class=\"wp-caption-text\">Th\u1ebb t\u00ean nh\u00e2n vi\u00ean gi\u00e1 r\u1ebb<\/figcaption><\/figure>\n<figure style=\"width: 1694px\" class=\"wp-caption alignnone\"><img loading=\"lazy\" decoding=\"async\" class=\"size-full\" src=\"https:\/\/lh3.googleusercontent.com\/irVgp7BTjfUW0dCEgodlN8T-BfQOqqfrmsEdeJCdj8iZ_3JCzIspjCd7IVXcxVoZoDpp6cYDBwsS9r4iD0TXWmZNLNqi_3Xr9JCdMourQmeffhLsYWlKwE_jOSaBrcyvIfdIkCMw-gxZG7rzbxirEH83SeCU9OOs9z1XG1byLdiQe4P7sxyHekG7Cbh9JtiWlfPn9TbrVvbYnHYCXdVTkfynP0C0nXhHEfJgPSZiYYV8xqsWrZCKSWiAsv7RwtG1xShGFHf7KR5jHe_YiCX9C5kDE4tUi9il7M2oGXcxqrgfVwlM14bCUDdIf7c3bgo1XAJgD8xyBqrFmKmzZQ36roenTdNIErbOZXQWKlOSmEpf6q1YarmIo_OStLOJ3AVw3h-NBUnB0EfawmxiTI5rLgBJZ_Sj6s4-7SUK5lL738vXVU4nVtulZn808Jlv9k69TdsJAAZXb3O2oyiBhm0fODgxahQYZvr8O7sxJCpzrE0hJIFvkfxFrg4vMeuR4ktiFls0i1bSP1HK__iWjuu_IOst3cqJuawhF5ttQ8tig-FDb8GOBXr79gnh1uLsgM83-o7JfazoVqQg2-B93bNRBgDqcW1GbMMXZqvmZXe62_kK311_O6lfo3KI5QkYe1Y=w1694-h974-no\" alt=\"Th\u1ebb t\u00ean nh\u00e2n vi\u00ean t\u1ea5m ph\u00edp\" width=\"1694\" height=\"974\" title=\"\"><figcaption class=\"wp-caption-text\">Th\u1ebb t\u00ean nh\u00e2n vi\u00ean t\u1ea5m ph\u00edp<\/figcaption><\/figure>\n<figure style=\"width: 1510px\" class=\"wp-caption alignnone\"><img loading=\"lazy\" decoding=\"async\" class=\"size-full\" src=\"https:\/\/lh3.googleusercontent.com\/FC7GJtuFVWWXOofebNADaH6m380SogDR6v92kdeSs-jrDgtxOzxhf-o6svfP3_92jRq8o4u-MbsZonhmwBGyrpfAtqa-ImGAdyfxBPiNDho0UOYCR08y9T9GXRMZnwb7GNhygCmK-ytJUj4ZUjjwkhD74pIce_k-I_e_EHhb8qV9kXMil2SbkTtNlr_CCiddxwyRIIcSZQhdcaAkOhJ__OiZP5-LFZodlkp5BcGFpSZQR2YifUEyTUooEziD9UBz2tUKn8WNBY3tYrex4ME4lGOQnOQoLn7tH_gEHKNLOkz105gImItTl1reNmcw0wuU7DX7kXHPkxSuLYcKyIaPXE3J93neIyy-Dr_yguqRsCwn7wMrMon8BoFCjFBRICgEw7Wn--XDJYTSKflAXKwoUbGMBPbuHexWAD-8lXQ3bkJbrAVTixcwcE4E0j6FOuYuGxaR_2CZUFMvtC-IU0uOUW1keP7-4ZN4jOEHLEDGBfOUSAyGhNx6PsllH3FXSUyz7JZr5uvD1gRwQL-HbO-FkBQzcVXMejakMl0ZASaQX953_0tlP6WQ0ZP-1NWT4BI8wDmGFv5Cp6Z27O_VTo3vq16zQJCyhpkUPF43V_y-LePohXZAS1SKz2Rcne4F-8Q=w1510-h974-no\" alt=\"Th\u1ebb t\u00ean nh\u00e2n vi\u00ean m\u1eb7t tr\u01b0\u1edbc v\u00e0 m\u1eb7t sau\" width=\"1510\" height=\"974\" title=\"\"><figcaption class=\"wp-caption-text\">Th\u1ebb t\u00ean nh\u00e2n vi\u00ean m\u1eb7t tr\u01b0\u1edbc v\u00e0 m\u1eb7t sau<\/figcaption><\/figure>\n<figure style=\"width: 1235px\" class=\"wp-caption alignnone\"><img loading=\"lazy\" decoding=\"async\" class=\"size-full\" src=\"https:\/\/lh3.googleusercontent.com\/UP8VhTDIBzZ0uuPt5DUZv2u6hLIRhSSz0SjU0ufRh7EkWqWiKaqSWBhIJjlZAwTLAWThftyKIXoZn8JbEkDoNlpIBr_7BRPXl6qYHioHSTz6YgvJ1YMm6z6HOvPUr5Yrxb2jqJReXp5WIDkOQ1SrGw1CN2snniMcYzEbGUigglnpNFDCV_zH6XvyDiH9JvWY-UyPivdRY_fq-Tx8j9QatKjPl7kg8s5tPPdHqOPGPO4jT2MAqSsKtRM7zAs0s4AVLX8DZFuqr5I-6RuV1NCqD83CepvOqFo4i3ZV1TbwFJ-nqbByDiwOp4-fwmeF7I-q5a_wOv-GOVvhs5_Lt8x02OgUpdbCbW2aqv-WPheUrHPk0ULOPKQMlLeKGFS9zc9jIEWloABAssy27O_-VySqqsK7GvNxex75vzxLUhFm4jhAQLVe76GE872BT3VPFD7TwVJIvx8KcWS2J7FXAxGrjjqY-ELUs-W_FEMuAPMdhDAK_KHmYEA0Nuutui747tmCJb5RTcLzypLQJEZMjw7w6X_Y44lLlz4XuIm6VkWXYkv7o0JIdA1O4P5Ub1n5fCvxQrxqWg3HTPQPYYh6qcjWxwniyyWLr2ABYw40Zh8aOTUGaZ76ZjOhlaOMNor4y0g=w1236-h974-no\" alt=\"Th\u1ebb t\u00ean nh\u00e2n vi\u00ean m\u1eb7t sau m\u1ea1 v\u00e0ng\" width=\"1235\" height=\"974\" title=\"\"><figcaption class=\"wp-caption-text\">Th\u1ebb t\u00ean nh\u00e2n vi\u00ean m\u1eb7t sau m\u1ea1 v\u00e0ng<\/figcaption><\/figure>","protected":false},"excerpt":{"rendered":"<p>Th\u1ebb t\u00ean nh\u00e2n vi\u00ean Lo\u1ea1i th\u1ebb t\u00ean n\u00e0y \u0111\u01b0\u1ee3c s\u1ea3n xu\u1ea5t b\u1eb1ng c\u00e1ch \u0103n m\u00f2n \u0111\u1ed3ng, sau \u0111\u00f3 m\u1ea1 theo y\u00eau c\u1ea7u.\u00a0 Th\u1eddi gian s\u1ea3n xu\u1ea5t lo\u1ea1i bi\u1ec3n t\u00ean n\u00e0y l\u00e2u h\u01a1n c\u00e1c lo\u1ea1i kh\u00e1c. B\u1edfi v\u00ec th\u1eddi gian \u0103n m\u00f2n v\u00e0 m\u1ea1 chi\u1ebfm nhi\u1ec1u th\u1eddi gian. B\u00f9 l\u1ea1i ch\u1ea5t l\u01b0\u1ee3ng th\u1ebb t\u00ean lu\u00f4n \u0111\u1ea3m [&#8230;]\n","protected":false},"featured_media":3862,"comment_status":"open","ping_status":"closed","template":"","meta":[],"product_brand":[],"product_cat":[522],"product_tag":[533,525,524,527,532,528,529,531,530,523,526],"class_list":{"0":"post-3861","1":"product","2":"type-product","3":"status-publish","4":"has-post-thumbnail","6":"product_cat-bien-ten","7":"product_tag-bang-ten","8":"product_tag-bang-ten-nhan-vien","9":"product_tag-bien-ten","10":"product_tag-bien-ten-nhan-vien","11":"product_tag-in-the-ten","12":"product_tag-lam-bang-ten","13":"product_tag-lam-bang-ten-nhan-vien","14":"product_tag-lam-bien-ten-nhan-vien","15":"product_tag-lam-the-ten-nhan-vien","16":"product_tag-the-ten","17":"product_tag-the-ten-nhan-vien","19":"first","20":"instock","21":"shipping-taxable","22":"product-type-simple"},"amp_enabled":true,"_links":{"self":[{"href":"https:\/\/quatang5sao.com\/en\/wp-json\/wp\/v2\/product\/3861","targetHints":{"allow":["GET"]}}],"collection":[{"href":"https:\/\/quatang5sao.com\/en\/wp-json\/wp\/v2\/product"}],"about":[{"href":"https:\/\/quatang5sao.com\/en\/wp-json\/wp\/v2\/types\/product"}],"replies":[{"embeddable":true,"href":"https:\/\/quatang5sao.com\/en\/wp-json\/wp\/v2\/comments?post=3861"}],"wp:featuredmedia":[{"embeddable":true,"href":"https:\/\/quatang5sao.com\/en\/wp-json\/wp\/v2\/media\/3862"}],"wp:attachment":[{"href":"https:\/\/quatang5sao.com\/en\/wp-json\/wp\/v2\/media?parent=3861"}],"wp:term":[{"taxonomy":"product_brand","embeddable":true,"href":"https:\/\/quatang5sao.com\/en\/wp-json\/wp\/v2\/product_brand?post=3861"},{"taxonomy":"product_cat","embeddable":true,"href":"https:\/\/quatang5sao.com\/en\/wp-json\/wp\/v2\/product_cat?post=3861"},{"taxonomy":"product_tag","embeddable":true,"href":"https:\/\/quatang5sao.com\/en\/wp-json\/wp\/v2\/product_tag?post=3861"}],"curies":[{"name":"wp","href":"https:\/\/api.w.org\/{rel}","templated":true}]}}