{"id":3859,"date":"2018-09-10T23:43:42","date_gmt":"2018-09-10T16:43:42","guid":{"rendered":"https:\/\/quatang5sao.com\/?post_type=product&#038;p=3859"},"modified":"2018-09-10T23:43:42","modified_gmt":"2018-09-10T16:43:42","slug":"the-ten-khac-kim-loai-gia-re-so-luong-lon","status":"publish","type":"product","link":"https:\/\/quatang5sao.com\/en\/the-ten-khac-kim-loai-gia-re-so-luong-lon\/","title":{"rendered":"Th\u1ebb t\u00ean kh\u1eafc kim lo\u1ea1i gi\u00e1 r\u1ebb s\u1ed1 l\u01b0\u1ee3ng l\u1edbn"},"content":{"rendered":"<h2><span style=\"color: #000000;\">Th\u1ebb t\u00ean kh\u1eafc kim lo\u1ea1i<\/span><\/h2>\n<p><span style=\"font-size: 110%; color: #000000;\">M\u1eabu <a style=\"color: #000000;\" href=\"https:\/\/quatang5sao.com\/en\/san-pham-qua-tang\/the-ten-nhan-vien-bang-ten-nhan-vien-gia-re-tai-xuong-san-xuat\/\"><strong>bi\u1ec3n t\u00ean<\/strong><\/a> n\u00e0y kh\u00e1 m\u1edbi v\u00e0 kh\u00e1 l\u1ea1, s\u00e1ng t\u1ea1o. V\u00ec v\u1eady s\u1ebd t\u1ea1o n\u00ean s\u1ef1 m\u1edbi m\u1ebb trong doanh nghi\u1ec7p c\u1ee7a b\u1ea1n. \u0110\u1ed3ng th\u1eddi t\u1ea1o \u1ea5n t\u01b0\u1ee3ng \u0111\u1ed1i v\u1edbi \u0111\u1ed1i t\u00e1c, kh\u00e1ch h\u00e0ng khi \u0111\u1ebfn l\u00e0m vi\u1ec7c t\u1ea1i doanh nghi\u1ec7p.<\/span><\/p>\n<p><span style=\"font-size: 110%; color: #000000;\"><strong>Name Tag<\/strong> n\u00e0y \u0111\u01b0\u1ee3c s\u1ea3n xu\u1ea5t b\u1eb1ng c\u00e1ch kh\u1eafc, c\u1eaft laze ho\u1eb7c CNC v\u00e0o ph\u1ea7n kim lo\u1ea1i. \u0110\u1eb7c bi\u1ec7t \u1edf \u0111\u00e2y, mi\u1ebfng kim lo\u1ea1i \u0111\u01b0\u1ee3c c\u1eaft th\u1ee7ng ho\u00e0n to\u00e0n, t\u1ea1o n\u00ean ch\u1ea5t l\u1ea1 trong s\u1ea3n ph\u1ea9m.<\/span><\/p>\n<p><span style=\"font-size: 110%; color: #000000;\">Ph\u1ea7n kim lo\u1ea1i \u0111\u1ec3 t\u1ea1o h\u00ecnh <strong>th\u1ebb t\u00ean<\/strong>, b\u1ea1n c\u00f3 th\u1ec3 t\u00f9y ch\u1ecdn trong r\u1ea5t nhi\u1ec1u m\u00e0u kh\u00e1c nhau. Trong h\u00ecnh \u1ea3nh cu\u1ed1i c\u00f9ng c\u1ee7a trang n\u00e0y ch\u00fang t\u00f4i c\u00f3 cung c\u1ea5p c\u00e1c m\u00e0u s\u1eafc m\u00e0 qu\u00fd kh\u00e1ch c\u00f3 th\u1ec3 l\u1ef1a ch\u1ecdn. Khi qu\u00fd kh\u00e1ch l\u1ef1a ch\u1ecdn xong m\u00e0u kim lo\u1ea1i v\u00e0 cung c\u1ea5p th\u00f4ng tin c\u1ee5 th\u1ec3. Ch\u00fang t\u00f4i s\u1ebd h\u1ed7 tr\u1ee3 thi\u1ebft k\u1ebf bi\u1ec3n t\u00ean cho qu\u00fd kh\u00e1ch. Sau khi x\u00e1c nh\u1eadn thi\u1ebft k\u1ebf v\u00e0 \u0111\u1eb7t h\u00e0ng, ch\u00fang t\u00f4i s\u1ebd giao h\u00e0ng \u0111\u00fang th\u1eddi h\u1ea1n m\u00e0 kh\u00e1ch h\u00e0ng y\u00eau c\u1ea7u.<\/span><\/p>\n<p><span style=\"font-size: 110%; color: #000000;\">T\u1ea5t c\u1ea3 th\u00f4ng tin chi ti\u1ebft l\u00e0m\u00a0<a style=\"color: #000000;\" href=\"https:\/\/quatang5sao.com\/en\/san-pham-qua-tang\/bang-ten-nhan-vien-so-luong-lon-gia-re\/\"><strong>th\u1ebb t\u00ean nh\u00e2n vi\u00ean<\/strong><\/a>, xin li\u00ean h\u1ec7 qua email\u00a0<strong><a style=\"color: #000000;\" href=\"mailto:quatang236@gmail.com\">quatang236@gmail.com<\/a><\/strong>ho\u1eb7c \u0110T &amp; Zalo\u00a0<span style=\"color: #008000;\"><strong>0917.322.230<\/strong><\/span><\/span><\/p>\n<h2><span style=\"color: #000000;\">H\u00ecnh \u1ea3nh b\u1ea3ng t\u00ean<\/span><\/h2>\n<figure id=\"attachment_3860\" aria-describedby=\"caption-attachment-3860\" style=\"width: 727px\" class=\"wp-caption alignnone\"><img loading=\"lazy\" decoding=\"async\" class=\"size-full wp-image-3860\" src=\"https:\/\/quatang5sao.com\/wp-content\/uploads\/2018\/09\/The-ten-nhan-vien-bang-kim-loai-Mau-03.jpg\" alt=\"Th\u1ebb t\u00ean kh\u1eafc kim lo\u1ea1i s\u1ed1 l\u01b0\u1ee3ng l\u1edbn\" width=\"727\" height=\"727\" title=\"\" srcset=\"https:\/\/quatang5sao.com\/wp-content\/uploads\/2018\/09\/The-ten-nhan-vien-bang-kim-loai-Mau-03.jpg 727w, https:\/\/quatang5sao.com\/wp-content\/uploads\/2018\/09\/The-ten-nhan-vien-bang-kim-loai-Mau-03-247x247.jpg 247w, https:\/\/quatang5sao.com\/wp-content\/uploads\/2018\/09\/The-ten-nhan-vien-bang-kim-loai-Mau-03-100x100.jpg 100w, https:\/\/quatang5sao.com\/wp-content\/uploads\/2018\/09\/The-ten-nhan-vien-bang-kim-loai-Mau-03-510x510.jpg 510w, https:\/\/quatang5sao.com\/wp-content\/uploads\/2018\/09\/The-ten-nhan-vien-bang-kim-loai-Mau-03-280x280.jpg 280w, https:\/\/quatang5sao.com\/wp-content\/uploads\/2018\/09\/The-ten-nhan-vien-bang-kim-loai-Mau-03-400x400.jpg 400w, https:\/\/quatang5sao.com\/wp-content\/uploads\/2018\/09\/The-ten-nhan-vien-bang-kim-loai-Mau-03-120x120.jpg 120w\" sizes=\"auto, (max-width: 727px) 100vw, 727px\" \/><figcaption id=\"caption-attachment-3860\" class=\"wp-caption-text\">Th\u1ebb t\u00ean kh\u1eafc kim lo\u1ea1i s\u1ed1 l\u01b0\u1ee3ng l\u1edbn<\/figcaption><\/figure>\n<figure style=\"width: 1500px\" class=\"wp-caption alignnone\"><img loading=\"lazy\" decoding=\"async\" class=\"size-full\" src=\"https:\/\/lh3.googleusercontent.com\/vBm4q6bdPZ4o3lsW4chab_X9r1yOyLf6DyZ8gAWtrxv9OFfQEpwJ99tQaZmaUkZF26oJ0Who0THP4rOu4MF43JMwlLQdGXGvmGnJpJ0a2sc2oHss9HrvB7H2dgscF92PKNfcRWQapbE3OZd-C1m1078HTePIZVP4YAbNlU9xey_PPEPjLAcPzMzdAgOTvgN78R6EJLwA_ywGjwV7Y5hq4HY5Gjnw0M7E73l3masg1LkCNZzV7zZ-5kD6n5STSR8PzXu-bX98_0mtIgRl0UYnIFK04p2WOd9HNGAB1fkTdkaQN7t2jjhJs-TXMQYdlktc1Rft6rVFohxMbEgSX8LAsLenqjYRWATEjmUkvlPbg43XuAyxgHviBXoBLCPm225tW5I4B_XUKmZhuXcp5dtlkpfmjSPfXzmuhuq2Ku9yWMEsBobpKl1lbAvGhJDag3lF1wcLeQ8x0OD0xIrKxzU9z67gLNRU2aOIVp68s1Tty6ZvJ4wkHoIGAW5j8bJDCvAI7YSOTeOl6NVfP7bSLtsvhogUl-wOu14SoY8jRVgbJXOoWJBvfmOFW8JaOyFehApzDs1YHKnBjQknwqBjI7fLc4CpN1ZTmjQPy25Ey7Zyn7WKFWAtL2cwAqi8Z12YFJw=w1500-h974-no\" alt=\"Th\u1ebb t\u00ean kh\u1eafc kim lo\u1ea1i gi\u00e1 r\u1ebb\" width=\"1500\" height=\"974\" title=\"\"><figcaption class=\"wp-caption-text\">Th\u1ebb t\u00ean kh\u1eafc kim lo\u1ea1i gi\u00e1 r\u1ebb<\/figcaption><\/figure>\n<figure style=\"width: 1096px\" class=\"wp-caption alignnone\"><img loading=\"lazy\" decoding=\"async\" class=\"size-full\" src=\"https:\/\/lh3.googleusercontent.com\/1Kux61DhJRLpAjurZ1nO0eKmmZVqDMaCXcq4SCzkAs4WdopPxThCYpgupnaEr0tn0PaUQdlO76hid4m2aT5VnlvXPrnSt_qWEvJGGvuqamD8t-Vx-o12Bpxs4McWbuTztXCjQ4E6DxZUaCnEKXH6xmZjTMui-ouRApQTcEBwl3t9vvFgyrsj6mllpccxfgxfIknYhP3eRxxseER7riakVeOcdBPlYzYxPTy2-uIOTYdwCyq-RSGjssxJEXqifPMNwnLatHZg1di-JT5JyfftFP1pvmVvOo6-sLiJHCrp_J8nVgeh9Gpu89dfvOCFXxg5vIM2IofB3PkixrO4Gn501p-ENT1rfDG7krT-ZTV6Swd60HdgDx0Kodo7HuIbscF8UVUQkHchJgdKOHMFt-S_B5JYO9SgFN27Iu56QqG5lzf-5z9Fo_E0fqfms0wdoIcrT1Z-9cJ7LmEwf9gthnWgzCFkMPfFg4EKcTbusuUFzJ8dEXpEybR9HnjXQDzjC5-QI7jzthHesh2pgNxMTzgpJoFH5f-qM7DKjN7hmDYqhgrptvzcXFOmBcoAgXzOv80cCvqHMhRESDb1tu3eNdrGC0wig81xlrtwrGtx-RblP3d05_vyMTje9v_WpUtdKEo=w1097-h974-no\" alt=\"Th\u1ebb t\u00ean - Ch\u1ecdn m\u00e0u s\u1eafc c\u1ee7a kim lo\u1ea1i\" width=\"1096\" height=\"974\" title=\"\"><figcaption class=\"wp-caption-text\">Th\u1ebb t\u00ean &#8211; Ch\u1ecdn m\u00e0u s\u1eafc c\u1ee7a kim lo\u1ea1i<\/figcaption><\/figure>","protected":false},"excerpt":{"rendered":"<p>Th\u1ebb t\u00ean kh\u1eafc kim lo\u1ea1i M\u1eabu bi\u1ec3n t\u00ean n\u00e0y kh\u00e1 m\u1edbi v\u00e0 kh\u00e1 l\u1ea1, s\u00e1ng t\u1ea1o. V\u00ec v\u1eady s\u1ebd t\u1ea1o n\u00ean s\u1ef1 m\u1edbi m\u1ebb trong doanh nghi\u1ec7p c\u1ee7a b\u1ea1n. \u0110\u1ed3ng th\u1eddi t\u1ea1o \u1ea5n t\u01b0\u1ee3ng \u0111\u1ed1i v\u1edbi \u0111\u1ed1i t\u00e1c, kh\u00e1ch h\u00e0ng khi \u0111\u1ebfn l\u00e0m vi\u1ec7c t\u1ea1i doanh nghi\u1ec7p. Bi\u1ec3n t\u00ean n\u00e0y \u0111\u01b0\u1ee3c s\u1ea3n xu\u1ea5t b\u1eb1ng c\u00e1ch [&#8230;]\n","protected":false},"featured_media":3860,"comment_status":"open","ping_status":"closed","template":"","meta":[],"product_brand":[],"product_cat":[522],"product_tag":[533,525,524,527,532,528,529,531,530,523,526],"class_list":{"0":"post-3859","1":"product","2":"type-product","3":"status-publish","4":"has-post-thumbnail","6":"product_cat-bien-ten","7":"product_tag-bang-ten","8":"product_tag-bang-ten-nhan-vien","9":"product_tag-bien-ten","10":"product_tag-bien-ten-nhan-vien","11":"product_tag-in-the-ten","12":"product_tag-lam-bang-ten","13":"product_tag-lam-bang-ten-nhan-vien","14":"product_tag-lam-bien-ten-nhan-vien","15":"product_tag-lam-the-ten-nhan-vien","16":"product_tag-the-ten","17":"product_tag-the-ten-nhan-vien","19":"first","20":"instock","21":"shipping-taxable","22":"product-type-simple"},"amp_enabled":true,"_links":{"self":[{"href":"https:\/\/quatang5sao.com\/en\/wp-json\/wp\/v2\/product\/3859","targetHints":{"allow":["GET"]}}],"collection":[{"href":"https:\/\/quatang5sao.com\/en\/wp-json\/wp\/v2\/product"}],"about":[{"href":"https:\/\/quatang5sao.com\/en\/wp-json\/wp\/v2\/types\/product"}],"replies":[{"embeddable":true,"href":"https:\/\/quatang5sao.com\/en\/wp-json\/wp\/v2\/comments?post=3859"}],"wp:featuredmedia":[{"embeddable":true,"href":"https:\/\/quatang5sao.com\/en\/wp-json\/wp\/v2\/media\/3860"}],"wp:attachment":[{"href":"https:\/\/quatang5sao.com\/en\/wp-json\/wp\/v2\/media?parent=3859"}],"wp:term":[{"taxonomy":"product_brand","embeddable":true,"href":"https:\/\/quatang5sao.com\/en\/wp-json\/wp\/v2\/product_brand?post=3859"},{"taxonomy":"product_cat","embeddable":true,"href":"https:\/\/quatang5sao.com\/en\/wp-json\/wp\/v2\/product_cat?post=3859"},{"taxonomy":"product_tag","embeddable":true,"href":"https:\/\/quatang5sao.com\/en\/wp-json\/wp\/v2\/product_tag?post=3859"}],"curies":[{"name":"wp","href":"https:\/\/api.w.org\/{rel}","templated":true}]}}