{"id":3851,"date":"2018-09-08T10:47:33","date_gmt":"2018-09-08T03:47:33","guid":{"rendered":"https:\/\/quatang5sao.com\/?post_type=product&#038;p=3851"},"modified":"2018-09-08T10:47:33","modified_gmt":"2018-09-08T03:47:33","slug":"bang-ten-nhan-vien-so-luong-lon-gia-re","status":"publish","type":"product","link":"https:\/\/quatang5sao.com\/en\/bang-ten-nhan-vien-so-luong-lon-gia-re\/","title":{"rendered":"B\u1ea3ng t\u00ean nh\u00e2n vi\u00ean s\u1ed1 l\u01b0\u1ee3ng l\u1edbn gi\u00e1 r\u1ebb &#8211; Th\u1ebb t\u00ean nh\u00e2n vi\u00ean gi\u00e1 r\u1ebb"},"content":{"rendered":"<h2><span style=\"color: #000000;\">B\u1ea3ng t\u00ean nh\u00e2n vi\u00ean<\/span><\/h2>\n<p><span style=\"color: #000000; font-size: 110%;\"><a href=\"https:\/\/quatang5sao.com\/en\/danh-muc\/bien-ten\/\"><strong>B\u1ea3ng t\u00ean nh\u00e2n vi\u00ean<\/strong><\/a> ho\u1eb7c <a href=\"https:\/\/quatang5sao.com\/en\/san-pham-qua-tang\/the-ten-nhan-vien-bang-ten-nhan-vien-gia-re-tai-xuong-san-xuat\/\"><strong>th\u1ebb t\u00ean nh\u00e2n vi\u00ean<\/strong><\/a>, l\u00e0 m\u1ed9t trong nh\u1eefng chi ti\u1ebft nh\u1ecf nh\u01b0ng th\u1ec3 hi\u1ec7n s\u1ef1 chuy\u00ean nghi\u1ec7p c\u1ee7a doanh nghi\u1ec7p. M\u1ed7i kh\u00e1ch h\u00e0ng \u0111\u1ebfn v\u1edbi doanh nghi\u1ec7p, ti\u1ebfp x\u00fac v\u1edbi nh\u00e2n vi\u00ean t\u1ea1i doanh nghi\u1ec7p s\u1ebd c\u1ea3m nh\u1eadn \u0111\u01b0\u1ee3c ngay. V\u00ec v\u1eady, s\u1ea3n ph\u1ea9m n\u00e0y \u0111\u01b0\u1ee3c ng\u00e0y c\u00e0ng nhi\u1ec1u c\u01a1 quan, t\u1ed5 ch\u1ee9c, doanh nghi\u1ec7p s\u1eed d\u1ee5ng.\u00a0<\/span><\/p>\n<p><span style=\"color: #000000; font-size: 110%;\">M\u1eb7c d\u00f9 v\u1eady, \u0111\u1ec3 ch\u1ecdn \u0111\u01b0\u1ee3c c\u01a1 s\u1edf s\u1ea3n xu\u1ea5t uy t\u00edn, gi\u00e1 r\u1ebb, ch\u1ea5t l\u01b0\u1ee3ng. \u0110\u00f2i h\u1ecfi qu\u00fd kh\u00e1ch h\u00e0ng ph\u1ea3i t\u00ecm hi\u1ec3u nhi\u1ec1u n\u01a1i. Nh\u01b0ng v\u1edbi l\u1ee3i th\u1ebf c\u00f3 <a href=\"https:\/\/quatang5sao.com\/en\/\"><strong>x\u01b0\u1edfng s\u1ea3n xu\u1ea5t b\u1ea3ng t\u00ean<\/strong><\/a>, ch\u00fang t\u00f4i t\u1ef1 tin lu\u00f4n \u0111\u1ea3m b\u1ea3o gi\u00e1 r\u1ebb, ch\u1ea5t l\u01b0\u1ee3ng cho qu\u00fd kh\u00e1ch h\u00e0ng. Ngo\u00e0i ra, lu\u00f4n \u0111\u1ea3m b\u1ea3o v\u1ec1 th\u1eddi gian v\u1edbi b\u1ea5t k\u1ef3 s\u1ed1 l\u01b0\u1ee3ng h\u00e0ng m\u00e0 kh\u00e1ch h\u00e0ng \u0111\u1eb7t.\u00a0<\/span><\/p>\n<p><span style=\"color: #000000; font-size: 110%;\">Lo\u1ea1i <strong>b\u1ea3ng t\u00ean<\/strong> m\u1eabu 02 n\u00e0y \u0111\u01b0\u1ee3c in tr\u1ef1c ti\u1ebfp l\u00ean b\u1ea3n nh\u00f4m \u0111\u00e1nh x\u01b0\u1edbc. Ch\u1ea5t l\u01b0\u1ee3ng in cao, kh\u00f4ng b\u1ecb bay m\u00e0u, kh\u00f3 b\u1ecb x\u01b0\u1edbc.\u00a0<\/span><\/p>\n<p><span style=\"color: #000000; font-size: 110%;\">Qu\u00fd kh\u00e1ch c\u00f3 nhu c\u1ea7u \u0111\u1eb7t h\u00e0ng, xin li\u00ean h\u1ec7 tr\u1ef1c ti\u1ebfp email <a href=\"mailto:quatang236@gmail.com\"><strong>quatang236@gmail.com<\/strong><\/a> ho\u1eb7c \u0110T &amp; Zalo: <strong>0917.322.230<\/strong> ; ho\u1eb7c qua k\u00eanh chat online c\u1ee7a website.<\/span><\/p>\n<h2><span style=\"color: #000000;\">H\u00ecnh \u1ea3nh th\u1ebb \u0111eo t\u00ean nh\u00e2n vi\u00ean<\/span><\/h2>\n<figure id=\"attachment_3852\" aria-describedby=\"caption-attachment-3852\" style=\"width: 556px\" class=\"wp-caption alignnone\"><img loading=\"lazy\" decoding=\"async\" class=\"size-full wp-image-3852\" src=\"https:\/\/quatang5sao.com\/wp-content\/uploads\/2018\/09\/Bien-ten-nhan-vien-Mau-02.jpg\" alt=\"Bi\u1ec3n t\u00ean nh\u00e2n vi\u00ean b\u1eb1ng kim lo\u1ea1i gi\u00e1 r\u1ebb\" width=\"556\" height=\"556\" title=\"\" srcset=\"https:\/\/quatang5sao.com\/wp-content\/uploads\/2018\/09\/Bien-ten-nhan-vien-Mau-02.jpg 556w, https:\/\/quatang5sao.com\/wp-content\/uploads\/2018\/09\/Bien-ten-nhan-vien-Mau-02-247x247.jpg 247w, https:\/\/quatang5sao.com\/wp-content\/uploads\/2018\/09\/Bien-ten-nhan-vien-Mau-02-100x100.jpg 100w, https:\/\/quatang5sao.com\/wp-content\/uploads\/2018\/09\/Bien-ten-nhan-vien-Mau-02-510x510.jpg 510w, https:\/\/quatang5sao.com\/wp-content\/uploads\/2018\/09\/Bien-ten-nhan-vien-Mau-02-280x280.jpg 280w, https:\/\/quatang5sao.com\/wp-content\/uploads\/2018\/09\/Bien-ten-nhan-vien-Mau-02-400x400.jpg 400w, https:\/\/quatang5sao.com\/wp-content\/uploads\/2018\/09\/Bien-ten-nhan-vien-Mau-02-120x120.jpg 120w\" sizes=\"auto, (max-width: 556px) 100vw, 556px\" \/><figcaption id=\"caption-attachment-3852\" class=\"wp-caption-text\">Bi\u1ec3n t\u00ean nh\u00e2n vi\u00ean b\u1eb1ng kim lo\u1ea1i gi\u00e1 r\u1ebb<\/figcaption><\/figure>\n<figure style=\"width: 1363px\" class=\"wp-caption alignnone\"><img loading=\"lazy\" decoding=\"async\" class=\"size-full\" src=\"https:\/\/lh3.googleusercontent.com\/RCu9aLkrfOm8DGeiZANfTU9RIYXPXqlKGxOuxXdyfwrBfwAANR5R9x-0wPSHNa9QwX9UP--8DVhDA9WzlNuDGkWIxCm7_gTZvKGgjz9tzLsJ7U1S0AZWdvwcvVLB2FyLMkeQ1MuYAWFpM53PdMHPz2UJpZl-R2fBEy-8RPOuhLlHnByDDS-UZ0idfR2xDywnySWGj8drFYHBY5dDQEd4V2Sp3952ndHVyW-8w-Hyo7Nw86HJBYjog_bKBE2l4fSakPuvHwmQX941CsUBced9LOE37gwt2hPeWYsVlqAR1EjJ8EcLUdEbh_SW01hXdFhQZW2_OnUQWhbvdzkxibbXcPdSGsSzgUcgFDRwBV6ozBQapt-w6NZECkVDvLfTyTyQgzcAclAD5nfXs5j-OTJvm3awJYMkNDpgc8vNyvd9U_JTzFCWNC1N75w_xy07qEp0kGvO5CxoGQQZu_HkWvetM0Ud4IxxLoFkZ9gtnqTEz8ZcTovLBoMOh_-ssE1aDcznopUAltB3anFGM2tH0XCoDSnoM_GGdFMDsvbd7alVn-Ibo-v0Ps7-AG44VqgE5RcIvs5_xigZjSRaOkQFHYCI_G6LtyEol1vJHV3cYmGxSQ-krZloZEjNlVWVgjdgF7Y=w1364-h974-no\" alt=\"B\u1ea3ng t\u00ean nh\u00e2n vi\u00ean b\u1eb1ng kim lo\u1ea1i gi\u00e1 r\u1ebb t\u1ea1i x\u01b0\u1edfng s\u1ea3n xu\u1ea5t\" width=\"1363\" height=\"974\" title=\"\"><figcaption class=\"wp-caption-text\">B\u1ea3ng t\u00ean nh\u00e2n vi\u00ean b\u1eb1ng kim lo\u1ea1i gi\u00e1 r\u1ebb t\u1ea1i x\u01b0\u1edfng s\u1ea3n xu\u1ea5t<\/figcaption><\/figure>\n<figure style=\"width: 1210px\" class=\"wp-caption alignnone\"><img loading=\"lazy\" decoding=\"async\" class=\"size-full\" src=\"https:\/\/lh3.googleusercontent.com\/3gDA4YTA4044e1-LJhuSefLAYNOwErp8vMhIE6U2ltnZDoTEex7DLcNbdkYbdk3I4_uK6f_8-AxVzi0tf1wMmm2WUvXHgbh7g03pNm6VXwVXeKWIeuQytPoVXB3uxXmJlG46tu3BSZtvbub8vlmbWTSiyKxSe-1lzbzQrVuz6zUqphzQdxABOgZmfY3x_Yr40lQRQug9HHCe7yj7jKFDNStNq41VlT4a0dkbrMOep4lWk5zyb23m9z2uAVBLfP7MRo2M_TysH-lHjezD461gkVEJgCBX2Ysfkhqd54Y_2MvYNErb4CbkgXnnOIUCujPrcjnatqAgZjfa6N3wBz_dMq7lB4ViZ-Ea9IuOkesa5rZKMvRcsflwGnTKdw3w4L4_3IOFp22vnAKBqYbWgUOXh7Q9UYAdfBEkwmBEnRn91g-YFrfV96zBzZFGgG6QVCtLxtW7jv42oCH4q644UTQphbW5bdrTrtXaQeTi6U9bRTQldT34vFafgVWDFJp7nBRhYWvPrqD8Hg_WdsKGXqol8QfB4dV_w7ajdlwDgWzGLP2_TMiubWMoEwwxjlx92S3M5BXLLMoUG8AZbba5TRBYGlO4qrjTEDH3gpHh9XQcxnveAAWMr6FCilXddeauCMk=w1210-h974-no\" alt=\"B\u1ea3ng t\u00ean nh\u00e2n vi\u00ean s\u1ed1 l\u01b0\u1ee3ng l\u1edbn\" width=\"1210\" height=\"974\" title=\"\"><figcaption class=\"wp-caption-text\">B\u1ea3ng t\u00ean nh\u00e2n vi\u00ean s\u1ed1 l\u01b0\u1ee3ng l\u1edbn<\/figcaption><\/figure>","protected":false},"excerpt":{"rendered":"<p>B\u1ea3ng t\u00ean nh\u00e2n vi\u00ean B\u1ea3ng t\u00ean nh\u00e2n vi\u00ean ho\u1eb7c th\u1ebb t\u00ean nh\u00e2n vi\u00ean, l\u00e0 m\u1ed9t trong nh\u1eefng chi ti\u1ebft nh\u1ecf nh\u01b0ng th\u1ec3 hi\u1ec7n s\u1ef1 chuy\u00ean nghi\u1ec7p c\u1ee7a doanh nghi\u1ec7p. M\u1ed7i kh\u00e1ch h\u00e0ng \u0111\u1ebfn v\u1edbi doanh nghi\u1ec7p, ti\u1ebfp x\u00fac v\u1edbi nh\u00e2n vi\u00ean t\u1ea1i doanh nghi\u1ec7p s\u1ebd c\u1ea3m nh\u1eadn \u0111\u01b0\u1ee3c ngay. V\u00ec v\u1eady, s\u1ea3n ph\u1ea9m n\u00e0y \u0111\u01b0\u1ee3c [&#8230;]\n","protected":false},"featured_media":3852,"comment_status":"open","ping_status":"closed","template":"","meta":[],"product_brand":[],"product_cat":[522],"product_tag":[533,525,524,527,532,528,529,531,530,523,526],"class_list":{"0":"post-3851","1":"product","2":"type-product","3":"status-publish","4":"has-post-thumbnail","6":"product_cat-bien-ten","7":"product_tag-bang-ten","8":"product_tag-bang-ten-nhan-vien","9":"product_tag-bien-ten","10":"product_tag-bien-ten-nhan-vien","11":"product_tag-in-the-ten","12":"product_tag-lam-bang-ten","13":"product_tag-lam-bang-ten-nhan-vien","14":"product_tag-lam-bien-ten-nhan-vien","15":"product_tag-lam-the-ten-nhan-vien","16":"product_tag-the-ten","17":"product_tag-the-ten-nhan-vien","19":"first","20":"instock","21":"shipping-taxable","22":"product-type-simple"},"amp_enabled":true,"_links":{"self":[{"href":"https:\/\/quatang5sao.com\/en\/wp-json\/wp\/v2\/product\/3851","targetHints":{"allow":["GET"]}}],"collection":[{"href":"https:\/\/quatang5sao.com\/en\/wp-json\/wp\/v2\/product"}],"about":[{"href":"https:\/\/quatang5sao.com\/en\/wp-json\/wp\/v2\/types\/product"}],"replies":[{"embeddable":true,"href":"https:\/\/quatang5sao.com\/en\/wp-json\/wp\/v2\/comments?post=3851"}],"wp:featuredmedia":[{"embeddable":true,"href":"https:\/\/quatang5sao.com\/en\/wp-json\/wp\/v2\/media\/3852"}],"wp:attachment":[{"href":"https:\/\/quatang5sao.com\/en\/wp-json\/wp\/v2\/media?parent=3851"}],"wp:term":[{"taxonomy":"product_brand","embeddable":true,"href":"https:\/\/quatang5sao.com\/en\/wp-json\/wp\/v2\/product_brand?post=3851"},{"taxonomy":"product_cat","embeddable":true,"href":"https:\/\/quatang5sao.com\/en\/wp-json\/wp\/v2\/product_cat?post=3851"},{"taxonomy":"product_tag","embeddable":true,"href":"https:\/\/quatang5sao.com\/en\/wp-json\/wp\/v2\/product_tag?post=3851"}],"curies":[{"name":"wp","href":"https:\/\/api.w.org\/{rel}","templated":true}]}}