{"id":3848,"date":"2018-09-08T06:33:28","date_gmt":"2018-09-07T23:33:28","guid":{"rendered":"https:\/\/quatang5sao.com\/?post_type=product&#038;p=3848"},"modified":"2018-09-08T07:28:48","modified_gmt":"2018-09-08T00:28:48","slug":"the-ten-nhan-vien-bang-ten-nhan-vien-gia-re-tai-xuong-san-xuat","status":"publish","type":"product","link":"https:\/\/quatang5sao.com\/en\/the-ten-nhan-vien-bang-ten-nhan-vien-gia-re-tai-xuong-san-xuat\/","title":{"rendered":"Th\u1ebb t\u00ean nh\u00e2n vi\u00ean &#8211; B\u1ea3ng t\u00ean nh\u00e2n vi\u00ean &#8211; Gi\u00e1 r\u1ebb t\u1ea1i x\u01b0\u1edfng s\u1ea3n xu\u1ea5t"},"content":{"rendered":"<h2><span style=\"color: #000000;\">Th\u1ebb t\u00ean nh\u00e2n vi\u00ean<\/span><\/h2>\n<p><span style=\"color: #000000; font-size: 110%;\">\u0110\u00e2y l\u00e0 lo\u1ea1i <a href=\"https:\/\/quatang5sao.com\/en\/danh-muc\/bien-ten\/\"><strong>th\u1ebb t\u00ean<\/strong><\/a> sang tr\u1ecdng nh\u1ea5t, \u0111\u1eb9p nh\u1ea5t v\u00e0 \u0111\u01b0\u1ee3c nhi\u1ec1u kh\u00e1ch h\u00e0ng l\u1ef1a ch\u1ecdn nh\u1ea5t cho m\u00ecnh. <strong>T\u00ean nh\u00e2n vi\u00ean<\/strong> v\u00e0 ch\u1ee9c danh, c\u00f9ng v\u1edbi logo c\u1ee7a doanh nghi\u1ec7p. \u0110\u01b0\u1ee3c in l\u00ean t\u1ea5m nh\u00f4m v\u00e0 ph\u1ee7 keo th\u1ee7y tinh l\u00ean. \u0110\u1ea3m b\u1ea3o \u0111\u1ed9 b\u1ec1n cao v\u00e0 th\u1ea9m m\u1ef9. V\u00ec \u0111\u01b0\u1ee3c in l\u00ean n\u00ean kh\u00e1ch h\u00e0ng c\u00f3 th\u1ec3 l\u1ef1a ch\u1ecdn m\u00e0u s\u1eafc cho t\u1eebng th\u1ebb, nh\u1eb1m ph\u00e2n bi\u1ec7t ch\u1ee9c danh, v\u1ecb tr\u00ed c\u1ee7a ng\u01b0\u1eddi \u0111eo <strong>b\u1ea3ng t\u00ean<\/strong>.<\/span><\/p>\n<p><span style=\"color: #000000; font-size: 110%;\">T\u1ea5t c\u1ea3 <strong>th\u1ebb nh\u00e2n vi\u00ean<\/strong> n\u00e0y \u0111\u1ec1u \u0111\u01b0\u1ee3c s\u1ea3n xu\u1ea5t b\u1edfi x\u01b0\u1edfng c\u1ee7a <strong>5 Star Gifts<\/strong>, kh\u00f4ng qua b\u1ea5t k\u1ef3 trung gian n\u00e0o kh\u00e1c. Ch\u00fang t\u00f4i lu\u00f4n \u0111\u1ea3m b\u1ea3o kh\u00e1ch h\u00e0ng s\u1ebd nh\u1eadn \u0111\u01b0\u1ee3c s\u1ea3n ph\u1ea9m \u0111\u1ea3m b\u1ea3o ch\u1ea5t l\u01b0\u1ee3ng. C\u00f9ng v\u1edbi gi\u00e1 th\u00e0nh ph\u00f9 h\u1ee3p nh\u1ea5t. \u0110\u00f3ng g\u00f3p cho doanh nghi\u1ec7p qu\u00fd kh\u00e1ch h\u00e0ng v\u1ec1 gi\u1ea3m chi ph\u00ed c\u1ed1 \u0111\u1ecbnh, gia t\u0103ng l\u1ee3i nhu\u1eadn.<\/span><\/p>\n<p><span style=\"color: #000000; font-size: 110%;\">T\u1ea5t c\u1ea3 th\u00f4ng tin chi ti\u1ebft l\u00e0m <strong>th\u1ebb t\u00ean nh\u00e2n vi\u00ean<\/strong>, xin li\u00ean h\u1ec7 qua email <strong><a href=\"mailto:quatang236@gmail.com\">quatang236@gmail.com<\/a><\/strong> ho\u1eb7c \u0110T &amp; Zalo <span style=\"color: #008000;\"><strong>0917.322.230<\/strong><\/span><\/span><\/p>\n<h2><span style=\"color: #000000;\">H\u00ecnh \u1ea3nh b\u1ea3ng t\u00ean nh\u00e2n vi\u00ean<\/span><\/h2>\n<figure id=\"attachment_3849\" aria-describedby=\"caption-attachment-3849\" style=\"width: 722px\" class=\"wp-caption alignnone\"><img loading=\"lazy\" decoding=\"async\" class=\"size-full wp-image-3849\" src=\"https:\/\/quatang5sao.com\/wp-content\/uploads\/2018\/09\/The-ten-nhan-vien-gia-re-Mau-01.jpg\" alt=\"Th\u1ebb t\u00ean nh\u00e2n vi\u00ean b\u1eb1ng kim lo\u1ea1i ph\u1ee7 keo gi\u00e1 r\u1ebb\" width=\"722\" height=\"722\" title=\"\" srcset=\"https:\/\/quatang5sao.com\/wp-content\/uploads\/2018\/09\/The-ten-nhan-vien-gia-re-Mau-01.jpg 722w, https:\/\/quatang5sao.com\/wp-content\/uploads\/2018\/09\/The-ten-nhan-vien-gia-re-Mau-01-247x247.jpg 247w, https:\/\/quatang5sao.com\/wp-content\/uploads\/2018\/09\/The-ten-nhan-vien-gia-re-Mau-01-100x100.jpg 100w, https:\/\/quatang5sao.com\/wp-content\/uploads\/2018\/09\/The-ten-nhan-vien-gia-re-Mau-01-510x510.jpg 510w, https:\/\/quatang5sao.com\/wp-content\/uploads\/2018\/09\/The-ten-nhan-vien-gia-re-Mau-01-280x280.jpg 280w, https:\/\/quatang5sao.com\/wp-content\/uploads\/2018\/09\/The-ten-nhan-vien-gia-re-Mau-01-400x400.jpg 400w, https:\/\/quatang5sao.com\/wp-content\/uploads\/2018\/09\/The-ten-nhan-vien-gia-re-Mau-01-120x120.jpg 120w\" sizes=\"auto, (max-width: 722px) 100vw, 722px\" \/><figcaption id=\"caption-attachment-3849\" class=\"wp-caption-text\">Th\u1ebb t\u00ean nh\u00e2n vi\u00ean b\u1eb1ng kim lo\u1ea1i ph\u1ee7 keo gi\u00e1 r\u1ebb<\/figcaption><\/figure>\n<figure style=\"width: 1568px\" class=\"wp-caption alignnone\"><img loading=\"lazy\" decoding=\"async\" class=\"size-full\" src=\"https:\/\/lh3.googleusercontent.com\/zvt28NJ5XzxKJbO6dEDFt_nM05B70OkcissV_FAgeJrY92dt5knQKC9oPJQVK72SO78dzC-J62FJm0Hg_XJ1NEh7EJt2DrTB0AEVV8X_RqXTPL4OPElaHk3dpHziz0Pj7BlofDX1WUfgqCZaBy5t2-wYVdNJslidV9fDdQUPtX56bC4pGkMJT13XKf9F1TIntOc2kYWtIIjzaI1gt5cKhkjX4jfj2u5W8R_uNYOAPIuf5EjqJpt_8IkmcVJGCueKzLTRhhTK1G9I186-_ELqurJBVCT5qvgkA5W3yphD-5_sMcmg32HGMQhZOcLSL6Fh0x7BJp1SbwVFTwOJcS4bFnqZ6FfkYExO6NLVGGUYR0kE6iwmiH9yVl5gUFXms9gFecfTUKlyiADxBNMLPcc2Wl3dzhLMV9kDZNDhdWVXj0B2NLEtaeVFaJinsTN93VqPdkqohNi0NW_tpI0BB2FqvbyRnAkgcasZXP2FoNhn4ay_sCyA8mZKtpf4PL2zRVE1eKofNPC0VoOiqeHu8WNXJ3NcallB5rh6Ufoywa_dOSsC24DRkxgcaUImVR7G0dBV5yfD5TYj8oaEJKM3q3x-sWzIUli2VEr2PAaiFYRS3Gi8p8G5-iLaFkQDsDkeGoM=w1568-h975-no\" alt=\"Th\u1ebb t\u00ean nh\u00e2n vi\u00ean b\u1eb1ng kim lo\u1ea1i \u0111\u1eb9p gi\u00e1 r\u1ebb\" width=\"1568\" height=\"974\" title=\"\"><figcaption class=\"wp-caption-text\">Th\u1ebb t\u00ean nh\u00e2n vi\u00ean b\u1eb1ng kim lo\u1ea1i \u0111\u1eb9p gi\u00e1 r\u1ebb<\/figcaption><\/figure>\n<figure style=\"width: 1195px\" class=\"wp-caption alignnone\"><img loading=\"lazy\" decoding=\"async\" class=\"size-full\" src=\"https:\/\/lh3.googleusercontent.com\/EKLmrYAXneMuO5ZEDhnyjFDR9S9xS1wwmtSrGmRoiZsETNP4OiMkUOD6X4ICgMYcAvjBQ3dQDmZy_fLQDttrzinSWmTJtYLY5dMkGZh36ZenpPYJrNxjcPWtTN6nY07amggbtuKGvKUtiYJ6kgxz4wrXeCEYhiE8NY9z7aIzxjuXY_tmLBvTxz5TCD9ggh_vDJdd5T-vfpBclyZSyga6yrubD2xrbhDEWBAh7ik5816CJkg7EuS8H5iREAqSSiXH7eGTUIulOzQv3EYjhFVwQ8pmIAOzdxO0qdcrUXCwx3qZmVn4AYaIACwBO9_eRitMX8h6AxWWvIEBm6nZpM2cVab0TIaXsXWvJBJQpQhCvdk6L2CL3Ypcfdng95wJkmQh-uQN5mpyUgbnVqNt64FTuELs3StLFZsMQvhvEv4cncEF51Zt5xYsGeKN-GmHoUkv-VUuQpiR_3gj_l1-_fzENaRSmRr2u25GYG8FqmE4PsCw1XGqqbwnzBjJnjVD452QbEoEPSrltRbyOEfKPT8jTOWKj2LZ4D_jEXKR1-9qezWcB3UXfBeapxT_ykzgSBz3Z_cpiQ5bMs4EVxwBBbze4LnBmseOoFemcoSdv3tcEkfpfr4gliWmilFnVvxYhtA=w1195-h975-no\" alt=\"Th\u1ebb t\u00ean nh\u00e2n vi\u00ean, b\u1ea3ng t\u00ean nh\u00e2n vi\u00ean gi\u00e1 r\u1ebb t\u1ea1i x\u01b0\u1edfng s\u1ea3n xu\u1ea5t\" width=\"1195\" height=\"974\" title=\"\"><figcaption class=\"wp-caption-text\">Th\u1ebb t\u00ean nh\u00e2n vi\u00ean, b\u1ea3ng t\u00ean nh\u00e2n vi\u00ean gi\u00e1 r\u1ebb t\u1ea1i x\u01b0\u1edfng s\u1ea3n xu\u1ea5t<\/figcaption><\/figure>\n<figure style=\"width: 1828px\" class=\"wp-caption alignnone\"><img loading=\"lazy\" decoding=\"async\" class=\"size-full\" src=\"https:\/\/lh3.googleusercontent.com\/swYU2S3w6uXDhMfmYEoAwDLZdaijNilI6JB0ATfHz7D2MCdcS0028_BHVjV5_ZJjX9Ol-41dUjxoBHcwMMCJHSwbzI5jXxl1IkYGEcR2DoI99bY62xMPsqg2K6YkqvWzNHQqMrY1H3hFk65nsJ8K9OgdNIARQfzomuS9lmlmSVTTkgLu54d2Vz2Soeo0KNKWd0HkVEJGleYNDk4L8YoWK-Q5jv2P2ksvUKnE40eBM4wdqmNR0WBRrajK5zQH8JU_2OS-4AQE6Qan8Dipi4ngtpufFQVayHIHCDYCQhsbACjBi2ME8BVrEX3IaLd-96b-xMGbaciW3TfFPhZpRnRCE4d4Zf6Iio4lp1TWv3CTFapkuiUByEiZ-tO6PPl_cnBYt0DsHoppuBQV3t55Qxs7HT5ZAPdv__89GfLBYte_WMNjVx_phZnHQOqECtZvAxF0GkaMItBPmVPmKoHOzd5UnjjQKZJyuSHVss2uvZGvDmFiJFG-kPVKtJniMCvivcTq25eRWFKVjP2MNwkEqZgElLjHSvUOQe0XPuvZW65KETAz3WRA4aj3Sl8t5HecaZMDH1dFinvY7mGJdPT7PfdRhl000t-zjS9hXd47mWL_sk_ScDPu_MEN0xLWsOOGRSQ=w1829-h974-no\" alt=\"Th\u1ebb t\u00ean nh\u00e2n vi\u00ean ch\u1ea5t l\u01b0\u1ee3ng cao gi\u00e1 r\u1ebb\" width=\"1828\" height=\"974\" title=\"\"><figcaption class=\"wp-caption-text\">Th\u1ebb t\u00ean nh\u00e2n vi\u00ean ch\u1ea5t l\u01b0\u1ee3ng cao gi\u00e1 r\u1ebb<\/figcaption><\/figure>\n<figure style=\"width: 1920px\" class=\"wp-caption alignnone\"><img loading=\"lazy\" decoding=\"async\" class=\"size-full\" src=\"https:\/\/lh3.googleusercontent.com\/PbhBBHCzNk0eVm7qvFnu7w0XSB_PO6QKV0VNwBLQKl3qPDg4Z8_Xn0l0JIUbSuBelAB0pSUCyjcQh-KEYqxR87YtMBfWmGMDgE2L4LMEqn3kqbU7YdhgEVdnR-PXBv_dRAxoNgd5O_f-gMjpNCQy4QS46xDl1x64_51C4eV6F8iUvJ2muGvlrEru3MdWzEn5vRuXeKUcHpLe7qRC_z05KohOEexH2FxnX8nP8ySlRguPxwlqiiMvn3TrJUnj0pmD-6WbzLNLK8w1hZPPBfTqAvOrnje82Y-TIdvCO99BHFq_ZV23qgYPn9AQlz3xIM3BZYbgpF_aRKIrbFGIRNY0PA1E-Y9PwWYeUoVAn7WI9X-j99IpNHJgL2gYX6uYzU6A_XauDTiwqhIiApWan32H5cNocQz_Q3XbqP3FfxoM0XQAVxcqB7Jzd59o2icXWK1LS1wdeSKV6rxFeWKRqcSRnSa1ECO0E_Z3d_drDlIPjJzMD3m0vkOQkZdhLTxHIMFqIh-7E3LyrxUOWOh8mz8xQXlwNqVj3j91ixcmUbt1JOBWM2dXaQOZErjWLrwa1bAGPqx3lF0iddu92o9vyETuvaTgZoegOI-y5kygbBRcgKLUYMnYEKb6cbBAXKou7KI=w1920-h933-no\" alt=\"Th\u1ebb t\u00ean nh\u00e2n vi\u00ean, th\u1ebb t\u00ean gi\u00e1m \u0111\u1ed1c gi\u00e1 r\u1ebb\" width=\"1920\" height=\"933\" title=\"\"><figcaption class=\"wp-caption-text\">Th\u1ebb t\u00ean nh\u00e2n vi\u00ean, th\u1ebb t\u00ean gi\u00e1m \u0111\u1ed1c gi\u00e1 r\u1ebb<\/figcaption><\/figure>","protected":false},"excerpt":{"rendered":"<p>Th\u1ebb t\u00ean nh\u00e2n vi\u00ean \u0110\u00e2y l\u00e0 lo\u1ea1i th\u1ebb t\u00ean sang tr\u1ecdng nh\u1ea5t, \u0111\u1eb9p nh\u1ea5t v\u00e0 \u0111\u01b0\u1ee3c nhi\u1ec1u kh\u00e1ch h\u00e0ng l\u1ef1a ch\u1ecdn nh\u1ea5t cho m\u00ecnh. T\u00ean nh\u00e2n vi\u00ean v\u00e0 ch\u1ee9c danh, c\u00f9ng v\u1edbi logo c\u1ee7a doanh nghi\u1ec7p. \u0110\u01b0\u1ee3c in l\u00ean t\u1ea5m nh\u00f4m v\u00e0 ph\u1ee7 keo th\u1ee7y tinh l\u00ean. \u0110\u1ea3m b\u1ea3o \u0111\u1ed9 b\u1ec1n cao v\u00e0 th\u1ea9m m\u1ef9. [&#8230;]\n","protected":false},"featured_media":3849,"comment_status":"open","ping_status":"closed","template":"","meta":[],"product_brand":[],"product_cat":[522],"product_tag":[533,525,524,527,532,528,529,531,530,196,523,526],"class_list":{"0":"post-3848","1":"product","2":"type-product","3":"status-publish","4":"has-post-thumbnail","6":"product_cat-bien-ten","7":"product_tag-bang-ten","8":"product_tag-bang-ten-nhan-vien","9":"product_tag-bien-ten","10":"product_tag-bien-ten-nhan-vien","11":"product_tag-in-the-ten","12":"product_tag-lam-bang-ten","13":"product_tag-lam-bang-ten-nhan-vien","14":"product_tag-lam-bien-ten-nhan-vien","15":"product_tag-lam-the-ten-nhan-vien","16":"product_tag-qua-tang-doanh-nghiep","17":"product_tag-the-ten","18":"product_tag-the-ten-nhan-vien","20":"first","21":"instock","22":"shipping-taxable","23":"product-type-simple"},"amp_enabled":true,"_links":{"self":[{"href":"https:\/\/quatang5sao.com\/en\/wp-json\/wp\/v2\/product\/3848","targetHints":{"allow":["GET"]}}],"collection":[{"href":"https:\/\/quatang5sao.com\/en\/wp-json\/wp\/v2\/product"}],"about":[{"href":"https:\/\/quatang5sao.com\/en\/wp-json\/wp\/v2\/types\/product"}],"replies":[{"embeddable":true,"href":"https:\/\/quatang5sao.com\/en\/wp-json\/wp\/v2\/comments?post=3848"}],"wp:featuredmedia":[{"embeddable":true,"href":"https:\/\/quatang5sao.com\/en\/wp-json\/wp\/v2\/media\/3849"}],"wp:attachment":[{"href":"https:\/\/quatang5sao.com\/en\/wp-json\/wp\/v2\/media?parent=3848"}],"wp:term":[{"taxonomy":"product_brand","embeddable":true,"href":"https:\/\/quatang5sao.com\/en\/wp-json\/wp\/v2\/product_brand?post=3848"},{"taxonomy":"product_cat","embeddable":true,"href":"https:\/\/quatang5sao.com\/en\/wp-json\/wp\/v2\/product_cat?post=3848"},{"taxonomy":"product_tag","embeddable":true,"href":"https:\/\/quatang5sao.com\/en\/wp-json\/wp\/v2\/product_tag?post=3848"}],"curies":[{"name":"wp","href":"https:\/\/api.w.org\/{rel}","templated":true}]}}