{"id":3834,"date":"2018-09-04T23:09:49","date_gmt":"2018-09-04T16:09:49","guid":{"rendered":"https:\/\/quatang5sao.com\/?post_type=product&#038;p=3834"},"modified":"2022-09-09T16:34:28","modified_gmt":"2022-09-09T09:34:28","slug":"vong-tay-cao-su-nhieu-mau-vong-tay-cao-su-tron-mau","status":"publish","type":"product","link":"https:\/\/quatang5sao.com\/en\/vong-tay-cao-su-nhieu-mau-vong-tay-cao-su-tron-mau\/","title":{"rendered":"V\u00f2ng tay cao su nhi\u1ec1u m\u00e0u &#8211; V\u00f2ng tay cao su tr\u1ed9n m\u00e0u"},"content":{"rendered":"<h2>1 &#8211; V\u00f2ng tay cao su nhi\u1ec1u m\u00e0u<\/h2>\n<table class=\"table table-hover table-striped\">\n<tbody>\n<tr>\n<th width=\"160\"><strong>T\u00ean d\u1ecbch v\u1ee5:<\/strong><\/th>\n<td width=\"479\"><em>S\u1ea3n xu\u1ea5t v\u00f2ng tay cao su nhi\u1ec1u m\u00e0u theo y\u00eau c\u1ea7u<\/em><\/td>\n<\/tr>\n<tr>\n<th width=\"160\"><strong>V\u00f2ng tay cao su nhi\u1ec1u m\u00e0u b\u1eb1ng ti\u1ebfng Anh:<\/strong><\/th>\n<td width=\"479\"><em>Mix colors silicone wristband<\/em><\/td>\n<\/tr>\n<tr>\n<th width=\"160\"><strong>Ch\u1ea5t li\u1ec7u:<\/strong><\/th>\n<td width=\"479\"><em>Cao su, cao su m\u1ec1m, silicone, nh\u1ef1a d\u1ebbo<\/em><\/td>\n<\/tr>\n<tr>\n<th width=\"160\"><strong>Ph\u01b0\u01a1ng th\u1ee9c gia c\u00f4ng:<\/strong><\/th>\n<td width=\"479\"><em>Theo y\u00eau c\u1ea7u: In tr\u01a1n, \u0111\u1ed5 n\u1ed5i, \u0111\u1ed5 d\u1eadp ch\u00ecm, &#8230;<\/em><\/td>\n<\/tr>\n<tr>\n<th width=\"160\"><strong>K\u00edch th\u01b0\u1edbc chu vi:<\/strong><\/th>\n<td width=\"479\"><em>202mm (th\u01b0\u1eddng d\u00f9ng), 190mm, 180mm, 170mm, 160mm ho\u1eb7c Theo y\u00eau c\u1ea7u c\u1ee7a kh\u00e1ch h\u00e0ng<\/em><\/td>\n<\/tr>\n<tr>\n<th width=\"160\"><strong>K\u00edch th\u01b0\u1edbc r\u1ed9ng b\u1ea3n:<\/strong><\/th>\n<td width=\"479\"><em>10mm, 12mm (th\u01b0\u1eddng d\u00f9ng), 15mm, 20mm ho\u1eb7c Theo y\u00eau c\u1ea7u c\u1ee7a kh\u00e1ch h\u00e0ng<\/em><\/td>\n<\/tr>\n<tr>\n<th width=\"160\"><strong>\u0110\u1ed9 d\u00e0y:<\/strong><\/th>\n<td width=\"479\"><em>2mm, 2.5mm ho\u1eb7c Theo y\u00eau c\u1ea7u c\u1ee7a kh\u00e1ch h\u00e0ng<\/em><\/td>\n<\/tr>\n<tr>\n<th width=\"160\"><strong>M\u00e0u s\u1eafc, h\u00ecnh \u1ea3nh:<\/strong><\/th>\n<td width=\"479\"><em>Theo y\u00eau c\u1ea7u; In n\u1ed9i dung v\u00e0 logo theo y\u00eau c\u1ea7u \u2026<\/em><\/td>\n<\/tr>\n<tr>\n<th width=\"160\"><strong>Ch\u1ee9c n\u0103ng:<\/strong><\/th>\n<td width=\"479\"><em>V\u00f2ng tay cao su, v\u00f2ng tay s\u1ef1 ki\u1ec7n, qu\u00e0 t\u1eb7ng s\u1ef1 ki\u1ec7n, qu\u00e0 t\u1eb7ng doanh nghi\u1ec7p,&#8230;<\/em><\/td>\n<\/tr>\n<tr>\n<th width=\"160\"><strong>\u0110\u01a1n gi\u00e1:<\/strong><\/th>\n<td width=\"479\"><em>Theo s\u1ed1 l\u01b0\u1ee3ng<\/em><\/td>\n<\/tr>\n<tr>\n<th width=\"160\"><strong>In logo theo y\u00eau c\u1ea7u:<\/strong><\/th>\n<td width=\"479\"><em>C\u00f3 th\u1ec3<\/em><\/td>\n<\/tr>\n<tr>\n<th width=\"160\"><strong>In m\u1eabu:<\/strong><\/th>\n<td width=\"479\"><em>C\u00f3 th\u1ec3 (\u0111\u01b0\u1ee3c tr\u1eeb ph\u00ed in m\u1eabu n\u1ebfu \u0111\u1eb7t h\u00e0ng gi\u1ed1ng m\u1eabu)<\/em><\/td>\n<\/tr>\n<tr>\n<th width=\"160\"><strong>Ph\u00ed thi\u1ebft k\u1ebf m\u1eabu:<\/strong><\/th>\n<td width=\"479\"><em>Mi\u1ec5n ph\u00ed<\/em><\/td>\n<\/tr>\n<tr>\n<th width=\"160\"><strong>Ph\u00ed giao h\u00e0ng:<\/strong><\/th>\n<td width=\"479\"><em>Mi\u1ec5n ph\u00ed to\u00e0n qu\u1ed1c<\/em><\/td>\n<\/tr>\n<tr>\n<th width=\"160\"><strong>Album \u1ea3nh s\u1ea3n ph\u1ea9m \u0111\u00e3 th\u1ef1c hi\u1ec7n:<\/strong><\/th>\n<td width=\"479\"><em><a href=\"https:\/\/photos.app.goo.gl\/FtkajhqNajEZKHqW2\" target=\"_blank\" rel=\"noopener\">https:\/\/photos.app.goo.gl\/FtkajhqNajEZKHqW2<\/a><\/em><\/td>\n<\/tr>\n<\/tbody>\n<\/table>\n<p>\u0110\u00e2y l\u00e0 lo\u1ea1i <a href=\"https:\/\/shopvongtaycaosu.com\/\" target=\"_blank\" rel=\"noopener\"><strong>v\u00f2ng tay cao su<\/strong><\/a> \u0111\u1eb7c s\u1eafc nh\u1ea5t. B\u1edfi nh\u1edd c\u00e1ch ph\u1ed1i tr\u1ed9n m\u00e0u l\u00fac s\u1ea3n xu\u1ea5t t\u1ea1o n\u00ean nh\u1eefng chi\u1ebfc <strong>v\u00f2ng tay cao su<\/strong> gi\u1ed1ng nh\u01b0 b\u1ea3y s\u1eafc c\u1ea7u v\u1ed3ng. R\u1ea5t \u0111\u1eb9p v\u00e0 n\u1ed5i b\u1eadt. <strong>Silicone wristband<\/strong> lo\u1ea1i n\u00e0y th\u01b0\u1eddng \u0111\u01b0\u1ee3c \u0111\u1eb7t h\u00e0ng b\u1edfi nh\u1eefng \u0111\u01a1n v\u1ecb mu\u1ed1n g\u00e2y \u1ea5n t\u01b0\u1ee3ng m\u1ea1nh v\u1edbi kh\u00e1ch h\u00e0ng. Kh\u00e1ch h\u00e0ng s\u1ebd ho\u00e0n to\u00e0n t\u1eadp trung ch\u00fa \u00fd c\u1ee7a m\u00ecnh v\u00e0o nh\u1eefng s\u1ea3n ph\u1ea9m \u0111\u1eb7c bi\u1ec7t nh\u01b0 th\u1ebf n\u00e0y.<\/p>\n<p>V\u1edbi \u0111\u1ea7y \u0111\u1ee7 c\u00e1c ph\u01b0\u01a1ng th\u1ee9c s\u1ea3n xu\u1ea5t: d\u1eadp ch\u00ecm, d\u1eadp n\u1ed5i, in tr\u01a1n&#8230; <a href=\"https:\/\/quatang5sao.com\/en\/\"><strong>V\u00f2ng \u0111eo tay cao su tr\u1ed9n nhi\u1ec1u m\u00e0u<\/strong><\/a> s\u1ebd lu\u00f4n \u0111\u00e1p \u1ee9ng \u0111\u01b0\u1ee3c m\u1ecdi y\u00eau c\u1ea7u c\u1ee7a kh\u00e1ch h\u00e0ng.<\/p>\n<p><a href=\"https:\/\/shopvongtaycaosu.com\/vong-tay-cao-su\/huong-dan-thiet-ke-vong-tay-cao-su\/\" target=\"_blank\" rel=\"noopener\"><strong>K\u00edch th\u01b0\u1edbc v\u00f2ng \u0111eo tay cao su<\/strong><\/a> (lo\u1ea1i th\u01b0\u1eddng d\u00f9ng cho ng\u01b0\u1eddi l\u1edbn): 202 x 12 x 2mm<\/p>\n<p><strong>S\u1ed1 l\u01b0\u1ee3ng \u0111\u1eb7t h\u00e0ng t\u1ed1i thi\u1ec3u<\/strong>: 50 c\u00e1i.<\/p>\n<p><strong><a href=\"https:\/\/shopvongtaycaosu.com\/vong-tay-cao-su\/bao-gia-vong-tay-cao-su\/\" target=\"_blank\" rel=\"noopener\">B\u00e1o gi\u00e1 v\u00f2ng \u0111eo tay cao su<\/a> theo s\u1ed1 l\u01b0\u1ee3ng<\/strong>.<\/p>\n<h2>2 &#8211; Video s\u1ea3n xu\u1ea5t<\/h2>\n<p><iframe loading=\"lazy\" title=\"Quy tr\u00ecnh s\u1ea3n xu\u1ea5t v\u00f2ng tay cao su gi\u00e1 r\u1ebb\" src=\"https:\/\/www.youtube.com\/embed\/9FLclQ5OZbg?list=PLTcu9UMUt34OrHynVv3fpbmIW4MjwLMlM\" width=\"695\" height=\"391\" frameborder=\"0\" allowfullscreen=\"allowfullscreen\"><\/iframe><\/p>\n<h2>3 &#8211; H\u00ecnh \u1ea3nh v\u00f2ng tay cao su tr\u1ed9n m\u00e0u<\/h2>\n<figure id=\"attachment_3841\" aria-describedby=\"caption-attachment-3841\" style=\"width: 1301px\" class=\"wp-caption alignnone\"><img loading=\"lazy\" decoding=\"async\" class=\"size-full wp-image-3841\" src=\"https:\/\/quatang5sao.com\/wp-content\/uploads\/2018\/09\/Vong-tay-cao-su-nhieu-mau.jpg\" alt=\"V\u00f2ng tay cao su nhi\u1ec1u m\u00e0u\" width=\"1301\" height=\"1301\" title=\"\" srcset=\"https:\/\/quatang5sao.com\/wp-content\/uploads\/2018\/09\/Vong-tay-cao-su-nhieu-mau.jpg 1301w, https:\/\/quatang5sao.com\/wp-content\/uploads\/2018\/09\/Vong-tay-cao-su-nhieu-mau-247x247.jpg 247w, https:\/\/quatang5sao.com\/wp-content\/uploads\/2018\/09\/Vong-tay-cao-su-nhieu-mau-100x100.jpg 100w, https:\/\/quatang5sao.com\/wp-content\/uploads\/2018\/09\/Vong-tay-cao-su-nhieu-mau-510x510.jpg 510w\" sizes=\"auto, (max-width: 1301px) 100vw, 1301px\" \/><figcaption id=\"caption-attachment-3841\" class=\"wp-caption-text\">V\u00f2ng tay cao su nhi\u1ec1u m\u00e0u<\/figcaption><\/figure>\n<figure id=\"attachment_3842\" aria-describedby=\"caption-attachment-3842\" style=\"width: 1778px\" class=\"wp-caption alignnone\"><img loading=\"lazy\" decoding=\"async\" class=\"size-full wp-image-3842\" src=\"https:\/\/quatang5sao.com\/wp-content\/uploads\/2018\/09\/V\u00f2ng-tay-cao-su-Qu\u00e0-t\u1eb7ng-s\u1ef1-ki\u1ec7n-1.jpg\" alt=\"V\u00f2ng tay cao su tr\u1ed9n m\u00e0u\" width=\"1778\" height=\"825\" title=\"\" srcset=\"https:\/\/quatang5sao.com\/wp-content\/uploads\/2018\/09\/V\u00f2ng-tay-cao-su-Qu\u00e0-t\u1eb7ng-s\u1ef1-ki\u1ec7n-1.jpg 1778w, https:\/\/quatang5sao.com\/wp-content\/uploads\/2018\/09\/V\u00f2ng-tay-cao-su-Qu\u00e0-t\u1eb7ng-s\u1ef1-ki\u1ec7n-1-510x237.jpg 510w, https:\/\/quatang5sao.com\/wp-content\/uploads\/2018\/09\/V\u00f2ng-tay-cao-su-Qu\u00e0-t\u1eb7ng-s\u1ef1-ki\u1ec7n-1-800x371.jpg 800w, https:\/\/quatang5sao.com\/wp-content\/uploads\/2018\/09\/V\u00f2ng-tay-cao-su-Qu\u00e0-t\u1eb7ng-s\u1ef1-ki\u1ec7n-1-768x356.jpg 768w, https:\/\/quatang5sao.com\/wp-content\/uploads\/2018\/09\/V\u00f2ng-tay-cao-su-Qu\u00e0-t\u1eb7ng-s\u1ef1-ki\u1ec7n-1-1400x650.jpg 1400w\" sizes=\"auto, (max-width: 1778px) 100vw, 1778px\" \/><figcaption id=\"caption-attachment-3842\" class=\"wp-caption-text\">V\u00f2ng tay cao su tr\u1ed9n m\u00e0u<\/figcaption><\/figure>\n<figure id=\"attachment_5606\" aria-describedby=\"caption-attachment-5606\" style=\"width: 800px\" class=\"wp-caption aligncenter\"><img loading=\"lazy\" decoding=\"async\" class=\"wp-image-5606 size-medium\" src=\"https:\/\/quatang5sao.com\/wp-content\/uploads\/2018\/09\/9a1daa2d864de6dedfdb76e38edb5dee-800x362.jpg\" alt=\"V\u00f2ng tay cao su mix m\u00e0u\" width=\"800\" height=\"362\" title=\"\" srcset=\"https:\/\/quatang5sao.com\/wp-content\/uploads\/2018\/09\/9a1daa2d864de6dedfdb76e38edb5dee-800x362.jpg 800w, https:\/\/quatang5sao.com\/wp-content\/uploads\/2018\/09\/9a1daa2d864de6dedfdb76e38edb5dee-510x231.jpg 510w, https:\/\/quatang5sao.com\/wp-content\/uploads\/2018\/09\/9a1daa2d864de6dedfdb76e38edb5dee-768x348.jpg 768w, https:\/\/quatang5sao.com\/wp-content\/uploads\/2018\/09\/9a1daa2d864de6dedfdb76e38edb5dee-18x8.jpg 18w, https:\/\/quatang5sao.com\/wp-content\/uploads\/2018\/09\/9a1daa2d864de6dedfdb76e38edb5dee.jpg 1078w\" sizes=\"auto, (max-width: 800px) 100vw, 800px\" \/><figcaption id=\"caption-attachment-5606\" class=\"wp-caption-text\">V\u00f2ng tay cao su mix m\u00e0u<\/figcaption><\/figure>\n<figure id=\"attachment_5607\" aria-describedby=\"caption-attachment-5607\" style=\"width: 640px\" class=\"wp-caption aligncenter\"><img loading=\"lazy\" decoding=\"async\" class=\"wp-image-5607 size-full\" src=\"https:\/\/quatang5sao.com\/wp-content\/uploads\/2018\/09\/z1653997982490_adc62124e8faa7f3f805cd19a2e6d88b.jpg\" alt=\"V\u00f2ng tay cao su 7 s\u1eafc c\u1ea7u v\u1ed3ng\" width=\"640\" height=\"360\" title=\"\" srcset=\"https:\/\/quatang5sao.com\/wp-content\/uploads\/2018\/09\/z1653997982490_adc62124e8faa7f3f805cd19a2e6d88b.jpg 640w, https:\/\/quatang5sao.com\/wp-content\/uploads\/2018\/09\/z1653997982490_adc62124e8faa7f3f805cd19a2e6d88b-510x287.jpg 510w, https:\/\/quatang5sao.com\/wp-content\/uploads\/2018\/09\/z1653997982490_adc62124e8faa7f3f805cd19a2e6d88b-18x10.jpg 18w\" sizes=\"auto, (max-width: 640px) 100vw, 640px\" \/><figcaption id=\"caption-attachment-5607\" class=\"wp-caption-text\">V\u00f2ng tay cao su 7 s\u1eafc c\u1ea7u v\u1ed3ng<\/figcaption><\/figure>\n<h2>4 &#8211; \u0110\u1ecba ch\u1ec9 \u0111\u1eb7t h\u00e0ng<\/h2>\n<p><span style=\"color: #993300;\"><strong>==&gt; FREESHIP to\u00e0n qu\u1ed1c!<\/strong><\/span><\/p>\n<ul>\n<li>C\u01a1 s\u1edf 1:\n<ul>\n<li>S\u1ed1 1 &#8211; L\u0129nh Nam &#8211; Ho\u00e0ng Mai &#8211; H\u00e0 N\u1ed9i<\/li>\n<li>Hotline &amp; Zalo: 0917.322.230<\/li>\n<\/ul>\n<\/li>\n<li>C\u01a1 s\u1edf 2:\n<ul>\n<li>S\u1ed1 214 &#8211; V\u00f5 V\u0103n Ng\u00e2n &#8211; B\u00ecnh Th\u1ecd &#8211; Th\u1ee7 \u0110\u1ee9c &#8211; TP H\u1ed3 Ch\u00ed Minh<\/li>\n<li>Hotline &amp; Zalo: 0988902220<\/li>\n<\/ul>\n<\/li>\n<li>Email: <a href=\"mailto:quatang236@gmail.com\">quatang236@gmail.com<\/a><\/li>\n<li>Website:<\/li>\n<\/ul>\n<p><a href=\"https:\/\/quatang5sao.com\/en\/vong-tay-cao-su-nhieu-mau-vong-tay-cao-su-tron-mau\/\">https:\/\/quatang5sao.com\/vong-tay-cao-su-nhieu-mau-vong-tay-cao-su-tron-mau\/<\/a><\/p>\n<p><a href=\"https:\/\/shopvongtaycaosu.com\/vong-tay-cao-su\/\" target=\"_blank\" rel=\"noopener\">https:\/\/shopvongtaycaosu.com\/vong-tay-cao-su\/<\/a><\/p>\n<p>#vongtaycaosumixmau #vongtaycaosutronmau #vongtaycaosu7sac #vongtaycaosubaysac<\/p>","protected":false},"excerpt":{"rendered":"<table class=\"table table-hover table-striped\">\n<tbody>\n<tr>\n<th width=\"160\"><strong>T\u00ean d\u1ecbch v\u1ee5:<\/strong><\/th>\n<td width=\"479\"><em>S\u1ea3n xu\u1ea5t v\u00f2ng tay cao su nhi\u1ec1u m\u00e0u theo y\u00eau c\u1ea7u<\/em><\/td>\n<\/tr>\n<tr>\n<th width=\"160\"><strong>V\u00f2ng tay cao su nhi\u1ec1u m\u00e0u b\u1eb1ng ti\u1ebfng Anh:<\/strong><\/th>\n<td width=\"479\"><em>Mix colors silicone wristband<\/em><\/td>\n<\/tr>\n<tr>\n<th width=\"160\"><strong>Ch\u1ea5t li\u1ec7u:<\/strong><\/th>\n<td width=\"479\"><em>Cao su, cao su m\u1ec1m, silicone, nh\u1ef1a d\u1ebbo<\/em><\/td>\n<\/tr>\n<tr>\n<th width=\"160\"><strong>Ph\u01b0\u01a1ng th\u1ee9c gia c\u00f4ng:<\/strong><\/th>\n<td width=\"479\"><em>Theo y\u00eau c\u1ea7u: In tr\u01a1n, \u0111\u1ed5 n\u1ed5i, \u0111\u1ed5 d\u1eadp ch\u00ecm, &#8230;<\/em><\/td>\n<\/tr>\n<tr>\n<th width=\"160\"><strong>K\u00edch th\u01b0\u1edbc chu vi:<\/strong><\/th>\n<td width=\"479\"><em>202mm (th\u01b0\u1eddng d\u00f9ng), 190mm, 180mm, 170mm, 160mm ho\u1eb7c Theo y\u00eau c\u1ea7u c\u1ee7a kh\u00e1ch h\u00e0ng<\/em><\/td>\n<\/tr>\n<tr>\n<th width=\"160\"><strong>K\u00edch th\u01b0\u1edbc r\u1ed9ng b\u1ea3n:<\/strong><\/th>\n<td width=\"479\"><em>10mm, 12mm (th\u01b0\u1eddng d\u00f9ng), 15mm, 20mm ho\u1eb7c Theo y\u00eau c\u1ea7u c\u1ee7a kh\u00e1ch h\u00e0ng<\/em><\/td>\n<\/tr>\n<tr>\n<th width=\"160\"><strong>\u0110\u1ed9 d\u00e0y:<\/strong><\/th>\n<td width=\"479\"><em>2mm, 2.5mm ho\u1eb7c Theo y\u00eau c\u1ea7u c\u1ee7a kh\u00e1ch h\u00e0ng<\/em><\/td>\n<\/tr>\n<tr>\n<th width=\"160\"><strong>M\u00e0u s\u1eafc, h\u00ecnh \u1ea3nh:<\/strong><\/th>\n<td width=\"479\"><em>Theo y\u00eau c\u1ea7u; In n\u1ed9i dung v\u00e0 logo theo y\u00eau c\u1ea7u \u2026<\/em><\/td>\n<\/tr>\n<tr>\n<th width=\"160\"><strong>Ch\u1ee9c n\u0103ng:<\/strong><\/th>\n<td width=\"479\"><em>V\u00f2ng tay cao su, v\u00f2ng tay s\u1ef1 ki\u1ec7n, qu\u00e0 t\u1eb7ng s\u1ef1 ki\u1ec7n, qu\u00e0 t\u1eb7ng doanh nghi\u1ec7p,&#8230;<\/em><\/td>\n<\/tr>\n<tr>\n<th width=\"160\"><strong>\u0110\u01a1n gi\u00e1:<\/strong><\/th>\n<td width=\"479\"><em>Theo s\u1ed1 l\u01b0\u1ee3ng<\/em><\/td>\n<\/tr>\n<tr>\n<th width=\"160\"><strong>In logo theo y\u00eau c\u1ea7u:<\/strong><\/th>\n<td width=\"479\"><em>C\u00f3 th\u1ec3<\/em><\/td>\n<\/tr>\n<tr>\n<th width=\"160\"><strong>In m\u1eabu:<\/strong><\/th>\n<td width=\"479\"><em>C\u00f3 th\u1ec3 (\u0111\u01b0\u1ee3c tr\u1eeb ph\u00ed in m\u1eabu n\u1ebfu \u0111\u1eb7t h\u00e0ng gi\u1ed1ng m\u1eabu)<\/em><\/td>\n<\/tr>\n<tr>\n<th width=\"160\"><strong>Ph\u00ed thi\u1ebft k\u1ebf m\u1eabu:<\/strong><\/th>\n<td width=\"479\"><em>Mi\u1ec5n ph\u00ed<\/em><\/td>\n<\/tr>\n<tr>\n<th width=\"160\"><strong>Ph\u00ed giao h\u00e0ng:<\/strong><\/th>\n<td width=\"479\"><em>Mi\u1ec5n ph\u00ed to\u00e0n qu\u1ed1c<\/em><\/td>\n<\/tr>\n<tr>\n<th width=\"160\"><strong>Album \u1ea3nh s\u1ea3n ph\u1ea9m \u0111\u00e3 th\u1ef1c hi\u1ec7n:<\/strong><\/th>\n<td width=\"479\"><em><a href=\"https:\/\/photos.app.goo.gl\/FtkajhqNajEZKHqW2\">https:\/\/photos.app.goo.gl\/FtkajhqNajEZKHqW2<\/a><\/em><\/td>\n<\/tr>\n<\/tbody>\n<\/table>","protected":false},"featured_media":3841,"comment_status":"open","ping_status":"closed","template":"","meta":[],"product_brand":[],"product_cat":[15],"product_tag":[511,512,196,193,288,287,759,760,761,474,509,762,475,758,619,510],"class_list":{"0":"post-3834","1":"product","2":"type-product","3":"status-publish","4":"has-post-thumbnail","6":"product_cat-vong-tay-cao-su","7":"product_tag-may-lam-vong-tay-cao-su","8":"product_tag-muc-in-vong-tay-cao-su","9":"product_tag-qua-tang-doanh-nghiep","10":"product_tag-qua-tang-su-kien","11":"product_tag-vong-deo-tay-cao-su","12":"product_tag-vong-tay-cao-su","13":"product_tag-vong-tay-cao-su-7-sac","14":"product_tag-vong-tay-cao-su-bay-sac","15":"product_tag-vong-tay-cao-su-cau-vong","16":"product_tag-vong-tay-cao-su-dap-chim","17":"product_tag-vong-tay-cao-su-dap-noi","18":"product_tag-vong-tay-cao-su-da-sac","19":"product_tag-vong-tay-cao-su-gia-re","20":"product_tag-vong-tay-cao-su-mix-mau","21":"product_tag-vong-tay-su-kien","22":"product_tag-xuong-lam-vong-tay-cao-su","24":"first","25":"instock","26":"shipping-taxable","27":"product-type-simple"},"amp_enabled":true,"_links":{"self":[{"href":"https:\/\/quatang5sao.com\/en\/wp-json\/wp\/v2\/product\/3834","targetHints":{"allow":["GET"]}}],"collection":[{"href":"https:\/\/quatang5sao.com\/en\/wp-json\/wp\/v2\/product"}],"about":[{"href":"https:\/\/quatang5sao.com\/en\/wp-json\/wp\/v2\/types\/product"}],"replies":[{"embeddable":true,"href":"https:\/\/quatang5sao.com\/en\/wp-json\/wp\/v2\/comments?post=3834"}],"wp:featuredmedia":[{"embeddable":true,"href":"https:\/\/quatang5sao.com\/en\/wp-json\/wp\/v2\/media\/3841"}],"wp:attachment":[{"href":"https:\/\/quatang5sao.com\/en\/wp-json\/wp\/v2\/media?parent=3834"}],"wp:term":[{"taxonomy":"product_brand","embeddable":true,"href":"https:\/\/quatang5sao.com\/en\/wp-json\/wp\/v2\/product_brand?post=3834"},{"taxonomy":"product_cat","embeddable":true,"href":"https:\/\/quatang5sao.com\/en\/wp-json\/wp\/v2\/product_cat?post=3834"},{"taxonomy":"product_tag","embeddable":true,"href":"https:\/\/quatang5sao.com\/en\/wp-json\/wp\/v2\/product_tag?post=3834"}],"curies":[{"name":"wp","href":"https:\/\/api.w.org\/{rel}","templated":true}]}}