{"id":3826,"date":"2018-08-27T23:57:48","date_gmt":"2018-08-27T16:57:48","guid":{"rendered":"https:\/\/quatang5sao.com\/?post_type=product&#038;p=3826"},"modified":"2018-08-30T12:21:15","modified_gmt":"2018-08-30T05:21:15","slug":"huy-hieu-kim-loai-huy-hieu-an-mon-dong-mau-04","status":"publish","type":"product","link":"https:\/\/quatang5sao.com\/en\/huy-hieu-kim-loai-huy-hieu-an-mon-dong-mau-04\/","title":{"rendered":"Huy hi\u1ec7u kim lo\u1ea1i &#8211; Huy hi\u1ec7u \u0103n m\u00f2n \u0111\u1ed3ng &#8211; M\u1eabu 04"},"content":{"rendered":"<h2><span style=\"color: #800080;\">Huy hi\u1ec7u kim lo\u1ea1i<\/span><\/h2>\n<p><span style=\"color: #000000;\">L\u00e0 lo\u1ea1i <strong>huy hi\u1ec7u<\/strong> \u0111\u01b0\u1ee3c l\u00e0m t\u1eeb c\u00e1c kim lo\u1ea1i ph\u1ed5 bi\u1ebfn: \u0111\u1ed3ng, th\u00e9p, h\u1ee3p kim nh\u00f4m&#8230; C\u00f3 hai c\u00e1ch ch\u1ebf t\u1ea1o ch\u00ednh l\u00e0 \u0103n m\u00f2n b\u1eb1ng h\u00f3a ch\u1ea5t v\u00e0 d\u1eadp t\u1ea1o h\u00ecnh.<\/span><\/p>\n<p><span style=\"color: #000000;\">S\u1ea3n ph\u1ea9m sau khi \u0103n m\u00f2n ho\u1eb7c d\u1eadp t\u1ea1o h\u00ecnh c\u00f3 th\u1ec3 s\u01a1n ho\u1eb7c \u0111\u1ed5 silicon d\u1ebbo t\u1ea1o th\u00e0nh nhi\u1ec1u lo\u1ea1i s\u1ea3n ph\u1ea9m kh\u00e1c nhau.<\/span><\/p>\n<p><span style=\"color: #000000;\">Do l\u00e0m t\u1eeb kim lo\u1ea1i n\u00ean huy hi\u1ec7u lo\u1ea1i n\u00e0y c\u00f3 \u0111\u1ed9 b\u1ec1n cao, tr\u00f4ng sang tr\u1ecdng v\u00e0 b\u1eaft m\u1eaft h\u01a1n so v\u1edbi huy hi\u1ec7u lo\u1ea1i nh\u1ef1a. V\u00ec v\u1eady, <a href=\"https:\/\/quatang5sao.com\/en\/danh-muc\/huy-hieu\/\"><strong>huy hi\u1ec7u kim lo\u1ea1i<\/strong><\/a> ph\u00f9 h\u1ee3p v\u1edbi nhi\u1ec1u s\u1ef1 ki\u1ec7n l\u1edbn nh\u1ecf r\u1ea5t \u0111a d\u1ea1ng. T\u00f9y thu\u1ed9c v\u00e0o nhu c\u1ea7u c\u1ee7a kh\u00e1ch h\u00e0ng.<\/span><\/p>\n<p><span style=\"color: #000000;\">Do c\u00f4ng \u0111o\u1ea1n s\u1ea3n xu\u1ea5t ph\u1ee9c t\u1ea1p h\u01a1n <a href=\"https:\/\/quatang5sao.com\/en\/san-pham-qua-tang\/huy-hieu-nhua-gia-re-xuong-san-xuat-huy-hieu-nhua-mau-07\/\"><strong>huy hi\u1ec7u nh\u1ef1a<\/strong><\/a> n\u00ean gi\u00e1 th\u00e0nh nh\u1ec9nh h\u01a1n m\u1ed9t ch\u00fat. \u0110\u1ed3ng th\u1eddi x\u01b0\u1edfng ph\u1ea3i c\u00f3 m\u00e1y m\u00f3c hi\u1ec7n \u0111\u1ea1i, \u0111\u1ea3m b\u1ea3o s\u1ea3n ph\u1ea9m l\u00e0m \u0111\u00fang nh\u01b0 thi\u1ebft k\u1ebf, \u0111\u1ed9 s\u1eafc n\u00e9t cao. V\u00ec v\u1eady kh\u00e1ch h\u00e0ng c\u1ea7n ch\u1ecdn l\u1ef1a nh\u1eefng \u0111\u01a1n v\u1ecb \u0111\u1ee7 kh\u1ea3 n\u0103ng s\u1ea3n xu\u1ea5t \u0111\u1ec3 y\u00ean t\u00e2m v\u1ec1 ch\u1ea5t l\u01b0\u1ee3ng.<\/span><\/p>\n<p><span style=\"color: #000000;\">Qu\u00e0 t\u1eb7ng 5 sao ch\u00fang t\u00f4i hi\u1ec7n t\u1ea1i c\u00f3 <a href=\"https:\/\/quatang5sao.com\/en\/\"><strong>x\u01b0\u1edfng s\u1ea3n xu\u1ea5t huy hi\u1ec7u kim lo\u1ea1i<\/strong><\/a> tr\u1ef1c ti\u1ebfp. Ch\u00fang t\u00f4i \u0111\u1ea3m b\u1ea3o kh\u1ea3 n\u0103ng cung c\u1ea5p s\u1ea3n ph\u1ea9m \u0111\u1ebfn kh\u00e1ch h\u00e0ng v\u1edbi gi\u00e1 r\u1ebb nh\u1ea5t, ch\u1ea5t l\u01b0\u1ee3ng cao. B\u1ea5t k\u1ec3 s\u1ed1 l\u01b0\u1ee3ng.<\/span><\/p>\n<p><span style=\"color: #000000;\">Qu\u00fd kh\u00e1ch c\u00f3 nhu c\u1ea7u h\u00e3y li\u00ean h\u1ec7 ngay nh\u00e9: <\/span><\/p>\n<p><strong><span style=\"color: #000000; font-size: 130%;\"><span style=\"color: #00a859;\">\u0110T &amp; Zalo<\/span>: <span style=\"color: #ff0000;\">0917.322.230<\/span><\/span><\/strong><\/p>\n<h2><span style=\"color: #800080;\">\u1ea2nh huy hi\u1ec7u kim lo\u1ea1i<\/span><\/h2>\n<figure id=\"attachment_3828\" aria-describedby=\"caption-attachment-3828\" style=\"width: 1920px\" class=\"wp-caption alignnone\"><img loading=\"lazy\" decoding=\"async\" class=\"size-full wp-image-3828\" src=\"https:\/\/quatang5sao.com\/wp-content\/uploads\/2018\/08\/Huy-hieu-kim-loai-gia-re-Mau-04-002.jpg\" alt=\"Huy hi\u1ec7u kim lo\u1ea1i \u0103n m\u00f2n\" width=\"1920\" height=\"1283\" title=\"\" srcset=\"https:\/\/quatang5sao.com\/wp-content\/uploads\/2018\/08\/Huy-hieu-kim-loai-gia-re-Mau-04-002.jpg 1920w, https:\/\/quatang5sao.com\/wp-content\/uploads\/2018\/08\/Huy-hieu-kim-loai-gia-re-Mau-04-002-510x341.jpg 510w, https:\/\/quatang5sao.com\/wp-content\/uploads\/2018\/08\/Huy-hieu-kim-loai-gia-re-Mau-04-002-599x400.jpg 599w, https:\/\/quatang5sao.com\/wp-content\/uploads\/2018\/08\/Huy-hieu-kim-loai-gia-re-Mau-04-002-768x513.jpg 768w, https:\/\/quatang5sao.com\/wp-content\/uploads\/2018\/08\/Huy-hieu-kim-loai-gia-re-Mau-04-002-1197x800.jpg 1197w, https:\/\/quatang5sao.com\/wp-content\/uploads\/2018\/08\/Huy-hieu-kim-loai-gia-re-Mau-04-002-272x182.jpg 272w\" sizes=\"auto, (max-width: 1920px) 100vw, 1920px\" \/><figcaption id=\"caption-attachment-3828\" class=\"wp-caption-text\">Huy hi\u1ec7u kim lo\u1ea1i \u0103n m\u00f2n<\/figcaption><\/figure>\n<figure id=\"attachment_3827\" aria-describedby=\"caption-attachment-3827\" style=\"width: 401px\" class=\"wp-caption alignnone\"><img loading=\"lazy\" decoding=\"async\" class=\"size-full wp-image-3827\" src=\"https:\/\/quatang5sao.com\/wp-content\/uploads\/2018\/08\/581993070_8233926372.jpg\" alt=\"huy hi\u1ec7u \u0111\u1ed3ng gi\u00e1 r\u1ebb\" width=\"401\" height=\"401\" title=\"\" srcset=\"https:\/\/quatang5sao.com\/wp-content\/uploads\/2018\/08\/581993070_8233926372.jpg 401w, https:\/\/quatang5sao.com\/wp-content\/uploads\/2018\/08\/581993070_8233926372-247x247.jpg 247w, https:\/\/quatang5sao.com\/wp-content\/uploads\/2018\/08\/581993070_8233926372-100x100.jpg 100w, https:\/\/quatang5sao.com\/wp-content\/uploads\/2018\/08\/581993070_8233926372-280x280.jpg 280w, https:\/\/quatang5sao.com\/wp-content\/uploads\/2018\/08\/581993070_8233926372-400x400.jpg 400w, https:\/\/quatang5sao.com\/wp-content\/uploads\/2018\/08\/581993070_8233926372-120x120.jpg 120w\" sizes=\"auto, (max-width: 401px) 100vw, 401px\" \/><figcaption id=\"caption-attachment-3827\" class=\"wp-caption-text\">huy hi\u1ec7u \u0111\u1ed3ng gi\u00e1 r\u1ebb<\/figcaption><\/figure>\n<figure style=\"width: 395px\" class=\"wp-caption alignnone\"><img loading=\"lazy\" decoding=\"async\" class=\"size-full\" src=\"https:\/\/lh3.googleusercontent.com\/buZ6huEXYJoXFGhmAuNPSfskd193M4siI3tg460uthTtKB0465RAuIj9d6PNz-DhFDbcFLKmgsYDiwRT6uw79_xsRJZuyBc1ZRV7eA0xJNt-HvUTlmLP3_uMAhFyBZ8-XyNOLHcmqqC_GEqWp9nVk-ft7nEVjjrXsc6vrnmA4FK-Dr_2jOohQIgl12Tw-w8GtGZo-N0UnnieVanr4CV4RXwWNoFbM-75vj7Wtl9a4abNjDSPxFJrsGyVijBrhS9M8EERxpiR_l9Hga_e1TV2Y0mpX4BwTIE9w_1BiRAMubqVPLheCkxvlNirC243v_JvQZqVJ4VdoIxExMw5abhj6yUzudZ3-SQkzkb_-arikqqXy9hFFlHzNleKI9eOMGvyJ4iEjXanns43KBrBSqkz8MgeIeKRvRTOoMLIA5NZLczW-56zIsBewsf6q9PR4LSdZYYCOWAAY-BoZqUO4h0tqC0DvxwgiWar_n08g9E-D7fGf1IF8qbwWYf5YFPXkocBIFW8OXd43S00S-r_IWOM0RW0bLjyeD9sAx6Nzr-t6_GHXltFeb2ClYTC6TzekAXnf0gxjK2DDnxsuGb_NtbsaYGR3SDo38IQ9Q6XlHh6-lRfUZVh2ADk5ZVCsnUtFvg=w395-h346-no\" alt=\"Huy hi\u1ec7u kim lo\u1ea1i gi\u00e1 r\u1ebb\" width=\"395\" height=\"346\" title=\"\"><figcaption class=\"wp-caption-text\">Huy hi\u1ec7u kim lo\u1ea1i gi\u00e1 r\u1ebb<\/figcaption><\/figure>\n<figure style=\"width: 575px\" class=\"wp-caption alignnone\"><img loading=\"lazy\" decoding=\"async\" class=\"size-full\" src=\"https:\/\/lh3.googleusercontent.com\/m6Z2uY-KzzEqSLcKaLhCk91SuhRHyj6JG8j5xRl8fetoOpFtYrb7LyioTaNB7IN4DuYwfKjIpUbF8HLSosfWAz-5uQmqtkT7q3HpnVwOkxPEmoSjz_6YmMofJceBpa3vSBKwbSbQsENgmc47np_rbw_s-PgBGn0Oa5gBoxrx5PQsqkKh3WfUY8xPvxcO_I6q0XpXACywaCJmXWpeyfRrUVDgxPLY7BqKlPx6iFcg8lAyoJL12xx6Hsn1Sjzf1p0c4XlAxtBNhThobPuewwEv2ODFST2NIkuSTPz0Cs2vMSuiWmKvbvafSI8F-mRZLonyKiY4ZY-8WxNv2Z3MGCktS7pkrLloV9-5hndgCFKVp2MTGpKJt_j9ZFr1k_NCzfYGzTsMa_NTB1p1Wfv8jICox_mFGzhc5bBZaz9_geexzC1fEU5UBwKToj4ohh_iEtcJHKDozHouRMqfrxLyvsaBuWnr56kqBkmBSPh_FZLOxjOY5F6MeLFpFGi_YWU4TPfMqUHNxBaiG1fq0byd3N152Qv-p0zbhW3fI28HiHXB6_jKOZsCKFqJGcC6PRLCzSG-1mEP8SBL5lazpXX5Q3ctwd5UFGFq99L55sHCe5tT3AM-lSMFFxbfftIAcFkrbdE=w575-h974-no\" alt=\"Huy hi\u1ec7u kim lo\u1ea1i gi\u00e1 r\u1ebb\" width=\"575\" height=\"974\" title=\"\"><figcaption class=\"wp-caption-text\">Huy hi\u1ec7u kim lo\u1ea1i gi\u00e1 r\u1ebb<\/figcaption><\/figure>","protected":false},"excerpt":{"rendered":"<p>Huy hi\u1ec7u kim lo\u1ea1i L\u00e0 lo\u1ea1i huy hi\u1ec7u \u0111\u01b0\u1ee3c l\u00e0m t\u1eeb c\u00e1c kim lo\u1ea1i ph\u1ed5 bi\u1ebfn: \u0111\u1ed3ng, th\u00e9p, h\u1ee3p kim nh\u00f4m&#8230; C\u00f3 hai c\u00e1ch ch\u1ebf t\u1ea1o ch\u00ednh l\u00e0 \u0103n m\u00f2n b\u1eb1ng h\u00f3a ch\u1ea5t v\u00e0 d\u1eadp t\u1ea1o h\u00ecnh. S\u1ea3n ph\u1ea9m sau khi \u0103n m\u00f2n ho\u1eb7c d\u1eadp t\u1ea1o h\u00ecnh c\u00f3 th\u1ec3 s\u01a1n ho\u1eb7c \u0111\u1ed5 silicon d\u1ebbo t\u1ea1o [&#8230;]\n","protected":false},"featured_media":3827,"comment_status":"open","ping_status":"closed","template":"","meta":[],"product_brand":[],"product_cat":[497],"product_tag":[505,498,503,504,502,193,501],"class_list":{"0":"post-3826","1":"product","2":"type-product","3":"status-publish","4":"has-post-thumbnail","6":"product_cat-huy-hieu","7":"product_tag-cach-an-mon-the-dong","8":"product_tag-huy-hieu","9":"product_tag-huy-hieu-an-mon","10":"product_tag-huy-hieu-dong","11":"product_tag-may-lam-huy-hieu","12":"product_tag-qua-tang-su-kien","13":"product_tag-xuong-san-xuat-huy-hieu","15":"first","16":"instock","17":"shipping-taxable","18":"product-type-simple"},"amp_enabled":true,"_links":{"self":[{"href":"https:\/\/quatang5sao.com\/en\/wp-json\/wp\/v2\/product\/3826","targetHints":{"allow":["GET"]}}],"collection":[{"href":"https:\/\/quatang5sao.com\/en\/wp-json\/wp\/v2\/product"}],"about":[{"href":"https:\/\/quatang5sao.com\/en\/wp-json\/wp\/v2\/types\/product"}],"replies":[{"embeddable":true,"href":"https:\/\/quatang5sao.com\/en\/wp-json\/wp\/v2\/comments?post=3826"}],"wp:featuredmedia":[{"embeddable":true,"href":"https:\/\/quatang5sao.com\/en\/wp-json\/wp\/v2\/media\/3827"}],"wp:attachment":[{"href":"https:\/\/quatang5sao.com\/en\/wp-json\/wp\/v2\/media?parent=3826"}],"wp:term":[{"taxonomy":"product_brand","embeddable":true,"href":"https:\/\/quatang5sao.com\/en\/wp-json\/wp\/v2\/product_brand?post=3826"},{"taxonomy":"product_cat","embeddable":true,"href":"https:\/\/quatang5sao.com\/en\/wp-json\/wp\/v2\/product_cat?post=3826"},{"taxonomy":"product_tag","embeddable":true,"href":"https:\/\/quatang5sao.com\/en\/wp-json\/wp\/v2\/product_tag?post=3826"}],"curies":[{"name":"wp","href":"https:\/\/api.w.org\/{rel}","templated":true}]}}