{"id":3823,"date":"2018-08-27T23:34:00","date_gmt":"2018-08-27T16:34:00","guid":{"rendered":"https:\/\/quatang5sao.com\/?post_type=product&#038;p=3823"},"modified":"2018-08-27T23:34:00","modified_gmt":"2018-08-27T16:34:00","slug":"huy-hieu-nhua-gia-re-xuong-san-xuat-huy-hieu-nhua-mau-07","status":"publish","type":"product","link":"https:\/\/quatang5sao.com\/en\/huy-hieu-nhua-gia-re-xuong-san-xuat-huy-hieu-nhua-mau-07\/","title":{"rendered":"Huy hi\u1ec7u nh\u1ef1a gi\u00e1 r\u1ebb &#8211; X\u01b0\u1edfng s\u1ea3n xu\u1ea5t huy hi\u1ec7u nh\u1ef1a &#8211; M\u1eabu 07"},"content":{"rendered":"<h2><span style=\"color: #000000;\">Huy hi\u1ec7u nh\u1ef1a<\/span><\/h2>\n<p><span style=\"color: #000000;\">\u0110\u00e2y l\u00e0 m\u1eabu <a href=\"https:\/\/quatang5sao.com\/en\/\"><strong>huy hi\u1ec7u<\/strong><\/a> c\u00f3 gi\u00e1 th\u00e0nh r\u1ebb, th\u1eddi gian s\u1ea3n xu\u1ea5t nhanh. Do \u0111\u00f3, ph\u00f9 h\u1ee3p v\u1edbi nh\u1eefng s\u1ef1 ki\u1ec7n c\u00f3 s\u1ed1 l\u01b0\u1ee3ng s\u1eed d\u1ee5ng l\u1edbn. Ho\u1eb7c s\u1eed d\u1ee5ng l\u00e0m qu\u00e0 t\u1eb7ng k\u00e8m khuy\u1ebfn m\u00e3i v\u1edbi c\u00e1c s\u1ea3n ph\u1ea9m nh\u01b0: s\u1eefa, bim bim, c\u00e1c s\u1ea3n ph\u1ea9m kh\u00e1c cho tr\u1ebb em&#8230;<\/span><\/p>\n<p><span style=\"color: #000000;\">S\u1ed1 l\u01b0\u1ee3ng \u0111\u1eb7t h\u00e0ng \u0111\u00e1p \u1ee9ng \u0111\u01b0\u1ee3c t\u1eeb v\u00e0i tr\u0103m \u0111\u1ebfn h\u00e0ng tri\u1ec7u <strong>s\u1ea3n ph\u1ea9m huy hi\u1ec7u<\/strong>, kh\u00f4ng gi\u1edbi h\u1ea1n s\u1ed1 l\u01b0\u1ee3ng. Kh\u00e1ch h\u00e0ng \u0111\u1eb7t h\u00e0ng c\u00e0ng nhi\u1ec1u th\u00ec gi\u00e1 c\u00e0ng r\u1ebb. <\/span><\/p>\n<p><span style=\"color: #000000;\">V\u00ec ch\u00fang t\u00f4i c\u00f3 s\u1eb5n <strong>x\u01b0\u1edfng s\u1ea3n xu\u1ea5t huy hi\u1ec7u<\/strong> n\u00ean \u0111\u1ea3m b\u1ea3o gi\u00e1 \u0111\u1ebfn tay kh\u00e1ch h\u00e0ng lu\u00f4n \u0111\u1ea3m b\u1ea3o r\u1ebb nh\u1ea5t. \u0110\u1ed3ng th\u1eddi, v\u1edbi m\u00e1y in ch\u1ea5t l\u01b0\u1ee3ng cao, <strong>h\u00ecnh \u1ea3nh tr\u00ean huy hi\u1ec7u<\/strong> lu\u00f4n \u0111\u1ea3m b\u1ea3o s\u1eafc n\u00e9t, r\u00f5 r\u00e0ng, m\u00e0u s\u1eafc t\u01b0\u01a1i s\u00e1ng.<\/span><\/p>\n<p><span style=\"color: #000000;\">Ngo\u00e0i ra, ch\u00fang t\u00f4i c\u00f3 th\u1ec3 t\u01b0 v\u1ea5n, <strong>thi\u1ebft k\u1ebf huy hi\u1ec7u<\/strong> cho kh\u00e1ch h\u00e0ng mi\u1ec5n ph\u00ed. Ch\u1ec9 c\u1ea7n kh\u00e1ch h\u00e0ng n\u00eau y\u00eau c\u1ea7u \u00fd t\u01b0\u1edfng, ch\u00fang t\u00f4i \u0111\u1ec1u c\u00f3 th\u1ec3 \u0111\u00e1p \u1ee9ng.<\/span><\/p>\n<p><span style=\"color: #000000;\">N\u1ebfu qu\u00fd kh\u00e1ch c\u00f3 nhu c\u1ea7u \u0111\u1eb7t h\u00e0ng <strong>huy hi\u1ec7u nh\u1ef1a<\/strong>, h\u00e3y li\u00ean h\u1ec7 v\u1edbi ch\u00fang t\u00f4i ngay nh\u00e9! Ngo\u00e0i ra, ch\u00fang t\u00f4i c\u00f2n cung c\u1ea5p c\u00e1c lo\u1ea1i <strong><a href=\"https:\/\/shopvongtaycaosu.com\/\" target=\"_blank\" rel=\"noopener\">qu\u00e0 t\u1eb7ng s\u1ef1 ki\u1ec7n<\/a><\/strong> kh\u00e1c.<\/span><\/p>\n<p><span style=\"color: #000000; font-size: 130%;\"><span style=\"color: #008000;\">Hotline<\/span>: <span style=\"color: #ed1c24;\">0917.322.230<\/span><\/span><\/p>\n<h2><span style=\"color: #000000;\">\u1ea2nh huy hi\u1ec7u<\/span><\/h2>\n<figure id=\"attachment_3824\" aria-describedby=\"caption-attachment-3824\" style=\"width: 1920px\" class=\"wp-caption alignnone\"><img loading=\"lazy\" decoding=\"async\" class=\"size-full wp-image-3824\" src=\"https:\/\/quatang5sao.com\/wp-content\/uploads\/2018\/08\/Huy-hieu-nhua-gia-re-Mau-07-009.jpg\" alt=\"Huy hi\u1ec7u nh\u1ef1a gi\u00e1 r\u1ebb t\u1ea1i x\u01b0\u1edfng\" width=\"1920\" height=\"1498\" title=\"\" srcset=\"https:\/\/quatang5sao.com\/wp-content\/uploads\/2018\/08\/Huy-hieu-nhua-gia-re-Mau-07-009.jpg 1920w, https:\/\/quatang5sao.com\/wp-content\/uploads\/2018\/08\/Huy-hieu-nhua-gia-re-Mau-07-009-510x398.jpg 510w\" sizes=\"auto, (max-width: 1920px) 100vw, 1920px\" \/><figcaption id=\"caption-attachment-3824\" class=\"wp-caption-text\">Huy hi\u1ec7u nh\u1ef1a gi\u00e1 r\u1ebb t\u1ea1i x\u01b0\u1edfng<\/figcaption><\/figure>\n<figure id=\"attachment_3822\" aria-describedby=\"caption-attachment-3822\" style=\"width: 821px\" class=\"wp-caption alignnone\"><img loading=\"lazy\" decoding=\"async\" class=\"size-full wp-image-3822\" src=\"https:\/\/quatang5sao.com\/wp-content\/uploads\/2018\/08\/1874270884_26291086.jpg\" alt=\"Huy hi\u1ec7u nh\u1ef1a gi\u00e1 r\u1ebb\" width=\"821\" height=\"821\" title=\"\" srcset=\"https:\/\/quatang5sao.com\/wp-content\/uploads\/2018\/08\/1874270884_26291086.jpg 821w, https:\/\/quatang5sao.com\/wp-content\/uploads\/2018\/08\/1874270884_26291086-247x247.jpg 247w, https:\/\/quatang5sao.com\/wp-content\/uploads\/2018\/08\/1874270884_26291086-100x100.jpg 100w, https:\/\/quatang5sao.com\/wp-content\/uploads\/2018\/08\/1874270884_26291086-510x510.jpg 510w, https:\/\/quatang5sao.com\/wp-content\/uploads\/2018\/08\/1874270884_26291086-280x280.jpg 280w, https:\/\/quatang5sao.com\/wp-content\/uploads\/2018\/08\/1874270884_26291086-400x400.jpg 400w, https:\/\/quatang5sao.com\/wp-content\/uploads\/2018\/08\/1874270884_26291086-768x768.jpg 768w, https:\/\/quatang5sao.com\/wp-content\/uploads\/2018\/08\/1874270884_26291086-800x800.jpg 800w, https:\/\/quatang5sao.com\/wp-content\/uploads\/2018\/08\/1874270884_26291086-120x120.jpg 120w\" sizes=\"auto, (max-width: 821px) 100vw, 821px\" \/><figcaption id=\"caption-attachment-3822\" class=\"wp-caption-text\">Huy hi\u1ec7u nh\u1ef1a gi\u00e1 r\u1ebb<\/figcaption><\/figure>\n<figure style=\"width: 1299px\" class=\"wp-caption alignnone\"><img loading=\"lazy\" decoding=\"async\" class=\"size-full\" src=\"https:\/\/lh3.googleusercontent.com\/4w8R2qwUXP6yS595I7dEeDnHy9hrN1nVlfPDVuO_Mexz7gQ55Y5RkdoKaf_Tm049C3RZZwzRw7vdMKKigu3clxVgFuLC2aDRZrwNjj7G6Zr-zsJydC83zQlyK3sdT1M4D1HvFWehUtRMQwfavLJLxl-vTm6kiBNEUsggW_e694ZPKCp_BuCbL601yCy6FO-u4eNGv2OhMXsS1s76SXoJShqIrK0nk0qBnQOy0rUE0g4htIyU7SlVIUGLHfX1ccPfVRBqKDAQWCqFNRkRI39HWQsRAshlF8UnRZ2f8HjjARdjcYBFBO5liu1TthvD2Rnl97m8OBAsq0bpamgJQ4SekULo91yTLuB4VY-5Qg7f7Cp3j_Wav57HnsGLr2t9eMfSCxeJsVL9diT0IGeWHGJFewHj65tAf0Qbh-ewxP714Ogr2g_eIuD-yIq3cHXL_b3dVMZLMu4T7Daeu48ISq5TVKgZQTG9RP_33YaMxXuJ4ExYQHgBz9V_mTimnrW9rj8tYJO2as2WLjZvdL9Rkm5sxb9oSZ3blGNIh7pjvkv8vbOpTQjNGSTELn2nTu7Mg-X0aK8vNjzr9TiGYr9BZoDytHX_mhNnyu2W4v5f70ITB2SWQRvTx4wH2xis-AXiQjg=w1299-h974-no\" alt=\"Huy hi\u1ec7u nh\u1ef1a nh\u00e2n v\u1eadt ho\u1ea1t h\u00ecnh gi\u00e1 r\u1ebb\" width=\"1299\" height=\"974\" title=\"\"><figcaption class=\"wp-caption-text\">Huy hi\u1ec7u nh\u1ef1a nh\u00e2n v\u1eadt ho\u1ea1t h\u00ecnh gi\u00e1 r\u1ebb<\/figcaption><\/figure>\n<figure style=\"width: 1920px\" class=\"wp-caption alignnone\"><img loading=\"lazy\" decoding=\"async\" class=\"size-full\" src=\"https:\/\/lh3.googleusercontent.com\/Gl6bFFbeiNVFS3TJILQSwzQ3W3EetI5sBr0QjLmjDiuPv6-tVEzLwXYjD2p2ni0oYz__OYxxkiPN8KfPLW14u7TTX9598oQm_yHmMD4zPoSgnjxwlKEpb565oSU0vgDwaDrPvrFFMZkIH53vXaA9Xxw92aPfmXx4QBfsWRgvT7fQtdagrD62GEdU0moW-mzKFnZRxwX1VO3mbb_k2l2_FeHswH59khmkjfftwnvRkQ-X4XGUiu3LvxTGjyDJu4r6Tb0rrI-2ZNSPe7uLWTOyT0nMntJZcMUWNemnETzn9UifmcJxhRlMOVT9Uyq_IjzsoxO9CaY-0mRm6-lgJpgCaLdd11i_AhaPa572TwxIRGNJvLA2no_p-JUxD4h_8ZixvW7x30L2yx5cyrMP6vNOFZWvUtmjMHat0jYpMwKhbzpMYQMZOrXPw-Cb5SbUuIE3EHzuUxot5MEacX_7IxnNItoA5N_rEeq8oMZJdKAtxFMnZtrhIyCX619BPV63fhUNK-ky1DOOMuRwW5dh6RV7vLXRvntGXgUpdWevdsiAQvdN5sDoZX7l8tyABWwP3t8JjndE0riaddkqdPF0avW8LQVISQ-k1VnWFnG79EKtAEzpkAj1oehvXKRM8FL6f3w=w1920-h944-no\" alt=\"Huy hi\u1ec7u nh\u1ef1a nh\u00e2n v\u1eadt anime gi\u00e1 r\u1ebb\" width=\"1920\" height=\"944\" title=\"\"><figcaption class=\"wp-caption-text\">Huy hi\u1ec7u nh\u1ef1a nh\u00e2n v\u1eadt anime gi\u00e1 r\u1ebb<\/figcaption><\/figure>\n<figure style=\"width: 1227px\" class=\"wp-caption alignnone\"><img loading=\"lazy\" decoding=\"async\" class=\"size-full\" src=\"https:\/\/lh3.googleusercontent.com\/PINzqz6YQwFU5jQTpYiHFko9p0MV6J7a2fOoGMij-XUsRGyKaETFUC0WJ1OWsvTZDVovr4qhivzDhO-YNwFQpokQA2b7_RClp8sOUszhdSR47sv81Aom1tYkpMoWSAAqvcNPx3z1NgEaq9m_ifg4OnK5kQxmvxq1dDIy8z2lW-GsTEtq-BT4oncK6uvUd5LKeXoMh1hH-LNd3ta8St1_nSpuOwR4KR-s9hq_ErkM2CQcZLihECtTt7TtDZwnhefsBidUPlOb6KyK-LiTk6FTFH0yCwUXiwp698E12xEJSpWxBlkJGE6qFBazzvM2IKxz8tDej6tqXocPCZ-ywrmXNR2Pf4zd0j8JzdgFcaF_yrqFWxJMO0oUhWLShHGJ7W-Ks9aTAq8LWfGBDTU2fobwQ6WFz4qBSxSXHvZlMz5khm-B4YjoX3RgYXdLB7EdOcTVx31yM33gBATxdBlODU6do56LqyzBrdXTzVKttmJx4qLI1sKHFlvG4988yW2ueTBySNqGYWgCwa6ZYhXhLPAvcIDBtToq6-CF8U3p6AigQctPIftzvwJ9nRktxJAqbGtPwZQSujkZd--F9ezL0-WifB8b4xz6rfIcicLb2hsIfdJmNHT2lF8ogczou6lNI3I=w1228-h974-no\" alt=\"Huy hi\u1ec7u nh\u1ef1a nh\u00e2n v\u1eadt game gi\u00e1 r\u1ebb\" width=\"1227\" height=\"974\" title=\"\"><figcaption class=\"wp-caption-text\">Huy hi\u1ec7u nh\u1ef1a nh\u00e2n v\u1eadt game gi\u00e1 r\u1ebb<\/figcaption><\/figure>\n<figure style=\"width: 1763px\" class=\"wp-caption alignnone\"><img loading=\"lazy\" decoding=\"async\" class=\"size-full\" src=\"https:\/\/lh3.googleusercontent.com\/2abA82KSJy6V9duTfI7y_DjXEYxFD5N4ldVHKIT93RF8Nuooc7URFwwTNNskpeTf8Is45yr6fmbNy0NzC30WWr1Jjl4X2jr9JrvtYVwA4Kcjj_PGKXNsFSmM1HjQ-8inBxUd4uYB6IomW_MRS7mT1N3wVHqQP8TDVBj3RolaD-lSmYZw8s2IwY6uVyFjeupxsnqnOhJlRoayAunv10YobGJsb81NJ8CkEVMQMrgNIhxAefmkgb2ssFEfxA546QTfxBqsf8XSJaAHEMsvyG9pl-kK8zjQ-IFivY8YGtv8CgD-vg956NRO9SHKKZfv6Q3ksVZOZCDOwSUcl8wyb_VE_MW8mg6al56WvUNNUbLpDS6OnvSN0NYf3kqC6fqmKhtAiKOzzq5hLSWucxnKhl6JJXTap2Vm1y3e1PR0j4Vti217ReMdQac6GpKNsjTHW63qw_8oHLXKfTm62suHdOTBSrED56QmTCCZgirC8qc5vLOPVEbJ9CZdePGWVzAZEDq57UUDnoyabSI4HFiA12f80OlLYb4ZdRvNZlH97R4Nm01r7w_tGCrIg6wWGQdVZpf3RIM36-oEass_tN8Z_oVcmOYn0-RNFPRrfpCCr66UgknaBC8JwGAEJdINEyI221w=w1763-h974-no\" alt=\"Huy hi\u1ec7u nh\u1ef1a s\u1ea3n xu\u1ea5t theo y\u00eau c\u1ea7u gi\u00e1 r\u1ebb\" width=\"1763\" height=\"974\" title=\"\"><figcaption class=\"wp-caption-text\">Huy hi\u1ec7u nh\u1ef1a s\u1ea3n xu\u1ea5t theo y\u00eau c\u1ea7u gi\u00e1 r\u1ebb<\/figcaption><\/figure>\n<figure style=\"width: 974px\" class=\"wp-caption alignnone\"><img loading=\"lazy\" decoding=\"async\" class=\"size-full\" src=\"https:\/\/lh3.googleusercontent.com\/XXWEdUz7TG5nQs8p6piaSVh3kQl3hqWKBlrXyeFBGX_bvkjlNiC7kvtH0wZZjbx86GBMQ0d4w-bbM9uOg_xdlAc0N6sn17VY_JN48pm7JuE-m17K1SmLi1HL0UaSH_y861Wx2yuaihTENcWjhSQ1TAo8YFScOacH4-RIlmCX-1RCez86cjZSyr-FHHfIxaMvMeKOQ6fva90lZtURjkVJ08EZtG363vVqlI8UlOG-BBk9O8jPCLPitSPe2cd-NXj2E8cnjh-CZLhsqJygX1foBbfdQI11f10w6yyNg7NHNboI0CqA3mM2s4_3KVsWWOdzbRBygSwMUGvOYOy19kfbMhBdbEmsxk7feQv8HkBLrSMDeWlbaAGSwofpJFLeFiBu5I-zUNzrWJxIPSsupXXIzpjrGLQOuJomJJQ__rvXyR-iK4XzeIxspJZwYxk0eH7XBTdGskuU1d8aMUTT0jqo7jbZnBbK0x-rLcdJm60b3vjCJWU5JZNQFSzjWTZ0BDyLDgYgjyJs3VLNtYrSr4kitDHFF_Ns4uUjzScFgfak8VKjvvmbqKPLvdRXpQg7tgyWmfkhamCSjYDA4jaX18XK58sHKXpP_YQF84cWVcqgxmZxoY2M14EcbAYJnRImoKY=s974-no\" alt=\"Nguy\u00ean li\u1ec7u s\u1ea3n xu\u1ea5t huy hi\u1ec7u nh\u1ef1a\" width=\"974\" height=\"974\" title=\"\"><figcaption class=\"wp-caption-text\">Nguy\u00ean li\u1ec7u s\u1ea3n xu\u1ea5t huy hi\u1ec7u nh\u1ef1a<\/figcaption><\/figure>\n<figure style=\"width: 974px\" class=\"wp-caption alignnone\"><img loading=\"lazy\" decoding=\"async\" class=\"size-full\" src=\"https:\/\/lh3.googleusercontent.com\/C8jPQduIrBfNlCahPAqryi1kDx0xKY3yT_CQiEszTWA4WHQj2chnvHLCrNN9fUGMDf7hkgZuWyccCajAwKyMUYgCPyPrtP9WnbgRAS1nZiti_BjVhnVkHjPxs8yRaSJHHsaXqi5F6HPGjOYOX9Dmmf_L_wLWrvVW4n7kBcefCmDHTzakg59q6Q9nONpOdlu0XrxJjIWfCLmb4cwXs_xLXCMdRWQeJbT_fcd2xql0sOeh-Pp54xQ8MNhG5CxR_KQ6FrSju8EwlvzZe6QbtW4UMmcR83FhKg8O6MEraJotW8nkphen_5x4K5v7iiooKYze4eGyp4R3wStQoykB0M3R244k2vrWz4yeXn073l0E_yWXjaPtT86p2uzk7Vqxjw0JcFwFhnyuNnS0dGc8QXXpOKIToFPGZ9OKbzcv8O_y8NWMg07NX5dSE7akKCj53rlwpHr_mUbChvOjhwXhITuFEUEmt1F1Ket4nbNwMEEVnxALN0Lr_P-f915QFuJs95tE1oA9irL0qiGnwGccrWpnI8dJZKw7BEH5p7cuRgo8R8jrs61yCs3rLF_O1VPTDUNv8U1hrZnko-UrKN705KKfqZ0HZp_YGE6PuKe1ICtOA8aOzDdb7kF-HQunN1g2G6w=s974-no\" alt=\"Huy hi\u1ec7u nh\u1ef1a \u0111\u01b0\u1ee3c s\u1ea3n xu\u1ea5t b\u1eb1ng m\u00e1y l\u00e0m huy hi\u1ec7u\" width=\"974\" height=\"974\" title=\"\"><figcaption class=\"wp-caption-text\">Huy hi\u1ec7u nh\u1ef1a \u0111\u01b0\u1ee3c s\u1ea3n xu\u1ea5t b\u1eb1ng m\u00e1y l\u00e0m huy hi\u1ec7u<\/figcaption><\/figure>\n<figure style=\"width: 974px\" class=\"wp-caption alignnone\"><img loading=\"lazy\" decoding=\"async\" class=\"size-full\" src=\"https:\/\/lh3.googleusercontent.com\/EhKgSD7oVA8-X9ZFSS4zS3Astjvf03rpNc6_XVS9uzsW6FbLDxyqrgUEXkNUR29lSTBsf2xl18ouaYXt6B8JrrtNXbSErbQHTamBS_k0sJrhnT2Itqxsd6p2lfmbMQTsxCOjEYKMBDKK_Alh32pF1rQ9upzIj0nQjyiN_js9oqfzrRMYyMVxaXsEy8G-fstJlXMwPVl6tVRYHxzwb8oRTAkj6retQkjvP3w8lwVFL7JBcBDEcU9wWXYg_yddj02w0dQmmL0lInVzmBRuwJJYQBa7-esoe_p2DUHJx4706DCpIZly-XyDXsw_5EnP64I0YakiMDt8QD5ryhqqX1kcquTcPk9OTTL16jA8z2lwVN5G9Fu3YqJ9yZpyaJ1aAm2cDXNdZ0ufZu1BDb6nyxl6n4zarWjecBeKjrUh9GtPYYrdBedYH_-GmJeSn-SK92MBUjikrlk5uEMCqdoUhkQWi-WjlJoL2gbZzN5rQiuB9KLgkR4ejlE-If4ZLF0b9aEdPIw3HHUAbwFSF0mqLF6Qq-WVmRjOrrBcomDtpiSTOd3Otwn-ORyl1VWptz5EotUqj0CFYDotzFXBghqhuLf8jlwiWXN0uEdP8M0C1gHSu6PZyb_aAuOSeoVso-Mod_E=s974-no\" alt=\"Ph\u1ee5 ki\u1ec7n s\u1ea3n xu\u1ea5t huy hi\u1ec7u nh\u1ef1a\" width=\"974\" height=\"974\" title=\"\"><figcaption class=\"wp-caption-text\">Ph\u1ee5 ki\u1ec7n s\u1ea3n xu\u1ea5t huy hi\u1ec7u nh\u1ef1a<\/figcaption><\/figure>\n<figure style=\"width: 1920px\" class=\"wp-caption alignnone\"><img loading=\"lazy\" decoding=\"async\" class=\"size-full\" src=\"https:\/\/lh3.googleusercontent.com\/zuq7f5Yb6bSRXUN6K2wGf868r37bMPfpLZ4M3_2nc6rYzz-oVC-LX0Ji0RW6bp3HHpf5ihWzJsiDkLLDAMBTwr2AKDFpWnt3QRE2YvZ5C1PIlsLMDwCNlLgR6ENU82yOOGjKf-3w-ZQS_rzEY-IygtoKniCwZ3DaVNo8U1KZzjGE1xVAV7sBVZEc6VdVlmCIMrncWgKMX2REJamw_y60h4M_ft4SAw4Ma2VVPrRyR9YHPLt_g5oBk6zNer5eV33YhjejwIZP1M3YgCNVBZ3tOu88CCaWrMW-VI2norSZvrhJmLbNmUEAL-6Ulqpy9cq1B3TWiHF-0vbE8q4gARXQKh1p2jSmxeXe9YxkT32lSuRFIV77PIXpd3RFAevSFrXAPxlvrBXTNqRtc6lmJY8o4ogHXPp6YOXB70wdLWX9hAycS2gd2pt0NOhfvP4jkeOC72pW8VtZdAIi9z7N6mrqaPdXSVRSdln_WAiQhNzyiwZwQplEAVKs04mP5e3h2bru5sEAnnIQ1R25COiLdYFhH95sRXV56hUNUyfBIWgKLvqLY-Z_vFDLitzMb3PEB0-G1wmPs6yAdoAHiJwzAI2Yxb61pbsaXztVu960iqktSoRm1YF6FiC6v8F3lH9KyTE=w1920-h704-no\" alt=\"K\u00edch th\u01b0\u1edbc c\u1ee7a huy hi\u1ec7u nh\u1ef1a\" width=\"1920\" height=\"704\" title=\"\"><figcaption class=\"wp-caption-text\">K\u00edch th\u01b0\u1edbc c\u1ee7a huy hi\u1ec7u nh\u1ef1a<\/figcaption><\/figure>","protected":false},"excerpt":{"rendered":"<p>Huy hi\u1ec7u nh\u1ef1a \u0110\u00e2y l\u00e0 m\u1eabu huy hi\u1ec7u c\u00f3 gi\u00e1 th\u00e0nh r\u1ebb, th\u1eddi gian s\u1ea3n xu\u1ea5t nhanh. Do \u0111\u00f3, ph\u00f9 h\u1ee3p v\u1edbi nh\u1eefng s\u1ef1 ki\u1ec7n c\u00f3 s\u1ed1 l\u01b0\u1ee3ng s\u1eed d\u1ee5ng l\u1edbn. Ho\u1eb7c s\u1eed d\u1ee5ng l\u00e0m qu\u00e0 t\u1eb7ng k\u00e8m khuy\u1ebfn m\u00e3i v\u1edbi c\u00e1c s\u1ea3n ph\u1ea9m nh\u01b0: s\u1eefa, bim bim, c\u00e1c s\u1ea3n ph\u1ea9m kh\u00e1c cho tr\u1ebb em&#8230; [&#8230;]\n","protected":false},"featured_media":3822,"comment_status":"open","ping_status":"closed","template":"","meta":[],"product_brand":[],"product_cat":[497],"product_tag":[498,499,500,502,193,501],"class_list":{"0":"post-3823","1":"product","2":"type-product","3":"status-publish","4":"has-post-thumbnail","6":"product_cat-huy-hieu","7":"product_tag-huy-hieu","8":"product_tag-huy-hieu-nhua","9":"product_tag-in-huy-hieu","10":"product_tag-may-lam-huy-hieu","11":"product_tag-qua-tang-su-kien","12":"product_tag-xuong-san-xuat-huy-hieu","14":"first","15":"instock","16":"shipping-taxable","17":"product-type-simple"},"amp_enabled":true,"_links":{"self":[{"href":"https:\/\/quatang5sao.com\/en\/wp-json\/wp\/v2\/product\/3823","targetHints":{"allow":["GET"]}}],"collection":[{"href":"https:\/\/quatang5sao.com\/en\/wp-json\/wp\/v2\/product"}],"about":[{"href":"https:\/\/quatang5sao.com\/en\/wp-json\/wp\/v2\/types\/product"}],"replies":[{"embeddable":true,"href":"https:\/\/quatang5sao.com\/en\/wp-json\/wp\/v2\/comments?post=3823"}],"wp:featuredmedia":[{"embeddable":true,"href":"https:\/\/quatang5sao.com\/en\/wp-json\/wp\/v2\/media\/3822"}],"wp:attachment":[{"href":"https:\/\/quatang5sao.com\/en\/wp-json\/wp\/v2\/media?parent=3823"}],"wp:term":[{"taxonomy":"product_brand","embeddable":true,"href":"https:\/\/quatang5sao.com\/en\/wp-json\/wp\/v2\/product_brand?post=3823"},{"taxonomy":"product_cat","embeddable":true,"href":"https:\/\/quatang5sao.com\/en\/wp-json\/wp\/v2\/product_cat?post=3823"},{"taxonomy":"product_tag","embeddable":true,"href":"https:\/\/quatang5sao.com\/en\/wp-json\/wp\/v2\/product_tag?post=3823"}],"curies":[{"name":"wp","href":"https:\/\/api.w.org\/{rel}","templated":true}]}}