{"id":3813,"date":"2018-07-25T23:54:26","date_gmt":"2018-07-25T16:54:26","guid":{"rendered":"https:\/\/quatang5sao.com\/?post_type=product&#038;p=3813"},"modified":"2022-05-16T21:32:59","modified_gmt":"2022-05-16T14:32:59","slug":"in-day-ruy-bang-theo-yeu-cau-gia-re-mau-01","status":"publish","type":"product","link":"https:\/\/quatang5sao.com\/en\/in-day-ruy-bang-theo-yeu-cau-gia-re-mau-01\/","title":{"rendered":"In d\u00e2y ruy b\u0103ng theo y\u00eau c\u1ea7u gi\u00e1 r\u1ebb &#8211; M\u1eabu 01"},"content":{"rendered":"<h2>In d\u00e2y ruy b\u0103ng<\/h2>\n<p>&nbsp;<\/p>\n<h2>K\u00edch th\u01b0\u1edbc d\u00e2y ruy b\u0103ng<\/h2>\n<figure style=\"width: 800px\" class=\"wp-caption alignnone\"><img loading=\"lazy\" decoding=\"async\" class=\"size-full\" src=\"https:\/\/lh3.googleusercontent.com\/lcpKhOFEin-r7J3CNhwwfC-uFtiOHbnqjEJdi9SF7fMYA1FwPw0brvHNZn7rJcJxMkxIKJPMrq0ldYu4exWGwXVTROY6ZDFUrkE6KQSqXydLlm6K11fAlDAM3s0QqqlqmCA4ypMXent8M-Jzo10KHSmm-koRVLfUPdZZ-KCc-guFDXit-9xcjg8-7xL0S4Mo1uM6lIaoSJDBaGmvgd8kq12paQuY6RviIkJLncf7CtXTKHC9igUnK5XcvLfCNWSx1lUBuJZ66MU54t_jFC7EM2I2gC9fQsWXk-3qFSSVledUwk2h8kzMTT7BfE-VcsxOMrqu2AUYTEoUx42899PEhVPMlnO3cdMuyFSinQc2kxt2EpHafbNX9dzHcNoOvOz2yv-zJ-G0dU7jDukm_xURj2tWUghNWl8YLIsrSf5D_wdS0FpY-plniluqq6TP9hwNDYSjWFOwq44kCwGINn39fVixCaAoLw8Z-mrccIvjmacvW9GjNNcf8sCmDvuvyXIpnVDRpC56S_2JKnslwM59W4B7tixwqBi7FsuY042UscRNpyTDRvfjZJtfyXza79vQS4DgNJrSaH1S_1u4Dm-ZiAxr4UuQRJsR8JpCn9Q=w800-h400-no\" alt=\"K\u00edch th\u01b0\u1edbc d\u00e2y ruy b\u0103ng\" width=\"800\" height=\"400\" title=\"\"><figcaption class=\"wp-caption-text\">K\u00edch th\u01b0\u1edbc d\u00e2y ruy b\u0103ng<\/figcaption><\/figure>\n<h2>C\u00e1c m\u1eabu v\u1ea3i v\u00e0 m\u00e0u d\u00e2y ruy b\u0103ng<\/h2>\n<figure style=\"width: 708px\" class=\"wp-caption alignnone\"><img loading=\"lazy\" decoding=\"async\" class=\"size-full\" src=\"https:\/\/lh3.googleusercontent.com\/lKlbM_ycEo5cyBLVO4F7NMseZhp3yO6Tlbp1gxQ9ZGJv8hMS5XEIqP8T-CYtTbMcgkmji7UgX11ZvT7sVGSh6Hr_YdFkgSlmgQecykNbZBQxlEifzpL4Rn8KZRvN6Bn8jlXg6eLkHoTXxgnwdGAtqdzno193MDSSij3wJD3TNxI0mUtBRd3W2yISbGlfBI0_s7XUETzf_EBCfW0y4qulsokUJnLB4vLDybVNk5c-tq7CV6BXGAXKSXIjN10c6SFOtnk4K5gmv13ErK6UZi5jU1fKznYSvKWONXX-luegWRGsgsp9kZNDXmsrLx5gBiUR2L3CKYllHw2jbYGAZG6uD4lKoOCrBesCbqfbHZ_Dssh2C9yJMTDgGMsi2fxW9YHT9kycsy2mDsmtzg88v4_KS-WSbQhX6D-4YvVJwtYHR4AkNSlwlbVXxhdDGh0r_xdGT-FXK2qQbnaeo9_0pCRBxr2pGySzN2i6z8LSfoLVG6aDrkSHTV9tjDoUFb_qF9ECDhv88odO5I0fu6F_3OnhkcQprNXW5kXiLYcs9HYi2BIyCWe0pDHeA9Dk3piAO7yKM9SPDykdaHhqE8gjzFF_LPm7xb7d_qjFlqTTkvw=w708-h974-no\" alt=\"M\u1eabu m\u00e0u d\u00e2y ribbon\" width=\"708\" height=\"974\" title=\"\"><figcaption class=\"wp-caption-text\">M\u1eabu m\u00e0u d\u00e2y ruy b\u0103ng<\/figcaption><\/figure>\n<figure style=\"width: 700px\" class=\"wp-caption alignnone\"><img loading=\"lazy\" decoding=\"async\" class=\"size-full\" src=\"https:\/\/lh3.googleusercontent.com\/pbv9elU9LPCCj6THes-V56kVBp2ur81Sun-Od5OIPsSQULthcjkagvCzgdrA5vsNvCOGyVkpyAG1hVyeiHnCtuQ7Fza881Yew3i7U61iGM8sUrbpzkreH581rSuSRn22qIm9TeXcuu5iSACpdO-cqpzOzysDGi9a7ThdDoYH_dUhO5sG-GWTRQP0MvGXPbQdNNhL5nTlLXfIc2T6ZfgW0JVKsowst_hMZjOEVfmmzFTG9CB6wsoZ5_VJ7Cl-IPP1zJo6diFiDvts35f5aXZKJ5yIwm-6MKfUKdpDWJO2-IeqYiy52mlWgd45B5wFzAUZnwXSpe0PgFGP0EZz89LCm9fPgefX9d4ajYgq3ZugjnASOC_84BduV7U6cWGzc9Ade5R8R297U1-7Jb2kJJqXDfocB1oqFI1wOUZo9PIp3hQsR-rCcYrd8-1s5oOWCQ2Hm1W0QPA4CF_vzYGd3UEuop7pxAkIs9UOru8KlvVNb3Zo-jiEFwyYukvQtGetBm47YUhAhbjoGQrWUJjP0Z4vrndor4x1kcKbo6JTAUtNsIhzUzPxsNR_QIDHIdcoTYKOXhBasiz9is_XZF0Htxpj1FbHjKc7VGzWZFsQAHM=w700-h974-no\" alt=\"M\u00e0u d\u00e2y ruy b\u0103ng in theo y\u00eau c\u1ea7u\" width=\"700\" height=\"974\" title=\"\"><figcaption class=\"wp-caption-text\">M\u00e0u m\u1eabu d\u00e2y ribbon<\/figcaption><\/figure>\n<h2>B\u1ea3ng gi\u00e1 in ruy b\u0103ng theo y\u00eau c\u1ea7u<\/h2>\n<p>&nbsp;<\/p>\n<h2>\u1ea2nh d\u00e2y ruy b\u0103ng in c\u1ee7a kh\u00e1ch h\u00e0ng<\/h2>\n<figure id=\"attachment_3814\" aria-describedby=\"caption-attachment-3814\" style=\"width: 800px\" class=\"wp-caption alignnone\"><img loading=\"lazy\" decoding=\"async\" class=\"size-full wp-image-3814\" src=\"https:\/\/quatang5sao.com\/wp-content\/uploads\/2018\/07\/Ruy-bang-in-logo-0.jpg\" alt=\"In d\u00e2y ruy b\u0103ng theo y\u00eau c\u1ea7u gi\u00e1 r\u1ebb\" width=\"800\" height=\"800\" title=\"\" srcset=\"https:\/\/quatang5sao.com\/wp-content\/uploads\/2018\/07\/Ruy-bang-in-logo-0.jpg 800w, https:\/\/quatang5sao.com\/wp-content\/uploads\/2018\/07\/Ruy-bang-in-logo-0-247x247.jpg 247w, https:\/\/quatang5sao.com\/wp-content\/uploads\/2018\/07\/Ruy-bang-in-logo-0-100x100.jpg 100w, https:\/\/quatang5sao.com\/wp-content\/uploads\/2018\/07\/Ruy-bang-in-logo-0-510x510.jpg 510w, https:\/\/quatang5sao.com\/wp-content\/uploads\/2018\/07\/Ruy-bang-in-logo-0-280x280.jpg 280w, https:\/\/quatang5sao.com\/wp-content\/uploads\/2018\/07\/Ruy-bang-in-logo-0-400x400.jpg 400w, https:\/\/quatang5sao.com\/wp-content\/uploads\/2018\/07\/Ruy-bang-in-logo-0-768x768.jpg 768w, https:\/\/quatang5sao.com\/wp-content\/uploads\/2018\/07\/Ruy-bang-in-logo-0-120x120.jpg 120w\" sizes=\"auto, (max-width: 800px) 100vw, 800px\" \/><figcaption id=\"caption-attachment-3814\" class=\"wp-caption-text\">In d\u00e2y ruy b\u0103ng theo y\u00eau c\u1ea7u gi\u00e1 r\u1ebb<\/figcaption><\/figure>\n<figure id=\"attachment_3812\" aria-describedby=\"caption-attachment-3812\" style=\"width: 620px\" class=\"wp-caption alignnone\"><img loading=\"lazy\" decoding=\"async\" class=\"size-full wp-image-3812\" src=\"https:\/\/quatang5sao.com\/wp-content\/uploads\/2018\/07\/Ruy-bang-in-logo-12.jpg\" alt=\"D\u00e2y ruy b\u0103ng in logo theo y\u00eau c\u1ea7u gi\u00e1 r\u1ebb\" width=\"620\" height=\"620\" title=\"\" srcset=\"https:\/\/quatang5sao.com\/wp-content\/uploads\/2018\/07\/Ruy-bang-in-logo-12.jpg 620w, https:\/\/quatang5sao.com\/wp-content\/uploads\/2018\/07\/Ruy-bang-in-logo-12-247x247.jpg 247w, https:\/\/quatang5sao.com\/wp-content\/uploads\/2018\/07\/Ruy-bang-in-logo-12-100x100.jpg 100w, https:\/\/quatang5sao.com\/wp-content\/uploads\/2018\/07\/Ruy-bang-in-logo-12-510x510.jpg 510w, https:\/\/quatang5sao.com\/wp-content\/uploads\/2018\/07\/Ruy-bang-in-logo-12-280x280.jpg 280w, https:\/\/quatang5sao.com\/wp-content\/uploads\/2018\/07\/Ruy-bang-in-logo-12-400x400.jpg 400w, https:\/\/quatang5sao.com\/wp-content\/uploads\/2018\/07\/Ruy-bang-in-logo-12-120x120.jpg 120w\" sizes=\"auto, (max-width: 620px) 100vw, 620px\" \/><figcaption id=\"caption-attachment-3812\" class=\"wp-caption-text\">D\u00e2y ruy b\u0103ng in logo theo y\u00eau c\u1ea7u gi\u00e1 r\u1ebb<\/figcaption><\/figure>\n<figure style=\"width: 750px\" class=\"wp-caption alignnone\"><img loading=\"lazy\" decoding=\"async\" class=\"size-full\" src=\"https:\/\/lh3.googleusercontent.com\/ZL7rEsbIhUlyqtegxm4g2EPn8iEgyJ6heHxUszwy482j-N0wqhw1gEYiGNBgqkro45XMnlw9PbNzmoUgsD0fGU4Si_Di0-qUYNWcAh9lunGYe68m4d30Uxxp-nTponIlc1Sr2Vwi-KYpRDVgiUHYKDISWqRg0_QeKDZ9-Wns1HFBBM7ygNbp3x_AURV3cD1BAvYaSD7RtwVCyn-32nUVHOBisbKmngOjCICRAEiKS6eKnqTKjpaXM5UqzCLyqAztMHfexlcbe5ouBkG3XD6cCKbooShtAC594_YZYJ349VID1d7ndxJ5FHLgrNxuYqH97YFRXFB-zZJ6n6AusGIgMWT-RAINTr0YP8lvcGgSFqxlrb9upGE-t0cKqOw1FwUFK-SpWzQogSxVn_nC7BwDw2dSQIFAFPwwwHKEB8h3Dwom-fh6XD_45F3Mfz9yosLdEgX-Mk5LvkbI35L7abW8K43cfzvdfjF23po09IMvnZFqOfO5k1kgVWy2mLaJlxPzW4ChH6cNMZSJcHyahKjAhk3h5t95NO8AdBkFhd60SslR80tmlB6HCC3NG4Ly26DmlWcwdqpSn9o9PRaQnTO3mkAuE0vmDdoo77NhmZA=w750-h656-no\" alt=\"D\u00e2y ruy b\u0103ng in logo c\u00f4ng ty theo y\u00eau c\u1ea7u\" width=\"750\" height=\"656\" title=\"\"><figcaption class=\"wp-caption-text\">D\u00e2y ruy b\u0103ng in logo c\u00f4ng ty theo y\u00eau c\u1ea7u<\/figcaption><\/figure>\n<figure style=\"width: 750px\" class=\"wp-caption alignnone\"><img loading=\"lazy\" decoding=\"async\" class=\"size-full\" src=\"https:\/\/lh3.googleusercontent.com\/Sg1SNaEQE-xQhph_AbXPjS0LMR2MyEBToiNsmUvRqIZfnYgSQHxbyxP5k5k8x-wRIPln3Pc1MV0W4rdsPbE6dXIV4FO1gcr_2iCvFJO9dn3yKq5cnuF_6532B5VOAAPXiJRwbVwzvbBB28X9JEwmItV9gT1XvnUvWOBDE2fwWf96MJI_0TXbm_Yw2fvGLJogo4BhZelYydnW-n9SjOPRKq21F5VtrDF9dkXhfjzDkQ7zue1DkevQTNxM4PqMkwy_JZ1BlcDp8zcRY64ISdEc02zkshRRTOroMGQqFhl2dY5tCIDolN8Vc5ymeiWCvuZorGuMYEyS_vEnGN8-QgCpa8HEOCfhPF-Rsf90A0XZsYkOb7Qr1_sIwR1vDFztmtZqd6xRBV6OKT46HV5RaZIQxBEv4kVhe9NiB7WHmaU3cfBgsOA4b0ItWaymYDMpZ-bTBx2UKdXDv65Jyq5ZyNz8ov6Ijm58VaTleBwe4ywqNi5LUOWi_O0VE9i_4lt0UO60MBHamTXLsQ5acU3K-UIVBVCIzsVQZHvX2I_CcGR-8j_y8bpG4WL_aPDePg_CJok33exROghCEej0izadSS-I1lkJRCi-1rL1eQkVSBY=s750-no\" alt=\"D\u00e2y ruy b\u0103ng g\u00f3i qu\u00e0 in ch\u1eef Merry Christmas\" width=\"750\" height=\"750\" title=\"\"><figcaption class=\"wp-caption-text\">D\u00e2y ruy b\u0103ng g\u00f3i qu\u00e0 in ch\u1eef Merry Christmas<\/figcaption><\/figure>\n<figure style=\"width: 750px\" class=\"wp-caption alignnone\"><img loading=\"lazy\" decoding=\"async\" class=\"size-full\" src=\"https:\/\/lh3.googleusercontent.com\/G2rex_bb4PBI1M3nbALPQ_RPJrtS2ShF1NhsPmfTuViHlpqcCN6jbaAleUbZX3cLe6cQGT13KdaEsUg0J-ngRVrF_aHOMK1myj0_uiP8xWrAYCRyg0nt4gBNJaGYFcwPgyXIMfBBdp9YP4F4yQBAy4jRoiqjNUYHF8ng5OIljKHr8Ai8PICuBCnApxS4luMH8BTCr1FtM2MJtmdIQ1HzkMZFbT4QDdMa3jp8hiEEeYuX4j6XXOFc9EcFHCiejy9-0l21WxN-fu3nu1uQXFAW8AdftBUPRmvu74htZhafdq-yMz69bPlqxBCbGz3_n9quacV2QngeT2JZJPRDbp0xGz8PogVzOJvPEDQz_Pc4t2KAM59EXtvKR9jtHGDMnKE98dfSdVFn38vHZKuPiKPmf27xhNeB6PvX6KWnZ39SQc5iizylZZpI4EQIS3wu5si50SvJrm8Jm4MLSWglESD699F3GimXBhg4cgTlj8XH1y0crYJqA5d79TY7AC4PNBwBcAIJWgcCTlSmqWHLdkmmEQG-teSFtiXwVghUmX26crIUwKALIHVHbTHdl0wgyQnKv8VbER4z_e-cGW0r_jgfpisGLR27B2NHWq_KAtk=w750-h620-no\" alt=\"D\u00e2y ruy b\u0103ng g\u00f3i qu\u00e0 c\u00f3 in ch\u1eef Handmade\" width=\"750\" height=\"620\" title=\"\"><figcaption class=\"wp-caption-text\">D\u00e2y ruy b\u0103ng g\u00f3i qu\u00e0 c\u00f3 in ch\u1eef Handmade<\/figcaption><\/figure>\n<figure style=\"width: 750px\" class=\"wp-caption alignnone\"><img loading=\"lazy\" decoding=\"async\" class=\"size-full\" src=\"https:\/\/lh3.googleusercontent.com\/rlIJ3Cj-Dp77Vk6NVLbZ8yej_jaAOZQd8t7nvWZSS-xcZetSKwtNzkZPzGvXn88o8k6fgn6Rtz1GtAQ5Z-5S1NUCcwLGiCARCf1eS9CqUU_rDYz9EUdXd2EmJcItv4O_TfJXn4ADodXGmWGxGTECXCIJyFKzQUBi3SYeBOCWexMRgc_DzBzcLfhB4SV2Tcq_GFX7TeZEH251TJ6lr1oMlit4U8LgyT-tJ6Qie0oZ5-YIcnVmcSH5sIsMj6Na0FZzZk37LtMIBWw5PyiJt-apzJ6YmxwdaDu4UqsJ7op6eJObLrD6hN3H8rfxvPyU4qCHlZfPv8ThK59qplOYJRvC64Gf3Q51Qfkv-X4FZN9AINlHiBTTeg3-CkULg-HMAPozTiKyeVil2hf6l47zBexz5uSnAdBPL4Hjlyqf2n5Tn1kornKE6D_jtxdjRK8Tu31yjZZS31CmoGX223wxqzSpLJych1CnwMhXWcOZ_DfMn_OGj_0Z2tnbUuvpxLpKttyR5dUSt8WUVKSdjiQra1y9e7E971FpdW2nN4pRrI8Pe811XM5jKDZbwudswuux7q3jbD3puf_7XRntq3QwJslcpiTHM6gKrVRFlej1KmA=s750-no\" alt=\"D\u00e2y ruy b\u0103ng v\u1ea3i in ch\u1eef Merry Christmas \u0111\u1eb9p gi\u00e1 r\u1ebb\" width=\"750\" height=\"750\" title=\"\"><figcaption class=\"wp-caption-text\">D\u00e2y ruy b\u0103ng v\u1ea3i in ch\u1eef Merry Christmas \u0111\u1eb9p gi\u00e1 r\u1ebb<\/figcaption><\/figure>\n<figure style=\"width: 800px\" class=\"wp-caption alignnone\"><img loading=\"lazy\" decoding=\"async\" class=\"size-full\" src=\"https:\/\/lh3.googleusercontent.com\/-QFxlqbuFIxK1rTXiQli5e3XfDF30UskLYDBPF-Z3sK5FW0HYD0MpaC_wLHI_MccxhX9dMj9fCfJjtOUhLDd0LBnTdbWL82pqVCsP26MGUte7SEhGxwmdw5LhpUnT0_6MtvjmymERxYdvBiTKT2aFLFEKoYoUsSK9pTueGxSinyzVN3DTKW4OVVegKxicX-P9UEcuSs3Eq5D6GiiAXbsZkd3f7If-AjAJrCVe1SI1JUVJbb1Mc5DhMeiz-iTUQl4UQA1quJ4dgX5DL5NJCOqTeTLK9ldpJl4EmLICGkIIvh7NeomIsPNYkELJysQQWVAcURpvkFIozk5TY2el-85FozP6uCHPYCGZqGM6A_7g7_QwGvCNyD7VbKjU_mE0SvHMoxdwtnYvNhw1MP9U8uKKb6HBXnyhK9xKnt5uzlyrDFeg5LduvfQM1qAFQ0XGo5-p8lqE3FfbvDAEzCU3J-k1tilhlv2lw00PV0bkMlQD9JGSgW9aW52j8JWWyeKeXxHSRTHpohvZeHS1IRuJOjGce9VSHl6HKBbJDtaiUqPYSpyAzup93zUJTBXVsTMkFzZy534SvSYpzZtmrlJy6B41nE8L--5zqFxFs_5OV8=w800-h698-no\" alt=\"D\u00e2y ruy b\u0103ng v\u1ea3i in ch\u1eef Special Gift c\u1ee7a Like nobble\" width=\"800\" height=\"698\" title=\"\"><figcaption class=\"wp-caption-text\">D\u00e2y ruy b\u0103ng v\u1ea3i in ch\u1eef Special Gift c\u1ee7a Like nobble<\/figcaption><\/figure>\n<figure style=\"width: 800px\" class=\"wp-caption alignnone\"><img loading=\"lazy\" decoding=\"async\" class=\"size-full\" src=\"https:\/\/lh3.googleusercontent.com\/WBnnFklmJEN-fA-7VRFFTrfvPWiZOdCvbrYgz6qf7VOAZ-lt-XG4b7MKYTQAHiD_LWz9mX0UtSSbnTFUrNxNzCUfjnLZu-6MLFQuMqEcrOEF8yyr8vJSbsIaqtzlEHk1KxSmp_e_0LzzSYehlvW6L72SrsfL1JGQkEr7Kq1QYNfWd0G7PZhfXpcAOO1ftvjVroLP_zWpH34aaGXtgqIsQIguBOvKwA2_Q8uPtlM85BpT7IISUObScTlN9aLe8lXkX_5ly9KvEuX1ELlSNPCpZ0NvP97Qs9qx9eMIE4Z4k5JHPsslBaRFCyAlTWWF-a-it0Z-d4DmD6ivZ2W1iySCD_UllRG8JCDhaQAMAi-7vGDanH3vR5CtyjN1_fpxRKzs0JCdCEeBMp1lMuWWuWwWBuScHNCRZlZ-Rs8rNAXVflAf-FY59x44AKWCH29wlT_RGkUtZ4qTRaE_HjU3Z5oBnH9Un_FSojHQtuLQwtIgkEeByUaqKBxF-rFO-D910nyLvjOkwoYwG285JXOkDkF7TrD2GAdy6GVEukerhTSILfMj9pMNeOnQY1ZLNq3ZEXU9YmFSsCIJ4GrOOx9KnGKW50xNA81OkfLQkzdncXg=w800-h742-no\" alt=\"D\u00e2y ruy b\u0103ng v\u1ea3i gi\u00e1 r\u1ebb in logo c\u1ee7a UASC\" width=\"800\" height=\"742\" title=\"\"><figcaption class=\"wp-caption-text\">D\u00e2y ruy b\u0103ng v\u1ea3i gi\u00e1 r\u1ebb in logo c\u1ee7a UASC<\/figcaption><\/figure>","protected":false},"excerpt":{"rendered":"<p>In d\u00e2y ruy b\u0103ng &nbsp; K\u00edch th\u01b0\u1edbc d\u00e2y ruy b\u0103ng C\u00e1c m\u1eabu v\u1ea3i v\u00e0 m\u00e0u d\u00e2y ruy b\u0103ng B\u1ea3ng gi\u00e1 in ruy b\u0103ng theo y\u00eau c\u1ea7u &nbsp; \u1ea2nh d\u00e2y ruy b\u0103ng in c\u1ee7a kh\u00e1ch h\u00e0ng<\/p>","protected":false},"featured_media":3812,"comment_status":"open","ping_status":"closed","template":"","meta":[],"product_brand":[],"product_cat":[489],"product_tag":[496,491,493,494,443,492,196,495,490],"class_list":{"0":"post-3813","1":"product","2":"type-product","3":"status-publish","4":"has-post-thumbnail","6":"product_cat-in-day-ruy-bang","7":"product_tag-day-ribbon-gia-re","8":"product_tag-day-ruy-bang","9":"product_tag-day-ruy-bang-vai","10":"product_tag-day-ruy-bang-vai-lua","11":"product_tag-in-logo","12":"product_tag-in-ruy-bang","13":"product_tag-qua-tang-doanh-nghiep","14":"product_tag-ribbon","15":"product_tag-ruy-bang","17":"first","18":"instock","19":"shipping-taxable","20":"product-type-simple"},"amp_enabled":true,"_links":{"self":[{"href":"https:\/\/quatang5sao.com\/en\/wp-json\/wp\/v2\/product\/3813","targetHints":{"allow":["GET"]}}],"collection":[{"href":"https:\/\/quatang5sao.com\/en\/wp-json\/wp\/v2\/product"}],"about":[{"href":"https:\/\/quatang5sao.com\/en\/wp-json\/wp\/v2\/types\/product"}],"replies":[{"embeddable":true,"href":"https:\/\/quatang5sao.com\/en\/wp-json\/wp\/v2\/comments?post=3813"}],"wp:featuredmedia":[{"embeddable":true,"href":"https:\/\/quatang5sao.com\/en\/wp-json\/wp\/v2\/media\/3812"}],"wp:attachment":[{"href":"https:\/\/quatang5sao.com\/en\/wp-json\/wp\/v2\/media?parent=3813"}],"wp:term":[{"taxonomy":"product_brand","embeddable":true,"href":"https:\/\/quatang5sao.com\/en\/wp-json\/wp\/v2\/product_brand?post=3813"},{"taxonomy":"product_cat","embeddable":true,"href":"https:\/\/quatang5sao.com\/en\/wp-json\/wp\/v2\/product_cat?post=3813"},{"taxonomy":"product_tag","embeddable":true,"href":"https:\/\/quatang5sao.com\/en\/wp-json\/wp\/v2\/product_tag?post=3813"}],"curies":[{"name":"wp","href":"https:\/\/api.w.org\/{rel}","templated":true}]}}