{"id":3759,"date":"2018-05-25T01:09:51","date_gmt":"2018-05-24T18:09:51","guid":{"rendered":"https:\/\/quatang5sao.com\/?post_type=product&#038;p=3759"},"modified":"2018-05-25T01:09:51","modified_gmt":"2018-05-24T18:09:51","slug":"tui-giu-nhiet-chai-nuoc-tui-dung-chai-nuoc-mau-06","status":"publish","type":"product","link":"https:\/\/quatang5sao.com\/en\/tui-giu-nhiet-chai-nuoc-tui-dung-chai-nuoc-mau-06\/","title":{"rendered":"Bottle Cooler - Bottle Holder - Model 06"},"content":{"rendered":"<h1><a href=\"https:\/\/giunhiet.blogspot.com\/\" target=\"_blank\" rel=\"noopener\"><span style=\"color: #000000;\">T\u00fai gi\u1eef nhi\u1ec7t chai n\u01b0\u1edbc<\/span><\/a><\/h1>\n<p><span style=\"color: #000000;\">V\u1edbi thi\u1ebft k\u1ebf c\u00f3 quai v\u1ea3i may c\u1ef1c k\u1ef3 ch\u1eafc ch\u1eafn. T\u00fai ngo\u00e0i nhi\u1ec7m v\u1ee5 <strong>gi\u1eef nhi\u1ec7t chai n\u01b0\u1edbc<\/strong>. T\u00fai c\u00f2n d\u00f9ng \u0111\u1ec3 <strong>\u0111\u1ef1ng chai n\u01b0\u1edbc<\/strong> b\u00ean balo ho\u1eb7c treo xe khi di chuy\u1ec3n. B\u1ea1n c\u00f3 th\u1ec3 m\u00f3c <a href=\"https:\/\/quatang5sao.com\/en\/san-pham-qua-tang\/tui-giu-chai-nuoc-tui-giu-nhiet-chai-nuoc-gia-re-mau-05\/\"><strong>t\u00fai gi\u1eef chai n\u01b0\u1edbc<\/strong><\/a> n\u00e0y \u1edf c\u00e1c khuy c\u1ee7a xe m\u00e1y, xe \u0111\u1ea1p \u0111i\u1ec7n.<\/span><\/p>\n<p><span style=\"color: #000000;\">Ngo\u00e0i ra, t\u1ea1i \u0111\u00e1y t\u00fai c\u00f3 thi\u1ebft k\u1ebf l\u1ed7 tho\u00e1t kh\u00ed n\u00ean l\u00fac \u0111\u1eb7t chai n\u01b0\u1edbc v\u00e0o t\u00fai r\u1ea5t d\u1ec5 d\u00e0ng. S\u1ea3n ph\u1ea9m \u0111\u01b0\u1ee3c thi\u1ebft k\u1ebf \u0111\u1ebfn t\u1eebng chi ti\u1ebft nh\u1ecf nh\u1ea5t nh\u1eb1m mang l\u1ea1i s\u1ef1 ti\u1ec7n \u00edch tuy\u1ec7t \u0111\u1ed1i \u0111\u1ebfn ng\u01b0\u1eddi s\u1eed d\u1ee5ng.<\/span><\/p>\n<p><span style=\"color: #000000;\">Kh\u00e1ch h\u00e0ng c\u00f3 th\u1ec3 <strong>in th\u00f4ng tin<\/strong>: logo, c\u00f4ng ty, th\u00f4ng tin li\u00ean h\u1ec7, &#8230; l\u00ean th\u00e2n t\u00fai \u0111\u1ec3 <a href=\"https:\/\/quatang5sao.com\/en\/\"><strong>qu\u1ea3ng c\u00e1o th\u01b0\u01a1ng hi\u1ec7u<\/strong><\/a>.<\/span><\/p>\n<p><span style=\"color: #000000;\">M\u00e0u s\u1eafc trang nh\u00e3, thi\u1ebft k\u1ebf h\u1ee3p th\u1eddi trang. \u0110\u00e2y l\u00e0 s\u1ea3n ph\u1ea9m s\u1ebd tr\u1edf n\u00ean th\u00e2n thu\u1ed9c v\u00e0 l\u00e0 b\u1ea1n \u0111\u1ed3ng h\u00e0nh kh\u00f4ng th\u1ec3 thi\u1ebfu c\u1ee7a c\u00e1c b\u1ea1n tr\u1ebb y\u00eau m\u00f4i tr\u01b0\u1eddng, h\u1ea1n ch\u1ebf s\u1eed d\u1ee5ng t\u00fai nilon.<\/span><\/p>\n<p><span style=\"color: #000000;\">Qu\u00fd kh\u00e1ch h\u00e0ng c\u00f3 nhu c\u1ea7u \u0111\u1eb7t h\u00e0ng xin li\u00ean h\u1ec7 tr\u1ef1c ti\u1ebfp v\u1edbi ch\u00fang t\u00f4i. Ch\u00fang t\u00f4i s\u1ebd t\u01b0 v\u1ea5n v\u00e0 b\u00e1o gi\u00e1 ch\u00ednh x\u00e1c cho qu\u00fd kh\u00e1ch h\u00e0ng nh\u00e9.<\/span><\/p>\n<h1><span style=\"color: #000000;\">H\u00ecnh \u1ea3nh t\u00fai gi\u1eef nhi\u1ec7t \u0111\u1ef1ng chai n\u01b0\u1edbc<\/span><\/h1>\n<figure id=\"attachment_3761\" aria-describedby=\"caption-attachment-3761\" style=\"width: 790px\" class=\"wp-caption alignnone\"><img loading=\"lazy\" decoding=\"async\" class=\"size-full wp-image-3761\" src=\"https:\/\/quatang5sao.com\/wp-content\/uploads\/2018\/05\/Tui-giu-nhiet-chai-nuoc-Mau-06-006.jpg\" alt=\"T\u00fai gi\u1eef nhi\u1ec7t chai n\u01b0\u1edbc\" width=\"790\" height=\"800\" title=\"\" srcset=\"https:\/\/quatang5sao.com\/wp-content\/uploads\/2018\/05\/Tui-giu-nhiet-chai-nuoc-Mau-06-006.jpg 790w, https:\/\/quatang5sao.com\/wp-content\/uploads\/2018\/05\/Tui-giu-nhiet-chai-nuoc-Mau-06-006-100x100.jpg 100w, https:\/\/quatang5sao.com\/wp-content\/uploads\/2018\/05\/Tui-giu-nhiet-chai-nuoc-Mau-06-006-510x516.jpg 510w, https:\/\/quatang5sao.com\/wp-content\/uploads\/2018\/05\/Tui-giu-nhiet-chai-nuoc-Mau-06-006-395x400.jpg 395w, https:\/\/quatang5sao.com\/wp-content\/uploads\/2018\/05\/Tui-giu-nhiet-chai-nuoc-Mau-06-006-768x778.jpg 768w\" sizes=\"auto, (max-width: 790px) 100vw, 790px\" \/><figcaption id=\"caption-attachment-3761\" class=\"wp-caption-text\">T\u00fai gi\u1eef nhi\u1ec7t chai n\u01b0\u1edbc<\/figcaption><\/figure>\n<figure id=\"attachment_3760\" aria-describedby=\"caption-attachment-3760\" style=\"width: 456px\" class=\"wp-caption alignnone\"><img loading=\"lazy\" decoding=\"async\" class=\"size-full wp-image-3760\" src=\"https:\/\/quatang5sao.com\/wp-content\/uploads\/2018\/05\/Tui-giu-nhiet-chai-nuoc-Mau-06-002.jpg\" alt=\"T\u00fai gi\u1eef nhi\u1ec7t chai n\u01b0\u1edbc\" width=\"456\" height=\"459\" title=\"\" srcset=\"https:\/\/quatang5sao.com\/wp-content\/uploads\/2018\/05\/Tui-giu-nhiet-chai-nuoc-Mau-06-002.jpg 456w, https:\/\/quatang5sao.com\/wp-content\/uploads\/2018\/05\/Tui-giu-nhiet-chai-nuoc-Mau-06-002-100x100.jpg 100w, https:\/\/quatang5sao.com\/wp-content\/uploads\/2018\/05\/Tui-giu-nhiet-chai-nuoc-Mau-06-002-397x400.jpg 397w, https:\/\/quatang5sao.com\/wp-content\/uploads\/2018\/05\/Tui-giu-nhiet-chai-nuoc-Mau-06-002-120x120.jpg 120w\" sizes=\"auto, (max-width: 456px) 100vw, 456px\" \/><figcaption id=\"caption-attachment-3760\" class=\"wp-caption-text\">T\u00fai gi\u1eef nhi\u1ec7t chai n\u01b0\u1edbc<\/figcaption><\/figure>\n<figure id=\"attachment_3762\" aria-describedby=\"caption-attachment-3762\" style=\"width: 780px\" class=\"wp-caption alignnone\"><img loading=\"lazy\" decoding=\"async\" class=\"size-full wp-image-3762\" src=\"https:\/\/quatang5sao.com\/wp-content\/uploads\/2018\/05\/Tui-giu-nhiet-chai-nuoc-Mau-06-001.jpg\" alt=\"T\u00fai gi\u1eef nhi\u1ec7t chai n\u01b0\u1edbc c\u00f3 nhi\u1ec1u m\u00e0u s\u1eafc kh\u00e1c nhau\" width=\"780\" height=\"350\" title=\"\" srcset=\"https:\/\/quatang5sao.com\/wp-content\/uploads\/2018\/05\/Tui-giu-nhiet-chai-nuoc-Mau-06-001.jpg 780w, https:\/\/quatang5sao.com\/wp-content\/uploads\/2018\/05\/Tui-giu-nhiet-chai-nuoc-Mau-06-001-510x229.jpg 510w, https:\/\/quatang5sao.com\/wp-content\/uploads\/2018\/05\/Tui-giu-nhiet-chai-nuoc-Mau-06-001-768x345.jpg 768w\" sizes=\"auto, (max-width: 780px) 100vw, 780px\" \/><figcaption id=\"caption-attachment-3762\" class=\"wp-caption-text\">T\u00fai gi\u1eef nhi\u1ec7t chai n\u01b0\u1edbc c\u00f3 nhi\u1ec1u m\u00e0u s\u1eafc kh\u00e1c nhau<\/figcaption><\/figure>\n<figure id=\"attachment_3763\" aria-describedby=\"caption-attachment-3763\" style=\"width: 750px\" class=\"wp-caption alignnone\"><img loading=\"lazy\" decoding=\"async\" class=\"size-full wp-image-3763\" src=\"https:\/\/quatang5sao.com\/wp-content\/uploads\/2018\/05\/Tui-giu-nhiet-chai-nuoc-Mau-06-003.jpg\" alt=\"T\u00fai gi\u1eef nhi\u1ec7t chai n\u01b0\u1edbc c\u00f3 nhi\u1ec1u m\u00e0u s\u1eafc kh\u00e1c nhau\" width=\"750\" height=\"1511\" title=\"\" srcset=\"https:\/\/quatang5sao.com\/wp-content\/uploads\/2018\/05\/Tui-giu-nhiet-chai-nuoc-Mau-06-003.jpg 750w, https:\/\/quatang5sao.com\/wp-content\/uploads\/2018\/05\/Tui-giu-nhiet-chai-nuoc-Mau-06-003-510x1027.jpg 510w, https:\/\/quatang5sao.com\/wp-content\/uploads\/2018\/05\/Tui-giu-nhiet-chai-nuoc-Mau-06-003-199x400.jpg 199w, https:\/\/quatang5sao.com\/wp-content\/uploads\/2018\/05\/Tui-giu-nhiet-chai-nuoc-Mau-06-003-397x800.jpg 397w\" sizes=\"auto, (max-width: 750px) 100vw, 750px\" \/><figcaption id=\"caption-attachment-3763\" class=\"wp-caption-text\">T\u00fai gi\u1eef nhi\u1ec7t chai n\u01b0\u1edbc c\u00f3 nhi\u1ec1u m\u00e0u s\u1eafc kh\u00e1c nhau<\/figcaption><\/figure>\n<figure id=\"attachment_3764\" aria-describedby=\"caption-attachment-3764\" style=\"width: 750px\" class=\"wp-caption alignnone\"><img loading=\"lazy\" decoding=\"async\" class=\"size-full wp-image-3764\" src=\"https:\/\/quatang5sao.com\/wp-content\/uploads\/2018\/05\/Tui-giu-nhiet-chai-nuoc-Mau-06-004.jpg\" alt=\"T\u00fai gi\u1eef nhi\u1ec7t chai n\u01b0\u1edbc c\u00f3 nhi\u1ec1u m\u00e0u s\u1eafc kh\u00e1c nhau\" width=\"750\" height=\"1544\" title=\"\" srcset=\"https:\/\/quatang5sao.com\/wp-content\/uploads\/2018\/05\/Tui-giu-nhiet-chai-nuoc-Mau-06-004.jpg 750w, https:\/\/quatang5sao.com\/wp-content\/uploads\/2018\/05\/Tui-giu-nhiet-chai-nuoc-Mau-06-004-510x1050.jpg 510w, https:\/\/quatang5sao.com\/wp-content\/uploads\/2018\/05\/Tui-giu-nhiet-chai-nuoc-Mau-06-004-194x400.jpg 194w, https:\/\/quatang5sao.com\/wp-content\/uploads\/2018\/05\/Tui-giu-nhiet-chai-nuoc-Mau-06-004-389x800.jpg 389w\" sizes=\"auto, (max-width: 750px) 100vw, 750px\" \/><figcaption id=\"caption-attachment-3764\" class=\"wp-caption-text\">T\u00fai gi\u1eef nhi\u1ec7t chai n\u01b0\u1edbc c\u00f3 nhi\u1ec1u m\u00e0u s\u1eafc kh\u00e1c nhau<\/figcaption><\/figure>\n<figure id=\"attachment_3765\" aria-describedby=\"caption-attachment-3765\" style=\"width: 790px\" class=\"wp-caption alignnone\"><img loading=\"lazy\" decoding=\"async\" class=\"size-full wp-image-3765\" src=\"https:\/\/quatang5sao.com\/wp-content\/uploads\/2018\/05\/Tui-giu-nhiet-chai-nuoc-Mau-06-005.jpg\" alt=\"T\u00fai gi\u1eef nhi\u1ec7t chai n\u01b0\u1edbc c\u00f3 nhi\u1ec1u k\u00edch th\u01b0\u1edbc kh\u00e1c nhau\" width=\"790\" height=\"537\" title=\"\" srcset=\"https:\/\/quatang5sao.com\/wp-content\/uploads\/2018\/05\/Tui-giu-nhiet-chai-nuoc-Mau-06-005.jpg 790w, https:\/\/quatang5sao.com\/wp-content\/uploads\/2018\/05\/Tui-giu-nhiet-chai-nuoc-Mau-06-005-510x347.jpg 510w, https:\/\/quatang5sao.com\/wp-content\/uploads\/2018\/05\/Tui-giu-nhiet-chai-nuoc-Mau-06-005-588x400.jpg 588w, https:\/\/quatang5sao.com\/wp-content\/uploads\/2018\/05\/Tui-giu-nhiet-chai-nuoc-Mau-06-005-768x522.jpg 768w\" sizes=\"auto, (max-width: 790px) 100vw, 790px\" \/><figcaption id=\"caption-attachment-3765\" class=\"wp-caption-text\">T\u00fai gi\u1eef nhi\u1ec7t chai n\u01b0\u1edbc c\u00f3 nhi\u1ec1u k\u00edch th\u01b0\u1edbc kh\u00e1c nhau<\/figcaption><\/figure>\n<figure id=\"attachment_3766\" aria-describedby=\"caption-attachment-3766\" style=\"width: 790px\" class=\"wp-caption alignnone\"><img loading=\"lazy\" decoding=\"async\" class=\"size-full wp-image-3766\" src=\"https:\/\/quatang5sao.com\/wp-content\/uploads\/2018\/05\/Tui-giu-nhiet-chai-nuoc-Mau-06-007.jpg\" alt=\"T\u00fai gi\u1eef nhi\u1ec7t chai n\u01b0\u1edbc \u0111\u01b0\u1ee3c may r\u1ea5t ch\u1eafc ch\u1eafn\" width=\"790\" height=\"619\" title=\"\" srcset=\"https:\/\/quatang5sao.com\/wp-content\/uploads\/2018\/05\/Tui-giu-nhiet-chai-nuoc-Mau-06-007.jpg 790w, https:\/\/quatang5sao.com\/wp-content\/uploads\/2018\/05\/Tui-giu-nhiet-chai-nuoc-Mau-06-007-510x400.jpg 510w, https:\/\/quatang5sao.com\/wp-content\/uploads\/2018\/05\/Tui-giu-nhiet-chai-nuoc-Mau-06-007-511x400.jpg 511w, https:\/\/quatang5sao.com\/wp-content\/uploads\/2018\/05\/Tui-giu-nhiet-chai-nuoc-Mau-06-007-768x602.jpg 768w\" sizes=\"auto, (max-width: 790px) 100vw, 790px\" \/><figcaption id=\"caption-attachment-3766\" class=\"wp-caption-text\">T\u00fai gi\u1eef nhi\u1ec7t chai n\u01b0\u1edbc \u0111\u01b0\u1ee3c may r\u1ea5t ch\u1eafc ch\u1eafn<\/figcaption><\/figure>\n<figure id=\"attachment_3767\" aria-describedby=\"caption-attachment-3767\" style=\"width: 790px\" class=\"wp-caption alignnone\"><img loading=\"lazy\" decoding=\"async\" class=\"size-full wp-image-3767\" src=\"https:\/\/quatang5sao.com\/wp-content\/uploads\/2018\/05\/Tui-giu-nhiet-chai-nuoc-Mau-06-008.jpg\" alt=\"T\u00fai gi\u1eef nhi\u1ec7t chai n\u01b0\u1edbc c\u00f3 l\u00f5 tho\u00e1t kh\u00ed \u1edf \u0111\u00e1y\" width=\"790\" height=\"664\" title=\"\" srcset=\"https:\/\/quatang5sao.com\/wp-content\/uploads\/2018\/05\/Tui-giu-nhiet-chai-nuoc-Mau-06-008.jpg 790w, https:\/\/quatang5sao.com\/wp-content\/uploads\/2018\/05\/Tui-giu-nhiet-chai-nuoc-Mau-06-008-510x429.jpg 510w, https:\/\/quatang5sao.com\/wp-content\/uploads\/2018\/05\/Tui-giu-nhiet-chai-nuoc-Mau-06-008-476x400.jpg 476w, https:\/\/quatang5sao.com\/wp-content\/uploads\/2018\/05\/Tui-giu-nhiet-chai-nuoc-Mau-06-008-768x646.jpg 768w\" sizes=\"auto, (max-width: 790px) 100vw, 790px\" \/><figcaption id=\"caption-attachment-3767\" class=\"wp-caption-text\">T\u00fai gi\u1eef nhi\u1ec7t chai n\u01b0\u1edbc c\u00f3 l\u00f5 tho\u00e1t kh\u00ed \u1edf \u0111\u00e1y<\/figcaption><\/figure>","protected":false},"excerpt":{"rendered":"<p>T\u00fai gi\u1eef nhi\u1ec7t chai n\u01b0\u1edbc V\u1edbi thi\u1ebft k\u1ebf c\u00f3 quai v\u1ea3i may c\u1ef1c k\u1ef3 ch\u1eafc ch\u1eafn. T\u00fai ngo\u00e0i nhi\u1ec7m v\u1ee5 gi\u1eef nhi\u1ec7t chai n\u01b0\u1edbc. T\u00fai c\u00f2n d\u00f9ng \u0111\u1ec3 \u0111\u1ef1ng chai n\u01b0\u1edbc b\u00ean balo ho\u1eb7c treo xe khi di chuy\u1ec3n. B\u1ea1n c\u00f3 th\u1ec3 m\u00f3c t\u00fai gi\u1eef chai n\u01b0\u1edbc n\u00e0y \u1edf c\u00e1c khuy c\u1ee7a xe m\u00e1y, xe [&#8230;]\n","protected":false},"featured_media":3760,"comment_status":"open","ping_status":"closed","template":"","meta":[],"product_brand":[],"product_cat":[444],"product_tag":[450,482,472,445,483],"class_list":{"0":"post-3759","1":"product","2":"type-product","3":"status-publish","4":"has-post-thumbnail","6":"product_cat-tui-giu-nhiet-chai-lon","7":"product_tag-beer-holder","8":"product_tag-mut-giu-nhiet","9":"product_tag-tui-giu-nhiet-bia","10":"product_tag-tui-giu-nhiet-chai-nuoc","11":"product_tag-xop-giu-nhiet","13":"first","14":"instock","15":"shipping-taxable","16":"product-type-simple"},"amp_enabled":true,"_links":{"self":[{"href":"https:\/\/quatang5sao.com\/en\/wp-json\/wp\/v2\/product\/3759","targetHints":{"allow":["GET"]}}],"collection":[{"href":"https:\/\/quatang5sao.com\/en\/wp-json\/wp\/v2\/product"}],"about":[{"href":"https:\/\/quatang5sao.com\/en\/wp-json\/wp\/v2\/types\/product"}],"replies":[{"embeddable":true,"href":"https:\/\/quatang5sao.com\/en\/wp-json\/wp\/v2\/comments?post=3759"}],"wp:featuredmedia":[{"embeddable":true,"href":"https:\/\/quatang5sao.com\/en\/wp-json\/wp\/v2\/media\/3760"}],"wp:attachment":[{"href":"https:\/\/quatang5sao.com\/en\/wp-json\/wp\/v2\/media?parent=3759"}],"wp:term":[{"taxonomy":"product_brand","embeddable":true,"href":"https:\/\/quatang5sao.com\/en\/wp-json\/wp\/v2\/product_brand?post=3759"},{"taxonomy":"product_cat","embeddable":true,"href":"https:\/\/quatang5sao.com\/en\/wp-json\/wp\/v2\/product_cat?post=3759"},{"taxonomy":"product_tag","embeddable":true,"href":"https:\/\/quatang5sao.com\/en\/wp-json\/wp\/v2\/product_tag?post=3759"}],"curies":[{"name":"wp","href":"https:\/\/api.w.org\/{rel}","templated":true}]}}