{"id":3715,"date":"2018-05-09T12:52:13","date_gmt":"2018-05-09T05:52:13","guid":{"rendered":"https:\/\/quatang5sao.com\/?post_type=product&#038;p=3715"},"modified":"2022-04-19T10:41:10","modified_gmt":"2022-04-19T03:41:10","slug":"de-lot-ly-vai-ni-mieng-lot-ly-vai-ni-gia-re-chat-luong-tot","status":"publish","type":"product","link":"https:\/\/quatang5sao.com\/en\/de-lot-ly-vai-ni-mieng-lot-ly-vai-ni-gia-re-chat-luong-tot\/","title":{"rendered":"\u0110\u1ebf l\u00f3t ly v\u1ea3i n\u1ec9 &#8211; Mi\u1ebfng l\u00f3t ly v\u1ea3i n\u1ec9 gi\u00e1 r\u1ebb ch\u1ea5t l\u01b0\u1ee3ng t\u1ed1t"},"content":{"rendered":"<h1>L\u00f3t ly v\u1ea3i ni<\/h1>\n<p>\u0110\u00e2y l\u00e0 lo\u1ea1i <a href=\"https:\/\/quatang5sao.com\/en\/danh-muc\/de-lot-ly\/\"><strong>l\u00f3t ly<\/strong><\/a> c\u00f3 gi\u00e1 r\u1ebb nh\u1ea5t, ph\u00f9 h\u1ee3p v\u1edbi kh\u00e1ch h\u00e0ng c\u00f3 nhu c\u1ea7u \u0111\u1eb7t s\u1ed1 l\u01b0\u1ee3ng \u00edt (<strong>50 &#8211; 500c<\/strong>). V\u1edbi ch\u1ea5t li\u1ec7u v\u1ea3i n\u1ec9, th\u1ea5m n\u01b0\u1edbc t\u1ed1t nh\u01b0ng kh\u00f4ng gi\u1eef n\u01b0\u1edbc n\u00ean d\u1ec5 d\u00e0ng gi\u1eb7t s\u1ea1ch, v\u1eaft kh\u00f4. R\u1ea5t ph\u00f9 h\u1ee3p s\u1eed d\u1ee5ng trong c\u00e1c qu\u00e1n <a href=\"https:\/\/salelink.vn\/\" target=\"_blank\" rel=\"noopener\">c\u00e0 ph\u00ea<\/a>, nh\u00e0 h\u00e0ng. D\u1ec5 d\u00e0ng t\u1ea1o d\u1ea5u \u1ea5n th\u01b0\u01a1ng hi\u1ec7u \u0111\u1ebfn kh\u00e1ch h\u00e0ng m\u00e0 v\u1eabn ti\u1ebft ki\u1ec7m chi ph\u00ed.<\/p>\n<p>Do c\u00e1c h\u1ecda ti\u1ebft, logo \u0111\u01b0\u1ee3c th\u00eau ho\u00e0n to\u00e0n b\u1eb1ng m\u00e1y t\u1ef1 \u0111\u1ed9ng n\u00ean c\u00f3 th\u1ec3 th\u00eau theo b\u1ea5t k\u1ef3 logo, n\u1ed9i dung n\u00e0o kh\u00e1ch h\u00e0ng y\u00eau c\u1ea7u. K\u1ec3 c\u1ea3 logo ph\u1ee9c t\u1ea1p v\u00e0 nhi\u1ec1u m\u00e0u. Nh\u01b0ng do th\u00eau b\u1eb1ng ch\u1ec9 n\u00ean c\u00e1c \u0111\u01b0\u1eddng n\u00e9t logo, n\u1ed9i dung s\u1ebd kh\u00f4ng \u0111\u01b0\u1ee3c s\u1eafc n\u00e9t v\u00e0 m\u00e0u s\u1eafc n\u1ed5i b\u1eadt \u0111\u01b0\u1ee3c so v\u1edbi lo\u1ea1i l\u00f3t ly b\u1eb1ng silicon.<\/p>\n<p>Qu\u00fd kh\u00e1ch c\u00f3 nhu c\u1ea7u \u0111\u1eb7t h\u00e0ng <a href=\"https:\/\/quatang5sao.com\/en\/danh-muc\/de-lot-ly\/\"><strong>l\u00f3t ly b\u1eb1ng v\u1ea3i n\u1ec9<\/strong><\/a> s\u1ed1 l\u01b0\u1ee3ng l\u1edbn h\u00e3y li\u00ean h\u1ec7 tr\u1ef1c ti\u1ebfp v\u1edbi ch\u00fang t\u00f4i nh\u00e9. Ch\u00fang t\u00f4i s\u1ebd t\u01b0 v\u1ea5n v\u00e0 b\u00e1o gi\u00e1 t\u1ed1t nh\u1ea5t cho qu\u00fd kh\u00e1ch h\u00e0ng.<\/p>\n<p><strong>\u0110T &amp; Zalo<\/strong>: 0917.322.230<\/p>\n<p><strong>Email:<\/strong>: <a href=\"mailto:quatang236@gmail.com\">quatang236@gmail.com<\/a><\/p>\n<h1>H\u00ecnh \u1ea3nh <a href=\"https:\/\/delotlygiare.wordpress.com\/\" target=\"_blank\" rel=\"noopener\">mi\u1ebfng l\u00f3t ly<\/a> b\u1eb1ng v\u1ea3i n\u1ec9:<\/h1>\n<figure id=\"attachment_3734\" aria-describedby=\"caption-attachment-3734\" style=\"width: 405px\" class=\"wp-caption alignnone\"><img loading=\"lazy\" decoding=\"async\" class=\"size-full wp-image-3734\" src=\"https:\/\/quatang5sao.com\/wp-content\/uploads\/2018\/05\/Lot-ly-vai-ni-gia-re-019.jpg\" alt=\"Th\u00eau logo v\u00e0o l\u00f3t ly theo y\u00eau c\u1ea7u\" width=\"405\" height=\"720\" title=\"\" srcset=\"https:\/\/quatang5sao.com\/wp-content\/uploads\/2018\/05\/Lot-ly-vai-ni-gia-re-019.jpg 405w, https:\/\/quatang5sao.com\/wp-content\/uploads\/2018\/05\/Lot-ly-vai-ni-gia-re-019-225x400.jpg 225w\" sizes=\"auto, (max-width: 405px) 100vw, 405px\" \/><figcaption id=\"caption-attachment-3734\" class=\"wp-caption-text\">Th\u00eau logo v\u00e0o l\u00f3t ly theo y\u00eau c\u1ea7u<\/figcaption><\/figure>\n<figure id=\"attachment_3729\" aria-describedby=\"caption-attachment-3729\" style=\"width: 720px\" class=\"wp-caption alignnone\"><img loading=\"lazy\" decoding=\"async\" class=\"size-full wp-image-3729\" src=\"https:\/\/quatang5sao.com\/wp-content\/uploads\/2018\/05\/Lot-ly-vai-ni-gia-re-014.jpg\" alt=\"L\u00f3t ly v\u1ea3i n\u1ec9 gi\u00e1 r\u1ebb th\u00eau logo cho kh\u00e1ch s\u1ea1n\" width=\"720\" height=\"405\" title=\"\" srcset=\"https:\/\/quatang5sao.com\/wp-content\/uploads\/2018\/05\/Lot-ly-vai-ni-gia-re-014.jpg 720w, https:\/\/quatang5sao.com\/wp-content\/uploads\/2018\/05\/Lot-ly-vai-ni-gia-re-014-510x287.jpg 510w, https:\/\/quatang5sao.com\/wp-content\/uploads\/2018\/05\/Lot-ly-vai-ni-gia-re-014-711x400.jpg 711w\" sizes=\"auto, (max-width: 720px) 100vw, 720px\" \/><figcaption id=\"caption-attachment-3729\" class=\"wp-caption-text\">L\u00f3t ly v\u1ea3i n\u1ec9 gi\u00e1 r\u1ebb th\u00eau logo cho kh\u00e1ch s\u1ea1n<\/figcaption><\/figure>\n<figure id=\"attachment_3730\" aria-describedby=\"caption-attachment-3730\" style=\"width: 720px\" class=\"wp-caption alignnone\"><img loading=\"lazy\" decoding=\"async\" class=\"size-full wp-image-3730\" src=\"https:\/\/quatang5sao.com\/wp-content\/uploads\/2018\/05\/Lot-ly-vai-ni-gia-re-015.jpg\" alt=\"L\u00f3t ly v\u1ea3i n\u1ec9 d\u00e0nh cho qu\u00e1n c\u00e0 ph\u00ea\" width=\"720\" height=\"405\" title=\"\" srcset=\"https:\/\/quatang5sao.com\/wp-content\/uploads\/2018\/05\/Lot-ly-vai-ni-gia-re-015.jpg 720w, https:\/\/quatang5sao.com\/wp-content\/uploads\/2018\/05\/Lot-ly-vai-ni-gia-re-015-510x287.jpg 510w, https:\/\/quatang5sao.com\/wp-content\/uploads\/2018\/05\/Lot-ly-vai-ni-gia-re-015-711x400.jpg 711w\" sizes=\"auto, (max-width: 720px) 100vw, 720px\" \/><figcaption id=\"caption-attachment-3730\" class=\"wp-caption-text\">L\u00f3t ly v\u1ea3i n\u1ec9 d\u00e0nh cho qu\u00e1n c\u00e0 ph\u00ea<\/figcaption><\/figure>\n<figure id=\"attachment_3727\" aria-describedby=\"caption-attachment-3727\" style=\"width: 720px\" class=\"wp-caption alignnone\"><img loading=\"lazy\" decoding=\"async\" class=\"size-full wp-image-3727\" src=\"https:\/\/quatang5sao.com\/wp-content\/uploads\/2018\/05\/Lot-ly-vai-ni-gia-re-012.jpg\" alt=\"Mi\u1ebfng l\u00f3t ly b\u1eb1ng v\u1ea3i n\u1ec9 gi\u00e1 r\u1ebb d\u00e0nh cho khu resort\" width=\"720\" height=\"960\" title=\"\" srcset=\"https:\/\/quatang5sao.com\/wp-content\/uploads\/2018\/05\/Lot-ly-vai-ni-gia-re-012.jpg 720w, https:\/\/quatang5sao.com\/wp-content\/uploads\/2018\/05\/Lot-ly-vai-ni-gia-re-012-510x680.jpg 510w, https:\/\/quatang5sao.com\/wp-content\/uploads\/2018\/05\/Lot-ly-vai-ni-gia-re-012-300x400.jpg 300w, https:\/\/quatang5sao.com\/wp-content\/uploads\/2018\/05\/Lot-ly-vai-ni-gia-re-012-600x800.jpg 600w\" sizes=\"auto, (max-width: 720px) 100vw, 720px\" \/><figcaption id=\"caption-attachment-3727\" class=\"wp-caption-text\">Mi\u1ebfng l\u00f3t ly b\u1eb1ng v\u1ea3i n\u1ec9 gi\u00e1 r\u1ebb d\u00e0nh cho khu resort<\/figcaption><\/figure>\n<figure id=\"attachment_3725\" aria-describedby=\"caption-attachment-3725\" style=\"width: 537px\" class=\"wp-caption alignnone\"><img loading=\"lazy\" decoding=\"async\" class=\"size-full wp-image-3725\" src=\"https:\/\/quatang5sao.com\/wp-content\/uploads\/2018\/05\/Lot-ly-vai-ni-gia-re-010.jpg\" alt=\"L\u00f3t ly v\u1ea3i n\u1ec9 d\u00e0nh cho qu\u00e1n c\u00e0 ph\u00ea l\u1edbn\" width=\"537\" height=\"720\" title=\"\" srcset=\"https:\/\/quatang5sao.com\/wp-content\/uploads\/2018\/05\/Lot-ly-vai-ni-gia-re-010.jpg 537w, https:\/\/quatang5sao.com\/wp-content\/uploads\/2018\/05\/Lot-ly-vai-ni-gia-re-010-510x684.jpg 510w, https:\/\/quatang5sao.com\/wp-content\/uploads\/2018\/05\/Lot-ly-vai-ni-gia-re-010-298x400.jpg 298w\" sizes=\"auto, (max-width: 537px) 100vw, 537px\" \/><figcaption id=\"caption-attachment-3725\" class=\"wp-caption-text\">L\u00f3t ly v\u1ea3i n\u1ec9 d\u00e0nh cho qu\u00e1n c\u00e0 ph\u00ea l\u1edbn<\/figcaption><\/figure>\n<figure id=\"attachment_3717\" aria-describedby=\"caption-attachment-3717\" style=\"width: 716px\" class=\"wp-caption alignnone\"><img loading=\"lazy\" decoding=\"async\" class=\"size-full wp-image-3717\" src=\"https:\/\/quatang5sao.com\/wp-content\/uploads\/2018\/05\/Lot-ly-vai-ni-gia-re-001.jpg\" alt=\"L\u00f3t ly v\u1ea3i n\u1ec9 gi\u00e1 r\u1ebb, b\u1ec1n, \u0111\u1eb9p, th\u00eau h\u1ecda ti\u1ebft b\u1eb1ng m\u00e1y\" width=\"716\" height=\"960\" title=\"\" srcset=\"https:\/\/quatang5sao.com\/wp-content\/uploads\/2018\/05\/Lot-ly-vai-ni-gia-re-001.jpg 716w, https:\/\/quatang5sao.com\/wp-content\/uploads\/2018\/05\/Lot-ly-vai-ni-gia-re-001-510x684.jpg 510w, https:\/\/quatang5sao.com\/wp-content\/uploads\/2018\/05\/Lot-ly-vai-ni-gia-re-001-298x400.jpg 298w, https:\/\/quatang5sao.com\/wp-content\/uploads\/2018\/05\/Lot-ly-vai-ni-gia-re-001-597x800.jpg 597w\" sizes=\"auto, (max-width: 716px) 100vw, 716px\" \/><figcaption id=\"caption-attachment-3717\" class=\"wp-caption-text\">L\u00f3t ly v\u1ea3i n\u1ec9 gi\u00e1 r\u1ebb, b\u1ec1n, \u0111\u1eb9p, th\u00eau h\u1ecda ti\u1ebft b\u1eb1ng m\u00e1y<\/figcaption><\/figure>\n<figure id=\"attachment_3716\" aria-describedby=\"caption-attachment-3716\" style=\"width: 960px\" class=\"wp-caption alignnone\"><img loading=\"lazy\" decoding=\"async\" class=\"size-full wp-image-3716\" src=\"https:\/\/quatang5sao.com\/wp-content\/uploads\/2018\/05\/Lot-ly-vai-ni-gia-re-002.jpg\" alt=\"Mi\u1ebfng l\u00f3t ly b\u1eb1ng v\u1ea3i n\u1ec9, th\u00eau h\u1ecda ti\u1ebft, n\u1ed9i dung theo y\u00eau c\u1ea7u\" width=\"960\" height=\"716\" title=\"\" srcset=\"https:\/\/quatang5sao.com\/wp-content\/uploads\/2018\/05\/Lot-ly-vai-ni-gia-re-002.jpg 960w, https:\/\/quatang5sao.com\/wp-content\/uploads\/2018\/05\/Lot-ly-vai-ni-gia-re-002-510x380.jpg 510w, https:\/\/quatang5sao.com\/wp-content\/uploads\/2018\/05\/Lot-ly-vai-ni-gia-re-002-536x400.jpg 536w, https:\/\/quatang5sao.com\/wp-content\/uploads\/2018\/05\/Lot-ly-vai-ni-gia-re-002-768x573.jpg 768w, https:\/\/quatang5sao.com\/wp-content\/uploads\/2018\/05\/Lot-ly-vai-ni-gia-re-002-600x448.jpg 600w\" sizes=\"auto, (max-width: 960px) 100vw, 960px\" \/><figcaption id=\"caption-attachment-3716\" class=\"wp-caption-text\">Mi\u1ebfng l\u00f3t ly b\u1eb1ng v\u1ea3i n\u1ec9, th\u00eau h\u1ecda ti\u1ebft, n\u1ed9i dung theo y\u00eau c\u1ea7u<\/figcaption><\/figure>\n<figure id=\"attachment_3718\" aria-describedby=\"caption-attachment-3718\" style=\"width: 960px\" class=\"wp-caption alignnone\"><img loading=\"lazy\" decoding=\"async\" class=\"size-full wp-image-3718\" src=\"https:\/\/quatang5sao.com\/wp-content\/uploads\/2018\/05\/Lot-ly-vai-ni-gia-re-003.jpg\" alt=\"L\u00f3t ly v\u1ea3i n\u1ec9 c\u1ee7a qu\u00e1n c\u00e0 ph\u00ea B\u1ed1n m\u00f9a xanh\" width=\"960\" height=\"716\" title=\"\" srcset=\"https:\/\/quatang5sao.com\/wp-content\/uploads\/2018\/05\/Lot-ly-vai-ni-gia-re-003.jpg 960w, https:\/\/quatang5sao.com\/wp-content\/uploads\/2018\/05\/Lot-ly-vai-ni-gia-re-003-510x380.jpg 510w, https:\/\/quatang5sao.com\/wp-content\/uploads\/2018\/05\/Lot-ly-vai-ni-gia-re-003-536x400.jpg 536w, https:\/\/quatang5sao.com\/wp-content\/uploads\/2018\/05\/Lot-ly-vai-ni-gia-re-003-768x573.jpg 768w\" sizes=\"auto, (max-width: 960px) 100vw, 960px\" \/><figcaption id=\"caption-attachment-3718\" class=\"wp-caption-text\">L\u00f3t ly v\u1ea3i n\u1ec9 c\u1ee7a qu\u00e1n c\u00e0 ph\u00ea B\u1ed1n m\u00f9a xanh<\/figcaption><\/figure>","protected":false},"excerpt":{"rendered":"<p>L\u00f3t ly v\u1ea3i ni \u0110\u00e2y l\u00e0 lo\u1ea1i l\u00f3t ly c\u00f3 gi\u00e1 r\u1ebb nh\u1ea5t, ph\u00f9 h\u1ee3p v\u1edbi kh\u00e1ch h\u00e0ng c\u00f3 nhu c\u1ea7u \u0111\u1eb7t s\u1ed1 l\u01b0\u1ee3ng \u00edt (50 &#8211; 500c). V\u1edbi ch\u1ea5t li\u1ec7u v\u1ea3i n\u1ec9, th\u1ea5m n\u01b0\u1edbc t\u1ed1t nh\u01b0ng kh\u00f4ng gi\u1eef n\u01b0\u1edbc n\u00ean d\u1ec5 d\u00e0ng gi\u1eb7t s\u1ea1ch, v\u1eaft kh\u00f4. R\u1ea5t ph\u00f9 h\u1ee3p s\u1eed d\u1ee5ng trong c\u00e1c qu\u00e1n [&#8230;]\n","protected":false},"featured_media":3716,"comment_status":"open","ping_status":"closed","template":"","meta":[],"product_brand":[],"product_cat":[393],"product_tag":[394,462,422,421,464,395,463],"class_list":{"0":"post-3715","1":"product","2":"type-product","3":"status-publish","4":"has-post-thumbnail","6":"product_cat-de-lot-ly","7":"product_tag-de-lot-ly","8":"product_tag-de-lot-ly-vai-ni","9":"product_tag-lot-ly-gia-re","10":"product_tag-lot-ly-giay","11":"product_tag-lot-ly-vai-ni","12":"product_tag-mieng-lot-ly","13":"product_tag-mieng-lot-ly-vai-ni","15":"first","16":"instock","17":"shipping-taxable","18":"product-type-simple"},"amp_enabled":true,"_links":{"self":[{"href":"https:\/\/quatang5sao.com\/en\/wp-json\/wp\/v2\/product\/3715","targetHints":{"allow":["GET"]}}],"collection":[{"href":"https:\/\/quatang5sao.com\/en\/wp-json\/wp\/v2\/product"}],"about":[{"href":"https:\/\/quatang5sao.com\/en\/wp-json\/wp\/v2\/types\/product"}],"replies":[{"embeddable":true,"href":"https:\/\/quatang5sao.com\/en\/wp-json\/wp\/v2\/comments?post=3715"}],"wp:featuredmedia":[{"embeddable":true,"href":"https:\/\/quatang5sao.com\/en\/wp-json\/wp\/v2\/media\/3716"}],"wp:attachment":[{"href":"https:\/\/quatang5sao.com\/en\/wp-json\/wp\/v2\/media?parent=3715"}],"wp:term":[{"taxonomy":"product_brand","embeddable":true,"href":"https:\/\/quatang5sao.com\/en\/wp-json\/wp\/v2\/product_brand?post=3715"},{"taxonomy":"product_cat","embeddable":true,"href":"https:\/\/quatang5sao.com\/en\/wp-json\/wp\/v2\/product_cat?post=3715"},{"taxonomy":"product_tag","embeddable":true,"href":"https:\/\/quatang5sao.com\/en\/wp-json\/wp\/v2\/product_tag?post=3715"}],"curies":[{"name":"wp","href":"https:\/\/api.w.org\/{rel}","templated":true}]}}