{"id":3620,"date":"2018-04-21T00:07:41","date_gmt":"2018-04-20T17:07:41","guid":{"rendered":"https:\/\/quatang5sao.com\/?post_type=product&#038;p=3620"},"modified":"2018-04-21T00:07:41","modified_gmt":"2018-04-20T17:07:41","slug":"tui-giu-nhiet-binh-sua-tui-giu-binh-sua-chai-nuoc-mau-04","status":"publish","type":"product","link":"https:\/\/quatang5sao.com\/en\/tui-giu-nhiet-binh-sua-tui-giu-binh-sua-chai-nuoc-mau-04\/","title":{"rendered":"Bottle Cooler - Can Cooler - Model 4"},"content":{"rendered":"<h1><span style=\"color: #000000;\">T\u00fai gi\u1eef nhi\u1ec7t b\u00ecnh s\u1eefa<\/span><\/h1>\n<p><span style=\"color: #000000;\"><a href=\"https:\/\/quatang5sao.com\/en\/danh-muc\/tui-giu-nhiet-chai-lon\/\"><strong>T\u00fai gi\u1eef b\u00ecnh s\u1eefa<\/strong><\/a> c\u00f3 t\u00ednh n\u0103ng gi\u1eef nhi\u1ec7t, c\u00e1ch nhi\u1ec7t. \u0110\u01b0\u1ee3c l\u00e0m t\u1eeb x\u1ed1p c\u00e1ch nhi\u1ec7t n\u00ean gi\u00fap gi\u1eef \u0111\u1ee7 nhi\u1ec7t \u0111\u1ed9 cho s\u1eefa v\u00e0 c\u00e1c lo\u1ea1i \u0111\u1ed3 u\u1ed1ng kh\u00e1c. Gi\u00fap cho b\u00e9 con c\u1ee7a b\u1ea1n lu\u00f4n c\u00f3 th\u1ee9c u\u1ed1ng ngon nh\u1ea5t.<\/span><\/p>\n<p><span style=\"color: #000000;\">S\u1ea3n ph\u1ea9m c\u00f3 nhi\u1ec1u m\u00e0u kh\u00e1c nhau, v\u00e0 <a href=\"https:\/\/quatang5sao.com\/en\/\"><strong>in logo<\/strong><\/a> hay c\u00e1c th\u00f4ng tin kh\u00e1c theo y\u00eau c\u1ea7u c\u1ee7a kh\u00e1ch h\u00e0ng. V\u00ec v\u1eady, s\u1ea3n ph\u1ea9m ph\u00f9 h\u1ee3p v\u1edbi c\u00e1c ch\u01b0\u01a1ng tr\u00ecnh khuy\u1ebfn m\u00e3i c\u1ee7a \u0111\u1ed1i t\u00e1c.<\/span><\/p>\n<p><span style=\"color: #000000;\">Ngo\u00e0i s\u1ea3n ph\u1ea9m gi\u1eef nhi\u1ec7t b\u00ecnh s\u1eefa, ch\u00fang t\u00f4i c\u00f2n c\u00f3 nhi\u1ec1u s\u1ea3n ph\u1ea9m qu\u00e0 t\u1eb7ng kh\u00e1c. T\u1ea5t c\u1ea3 \u0111\u1ec1u ph\u00f9 h\u1ee3p v\u1edbi m\u1ecdi m\u1ee5c \u0111\u00edch s\u1eed d\u1ee5ng c\u1ee7a qu\u00fd kh\u00e1ch: l\u00e0m qu\u00e0 khuy\u1ebfn m\u00e3i, qu\u00e0 t\u1eb7ng doanh nghi\u1ec7p, &#8230; Qu\u00fd kh\u00e1ch c\u00f3 nhu c\u1ea7u xin li\u00ean h\u1ec7 tr\u1ef1c ti\u1ebfp \u0111\u1ec3 c\u00f3 gi\u00e1 t\u1ed1t nh\u1ea5t v\u00e0 s\u1ea3n xu\u1ea5t \u0111\u00fang y\u00eau c\u1ea7u c\u1ee7a qu\u00fd kh\u00e1ch nh\u1ea5t.<\/span><\/p>\n<h1><span style=\"color: #000000;\">H\u00ecnh \u1ea3nh <a href=\"https:\/\/quatang5sao.com\/en\/san-pham-qua-tang\/tui-giu-nhiet-lon-bia-xop-giu-nhiet-lon-nuoc-mau-02\/\">t\u00fai gi\u1eef b\u00ecnh s\u1eefa chai n\u01b0\u1edbc<\/a><\/span><\/h1>\n<figure id=\"attachment_3621\" aria-describedby=\"caption-attachment-3621\" style=\"width: 741px\" class=\"wp-caption alignnone\"><img loading=\"lazy\" decoding=\"async\" class=\"size-full wp-image-3621\" src=\"https:\/\/quatang5sao.com\/wp-content\/uploads\/2018\/04\/Tui-giu-nhiet-binh-sua-Mau-04-002.jpg\" alt=\"T\u00fai gi\u1eef nhi\u1ec7t b\u00ecnh s\u1eefa ch\u1ea5t l\u01b0\u1ee3ng t\u1ed1t, s\u1ea3n xu\u1ea5t theo y\u00eau c\u1ea7u\" width=\"741\" height=\"687\" title=\"\" srcset=\"https:\/\/quatang5sao.com\/wp-content\/uploads\/2018\/04\/Tui-giu-nhiet-binh-sua-Mau-04-002.jpg 741w, https:\/\/quatang5sao.com\/wp-content\/uploads\/2018\/04\/Tui-giu-nhiet-binh-sua-Mau-04-002-510x473.jpg 510w, https:\/\/quatang5sao.com\/wp-content\/uploads\/2018\/04\/Tui-giu-nhiet-binh-sua-Mau-04-002-431x400.jpg 431w\" sizes=\"auto, (max-width: 741px) 100vw, 741px\" \/><figcaption id=\"caption-attachment-3621\" class=\"wp-caption-text\">T\u00fai gi\u1eef nhi\u1ec7t b\u00ecnh s\u1eefa ch\u1ea5t l\u01b0\u1ee3ng t\u1ed1t, s\u1ea3n xu\u1ea5t theo y\u00eau c\u1ea7u<\/figcaption><\/figure>\n<figure id=\"attachment_3600\" aria-describedby=\"caption-attachment-3600\" style=\"width: 741px\" class=\"wp-caption alignnone\"><img loading=\"lazy\" decoding=\"async\" class=\"size-full wp-image-3600\" src=\"https:\/\/quatang5sao.com\/wp-content\/uploads\/2018\/04\/2394941249_1925502110.jpg\" alt=\"T\u00fai gi\u1eef nhi\u1ec7t chai v\u00e0 lon\" width=\"741\" height=\"686\" title=\"\" srcset=\"https:\/\/quatang5sao.com\/wp-content\/uploads\/2018\/04\/2394941249_1925502110.jpg 741w, https:\/\/quatang5sao.com\/wp-content\/uploads\/2018\/04\/2394941249_1925502110-510x472.jpg 510w, https:\/\/quatang5sao.com\/wp-content\/uploads\/2018\/04\/2394941249_1925502110-432x400.jpg 432w, https:\/\/quatang5sao.com\/wp-content\/uploads\/2018\/04\/2394941249_1925502110-600x555.jpg 600w\" sizes=\"auto, (max-width: 741px) 100vw, 741px\" \/><figcaption id=\"caption-attachment-3600\" class=\"wp-caption-text\">T\u00fai gi\u1eef nhi\u1ec7t chai v\u00e0 lon<\/figcaption><\/figure>\n<figure style=\"width: 742px\" class=\"wp-caption alignnone\"><img loading=\"lazy\" decoding=\"async\" class=\"size-full\" src=\"https:\/\/lh3.googleusercontent.com\/32BwbCMMp_7mXzppgfobRXFRSytcWll1ruYY7O-5tnGLVFs5Q_M3lOe1q-DEiYUAHyQ0Bq-wszmMSUC0ookQMCrMgoPDWvefGD-MAkmjDoevvSTVGNjnWkXFy3cYoWr1VC7bzrJHnvBuWTd6lN2s_gNnmSPKr64MtU1QnioUwnnjld-g_z_SaEb6mXfjVgJMgDihds2AcZV3JdFBPHQhQ0nacUEpUVqDav1JRB8FCWAnXbvqrzS9A9NR0TaHu0zWU4Ok2KeFqqB0OxFOhKeHPA8o5zFlPtDGmp1rUPEclaDte2mVj60armh6DJsEsLBRkIUjhNmW25JEVZiD5a8rurzBl8_onPa2S2_v3peBzz4FmbLHvux0CAu2QeJH1I6DQwRgUDXLgtpRPzqXKS7s2rcGMWijLFcE2GZl1AcGdAIgsVS3pkXAaOFU8LYRs2NaV8V_7HKIKdLapbYFfevmZoS7R37rMZ-0FFjQr1cXkWUDhuBIEeRQId7HgxYFxucE2MFtQoIO6mrbi2JBXRmHvFFytjisOtqWNcHkI3fKier_nRE8Q1NroQkRfoyZyjIvssiNV9m1upTu1d98eSGwJnNbGq0IkBBrtE31ScI=w742-h686-no\" alt=\"T\u00fai gi\u1eef nhi\u1ec7t b\u00ecnh s\u1eefa in logo theo y\u00eau c\u1ea7u\" width=\"742\" height=\"686\" title=\"\"><figcaption class=\"wp-caption-text\">T\u00fai gi\u1eef nhi\u1ec7t b\u00ecnh s\u1eefa in logo theo y\u00eau c\u1ea7u<\/figcaption><\/figure>","protected":false},"excerpt":{"rendered":"<p>T\u00fai gi\u1eef nhi\u1ec7t b\u00ecnh s\u1eefa T\u00fai gi\u1eef b\u00ecnh s\u1eefa c\u00f3 t\u00ednh n\u0103ng gi\u1eef nhi\u1ec7t, c\u00e1ch nhi\u1ec7t. \u0110\u01b0\u1ee3c l\u00e0m t\u1eeb x\u1ed1p c\u00e1ch nhi\u1ec7t n\u00ean gi\u00fap gi\u1eef \u0111\u1ee7 nhi\u1ec7t \u0111\u1ed9 cho s\u1eefa v\u00e0 c\u00e1c lo\u1ea1i \u0111\u1ed3 u\u1ed1ng kh\u00e1c. Gi\u00fap cho b\u00e9 con c\u1ee7a b\u1ea1n lu\u00f4n c\u00f3 th\u1ee9c u\u1ed1ng ngon nh\u1ea5t. S\u1ea3n ph\u1ea9m c\u00f3 nhi\u1ec1u m\u00e0u kh\u00e1c nhau, [&#8230;]\n","protected":false},"featured_media":3600,"comment_status":"open","ping_status":"closed","template":"","meta":[],"product_brand":[],"product_cat":[444],"product_tag":[447,448,450,449,451,445,446],"class_list":{"0":"post-3620","1":"product","2":"type-product","3":"status-publish","4":"has-post-thumbnail","6":"product_cat-tui-giu-nhiet-chai-lon","7":"product_tag-bao-giu-nhiet-chai-bia","8":"product_tag-bao-giu-nhiet-lon-bia","9":"product_tag-beer-holder","10":"product_tag-can-holder","11":"product_tag-stubby-holder","12":"product_tag-tui-giu-nhiet-chai-nuoc","13":"product_tag-tui-giu-nhiet-lon-bia","15":"first","16":"instock","17":"shipping-taxable","18":"product-type-simple"},"amp_enabled":true,"_links":{"self":[{"href":"https:\/\/quatang5sao.com\/en\/wp-json\/wp\/v2\/product\/3620","targetHints":{"allow":["GET"]}}],"collection":[{"href":"https:\/\/quatang5sao.com\/en\/wp-json\/wp\/v2\/product"}],"about":[{"href":"https:\/\/quatang5sao.com\/en\/wp-json\/wp\/v2\/types\/product"}],"replies":[{"embeddable":true,"href":"https:\/\/quatang5sao.com\/en\/wp-json\/wp\/v2\/comments?post=3620"}],"wp:featuredmedia":[{"embeddable":true,"href":"https:\/\/quatang5sao.com\/en\/wp-json\/wp\/v2\/media\/3600"}],"wp:attachment":[{"href":"https:\/\/quatang5sao.com\/en\/wp-json\/wp\/v2\/media?parent=3620"}],"wp:term":[{"taxonomy":"product_brand","embeddable":true,"href":"https:\/\/quatang5sao.com\/en\/wp-json\/wp\/v2\/product_brand?post=3620"},{"taxonomy":"product_cat","embeddable":true,"href":"https:\/\/quatang5sao.com\/en\/wp-json\/wp\/v2\/product_cat?post=3620"},{"taxonomy":"product_tag","embeddable":true,"href":"https:\/\/quatang5sao.com\/en\/wp-json\/wp\/v2\/product_tag?post=3620"}],"curies":[{"name":"wp","href":"https:\/\/api.w.org\/{rel}","templated":true}]}}