{"id":3616,"date":"2018-04-19T12:55:08","date_gmt":"2018-04-19T05:55:08","guid":{"rendered":"https:\/\/quatang5sao.com\/?post_type=product&#038;p=3616"},"modified":"2022-04-12T05:43:26","modified_gmt":"2022-04-11T22:43:26","slug":"tui-giu-nhiet-lon-bia-xop-giu-nhiet-lon-nuoc-mau-02","status":"publish","type":"product","link":"https:\/\/quatang5sao.com\/en\/tui-giu-nhiet-lon-bia-xop-giu-nhiet-lon-nuoc-mau-02\/","title":{"rendered":"Beer Holder - Beer Cooler - Stubby Holder - Model 02"},"content":{"rendered":"<h1><span style=\"color: #000000;\">T\u00fai gi\u1eef nhi\u1ec7t lon bia<\/span><\/h1>\n<p><span style=\"color: #000000;\">M\u1eabu 02 \u0111\u01b0\u1ee3c l\u00e0m t\u1eeb ch\u1ea5t li\u1ec7u m\u00fat, x\u1ed1p c\u00e1ch nhi\u1ec7t. Do \u0111\u1eb7c \u0111i\u1ec3m b\u00ean trong ch\u1ee9a nhi\u1ec1u l\u1ed7 kh\u00ed n\u00ean c\u00f3 hi\u1ec7u qu\u1ea3 c\u00e1ch nhi\u1ec7t kh\u00e1 t\u1ed1t. V\u00ec v\u1eady, s\u1ea3n ph\u1ea9m c\u00f3 th\u1ec3 gi\u00fap \u0111\u1ed3 u\u1ed1ng c\u1ee7a b\u1ea1n ngon h\u01a1n trong th\u1eddi gian d\u00e0i h\u01a1n. \u0110\u1ed3ng th\u1eddi, kh\u00f4ng b\u1ecb \u0111\u1ecdng n\u01b0\u1edbc b\u00ean ngo\u00e0i n\u00ean r\u1ea5t s\u1ea1ch s\u1ebd. So v\u1edbi kh\u00f4ng s\u1eed d\u1ee5ng x\u1ed1p gi\u1eef nhi\u1ec7t, h\u01a1i n\u01b0\u1edbc s\u1ebd b\u00e1m b\u00ean ngo\u00e0i v\u00e0 \u0111\u1ecdng l\u1ea1i th\u00e0nh n\u01b0\u1edbc, ch\u1ea3y xu\u1ed1ng b\u00e0n. C\u00f3 th\u1ec3 l\u00e0m b\u1ea9n ho\u1eb7c \u01b0\u1edbt nh\u1eefng b\u00e0n c\u00f3 s\u1eed d\u1ee5ng kh\u0103n tr\u1ea3i b\u00e0n.<\/span><\/p>\n<p><span style=\"color: #000000;\">Ngo\u00e0i ra, khi s\u1eed d\u1ee5ng \u0111\u1ec3 u\u1ed1ng \u0111\u1ed3 u\u1ed1ng n\u00f3ng c\u0169ng r\u1ea5t ti\u1ec7n l\u1ee3i. S\u1ea3n ph\u1ea9m s\u1ebd gi\u00fap b\u1ea1n kh\u00f4ng b\u1ecb b\u1ecfng tay m\u00e0 v\u1eabn th\u01b0\u1edfng th\u1ee9c \u0111\u01b0\u1ee3c \u0111\u1ed3 u\u1ed1ng.<\/span><\/p>\n<p><span style=\"color: #000000;\">Ch\u00fang t\u00f4i nh\u1eadn \u0111\u1eb7t h\u00e0ng <a href=\"https:\/\/quatang5sao.com\/en\/danh-muc\/tui-giu-nhiet-chai-lon\/\"><strong>m\u00fat x\u1ed1p c\u00e1ch nhi\u1ec7t lon n\u01b0\u1edbc<\/strong><\/a>, chai n\u01b0\u1edbc theo y\u00eau c\u1ea7u. \u0110\u1ed3ng th\u1eddi c\u00f3 th\u1ec3 <a href=\"https:\/\/quatang5sao.com\/en\/\"><strong>in logo<\/strong><\/a> v\u00e0 c\u00e1c th\u00f4ng tin l\u00ean s\u1ea3n ph\u1ea9m nh\u01b0 h\u00ecnh \u1ea3nh. Ch\u00fang t\u00f4i h\u1ed7 tr\u1ee3 thi\u1ebft k\u1ebf mi\u1ec5n ph\u00ed cho kh\u00e1ch h\u00e0ng n\u1ebfu qu\u00fd kh\u00e1ch ch\u01b0a c\u00f3 thi\u1ebft k\u1ebf. Mong \u0111\u01b0\u1ee3c h\u1ee3p t\u00e1c nhi\u1ec1u h\u01a1n v\u1edbi qu\u00fd kh\u00e1ch.<\/span><\/p>\n<h1><span style=\"color: #000000;\">H\u00ecnh \u1ea3nh <a href=\"https:\/\/quatang5sao.com\/en\/san-pham-qua-tang\/bao-giu-nhiet-cho-chai-va-lon-tui-giu-nhiet-chai-nuoc-mau-01\/\"><strong>m\u00fat x\u1ed1p gi\u1eef nhi\u1ec7t cho lon n\u01b0\u1edbc<\/strong><\/a><\/span><\/h1>\n<figure id=\"attachment_3618\" aria-describedby=\"caption-attachment-3618\" style=\"width: 1024px\" class=\"wp-caption alignnone\"><img loading=\"lazy\" decoding=\"async\" class=\"size-full wp-image-3618\" src=\"https:\/\/quatang5sao.com\/wp-content\/uploads\/2018\/04\/Tui-giu-nhiet-lon-bia-Mau-02-002.jpg\" alt=\"T\u00fai gi\u1eef nhi\u1ec7t lon bia c\u00f3 in logo v\u00e0 c\u00e1c th\u00f4ng tin kh\u00e1c theo y\u00eau c\u1ea7u\" width=\"1024\" height=\"768\" title=\"\" srcset=\"https:\/\/quatang5sao.com\/wp-content\/uploads\/2018\/04\/Tui-giu-nhiet-lon-bia-Mau-02-002.jpg 1024w, https:\/\/quatang5sao.com\/wp-content\/uploads\/2018\/04\/Tui-giu-nhiet-lon-bia-Mau-02-002-510x383.jpg 510w, https:\/\/quatang5sao.com\/wp-content\/uploads\/2018\/04\/Tui-giu-nhiet-lon-bia-Mau-02-002-533x400.jpg 533w, https:\/\/quatang5sao.com\/wp-content\/uploads\/2018\/04\/Tui-giu-nhiet-lon-bia-Mau-02-002-768x576.jpg 768w\" sizes=\"auto, (max-width: 1024px) 100vw, 1024px\" \/><figcaption id=\"caption-attachment-3618\" class=\"wp-caption-text\">T\u00fai gi\u1eef nhi\u1ec7t lon bia c\u00f3 in logo v\u00e0 c\u00e1c th\u00f4ng tin kh\u00e1c theo y\u00eau c\u1ea7u<\/figcaption><\/figure>\n<figure id=\"attachment_3617\" aria-describedby=\"caption-attachment-3617\" style=\"width: 1920px\" class=\"wp-caption alignnone\"><img loading=\"lazy\" decoding=\"async\" class=\"size-full wp-image-3617\" src=\"https:\/\/quatang5sao.com\/wp-content\/uploads\/2018\/04\/Tui-giu-nhiet-lon-bia-Mau-02-003.jpg\" alt=\"T\u00fai gi\u1eef nhi\u1ec7t lon bia l\u00e0m t\u1eeb m\u00fat x\u1ed1p c\u00e1ch nhi\u1ec7t\" width=\"1920\" height=\"976\" title=\"\" srcset=\"https:\/\/quatang5sao.com\/wp-content\/uploads\/2018\/04\/Tui-giu-nhiet-lon-bia-Mau-02-003.jpg 1920w, https:\/\/quatang5sao.com\/wp-content\/uploads\/2018\/04\/Tui-giu-nhiet-lon-bia-Mau-02-003-510x259.jpg 510w, https:\/\/quatang5sao.com\/wp-content\/uploads\/2018\/04\/Tui-giu-nhiet-lon-bia-Mau-02-003-787x400.jpg 787w, https:\/\/quatang5sao.com\/wp-content\/uploads\/2018\/04\/Tui-giu-nhiet-lon-bia-Mau-02-003-768x390.jpg 768w, https:\/\/quatang5sao.com\/wp-content\/uploads\/2018\/04\/Tui-giu-nhiet-lon-bia-Mau-02-003-1400x712.jpg 1400w, https:\/\/quatang5sao.com\/wp-content\/uploads\/2018\/04\/Tui-giu-nhiet-lon-bia-Mau-02-003-600x305.jpg 600w\" sizes=\"auto, (max-width: 1920px) 100vw, 1920px\" \/><figcaption id=\"caption-attachment-3617\" class=\"wp-caption-text\">T\u00fai gi\u1eef nhi\u1ec7t lon bia l\u00e0m t\u1eeb m\u00fat x\u1ed1p c\u00e1ch nhi\u1ec7t<\/figcaption><\/figure>\n<figure style=\"width: 1024px\" class=\"wp-caption alignnone\"><img loading=\"lazy\" decoding=\"async\" class=\"size-full\" src=\"https:\/\/lh3.googleusercontent.com\/WeXXNlvCWCN12lGxhPKwub-y7rZIH4U1wp4_bNuubUI-djGZv774mSy1DIEAaPIF4htEDKP4GRmtCSUYRgjaHOf18gWoaak3vBEx1Nne1GQ5jLB6aHvTEeRugED08A2Q5KUYNG7LcIss56jtXLtOCIHssAJXZ-qt3JgfGABn6J21TxS79xpPCnwL3K1hIaCL_VVgrsHJ6Odk-GbfQCRPTtpX0-TivxWf3-ALkTFy4V890HfLrAZvDUxtpGdv60_Ow8UplERcGzZbEQqDgVZYGrn5_-C6W082KQKMpzbW5mBwXn_UKRoX1Jyc5t-pFc5vhuuZ-V-nXjqTvQxPMp99enbkMHNI4cGUtx97G0-jxOock14Yhj3rIWD0WYqI32f9DWDU7BK-YzW0cpKc9n7268LmpudgmrxMoFDoyzh5g7V_JqP4DACw2cjCGacl0wBHD0KlAZgD4gLULEuBpbl6vpQ3g3A7r7stclxriLK8btO1z-1f47ceBx7ZRQlLQTSTF2xqJu_ShF76PZqvCL9mGCFOAZpTdtF8m2BAeYtgZTspgdTRCBVXVNccFtMvVg7jvctMyoRXvopAuORp3YzA6Mjbi8KON9O74j3k4ts=w1024-h768-no\" alt=\"T\u00fai gi\u1eef nhi\u1ec7t lon bia c\u00f3 l\u1ed7 tho\u00e1t kh\u00ed \u1edf \u0111\u00e1y\" width=\"1024\" height=\"768\" title=\"\"><figcaption class=\"wp-caption-text\">T\u00fai gi\u1eef nhi\u1ec7t lon bia c\u00f3 l\u1ed7 tho\u00e1t kh\u00ed \u1edf \u0111\u00e1y<\/figcaption><\/figure>\n<figure style=\"width: 813px\" class=\"wp-caption alignnone\"><img loading=\"lazy\" decoding=\"async\" class=\"size-full\" src=\"https:\/\/lh3.googleusercontent.com\/y4UmIb6faVa4Ndm3Qu1V668rxUJLYONHYw_WoBNdExOVQJFOn98_baROXc0FT2-ec6WJ-2KrbGMFZB1bBNFHOQ4Kq_RZa6xPATOiHY1fXYuxFjDv6zU-DixOKqIHyL7Hj0JniD_8pEUUp-2p8FJ4HY709kPcdeVdRefKv1QZfd62lI8Z2AcU22cCR74C05P4nYhILNtrHcuiNjyumQqT1OU0naDHLEDm_tGvs2EfJTklRwX6gakMkVnI-9w3nVuDLZr6rp0x_CrYnNmyF7kIXT-NRt-6lTY3-Uy-GGz3oUCZj6QvvcHzSMSYXdsdqLYHDT3-tOPZbLg4C4Ou_bWzwtc5cbZpEuIdRiLTpzswQCSTPNUpJno-MqcWTZ9SOXFgRuXW2GH6CrUc__XNkBo4qNzayrSJP7Jqjd00WGa1yCQcSEeE8UuY6rAIXoW7H_ZuzlA2r-cCtNT3_DM6TL4leTiXWlU0KhtLdE_BkyH-H_hT80RJJKkdnb_6xCuyNeJNZzhRcVujLcR5aJ1B83Y4HYTs8JWZ_X56kfVGm90fFPNsfEiCZ20DG0srj_BIZiUjejkURYnbVIDI4pp9BsLWPocZqYn8RFsD8bdkWTU=w813-h574-no\" alt=\"T\u00fai gi\u1eef nhi\u1ec7t lon bia c\u00f3 in logo theo y\u00eau c\u1ea7u c\u1ee7a kh\u00e1ch h\u00e0ng, h\u1ed7 tr\u1ee3 thi\u1ebft k\u1ebf\" width=\"813\" height=\"574\" title=\"\"><figcaption class=\"wp-caption-text\">T\u00fai gi\u1eef nhi\u1ec7t lon bia c\u00f3 in logo theo y\u00eau c\u1ea7u c\u1ee7a kh\u00e1ch h\u00e0ng, h\u1ed7 tr\u1ee3 thi\u1ebft k\u1ebf<\/figcaption><\/figure>\n<figure style=\"width: 1627px\" class=\"wp-caption alignnone\"><img loading=\"lazy\" decoding=\"async\" class=\"size-full\" src=\"https:\/\/lh3.googleusercontent.com\/eFLMOmy67V1ZHksF-vJSBXb_8LwhUQhyUtIo9pCxdp5_PR9SV1BnGgyhLQA0hrOiA2sL706Cgt10ed5q6zRlWyOI_zAxKULfCEZXT9CEc3qVeGvBfTpk9CE9szqK8pjECDBONMfcvLnsetP2r4o6_KVU6nlJLm3g-OoGex11BwGb_-A-FR6uMPP726L5yitil2NEY-2fw773-ruTQ6vLjxi02zRHzdEzTRrg8HtJJPmND6H9j0q0mZ2IZ6b-VApCoLqlV_RSFRJ9jXaqHKD9S1cV1M0Jt37h7L7SYhYDC3g6kyeTlqGC3doCT2wmkvfsayrwbTdex2-CIODu8yZ7NRzRV2f8NyWqVuKc_KhhMLccQyNr43FLKbourpCmSuypY3tUuD6NH5iXiytMipIhsRCvW5BBNN3ZY6CmmN0HYS21KuEP6cbkP33QUTU6mjE2we-NeWr13k4tzX79iBQb3te1TJ7X8jGYW5tkBHRgJvcGkpCVgWe0HdMULzXvIBTLyfrSd77gKd5IsdihyAeyAM9K8KlcW_jBgeQjEdIE1hDekYNjjNEg2tbAwT5rJ3QgQafBvaK4x4hC4fcX6Y_xzf70k3bgkHJ7vW1JAlk=w1627-h925-no\" alt=\"T\u00fai gi\u1eef nhi\u1ec7t lon bia c\u00f3 th\u1ec3 gi\u1eef l\u1ea1nh lon bia ho\u1eb7c lon n\u01b0\u1edbc l\u00e2u h\u01a1n b\u00ecnh th\u01b0\u1eddng\" width=\"1627\" height=\"925\" title=\"\"><figcaption class=\"wp-caption-text\">T\u00fai gi\u1eef nhi\u1ec7t lon bia c\u00f3 th\u1ec3 gi\u1eef l\u1ea1nh lon bia ho\u1eb7c lon n\u01b0\u1edbc l\u00e2u h\u01a1n b\u00ecnh th\u01b0\u1eddng<\/figcaption><\/figure>","protected":false},"excerpt":{"rendered":"<p>T\u00fai gi\u1eef nhi\u1ec7t lon bia M\u1eabu 02 \u0111\u01b0\u1ee3c l\u00e0m t\u1eeb ch\u1ea5t li\u1ec7u m\u00fat, x\u1ed1p c\u00e1ch nhi\u1ec7t. Do \u0111\u1eb7c \u0111i\u1ec3m b\u00ean trong ch\u1ee9a nhi\u1ec1u l\u1ed7 kh\u00ed n\u00ean c\u00f3 hi\u1ec7u qu\u1ea3 c\u00e1ch nhi\u1ec7t kh\u00e1 t\u1ed1t. V\u00ec v\u1eady, s\u1ea3n ph\u1ea9m c\u00f3 th\u1ec3 gi\u00fap \u0111\u1ed3 u\u1ed1ng c\u1ee7a b\u1ea1n ngon h\u01a1n trong th\u1eddi gian d\u00e0i h\u01a1n. \u0110\u1ed3ng th\u1eddi, kh\u00f4ng b\u1ecb [&#8230;]\n","protected":false},"featured_media":3617,"comment_status":"open","ping_status":"closed","template":"","meta":[],"product_brand":[],"product_cat":[444],"product_tag":[447,448,450,449,451,445,446],"class_list":{"0":"post-3616","1":"product","2":"type-product","3":"status-publish","4":"has-post-thumbnail","6":"product_cat-tui-giu-nhiet-chai-lon","7":"product_tag-bao-giu-nhiet-chai-bia","8":"product_tag-bao-giu-nhiet-lon-bia","9":"product_tag-beer-holder","10":"product_tag-can-holder","11":"product_tag-stubby-holder","12":"product_tag-tui-giu-nhiet-chai-nuoc","13":"product_tag-tui-giu-nhiet-lon-bia","15":"first","16":"instock","17":"shipping-taxable","18":"product-type-simple"},"amp_enabled":true,"_links":{"self":[{"href":"https:\/\/quatang5sao.com\/en\/wp-json\/wp\/v2\/product\/3616","targetHints":{"allow":["GET"]}}],"collection":[{"href":"https:\/\/quatang5sao.com\/en\/wp-json\/wp\/v2\/product"}],"about":[{"href":"https:\/\/quatang5sao.com\/en\/wp-json\/wp\/v2\/types\/product"}],"replies":[{"embeddable":true,"href":"https:\/\/quatang5sao.com\/en\/wp-json\/wp\/v2\/comments?post=3616"}],"wp:featuredmedia":[{"embeddable":true,"href":"https:\/\/quatang5sao.com\/en\/wp-json\/wp\/v2\/media\/3617"}],"wp:attachment":[{"href":"https:\/\/quatang5sao.com\/en\/wp-json\/wp\/v2\/media?parent=3616"}],"wp:term":[{"taxonomy":"product_brand","embeddable":true,"href":"https:\/\/quatang5sao.com\/en\/wp-json\/wp\/v2\/product_brand?post=3616"},{"taxonomy":"product_cat","embeddable":true,"href":"https:\/\/quatang5sao.com\/en\/wp-json\/wp\/v2\/product_cat?post=3616"},{"taxonomy":"product_tag","embeddable":true,"href":"https:\/\/quatang5sao.com\/en\/wp-json\/wp\/v2\/product_tag?post=3616"}],"curies":[{"name":"wp","href":"https:\/\/api.w.org\/{rel}","templated":true}]}}