{"id":3606,"date":"2018-04-12T23:13:39","date_gmt":"2018-04-12T16:13:39","guid":{"rendered":"https:\/\/quatang5sao.com\/?post_type=product&#038;p=3606"},"modified":"2018-04-12T23:13:39","modified_gmt":"2018-04-12T16:13:39","slug":"goi-hoi-du-lich-goi-ngu-van-phong-mau-04","status":"publish","type":"product","link":"https:\/\/quatang5sao.com\/en\/goi-hoi-du-lich-goi-ngu-van-phong-mau-04\/","title":{"rendered":"G\u1ed1i h\u01a1i du l\u1ecbch &#8211; G\u1ed1i ng\u1ee7 v\u0103n ph\u00f2ng &#8211; M\u1eabu 04"},"content":{"rendered":"<h1><span style=\"color: #000000;\">G\u1ed1i h\u01a1i du l\u1ecbch<\/span><\/h1>\n<p><span style=\"color: #000000;\">\u0110\u01b0\u1ee3c bi\u1ebft \u0111\u1ebfn v\u1edbi h\u00ecnh d\u1ea1ng ph\u1ed5 bi\u1ebfn l\u00e0 <a href=\"https:\/\/quatang5sao.com\/en\/san-pham-qua-tang\/goi-chu-u-mau-01\/\"><strong>g\u1ed1i h\u01a1i ch\u1eef u<\/strong><\/a> (ho\u1eb7c c\u00f3 ng\u01b0\u1eddi g\u1ecdi l\u00e0 <a href=\"https:\/\/quatang5sao.com\/en\/san-pham-qua-tang\/goi-chu-u-mau-02\/\"><strong>g\u1ed1i h\u01a1i ch\u1eef c<\/strong><\/a>) \u0111\u1ec1u \u0111\u00fang. Nh\u01b0ng s\u1ea3n ph\u1ea9m n\u00e0y thay v\u00ec d\u1ea1ng <a href=\"https:\/\/quatang5sao.com\/en\/san-pham-qua-tang\/goi-chu-u-mau-03\/\"><strong>g\u1ed1i ch\u1eef u<\/strong><\/a> th\u00ec l\u1ea1i \u0111\u01b0\u1ee3c thi\u1ebft k\u1ebf h\u00ecnh ch\u1eef nh\u1eadt. Ph\u00f9 h\u1ee3p l\u00e0m <a href=\"https:\/\/quatang5sao.com\/en\/danh-muc\/goi-hoi-chu-u\/\"><strong>g\u1ed1i ng\u1ee7 v\u0103n ph\u00f2ng<\/strong><\/a>, ho\u1eb7c \u0111i du l\u1ecbch. L\u00fac ng\u1ee7 trong l\u1ec1u ho\u1eb7c nh\u1eefng n\u01a1i du l\u1ecbch th\u00ec s\u1eed d\u1ee5ng g\u1ed1i d\u1ea1ng ch\u1eef nh\u1eadt n\u00e0y h\u1ee3p l\u00fd h\u01a1n, d\u1ec3 ng\u1ee7 h\u01a1n.<\/span><\/p>\n<p><span style=\"color: #000000;\">G\u1ed1i lo\u1ea1i n\u00e0y c\u00f3 <strong>3 m\u00e0u<\/strong> ch\u00ednh: \u0111\u1ecf, xanh lam v\u00e0 x\u00e1m. <strong>K\u00edch th\u01b0\u1edbc<\/strong>: 23x37cm. <strong>N\u1eb7ng<\/strong> 50g. Khi c\u1ea7n c\u00f3 th\u1ec3 th\u1ed5i ph\u1ed3ng l\u00ean ho\u1eb7c x\u00ec h\u01a1i x\u1eb9p l\u1ea1i n\u00ean c\u00f3 th\u1ec3 g\u1ecdi l\u00e0 ti\u1ec7n l\u1ee3i \u0111\u1ee7 \u0111\u01b0\u1eddng. Ngo\u00e0i ra, g\u1ed1i c\u00f3 th\u1ec3 <a href=\"https:\/\/quatang5sao.com\/en\/\"><strong>in logo<\/strong><\/a> v\u00e0 c\u00e1c th\u00f4ng tin kh\u00e1c, n\u00ean c\u00e0ng c\u00f3 \u00fd ngh\u0129a v\u1edbi c\u00e1c c\u00f4ng ty du l\u1ecbch, qu\u1ea3ng c\u00e1o. V\u1edbi m\u1ee5c \u0111\u00edch t\u0103ng nh\u1eadn di\u1ec7n th\u01b0\u01a1ng hi\u1ec7u m\u00e0 gi\u00e1 th\u00e0nh r\u1ebb, th\u00ec \u0111\u00e2y l\u00e0 m\u1ed9t trong nh\u1eefng lo\u1ea1i <a href=\"https:\/\/quatang5sao.com\/en\/tu-khoa\/qua-tang-doanh-nghiep\/\"><strong>qu\u00e0 t\u1eb7ng doanh nghi\u1ec7p<\/strong><\/a> h\u1ee3p l\u00fd nh\u1ea5t.<\/span><\/p>\n<p><span style=\"color: #000000;\">Qu\u00fd kh\u00e1ch c\u00f3 nhu c\u1ea7u xin li\u00ean h\u1ec7 tr\u1ef1c ti\u1ebfp \u0111\u1ec3 c\u00f3 gi\u00e1 t\u1ed1t nh\u1ea5t. Ch\u00fang t\u00f4i r\u1ea5t vui l\u00f2ng \u0111\u01b0\u1ee3c ph\u1ee5c v\u1ee5 qu\u00fd kh\u00e1ch.<\/span><\/p>\n<h1><span style=\"color: #000000;\">H\u00ecnh \u1ea3nh g\u1ed1i h\u01a1i gi\u00e1 r\u1ebb<\/span><\/h1>\n<figure id=\"attachment_3607\" aria-describedby=\"caption-attachment-3607\" style=\"width: 1920px\" class=\"wp-caption alignnone\"><img loading=\"lazy\" decoding=\"async\" class=\"size-full wp-image-3607\" src=\"https:\/\/quatang5sao.com\/wp-content\/uploads\/2018\/04\/Goi-hoi-du-lich-Mau-04-001.jpg\" alt=\"G\u1ed1i h\u01a1i du l\u1ecbch gi\u00e1 r\u1ebb\" width=\"1920\" height=\"1440\" title=\"\" srcset=\"https:\/\/quatang5sao.com\/wp-content\/uploads\/2018\/04\/Goi-hoi-du-lich-Mau-04-001.jpg 1920w, https:\/\/quatang5sao.com\/wp-content\/uploads\/2018\/04\/Goi-hoi-du-lich-Mau-04-001-510x383.jpg 510w, https:\/\/quatang5sao.com\/wp-content\/uploads\/2018\/04\/Goi-hoi-du-lich-Mau-04-001-533x400.jpg 533w, https:\/\/quatang5sao.com\/wp-content\/uploads\/2018\/04\/Goi-hoi-du-lich-Mau-04-001-768x576.jpg 768w, https:\/\/quatang5sao.com\/wp-content\/uploads\/2018\/04\/Goi-hoi-du-lich-Mau-04-001-1067x800.jpg 1067w\" sizes=\"auto, (max-width: 1920px) 100vw, 1920px\" \/><figcaption id=\"caption-attachment-3607\" class=\"wp-caption-text\">G\u1ed1i h\u01a1i du l\u1ecbch gi\u00e1 r\u1ebb v\u00e0 ti\u1ec7n d\u1ee5ng cho ng\u01b0\u1eddi \u01b0a d\u1ecbch chuy\u1ec3n<\/figcaption><\/figure>\n<figure style=\"width: 1234px\" class=\"wp-caption alignnone\"><img loading=\"lazy\" decoding=\"async\" class=\"size-full\" src=\"https:\/\/lh3.googleusercontent.com\/XEjROf8hKsNopXFSAAQf3uhAhgaCXbl0NEPZMyT4iSy5sybs6r718_We1wmYkDgcrLrtj49qxlpZ6_SMWuf_9ETMBwmHTiwLqiTWxYP9Qo9zS2fqlIPLK02DKWtzscMP8BrNey4OWHEV1-mPadqXiBbWcqgWBIX1H_NEYUBykCjpah2BfGvxgX-rV3r60Aw0y59vCMcYAcaBI2HNfXqM7MXKRuX-HulE4k4rueO6HXI0cxkyjUeqn85oSKPAJ92kphCaydS2a4Eaig0iTXxPXV8N8G1nF5RuN3yvH3nrpAALM33jSoVP6izEFwqrYRhMawG9tnykpTGc9ck8mf2VCumGAXfsInni0F-66wUSCxY4ss4isK2M6foAW7ZN3NGv4UDf35V7spFmQ0RtYg4ql-JZjIU9yW8gO8dCR4eMzju03pLr7bhjX1j2DHUMmYW2ZydIHD-ObBQZKaPTugFEhxdZTp_CJ8z29Mjch10p7UWZt09nIk8kzqdcTCcvtxPhK8BV3M-FHmp13ajMjJhyXiMJ5cJyibN-ML7THusFx0lNLzPgFHTEQ6d1f5MNIrSMZy2gAAiQfo-lNvsFNHIK9OmLyEvkAprfHXI_G3E=w1234-h926-no\" alt=\"G\u1ed1i h\u01a1i du l\u1ecbch c\u00f3 th\u1ec3 s\u1eed d\u1ee5ng l\u00e0m g\u1ed1i ng\u1ee7 v\u0103n ph\u00f2ng\" width=\"1234\" height=\"926\" title=\"\"><figcaption class=\"wp-caption-text\">G\u1ed1i h\u01a1i du l\u1ecbch c\u00f3 th\u1ec3 s\u1eed d\u1ee5ng l\u00e0m g\u1ed1i ng\u1ee7 v\u0103n ph\u00f2ng<\/figcaption><\/figure>\n<p>&nbsp;<\/p>\n<figure id=\"attachment_3608\" aria-describedby=\"caption-attachment-3608\" style=\"width: 790px\" class=\"wp-caption alignnone\"><img loading=\"lazy\" decoding=\"async\" class=\"size-full wp-image-3608\" src=\"https:\/\/quatang5sao.com\/wp-content\/uploads\/2018\/04\/Goi-hoi-du-lich-Mau-04-004.jpg\" alt=\"G\u1ed1i h\u01a1i du l\u1ecbch ch\u1ea5t l\u01b0\u1ee3ng t\u1ed1t gi\u00e1 r\u1ebb\" width=\"790\" height=\"433\" title=\"\" srcset=\"https:\/\/quatang5sao.com\/wp-content\/uploads\/2018\/04\/Goi-hoi-du-lich-Mau-04-004.jpg 790w, https:\/\/quatang5sao.com\/wp-content\/uploads\/2018\/04\/Goi-hoi-du-lich-Mau-04-004-510x280.jpg 510w, https:\/\/quatang5sao.com\/wp-content\/uploads\/2018\/04\/Goi-hoi-du-lich-Mau-04-004-730x400.jpg 730w, https:\/\/quatang5sao.com\/wp-content\/uploads\/2018\/04\/Goi-hoi-du-lich-Mau-04-004-768x421.jpg 768w, https:\/\/quatang5sao.com\/wp-content\/uploads\/2018\/04\/Goi-hoi-du-lich-Mau-04-004-600x329.jpg 600w\" sizes=\"auto, (max-width: 790px) 100vw, 790px\" \/><figcaption id=\"caption-attachment-3608\" class=\"wp-caption-text\">G\u1ed1i h\u01a1i du l\u1ecbch ti\u1ec7n d\u1ee5ng khi \u0111i du l\u1ecbch, gi\u00e1 r\u1ebb, b\u1ec1n<\/figcaption><\/figure>\n<figure style=\"width: 790px\" class=\"wp-caption alignnone\"><img loading=\"lazy\" decoding=\"async\" class=\"size-full\" src=\"https:\/\/lh3.googleusercontent.com\/6RovMU2fuVRKEN69ICRu6kbM0TL1L4iiCtSFE7HR3P8F2N2xXi_4e8smvfq1oIUxh9orqCmhiTukRnWdfbE9QleaOz885l1pxcSh3hXGR0l6w-xx4mpPtOHRGSCoWDgFJawm3n66VKzc9TDRT-adLzCzTecHMqs1WEjZ18oF3_WD-OLd6_CNk5FF-WonRVksYlJuOuvbZXTLdDgZGFdb6BQQmp1Rdcd9KiASsu67T4q3U_pnEby6VrpUZtPeyo9yMHGYlVEO1kNz3zoLF2ovdyXF-2TBhhun8_9H9NjppsUcH7QFd1TnIr-yYsLzEnndSRKLLBlbi2mu_MtmmLC5CuVHGdw6aHOfB-UTAFeR16rxB_wCv7odXjuiPMvuoVMzKyyWNpUL_0dwvzyhHK8IquEBbAVQUiC7_iVVZtuBq8B2sKHuPWCYHFu-RyghfOKKhLrTtjwVU4nWZb0AIiQBolcqzr1mTLM6eptzsh5qwXcXsCmp4VfW7cSa-uZPz-ZX_R2AG-4mtoHJyIApWfzF5hECkvGkD608Q4rCw1QntJQqDKBHtxK-iMEtRUX5qikv-UTLFsnWDKoGf1LiXCkPijsKXNEVs6cMwn5vGLU=w790-h346-no\" alt=\"G\u1ed1i h\u01a1i du l\u1ecbch gi\u00e1 r\u1ebb c\u00f2n s\u1eed d\u1ee5ng l\u00e0m g\u1ed1i ng\u1ee7 v\u0103n ph\u00f2ng r\u1ea5t ti\u1ec7n l\u1ee3i\" width=\"790\" height=\"346\" title=\"\"><figcaption class=\"wp-caption-text\">G\u1ed1i h\u01a1i du l\u1ecbch gi\u00e1 r\u1ebb c\u00f2n s\u1eed d\u1ee5ng l\u00e0m g\u1ed1i ng\u1ee7 v\u0103n ph\u00f2ng r\u1ea5t ti\u1ec7n l\u1ee3i<\/figcaption><\/figure>\n<figure style=\"width: 790px\" class=\"wp-caption alignnone\"><img loading=\"lazy\" decoding=\"async\" class=\"size-full\" src=\"https:\/\/lh3.googleusercontent.com\/qAbhVGHJLTXn5D_C7ZNGvlV0lMC8PW_3RnynkjVIx4WSvg-uioxOZid4DqXt287gzprgxD8t4hArpv_9PrtvX32uIkW8BzOVIWGwwvMrQBm-s0C9r5BDPly2j940Twsa3i3lebhJRGwOG0YOYb7SfTz2_QwYRgaXGIbtdboJr42AfZ7SC7L8bBQdzGPmsAQYh3c-uzbR4yjxLDb76_47t6nucoB7jdF5FMcSdUJ1gajc__X8lZKO9285j7Ofp4sNzO1k4tyG6rQeiSQ2wCPEyPYj5O7drlYpIO8q3qOCmgE0HOq0INuRWON8QExd-mnOLokEEKriWYl2NinA76NSGJsssEkZSQmu2E7sbEQ-5slCUnZcQrP-K4abwbjOx3bMpx6Ehkhc0NVjsJD9s6Acrik7ZL0A-Sq04Ty6X70H1p3S_H1hSlVJ9N8JL8KE4YJvKHl6EVwqA6WNBKcNQRgTovG8wjExc1YVrtsHMDEyDD7rC-2LlCb7Vgs9ZikHzyO_-fsFWOsuqUml-PbUUWHT8HRTCDg2bd67GfDMyD2JbJM-X9ghbejyrL4AMzLzYj50ffc2u27b0i9D7hU-paQQjGN6n1l0g56ai8m80u4=w790-h651-no\" alt=\"G\u1ed1i h\u01a1i du l\u1ecbch c\u00f3 k\u00edch th\u01b0\u1edbc 23x37cm \" width=\"790\" height=\"651\" title=\"\"><figcaption class=\"wp-caption-text\">G\u1ed1i h\u01a1i du l\u1ecbch c\u00f3 k\u00edch th\u01b0\u1edbc 23x37cm<\/figcaption><\/figure>\n<figure style=\"width: 790px\" class=\"wp-caption alignnone\"><img loading=\"lazy\" decoding=\"async\" class=\"size-full\" src=\"https:\/\/lh3.googleusercontent.com\/03NAkOjuAZJLNYAKaA9ubEAdXmhx-hJX9sLg5M9_zjz5bTSBlkRATYeAD9s_vkcYeVcKK439bTglDdB5Exf_oAFFbN0ww9ZswwSvCVST7n-HF8qvoSdKxqIhfrCwA0DCBucV60vM7Q3mUgeDTU9hDVvi5Dft8v7uKz8J0EdRsFXeVuUi1YAQqZWGpY_tpJByxAck9MUX-BdoWFFiwk6BAvqTqHuSouKLUQKEly1nk73RvhTu2tP4K_uCZonqHtyOYAYH_E1KVp19XBTxcs4hR66u9B5bx3g9NQz26ifzI__8WrIM8JQxpQ0zP4ywO-QvyMnWMhso-LhC-d1GsDL_UF7nFrLuciwmtBHIoQY58sk54ld3LIDP3gy71Mv2JTGoqZEeqpUpJb2a7nOyYbwKxn7H1FnRRwPYpz2X1sOlHblPmVc21xgR8263QlOvHWa5K9dgsJ9KRCc7pbLmd0KvPAjrsktXyMLLDU7KacdwuXMy17PmlENiXOMZNQja7nKhpI3dIoG1yD7HupgkUE0R4LZmhs8ZQbx0nJKJiHh2cyxN6OhdY7UB2Ida0VUMK5d4o5QhAOkcyWmr9jZRnRXqH41AebvADZCVwrk0-YA=w790-h724-no\" alt=\"G\u1ed1i h\u01a1i du l\u1ecbch c\u00f3 ba m\u00e0u c\u01a1 b\u1ea3n l\u00e0 \u0111\u1ecf, xanh lam v\u00e0 x\u00e1m\" width=\"790\" height=\"724\" title=\"\"><figcaption class=\"wp-caption-text\">G\u1ed1i h\u01a1i du l\u1ecbch c\u00f3 ba m\u00e0u c\u01a1 b\u1ea3n l\u00e0 \u0111\u1ecf, xanh lam v\u00e0 x\u00e1m<\/figcaption><\/figure>","protected":false},"excerpt":{"rendered":"<p>G\u1ed1i h\u01a1i du l\u1ecbch \u0110\u01b0\u1ee3c bi\u1ebft \u0111\u1ebfn v\u1edbi h\u00ecnh d\u1ea1ng ph\u1ed5 bi\u1ebfn l\u00e0 g\u1ed1i h\u01a1i ch\u1eef u (ho\u1eb7c c\u00f3 ng\u01b0\u1eddi g\u1ecdi l\u00e0 g\u1ed1i h\u01a1i ch\u1eef c) \u0111\u1ec1u \u0111\u00fang. Nh\u01b0ng s\u1ea3n ph\u1ea9m n\u00e0y thay v\u00ec d\u1ea1ng g\u1ed1i ch\u1eef u th\u00ec l\u1ea1i \u0111\u01b0\u1ee3c thi\u1ebft k\u1ebf h\u00ecnh ch\u1eef nh\u1eadt. Ph\u00f9 h\u1ee3p l\u00e0m g\u1ed1i ng\u1ee7 v\u0103n ph\u00f2ng, ho\u1eb7c \u0111i [&#8230;]\n","protected":false},"featured_media":3608,"comment_status":"open","ping_status":"closed","template":"","meta":[],"product_brand":[],"product_cat":[250],"product_tag":[452,355,457,453,354,356,357,456,455,454],"class_list":{"0":"post-3606","1":"product","2":"type-product","3":"status-publish","4":"has-post-thumbnail","6":"product_cat-goi-hoi-chu-u","7":"product_tag-goi-chu-c","8":"product_tag-goi-chu-u","9":"product_tag-goi-chu-u-gia-re","10":"product_tag-goi-chu-u-tphcm-gia-re","11":"product_tag-goi-hoi","12":"product_tag-goi-hoi-chu-u","13":"product_tag-goi-hoi-du-lich","14":"product_tag-goi-ke-co-chu-u","15":"product_tag-goi-ngu-chu-u","16":"product_tag-goi-ngu-van-phong","18":"first","19":"instock","20":"shipping-taxable","21":"product-type-simple"},"amp_enabled":true,"_links":{"self":[{"href":"https:\/\/quatang5sao.com\/en\/wp-json\/wp\/v2\/product\/3606","targetHints":{"allow":["GET"]}}],"collection":[{"href":"https:\/\/quatang5sao.com\/en\/wp-json\/wp\/v2\/product"}],"about":[{"href":"https:\/\/quatang5sao.com\/en\/wp-json\/wp\/v2\/types\/product"}],"replies":[{"embeddable":true,"href":"https:\/\/quatang5sao.com\/en\/wp-json\/wp\/v2\/comments?post=3606"}],"wp:featuredmedia":[{"embeddable":true,"href":"https:\/\/quatang5sao.com\/en\/wp-json\/wp\/v2\/media\/3608"}],"wp:attachment":[{"href":"https:\/\/quatang5sao.com\/en\/wp-json\/wp\/v2\/media?parent=3606"}],"wp:term":[{"taxonomy":"product_brand","embeddable":true,"href":"https:\/\/quatang5sao.com\/en\/wp-json\/wp\/v2\/product_brand?post=3606"},{"taxonomy":"product_cat","embeddable":true,"href":"https:\/\/quatang5sao.com\/en\/wp-json\/wp\/v2\/product_cat?post=3606"},{"taxonomy":"product_tag","embeddable":true,"href":"https:\/\/quatang5sao.com\/en\/wp-json\/wp\/v2\/product_tag?post=3606"}],"curies":[{"name":"wp","href":"https:\/\/api.w.org\/{rel}","templated":true}]}}