{"id":3601,"date":"2018-04-10T00:50:24","date_gmt":"2018-04-09T17:50:24","guid":{"rendered":"https:\/\/quatang5sao.com\/?post_type=product&#038;p=3601"},"modified":"2018-04-10T00:50:24","modified_gmt":"2018-04-09T17:50:24","slug":"bao-giu-nhiet-cho-chai-va-lon-tui-giu-nhiet-chai-nuoc-mau-01","status":"publish","type":"product","link":"https:\/\/quatang5sao.com\/en\/bao-giu-nhiet-cho-chai-va-lon-tui-giu-nhiet-chai-nuoc-mau-01\/","title":{"rendered":"Stubby Holder Made From Wool - Model 1"},"content":{"rendered":"<h1><span style=\"color: #000000;\">Bao gi\u1eef nhi\u1ec7t cho chai v\u00e0 lon<\/span><\/h1>\n<p><span style=\"color: #000000;\">M\u1eabu 01 l\u00e0 s\u1ea3n ph\u1ea9m <a href=\"https:\/\/quatang5sao.com\/en\/danh-muc\/tui-giu-nhiet-chai-lon\/\"><strong>gi\u1eef nhi\u1ec7t chai bia<\/strong><\/a> s\u1eed d\u1ee5ng v\u1eadt li\u1ec7u l\u00e0 len. \u01afu \u0111i\u1ec3m l\u00e0 d\u1ec5 in theo c\u00e1c thi\u1ebft k\u1ebf c\u1ee7a kh\u00e1ch h\u00e0ng, th\u00e2n thi\u1ec7n v\u1edbi m\u00f4i tr\u01b0\u1eddng, ph\u00f9 h\u1ee3p khi s\u1eed d\u1ee5ng v\u1edbi th\u1ee9c u\u1ed1ng n\u00f3ng. \u0110i\u1ec1u n\u00e0y l\u00e0 do len c\u00f3 th\u1ec3 gi\u1eef \u1ea5m t\u1ed1t, kh\u00f4ng b\u1ecb \u01b0\u1edbt nh\u01b0 khi d\u00f9ng v\u1edbi \u0111\u1ed3 u\u1ed1ng l\u1ea1nh.<\/span><\/p>\n<p><span style=\"color: #000000;\">Nh\u01b0\u1ee3c \u0111i\u1ec3m l\u00e0 khi d\u00f9ng v\u1edbi \u0111\u1ed3 u\u1ed1ng l\u1ea1nh th\u00ec \u0111\u1ecdng gi\u1ecdt n\u01b0\u1edbc l\u00ean b\u1ec1 m\u1eb7t len l\u00e0m \u01b0\u1edbt len. T\u1eeb \u0111\u00f3 l\u00e0m m\u1ea5t t\u00e1c d\u1ee5ng c\u00e1ch nhi\u1ec7t c\u1ee7a len. V\u00ec v\u1eady, v\u1edbi c\u00e1c \u0111\u1ed3 u\u1ed1ng l\u1ea1nh qu\u00fd kh\u00e1ch tham kh\u1ea3o th\u00eam c\u00e1c m\u1eabu kh\u00e1c c\u1ee7a ch\u00fang t\u00f4i cung c\u1ea5p.<\/span><\/p>\n<p><span style=\"color: #000000;\">Qu\u00fd kh\u00e1ch c\u00f3 nhu c\u1ea7u \u0111\u1eb7t h\u00e0ng m\u1eabu <strong>t\u00fai gi\u1eef nhi\u1ec7t chai n\u01b0\u1edbc<\/strong> n\u00e0y xin li\u00ean h\u1ec7 tr\u1ef1c ti\u1ebfp v\u1edbi ch\u00fang t\u00f4i \u0111\u1ec3 c\u00f3 gi\u00e1 c\u1ee5 th\u1ec3 v\u00e0 t\u1ed1t nh\u1ea5t.<\/span><\/p>\n<h1><span style=\"color: #000000;\">H\u00ecnh \u1ea3nh bao gi\u1eef nhi\u1ec7t chai bia<\/span><\/h1>\n<figure id=\"attachment_3603\" aria-describedby=\"caption-attachment-3603\" style=\"width: 750px\" class=\"wp-caption alignnone\"><img loading=\"lazy\" decoding=\"async\" class=\"size-full wp-image-3603\" src=\"https:\/\/quatang5sao.com\/wp-content\/uploads\/2018\/04\/Tui-giu-nhiet-chai-va-lon-Mau-01-003.jpg\" alt=\"T\u00fai gi\u1eef nhi\u1ec7t chai bia v\u00e0 lon bia\" width=\"750\" height=\"750\" title=\"\" srcset=\"https:\/\/quatang5sao.com\/wp-content\/uploads\/2018\/04\/Tui-giu-nhiet-chai-va-lon-Mau-01-003.jpg 750w, https:\/\/quatang5sao.com\/wp-content\/uploads\/2018\/04\/Tui-giu-nhiet-chai-va-lon-Mau-01-003-247x247.jpg 247w, https:\/\/quatang5sao.com\/wp-content\/uploads\/2018\/04\/Tui-giu-nhiet-chai-va-lon-Mau-01-003-100x100.jpg 100w, https:\/\/quatang5sao.com\/wp-content\/uploads\/2018\/04\/Tui-giu-nhiet-chai-va-lon-Mau-01-003-510x510.jpg 510w, https:\/\/quatang5sao.com\/wp-content\/uploads\/2018\/04\/Tui-giu-nhiet-chai-va-lon-Mau-01-003-280x280.jpg 280w, https:\/\/quatang5sao.com\/wp-content\/uploads\/2018\/04\/Tui-giu-nhiet-chai-va-lon-Mau-01-003-400x400.jpg 400w, https:\/\/quatang5sao.com\/wp-content\/uploads\/2018\/04\/Tui-giu-nhiet-chai-va-lon-Mau-01-003-120x120.jpg 120w, https:\/\/quatang5sao.com\/wp-content\/uploads\/2018\/04\/Tui-giu-nhiet-chai-va-lon-Mau-01-003-300x300.jpg 300w\" sizes=\"auto, (max-width: 750px) 100vw, 750px\" \/><figcaption id=\"caption-attachment-3603\" class=\"wp-caption-text\">T\u00fai gi\u1eef nhi\u1ec7t chai bia v\u00e0 lon bia<\/figcaption><\/figure>\n<figure id=\"attachment_3602\" aria-describedby=\"caption-attachment-3602\" style=\"width: 750px\" class=\"wp-caption alignnone\"><img loading=\"lazy\" decoding=\"async\" class=\"size-full wp-image-3602\" src=\"https:\/\/quatang5sao.com\/wp-content\/uploads\/2018\/04\/Tui-giu-nhiet-chai-va-lon-Mau-01-005.jpg\" alt=\"T\u00fai gi\u1eef nhi\u1ec7t chai bia v\u00e0 lon bia\" width=\"750\" height=\"750\" title=\"\" srcset=\"https:\/\/quatang5sao.com\/wp-content\/uploads\/2018\/04\/Tui-giu-nhiet-chai-va-lon-Mau-01-005.jpg 750w, https:\/\/quatang5sao.com\/wp-content\/uploads\/2018\/04\/Tui-giu-nhiet-chai-va-lon-Mau-01-005-247x247.jpg 247w, https:\/\/quatang5sao.com\/wp-content\/uploads\/2018\/04\/Tui-giu-nhiet-chai-va-lon-Mau-01-005-100x100.jpg 100w, https:\/\/quatang5sao.com\/wp-content\/uploads\/2018\/04\/Tui-giu-nhiet-chai-va-lon-Mau-01-005-510x510.jpg 510w, https:\/\/quatang5sao.com\/wp-content\/uploads\/2018\/04\/Tui-giu-nhiet-chai-va-lon-Mau-01-005-280x280.jpg 280w, https:\/\/quatang5sao.com\/wp-content\/uploads\/2018\/04\/Tui-giu-nhiet-chai-va-lon-Mau-01-005-400x400.jpg 400w, https:\/\/quatang5sao.com\/wp-content\/uploads\/2018\/04\/Tui-giu-nhiet-chai-va-lon-Mau-01-005-120x120.jpg 120w, https:\/\/quatang5sao.com\/wp-content\/uploads\/2018\/04\/Tui-giu-nhiet-chai-va-lon-Mau-01-005-600x600.jpg 600w\" sizes=\"auto, (max-width: 750px) 100vw, 750px\" \/><figcaption id=\"caption-attachment-3602\" class=\"wp-caption-text\">T\u00fai gi\u1eef nhi\u1ec7t chai bia v\u00e0 lon bia<\/figcaption><\/figure>\n<figure style=\"width: 750px\" class=\"wp-caption alignnone\"><img loading=\"lazy\" decoding=\"async\" class=\"size-full\" src=\"https:\/\/lh3.googleusercontent.com\/7eb0WpdgNiOS3JteIcY4mo_lub_KpirPH3S3NfwS15dRAa1W-TQD8cZzrqR4_Yu9s8otHkHOWS5xeYogI6uRCZiiKaASpE_y3OKSynSWhVWHw69VAxcsURJ1hN7LpDv1UqO4dPGTmq_QUwvCilKuCqWhdwEyH3m3WhV6sm0SBzTW_F3pWFgDTOhMxXgh0JnYCXDBGbAci1K3GbWctriB1mqzw0XO0vFQ6x8lnZVqX0D3yvvwJp8xhQU3XRQFyMv7xpJWcOWkcxbOhts7JMm4eYb0x3aRBS8TykCCKRP2E3wLZuPHKtlbmyiIYA03gLmjCGTQgkAioHwAHribySEXxR1OFIV0QhFCzlInPXNn9XF5qvCZAJW2N58Ws_OA2u7FaRcYOqWGSwy8xSG7nR62EPBYwZORxH2D693EyWj6bYifWaCtrK3xDn65D_t3i1ijbxqZBsLQFniGfxZH5gXUSE_VHGVsX7xjtTOfGZqKAzo8c5wUFfBZm5XZl8vFbbNwerBWknFVt4hvELr6XwNeJtlSwnhtSo4ni5oRstT49wuh9yunlM7bx-rWWTDDQkwj402mvrGI1kogqaoxSwYoMrEyYVLKB1muF27qmlI=s750-no\" alt=\"Bao gi\u1eef nhi\u1ec7t lon bia\" width=\"750\" height=\"750\" title=\"\"><figcaption class=\"wp-caption-text\">Bao gi\u1eef nhi\u1ec7t lon bia<\/figcaption><\/figure>\n<figure style=\"width: 750px\" class=\"wp-caption alignnone\"><img loading=\"lazy\" decoding=\"async\" class=\"size-full\" src=\"https:\/\/lh3.googleusercontent.com\/mdiPY8WhaakG2Y0bQ4CWdYE8N_QHV8WXhZUWi2zsx9sTUNhQH7Whzj8KVk8N4Nd4-xLK8h1Xls6REabK_suXUVrGCxxTWK1eciVNcf5SruBFnIhau69w4LtM_GDSS8d-AqCrNjGt5Kob0kZQZS4d9j1M73a3slzFLNxiX-bsYC2QucuMZwz0XRsk9r9VvmwVMKUrl6kISjZhwYalCV1GVPA-mNanY0HFvO-MRdaRl0J3TKqviwtueuWStlX9DCkQntVItL7CZMveUmq6Dx1gpkiBo0glvoQTI8RCZxvSoYVww4i1hsUec0NiCK4ZHT7s0NKmbl8yQfZBvQtDqE26W7qMn57y7339SczWFmmPh0HYLKm7Exq1GSu6XEtUk5uhMgAQ_ykWz0i2NZRyRxhxLn8oAzTq7Rq_5hXzeQAEnHTkS9Dm2eSvoaDqkuK7qJRM89q213BMu1aYUQ34pCVDBrh5yYEjkKNtyAyyGrEMCNkboMdd_cp8ZOTtWXDf6bnCLtdS84EN6-HIfLPcdht1vJu7qUyoYIqBVcEKroAVp_YFANE8wEYp9Jr4eK_7_meSp52RyuVt9_dLOifxocE5lmB6UwIcN5ZEmsD25Cg=s750-no\" alt=\"Bao gi\u1eef nhi\u1ec7t chai bia\" width=\"750\" height=\"750\" title=\"\"><figcaption class=\"wp-caption-text\">Bao gi\u1eef nhi\u1ec7t chai bia<\/figcaption><\/figure>","protected":false},"excerpt":{"rendered":"<p>Bao gi\u1eef nhi\u1ec7t cho chai v\u00e0 lon M\u1eabu 01 l\u00e0 s\u1ea3n ph\u1ea9m gi\u1eef nhi\u1ec7t chai bia s\u1eed d\u1ee5ng v\u1eadt li\u1ec7u l\u00e0 len. \u01afu \u0111i\u1ec3m l\u00e0 d\u1ec5 in theo c\u00e1c thi\u1ebft k\u1ebf c\u1ee7a kh\u00e1ch h\u00e0ng, th\u00e2n thi\u1ec7n v\u1edbi m\u00f4i tr\u01b0\u1eddng, ph\u00f9 h\u1ee3p khi s\u1eed d\u1ee5ng v\u1edbi th\u1ee9c u\u1ed1ng n\u00f3ng. \u0110i\u1ec1u n\u00e0y l\u00e0 do len c\u00f3 th\u1ec3 [&#8230;]\n","protected":false},"featured_media":3602,"comment_status":"open","ping_status":"closed","template":"","meta":[],"product_brand":[],"product_cat":[444],"product_tag":[447,448,450,449,451,445,446],"class_list":{"0":"post-3601","1":"product","2":"type-product","3":"status-publish","4":"has-post-thumbnail","6":"product_cat-tui-giu-nhiet-chai-lon","7":"product_tag-bao-giu-nhiet-chai-bia","8":"product_tag-bao-giu-nhiet-lon-bia","9":"product_tag-beer-holder","10":"product_tag-can-holder","11":"product_tag-stubby-holder","12":"product_tag-tui-giu-nhiet-chai-nuoc","13":"product_tag-tui-giu-nhiet-lon-bia","15":"first","16":"instock","17":"shipping-taxable","18":"product-type-simple"},"amp_enabled":true,"_links":{"self":[{"href":"https:\/\/quatang5sao.com\/en\/wp-json\/wp\/v2\/product\/3601","targetHints":{"allow":["GET"]}}],"collection":[{"href":"https:\/\/quatang5sao.com\/en\/wp-json\/wp\/v2\/product"}],"about":[{"href":"https:\/\/quatang5sao.com\/en\/wp-json\/wp\/v2\/types\/product"}],"replies":[{"embeddable":true,"href":"https:\/\/quatang5sao.com\/en\/wp-json\/wp\/v2\/comments?post=3601"}],"wp:featuredmedia":[{"embeddable":true,"href":"https:\/\/quatang5sao.com\/en\/wp-json\/wp\/v2\/media\/3602"}],"wp:attachment":[{"href":"https:\/\/quatang5sao.com\/en\/wp-json\/wp\/v2\/media?parent=3601"}],"wp:term":[{"taxonomy":"product_brand","embeddable":true,"href":"https:\/\/quatang5sao.com\/en\/wp-json\/wp\/v2\/product_brand?post=3601"},{"taxonomy":"product_cat","embeddable":true,"href":"https:\/\/quatang5sao.com\/en\/wp-json\/wp\/v2\/product_cat?post=3601"},{"taxonomy":"product_tag","embeddable":true,"href":"https:\/\/quatang5sao.com\/en\/wp-json\/wp\/v2\/product_tag?post=3601"}],"curies":[{"name":"wp","href":"https:\/\/api.w.org\/{rel}","templated":true}]}}