{"id":3584,"date":"2018-04-01T10:04:34","date_gmt":"2018-04-01T03:04:34","guid":{"rendered":"https:\/\/quatang5sao.com\/?post_type=product&#038;p=3584"},"modified":"2018-04-01T10:04:34","modified_gmt":"2018-04-01T03:04:34","slug":"gift-set-set-qua-tang-bo-qua-tang-y-nghia-mau-06","status":"publish","type":"product","link":"https:\/\/quatang5sao.com\/en\/gift-set-set-qua-tang-bo-qua-tang-y-nghia-mau-06\/","title":{"rendered":"Gift set &#8211; Set qu\u00e0 t\u1eb7ng &#8211; B\u1ed9 qu\u00e0 t\u1eb7ng \u00fd ngh\u0129a &#8211; M\u1eabu 06"},"content":{"rendered":"<h1><span style=\"color: #000000;\">Gift set<\/span><\/h1>\n<p><span style=\"color: #000000;\">C\u00e1c <a href=\"https:\/\/quatang5sao.com\/en\/danh-muc\/bo-qua-tang\/\"><strong>b\u1ed9 qu\u00e0 t\u1eb7ng<\/strong><\/a> do ch\u00fang t\u00f4i cung c\u1ea5p lu\u00f4n nh\u1eadn \u0111\u01b0\u1ee3c s\u1ef1 \u0111\u00e1nh gi\u00e1 cao t\u1eeb kh\u00e1ch h\u00e0ng. B\u1eddi v\u00ec ch\u00fang t\u00f4i lu\u00f4n cung c\u1ea5p nh\u1eefng s\u1ea3n ph\u1ea9m ch\u1ea5t l\u01b0\u1ee3ng nh\u1ea5t v\u1edbi th\u00e1i \u0111\u1ed9 ph\u1ee5c v\u1ee5 kh\u00e1ch h\u00e0ng ch\u00e2n th\u00e0nh v\u00e0 c\u1edfi m\u1edf nh\u1ea5t. Ch\u00fang t\u00f4i lu\u00f4n hi v\u1ecdng nh\u1eefng s\u1ea3n ph\u1ea9m c\u1ee7a ch\u00fang t\u00f4i s\u1ebd g\u00f3p ph\u1ea7n cho s\u1ef1 ph\u00e1t tri\u1ec3n c\u1ee7a doanh nghi\u1ec7p qu\u00fd kh\u00e1ch h\u00e0ng.<\/span><\/p>\n<p><span style=\"color: #000000;\"><a href=\"https:\/\/quatang5sao.com\/en\/san-pham-qua-tang\/set-qua-tang-bo-qua-tang-y-nghia\/\"><strong>Set qu\u00e0 t\u1eb7ng<\/strong><\/a> m\u1eabu 06 bao g\u1ed3m <strong>s\u1ed5 da<\/strong> v\u00e0 <a href=\"https:\/\/quatang5sao.com\/en\/danh-muc\/but-qua-tang\/\"><strong>b\u00fat qu\u1ea3ng c\u00e1o<\/strong><\/a> ch\u1ea5t l\u01b0\u1ee3ng t\u1ed1t. C\u00e1c s\u1ea3n ph\u1ea9m n\u00e0y \u0111\u1ec1u c\u00f3 th\u1ec3 <a href=\"https:\/\/vongcaosugiare.wordpress.com\/\" target=\"_blank\" rel=\"noopener\"><strong>in logo<\/strong><\/a> theo y\u00eau c\u1ea7u c\u1ee7a kh\u00e1ch h\u00e0ng. \u0110\u00e2y l\u00e0 c\u00e1ch \u0111\u1ec3 qu\u00fd kh\u00e1ch g\u00e2y d\u1ea5u \u1ea5n v\u1edbi kh\u00e1ch h\u00e0ng v\u00e0 \u0111\u1ed1i t\u00e1c c\u1ee7a m\u00ecnh.<\/span><\/p>\n<p><span style=\"color: #000000;\">M\u00e0u s\u1eafc v\u00e0 m\u1eabu <a href=\"https:\/\/quatang5sao.com\/en\/san-pham-qua-tang\/but-qua-tang-mau-04\/\"><strong>b\u00fat in logo<\/strong><\/a> nh\u01b0 c\u00e1c h\u00ecnh \u1ea3nh k\u00e8m theo. Qu\u00fd kh\u00e1ch c\u00f3 th\u1ec3 t\u00f9y \u00fd l\u1ef1a ch\u1ecdn. K\u00edch th\u01b0\u1edbc s\u1ed5 da l\u00e0 21 x 14.5cm; c\u1ee7a b\u00fat l\u00e0 14.5cm.<\/span><\/p>\n<h1><span style=\"color: #000000;\">H\u00ecnh \u1ea3nh b\u1ed9 qu\u00e0 t\u1eb7ng \u0111\u1eb9p ch\u1ea5t l\u01b0\u1ee3ng cao<\/span><\/h1>\n<figure id=\"attachment_3586\" aria-describedby=\"caption-attachment-3586\" style=\"width: 790px\" class=\"wp-caption alignnone\"><img loading=\"lazy\" decoding=\"async\" class=\"size-full wp-image-3586\" src=\"https:\/\/quatang5sao.com\/wp-content\/uploads\/2018\/04\/Set-qua-tang-Mau-06-001.jpg\" alt=\"Gift set \u0111\u1eb9p v\u00e0 \u00fd ngh\u0129a, ch\u1ea5t l\u01b0\u1ee3ng tuy\u1ec7t h\u1ea3o\" width=\"790\" height=\"636\" title=\"\" srcset=\"https:\/\/quatang5sao.com\/wp-content\/uploads\/2018\/04\/Set-qua-tang-Mau-06-001.jpg 790w, https:\/\/quatang5sao.com\/wp-content\/uploads\/2018\/04\/Set-qua-tang-Mau-06-001-510x411.jpg 510w, https:\/\/quatang5sao.com\/wp-content\/uploads\/2018\/04\/Set-qua-tang-Mau-06-001-497x400.jpg 497w, https:\/\/quatang5sao.com\/wp-content\/uploads\/2018\/04\/Set-qua-tang-Mau-06-001-768x618.jpg 768w\" sizes=\"auto, (max-width: 790px) 100vw, 790px\" \/><figcaption id=\"caption-attachment-3586\" class=\"wp-caption-text\">Gift set \u0111\u1eb9p v\u00e0 \u00fd ngh\u0129a, ch\u1ea5t l\u01b0\u1ee3ng tuy\u1ec7t h\u1ea3o<\/figcaption><\/figure>\n<figure id=\"attachment_3585\" aria-describedby=\"caption-attachment-3585\" style=\"width: 790px\" class=\"wp-caption alignnone\"><img loading=\"lazy\" decoding=\"async\" class=\"size-full wp-image-3585\" src=\"https:\/\/quatang5sao.com\/wp-content\/uploads\/2018\/04\/Set-qua-tang-Mau-06-004.jpg\" alt=\"Gift set ch\u1ea5t l\u01b0\u1ee3ng cao m\u1eabu m\u00e3 \u0111\u1eb9p\" width=\"790\" height=\"581\" title=\"\" srcset=\"https:\/\/quatang5sao.com\/wp-content\/uploads\/2018\/04\/Set-qua-tang-Mau-06-004.jpg 790w, https:\/\/quatang5sao.com\/wp-content\/uploads\/2018\/04\/Set-qua-tang-Mau-06-004-510x375.jpg 510w, https:\/\/quatang5sao.com\/wp-content\/uploads\/2018\/04\/Set-qua-tang-Mau-06-004-544x400.jpg 544w, https:\/\/quatang5sao.com\/wp-content\/uploads\/2018\/04\/Set-qua-tang-Mau-06-004-768x565.jpg 768w\" sizes=\"auto, (max-width: 790px) 100vw, 790px\" \/><figcaption id=\"caption-attachment-3585\" class=\"wp-caption-text\">Gift set ch\u1ea5t l\u01b0\u1ee3ng cao m\u1eabu m\u00e3 \u0111\u1eb9p<\/figcaption><\/figure>\n<figure style=\"width: 668px\" class=\"wp-caption alignnone\"><img loading=\"lazy\" decoding=\"async\" class=\"size-full\" src=\"https:\/\/lh3.googleusercontent.com\/2jMAu47eJ2q4htybVoIf7Qax7lMgnP3kZa--lw0Gp18M1pizOjdoXCffQiFjXZFcoSWhw-2uClhwMwCBzKJ0VwxgE89JjqP_174A2h5zjiedf2v_AEgZuVlqyB64HNoHDJuwHqJsxgcLFQqeawE52zQDoKbQTqPI2uKo4GJq457CMvwMg7IKrXElUky2-8WmX26LYTqMUQZ-Ug4TWhwG3qHlp15jbR6_2nrdBOHau9GKKO3IY4KTbDLxBtsca33mepx48gaFzoddglSxpzEU4xC3jNuN8QBEs7EVjG-JOsAizL5PJQ6Iy2qkV7B-lJ0RY9JTYnbnIB6pij-e1tHfUWU7V1Z7Y-_UStnXZUftjd0ibos6NrgKHnCOZxNYhlST_j_XhTdjXOnFYQTitWwI0QZvzFzMoz5bXtzQcIHFv61uuJxBkqtNS3xav6JvxsYQec06Eu_93mdt7hDrqURPj03Tb5ih1GmCUUr3oCJb4xaV-ucs12hjz2Hi-CKwYStDp97a1TEB_gVjJlc5uMtAG3rN0juuRS65UxLTK5-QwtX3i3gTIoocMLhXrrnUnVeIgHB9vv-fEX1vNF_KNiS7VdEYCrtrCNXRkeoa8m0=w669-h654-no\" alt=\"Gift set qu\u00e0 t\u1eb7ng \u00fd ngh\u0129a, \u0111\u1eb9p, nhi\u1ec1u m\u1eabu m\u00e3 cho kh\u00e1ch h\u00e0ng l\u1ef1a ch\u1ecdn\" width=\"668\" height=\"654\" title=\"\"><figcaption class=\"wp-caption-text\">Gift set qu\u00e0 t\u1eb7ng \u00fd ngh\u0129a, \u0111\u1eb9p, nhi\u1ec1u m\u1eabu m\u00e3 cho kh\u00e1ch h\u00e0ng l\u1ef1a ch\u1ecdn<\/figcaption><\/figure>\n<figure style=\"width: 632px\" class=\"wp-caption alignnone\"><img loading=\"lazy\" decoding=\"async\" class=\"size-full\" src=\"https:\/\/lh3.googleusercontent.com\/KCZTjnGZ6c3CR28vwTuQR3XsRx4HcKaet3Ck8ZsU9rGcMlu8mkOwXcGVcVltTX1fFHteexK9k87quV0T4W3caj-qWRgmaJxb-Uv98Vm_qKDdkv2dKaX39DqsOhX30_em8v4yCSP0k3fS--eJTOAWdreOmAVhNTwqD0u4icaALMBI8w1hyCX34-t6mVXVCbhyObwhQgR3IkB4p7S11tyjcM2Chb18ZkENYXOnx3NW57IG0KvEDUMJ5-3IY8xiCg1clsaTNRHNJ7s1N3U5_Dd6k5d6Tkg4wYmuilVkiy_uwEZ9Z8P210ksiv1VUmIWp8waFEpR5v1EYMRbxQl1hEiNbiF00B5hjWFGCSJuNzV6VOi_1NZqIwOCDZNK5hF3fu8LtJXc9-7IvN-H-cSxAoxC15lIxVfBRnNgjrH60KqDB2xOMGZTVqdLl91pZSUJ6-5ZFXsCcqL_gwkyNczm3zaRgCfGbVyaR1_n9JoUOSi3NrHEj5QocScklcHz4lQpMsb-eGxVsUx2TDsiBx49siV5Fj8-G0WmYrOR4R7QBt7OqMzoJSY_f9KzDpWYf3VS2huU9IVEnvsH2rOwIbeRugmcIy21a99cY1MXGrS3WQk=w632-h654-no\" alt=\"Gift set gi\u00e1 r\u1ebb, nhi\u1ec1u m\u1eabu m\u00e3 \u0111\u1eb9p, \u00fd ngh\u0129a l\u1edbn\" width=\"632\" height=\"654\" title=\"\"><figcaption class=\"wp-caption-text\">Gift set gi\u00e1 r\u1ebb, nhi\u1ec1u m\u1eabu m\u00e3 \u0111\u1eb9p, \u00fd ngh\u0129a l\u1edbn<\/figcaption><\/figure>\n<figure style=\"width: 702px\" class=\"wp-caption alignnone\"><img loading=\"lazy\" decoding=\"async\" class=\"size-full\" src=\"https:\/\/lh3.googleusercontent.com\/cfyjujkoFruf2dn4pd_ieC_fix_o4fiIJRmqDv8NCec-7iD0aqQar9iEOAEHsDePQ_LP9ajxZQpLS_nLLETqBSQ_LHQmgnMXvraF-vOey7u1SosaHq0hTgu_Zq7fhUq5x3mgwWU1R9_kts2MHHeDEQBMboHCgI0R4Yh23Tk8ZlrlTp9SM8pMjrW69bh95aEUfvft0g_zmO6YpivLkKl8DjjJxxKye2sDs0vic2i8gelPzm5GZY0XaCn2dbKjiXCEhvyCCBLpYB7LC19EZAF0ZlfMqr_l9T-I_ksf0uA-9MCtrlADUDLTVO2CHTkPu0gH4TISZpeTQuOyxynOr3EnyjhdXvXavsdQG8kXx5Rfrh-ltSJPRBk9z1cYiZv7f_idD2kK_fOhhYJ1RIX_gz9iuhIC0lpLnnPnafukeb9tcDHb2tqRdanqNlx17gEJ9Gn9XMjeV6FgjDBySq90Yj0VX-2UA80HJ2vcm4XEHO4V-z46tTWM0MkbZXsHvIyRdB0tn3iO5SaLDDVgxDbvOLNrkmC72vplzBeblZnP6KcgWynSLtD99LEE70qs43_5FBWT2jrfecCLG4eOxrJ_t4iKF87f2JUksN-4AKWRGlM=w702-h654-no\" alt=\"Gift set ch\u00e8n logo theo y\u00eau c\u1ea7u c\u1ee7a kh\u00e1ch h\u00e0ng\" width=\"702\" height=\"654\" title=\"\"><figcaption class=\"wp-caption-text\">Gift set ch\u00e8n logo theo y\u00eau c\u1ea7u c\u1ee7a kh\u00e1ch h\u00e0ng<\/figcaption><\/figure>\n<figure style=\"width: 790px\" class=\"wp-caption alignnone\"><img loading=\"lazy\" decoding=\"async\" class=\"size-full\" src=\"https:\/\/lh3.googleusercontent.com\/J3BoUEI4dBgu7x-P1r2D9c5FB3lwl5ln_9-CH7roZ-lkM9uTOF66gGL7gjhEBskPTT2lNLn_tBKACSLMXCXN3PRL8x21YCYNEYaCrP490OICmXftWC29kZjYU6555p8Ie5aZiQ8Js1JDhsFVNbTFhAhUh3AU3LD2QcZeObPRw1yxlFn7RZKv5VXaNxg_NUs2g5sqyMXIZ2YpwAAVW5zzIlFnNzFzzgFNDam4aT6AnyGuOj6bQakWgmMZ3hBO_eV4tCvRMJioHu2x0ZJhM8IVcdaVBCty_owJiZt5RHe_hC9CcVMsL2I5q2sZ5N88mkB0O6yEKv1B1O8rMmUNjuWN__bnBvA81vpykeLd9dVornHiAhaOOADCeBulb7-SpYzJB6C9URokseN71XDOFeztYB_c32S3vQWIycOldZBnkrBkYs1665K2tXOSMUD3wntC_1A0wIteOxZafZspY78F3glPqQJUlqnc1tvD6mF15kquV2GEIH8OFY_82s60bGSZhajR54QgGwQ4sBXYfHW8jWv9o-IlT751rAN_qhrzuOOEB6KY2_Opt7JK2vZ4OYk3eEC3RIuTJPM_cNO7Zh8ISg9gx9eknX9ZoKjTY8g=w790-h561-no\" alt=\"Gift set ch\u00e8n logo v\u00e0 t\u00ean c\u00f4ng ty theo y\u00eau c\u1ea7u c\u1ee7a kh\u00e1ch h\u00e0ng\" width=\"790\" height=\"561\" title=\"\"><figcaption class=\"wp-caption-text\">Gift set ch\u00e8n logo v\u00e0 t\u00ean c\u00f4ng ty theo y\u00eau c\u1ea7u c\u1ee7a kh\u00e1ch h\u00e0ng<\/figcaption><\/figure>\n<figure style=\"width: 726px\" class=\"wp-caption alignnone\"><img loading=\"lazy\" decoding=\"async\" class=\"size-full\" src=\"https:\/\/lh3.googleusercontent.com\/ofy9O1ZMVjMLE3pCjI7k1y2jbKR_b4kSNWUmV6SxVqDJJ6tHgtfBqOyiKmDl9tDP1LK4DekPmiVDZg4kBYzEd9oVTzCMtErSBF-LlTk4SWDo1lT3YjAc-edYbLGyOuDbES1KAltAupHUCv2YQf8gsp4_DtaPI_j7vEV9bLB9wNorfGSc0rALkxl05njwnEl7ReGpKOf7RDRcl4agZZIPwi8BcGs2fmDP00vz3U2pLKKWT4aRlWYFzdaTKu2kK0UxuWjA2iDcO3Q_Z0rJVhJhclEL6nIY03pqiSSjGH04XKlcosiXzm--lj4cvp62ILZNgt0UxFk6kCEHdb11PGBMAeG-bOOE8NkgfDsLUEOXbUJQtssZoiSpa06_ZvrFfHbFhpvan21qFouKHZZK2_fXnUFwBN9nUrZ5jAI9dX_aeLmDgVAcYCefUpAfJfZY4hIgyY6ANAaghoQae5tmRekAjgThqp8pTnNdTPYVTrZGQbK0QbK4xCi8Qqhiuuja50R1ugIzb2jEFNyiEmH-kNQwcpTaFYt2wCwQhr1Bw2M7u_9Sku40YVQYQ6L1l99iLNUXXoVLy70RH1ecJxhs8c8zRqqjAkFS6-YlXAkoafU=w726-h654-no\" width=\"726\" height=\"654\" alt=\"\" title=\"\"><figcaption class=\"wp-caption-text\">Gift set s\u1eed d\u1ee5ng b\u00fat qu\u00e0 t\u1eb7ng ch\u1ea5t l\u01b0\u1ee3ng cao, in logo theo y\u00eau c\u1ea7u c\u1ee7a kh\u00e1ch h\u00e0ng<\/figcaption><\/figure>\n<figure style=\"width: 554px\" class=\"wp-caption alignnone\"><img loading=\"lazy\" decoding=\"async\" class=\"size-full\" src=\"https:\/\/lh3.googleusercontent.com\/hmu6CHIHKIEbAmQERE5NVaU0YfiwY1ytb2XdQ7n2vk5XTtixAq3GmcAQZ27Wm3-k1iFwaAkGF7nY32pCcp4jLL45kD2RJ1IiCeZGXTcfaZcWPnqcaPffB7FJyL4me-ntpC295lJVPRO4Wj4CJAv0xba07Coh9UOeBNBRcFq_qYrpk3EknJVI4bZYFnZIMPDxayjlbciO24DUi0TilKAT0zTfV_Jtq92JL56DTtxEZVw3XFMqJMg4X55iIzVl_Sxp3YqSBRqsmzsY5RqRLC9niuU7CGEN-XDKnETFfN2FFZRhopGVt-jmPa4jaNjZHebo236LpEAM9jc8hFvqKpBk_pmyHu4zGaeZG1ym3V1S06ynD8JdgBy-IhxWbdIQL6I7zv19jXNF6uB7JOO6xVUseVJFc7-DvDWN__z6d5-3CpM0ZlSCs_Am3XxZBI73Wc7YkUnpiFPeYeNQng72ghoNcQn_KhT0RH9ljopgkM33kXSClcR8Ry19KRs8y6eKNrASpjFrCWUSGLESvDFlFbf_oYymJcwl9b-z-PeWowLH7xNH1cveqJ9gg1uGI4E7hIwPN_9rQI3Yb3yRd4lFbfg4BSQelQ6D56zR36H-u9A=w555-h654-no\" alt=\"Gift set g\u1ed3m s\u1ed5 v\u00e0 b\u00fat ch\u1ea5t l\u01b0\u1ee3ng cao\" width=\"554\" height=\"654\" title=\"\"><figcaption class=\"wp-caption-text\">Gift set g\u1ed3m s\u1ed5 v\u00e0 b\u00fat ch\u1ea5t l\u01b0\u1ee3ng cao<\/figcaption><\/figure>","protected":false},"excerpt":{"rendered":"<p>Gift set C\u00e1c b\u1ed9 qu\u00e0 t\u1eb7ng do ch\u00fang t\u00f4i cung c\u1ea5p lu\u00f4n nh\u1eadn \u0111\u01b0\u1ee3c s\u1ef1 \u0111\u00e1nh gi\u00e1 cao t\u1eeb kh\u00e1ch h\u00e0ng. B\u1eddi v\u00ec ch\u00fang t\u00f4i lu\u00f4n cung c\u1ea5p nh\u1eefng s\u1ea3n ph\u1ea9m ch\u1ea5t l\u01b0\u1ee3ng nh\u1ea5t v\u1edbi th\u00e1i \u0111\u1ed9 ph\u1ee5c v\u1ee5 kh\u00e1ch h\u00e0ng ch\u00e2n th\u00e0nh v\u00e0 c\u1edfi m\u1edf nh\u1ea5t. Ch\u00fang t\u00f4i lu\u00f4n hi v\u1ecdng nh\u1eefng s\u1ea3n ph\u1ea9m [&#8230;]\n","protected":false},"featured_media":3585,"comment_status":"open","ping_status":"closed","template":"","meta":[],"product_brand":[],"product_cat":[249],"product_tag":[441,439,442,440,438],"class_list":{"0":"post-3584","1":"product","2":"type-product","3":"status-publish","4":"has-post-thumbnail","6":"product_cat-bo-qua-tang","7":"product_tag-bo-qua-tang","8":"product_tag-gift-set","9":"product_tag-giftset","10":"product_tag-hop-qua-tang","11":"product_tag-set-qua-tang","13":"first","14":"instock","15":"shipping-taxable","16":"product-type-simple"},"amp_enabled":true,"_links":{"self":[{"href":"https:\/\/quatang5sao.com\/en\/wp-json\/wp\/v2\/product\/3584","targetHints":{"allow":["GET"]}}],"collection":[{"href":"https:\/\/quatang5sao.com\/en\/wp-json\/wp\/v2\/product"}],"about":[{"href":"https:\/\/quatang5sao.com\/en\/wp-json\/wp\/v2\/types\/product"}],"replies":[{"embeddable":true,"href":"https:\/\/quatang5sao.com\/en\/wp-json\/wp\/v2\/comments?post=3584"}],"wp:featuredmedia":[{"embeddable":true,"href":"https:\/\/quatang5sao.com\/en\/wp-json\/wp\/v2\/media\/3585"}],"wp:attachment":[{"href":"https:\/\/quatang5sao.com\/en\/wp-json\/wp\/v2\/media?parent=3584"}],"wp:term":[{"taxonomy":"product_brand","embeddable":true,"href":"https:\/\/quatang5sao.com\/en\/wp-json\/wp\/v2\/product_brand?post=3584"},{"taxonomy":"product_cat","embeddable":true,"href":"https:\/\/quatang5sao.com\/en\/wp-json\/wp\/v2\/product_cat?post=3584"},{"taxonomy":"product_tag","embeddable":true,"href":"https:\/\/quatang5sao.com\/en\/wp-json\/wp\/v2\/product_tag?post=3584"}],"curies":[{"name":"wp","href":"https:\/\/api.w.org\/{rel}","templated":true}]}}