{"id":3581,"date":"2018-03-30T01:23:42","date_gmt":"2018-03-29T18:23:42","guid":{"rendered":"https:\/\/quatang5sao.com\/?post_type=product&#038;p=3581"},"modified":"2018-03-30T01:23:42","modified_gmt":"2018-03-29T18:23:42","slug":"bo-qua-tang-y-nghia-giftset-set-qua-tang-mau-05","status":"publish","type":"product","link":"https:\/\/quatang5sao.com\/en\/bo-qua-tang-y-nghia-giftset-set-qua-tang-mau-05\/","title":{"rendered":"B\u1ed9 qu\u00e0 t\u1eb7ng \u00fd ngh\u0129a \u2013 Giftset \u2013 Set qu\u00e0 t\u1eb7ng \u2013 M\u1eabu 05"},"content":{"rendered":"<h1><strong><span style=\"color: #000000;\">Gifts Set<\/span><\/strong><\/h1>\n<p><span style=\"color: #000000;\">Th\u01b0\u1eddng c\u00e1c <a href=\"https:\/\/quatang5sao.com\/en\/\"><strong>set qu\u00e0 t\u1eb7ng<\/strong><\/a> s\u1ebd s\u1eed d\u1ee5ng s\u1ed5 da \u0111\u1ec3 l\u00e0m s\u1ea3n ph\u1ea9m ch\u00ednh. Nh\u01b0ng v\u1edbi <a href=\"https:\/\/quatang5sao.com\/en\/danh-muc\/bo-qua-tang\/\"><strong>gift set<\/strong><\/a> n\u00e0y l\u1ea1i s\u1eed d\u1ee5ng s\u1ea1c d\u1ef1 ph\u00f2ng ch\u1ea5t l\u01b0\u1ee3ng cao v\u00e0 dung l\u01b0\u1ee3ng l\u1edbn \u0111\u1ec3 l\u00e0m \u0111i\u1ec3m nh\u1ea5n. V\u00ec c\u00f3 th\u1ec3 n\u00f3i v\u1edbi t\u00ecnh tr\u1ea1ng s\u1eed d\u1ee5ng smartphone nhi\u1ec1u nh\u01b0 hi\u1ec7n nay, <strong>s\u1ea1c d\u1ef1 ph\u00f2ng<\/strong> l\u00e0 ph\u1ee5 ki\u1ec7n h\u1ea7u nh\u01b0 kh\u00f4ng th\u1ec3 thi\u1ebfu. N\u00f3 l\u00e0 c\u1ee9u c\u00e1nh cho ng\u01b0\u1eddi d\u00f9ng \u0111i\u1ec7n tho\u1ea1i khi ph\u1ea3i di chuy\u1ec3n.<\/span><\/p>\n<p><span style=\"color: #000000;\">\u0110\u1ed3ng th\u1eddi, ph\u1ee5 ki\u1ec7n kh\u00e1c c\u0169ng ti\u1ec7n \u00edch kh\u00f4ng k\u00e9m. \u0110\u1ea5y l\u00e0 <strong>USB m\u1edf r\u1ed9ng b\u1ed9 nh\u1edb<\/strong> cho smartphone. V\u1eeba cung c\u1ea5p th\u00eam dung l\u01b0\u1ee3ng l\u01b0u tr\u1eef d\u1eef li\u1ec7u, v\u1eeba th\u00eam m\u1ed9t c\u00e1ch di chuy\u1ec3n file t\u1eeb \u0111i\u1ec7n tho\u1ea1i l\u00ean m\u00e1y t\u00ednh c\u1ef1c nhanh v\u00e0 g\u1ecdn.<\/span><\/p>\n<p><span style=\"color: #000000;\">Th\u00f4ng tin chi ti\u1ebft v\u1ec1 <strong>set qu\u00e0 t\u1eb7ng<\/strong> n\u00e0y tr\u00ean h\u00ecnh \u1ea3nh k\u00e8m theo sau \u0111\u00e2y. Qu\u00fd kh\u00e1ch h\u00e0ng c\u00f3 nhu c\u1ea7u xin m\u1eddi li\u00ean h\u1ec7 tr\u1ef1c ti\u1ebfp, ch\u00fang t\u00f4i s\u1ebd b\u00e1o gi\u00e1 cho qu\u00fd kh\u00e1ch. Nh\u1eadn file logo, c\u00e1c y\u00eau c\u1ea7u kh\u00e1c c\u1ea7n in l\u00ean s\u1ea3n ph\u1ea9m trong gift set.<\/span><\/p>\n<h1><span style=\"color: #000000;\">H\u00ecnh \u1ea3nh set qu\u00e0 t\u1eb7ng \u0111\u1eb9p<\/span><\/h1>\n<figure id=\"attachment_3583\" aria-describedby=\"caption-attachment-3583\" style=\"width: 790px\" class=\"wp-caption alignnone\"><img loading=\"lazy\" decoding=\"async\" class=\"size-full wp-image-3583\" src=\"https:\/\/quatang5sao.com\/wp-content\/uploads\/2018\/03\/Set-qua-tang-Mau-05-001.jpg\" alt=\"B\u1ed9 qu\u00e0 t\u1eb7ng gi\u00e1 r\u1ebb ch\u1ea5t l\u01b0\u1ee3ng cao\" width=\"790\" height=\"560\" title=\"\" srcset=\"https:\/\/quatang5sao.com\/wp-content\/uploads\/2018\/03\/Set-qua-tang-Mau-05-001.jpg 790w, https:\/\/quatang5sao.com\/wp-content\/uploads\/2018\/03\/Set-qua-tang-Mau-05-001-510x362.jpg 510w, https:\/\/quatang5sao.com\/wp-content\/uploads\/2018\/03\/Set-qua-tang-Mau-05-001-564x400.jpg 564w, https:\/\/quatang5sao.com\/wp-content\/uploads\/2018\/03\/Set-qua-tang-Mau-05-001-768x544.jpg 768w\" sizes=\"auto, (max-width: 790px) 100vw, 790px\" \/><figcaption id=\"caption-attachment-3583\" class=\"wp-caption-text\">B\u1ed9 qu\u00e0 t\u1eb7ng gi\u00e1 r\u1ebb ch\u1ea5t l\u01b0\u1ee3ng cao<\/figcaption><\/figure>\n<figure id=\"attachment_3582\" aria-describedby=\"caption-attachment-3582\" style=\"width: 790px\" class=\"wp-caption alignnone\"><img loading=\"lazy\" decoding=\"async\" class=\"size-full wp-image-3582\" src=\"https:\/\/quatang5sao.com\/wp-content\/uploads\/2018\/03\/Set-qua-tang-Mau-05-006.jpg\" alt=\"B\u1ed9 qu\u00e0 t\u1eb7ng giftset \u00fd ngh\u0129a ch\u1ea5t l\u01b0\u1ee3ng cao\" width=\"790\" height=\"616\" title=\"\" srcset=\"https:\/\/quatang5sao.com\/wp-content\/uploads\/2018\/03\/Set-qua-tang-Mau-05-006.jpg 790w, https:\/\/quatang5sao.com\/wp-content\/uploads\/2018\/03\/Set-qua-tang-Mau-05-006-510x398.jpg 510w, https:\/\/quatang5sao.com\/wp-content\/uploads\/2018\/03\/Set-qua-tang-Mau-05-006-513x400.jpg 513w, https:\/\/quatang5sao.com\/wp-content\/uploads\/2018\/03\/Set-qua-tang-Mau-05-006-768x599.jpg 768w\" sizes=\"auto, (max-width: 790px) 100vw, 790px\" \/><figcaption id=\"caption-attachment-3582\" class=\"wp-caption-text\">B\u1ed9 qu\u00e0 t\u1eb7ng giftset \u00fd ngh\u0129a ch\u1ea5t l\u01b0\u1ee3ng cao<\/figcaption><\/figure>\n<figure style=\"width: 602px\" class=\"wp-caption alignnone\"><img loading=\"lazy\" decoding=\"async\" class=\"size-full\" src=\"https:\/\/lh3.googleusercontent.com\/6aI4gZ7BcpU0RDuuSiSZVS8FM_MaHrwMkVLCtx1V6EqXuihYI8BZgJO7M6Uu_FVeBroGVgXPnc8160D1LWeg9aDJcrk1AxGy_9BuL3J-RiHC-32ICuLXSNWWsTPSEkX0ILEK8ztoJpAFRjKjvLqyBBgjpP9TJ_XWywxGXb7Wfgsjjz1GdX-6khRrsQzL5dqXvkgmnld_g7B74kklzpqT6yuMH9HGNPAoioFU7F52_ap9crr2AUmp3W4wVeAJl_teqxpbruqqef8xwwAl9m-CITUNV5K0BR9bYpZc9QKVU7siEBtZ0aNrublKgnHJVtgWN3_TEmNYjfCXrkdWYkX1XujweMCXotAJomd37KvfgBBd-fKqHdObijhfCHF73N_y7KSnoDeoG8tkdhbG8AAjWbcn-DW_NBrHiN0zIKn1tTfRx2L1Ld0AXefmIQ-tyafKlrfiJkPaqWlltU2J4sFaO-Dwpr-cqRkfchzVdEhGxS50pBeo7I5aTequdaDdPIZJd25BSoz6mSJtvpGAwykHTrWVbJBQQwGC6MTFcgL1IDp481USUfUS1dam2SxHYR8GLjblAHQKxguvuisuKySd-lzVV4GfaUx0C7XtslI=w602-h925-no\" alt=\"B\u1ed9 qu\u00e0 t\u1eb7ng c\u00f3 ngh\u0129a, ch\u1ea5t l\u01b0\u1ee3ng cao\" width=\"602\" height=\"925\" title=\"\"><figcaption class=\"wp-caption-text\">B\u1ed9 qu\u00e0 t\u1eb7ng c\u00f3 ngh\u0129a, ch\u1ea5t l\u01b0\u1ee3ng cao<\/figcaption><\/figure>\n<figure style=\"width: 694px\" class=\"wp-caption alignnone\"><img loading=\"lazy\" decoding=\"async\" class=\"size-full\" src=\"https:\/\/lh3.googleusercontent.com\/Yse79pl5PclsBdkQopkD-tUsTL50tDkK-tH0lXnDDxv6CkWkhk9yvO0aWKXHM2VZ5xTRMbpYcsiNuXEIkOcmvWTqGZSMKw2zTlOGGSuH1waqzy1JQak0XxGHh9RvQpVcoRmdZ4wrY2XwKCYMTaaMxYT-nbgZYAAdilLpVx2wosa8BurO26IQLgTmAFgqGFxpuoyFxrRWIr3fK2iDTzZGh-zNb8W8-FXtL3oPxbcnTRf3W8ADKU5_vbPLOhCZywggNING6Q_XxqK0iZ5d-O5WUkj3-mX8nuhfal2Xmvmwjh3sdeso6l6InpWf0zYr3yqKPvSNwrBFfgqQfsGBvck7L-NiZPv3LcDXuzIbxzjgOJWOR20R1X9GpF5zKqxfK-JkB4eDCpFstnZmgEDvkKW7NMClu6h1H0Qg6MJqfsBEiyHNZ3QsN33_3L0WlDuEjGB16Nd_YzwKkellUT_sDdkGZeXx2T1z0ynngT1Xv7_nM7vKyumyxpafLe9sd4V7dmQNMX8Jmm9cSGbmUXA3dF0dMSvgsqA7tA6LbyCbNCDqLawSclPQ4BKzgsvUMKrZGyg8Il44eMeFueK2hwS9NzGTKOZl3D_jSwzlKlQTfMw=w694-h925-no\" alt=\"B\u1ed9 qu\u00e0 t\u1eb7ng \u00fd ngh\u0129a bao g\u1ed3m b\u00fat, USB v\u00e0 s\u1ea1c d\u1ef1 ph\u00f2ng\" width=\"694\" height=\"925\" title=\"\"><figcaption class=\"wp-caption-text\">B\u1ed9 qu\u00e0 t\u1eb7ng \u00fd ngh\u0129a bao g\u1ed3m b\u00fat, USB v\u00e0 s\u1ea1c d\u1ef1 ph\u00f2ng<\/figcaption><\/figure>\n<figure style=\"width: 790px\" class=\"wp-caption alignnone\"><img loading=\"lazy\" decoding=\"async\" class=\"size-full\" src=\"https:\/\/lh3.googleusercontent.com\/GrMbH9PwA-GuYUR9PNIvpZaJQsTHGLgcSXI08STc2R_tpZMb7T7hNJBpqACkiRDkPRpolXBI0uZygVmqiuFs_f_j7f37bTkbVIufG4z7m7WCukEK7TgBbIyebiSr9Fk3DPHmxfIGXXIwOpm-WHoQLV18yvbT2rXMZPohvnV3mThk9qx5zZkCQDidPiSRTh2vU20LQiPykMOYrNbbKz7MHAGPbLfmP8x2PfjdyjUgePvJgi3RpMjUda2E3_XqfqT_3M2-WuADNQ2ekGPzR_AI0F4lejLn_JIOW71s8ss1GJr_AirJK0YQg139yPSY9Gu08B9KLndU5XfNRYXGMnO7QXanxXF8nPmPmiUX_FdQvEVm3oZ5rR4lMMkPHq-j7W1uVj1OaZCpqrZCLrWm7g4BwpQQ8OMSh2tFV_Pd9O3m4R98dUh7SzNzJ5FUC9Q96dZqyQGjfZ7EvtJW3EsZ9Gg3AN_2Qpd5sn9IBwmSIms3m2W5XmM35tVvVz-xpM7wk6izDMraOSyHihiK4qbXwKViUGEFuXAAb56KlC2Psio8ioMrhfXOdZWEzke0FvRiJ6ZZd_KeHR6psx_VUUujpHsS0IIwlMlC34Gobx9DRv4=w790-h677-no\" alt=\"B\u1ed9 qu\u00e0 t\u1eb7ng s\u1eed d\u1ee5ng s\u1ea1c d\u1ef1 ph\u00f2ng ch\u1ea5t l\u01b0\u1ee3ng cao v\u00e0 dung l\u01b0\u1ee3ng cao\" width=\"790\" height=\"677\" title=\"\"><figcaption class=\"wp-caption-text\">B\u1ed9 qu\u00e0 t\u1eb7ng s\u1eed d\u1ee5ng s\u1ea1c d\u1ef1 ph\u00f2ng ch\u1ea5t l\u01b0\u1ee3ng cao v\u00e0 dung l\u01b0\u1ee3ng cao<\/figcaption><\/figure>\n<figure style=\"width: 790px\" class=\"wp-caption alignnone\"><img loading=\"lazy\" decoding=\"async\" class=\"size-full\" src=\"https:\/\/lh3.googleusercontent.com\/n0GW1imZUWiElGa6twYPHjoCMl5eomi7V7V6eNXKP1h5NinbZ_kq2cDarjZZhzibBZ7ehHN6F81yT2-FosZVmEus6o9xxVsslWT2BrFaFGROokdFuIBMvChQuycs_8wCldndsR7m33UKdf_21e2-vc3FP6XM6mPeExHtFsyT33HbG-z6BYUrs84nzCcjx-H229KIzUhVGqHhBmuORBeIMp1qXyFCAs-6D1B3ZlLIRIXAdBiK60zqXg15oiAm6F7KlsdpR1f8cXrv-DQu_jALR9GbEU6TYYLrFOHVzvWfjQp0jW-kXwYbOYk_bJ0rKLlUiwIqxTrApfdS5Zd2YqePrIOfzT7u8Vr2iiP8vsaKUi5lva_QIiYUQQYe4upfzsAGfANFMbziX09dCXhzVJqj2BvPkpNuIp_HWwv4fI1DCc0142q14DqGGTBRGbZRl8Ixb2vHZXdwuvmQgwXrtMb7MziyO8bayLYH5_FUR4IRFmyf0UvpUug3B7hzGT6jQ4jUJ2i4lNCVS8x3xaXCf3uKrKdkwlcri4xjaV9XHbHOBjJ4F9Fs4Tv2r4ku8snNI_D-9AEH6iJM6ZjNevqhw2AZTCNxAAeipsGbUO2t3lw=w790-h538-no\" alt=\"B\u1ed9 qu\u00e0 t\u1eb7ng s\u1eed d\u1ee5ng b\u00fat bi v\u1ecf th\u00e9p ch\u1ea5t l\u01b0\u1ee3ng cao, in logo theo y\u00eau c\u1ea7u\" width=\"790\" height=\"538\" title=\"\"><figcaption class=\"wp-caption-text\">B\u1ed9 qu\u00e0 t\u1eb7ng s\u1eed d\u1ee5ng b\u00fat bi v\u1ecf th\u00e9p ch\u1ea5t l\u01b0\u1ee3ng cao, in logo theo y\u00eau c\u1ea7u<\/figcaption><\/figure>\n<figure style=\"width: 790px\" class=\"wp-caption alignnone\"><img loading=\"lazy\" decoding=\"async\" class=\"size-full\" src=\"https:\/\/lh3.googleusercontent.com\/bXVBcNvm-6wf3i6lQ4eatjygOtXT34SamY1t0flE1gutclCB56mJAbp-CCOKP9Xuj4MNj6jXSH4IU8dSGKNKiAmYz570nJEf_CePdtzkB8TzaT-vTJpA7V-r0I_q784YTA06eHgi_3tN989CBmlJwQ5b35fy2Sar9c581XDV-zcGLDlDpsxVn_eorX2Fi3rQz8UWI-Fd8tolly4YrBlz_l4eBNpWfNDWSgn6UuVnPwPD9JwdNI4Ht5tFr02vtOtEjb6K0BuX3IS3Th9n7WL_kcAbUWHVK8elAs1Svl9aOQUirLRch-GtQOKtVtvY8J51f6TygIBscoAyCAkBVlXVkMG1eZRQ_W1bicmDXRX-QIYwMoQqCkp5oPhVcJG0layHDmZyfZBR996bvUTdadH1cpFGilU2gS4pqvoScxvx6YTTScU9NJfzI2zHrMA-qZMZ87V82wPsprZuKfHQHZYSd6aFvnjDrsAwlqWZgiNnhZt_WF5VPhOHs977WXbh_yjJ9Aa088wv_N2UdD1UpS61yG7YNnq8ySmxWORdouteZEcXOU7pMfDDREURow4urgItxwupupydybO0akiCJX1OSdoD8eyqSBWrTCOTtN4=w790-h645-no\" alt=\"B\u1ed9 qu\u00e0 t\u1eb7ng s\u1eed d\u1ee5ng b\u00fat bi ch\u1ea5t l\u01b0\u1ee3ng cao\" width=\"790\" height=\"645\" title=\"\"><figcaption class=\"wp-caption-text\">B\u1ed9 qu\u00e0 t\u1eb7ng s\u1eed d\u1ee5ng b\u00fat bi ch\u1ea5t l\u01b0\u1ee3ng cao<\/figcaption><\/figure>\n<figure style=\"width: 790px\" class=\"wp-caption alignnone\"><img loading=\"lazy\" decoding=\"async\" class=\"size-full\" src=\"https:\/\/lh3.googleusercontent.com\/V52oxDnoVSnQawTXGCQip8JABqlkmUWTppihZZDABQ1KQKw13XhtfYwDHPFM3wI7uu1Dkvuwyc0cf6DWgnC96c0iydhYMoIcoXX7Fgv2MFKDi88PdvKo0SkmYY5YGVO_h8kmkbPYwblLOaPdtJ7uE_YM8V9hIRazW31d1xYs7epiOPqHd-OifI-bTPlMCGu5p0pS_XTVcB_4LEUh3wkY5Uof1Lr4xXBDNfBDqBgMNmxTPliut_mcXvdB9eHgiG-pmChdxKXlDwQ0HA8MxpaLH63TMZ5uvHZAdYAzFv_mC-qu9oT2cOln0OyHrvAaKkA6PfhCP5THMyl0ZWGaMEw6fJ8ZH5fpN2jL_k3ImRXa3pW6WweSjG26bcIuu_sI8AwP-DDdrIyYsXEs-S4ZRyspYNXpSeOTJm9CK2bg7W5pB2Vi9PiIo_zPicfznk9Kr8LD9gNZwlQymFyDFMgbnFdm6Fy5w9AU9b84Idjk_dOtIn8NP0TicSVbcVsZxYi3q-nF1Q1BlaqJza_k7N94cyc_laxAt-MKKJiC1VvI5Boa269tVP3OLKV4ebtpiU1VOLmrnMYk4p5uLpIX4jw_B2soZORemUk6OajV1L3mbl8=w790-h396-no\" alt=\"B\u1ed9 qu\u00e0 t\u1eb7ng s\u1eed d\u1ee5ng USB m\u1edf r\u1ed9ng b\u1ed9 nh\u1edb \u0111\u1ea7y ti\u1ec7n \u00edch cho smartphone\" width=\"790\" height=\"396\" title=\"\"><figcaption class=\"wp-caption-text\">B\u1ed9 qu\u00e0 t\u1eb7ng s\u1eed d\u1ee5ng USB m\u1edf r\u1ed9ng b\u1ed9 nh\u1edb \u0111\u1ea7y ti\u1ec7n \u00edch cho smartphone<\/figcaption><\/figure>\n<figure style=\"width: 790px\" class=\"wp-caption alignnone\"><img loading=\"lazy\" decoding=\"async\" class=\"size-full\" src=\"https:\/\/lh3.googleusercontent.com\/LgmCkNRcK3v_1g2HQe-ez7_CaqoNYkAtF96dGa3h8faS8TOFEt_LHLKsOOLW1o6NZ4zCEjYg3jDv2BSvjiTjEjG5a492yPbVNoh-ayP4u-wViBVsPF9YEC606-3Pc6GGmi07yvpQjvV3LZ-HF1VEQxDLi4w0HybQht3CsMIJubPa34YCruvUtaDfNu5I4hhTspSWnhjLhE17JzA2eQxv10Rml-gtwauPCJyZB4E2qsiGMTwesrbv5vohvij-c70-J5Ex1o_IBKm5K7HKSKYjxbTGn5vumZ5EUvjsZO8m-0MH4ZuA5isMjfuSgihg_Ew91Gs_sLmJozDQADOpQKDdt1Dw49tJZOuHqCRoerVyxpZEgJUMgablmxeX-QM5uVJYbZXLAW8LeMCR7LSL48St2uNOlDeVTIuOqPritv-TxR4akIm3XhkUzxNC22xhy8NQ392quOTK6npIcAg7yz2lEiicO83i-vmiggzxjGG_PiWGIe-sXmj35on41qbRjwK-CybIStdoDsuElv3k_N3OrPI_aJWp-LX9lKEa-wj8lFJ579roDXX2fvhHlD2jcBaigx9lUQLlmCLQZDDUFuvfFd9paWz5i6X2WOpLg14=w790-h731-no\" alt=\"Th\u00eam c\u00e1ch di chuy\u1ec3n file t\u1eeb smartphone sang m\u00e1y t\u00ednh\" width=\"790\" height=\"731\" title=\"\"><figcaption class=\"wp-caption-text\">Th\u00eam c\u00e1ch di chuy\u1ec3n file t\u1eeb smartphone sang m\u00e1y t\u00ednh<\/figcaption><\/figure>","protected":false},"excerpt":{"rendered":"<p>B\u1ed9 qu\u00e0 t\u1eb7ng Th\u01b0\u1eddng c\u00e1c set qu\u00e0 t\u1eb7ng s\u1ebd s\u1eed d\u1ee5ng s\u1ed5 da \u0111\u1ec3 l\u00e0m s\u1ea3n ph\u1ea9m ch\u00ednh. Nh\u01b0ng v\u1edbi gift set n\u00e0y l\u1ea1i s\u1eed d\u1ee5ng s\u1ea1c d\u1ef1 ph\u00f2ng ch\u1ea5t l\u01b0\u1ee3ng cao v\u00e0 dung l\u01b0\u1ee3ng l\u1edbn \u0111\u1ec3 l\u00e0m \u0111i\u1ec3m nh\u1ea5n. V\u00ec c\u00f3 th\u1ec3 n\u00f3i v\u1edbi t\u00ecnh tr\u1ea1ng s\u1eed d\u1ee5ng smartphone nhi\u1ec1u nh\u01b0 hi\u1ec7n nay, s\u1ea1c [&#8230;]\n","protected":false},"featured_media":3582,"comment_status":"open","ping_status":"closed","template":"","meta":[],"product_brand":[],"product_cat":[249],"product_tag":[441,439,440,438],"class_list":{"0":"post-3581","1":"product","2":"type-product","3":"status-publish","4":"has-post-thumbnail","6":"product_cat-bo-qua-tang","7":"product_tag-bo-qua-tang","8":"product_tag-gift-set","9":"product_tag-hop-qua-tang","10":"product_tag-set-qua-tang","12":"first","13":"instock","14":"shipping-taxable","15":"product-type-simple"},"amp_enabled":true,"_links":{"self":[{"href":"https:\/\/quatang5sao.com\/en\/wp-json\/wp\/v2\/product\/3581","targetHints":{"allow":["GET"]}}],"collection":[{"href":"https:\/\/quatang5sao.com\/en\/wp-json\/wp\/v2\/product"}],"about":[{"href":"https:\/\/quatang5sao.com\/en\/wp-json\/wp\/v2\/types\/product"}],"replies":[{"embeddable":true,"href":"https:\/\/quatang5sao.com\/en\/wp-json\/wp\/v2\/comments?post=3581"}],"wp:featuredmedia":[{"embeddable":true,"href":"https:\/\/quatang5sao.com\/en\/wp-json\/wp\/v2\/media\/3582"}],"wp:attachment":[{"href":"https:\/\/quatang5sao.com\/en\/wp-json\/wp\/v2\/media?parent=3581"}],"wp:term":[{"taxonomy":"product_brand","embeddable":true,"href":"https:\/\/quatang5sao.com\/en\/wp-json\/wp\/v2\/product_brand?post=3581"},{"taxonomy":"product_cat","embeddable":true,"href":"https:\/\/quatang5sao.com\/en\/wp-json\/wp\/v2\/product_cat?post=3581"},{"taxonomy":"product_tag","embeddable":true,"href":"https:\/\/quatang5sao.com\/en\/wp-json\/wp\/v2\/product_tag?post=3581"}],"curies":[{"name":"wp","href":"https:\/\/api.w.org\/{rel}","templated":true}]}}