{"id":3578,"date":"2018-03-29T15:52:59","date_gmt":"2018-03-29T08:52:59","guid":{"rendered":"https:\/\/quatang5sao.com\/?post_type=product&#038;p=3578"},"modified":"2018-03-29T15:52:59","modified_gmt":"2018-03-29T08:52:59","slug":"bo-qua-tang-y-nghia-giftset-set-qua-tang-mau-04","status":"publish","type":"product","link":"https:\/\/quatang5sao.com\/en\/bo-qua-tang-y-nghia-giftset-set-qua-tang-mau-04\/","title":{"rendered":"B\u1ed9 qu\u00e0 t\u1eb7ng \u00fd ngh\u0129a &#8211; Giftset &#8211; Set qu\u00e0 t\u1eb7ng &#8211; M\u1eabu 04"},"content":{"rendered":"<h1><strong><span style=\"color: #000000;\">Gifts Set<\/span><\/strong><\/h1>\n<p><span style=\"color: #000000;\">Bao g\u1ed3m ch\u1ec9 c\u00f3 m\u1ed9t quy\u1ec3n s\u1ed5 v\u00e0 b\u00fat, nh\u01b0ng \u0111\u1ec1u l\u00e0 s\u1ea3n ph\u1ea9m ch\u1ea5t l\u01b0\u1ee3ng cao c\u1ea5p. S\u1ed5 d\u1ea1ng l\u00f2 xo inox kh\u00f4ng g\u1ec9. B\u00eca c\u00f3 th\u1ec3 ch\u1ecdn m\u00e0u nh\u01b0 h\u00ecnh \u1ea3nh, <a href=\"https:\/\/quatang5sao.com\/en\/\"><strong>in logo<\/strong><\/a> theo y\u00eau c\u1ea7u c\u1ee7a kh\u00e1ch h\u00e0ng. B\u00fat \u1edf \u0111\u00e2y s\u1eed d\u1ee5ng b\u00fat v\u1ecf th\u00e9p ch\u1ea5t l\u01b0\u1ee3ng cao, ph\u00f9 h\u1ee3p \u0111\u1ec3 s\u1eed d\u1ee5ng l\u00e0m b\u00fat k\u00fd cho c\u00e1c doanh nh\u00e2n. V\u00ec v\u1eady, tuy <a href=\"https:\/\/quatang5sao.com\/en\/danh-muc\/bo-qua-tang\/\"><strong>giftset<\/strong><\/a> n\u00e0y kh\u00e1 \u0111\u01a1n gi\u1ea3n nh\u01b0ng mang \u00fd ngh\u0129a r\u1ea5t l\u1edbn \u0111\u1ed1i v\u1edbi c\u1ea3 ng\u01b0\u1eddi t\u1eb7ng v\u00e0 ng\u01b0\u1eddi nh\u1eadn qu\u00e0.<\/span><\/p>\n<p><span style=\"color: #000000;\">S\u1ed5 c\u00f3 t\u1edbi 6 m\u00e0u s\u1eafc, b\u00fat c\u00f3 t\u1edbi 7 m\u00e0u s\u1eafc \u0111\u1ec3 kh\u00e1ch h\u00e0ng t\u00f9y \u00fd l\u1ef1a ch\u1ecdn. T\u1ea5t c\u1ea3 \u0111\u1ec1u c\u00f3 th\u1ec3 <strong>in logo<\/strong> theo y\u00eau c\u1ea7u c\u1ee7a kh\u00e1ch h\u00e0ng. Ch\u00fang t\u00f4i c\u0169ng lu\u00f4n \u0111\u1ea3m b\u1ea3o gi\u00e1 c\u1ea3 t\u1ed1t nh\u1ea5t th\u1ecb tr\u01b0\u1eddng, nh\u01b0ng v\u1eabn \u0111\u1ea3m b\u1ea3o ch\u1ea5t l\u01b0\u1ee3ng s\u1ea3n ph\u1ea9m l\u00e0 t\u1ed1t nh\u1ea5t. Qu\u00fd kh\u00e1ch c\u00f3 nhu c\u1ea7u xin li\u00ean h\u1ec7 tr\u1ef1c ti\u1ebfp \u0111\u1ec3 ch\u00fang t\u00f4i b\u00e1o gi\u00e1 s\u00e1t nh\u1ea5t v\u1edbi y\u00eau c\u1ea7u c\u1ee7a qu\u00fd kh\u00e1ch h\u00e0ng.<\/span><\/p>\n<h1><span style=\"color: #000000;\">H\u00ecnh \u1ea3nh <a href=\"https:\/\/quatang5sao.com\/en\/san-pham-qua-tang\/set-qua-tang-bo-qua-tang-y-nghia\/\"><strong>set qu\u00e0 t\u1eb7ng<\/strong><\/a> g\u1ed3m b\u00fat v\u00e0 s\u1ed5 da ch\u1ea5t l\u01b0\u1ee3ng cao<\/span><\/h1>\n<figure id=\"attachment_3580\" aria-describedby=\"caption-attachment-3580\" style=\"width: 790px\" class=\"wp-caption alignnone\"><img loading=\"lazy\" decoding=\"async\" class=\"size-full wp-image-3580\" src=\"https:\/\/quatang5sao.com\/wp-content\/uploads\/2018\/03\/Set-qua-tang-Mau-04-008.jpg\" alt=\"B\u1ed9 qu\u00e0 t\u1eb7ng \u0111\u1eb9p gi\u00e1 r\u1ebb nh\u01b0ng mang nhi\u1ec1u \u00fd ngh\u0129a\" width=\"790\" height=\"654\" title=\"\" srcset=\"https:\/\/quatang5sao.com\/wp-content\/uploads\/2018\/03\/Set-qua-tang-Mau-04-008.jpg 790w, https:\/\/quatang5sao.com\/wp-content\/uploads\/2018\/03\/Set-qua-tang-Mau-04-008-510x422.jpg 510w, https:\/\/quatang5sao.com\/wp-content\/uploads\/2018\/03\/Set-qua-tang-Mau-04-008-483x400.jpg 483w, https:\/\/quatang5sao.com\/wp-content\/uploads\/2018\/03\/Set-qua-tang-Mau-04-008-768x636.jpg 768w\" sizes=\"auto, (max-width: 790px) 100vw, 790px\" \/><figcaption id=\"caption-attachment-3580\" class=\"wp-caption-text\">B\u1ed9 qu\u00e0 t\u1eb7ng \u0111\u1eb9p gi\u00e1 r\u1ebb nh\u01b0ng mang nhi\u1ec1u \u00fd ngh\u0129a<\/figcaption><\/figure>\n<figure id=\"attachment_3579\" aria-describedby=\"caption-attachment-3579\" style=\"width: 790px\" class=\"wp-caption alignnone\"><img loading=\"lazy\" decoding=\"async\" class=\"size-full wp-image-3579\" src=\"https:\/\/quatang5sao.com\/wp-content\/uploads\/2018\/03\/Set-qua-tang-Mau-04-012.jpg\" alt=\"B\u1ed9 qu\u00e0 t\u1eb7ng \u0111\u1eb9p v\u00e0 mang nhi\u1ec1u \u00fd ngh\u0129a\" width=\"790\" height=\"676\" title=\"\" srcset=\"https:\/\/quatang5sao.com\/wp-content\/uploads\/2018\/03\/Set-qua-tang-Mau-04-012.jpg 790w, https:\/\/quatang5sao.com\/wp-content\/uploads\/2018\/03\/Set-qua-tang-Mau-04-012-510x436.jpg 510w, https:\/\/quatang5sao.com\/wp-content\/uploads\/2018\/03\/Set-qua-tang-Mau-04-012-467x400.jpg 467w, https:\/\/quatang5sao.com\/wp-content\/uploads\/2018\/03\/Set-qua-tang-Mau-04-012-768x657.jpg 768w\" sizes=\"auto, (max-width: 790px) 100vw, 790px\" \/><figcaption id=\"caption-attachment-3579\" class=\"wp-caption-text\">B\u1ed9 qu\u00e0 t\u1eb7ng \u0111\u1eb9p v\u00e0 \u00fd ngh\u0129a l\u1edbn<\/figcaption><\/figure>\n<figure style=\"width: 790px\" class=\"wp-caption alignnone\"><img loading=\"lazy\" decoding=\"async\" class=\"size-full\" src=\"https:\/\/lh3.googleusercontent.com\/LnYVm8pup6CzELxJJQoCqUnzIXNU-UmIStw5-CoLgtEmhJu3pwAKSdiUYva24pam9zT7g3OQfXsdbOrqb6jg3HH1XvsI9s9tom319EoPlYEJFBVf63l8ACIaNQZIJX_9ysIENzvdfuYVXTodcHhCepufQughIVnLpJ2er2NFeRIvOVoOjvrWf0zdjiThTy18IWAZVXHQVNzjPRpto5-tmH_Mz6f0e4YeLDcHFGaeTTF-9BmAnco6Gz9q0mQ4_btlnpvboqAhjnW4S85Ty4x_X3hfS2Dl-LaTsU2MEF_KucI6xEVE4wAY2BC_y_LRHHTT0SLefrDUsnQa3eGH1tBhZRGgr9wRhPYoCuejxtPZbnjA_a87MjKm2lPBEYt9UomTd7bg-uGOlI3QtGbr5r9OA0ys2RD6sK7ec1p2iPpZab-sLksdsgbX6dpQKMZtcvuzRTjlRqM_VKfdcikmzXQLnXteBWWA4ZuW2kdfBcraqBBQEeR86nvQGeawgVlqg6QTNZ4-ekQ2678PKuPRGQt3b0CTBjM97N0ergM9Rm_9HR7jU0bJMU3Bk2DIWMmSGaztC_1K693KAW7W_NZu1vUTJXm5a3dkuml8Vq0NyBw=w790-h606-no\" alt=\"B\u1ed9 qu\u00e0 t\u1eb7ng b\u00fat v\u00e0 s\u1ed5 da ch\u1ea5t l\u01b0\u1ee3ng cao cho c\u00e1c doanh nghi\u1ec7p\" width=\"790\" height=\"606\" title=\"\"><figcaption class=\"wp-caption-text\">B\u1ed9 qu\u00e0 t\u1eb7ng b\u00fat v\u00e0 s\u1ed5 da ch\u1ea5t l\u01b0\u1ee3ng cao cho c\u00e1c doanh nghi\u1ec7p<\/figcaption><\/figure>\n<figure style=\"width: 470px\" class=\"wp-caption alignnone\"><img loading=\"lazy\" decoding=\"async\" class=\"size-full\" src=\"https:\/\/lh3.googleusercontent.com\/rw9oA66XcHvgIIpQcgpq2y1vz7x3B3oZc8zDILBFtxayvyTtgyq3mxhCJC-sPeltKvXLGbTVNj5a4aIEv5iK4Q8eDP3F7xCFGV7xJSmtkaQRP54BWA2hrNEjOyXAvoqct61yzCfLZsSclcemBBNhh0Dhdg3In_kqqiC5b8vle5uGTwnpcodySSPglarGIyKsuNiXP9yk-SblhPijWCkz1IxRLzGa60kC1BgYCZIAHZL5klo3B5PhKJpRRzT3n1JxRunSaH-k6lC-b0MhGSXyLY6zwRhYB0P-Rlg8-M3lP5kMo8EZ8qhV8OLD4Hjg52haNLaR4d4dRau16Ov9SaCf53cm887syPRct9y049hCRMeIzPvwwb2x3e0OkyJG82hFjGMljYX4Qt65dqFr6uRNiVubLfp7RndFxr7k6fLFzq5tGXZ27yEnoTv2fA8M4ekW8dFiF51ANBnOH5UphO9DKQdug8eOcZCDb_dEMJhXAMZrWIxUjHdexioivz8SDRptGZPwDAucBBvrL1sfBmnAmG9W6Q1b5G459wRbEFViAT76MxhjTq_V1w8rZniwS_qcXGmT9zCa0Uwbt_WdAEcdAczfT6UamPFNeHmEJ5Y=w471-h654-no\" alt=\"B\u1ed9 qu\u00e0 t\u1eb7ng \u0111\u1eb9p s\u1eed d\u1ee5ng s\u1ed5 da ch\u1ea5t l\u01b0\u1ee3ng cao\" width=\"470\" height=\"654\" title=\"\"><figcaption class=\"wp-caption-text\">B\u1ed9 qu\u00e0 t\u1eb7ng \u0111\u1eb9p s\u1eed d\u1ee5ng s\u1ed5 da ch\u1ea5t l\u01b0\u1ee3ng cao<\/figcaption><\/figure>\n<figure style=\"width: 393px\" class=\"wp-caption alignnone\"><img loading=\"lazy\" decoding=\"async\" class=\"size-full\" src=\"https:\/\/lh3.googleusercontent.com\/IeZUSV-p_gWIK61GbMT2vB10EvdgW1TDVzI-o73r4fEA5dA7ymzziwZmPM2LhGlDKwnLNKpLUcpEanwIWCzrIsfHkRwE0TV5U_JCLXnx3-poU4OYK6FF2JV-UbGMfA4QlwdnrrfJSvAapeNQsyLc3afH94e399uaZA5tsvnek3vjEKtfI7uZ2T8l_duqNy5JrtczUur0N_7otrRmK4G2ACVuK5t9VhSGfAVy3UqSN2ucaVVTiXMl54YxSYIG4Dy7NH2Xjn3fXqc8NO8ErFQyeHqyGjVfOlFHbyuECIETLxY8rY-xaVQvkQKFTqhLT3e0jShlNnRWMxVwkQ1WTkRqYfhaJiark77jHWQdRP8ooKGxgZKJIAHGOuHhcWHLsxLsELEzpq2YQvQ34PrHu3mVVdmLzI72x44ypL-KEtpBqWvOCackchMSw9OGR1vc8cmh2dFEhsSaB5wEVLrkpWLyhtn0zModzFJsPjlhPubn0T2lmn1vdwxuHk8XNWfvbVTO2RAfRB0B0v65p9EMv4z9buzDQheiLMceGueaGpcd0gJLbjDMkqW0lX-e1K7aLczvjGrdNn1OcZqJXb71bCd5eQkl87nEZdZAJDt1kv0=w394-h654-no\" alt=\"B\u1ed9 qu\u00e0 t\u1eb7ng s\u1ed5 da v\u00e0 b\u00fat \u0111\u1eb9p v\u00e0 mang nhi\u1ec1u \u00fd ngh\u0129a\" width=\"393\" height=\"654\" title=\"\"><figcaption class=\"wp-caption-text\">B\u1ed9 qu\u00e0 t\u1eb7ng s\u1ed5 da v\u00e0 b\u00fat \u0111\u1eb9p v\u00e0 mang nhi\u1ec1u \u00fd ngh\u0129a<\/figcaption><\/figure>\n<figure style=\"width: 676px\" class=\"wp-caption alignnone\"><img loading=\"lazy\" decoding=\"async\" class=\"size-full\" src=\"https:\/\/lh3.googleusercontent.com\/Cra9gkD1q0bsYr_aEnEA3Z1JC5RIbd4Tr_ZD-bVefvdRVc5hpe17t_pDdA3nKzrVkSJzQ6j8B02s6JGdgT76CV-LD4H3XDILPMERcB1C2xD3_cdaIx9P_fObgdqPQu-mq47k-fgHnVymI7tJWiHX7tn3yc1o4LWROQ8R8c0zN3-kFX5aK09Se6bOerEPZX3ywXt5OqFRZjFw7UX7XIamtvcoO7Z1ix8Yda2hpCCVSVEcsi1g3vJMSxw-yqw7GeDbhRbcfl8yw12lza3h0BTDbgyhZ09Pri4YLG82fPvJWf-PC2yqDqXr2ODCKtJk-MHjKE62eHzfNRk4VeDLItm0GvlwM-n5z3dyATuT-NktSDj-vmlNlVCB-YuE0OM5ZdY14PWT2x6geDJIychXxCUim7vmG4EbeHu3y80LAkQ9RBQEKs7myMb2Y-DwkLJFUPs_1-gp9odllHFMBcNNA9MmT4KuUsIE3mafAX4mIGaRgPOZ18dQHKqTLTdqIXXVrsMzEzEbjtES5sLesRO0CEtfJuj9p-ymOdLt-JzyccCbQdNpXeldCQVwbbSw-u5mBaqjGdXrIfoh0mCgKVmaG-WAN_0fWbCe-GHiMwh5uz8=w677-h654-no\" alt=\"B\u1ed9 qu\u00e0 t\u1eb7ng s\u1eed d\u1ee5ng b\u00fat bi v\u1ecf th\u00e9p in logo theo y\u00eau c\u1ea7u\" width=\"676\" height=\"654\" title=\"\"><figcaption class=\"wp-caption-text\">B\u1ed9 qu\u00e0 t\u1eb7ng s\u1eed d\u1ee5ng b\u00fat bi v\u1ecf th\u00e9p in logo theo y\u00eau c\u1ea7u<\/figcaption><\/figure>\n<figure style=\"width: 632px\" class=\"wp-caption alignnone\"><img loading=\"lazy\" decoding=\"async\" class=\"size-full\" src=\"https:\/\/lh3.googleusercontent.com\/SAKQI6ETvi_MxKFiyGM01-Us86kDjdi2Wjwcc4RLH0Scg34f3g1mzJWQsDWRyA7wbW0p3XKL7AG1t4KLR4xB3TM8E-y5GDykD09LBO6_C0UOYl7eLLQTxaRe2hCJN_dSJfom6Cg_whhhy_Kvbr5EryGNizpXzLLE_xs3XD6C8I7vrfU6ndK9Zsr5semhl-yfSNkZ2nytoK20Xs5brbcEkhccidhNr9mg0wF7qfwCxDo9VTliokClSP_ySW1ByfzP98n1FmMyWhgPs0FmovbGop03Od71vLcitDVYu1PAXl8bg0cBx_qSZamTvbMj4-8SHZ8jf918nbPXY2UUVeDaskUaDZ3VV3LJIXfBjieTdFkhTjKPquVHoai0q39fIEMRpqiFcTOuajNOmU8W1we6oshnZ6kXcCrUqF4krb6G06N4v2AINAgrloUuQKUb0d15TGZWUiw3ioQjM_OBaDY0zMtWlIBQSEGeXJs9ymTlYW4PBHYtZtX27ZiJbHvuwoiktDSOxmq3BH08J1ngTE8DpST4HMAJs2wUhQ5CFge8kOIUqsV0HYMZMHGqssqM-V-BpB1FvWqoKTl_UAXH3d6MPWYBNA0Kmn2hDicx8jQ=w633-h654-no\" alt=\"B\u1ed9 qu\u00e0 t\u1eb7ng s\u1eed d\u1ee5ng b\u00fat bi v\u1ecf th\u00e9p ch\u1ea5t l\u01b0\u1ee3ng cao\" width=\"632\" height=\"654\" title=\"\"><figcaption class=\"wp-caption-text\">B\u1ed9 qu\u00e0 t\u1eb7ng s\u1eed d\u1ee5ng b\u00fat bi v\u1ecf th\u00e9p ch\u1ea5t l\u01b0\u1ee3ng cao<\/figcaption><\/figure>","protected":false},"excerpt":{"rendered":"<p>B\u1ed9 qu\u00e0 t\u1eb7ng Bao g\u1ed3m ch\u1ec9 c\u00f3 m\u1ed9t quy\u1ec3n s\u1ed5 v\u00e0 b\u00fat, nh\u01b0ng \u0111\u1ec1u l\u00e0 s\u1ea3n ph\u1ea9m ch\u1ea5t l\u01b0\u1ee3ng cao c\u1ea5p. S\u1ed5 d\u1ea1ng l\u00f2 xo inox kh\u00f4ng g\u1ec9. B\u00eca c\u00f3 th\u1ec3 ch\u1ecdn m\u00e0u nh\u01b0 h\u00ecnh \u1ea3nh, in logo theo y\u00eau c\u1ea7u c\u1ee7a kh\u00e1ch h\u00e0ng. B\u00fat \u1edf \u0111\u00e2y s\u1eed d\u1ee5ng b\u00fat v\u1ecf th\u00e9p ch\u1ea5t l\u01b0\u1ee3ng cao, [&#8230;]\n","protected":false},"featured_media":3579,"comment_status":"open","ping_status":"closed","template":"","meta":[],"product_brand":[],"product_cat":[249],"product_tag":[441,439,440,438],"class_list":{"0":"post-3578","1":"product","2":"type-product","3":"status-publish","4":"has-post-thumbnail","6":"product_cat-bo-qua-tang","7":"product_tag-bo-qua-tang","8":"product_tag-gift-set","9":"product_tag-hop-qua-tang","10":"product_tag-set-qua-tang","12":"first","13":"instock","14":"shipping-taxable","15":"product-type-simple"},"amp_enabled":true,"_links":{"self":[{"href":"https:\/\/quatang5sao.com\/en\/wp-json\/wp\/v2\/product\/3578","targetHints":{"allow":["GET"]}}],"collection":[{"href":"https:\/\/quatang5sao.com\/en\/wp-json\/wp\/v2\/product"}],"about":[{"href":"https:\/\/quatang5sao.com\/en\/wp-json\/wp\/v2\/types\/product"}],"replies":[{"embeddable":true,"href":"https:\/\/quatang5sao.com\/en\/wp-json\/wp\/v2\/comments?post=3578"}],"wp:featuredmedia":[{"embeddable":true,"href":"https:\/\/quatang5sao.com\/en\/wp-json\/wp\/v2\/media\/3579"}],"wp:attachment":[{"href":"https:\/\/quatang5sao.com\/en\/wp-json\/wp\/v2\/media?parent=3578"}],"wp:term":[{"taxonomy":"product_brand","embeddable":true,"href":"https:\/\/quatang5sao.com\/en\/wp-json\/wp\/v2\/product_brand?post=3578"},{"taxonomy":"product_cat","embeddable":true,"href":"https:\/\/quatang5sao.com\/en\/wp-json\/wp\/v2\/product_cat?post=3578"},{"taxonomy":"product_tag","embeddable":true,"href":"https:\/\/quatang5sao.com\/en\/wp-json\/wp\/v2\/product_tag?post=3578"}],"curies":[{"name":"wp","href":"https:\/\/api.w.org\/{rel}","templated":true}]}}