{"id":3575,"date":"2018-03-29T00:24:08","date_gmt":"2018-03-28T17:24:08","guid":{"rendered":"https:\/\/quatang5sao.com\/?post_type=product&#038;p=3575"},"modified":"2018-03-29T00:24:08","modified_gmt":"2018-03-28T17:24:08","slug":"giftset-set-qua-tang-bo-qua-tang-y-nghia-mau-03","status":"publish","type":"product","link":"https:\/\/quatang5sao.com\/en\/giftset-set-qua-tang-bo-qua-tang-y-nghia-mau-03\/","title":{"rendered":"Giftset &#8211; Set qu\u00e0 t\u1eb7ng &#8211; B\u1ed9 qu\u00e0 t\u1eb7ng \u00fd ngh\u0129a &#8211; M\u1eabu 03"},"content":{"rendered":"<h1><span style=\"color: #000000;\">Giftset<\/span><\/h1>\n<p><span style=\"color: #000000;\">L\u00e0 h\u00ecnh th\u1ee9c t\u1eadp h\u1ee3p nhi\u1ec1u lo\u1ea1i s\u1ea3n ph\u1ea9m v\u1edbi nhau th\u00e0nh <a href=\"https:\/\/quatang5sao.com\/en\/danh-muc\/bo-qua-tang\/\"><strong>b\u1ed9 qu\u00e0 t\u1eb7ng<\/strong><\/a>. Tuy kh\u00e1c nhau v\u1ec1 ch\u1ee7ng lo\u1ea1i nh\u01b0ng l\u1ea1i \u0111\u00e1p \u1ee9ng \u0111\u01b0\u1ee3c m\u1ecdi nhu c\u1ea7u thi\u1ebft y\u1ebfu trong c\u00f4ng vi\u1ec7c v\u00e0 c\u00f3 th\u1ec3 qu\u1ea3ng c\u00e1o \u0111\u1eb7c s\u1ea3n. V\u00ec v\u1eady lo\u1ea1i s\u1ea3n ph\u1ea9m n\u00e0y c\u0169ng \u0111\u00e1p \u1ee9ng \u0111\u01b0\u1ee3c nhi\u1ec1u nhu c\u1ea7u c\u1ee7a kh\u00e1ch h\u00e0ng.<\/span><\/p>\n<p><span style=\"color: #000000;\">M\u1eabu 03 c\u1ee7a m\u1ee5c <a href=\"https:\/\/quatang5sao.com\/en\/san-pham-qua-tang\/set-qua-tang-giftset-bo-qua-tang-y-nghia-mau-02\/\"><strong>Set qu\u00e0 t\u1eb7ng<\/strong><\/a> bao g\u1ed3m: s\u1ed5 da, b\u00fat, s\u1ea1c d\u1ef1 ph\u00f2ng, chu\u1ed9t, m\u00f3c kh\u00f3a. T\u1ea5t c\u1ea3 c\u00e1c s\u1ea3n ph\u1ea9m \u0111\u1ec1u c\u00f3 th\u1ec3 <a href=\"https:\/\/quatang5sao.com\/en\/\"><strong>in logo<\/strong><\/a> theo y\u00eau c\u1ea7u. \u0110\u00e1p \u1ee9ng \u0111\u01b0\u1ee3c m\u1ecdi y\u00eau c\u1ea7u l\u00e0m t\u0103ng <a href=\"https:\/\/quatang5sao.com\/en\/tu-khoa\/qua-tang-doanh-nghiep\/\"><strong>nh\u1eadn di\u1ec7n th\u01b0\u01a1ng hi\u1ec7u<\/strong><\/a> cho doanh nghi\u1ec7p.<\/span><\/p>\n<p><span style=\"color: #000000;\">Ch\u00fang t\u00f4i lu\u00f4n c\u00f3 gi\u00e1 t\u1ed1t nh\u1ea5t th\u1ecb tr\u01b0\u1eddng v\u1edbi ngu\u1ed3n h\u00e0ng \u0111\u1ea3m b\u1ea3o, ch\u1ea5t l\u01b0\u1ee3ng cao. Qu\u00fd kh\u00e1ch c\u00f3 nhu c\u1ea7u m\u1eddi li\u00ean h\u1ec7 tr\u1ef1c ti\u1ebfp v\u1edbi ch\u00fang t\u00f4i nh\u00e9.<\/span><\/p>\n<h1><span style=\"color: #000000;\">H\u00ecnh \u1ea3nh b\u1ed9 qu\u00e0 t\u1eb7ng ch\u1ea5t l\u01b0\u1ee3ng cao<\/span><\/h1>\n<figure id=\"attachment_3577\" aria-describedby=\"caption-attachment-3577\" style=\"width: 790px\" class=\"wp-caption alignnone\"><img loading=\"lazy\" decoding=\"async\" class=\"size-full wp-image-3577\" src=\"https:\/\/quatang5sao.com\/wp-content\/uploads\/2018\/03\/Set-qua-tang-Mau-03-011.jpg\" alt=\"Giftset qu\u00e0 t\u1eb7ng \u00fd ngh\u0129a in logo theo y\u00eau c\u1ea7u\" width=\"790\" height=\"545\" title=\"\" srcset=\"https:\/\/quatang5sao.com\/wp-content\/uploads\/2018\/03\/Set-qua-tang-Mau-03-011.jpg 790w, https:\/\/quatang5sao.com\/wp-content\/uploads\/2018\/03\/Set-qua-tang-Mau-03-011-510x352.jpg 510w, https:\/\/quatang5sao.com\/wp-content\/uploads\/2018\/03\/Set-qua-tang-Mau-03-011-580x400.jpg 580w, https:\/\/quatang5sao.com\/wp-content\/uploads\/2018\/03\/Set-qua-tang-Mau-03-011-768x530.jpg 768w\" sizes=\"auto, (max-width: 790px) 100vw, 790px\" \/><figcaption id=\"caption-attachment-3577\" class=\"wp-caption-text\">Giftset qu\u00e0 t\u1eb7ng \u00fd ngh\u0129a in logo theo y\u00eau c\u1ea7u<\/figcaption><\/figure>\n<figure id=\"attachment_3576\" aria-describedby=\"caption-attachment-3576\" style=\"width: 790px\" class=\"wp-caption alignnone\"><img loading=\"lazy\" decoding=\"async\" class=\"size-full wp-image-3576\" src=\"https:\/\/quatang5sao.com\/wp-content\/uploads\/2018\/03\/Set-qua-tang-Mau-03-001.jpg\" alt=\"B\u1ed9 qu\u00e0 t\u1eb7ng \u00fd ngh\u0129a ch\u1ea5t l\u01b0\u1ee3ng cao\" width=\"790\" height=\"595\" title=\"\" srcset=\"https:\/\/quatang5sao.com\/wp-content\/uploads\/2018\/03\/Set-qua-tang-Mau-03-001.jpg 790w, https:\/\/quatang5sao.com\/wp-content\/uploads\/2018\/03\/Set-qua-tang-Mau-03-001-510x384.jpg 510w, https:\/\/quatang5sao.com\/wp-content\/uploads\/2018\/03\/Set-qua-tang-Mau-03-001-531x400.jpg 531w, https:\/\/quatang5sao.com\/wp-content\/uploads\/2018\/03\/Set-qua-tang-Mau-03-001-768x578.jpg 768w\" sizes=\"auto, (max-width: 790px) 100vw, 790px\" \/><figcaption id=\"caption-attachment-3576\" class=\"wp-caption-text\">Giftset qu\u00e0 t\u1eb7ng \u00fd ngh\u0129a ch\u1ea5t l\u01b0\u1ee3ng cao<\/figcaption><\/figure>\n<figure style=\"width: 790px\" class=\"wp-caption alignnone\"><img loading=\"lazy\" decoding=\"async\" class=\"size-full\" src=\"https:\/\/lh3.googleusercontent.com\/dBMyB1RCamcKfM6FtjVXRCgWmC4Ahm0PCBY3UVX6rZXczWrCAIi8CDq8gFidOl647lNuaQ8ZdaRYS_KRJ12xa2ZpK3ZbFDConkP5Kfl4CD193V-CNrgNtrzr6EIHGi-bH_d0RkhqvReuWGiOe59PM5unyIQe_IH8lg1aW1xaDaJB8yjUPEIRE0FPkHfa_3PERCzLvdwfDIDDOkkCol9THqMwspxsXAFeqTQkb-IKFO3-zQA4Fvucadrs1yC5rxEkTBtYrL9bRAT1RhJNb2RfemO47Rg40PDqoDpBIa7xFkRS6VIwdgC5NW-cWUKBkzv4KjBY-yA0mOkVd79AIXHTshmXkQnJ6NSwTmWD0Hssg5W6WXJJ6s78AtnHd84fjUQ6YWg3S2tyU1E7mf3o5fsqrOPA-h-0r8dz5whBWVE4WonC6-PHVcrz-DYpXfDDA5hanUtlxLg_M0k5ydAgxbEoepZfIqKWf6LOHk9n8ue4pCtpFPwKvorKmdpt602owS14-hHsI5LNSoUyHgJrYKP_-XCs81SrXFWp2VudKtjLNKA2nXdy5rxp0N42EcrC0tVdtPz1EBfGMiN8I5IYT-YKcsnZuslUpcJIsi7J_VQ=w790-h569-no\" alt=\"Set qu\u00e0 t\u1eb7ng \u00fd ngh\u0129a ch\u1ea5t l\u01b0\u1ee3ng cao\" width=\"790\" height=\"569\" title=\"\"><figcaption class=\"wp-caption-text\">Giftset qu\u00e0 t\u1eb7ng \u00fd ngh\u0129a c\u1ee7a Huawei t\u1eb7ng kh\u00e1ch h\u00e0ng<\/figcaption><\/figure>\n<figure style=\"width: 790px\" class=\"wp-caption alignnone\"><img loading=\"lazy\" decoding=\"async\" class=\"size-full\" src=\"https:\/\/lh3.googleusercontent.com\/aU2Jej5XAHaQm9CZXwnFCmqsQPU6Ht6BjkGqm-A3GAO3nM-ziMeAc7Z3sPe4nOfbUI406bA5bb1mgCVTIF7Gf_OD4joXnEkr5w6-_KgCnnH22SmyRdBl1hO3hQCmRzcOhwYG8S4Gc00TiJXncO4p4edwovn9Bt_PQvUlEtTiDZ_eNP_q-aS7tCt9y8HgvRn3wr__yiRLHl_KVitdBGurZA0VbGGt5CrDVilo6mEWv3Gd2qxej5YNa9ZbubCy0YA-jVNZpFThLloz-XRzdascmQ6urKtRPkgfLd7_PNGBzJLnuc1p7O3upItl6u51NOjMqEXhVuPN_8RkZSfhJ8DUrQY165Sgq9t1EZZXK3fuz70TLaNF9GsYHy9N7OU7Xl0KysMhXpmM8VvGc63oNfFMHpKolrsZxXaFNQPJseZltsWV9AiBSDDUV7rPXolfyitsOzCQqdaWe9WDPK8n1-ALfmGYkh8aQlDJasfQFoHRGjw9l1NrwcM5NzVuOGYGIc74kP2iPA4BLmebfQxZkvkg5Y9MRKPZDsAM6UVnrFiqW7VGJX0ScanDz_aCa1WzqV7gNwRZs6L2dG_wV7meVr4zq35f8xNi-qLDjAvB0b8=w790-h614-no\" alt=\"S\u1ed5 da ch\u1ea5t l\u01b0\u1ee3ng cao in logo theo y\u00eau c\u1ea7u\" width=\"790\" height=\"614\" title=\"\"><figcaption class=\"wp-caption-text\">Giftset s\u1eed d\u1ee5ng s\u1ed5 da cao c\u1ea5p<\/figcaption><\/figure>\n<figure style=\"width: 790px\" class=\"wp-caption alignnone\"><img loading=\"lazy\" decoding=\"async\" class=\"size-full\" src=\"https:\/\/lh3.googleusercontent.com\/l4KWQCnEYBv-N94auo1AXXh7gfJ_5onra4T24-5zPbsCjwBJ9QSfxFNxkT0R6KZaQ5YdBvWqYvfqXWHwr98TlurgapR8rYzAOURhGoUbh1GdqVxGevS-3WqgU7lE6tI27GQasPkpTps6QhsCsN_pDHPuOu8lUMq3Hsb0Ad2VRnlytzrTqYX50V6dd58gQZeNDOmArn1dIPFmief1oFZ0SE_VoCcb2R9fBMs44RXV0tajWrl4IzNlOsrpzhc1e3oE_z7U3q_vWvTdCMSBr-rPzIySlzcfYX7IQwGgAyH-_EK2weNXSNB-HZWoUT96j_4HsNzUqnaxGXp98SWux_o7PCRXlEfJge-XqQf_9XpkDB7w-tcUP3AVNtEP3Kcvmq77SidP8dXvz4uDARusKiHrVpQDru_Sx7PUyQhmjVLn_J1gRjEcNeVS-BF4dF8dlGGnf-GBZ9uuZOeITV2j3fB712xx4voybWsoJiqe5QbPNV_gQiMqSND5_NtQZG3XzwvmdG1EvUH3iSdPce-xQAnJMVBTwMSTB90_IEsPfhPHXb8QQrtm55Ett4oJbHVqpgNt-K-eCebyxmScdiZIyYhQcNjpDBbfvsZazpR_npY=w790-h668-no\" alt=\"B\u00fat bi in logo theo y\u00eau c\u1ea7u c\u1ee7a kh\u00e1ch h\u00e0ng\" width=\"790\" height=\"668\" title=\"\"><figcaption class=\"wp-caption-text\">Giftset s\u1eed d\u1ee5ng b\u00fat bi v\u1ecf th\u00e9p cao c\u1ea5p<\/figcaption><\/figure>\n<figure style=\"width: 790px\" class=\"wp-caption alignnone\"><img loading=\"lazy\" decoding=\"async\" class=\"size-full\" src=\"https:\/\/lh3.googleusercontent.com\/Wxu1eLNQOHNbEG-MAGFqFzEtHN2ePpupG32i1Kjuvn-RrFfJhPHpe1Ak-l5X-ou24F9STbQwQi9kpGkiakC3s8IKQ1U9SRtTB_bUE1zwprDE8YV_kNc9zTQIqKHUqqEeTe1z3X2v-kqwj0yfTACMmfdKPFvDiewXEMtdM-0voUrahzfYUx9vaThXV7fnxXLsGezn-p91Bnb6vcKV_DCSkyGR-iUUlgkQl16PCftkjFIHkpk6teCwZVHTCYJb9qAXxKZnPoMjtq2VUNW2mc3dWfvYbZRtNkgRw9kXlO0OZspHxNb3BEWl5Vr0mWQR_hRdseVf8zc-I63vFUCQw5v1T7JXKYTdxVQZ4hBLINMqDQSbz9B0eLl8s0_qqyNVFe2cAYpfoso6xfTiJy1DVtS0fGqoBswCIo8HLbfXRLa3zCxPfFSEafuHGFDcxbLjqfqSgQDPxvDiKPzprpDSmUp5BeqYDWpDs8N2Tdu8CA3a9qIC8MLfBEV9PmcFv880TQsaDcJQA1tDYzpITmBKws6WQvNtaqvhXcoqvRmBGGCyfetbDJ-1NkUASQTWXlee8TzQV98CZFN0LolJnTWVrPFvoPxZ00lQ-BQyjWRRGT4=w790-h712-no\" alt=\"Giftset s\u1eed d\u1ee5ng s\u1ea1c d\u1ef1 ph\u00f2ng ch\u1ea5t l\u01b0\u1ee3ng cao in logo theo y\u00eau c\u1ea7u\" width=\"790\" height=\"712\" title=\"\"><figcaption class=\"wp-caption-text\">Giftset s\u1eed d\u1ee5ng s\u1ea1c d\u1ef1 ph\u00f2ng ch\u1ea5t l\u01b0\u1ee3ng cao in logo theo y\u00eau c\u1ea7u<\/figcaption><\/figure>\n<figure style=\"width: 790px\" class=\"wp-caption alignnone\"><img loading=\"lazy\" decoding=\"async\" class=\"size-full\" src=\"https:\/\/lh3.googleusercontent.com\/JuCHBfUmg9QJOYHVdhiibol7XFhC0m9_EgbUJZP7XkcG8SYzFl4e6JHUOM0iBpvOhCtqSbXwRYLTOV0YmDZEGa6Z7AI7k7lfIAjU_SWyCAUVzd_zDfbwReOjG4kqYuOtIhfJdjWJRpIR023FG2YqDQT6xQucf2IFYahFgNVE4UkJPP7witS99mQPKpaCPu3skwZT1Al8musRAmlKjMKifxE7-A8CEQQ2hIk0e9oiT6t4FY4wNmOOcCXj1XQjVKxSYhwcxYfCz8fWmv56iHJ5fb0JGJ0kfTYDjy5er7e0o1cnTLYr9kHxvHMo38zKwmn-trvSy6_uxbkrOsP2cUj06xRHYMShm0WLdcrnckVD4f0DmRY2FQ52-lISIAHl5fIOcynRKqgCCOwO3kRlofpFOebrmoz2HGvMGXThhupi5Um51XxGcuFNULfu4ZTxEHW1UHREGeaW-67vIoGmpXTBmYNP0ohHM6_BlaCEtOEt_uUvKkJxUKqBwdZJ7WIEee7BoG4pOPw4ulm7W0Pp4MR5GPxinW-RIkMJYVEjVVUjIUczegsY3WlFYD3LL0sJ4ZvdZXFSMAXfw5AzjdJKpsRPt_mfbQp8vp-Uf5iB8uc=w790-h477-no\" alt=\"Giftset s\u1eed d\u1ee5ng s\u1ea1c d\u1ef1 ph\u00f2ng ch\u1ea5t l\u01b0\u1ee3ng cao\" width=\"790\" height=\"477\" title=\"\"><figcaption class=\"wp-caption-text\">Giftset s\u1eed d\u1ee5ng s\u1ea1c d\u1ef1 ph\u00f2ng ch\u1ea5t l\u01b0\u1ee3ng cao s\u1ea1c \u0111\u01b0\u1ee3c cho c\u1ea3 Ipad<\/figcaption><\/figure>\n<figure style=\"width: 790px\" class=\"wp-caption alignnone\"><img loading=\"lazy\" decoding=\"async\" class=\"size-full\" src=\"https:\/\/lh3.googleusercontent.com\/SayIjsacwdJcjr34Vxz-qH0fLnNU0mCnAWd5MfsNRc8vY7Jjg3ral4KNc2ZeGEbIys5jMcD8yf_B4EIlIVjIcwakvGg0gJigH0WntIEVMh8FxsWtcSZZt5W4macN-l0-OCGtXHeNOj4Q3a0SLlVDFb67UBup-tPLfAlj17NyPnJlPMX973vqQ2x7wEOjOTra6k8g6aiBRAkq9VRqLw-mXYaFuEnoLtqTqjEyLM5PjlFEPcTCC6JzKp_Mb1NAToDz7qTvzixFn1ELSCemIKJjL5NynCuWiY_eOs2vvBVtuugNtfxj4F4hqIY4xuqIz1weNQ1V78pai_b79szC43cWCKohMZIyiDK5McA8Spybdm5riIi2QIsO7GeAQNPIOldY1B481dZcgHbRuHrFCt4b--T_fVL381LK-tNhzd1vmQcNaVyfwQfxPEMOiHRSWQAVqyazv5QInNR5Mz_CRu-hqBpGJoboVnU4k1395JtlTYu7ko1tPexULwhrDJPShR9mBX6ePNdfvF0a8gpddY1OWB2Qz6zJbsZE9s3zs7rWXA8UhOl1LMwYYBn5k87YvFzrYpukyiG78nQGhCN2gf4Ew5HjxcmTklfBg97IIeY=w790-h486-no\" alt=\"Giftset s\u1eed d\u1ee5ng h\u1ed9p name card ch\u1ea5t l\u01b0\u1ee3ng cao, \u0111\u1eb9p v\u00e0 sang tr\u1ecdng\" width=\"790\" height=\"486\" title=\"\"><figcaption class=\"wp-caption-text\">Giftset s\u1eed d\u1ee5ng h\u1ed9p name card ch\u1ea5t l\u01b0\u1ee3ng cao, \u0111\u1eb9p v\u00e0 sang tr\u1ecdng<\/figcaption><\/figure>\n<figure style=\"width: 790px\" class=\"wp-caption alignnone\"><img loading=\"lazy\" decoding=\"async\" class=\"size-full\" src=\"https:\/\/lh3.googleusercontent.com\/0enG3Au5WlXZwPZNA7lmWo5Ynm-J4l795pBlTe0fnVBBD6CnZyshShqeBw_3k2znBkajXXXy2vP0PkY5c4UUQWXpTuZk0djF5NQoMNniaGh6c2cNAk4N7JyJuHVSGzRnZ3xRQ5TYVify1nxs8aMVjJyfWAT7ydueUENAH8Scekg-b9eYkJiDM4gfYhJzJOwtzyWJHRM-i8Dhfgo1dpVU3FlFgArp6bmFGVTomZbeCce8S8iLZFx8XofXuUEyK_gbVYDP-Rt2SHRl_CNYr2uHGyZltbc9vtUwbDvt3KHqIRR2jGu0-7Lj0_npA3966o_K4XmqT7bUrM5R9-YtaqEPek6qxV1UAD1UDnCrZp9U3eRYLm-dwBYSDoH5NfeV-ivK1w5aPD35SLTt0DwG2e2ZdOKRIKlW-ChcUj-xVKq21TUMDGkz1wq23031zp6tLSlOgJ_bEXCvV5NQ7aT83tPlaMVQ9xitWd_eRo_ffbZLOnxvzi_rSlTi-RsgdtKlXwlqnOb0L3GzqOKzSfylDurF9uE_CsTsQBmTaDpJbsuSHPsNhDxBBDKxP5HcGdf7ipDEg3Ratn3RARVwmdBtt8gF5-ZJyJ88QWLdJxKIJrc=w790-h470-no\" alt=\"H\u1ed9p namecard ch\u1ea5t l\u01b0\u1ee3ng cao c\u00f3 th\u1ec3 in, kh\u1eafc logo theo y\u00eau c\u1ea7u\" width=\"790\" height=\"470\" title=\"\"><figcaption class=\"wp-caption-text\">H\u1ed9p namecard ch\u1ea5t l\u01b0\u1ee3ng cao c\u00f3 th\u1ec3 in, kh\u1eafc logo theo y\u00eau c\u1ea7u<\/figcaption><\/figure>\n<figure style=\"width: 790px\" class=\"wp-caption alignnone\"><img loading=\"lazy\" decoding=\"async\" class=\"size-full\" src=\"https:\/\/lh3.googleusercontent.com\/wrg7BXw76ZkLYc4hkp2Fj-YHBwPPp8NTwQKFwXcYikgEbBZADBNTvwn_Sq7meDOIb-pdIftTM5aQ98EX3YMHcSTmie9G-Y0cuiayeIja7igExswUDC6_uOS_MdAyxplkPrtJBZ2TvpmDcFBnqV4koAOh_ZoATuHKWQr6swaXdTHy5lfE84QlDwNLDVhz_iwycz-gSo8jQ2FjyP60jnJQinfgWvToNG42Mp8tFh_ls3qEbgQWUzu6-WVtxru6m-7tqo7aMCGWq3gD4TqkSXeWECl2LNGzrkljhppgEM4Om5dgO41jWmvN55OUUhq77HCeRgZVdZLLBpJGxCsT5WeYO3Nxnh0Q5Yl9WMDneKPhGi5zEhlRCQAJEnki5EaVKoHUvI4tNPR3XP0EZwZSeBtOZrUgB7PKRxetLgS1DSQ6FibHQmzAcZjeleSj8dqgMBgt3k8O258_58aCZV34I1M8f0CW9MTMgnRoWn89fdKSLwo4UAH3WmtbTjq5lppF9jTNdWwMRaipnT4OW5Mk4XuGzhosse4YsH0HRhI-HMESCuC0geVDLg-mLAPHOqiinrNIrlMTRSQQfRcNbsUaL-u6H6JcEmIuHu_kydxVr8c=w790-h411-no\" alt=\"T\u0103ng dung l\u01b0\u1ee3ng cho \u0111i\u1ec7n tho\u1ea1i b\u1eb1ng USB ti\u1ec7n d\u1ee5ng\" width=\"790\" height=\"411\" title=\"\"><figcaption class=\"wp-caption-text\">T\u0103ng dung l\u01b0\u1ee3ng cho \u0111i\u1ec7n tho\u1ea1i b\u1eb1ng USB ti\u1ec7n d\u1ee5ng<\/figcaption><\/figure>","protected":false},"excerpt":{"rendered":"<p>Giftset L\u00e0 h\u00ecnh th\u1ee9c t\u1eadp h\u1ee3p nhi\u1ec1u lo\u1ea1i s\u1ea3n ph\u1ea9m v\u1edbi nhau th\u00e0nh b\u1ed9 qu\u00e0 t\u1eb7ng. Tuy kh\u00e1c nhau v\u1ec1 ch\u1ee7ng lo\u1ea1i nh\u01b0ng l\u1ea1i \u0111\u00e1p \u1ee9ng \u0111\u01b0\u1ee3c m\u1ecdi nhu c\u1ea7u thi\u1ebft y\u1ebfu trong c\u00f4ng vi\u1ec7c v\u00e0 c\u00f3 th\u1ec3 qu\u1ea3ng c\u00e1o \u0111\u1eb7c s\u1ea3n. V\u00ec v\u1eady lo\u1ea1i s\u1ea3n ph\u1ea9m n\u00e0y c\u0169ng \u0111\u00e1p \u1ee9ng \u0111\u01b0\u1ee3c nhi\u1ec1u nhu c\u1ea7u [&#8230;]\n","protected":false},"featured_media":3576,"comment_status":"open","ping_status":"closed","template":"","meta":[],"product_brand":[],"product_cat":[249],"product_tag":[441,439,440,438],"class_list":{"0":"post-3575","1":"product","2":"type-product","3":"status-publish","4":"has-post-thumbnail","6":"product_cat-bo-qua-tang","7":"product_tag-bo-qua-tang","8":"product_tag-gift-set","9":"product_tag-hop-qua-tang","10":"product_tag-set-qua-tang","12":"first","13":"instock","14":"shipping-taxable","15":"product-type-simple"},"amp_enabled":true,"_links":{"self":[{"href":"https:\/\/quatang5sao.com\/en\/wp-json\/wp\/v2\/product\/3575","targetHints":{"allow":["GET"]}}],"collection":[{"href":"https:\/\/quatang5sao.com\/en\/wp-json\/wp\/v2\/product"}],"about":[{"href":"https:\/\/quatang5sao.com\/en\/wp-json\/wp\/v2\/types\/product"}],"replies":[{"embeddable":true,"href":"https:\/\/quatang5sao.com\/en\/wp-json\/wp\/v2\/comments?post=3575"}],"wp:featuredmedia":[{"embeddable":true,"href":"https:\/\/quatang5sao.com\/en\/wp-json\/wp\/v2\/media\/3576"}],"wp:attachment":[{"href":"https:\/\/quatang5sao.com\/en\/wp-json\/wp\/v2\/media?parent=3575"}],"wp:term":[{"taxonomy":"product_brand","embeddable":true,"href":"https:\/\/quatang5sao.com\/en\/wp-json\/wp\/v2\/product_brand?post=3575"},{"taxonomy":"product_cat","embeddable":true,"href":"https:\/\/quatang5sao.com\/en\/wp-json\/wp\/v2\/product_cat?post=3575"},{"taxonomy":"product_tag","embeddable":true,"href":"https:\/\/quatang5sao.com\/en\/wp-json\/wp\/v2\/product_tag?post=3575"}],"curies":[{"name":"wp","href":"https:\/\/api.w.org\/{rel}","templated":true}]}}