{"id":3571,"date":"2018-03-28T16:18:38","date_gmt":"2018-03-28T09:18:38","guid":{"rendered":"https:\/\/quatang5sao.com\/?post_type=product&#038;p=3571"},"modified":"2018-03-28T16:18:38","modified_gmt":"2018-03-28T09:18:38","slug":"set-qua-tang-giftset-bo-qua-tang-y-nghia-mau-02","status":"publish","type":"product","link":"https:\/\/quatang5sao.com\/en\/set-qua-tang-giftset-bo-qua-tang-y-nghia-mau-02\/","title":{"rendered":"Set qu\u00e0 t\u1eb7ng &#8211; Giftset &#8211; B\u1ed9 qu\u00e0 t\u1eb7ng \u00fd ngh\u0129a &#8211; M\u1eabu 02"},"content":{"rendered":"<h1><span style=\"color: #000000;\">Giftset<\/span><\/h1>\n<p><span style=\"color: #000000;\">L\u00e0 <a href=\"https:\/\/quatang5sao.com\/en\/danh-muc\/bo-qua-tang\/\"><strong>b\u1ed9 qu\u00e0 t\u1eb7ng<\/strong><\/a> bao g\u1ed3m nhi\u1ec1u s\u1ea3n ph\u1ea9m c\u00f3 \u00fd ngh\u0129a li\u00ean quan \u0111\u1ebfn nhau k\u1ebft h\u1ee3p l\u1ea1i. Ch\u00fang \u0111\u01b0\u1ee3c \u0111\u1eb7t trong h\u1ed9p thi\u1ebft k\u1ebf \u0111\u1eb9p. Th\u01b0\u1eddng \u0111\u01b0\u1ee3c s\u1eed d\u1ee5ng l\u00e0m <a href=\"https:\/\/quatang5sao.com\/en\/\"><strong>qu\u00e0 t\u1eb7ng<\/strong><\/a> trong c\u00e1c ng\u00e0y l\u1ec5 ho\u1eb7c c\u00e1c <a href=\"https:\/\/quatang5sao.com\/en\/tu-khoa\/qua-tang-su-kien\/\"><strong>s\u1ef1 ki\u1ec7n<\/strong><\/a> \u0111\u1eb7c bi\u1ec7t.<\/span><\/p>\n<p><span style=\"color: #000000;\"><a href=\"https:\/\/quatang5sao.com\/en\/san-pham-qua-tang\/set-qua-tang-bo-qua-tang-y-nghia\/\"><strong>Gifts Set<\/strong><\/a> m\u1eabu 02 bao g\u1ed3m 1 quy\u1ec3n s\u1ed5, 1 USB m\u1edf r\u1ed9ng dung l\u01b0\u1ee3ng cho smartphone, 1 b\u00fat bi v\u1ecf th\u00e9p. T\u1ea5t c\u1ea3 \u0111\u1ec1u h\u00e0ng ch\u1ea5t l\u01b0\u1ee3ng cao. \u0110\u1ed3ng th\u1eddi, c\u00f3 th\u1ec3 <a href=\"https:\/\/vongcaosugiare.wordpress.com\/\" target=\"_blank\" rel=\"noopener\"><strong>in logo<\/strong><\/a> th\u01b0\u01a1ng hi\u1ec7u, c\u01a1 quan l\u00ean \u0111\u1ec3 t\u0103ng th\u00eam \u00fd ngh\u0129a cho m\u00f3n qu\u00e0.<\/span><\/p>\n<p><span style=\"color: #000000;\">Ch\u00fang t\u00f4i t\u1ef1 h\u00e0o cung c\u1ea5p \u0111\u1ebfn qu\u00fd kh\u00e1ch nh\u01b0ng <a href=\"https:\/\/quatang5sao.com\/en\/tu-khoa\/qua-tang-doanh-nghiep\/\"><strong>set qu\u00e0 t\u1eb7ng<\/strong><\/a> \u0111\u1eb9p, gi\u00e1 r\u1ebb nh\u01b0ng ch\u1ea5t l\u01b0\u1ee3ng lu\u00f4n \u0111\u1ea3m b\u1ea3o, t\u1ed1t nh\u1ea5t. M\u1eddi qu\u00fd kh\u00e1ch li\u00ean h\u1ec7 tr\u1ef1c ti\u1ebfp \u0111\u1ec3 b\u00e1o gi\u00e1 s\u1ea3n ph\u1ea9m.<\/span><\/p>\n<h1><span style=\"color: #000000;\">H\u00ecnh \u1ea3nh set qu\u00e0 t\u1eb7ng m\u1eabu 02<\/span><\/h1>\n<figure id=\"attachment_3573\" aria-describedby=\"caption-attachment-3573\" style=\"width: 790px\" class=\"wp-caption alignnone\"><img loading=\"lazy\" decoding=\"async\" class=\"size-full wp-image-3573\" src=\"https:\/\/quatang5sao.com\/wp-content\/uploads\/2018\/03\/Set-qua-tang-Mau-02-004.jpg\" alt=\"Giftset b\u1ed9 qu\u00e0 t\u1eb7ng \u00fd ngh\u0129a ch\u1ea5t l\u01b0\u1ee3ng cao\" width=\"790\" height=\"620\" title=\"\" srcset=\"https:\/\/quatang5sao.com\/wp-content\/uploads\/2018\/03\/Set-qua-tang-Mau-02-004.jpg 790w, https:\/\/quatang5sao.com\/wp-content\/uploads\/2018\/03\/Set-qua-tang-Mau-02-004-510x400.jpg 510w, https:\/\/quatang5sao.com\/wp-content\/uploads\/2018\/03\/Set-qua-tang-Mau-02-004-768x603.jpg 768w\" sizes=\"auto, (max-width: 790px) 100vw, 790px\" \/><figcaption id=\"caption-attachment-3573\" class=\"wp-caption-text\">Giftset ch\u1ea5t l\u01b0\u1ee3ng cao gi\u00e1 r\u1ebb v\u00e0 \u0111\u1eb9p<\/figcaption><\/figure>\n<figure id=\"attachment_3572\" aria-describedby=\"caption-attachment-3572\" style=\"width: 790px\" class=\"wp-caption alignnone\"><img loading=\"lazy\" decoding=\"async\" class=\"size-full wp-image-3572\" src=\"https:\/\/quatang5sao.com\/wp-content\/uploads\/2018\/03\/Set-qua-tang-Mau-02-007.jpg\" alt=\"Giftset b\u1ed9 qu\u00e0 t\u1eb7ng\" width=\"790\" height=\"557\" title=\"\" srcset=\"https:\/\/quatang5sao.com\/wp-content\/uploads\/2018\/03\/Set-qua-tang-Mau-02-007.jpg 790w, https:\/\/quatang5sao.com\/wp-content\/uploads\/2018\/03\/Set-qua-tang-Mau-02-007-510x360.jpg 510w, https:\/\/quatang5sao.com\/wp-content\/uploads\/2018\/03\/Set-qua-tang-Mau-02-007-567x400.jpg 567w, https:\/\/quatang5sao.com\/wp-content\/uploads\/2018\/03\/Set-qua-tang-Mau-02-007-768x541.jpg 768w\" sizes=\"auto, (max-width: 790px) 100vw, 790px\" \/><figcaption id=\"caption-attachment-3572\" class=\"wp-caption-text\">Giftset bao g\u1ed3m s\u1ed5 da, USB v\u00e0 b\u00fat ch\u1ea5t l\u01b0\u1ee3ng cao<\/figcaption><\/figure>\n<figure style=\"width: 587px\" class=\"wp-caption alignnone\"><img loading=\"lazy\" decoding=\"async\" class=\"size-full\" src=\"https:\/\/lh3.googleusercontent.com\/cib-vOwerq6Y-omXF7XIRAVenO8OdNbiezR6wXGhu1HfgPSR_YaOTRkNJLwYO0KzQM4y_VWANpQgGoIF-GTAHA4QMFkwjgFiFujpcw9s16VxhA7zlfHjmYJ9MsiSLbnsPHBdM3Mnor7GXRHfstn5oQSOzX47EzV7pt9CAH3fFp4_HQULh2Sj3FI_sirS9X_bSPiy7s6gx_tQHHE6z8JOWBzTIdWTquIqkymDESFmVQRvZylAHzvIl1T4iwWkQ1eag0se3BQXMJerJZbBi_420Bg1tGyrfilP3JdYiss5A-r3WxTGsTNDTK8z6d4v3u-DccSW5DD_zIdImHfN52lPEFkg_v5hWF_O490JOR8E_caurBMaMiOdLncEtOMdfMzxJ10N27D9Qrl4MQ2TOXs2kvMYVHfSrPcYzWhLJObpSZgOAkt-1hQL-3MOeWl6v-QQkYgDGGWGigsj_SL0xB3fMwXlhU-o2Ulz3NrglqlKHctJaU_44fV2u5pbjS7LKWs2PcnuZzbI79sE6lldjq6ZeiFKZUzLDQUUoVSnNQksqvFJbgX4VszvVO7r5YMtKZdv5Oa8Jj05w7kqMFaNPDnSS1fOcHmi3FeCc9vpMwo=w588-h654-no\" alt=\"Giftset s\u1eed d\u1ee5ng s\u1ed5 ch\u1ea5t l\u01b0\u1ee3ng cao\" width=\"587\" height=\"654\" title=\"\"><figcaption class=\"wp-caption-text\">Giftset d\u00f9ng s\u1ed5 ch\u1ea5t l\u01b0\u1ee3ng cao<\/figcaption><\/figure>\n<figure style=\"width: 508px\" class=\"wp-caption alignnone\"><img loading=\"lazy\" decoding=\"async\" class=\"size-full\" src=\"https:\/\/lh3.googleusercontent.com\/MvjxcEn39T5SIxXwMtMEpT32eVdPwBgZyYeEBi65aZTSaGfxEnGvZdsmbgVs_C-qfFOz80seduS4gq_hOZUB6M4Sjm905IEnzmSzVZGv8qqg25aRIoxnU3TKef3U6-cU94t7Z0Q80hlZ5trWFLGsOCXVefu29jRJgmu-74pgZcLqoZ02ggfrnTLRqUj3N2N0Pl0c9QIReVhtXOCkjsMF4zj5gjxFp4-Ec3koSxrdP9VUtDupxjLn51ue7Tz_4lfXsSiGDYusXqALgnrwuG7LBvla12OFNeU8RtTUKEq_kyCeTKCch6GQrd9UJxa8Hr1h5QrA9xJYODCryPMv8LHuLYdscJpYdogFggh7oYUdiUGOAIbZyM7djvQULQuy_Tg3Oy3fggbf3WAzAYDjGDcuvXQzZ_D82ptwfj4TItMSXaxWgX-MlcVS0j4Dvk6yq9Y7YeEzKhn_Ed97ylW_I1vyIN17b_r_UBjzuuM0CaPL9MDG4ci5WfMC8cbwn8ZZShqtBx5mcGlmzrbO9tEEuKYqkYktzTQB1ctuKIofvpbb6J8K5xWbqSxaeUI5nPWC3wczM5CRwAqY-G0YIp2tRKSPU3QK7l8bz-dzj5U843g=w508-h654-no\" alt=\"Giftset s\u1eed d\u1ee5ng USB m\u1edf r\u1ed9ng d\u00e0nh cho Smartphone ti\u1ec7n \u00edch\" width=\"508\" height=\"654\" title=\"\"><figcaption class=\"wp-caption-text\">Giftset s\u1eed d\u1ee5ng USB m\u1edf r\u1ed9ng d\u00e0nh cho Smartphone ti\u1ec7n \u00edch<\/figcaption><\/figure>\n<figure style=\"width: 790px\" class=\"wp-caption alignnone\"><img loading=\"lazy\" decoding=\"async\" class=\"size-full\" src=\"https:\/\/lh3.googleusercontent.com\/O77eJ_GM8WgKbm80Y_zcB3qZc9bAQ6PC7VpVuLuk3Lx9_bbJr7Ma3yvl3JYu0C8CqJh8LuUl2v100lp4lwrj0yTp3yIzWEKA-YT39BvHu22ZmzHTD1KEMTCqOL6VzKNELNXv5mP6BH1_trkw1VT-Taa_wd3QgFekgNoBd5WWyDp-ZJjDWD-E5pxNMpOIfDdsc2_J-NSYm9IQrvJApguqhXkfa0nIrc4W0j_nf_KsUZuQaPpr_AW2q5f8Leg6OdIIWvOCE8kXV5ifHSkTz9Bha5Ubf5c0sanJflg_LdwK4BMwlYBnEVyV9kZHRATanF_tD4o4kBUHrR9rzd3GsTgOQlgzVM3zu1_QGzBwobRmcvyznyz0RS6dBwcFjrbSC6ISOBuCO6N7mkC6POLPUbNJaJ_ZNZDAJtmZvix5FGexrWfPeIBYTAOd21Bc7zq_Atqwhqz-_srIoH_uROFqZ4HjJOsdCtxYAoAO_YkyAS0AvKqwkdj_4Pr7cnYTwSRjxo0LwWWPPYpZMwgBXB0BOK7NX5_-EFUUnT0dQqTP4t1vqh7UtLsAZZNynksN4XS8OLsos-yeSsawYLiddnRRAdGxBD3zauQNRvJaAaeTLOA=w790-h431-no\" alt=\"Giftset s\u1eed d\u1ee5ng b\u00fat kim lo\u1ea1i ch\u1ea5t l\u01b0\u1ee3ng cao\" width=\"790\" height=\"431\" title=\"\"><figcaption class=\"wp-caption-text\">Giftset s\u1eed d\u1ee5ng b\u00fat kim lo\u1ea1i ch\u1ea5t l\u01b0\u1ee3ng cao<\/figcaption><\/figure>\n<figure style=\"width: 790px\" class=\"wp-caption alignnone\"><img loading=\"lazy\" decoding=\"async\" class=\"size-full\" src=\"https:\/\/lh3.googleusercontent.com\/ya-HwEUnyWSrsvQtHHmZ0kzIZk9BY6WNX0zM2TgNjf3xzzSmBIPgXmhSk2qMT14ADElmesuAEnZ9M_YGYGKXgl-CVF7LcdB4GcQe7cXJQ02gj2R1HnpvCQQe1ulnzxa7F7Nc8u3oA_AfCTTYnMMYjMleUUA2E-b-ENl2pc4Y1cK6AkNpoGw9SME7YICwk6sRlrtqZ1l1iVQfyDaYdTMTUq_uz-HetvgLrFjzhH51dY_mU-vGGaPWrbGnNhAc-2h6vEvhcM_J_N4T6vLCiVyXdDP-gWDNx4gIPcyBoRbCaohjTfEdZYMZbPJ69PksclMB16q5dPuM7Hc1aBRogGNzGBDtyQbx3GHc_DXJ56GJGUQYFDkOFBSMt9d0gzh_BLYj2SaiBBcLnn1UyVB8_9-U6Mmt1LQ-AuiP_r84Yxa3PeF-gyzYoagk14nEvgzLQjYV1gMtODIcaGAKd6tD5KAg7LW2SgNqHCDbBDARxau6DpooOT_8J5R3QNGeWQlAiqXhwujcbCMI2tStRiIdniDGz3OfoRNjuMEmQmFzTRUCwX2Dhm1IqEZCZiN9XxXAMt0348xwNEs2QaMZjR3NfBNXqN1pUUg0WGxfQHegzMo=w790-h620-no\" alt=\"Giftset tr\u1ecdn b\u1ed9 qu\u00e0 t\u1eb7ng ch\u1ea5t l\u01b0\u1ee3ng cao\" width=\"790\" height=\"620\" title=\"\"><figcaption class=\"wp-caption-text\">Giftset tr\u1ecdn b\u1ed9 qu\u00e0 t\u1eb7ng ch\u1ea5t l\u01b0\u1ee3ng cao<\/figcaption><\/figure>\n<p>&nbsp;<\/p>","protected":false},"excerpt":{"rendered":"<p>Giftset L\u00e0 b\u1ed9 qu\u00e0 t\u1eb7ng bao g\u1ed3m nhi\u1ec1u s\u1ea3n ph\u1ea9m c\u00f3 \u00fd ngh\u0129a li\u00ean quan \u0111\u1ebfn nhau k\u1ebft h\u1ee3p l\u1ea1i. Ch\u00fang \u0111\u01b0\u1ee3c \u0111\u1eb7t trong h\u1ed9p thi\u1ebft k\u1ebf \u0111\u1eb9p. Th\u01b0\u1eddng \u0111\u01b0\u1ee3c s\u1eed d\u1ee5ng l\u00e0m qu\u00e0 t\u1eb7ng trong c\u00e1c ng\u00e0y l\u1ec5 ho\u1eb7c c\u00e1c s\u1ef1 ki\u1ec7n \u0111\u1eb7c bi\u1ec7t. B\u1ed9 qu\u00e0 t\u1eb7ng m\u1eabu 02 bao g\u1ed3m 1 quy\u1ec3n s\u1ed5, [&#8230;]\n","protected":false},"featured_media":3572,"comment_status":"open","ping_status":"closed","template":"","meta":[],"product_brand":[],"product_cat":[249],"product_tag":[441,439,440,438],"class_list":{"0":"post-3571","1":"product","2":"type-product","3":"status-publish","4":"has-post-thumbnail","6":"product_cat-bo-qua-tang","7":"product_tag-bo-qua-tang","8":"product_tag-gift-set","9":"product_tag-hop-qua-tang","10":"product_tag-set-qua-tang","12":"first","13":"instock","14":"shipping-taxable","15":"product-type-simple"},"amp_enabled":true,"_links":{"self":[{"href":"https:\/\/quatang5sao.com\/en\/wp-json\/wp\/v2\/product\/3571","targetHints":{"allow":["GET"]}}],"collection":[{"href":"https:\/\/quatang5sao.com\/en\/wp-json\/wp\/v2\/product"}],"about":[{"href":"https:\/\/quatang5sao.com\/en\/wp-json\/wp\/v2\/types\/product"}],"replies":[{"embeddable":true,"href":"https:\/\/quatang5sao.com\/en\/wp-json\/wp\/v2\/comments?post=3571"}],"wp:featuredmedia":[{"embeddable":true,"href":"https:\/\/quatang5sao.com\/en\/wp-json\/wp\/v2\/media\/3572"}],"wp:attachment":[{"href":"https:\/\/quatang5sao.com\/en\/wp-json\/wp\/v2\/media?parent=3571"}],"wp:term":[{"taxonomy":"product_brand","embeddable":true,"href":"https:\/\/quatang5sao.com\/en\/wp-json\/wp\/v2\/product_brand?post=3571"},{"taxonomy":"product_cat","embeddable":true,"href":"https:\/\/quatang5sao.com\/en\/wp-json\/wp\/v2\/product_cat?post=3571"},{"taxonomy":"product_tag","embeddable":true,"href":"https:\/\/quatang5sao.com\/en\/wp-json\/wp\/v2\/product_tag?post=3571"}],"curies":[{"name":"wp","href":"https:\/\/api.w.org\/{rel}","templated":true}]}}