{"id":3566,"date":"2018-03-21T09:47:58","date_gmt":"2018-03-21T02:47:58","guid":{"rendered":"https:\/\/quatang5sao.com\/?post_type=product&#038;p=3566"},"modified":"2018-03-21T09:47:58","modified_gmt":"2018-03-21T02:47:58","slug":"set-qua-tang-bo-qua-tang-y-nghia","status":"publish","type":"product","link":"https:\/\/quatang5sao.com\/en\/set-qua-tang-bo-qua-tang-y-nghia\/","title":{"rendered":"Set qu\u00e0 t\u1eb7ng &#8211; B\u1ed9 qu\u00e0 t\u1eb7ng \u00fd ngh\u0129a &#8211; M\u1eabu 01"},"content":{"rendered":"<h1><a href=\"https:\/\/quatang5sao.com\/en\/danh-muc\/bo-qua-tang\/\"><span style=\"color: #000000;\">Set qu\u00e0 t\u1eb7ng<\/span><\/a><\/h1>\n<p><span style=\"color: #000000;\">L\u00e0 m\u1ed9t nh\u00f3m s\u1ea3n ph\u1ea9m qu\u00e0 t\u1eb7ng \u0111\u01b0\u1ee3c x\u1ebfp th\u00e0nh b\u1ed9, c\u00f3 v\u1ecf h\u1ed9p sang tr\u1ecdng, th\u01b0\u1eddng d\u00f9ng \u0111\u1ec3 l\u00e0m qu\u00e0 t\u1eb7ng.<\/span><\/p>\n<p><span style=\"color: #000000;\">S\u1ea3n ph\u1ea9m n\u00e0y th\u01b0\u1eddng \u0111\u01b0\u1ee3c s\u1eed d\u1ee5ng trong c\u00e1c doanh nghi\u1ec7p. M\u1eb7c d\u00f9 n\u1ed9i dung qu\u00e0 t\u1eb7ng kh\u00f4ng qu\u00e1 \u0111\u1eb7c bi\u1ec7t, nh\u01b0ng s\u1ed5 v\u00e0 b\u00fat \u0111\u1ec1u l\u00e0 h\u00e0ng ch\u1ea5t l\u01b0\u1ee3ng cao. \u0110\u1ed3ng th\u1eddi \u0111\u01b0\u1ee3c \u0111\u1eb7t trang tr\u1ecdng trong h\u1ed9p gi\u1ea5y n\u00ean \u0111\u1eb9p v\u00e0 sang tr\u1ecdng. \u0110\u00e1p \u1ee9ng \u0111\u01b0\u1ee3c y\u00eau c\u1ea7u l\u00e0 <a href=\"https:\/\/quatang5sao.com\/en\/tu-khoa\/qua-tang-doanh-nghiep\/\">qu\u00e0 t\u1eb7ng doanh nghi\u1ec7p<\/a>.<\/span><\/p>\n<p><span style=\"color: #000000;\">S\u1ea3n ph\u1ea9m c\u00f3 04 m\u00e0u ch\u1ee7 \u0111\u1ea1o: \u0111\u1ecf, cam v\u00e0ng, xanh lam v\u00e0 \u0111en. S\u1ea3n ph\u1ea9m \u0111\u1ec1u \u0111\u1ea1t ch\u1ea5t l\u01b0\u1ee3ng cao. Kh\u00e1ch h\u00e0ng ho\u00e0n to\u00e0n y\u00ean t\u00e2m v\u1ec1 ch\u1ea5t l\u01b0\u1ee3ng s\u1ea3n ph\u1ea9m. V\u00ec ch\u00fang t\u00f4i lu\u00f4n quan ni\u1ec7m m\u1ed7i m\u00f3n qu\u00e0 \u0111\u1ec1u truy\u1ec1n t\u1ea3i t\u1ea5m l\u00f2ng c\u1ee7a ng\u01b0\u1eddi t\u1eb7ng, \u0111\u00e3 t\u1eb7ng qu\u00e0 ph\u1ea3i l\u00e0 \u0111\u1eb9p nh\u1ea5t, t\u1ed1t nh\u1ea5t.<\/span><\/p>\n<p><span style=\"color: #000000;\">Qu\u00fd kh\u00e1ch c\u00f3 nhu c\u1ea7u xin li\u00ean h\u1ec7 tr\u1ef1c ti\u1ebfp \u0111\u1ec3 \u0111\u01b0\u1ee3c t\u01b0 v\u1ea5n \u0111\u1ea7y \u0111\u1ee7 v\u1ec1 lo\u1ea1i s\u1ea3n ph\u1ea9m v\u00e0 gi\u00e1 c\u1ea3. C\u00f3 r\u1ea5t nhi\u1ec1u m\u1eabu m\u00e3 s\u1ea3n ph\u1ea9m m\u00e0 ch\u00fang t\u00f4i kh\u00f4ng th\u1ec3 upload l\u00ean website \u0111\u01b0\u1ee3c. Nh\u01b0ng ch\u00fang t\u00f4i s\u1ebd lu\u00f4n \u0111\u00e1p \u1ee9ng \u0111\u01b0\u1ee3c m\u1ecdi y\u00eau c\u1ea7u c\u1ee7a kh\u00e1ch h\u00e0ng.<\/span><\/p>\n<h1><span style=\"color: #000000;\">H\u00ecnh \u1ea3nh b\u1ed9 qu\u00e0 t\u1eb7ng \u00fd ngh\u0129a m\u1eabu 01<\/span><\/h1>\n<figure style=\"width: 691px\" class=\"wp-caption alignnone\"><img loading=\"lazy\" decoding=\"async\" class=\"size-full\" src=\"https:\/\/lh3.googleusercontent.com\/9dJ65eE8rkkjMqFYZ7iWTlZy51G4k7koJBCUMPyHUZ1HutcdagmZ5QqbBvMMdfudT8DhCta5ADrOBEQw8RXN2YxhH6SHDsYNnz_DLt_E0NnWPMedSbm2NwTNyHoRe-Fz7GCzwFXc83KvIkuOliDeCeQBr9kcIeqcK2lSf1IAc8HWvFUVGFTp3JuqUaAwwUlE9Zsor9r-q4l2pFx1nU9KaOqryFIrnEQWBHuA0XxYf0Pdew-yITEJvAnwvXM0Yo84ZjQRoDhCeu2k6yExqJ69aan98eaxejcI336LnjDER8YCj9fhO3nRC47o7G1WV55mvo2eiIYFTrRgS4mVLfylWBAZJT_yefEnN1Rljjxdu9_oHbOosocq3smxZLrZjbsv1VacHnUgd3jb8oW8edmOuolDLi6J9THMb59L9Rl8_ZIvl8P5AyPWWYnNiml0X2EukI5N_gtk5D4RJj19JACCENPna2du-TUm2s13DVFk8oeenKYF8XaqKZUcDwxD143lu6q5VT0a4Flo9DpFkTBHFltPOYJBlJTI-LJCMKtNq_yO1JC7Q0GVLaf5y9SsBi4Jpj28Y8h47FpOyWMmMFrf2GecxKKTui67mA2MaRo=w692-h654-no\" alt=\"B\u1ed9 qu\u00e0 t\u1eb7ng g\u1ed3m s\u1ed5 v\u00e0 b\u00fat\" width=\"691\" height=\"654\" title=\"\"><figcaption class=\"wp-caption-text\">Set qu\u00e0 t\u1eb7ng \u00fd ngh\u0129a m\u1eabu 01 &#8211; S\u1ed5 v\u00e0 b\u00fat<\/figcaption><\/figure>\n<figure style=\"width: 336px\" class=\"wp-caption alignnone\"><img loading=\"lazy\" decoding=\"async\" class=\"size-full\" src=\"https:\/\/lh3.googleusercontent.com\/TofYITuUoDyGS3jGYrLkG-JbNHoJYtHkC_bXXt0zFKII7ioutf27SPFdjJDdmzOrdaYksysWOegEa3nHkYxZLCbJT99VnrYL4omKF8UAPGjearGez3Fj7-UdONf-HbtYt0lidw8yuICvyt1ux41SBvDZ4lgK8F4y-JgKMMy9Es-c9VFziscw2WXMWJoshhiIhNkJvJW_tnULoC0DO_YDXyCZNt2cczHuYJ3JHr4W6OHi2Y0DXn7-GKJxJ2J_PA9T-Arx-NS_QY6X7CGk1-9QWu4Gmr49OkdaSBFANM9yJ9vAjgt7N10dxalEZn685EgRrXVuUhgrdynOgcAwRXblUN9c6o-EHiv4F-1nXEiAtAzBEPMYDP4H4SGL9_hP9UEp4_Sgzt74c4Af_KLU7GTswmpHDkcZiAPwnaoneZehq6MF1w9MOhvn_zMBI2UScfwGZ4g_jnsGbcezisX0icZojlWdo9uEnpTRcxOlthy0XrOTD4WjEwYJ9Zzxdd1LGD81gE2t0HuEK05JYnGVulrxA31KOPQv2g1Tzu1nTp6LYawEsFBfBTXTtmAAW_4oCESXG6mh1SxdcqyF58A7pMwg94iGn6lZ3924R-yHoPw=w336-h654-no\" alt=\"B\u1ed9 qu\u00e0 t\u1eb7ng g\u1ed3m s\u1ed5 v\u00e0 b\u00fat, m\u00e0u \u0111\u1ecf ho\u1eb7c xanh lam\" width=\"336\" height=\"654\" title=\"\"><figcaption class=\"wp-caption-text\">Set qu\u00e0 t\u1eb7ng m\u1eabu 01 g\u1ed3m s\u1ed5 v\u00e0 b\u00fat<\/figcaption><\/figure>\n<figure style=\"width: 488px\" class=\"wp-caption alignnone\"><img loading=\"lazy\" decoding=\"async\" class=\"size-full\" src=\"https:\/\/lh3.googleusercontent.com\/dv1ucn7ej3-Mm4Np7EtOIdGds5NVICC_QgtwU00bM4V47Df387xKdaXnx2bLDDI-GaseHIn2aZ7wd63lIrT_ZoNBxHQM1Xpbk4eazoFxUlLOUnuMLOWlJ7d5ajayA5et2jsQxnN6pEv3tHGQwQB2a4IdITxtgqfzh6JcNe2mt8OQ4kHgLUBNdpnxpyfoDbAWp4X3HAKRocsWpX1UxjaDwCSLVeX3DODZC--jrNSBfseuNy0ROowsCn3W0CjCqvnXXx1qO9bIlyjfNwB0iQu42ThmbfneO-WbQIgd8bpgwmjTpAWjIk1U5EYd6Wm1lYhH__i4xumt3b5zSwkpGoggy9zh7Ofe7hnBheNjYUn9Ojw6GX_WuBWJ1yBDVIPm6At2JiYOGVrJ96S6ZG1K9RGVgSpx7-DJ9U0Gen72R-6o_w4WRKmlPn3JN71nXo0mI3ODyZTFXfHS7SFpMvFzsKRJPVBbnsZBf6dv3d5Ht26OhdZayyAhRuUCDh_x8EGVneRQr075GuKNez_pa6LKy-7I4yHxZET6Uf-jbEJFfAo8BMUNnVWybWEBHG8N2dC4HWrhwGvwS6gicPzSlYICL9e-xxYq2S095WmhUIcGEH0=w489-h654-no\" alt=\"H\u00ecnh \u1ea3nh b\u1ed9 qu\u00e0 t\u1eb7ng c\u00f3 s\u1ed5 v\u00e0 b\u00fat, m\u00e0u v\u00e0ng cam ho\u1eb7c m\u00e0u \u0111en\" width=\"488\" height=\"654\" title=\"\"><figcaption class=\"wp-caption-text\">Set qu\u00e0 t\u1eb7ng s\u1ed5 v\u00e0 b\u00fat m\u00e0u v\u00e0ng cam v\u00e0 m\u00e0u \u0111en<\/figcaption><\/figure>\n<figure style=\"width: 662px\" class=\"wp-caption alignnone\"><img loading=\"lazy\" decoding=\"async\" class=\"size-full\" src=\"https:\/\/lh3.googleusercontent.com\/gDlAM9xNWLZb4maxT-u97LkWUqUfm5UT2GoJGB-rKOLQ2I513Hgc6KKhdR4-cil2WlTxmB9HBtyby794lAxzpIdGXlQFY7N-_or23B8fZlPqpPsKdnqTU9KbZFKwCW9xjHofjdFZhR9Ec__nDdveD5VWHfUMJehtr3UvILli6n9GUrUMaqykrgyLJPpGD8tu-5hMDj10ruBNtUu_w3wvhTD6oCoy2VENdypZ9__KV3FaaM0pgsX6dBnANmJ43W5lbBaKAnTxehKu7k5CyBKYjx7_9ypLN2sbmAuNcY_yq2xZdlFRTCXrtBJoim4m1IJtLw0Kb33VhJY2EgIjEAHyo8XnZGyW3qG4O1EjUhmdIs-TBXCNSMxLnWIeA5x3HRQkNteeFQ5BeSGlYr9w5JyLgmcP0zna3UgqiZmpAS3d011YDnUmDy31WAA-TXx2B3UyiPQFnyi1mnDCg7q3hJvKhy2VtQS2gHubuRV_JZb5Z5HTJ1pyiNVIWpCePUFfMWUWDrX1MIU4kMCOLp6jZT-Xhke2Gq4D8A2aIMuCE_EgbYITqgctzQSJ6-F4gqlgCIvLIPB8FsEM7pk8g64yyowKjCS67VzqGxxBJZmiE6Y=w663-h654-no\" alt=\"B\u00fat in logo theo y\u00eau c\u1ea7u trong set qu\u00e0 t\u1eb7ng\" width=\"662\" height=\"654\" title=\"\"><figcaption class=\"wp-caption-text\">B\u00fat ch\u1ea5t l\u01b0\u1ee3ng cao trong set qu\u00e0 t\u1eb7ng c\u00f3 th\u1ec3 in logo theo y\u00eau c\u1ea7u<\/figcaption><\/figure>\n<figure style=\"width: 632px\" class=\"wp-caption alignnone\"><img loading=\"lazy\" decoding=\"async\" class=\"size-full\" src=\"https:\/\/lh3.googleusercontent.com\/U5-f2FBBlTlbTUPdqExvvyTCmNcJJENHpAG-d1gKA-xEs4lww-hg57O8py7Pf4w0pfsl1T4cDjhPPGwIsHiGLgEqBfA5ozoz7TmGkT_X3eEdtEv8pluJIDeqMATtc7O7QjGDTBwH9X1dG2iScjSN4VKnskjEf7ZnsvbFdyLNp_DCn51BhNoV9lNyhF4EOsB0K5DG3fFwmjTBffSa77cG0mYLYgczrfQ1_-mJBTXpCcQAlQDvEGXUbC1yqjO27ZlL2aowu0-XQurylRz8TXzFRAsE3-rwnU_-ZVwaKmbtk3wchNKiMp7Ie_SW3DrgZc7O6EZDkURyryO97VO3gqu1hl8s2ryhU0VGTnnm3-rqUa3PsH1QeWIhAiuoMxxX2mygX5UatN9NCCRUly4WuDYJk0rOee9Hsq_uWbsaslgovDIDBfCnRbKgN792bCoQL_sIjSJBY4ATOgrTNjUEMZEjjCIlk2WRFFWS88LKHV0lGu3Lm9mhgCySKgSuNIzm_Sc8mD1YtfoDHnyitotZx3BWD-wIt8LlWSf155GPUZwQCI5sKGzzrHUWwH2UYmpjY7CwHtDZYKEdCafxATZ0hqnQtppsOsYFKwgaXQ_cJMY=w633-h654-no\" alt=\"B\u00fat qu\u1ea3ng c\u00e1o ch\u1ea5t l\u01b0\u1ee3ng cao, v\u1ecf th\u00e9p, in logo theo y\u00eau c\u1ea7u\" width=\"632\" height=\"654\" title=\"\"><figcaption class=\"wp-caption-text\">B\u00fat qu\u1ea3ng c\u00e1o ch\u1ea5t l\u01b0\u1ee3ng cao, v\u1ecf th\u00e9p, in logo theo y\u00eau c\u1ea7u<\/figcaption><\/figure>\n<p>&nbsp;<\/p>","protected":false},"excerpt":{"rendered":"<p>Set qu\u00e0 t\u1eb7ng L\u00e0 m\u1ed9t nh\u00f3m s\u1ea3n ph\u1ea9m qu\u00e0 t\u1eb7ng \u0111\u01b0\u1ee3c x\u1ebfp th\u00e0nh b\u1ed9, c\u00f3 v\u1ecf h\u1ed9p sang tr\u1ecdng, th\u01b0\u1eddng d\u00f9ng \u0111\u1ec3 l\u00e0m qu\u00e0 t\u1eb7ng. S\u1ea3n ph\u1ea9m n\u00e0y th\u01b0\u1eddng \u0111\u01b0\u1ee3c s\u1eed d\u1ee5ng trong c\u00e1c doanh nghi\u1ec7p. M\u1eb7c d\u00f9 n\u1ed9i dung qu\u00e0 t\u1eb7ng kh\u00f4ng qu\u00e1 \u0111\u1eb7c bi\u1ec7t, nh\u01b0ng s\u1ed5 v\u00e0 b\u00fat \u0111\u1ec1u l\u00e0 h\u00e0ng ch\u1ea5t l\u01b0\u1ee3ng [&#8230;]\n","protected":false},"featured_media":3569,"comment_status":"open","ping_status":"closed","template":"","meta":[],"product_brand":[],"product_cat":[249],"product_tag":[441,439,440,196,438],"class_list":{"0":"post-3566","1":"product","2":"type-product","3":"status-publish","4":"has-post-thumbnail","6":"product_cat-bo-qua-tang","7":"product_tag-bo-qua-tang","8":"product_tag-gift-set","9":"product_tag-hop-qua-tang","10":"product_tag-qua-tang-doanh-nghiep","11":"product_tag-set-qua-tang","13":"first","14":"instock","15":"shipping-taxable","16":"product-type-simple"},"amp_enabled":true,"_links":{"self":[{"href":"https:\/\/quatang5sao.com\/en\/wp-json\/wp\/v2\/product\/3566","targetHints":{"allow":["GET"]}}],"collection":[{"href":"https:\/\/quatang5sao.com\/en\/wp-json\/wp\/v2\/product"}],"about":[{"href":"https:\/\/quatang5sao.com\/en\/wp-json\/wp\/v2\/types\/product"}],"replies":[{"embeddable":true,"href":"https:\/\/quatang5sao.com\/en\/wp-json\/wp\/v2\/comments?post=3566"}],"wp:featuredmedia":[{"embeddable":true,"href":"https:\/\/quatang5sao.com\/en\/wp-json\/wp\/v2\/media\/3569"}],"wp:attachment":[{"href":"https:\/\/quatang5sao.com\/en\/wp-json\/wp\/v2\/media?parent=3566"}],"wp:term":[{"taxonomy":"product_brand","embeddable":true,"href":"https:\/\/quatang5sao.com\/en\/wp-json\/wp\/v2\/product_brand?post=3566"},{"taxonomy":"product_cat","embeddable":true,"href":"https:\/\/quatang5sao.com\/en\/wp-json\/wp\/v2\/product_cat?post=3566"},{"taxonomy":"product_tag","embeddable":true,"href":"https:\/\/quatang5sao.com\/en\/wp-json\/wp\/v2\/product_tag?post=3566"}],"curies":[{"name":"wp","href":"https:\/\/api.w.org\/{rel}","templated":true}]}}