{"id":3521,"date":"2018-02-25T22:53:20","date_gmt":"2018-02-25T15:53:20","guid":{"rendered":"https:\/\/quatang5sao.com\/?post_type=product&#038;p=3521"},"modified":"2018-05-25T00:28:45","modified_gmt":"2018-05-24T17:28:45","slug":"quat-quang-cao-mau-06","status":"publish","type":"product","link":"https:\/\/quatang5sao.com\/en\/quat-quang-cao-mau-06\/","title":{"rendered":"Qu\u1ea1t qu\u1ea3ng c\u00e1o &#8211; Qu\u1ea1t nh\u1ef1a nan hoa in decal d\u00e1n &#8211; M\u1eabu 06"},"content":{"rendered":"<h1><a href=\"https:\/\/quatang5sao.com\/en\/san-pham-qua-tang\/quat-quang-cao-mau-01\/\"><span style=\"color: #000000;\">Qu\u1ea1t qu\u1ea3ng c\u00e1o<\/span><\/a><\/h1>\n<p><span style=\"color: #000000;\">L\u00e0 m\u1ed9t trong nh\u1eefng s\u1ea3n ph\u1ea9m quen thu\u1ed9c v\u00e0 \u0111\u1eafc l\u1ef1c nh\u1ea5t trong m\u00f9a h\u00e8, nh\u1ea5t l\u00e0 v\u1edbi c\u00e1c c\u00f4ng ty l\u1eef h\u00e0nh, du l\u1ecbch. Qu\u1ea1t \u0111\u01b0\u1ee3c s\u1ea3n xu\u1ea5t s\u1ed1 l\u01b0\u1ee3ng l\u1edbn n\u00ean gi\u00e1 th\u00e0nh r\u1ea5t r\u1ebb. C\u00f3 th\u1ec3 in \u0111\u1ea7y \u0111\u1ee7 th\u00f4ng tin c\u1ea7n thi\u1ebft l\u00ean \u0111\u1ec3 qu\u1ea3ng c\u00e1o t\u1edbi kh\u00e1ch h\u00e0ng. \u0110\u1ed3ng th\u1eddi ch\u1ea5t li\u1ec7u qu\u1ea1t b\u1eb1ng nh\u1ef1a v\u00e0 in decal d\u00e1n l\u00ean n\u00ean kh\u00e1 b\u1ec1n. \u0110\u1ea3m b\u1ea3o kh\u00e1ch h\u00e0ng c\u00f3 th\u1ec3 s\u1eed d\u1ee5ng s\u1ea3n ph\u1ea9m n\u00e0y xuy\u00ean su\u1ed1t h\u00e0nh tr\u00ecnh du l\u1ecbch.<\/span><\/p>\n<p><span style=\"color: #000000;\">Ngo\u00e0i c\u00e1c ki\u1ec3u d\u00e1ng quen thu\u1ed9c, th\u00ec <a href=\"https:\/\/quatang5sao.com\/en\/danh-muc\/quat-nhua-cam-tay\/\">qu\u1ea1t in logo<\/a> d\u1ea1ng nan hoa l\u00e0 s\u1ea3n xu\u1ea5t nhanh nh\u1ea5t n\u00ean \u0111\u00e1p \u1ee9ng \u0111\u01b0\u1ee3c v\u1edbi nh\u1eefng \u0111\u01a1n h\u00e0ng g\u1ea5p. C\u00e1c m\u1eabu kh\u00e1c s\u1ebd c\u00f3 th\u1eddi gian s\u1ea3n xu\u1ea5t l\u00e2u h\u01a1n m\u1ed9t ch\u00fat.<\/span><\/p>\n<p><span style=\"color: #000000;\">\u0110\u01a1n gi\u00e1 c\u1ee7a <a href=\"https:\/\/quatang5sao.com\/en\/\">qu\u1ea1t nh\u1ef1a gi\u00e1 r\u1ebb<\/a> ph\u1ee5 thu\u1ed9c ch\u1ee7 y\u1ebfu v\u00e0o s\u1ed1 l\u01b0\u1ee3ng, th\u1eddi gian nh\u1eadn h\u00e0ng. V\u00ec v\u1eady qu\u00fd kh\u00e1ch h\u00e3y ch\u00fa \u00fd \u0111\u1eb7t h\u00e0ng s\u1edbm \u0111\u1ec3 c\u00f3 gi\u00e1 t\u1ed1t nh\u1ea5t nh\u00e9.<\/span><\/p>\n<h1><span style=\"color: #000000;\">H\u00ecnh \u1ea3nh qu\u1ea1t qu\u1ea3ng c\u00e1o gi\u00e1 r\u1ebb<\/span><\/h1>\n<figure id=\"attachment_3523\" aria-describedby=\"caption-attachment-3523\" style=\"width: 787px\" class=\"wp-caption alignnone\"><img loading=\"lazy\" decoding=\"async\" class=\"size-full wp-image-3523\" src=\"https:\/\/quatang5sao.com\/wp-content\/uploads\/2018\/02\/Quat-quang-cao-Mau-06-02.jpg\" alt=\"Qu\u1ea1t qu\u1ea3ng c\u00e1o gi\u00e1 r\u1ebb\" width=\"787\" height=\"1181\" title=\"\" srcset=\"https:\/\/quatang5sao.com\/wp-content\/uploads\/2018\/02\/Quat-quang-cao-Mau-06-02.jpg 787w, https:\/\/quatang5sao.com\/wp-content\/uploads\/2018\/02\/Quat-quang-cao-Mau-06-02-510x765.jpg 510w, https:\/\/quatang5sao.com\/wp-content\/uploads\/2018\/02\/Quat-quang-cao-Mau-06-02-267x400.jpg 267w, https:\/\/quatang5sao.com\/wp-content\/uploads\/2018\/02\/Quat-quang-cao-Mau-06-02-768x1152.jpg 768w, https:\/\/quatang5sao.com\/wp-content\/uploads\/2018\/02\/Quat-quang-cao-Mau-06-02-533x800.jpg 533w\" sizes=\"auto, (max-width: 787px) 100vw, 787px\" \/><figcaption id=\"caption-attachment-3523\" class=\"wp-caption-text\">Qu\u1ea1t nh\u1ef1a qu\u1ea3ng c\u00e1o gi\u00e1 r\u1ebb<\/figcaption><\/figure>\n<figure id=\"attachment_3522\" aria-describedby=\"caption-attachment-3522\" style=\"width: 787px\" class=\"wp-caption alignnone\"><img loading=\"lazy\" decoding=\"async\" class=\"size-full wp-image-3522\" src=\"https:\/\/quatang5sao.com\/wp-content\/uploads\/2018\/02\/Quat-quang-cao-Mau-06-01.jpg\" alt=\"Qu\u1ea1t qu\u1ea3ng c\u00e1o gi\u00e1 r\u1ebb\" width=\"787\" height=\"1181\" title=\"\" srcset=\"https:\/\/quatang5sao.com\/wp-content\/uploads\/2018\/02\/Quat-quang-cao-Mau-06-01.jpg 787w, https:\/\/quatang5sao.com\/wp-content\/uploads\/2018\/02\/Quat-quang-cao-Mau-06-01-510x765.jpg 510w, https:\/\/quatang5sao.com\/wp-content\/uploads\/2018\/02\/Quat-quang-cao-Mau-06-01-267x400.jpg 267w, https:\/\/quatang5sao.com\/wp-content\/uploads\/2018\/02\/Quat-quang-cao-Mau-06-01-768x1152.jpg 768w, https:\/\/quatang5sao.com\/wp-content\/uploads\/2018\/02\/Quat-quang-cao-Mau-06-01-533x800.jpg 533w\" sizes=\"auto, (max-width: 787px) 100vw, 787px\" \/><figcaption id=\"caption-attachment-3522\" class=\"wp-caption-text\">Qu\u1ea1t nh\u1ef1a qu\u1ea3ng c\u00e1o gi\u00e1 r\u1ebb<\/figcaption><\/figure>\n<figure style=\"width: 649px\" class=\"wp-caption alignnone\"><img loading=\"lazy\" decoding=\"async\" class=\"size-full\" src=\"https:\/\/lh3.googleusercontent.com\/ItSnPUZ9lpOhnQT005RMlDf_YBgLZVdDeG66pYaHVNjCQAUfUF_cyIfaQ-Kk2zlY_cQqehcJZtW1AxR2MTjnFW7ctqNyZ9sMte18ANG2zSSsVIlYVc4v4Xth5xyvGNGVecKvKbGoEmf9Zoyd-hZ0mR-_2Y7-00q_YWu0hocyzQHbmNquBdLuKJdOekMSUEvZHjz0G0Y40o8JSm6IlEMn-4MJqWDD4NyYgJGnY3QUci2-Fahys-EZ4fxuhJ2iHT1aE68NIr_ooIocg0zi32S9S3sttq9XyBSRJlTG3_jIE-t900akKSYqSOBHDT-elcDnuMOnxdWnPOMTQzeeumZZWhm-r6nGtPuOr6AdOxGxzNANU4DJNR42tpgegFa4ncSaWWCILK7wDEXdworvuGEzlcqaN2Ll2UZ7G6AUpeofa_uk99qnA2hQ9KBnzSgM4UoZOxz4JspnmFjG1Hu-gVmvDz5qSHdfPQYrOY8qwsFO8IsSHQbzasoWfAoC2rzw-iW8Abvcj6jPs9GeC5yl8IHbwLTPHeXGIYwMHgt-T9d21ZVAm6P4xpx6PC3BdRKOKB-6XbGBLQLuB26Kx_NDw1T3LNWJPZ0r9_rZn6XIj1k=w650-h974-no\" alt=\"Qu\u1ea1t qu\u1ea3ng c\u00e1o gi\u00e1 r\u1ebb, s\u1ea3n xu\u1ea5t theo \u0111\u1eb7t h\u00e0ng\" width=\"649\" height=\"974\" title=\"\"><figcaption class=\"wp-caption-text\">Qu\u1ea1t qu\u1ea3ng c\u00e1o d\u1ea1ng nan hoa &#8211; Gi\u00e1 r\u1ebb<\/figcaption><\/figure>","protected":false},"excerpt":{"rendered":"<p>Qu\u1ea1t qu\u1ea3ng c\u00e1o L\u00e0 m\u1ed9t trong nh\u1eefng s\u1ea3n ph\u1ea9m quen thu\u1ed9c v\u00e0 \u0111\u1eafc l\u1ef1c nh\u1ea5t trong m\u00f9a h\u00e8, nh\u1ea5t l\u00e0 v\u1edbi c\u00e1c c\u00f4ng ty l\u1eef h\u00e0nh, du l\u1ecbch. Qu\u1ea1t \u0111\u01b0\u1ee3c s\u1ea3n xu\u1ea5t s\u1ed1 l\u01b0\u1ee3ng l\u1edbn n\u00ean gi\u00e1 th\u00e0nh r\u1ea5t r\u1ebb. C\u00f3 th\u1ec3 in \u0111\u1ea7y \u0111\u1ee7 th\u00f4ng tin c\u1ea7n thi\u1ebft l\u00ean \u0111\u1ec3 qu\u1ea3ng c\u00e1o t\u1edbi kh\u00e1ch [&#8230;]\n","protected":false},"featured_media":3522,"comment_status":"open","ping_status":"closed","template":"","meta":[],"product_brand":[],"product_cat":[252],"product_tag":[382,478,425,479,380,379,424],"class_list":{"0":"post-3521","1":"product","2":"type-product","3":"status-publish","4":"has-post-thumbnail","6":"product_cat-quat-nhua-cam-tay","7":"product_tag-quat-giay-quang-cao","8":"product_tag-quat-in-decal","9":"product_tag-quat-in-logo","10":"product_tag-quat-in-pp","11":"product_tag-quat-nan-hoa","12":"product_tag-quat-nhua-cam-tay","13":"product_tag-quat-quang-cao","15":"first","16":"instock","17":"shipping-taxable","18":"product-type-simple"},"amp_enabled":true,"_links":{"self":[{"href":"https:\/\/quatang5sao.com\/en\/wp-json\/wp\/v2\/product\/3521","targetHints":{"allow":["GET"]}}],"collection":[{"href":"https:\/\/quatang5sao.com\/en\/wp-json\/wp\/v2\/product"}],"about":[{"href":"https:\/\/quatang5sao.com\/en\/wp-json\/wp\/v2\/types\/product"}],"replies":[{"embeddable":true,"href":"https:\/\/quatang5sao.com\/en\/wp-json\/wp\/v2\/comments?post=3521"}],"wp:featuredmedia":[{"embeddable":true,"href":"https:\/\/quatang5sao.com\/en\/wp-json\/wp\/v2\/media\/3522"}],"wp:attachment":[{"href":"https:\/\/quatang5sao.com\/en\/wp-json\/wp\/v2\/media?parent=3521"}],"wp:term":[{"taxonomy":"product_brand","embeddable":true,"href":"https:\/\/quatang5sao.com\/en\/wp-json\/wp\/v2\/product_brand?post=3521"},{"taxonomy":"product_cat","embeddable":true,"href":"https:\/\/quatang5sao.com\/en\/wp-json\/wp\/v2\/product_cat?post=3521"},{"taxonomy":"product_tag","embeddable":true,"href":"https:\/\/quatang5sao.com\/en\/wp-json\/wp\/v2\/product_tag?post=3521"}],"curies":[{"name":"wp","href":"https:\/\/api.w.org\/{rel}","templated":true}]}}