{"id":3515,"date":"2018-02-06T15:15:31","date_gmt":"2018-02-06T08:15:31","guid":{"rendered":"https:\/\/quatang5sao.com\/?post_type=product&#038;p=3515"},"modified":"2018-05-09T10:28:35","modified_gmt":"2018-05-09T03:28:35","slug":"de-lot-ly-mieng-lot-ly-mau-05","status":"publish","type":"product","link":"https:\/\/quatang5sao.com\/en\/de-lot-ly-mieng-lot-ly-mau-05\/","title":{"rendered":"\u0110\u1ebf l\u00f3t ly g\u1ed7 MDF &#8211; Mi\u1ebfng l\u00f3t ly g\u1ed7 MDF &#8211; M\u1eabu 05"},"content":{"rendered":"<h1><span style=\"color: #000000;\">Coasters<\/span><\/h1>\n<p><span style=\"color: #000000;\">C\u1ea5u t\u1ea1o <a href=\"https:\/\/quatang5sao.com\/en\/\">mi\u1ebfng l\u00f3t ly<\/a> b\u1eb1ng g\u1ed7 c\u00f4ng nghi\u1ec7p, \u0111\u01b0\u1ee3c \u00e9p v\u1edbi nhau t\u1eeb nhi\u1ec1u l\u1edbp. \u1ede m\u1eb7t tr\u00ean in PP r\u00f5 n\u00e9t, c\u1ef1c \u0111\u1eb9p, ph\u00f9 h\u1ee3p cho c\u00e1c h\u00ecnh \u1ea3nh, logo ph\u1ee9c t\u1ea1p. Tr\u00ean c\u00f9ng ph\u1ee7 l\u1edbp ho\u00e0n thi\u1ec7n b\u1ec1 m\u1eb7t, \u0111\u1ea3m b\u1ea3o kh\u00f4ng ng\u1ea5m n\u01b0\u1edbc, ch\u1ecbu tr\u1ea7y x\u01b0\u1edbc t\u1ed1t.<\/span><\/p>\n<p><span style=\"color: #000000;\">Do mang \u0111\u1eb7c \u0111i\u1ec3m c\u1ee7a g\u1ed7 c\u00f4ng nghi\u1ec7p: nh\u1eb9, b\u1ec1n, kh\u00f4ng ng\u1ea5m n\u01b0\u1edbc, n\u00ean lo\u1ea1i <strong>l\u00f3t ly<\/strong> n\u00e0y c\u0169ng \u0111\u01b0\u1ee3c nhi\u1ec1u kh\u00e1ch h\u00e0ng \u0111\u1eb7t h\u00e0ng. Nh\u1ea5t l\u00e0 nh\u1eefng kh\u00e1ch h\u00e0ng c\u00f3 h\u00ecnh \u1ea3nh ph\u1ee9c t\u1ea1p, kh\u00f4ng th\u1ec3 s\u1ea3n xu\u1ea5t <a href=\"https:\/\/delotlygiare.wordpress.com\/\" target=\"_blank\" rel=\"noopener\">mi\u1ebfng l\u00f3t ly b\u1eb1ng silicon<\/a>. <\/span><\/p>\n<p><span style=\"color: #000000;\">Qu\u00fd kh\u00e1ch c\u00f3 nhu c\u1ea7u \u0111\u1eb7t h\u00e0ng ho\u1eb7c c\u1ea7n s\u1ea3n xu\u1ea5t v\u1edbi c\u00e1c m\u1eabu kh\u00e1c, ch\u1ea5t li\u1ec7u kh\u00e1c. H\u00e3y li\u00ean h\u1ec7 v\u1edbi ch\u00fang t\u00f4i \u0111\u1ec3 ch\u00fang t\u00f4i t\u01b0 v\u1ea5n \u0111\u1ea7y \u0111\u1ee7 h\u01a1n nh\u00e9.<\/span><\/p>\n<h1><span style=\"color: #000000;\">H\u00ecnh \u1ea3nh <a href=\"https:\/\/quatang5sao.com\/en\/san-pham-qua-tang\/de-lot-ly-mieng-lot-ly-mau-01\/\">\u0111\u1ebf l\u00f3t ly g\u1ed7<\/a>:<\/span><\/h1>\n<figure id=\"attachment_3517\" aria-describedby=\"caption-attachment-3517\" style=\"width: 900px\" class=\"wp-caption alignnone\"><img loading=\"lazy\" decoding=\"async\" class=\"size-full wp-image-3517\" src=\"https:\/\/quatang5sao.com\/wp-content\/uploads\/2018\/02\/De-lot-ly-Mau-02-001.jpg\" alt=\"Mi\u1ebfng l\u00f3t ly b\u1eb1ng g\u1ed7 c\u00f4ng nghi\u1ec7p\" width=\"900\" height=\"780\" title=\"\" srcset=\"https:\/\/quatang5sao.com\/wp-content\/uploads\/2018\/02\/De-lot-ly-Mau-02-001.jpg 900w, https:\/\/quatang5sao.com\/wp-content\/uploads\/2018\/02\/De-lot-ly-Mau-02-001-510x442.jpg 510w, https:\/\/quatang5sao.com\/wp-content\/uploads\/2018\/02\/De-lot-ly-Mau-02-001-462x400.jpg 462w, https:\/\/quatang5sao.com\/wp-content\/uploads\/2018\/02\/De-lot-ly-Mau-02-001-768x666.jpg 768w\" sizes=\"auto, (max-width: 900px) 100vw, 900px\" \/><figcaption id=\"caption-attachment-3517\" class=\"wp-caption-text\">\u0110\u1ebf l\u00f3t ly b\u1eb1ng g\u1ed7 in logo theo y\u00eau c\u1ea7u c\u1ee7a kh\u00e1ch h\u00e0ng<\/figcaption><\/figure>\n<figure id=\"attachment_3516\" aria-describedby=\"caption-attachment-3516\" style=\"width: 750px\" class=\"wp-caption alignnone\"><img loading=\"lazy\" decoding=\"async\" class=\"size-full wp-image-3516\" src=\"https:\/\/quatang5sao.com\/wp-content\/uploads\/2018\/02\/De-lot-ly-Mau-02-002.jpg\" alt=\"\u0110\u1ebf l\u00f3t ly b\u1eb1ng g\u1ed7 MDF\" width=\"750\" height=\"405\" title=\"\" srcset=\"https:\/\/quatang5sao.com\/wp-content\/uploads\/2018\/02\/De-lot-ly-Mau-02-002.jpg 750w, https:\/\/quatang5sao.com\/wp-content\/uploads\/2018\/02\/De-lot-ly-Mau-02-002-510x275.jpg 510w, https:\/\/quatang5sao.com\/wp-content\/uploads\/2018\/02\/De-lot-ly-Mau-02-002-741x400.jpg 741w\" sizes=\"auto, (max-width: 750px) 100vw, 750px\" \/><figcaption id=\"caption-attachment-3516\" class=\"wp-caption-text\">\u0110\u1ebf l\u00f3t ly b\u1eb1ng g\u1ed7<\/figcaption><\/figure>\n<figure style=\"width: 750px\" class=\"wp-caption alignnone\"><img loading=\"lazy\" decoding=\"async\" class=\"size-full\" src=\"https:\/\/lh3.googleusercontent.com\/0b2RX6voj7swhsF3NDYFfbcP3EAZToYRXPBIe2U2yw_vhp5ef_tFtsxXwgBzFmWsYqEqvj8f78qkFaRx4irJWn3obRh9c_gbVrWygmq3yZKE-ScJ777IlneV4Xepb2hHentBvYO2I9jKzMKsfCsoICKqFoqZvdNL-uEZajZSJqqED6O8vpDdU2VINL47AVGftm4EuiTbF8fm1c1ANTRsYXdzM0eGOsvWfBF9PnVLf6zyrrsoYeT53PLYVnW6xfvWZQ7vSdiBIDuYT1n2RiaC-rhTQoBiKzq0TOtELMX2leDnxBQmN_qNzG2BNT1x56v-tMyEGbJxab_0TrBJM-MipT-4WuF7D5bJDuq89eECGBcnVQDQBcGTN4dMDstJEYOdOMDC3hi5sbA60Y57BrKs2v_xmS6qRkbEiTXfCWXga44pexuu5niO96I4fx5H834t_0-HIf2G8yGFfjo6lmPeXzk5ArIzpHWNbewETQK-JwqYs-Vg9-LiByxhE72LxxROUwau7SiStHfUu6snoFS51TTdO_aK6oXIgFRr20qNMzBT0vgocgZhJMykoStpWrXhUhq9pfiVulFLse4jS_MSh31OCdH6Ky5vgXlSJDE=w750-h400-no\" alt=\"\u0110\u1ebf l\u00f3t ly b\u1eb1ng g\u1ed7\" width=\"750\" height=\"400\" title=\"\"><figcaption class=\"wp-caption-text\">T\u1ea5m l\u00f3t ly b\u1eb1ng g\u1ed7 in logo theo y\u00eau c\u1ea7u, r\u1ebb, b\u1ec1n, \u0111\u1eb9p<\/figcaption><\/figure>","protected":false},"excerpt":{"rendered":"<p>\u0110\u1ebf l\u00f3t ly C\u1ea5u t\u1ea1o mi\u1ebfng l\u00f3t ly b\u1eb1ng g\u1ed7 c\u00f4ng nghi\u1ec7p, \u0111\u01b0\u1ee3c \u00e9p v\u1edbi nhau t\u1eeb nhi\u1ec1u l\u1edbp. \u1ede m\u1eb7t tr\u00ean in PP r\u00f5 n\u00e9t, c\u1ef1c \u0111\u1eb9p, ph\u00f9 h\u1ee3p cho c\u00e1c h\u00ecnh \u1ea3nh, logo ph\u1ee9c t\u1ea1p. Tr\u00ean c\u00f9ng ph\u1ee7 l\u1edbp ho\u00e0n thi\u1ec7n b\u1ec1 m\u1eb7t, \u0111\u1ea3m b\u1ea3o kh\u00f4ng ng\u1ea5m n\u01b0\u1edbc, ch\u1ecbu tr\u1ea7y x\u01b0\u1edbc t\u1ed1t. Do [&#8230;]\n","protected":false},"featured_media":3516,"comment_status":"open","ping_status":"closed","template":"","meta":[],"product_brand":[],"product_cat":[393],"product_tag":[394,422,421,395,423],"class_list":{"0":"post-3515","1":"product","2":"type-product","3":"status-publish","4":"has-post-thumbnail","6":"product_cat-de-lot-ly","7":"product_tag-de-lot-ly","8":"product_tag-lot-ly-gia-re","9":"product_tag-lot-ly-giay","10":"product_tag-mieng-lot-ly","11":"product_tag-san-xuat-mieng-lot-ly","13":"first","14":"instock","15":"shipping-taxable","16":"product-type-simple"},"amp_enabled":true,"_links":{"self":[{"href":"https:\/\/quatang5sao.com\/en\/wp-json\/wp\/v2\/product\/3515","targetHints":{"allow":["GET"]}}],"collection":[{"href":"https:\/\/quatang5sao.com\/en\/wp-json\/wp\/v2\/product"}],"about":[{"href":"https:\/\/quatang5sao.com\/en\/wp-json\/wp\/v2\/types\/product"}],"replies":[{"embeddable":true,"href":"https:\/\/quatang5sao.com\/en\/wp-json\/wp\/v2\/comments?post=3515"}],"wp:featuredmedia":[{"embeddable":true,"href":"https:\/\/quatang5sao.com\/en\/wp-json\/wp\/v2\/media\/3516"}],"wp:attachment":[{"href":"https:\/\/quatang5sao.com\/en\/wp-json\/wp\/v2\/media?parent=3515"}],"wp:term":[{"taxonomy":"product_brand","embeddable":true,"href":"https:\/\/quatang5sao.com\/en\/wp-json\/wp\/v2\/product_brand?post=3515"},{"taxonomy":"product_cat","embeddable":true,"href":"https:\/\/quatang5sao.com\/en\/wp-json\/wp\/v2\/product_cat?post=3515"},{"taxonomy":"product_tag","embeddable":true,"href":"https:\/\/quatang5sao.com\/en\/wp-json\/wp\/v2\/product_tag?post=3515"}],"curies":[{"name":"wp","href":"https:\/\/api.w.org\/{rel}","templated":true}]}}