{"id":3512,"date":"2018-02-06T14:30:55","date_gmt":"2018-02-06T07:30:55","guid":{"rendered":"https:\/\/quatang5sao.com\/?post_type=product&#038;p=3512"},"modified":"2018-05-09T10:27:36","modified_gmt":"2018-05-09T03:27:36","slug":"de-lot-ly-mieng-lot-ly-mau-06","status":"publish","type":"product","link":"https:\/\/quatang5sao.com\/en\/de-lot-ly-mieng-lot-ly-mau-06\/","title":{"rendered":"\u0110\u1ebf l\u00f3t ly silicon &#8211; Mi\u1ebfng l\u00f3t ly silicon &#8211; M\u1eabu 06"},"content":{"rendered":"<h1><a href=\"https:\/\/quatang5sao.com\/en\/danh-muc\/de-lot-ly\/\"><span style=\"color: #000000;\">Coasters<\/span><\/a><\/h1>\n<p><span style=\"color: #000000;\">M\u1eabu l\u00f3t ly n\u00e0y \u0111\u01b0\u1ee3c l\u00e0m t\u1eeb cao su, silicon n\u00ean c\u00f3 th\u1ec3 in, d\u1eadp, \u0111\u1ed5 m\u00e0u theo y\u00eau c\u1ea7u. V\u1edbi c\u00e1c \u0111\u1eb7c \u0111i\u1ec3m c\u1ee7a silicon l\u00e0 \u0111\u1ed9 b\u1ec1n cao, \u0111\u1ed9 ma s\u00e1t cao m\u00e0 m\u1ec1m m\u1ea1i n\u00ean ph\u00f9 h\u1ee3p \u0111\u1ec3 <strong>l\u00f3t c\u1ed1c<\/strong>, ch\u00e9n, ly. \u0110\u1ed3ng th\u1eddi ch\u1ea5t li\u1ec7u kh\u00f4ng b\u00e1m b\u1ea9n nh\u01b0 c\u00e1c ch\u1ea5t li\u1ec7u kh\u00e1c n\u00ean kh\u00f4ng ng\u1ea1i b\u1ecb c\u00e0 ph\u00ea, \u0111\u1ed3 \u0103n th\u1ee9c u\u1ed1ng b\u00e1m b\u1ea9n. Nh\u1edd \u0111\u00f3 gi\u00fap cho vi\u1ec7c v\u1ec7 sinh \u0111\u01b0\u1ee3c \u0111\u01a1n gi\u1ea3n h\u01a1n r\u1ea5t nhi\u1ec1u.<\/span><\/p>\n<p><span style=\"color: #000000;\">C\u00e1ch th\u1ee9c \u0111\u1eb7t h\u00e0ng <strong>l\u00f3t ly gi\u00e1 r\u1ebb<\/strong>: <\/span><\/p>\n<ul>\n<li><span style=\"color: #000000;\"> Qu\u00fd kh\u00e1ch li\u00ean h\u1ec7 qua email ho\u1eb7c zalo trao \u0111\u1ed5i s\u1ed1 l\u01b0\u1ee3ng, gi\u00e1 c\u1ea3. <\/span><\/li>\n<li><span style=\"color: #000000;\">Sau khi \u0111\u1ed3ng \u00fd s\u1ebd g\u1eedi b\u1ea3n thi\u1ebft k\u1ebf cho ch\u00fang t\u00f4i ho\u1eb7c ch\u00fang t\u00f4i s\u1ebd h\u1ed7 tr\u1ee3 thi\u1ebft k\u1ebf mi\u1ec5n ph\u00ed cho kh\u00e1ch h\u00e0ng.<\/span><\/li>\n<li><span style=\"color: #000000;\">Qu\u00fd kh\u00e1ch xem l\u1ea1i b\u1ea3n thi\u1ebft k\u1ebf.<\/span><\/li>\n<li><span style=\"color: #000000;\">Sau khi \u0111\u1ed3ng \u00fd s\u1ea3n xu\u1ea5t th\u00ec \u0111\u1eb7t c\u1ecdc, ch\u00fang t\u00f4i s\u1ebd s\u1ea3n xu\u1ea5t sau khi nh\u1eadn ti\u1ec1n c\u1ecdc<\/span><\/li>\n<li><span style=\"color: #000000;\">Khi xong h\u00e0ng, ch\u00fang t\u00f4i s\u1ebd g\u1eedi h\u00ecnh s\u1ea3n ph\u1ea9m. Kh\u00e1ch h\u00e0ng chuy\u1ec3n n\u1ed1t s\u1ed1 ti\u1ec1n c\u00f2n l\u1ea1i ho\u1eb7c ch\u00fang t\u00f4i s\u1ebd chuy\u1ec3n h\u00e0ng cho kh\u00e1ch theo h\u00ecnh th\u1ee9c COD.<\/span><\/li>\n<\/ul>\n<p><span style=\"color: #000000;\">Ch\u00fang t\u00f4i t\u1ef1 h\u00e0o l\u00e0 \u0111\u01a1n v\u1ecb s\u1ea3n xu\u1ea5t <a href=\"https:\/\/quatang5sao.com\/en\/san-pham-qua-tang\/de-lot-ly-mau-04\/\">l\u00f3t ly gi\u00e1 r\u1ebb<\/a>, ch\u1ea5t l\u01b0\u1ee3ng cao, \u0111\u1ee7 ch\u1ee7ng lo\u1ea1i nh\u1ea5t th\u1ecb tr\u01b0\u1eddng.<\/span><\/p>\n<h1><span style=\"color: #000000;\">H\u00ecnh \u1ea3nh s\u1ea3n ph\u1ea9m c\u1ee7a \u0111\u1ebf l\u00f3t ly:<\/span><\/h1>\n<figure id=\"attachment_3514\" aria-describedby=\"caption-attachment-3514\" style=\"width: 750px\" class=\"wp-caption alignnone\"><img loading=\"lazy\" decoding=\"async\" class=\"size-full wp-image-3514\" src=\"https:\/\/quatang5sao.com\/wp-content\/uploads\/2018\/02\/De-lot-ly-Mau-05-001.jpg\" alt=\"\u0110\u1ebf l\u00f3t ly b\u1eb1ng cao su gi\u00e1 r\u1ebb\" width=\"750\" height=\"635\" title=\"\" srcset=\"https:\/\/quatang5sao.com\/wp-content\/uploads\/2018\/02\/De-lot-ly-Mau-05-001.jpg 750w, https:\/\/quatang5sao.com\/wp-content\/uploads\/2018\/02\/De-lot-ly-Mau-05-001-510x432.jpg 510w, https:\/\/quatang5sao.com\/wp-content\/uploads\/2018\/02\/De-lot-ly-Mau-05-001-472x400.jpg 472w\" sizes=\"auto, (max-width: 750px) 100vw, 750px\" \/><figcaption id=\"caption-attachment-3514\" class=\"wp-caption-text\">\u0110\u1ebf l\u00f3t ly cao su gi\u00e1 r\u1ebb<\/figcaption><\/figure>\n<figure id=\"attachment_3513\" aria-describedby=\"caption-attachment-3513\" style=\"width: 750px\" class=\"wp-caption alignnone\"><img loading=\"lazy\" decoding=\"async\" class=\"size-full wp-image-3513\" src=\"https:\/\/quatang5sao.com\/wp-content\/uploads\/2018\/02\/De-lot-ly-Mau-05-002.jpg\" alt=\"\u0110\u1ebf l\u00f3t ly b\u1eb1ng silicon gi\u00e1 r\u1ebb\" width=\"750\" height=\"636\" title=\"\" srcset=\"https:\/\/quatang5sao.com\/wp-content\/uploads\/2018\/02\/De-lot-ly-Mau-05-002.jpg 750w, https:\/\/quatang5sao.com\/wp-content\/uploads\/2018\/02\/De-lot-ly-Mau-05-002-510x432.jpg 510w, https:\/\/quatang5sao.com\/wp-content\/uploads\/2018\/02\/De-lot-ly-Mau-05-002-472x400.jpg 472w\" sizes=\"auto, (max-width: 750px) 100vw, 750px\" \/><figcaption id=\"caption-attachment-3513\" class=\"wp-caption-text\">\u0110\u1ebf l\u00f3t ly gi\u00e1 r\u1ebb<\/figcaption><\/figure>\n<figure style=\"width: 1000px\" class=\"wp-caption alignnone\"><img loading=\"lazy\" decoding=\"async\" class=\"size-full\" src=\"https:\/\/lh3.googleusercontent.com\/VZe_MdKzSwBJteYa13jGvDDxOkTxH6Gjm0OJshXVuslfVJK_iWnE-gTLNTHPaG7lASAWgAUQW9ZOtvniVlbHCJyh-l4K5lMlrLFwHDD6RWF1jiy08U-cJcfxCXypRC5JAWx3GzXGH1VRRfudRNF8No9DNT2lI4tZ-K7ohKlKjx9YthN3yYYgobt9MqJn8YFrwZpM7uTWUGLa3xfOVR_eEv7b2zYA3Q53d58kLp_q475aBMzJfYOaDifAh9bDtc9M_WPxXi82hlBYCZNjtK8EZoqwjBcDJjzCfT7-OcJOga57qeSxlSU2iwDtbSsTLO2iGXDWmuFUpFnZdxXoOx8jhMZb8QXbzx0lvM-OHGOMHAz98PAH-W83jULf0pBjSiGH4g550cDhAyrP1_3DvPvnO74SIUlcXamG_uDC2Q-Go5DroeuNMISHmeSiOvm3M8_yenu0TW1KFvElEewkwPTcFoofOxot0p4w8hOwUSGNM1qk-u-UN2ARfLEDcQYlICUKE6SVazSM7nTQzbqddNh1VlseQLgPQeV85vD9CFQrGDGOFVogd5kY41RGjPREVGXWvti66k2bSoHGwf7Bkrebj0RtdXo6GSCl2hxp_F0=w1000-h367-no\" alt=\"\u0110\u1ebf l\u00f3t ly gi\u00e1 r\u1ebb\" width=\"1000\" height=\"367\" title=\"\"><figcaption class=\"wp-caption-text\">\u0110\u1ebf l\u00f3t ly gi\u1ea5y, cao su, s\u1ea3n xu\u1ea5t theo thi\u1ebft k\u1ebf c\u1ee7a kh\u00e1ch h\u00e0ng<\/figcaption><\/figure>","protected":false},"excerpt":{"rendered":"<p>\u0110\u1ebf l\u00f3t ly M\u1eabu l\u00f3t ly n\u00e0y \u0111\u01b0\u1ee3c l\u00e0m t\u1eeb cao su, silicon n\u00ean c\u00f3 th\u1ec3 in, d\u1eadp, \u0111\u1ed5 m\u00e0u theo y\u00eau c\u1ea7u. V\u1edbi c\u00e1c \u0111\u1eb7c \u0111i\u1ec3m c\u1ee7a silicon l\u00e0 \u0111\u1ed9 b\u1ec1n cao, \u0111\u1ed9 ma s\u00e1t cao m\u00e0 m\u1ec1m m\u1ea1i n\u00ean ph\u00f9 h\u1ee3p \u0111\u1ec3 l\u00f3t c\u1ed1c, ch\u00e9n, ly. \u0110\u1ed3ng th\u1eddi ch\u1ea5t li\u1ec7u kh\u00f4ng b\u00e1m b\u1ea9n [&#8230;]\n","protected":false},"featured_media":3513,"comment_status":"open","ping_status":"closed","template":"","meta":[],"product_brand":[],"product_cat":[393],"product_tag":[394,460,421,461,395],"class_list":{"0":"post-3512","1":"product","2":"type-product","3":"status-publish","4":"has-post-thumbnail","6":"product_cat-de-lot-ly","7":"product_tag-de-lot-ly","8":"product_tag-lot-ly-cao-su","9":"product_tag-lot-ly-giay","10":"product_tag-lot-ly-silicon","11":"product_tag-mieng-lot-ly","13":"first","14":"instock","15":"shipping-taxable","16":"product-type-simple"},"amp_enabled":true,"_links":{"self":[{"href":"https:\/\/quatang5sao.com\/en\/wp-json\/wp\/v2\/product\/3512","targetHints":{"allow":["GET"]}}],"collection":[{"href":"https:\/\/quatang5sao.com\/en\/wp-json\/wp\/v2\/product"}],"about":[{"href":"https:\/\/quatang5sao.com\/en\/wp-json\/wp\/v2\/types\/product"}],"replies":[{"embeddable":true,"href":"https:\/\/quatang5sao.com\/en\/wp-json\/wp\/v2\/comments?post=3512"}],"wp:featuredmedia":[{"embeddable":true,"href":"https:\/\/quatang5sao.com\/en\/wp-json\/wp\/v2\/media\/3513"}],"wp:attachment":[{"href":"https:\/\/quatang5sao.com\/en\/wp-json\/wp\/v2\/media?parent=3512"}],"wp:term":[{"taxonomy":"product_brand","embeddable":true,"href":"https:\/\/quatang5sao.com\/en\/wp-json\/wp\/v2\/product_brand?post=3512"},{"taxonomy":"product_cat","embeddable":true,"href":"https:\/\/quatang5sao.com\/en\/wp-json\/wp\/v2\/product_cat?post=3512"},{"taxonomy":"product_tag","embeddable":true,"href":"https:\/\/quatang5sao.com\/en\/wp-json\/wp\/v2\/product_tag?post=3512"}],"curies":[{"name":"wp","href":"https:\/\/api.w.org\/{rel}","templated":true}]}}