{"id":3509,"date":"2018-02-05T16:35:17","date_gmt":"2018-02-05T09:35:17","guid":{"rendered":"https:\/\/quatang5sao.com\/?post_type=product&#038;p=3509"},"modified":"2021-04-29T22:28:25","modified_gmt":"2021-04-29T15:28:25","slug":"de-lot-ly-cao-su-mau-04","status":"publish","type":"product","link":"https:\/\/quatang5sao.com\/en\/de-lot-ly-cao-su-mau-04\/","title":{"rendered":"\u0110\u1ebf l\u00f3t ly cao su &#8211; Mi\u1ebfng l\u00f3t ly cao su &#8211; M\u1eabu 04"},"content":{"rendered":"<h2><span style=\"color: #000000;\">Coasters<\/span><\/h2>\n<p><span style=\"color: #000000;\"><a href=\"https:\/\/delotlygiare.wordpress.com\/\" target=\"_blank\" rel=\"noopener\">\u0110\u1ebf l\u00f3t ly cao su<\/a> \u0111\u01b0\u1ee3c s\u1ea3n xu\u1ea5t theo y\u00eau c\u1ea7u c\u1ee7a kh\u00e1ch h\u00e0ng. V\u1edbi ch\u1ea5t li\u1ec7u b\u1eb1ng silicon (cao su) gi\u00e1 r\u1ebb, \u0111\u1ed9 b\u1ec1n cao, ma s\u00e1t cao, l\u00e0 s\u1ea3n ph\u1ea9m \u0111\u01b0\u1ee3c \u0111\u1eb7t nhi\u1ec1u b\u1edfi c\u00e1c kh\u00e1ch s\u1ea1n, nh\u00e0 h\u00e0ng. Ch\u00fang t\u00f4i c\u00f3 nhi\u1ec1u m\u1eabu m\u00e3 \u0111a d\u1ea1ng, ch\u1ee7ng lo\u1ea1i, ch\u1ea5t li\u1ec7u ph\u00f9 h\u1ee3p m\u1ecdi y\u00eau c\u1ea7u c\u1ee7a ng\u01b0\u1eddi d\u00f9ng.<\/span><\/p>\n<p><span style=\"color: #000000;\">Ngo\u00e0i c\u00e1c <a href=\"https:\/\/quatang5sao.com\/en\/danh-muc\/de-lot-ly\/\">m\u1eabu \u0111\u1ebf l\u00f3t ly cao su<\/a> \u1edf \u0111\u00e2y, kh\u00e1ch h\u00e0ng c\u00f3 y\u00eau c\u1ea7u kh\u00e1c ho\u1eb7c m\u1eabu l\u00f3t ly kh\u00e1c xin h\u00e3y li\u00ean h\u1ec7 tr\u1ef1c ti\u1ebfp v\u1edbi ch\u00fang t\u00f4i. Ch\u00fang t\u00f4i lu\u00f4n s\u1eb5n s\u00e0ng h\u1ed7 tr\u1ee3, t\u01b0 v\u1ea5n \u0111\u1ec3 kh\u00e1ch h\u00e0ng c\u00f3 s\u1ea3n ph\u1ea9m <a href=\"https:\/\/quatang5sao.com\/en\/danh-muc\/de-lot-ly\/\">\u0111\u1ebf l\u00f3t ly<\/a> \u01b0ng \u00fd nh\u1ea5t. T\u1ea5t nhi\u00ean gi\u00e1 c\u1ea3 c\u0169ng c\u00f3 ph\u1ea7n quy\u1ebft \u0111\u1ecbnh quan tr\u1ecdng, nh\u01b0ng ch\u00fang t\u00f4i \u0111\u1ea3m b\u1ea3o qu\u00fd kh\u00e1ch lu\u00f4n c\u00f3 \u0111\u01b0\u1ee3c m\u1ee9c gi\u00e1 t\u1ed1t nh\u1ea5t. L\u1ee3i th\u1ebf \u0111\u1eb7t h\u00e0ng t\u1ea1i Qu\u00e0 T\u1eb7ng 5 Sao:<br \/>\n<\/span><\/p>\n<ul>\n<li>T\u01b0 v\u1ea5n, b\u00e1o gi\u00e1, \u0111\u1eb7t h\u00e0ng 24\/7, lu\u00f4n s\u1eb5n s\u00e0ng khi qu\u00fd kh\u00e1ch c\u1ea7n<\/li>\n<li>Th\u1eddi gian s\u1ea3n xu\u1ea5t nhanh<\/li>\n<li>Mi\u1ec5n ph\u00ed giao h\u00e0ng to\u00e0n qu\u1ed1c<\/li>\n<li>S\u1ea3n ph\u1ea9m \u0111\u1eb9p, ch\u1ea5t l\u01b0\u1ee3ng cao<\/li>\n<li>Mi\u1ec5n ph\u00ed thi\u1ebft k\u1ebf maket.<\/li>\n<\/ul>\n<p>Ch\u00fang t\u00f4i t\u1ef1 tin s\u1ebd l\u00e0m h\u00e0i l\u00f2ng qu\u00fd kh\u00e1ch h\u00e0ng.<\/p>\n<h2><span style=\"color: #000000;\">H\u00ecnh \u1ea3nh s\u1ea3n ph\u1ea9m mi\u1ebfng l\u00f3t ly<\/span><\/h2>\n<figure id=\"attachment_3511\" aria-describedby=\"caption-attachment-3511\" style=\"width: 750px\" class=\"wp-caption alignnone\"><img loading=\"lazy\" decoding=\"async\" class=\"wp-image-3511 size-full\" src=\"https:\/\/quatang5sao.com\/wp-content\/uploads\/2018\/02\/De-lot-ly-Mau-01-008.jpg\" alt=\"D\u1eadp n\u1ed5i, d\u1eadp ch\u00ecm l\u00f3t ly cao su gi\u00e1 r\u1ebb\" width=\"750\" height=\"750\" title=\"\" srcset=\"https:\/\/quatang5sao.com\/wp-content\/uploads\/2018\/02\/De-lot-ly-Mau-01-008.jpg 750w, https:\/\/quatang5sao.com\/wp-content\/uploads\/2018\/02\/De-lot-ly-Mau-01-008-247x247.jpg 247w, https:\/\/quatang5sao.com\/wp-content\/uploads\/2018\/02\/De-lot-ly-Mau-01-008-100x100.jpg 100w, https:\/\/quatang5sao.com\/wp-content\/uploads\/2018\/02\/De-lot-ly-Mau-01-008-510x510.jpg 510w, https:\/\/quatang5sao.com\/wp-content\/uploads\/2018\/02\/De-lot-ly-Mau-01-008-280x280.jpg 280w, https:\/\/quatang5sao.com\/wp-content\/uploads\/2018\/02\/De-lot-ly-Mau-01-008-400x400.jpg 400w, https:\/\/quatang5sao.com\/wp-content\/uploads\/2018\/02\/De-lot-ly-Mau-01-008-120x120.jpg 120w\" sizes=\"auto, (max-width: 750px) 100vw, 750px\" \/><figcaption id=\"caption-attachment-3511\" class=\"wp-caption-text\">D\u1eadp n\u1ed5i, d\u1eadp ch\u00ecm l\u00f3t ly cao su gi\u00e1 r\u1ebb<\/figcaption><\/figure>\n<figure id=\"attachment_3510\" aria-describedby=\"caption-attachment-3510\" style=\"width: 1280px\" class=\"wp-caption alignnone\"><img loading=\"lazy\" decoding=\"async\" class=\"wp-image-3510 size-full\" src=\"https:\/\/quatang5sao.com\/wp-content\/uploads\/2018\/02\/De-lot-ly-Mau-01-001.jpg\" alt=\"M\u00e0u s\u1eafc, m\u1eabu m\u00e3 \u0111a d\u1ea1ng, s\u1ea3n xu\u1ea5t theo y\u00eau c\u1ea7u c\u1ee7a kh\u00e1ch h\u00e0ng\" width=\"1280\" height=\"1280\" title=\"\" srcset=\"https:\/\/quatang5sao.com\/wp-content\/uploads\/2018\/02\/De-lot-ly-Mau-01-001.jpg 1280w, https:\/\/quatang5sao.com\/wp-content\/uploads\/2018\/02\/De-lot-ly-Mau-01-001-247x247.jpg 247w, https:\/\/quatang5sao.com\/wp-content\/uploads\/2018\/02\/De-lot-ly-Mau-01-001-100x100.jpg 100w, https:\/\/quatang5sao.com\/wp-content\/uploads\/2018\/02\/De-lot-ly-Mau-01-001-510x510.jpg 510w, https:\/\/quatang5sao.com\/wp-content\/uploads\/2018\/02\/De-lot-ly-Mau-01-001-280x280.jpg 280w, https:\/\/quatang5sao.com\/wp-content\/uploads\/2018\/02\/De-lot-ly-Mau-01-001-400x400.jpg 400w, https:\/\/quatang5sao.com\/wp-content\/uploads\/2018\/02\/De-lot-ly-Mau-01-001-768x768.jpg 768w, https:\/\/quatang5sao.com\/wp-content\/uploads\/2018\/02\/De-lot-ly-Mau-01-001-800x800.jpg 800w, https:\/\/quatang5sao.com\/wp-content\/uploads\/2018\/02\/De-lot-ly-Mau-01-001-120x120.jpg 120w, https:\/\/quatang5sao.com\/wp-content\/uploads\/2018\/02\/De-lot-ly-Mau-01-001-300x300.jpg 300w\" sizes=\"auto, (max-width: 1280px) 100vw, 1280px\" \/><figcaption id=\"caption-attachment-3510\" class=\"wp-caption-text\">M\u00e0u s\u1eafc, m\u1eabu m\u00e3 \u0111a d\u1ea1ng, s\u1ea3n xu\u1ea5t theo y\u00eau c\u1ea7u c\u1ee7a kh\u00e1ch h\u00e0ng<\/figcaption><\/figure>\n<figure style=\"width: 654px\" class=\"wp-caption alignnone\"><img loading=\"lazy\" decoding=\"async\" src=\"https:\/\/lh3.googleusercontent.com\/7HPRBQNMTP8sI5OKS75_bngBDs39srKOl-zoNns7R3Nmvt7Y_L0Ul1FVkLb6vBXqtlLoQjYugGPYp6q-nR5FRmHTWBiBRHWu4SQ66DpDIXl6Z2fxfaFFkjn7MZSeqzd895H2o7GgU4GnAB9E5l5ioGvNjVLd5eHBRsySTLYM8InDJmTI2tz5FgWa0lfeeaGYEiaFet46y5_URRqMQxgeO_yjNX2ZYcdWm4l7V1qCz3IV9uQsfUtpRATO5Lzxy4EMYm8vAlWqqT_s2fzBNrIYgmqcQINwFKem803VDhkJzeT9G5TOyx9AELjJia3yZ_Ixmjom6S8-mBnQ88cFGuTylP7W3ibegRhxTgMWKkIYFDYbuDX20SKtVb5UU-8iD4eboqTBY8747aijufmVeQulpmWAkHwiAbDetoP8L1kFwSUtV_X5SovOiSbLA702zHlC6lVh8cMVazzpmOVcvSboG_iOVqV3vUc2Kg64kY4FvBIXGGJN-6PJ_X5JmAOs6N1HW2-8K_Ge1XN_fnlROO3d-6pmdFeT4TS6SzfETbdANJUxfRu7fGSmSnHw-5d5_rjcY_ETuTiSToNpet4-s2pKQYx8eLVQSdq0XB18SzQ=s654-no\" alt=\"C\u00e1c chi ti\u1ebft in d\u1eadp n\u1ed5i r\u1ea5t s\u1eafc n\u00e9t v\u00e0 chi ti\u1ebft cao\" width=\"654\" height=\"654\" title=\"\"><figcaption class=\"wp-caption-text\">C\u00e1c chi ti\u1ebft in d\u1eadp n\u1ed5i r\u1ea5t s\u1eafc n\u00e9t v\u00e0 chi ti\u1ebft cao<\/figcaption><\/figure>\n<figure style=\"width: 654px\" class=\"wp-caption alignnone\"><img loading=\"lazy\" decoding=\"async\" class=\"size-full\" src=\"https:\/\/lh3.googleusercontent.com\/24Lq0JOEF7SEcFUcavYe8Sv23RkeaVIw-Ok6SEt340QGV6yTQxQi9kd1Ze3b-yVEZc9Yn4fuc6oKmjzK0uAQO2YTvhhHl5O0qIaPAyylA6I_Y66aoNrVOjj0__DnQgHCut4jSK8rgrZwqQYUGItu_GrPwEuu7-W1JNNyXX7gHr_sihuwg4Leh9-NwWiNhyUvDMGzdRRuxgjDdTiWYR-7ls8zdOWDTRdHww9EuhloPj9O8RGewEdHbd6Gcze52CO_jPIYEd-ozRzPJmkl0Y6A5F4fOs7nlcbOUzRIATplM_WGTuvLwlyzIHPP-9OLvox46cyiewQgzRC2FRvW3xc-J8Pp7q0foCCTrQYkIpCKBufi0TDnrsti8sewfWgylniufedgpMCR2BdYEOsvmOZ5H29IhyL9iMZu4EwTRewh080qLFSO4w0bRhm8pafuXuleaQ3GAru7oRnCCtmSpPczoRybVCCbqSR5X2hMYmyNAZMp1WtnV_OZTHbbmY5b_QrnZsmZncJFEtyrLCVh1r9V6rQBEs-U7x4HJjqrs4YgMgIW5Ieue177MZ6Ng9NHcEhm_xDJuoYjHgWY-aF1EQHttqckVTrzkLQLtSaBfNU=s654-no\" alt=\"\u0110\u1ebf l\u00f3t ly nh\u1ef1a gi\u00e1 r\u1ebb\" width=\"654\" height=\"654\" title=\"\"><figcaption class=\"wp-caption-text\">\u0110\u1ebf l\u00f3t ly b\u1eb1ng nh\u1ef1a in logo theo y\u00eau c\u1ea7u<\/figcaption><\/figure>\n<figure style=\"width: 654px\" class=\"wp-caption alignnone\"><img loading=\"lazy\" decoding=\"async\" class=\"size-full\" src=\"https:\/\/lh3.googleusercontent.com\/G0oWh7ZT0w7pj21Pa4DAaGebiADOfyg0Ou1RmPQAHPGaJuNpo8uLRyYzWG9nbKGHwG1zEHn0HRQjSGvE0kIH2-uZNvQpu_heFvdnNAZXg0LCZvkabGHWyzgU9PC1og5EY1htpajubU1nKJlfxiwUZ-5Z1PWhBhc7F1vB8yCaAh4m2ripK9CJ-eu35ryj8QG49n9Q17gQ0ELLi2QQoxzpBXValsvoT57A62Clw_8RujXKIJXhXw8v24tBdlhQpHRFVyK_CxmrVH0llKEgEhNXjsUktXtWOuZua9oJzDgSv8uPwz9Zht3BKRQzYvy6Xa2ReTkyLlsqqCpqkEfOMLiSIf1PKtPKOwLpUboyK0Lpbk4sweA2TqOGxUECNSdij4D0JVR7W04rUFO_vaYw9f3FilBihjI5xN-LKvqa0frHda8apeS9kiYw4fP_klspZEl0wO5VuE3RwWU1juF9Gj-S-vOvtCBLJoUySSg5C9HeRvlSFNnZ6wivc-a2EoyJRthMWRuFBGaZhGqZWzwg-wt0fPEjIHjNjZy419_fXvdryZoe0-RdImUTvUIUhqciNppAmGWFca-XowWYluKRe4zZrCs5hGoapLb-2DI_9Sw=s654-no\" alt=\"\u0110\u1ebf l\u00f3t ly silicon gi\u00e1 r\u1ebb\" width=\"654\" height=\"654\" title=\"\"><figcaption class=\"wp-caption-text\">\u0110\u1ebf l\u00f3t ly silicon gi\u00e1 r\u1ebb<\/figcaption><\/figure>\n<figure style=\"width: 654px\" class=\"wp-caption alignnone\"><img loading=\"lazy\" decoding=\"async\" class=\"size-full\" src=\"https:\/\/lh3.googleusercontent.com\/urKD1JeeYoWcH6O_XC40q1XLJNmvKbseEBm9e5WEWnVHydmnwyUY-05ic1_ugPYntsjwDy41SY9qXAQ8aL5vVedjbkHCEHzyhY6oeVnTZ80mAs36NB2yDvKy2gObtCFmMnBTsgK40Srkm-LKElBKBZ4xUS66rAX0RA0M1rgeZK0qjllP-gcNYkDDm94YS-rsfe6nEoQM7bvp1KKuQ_41SnjKWSKOWYzn_-24vCYKtA2-1_opfZpey0yLdUvv5xkv-jLN0zYjrPO8V-nN16Df1Un85or7NirplouUexpgWFmkBtSwfs95uCmeV5LgFPmqqfh7RsBkHPVHRDyYzWz87K_u9Qx8wmVjYoI6MUAoBCp4sioGmxClhN6dfnXyU-z088N5BO88h_rby6Vd2nivv0-7nM_xEESHkg28BbU4je68YSoA2NZ7PX-tbNxgbiDazSn30O52SG7nMHB9mJ8uUIUgZGuLrUL6h-D_GGTVH6-LUi4sr-foBkJGAl9hxCGG-DsVOuLv3Ui8_bcHToQUBZxN2iv3vR3y7s8v7ZkgCG4M8A7Fg8rGSmbF1_itUkssEey9Vb6bfltwo1ORoMh9_TH9ojMmuzeA8sxKuSk=s654-no\" alt=\"\u0110\u1ebf l\u00f3t ly silicon gi\u00e1 r\u1ebb\" width=\"654\" height=\"654\" title=\"\"><figcaption class=\"wp-caption-text\">\u0110\u1ebf l\u00f3t ly silicon gi\u00e1 r\u1ebb s\u1ea3n xu\u1ea5t theo y\u00eau c\u1ea7u<\/figcaption><\/figure>\n<p>&nbsp;<\/p>","protected":false},"excerpt":{"rendered":"<ul>\n<li>Custom Products<\/li>\n<li>Free designing<\/li>\n<li>Mi\u1ec5n ph\u00ed giao h\u00e0ng to\u00e0n qu\u1ed1c<\/li>\n<li>S\u1ea3n xu\u1ea5t nhanh, gi\u00e1 r\u1ebb<\/li>\n<\/ul>","protected":false},"featured_media":3510,"comment_status":"open","ping_status":"closed","template":"","meta":[],"product_brand":[],"product_cat":[393],"product_tag":[394,420,395],"class_list":{"0":"post-3509","1":"product","2":"type-product","3":"status-publish","4":"has-post-thumbnail","6":"product_cat-de-lot-ly","7":"product_tag-de-lot-ly","8":"product_tag-lot-ly","9":"product_tag-mieng-lot-ly","11":"first","12":"instock","13":"shipping-taxable","14":"product-type-simple"},"amp_enabled":true,"_links":{"self":[{"href":"https:\/\/quatang5sao.com\/en\/wp-json\/wp\/v2\/product\/3509","targetHints":{"allow":["GET"]}}],"collection":[{"href":"https:\/\/quatang5sao.com\/en\/wp-json\/wp\/v2\/product"}],"about":[{"href":"https:\/\/quatang5sao.com\/en\/wp-json\/wp\/v2\/types\/product"}],"replies":[{"embeddable":true,"href":"https:\/\/quatang5sao.com\/en\/wp-json\/wp\/v2\/comments?post=3509"}],"wp:featuredmedia":[{"embeddable":true,"href":"https:\/\/quatang5sao.com\/en\/wp-json\/wp\/v2\/media\/3510"}],"wp:attachment":[{"href":"https:\/\/quatang5sao.com\/en\/wp-json\/wp\/v2\/media?parent=3509"}],"wp:term":[{"taxonomy":"product_brand","embeddable":true,"href":"https:\/\/quatang5sao.com\/en\/wp-json\/wp\/v2\/product_brand?post=3509"},{"taxonomy":"product_cat","embeddable":true,"href":"https:\/\/quatang5sao.com\/en\/wp-json\/wp\/v2\/product_cat?post=3509"},{"taxonomy":"product_tag","embeddable":true,"href":"https:\/\/quatang5sao.com\/en\/wp-json\/wp\/v2\/product_tag?post=3509"}],"curies":[{"name":"wp","href":"https:\/\/api.w.org\/{rel}","templated":true}]}}